{"id":2220,"date":"2023-01-08T19:11:54","date_gmt":"2023-01-08T19:11:54","guid":{"rendered":"https:\/\/gooddealersmeds.com\/sl\/?post_type=product&#038;p=2220"},"modified":"2023-03-13T01:29:12","modified_gmt":"2023-03-13T01:29:12","slug":"gama-butirolakton-gbl-tekocina","status":"publish","type":"product","link":"https:\/\/gooddealersmeds.com\/sl\/product\/gama-butirolakton-gbl-tekocina\/","title":{"rendered":"Gama butirolakton (Gbl) teko\u010dina"},"content":{"rendered":"<h2>Kje kupiti GBL, Kupite gama butirolakton na spletu<\/h2>\n<p>Kupite gama butirolakton na spletu. Kje kupiti GBL,\u00a0 gama-butirolakton je bil najden v ekstraktih vzorcev neopore\u010denih vin. Ta ugotovitev ka\u017ee, da je\u00a0<a href=\"https:\/\/www.hiv-drogen.de\/\">GBL<\/a>\u00a0naravna sestavina v nekaterih vinih in je lahko prisoten v podobnih izdelkih. Zaznana koncentracija je bila pribli\u017eno 5 \u00b5g\/mL in je bila zlahka opa\u017eena z uporabo preproste ekstrakcijske tehnike, ki ji je sledila analiza GC\/MS. GBL je mogo\u010de najti v sirnih aromah, vendar obi\u010dajno povzro\u010di vsebnost 0,0002 % GBL v kon\u010dnem \u017eivilu.<\/p>\n<p>Gama butirolakton je kemikalija. Ljudje ga uporabljajo kot zdravilo. Pazite, da gama butirolaktona (GBL) ne zamenjate z gama hidroksibutiratom (GHB). Kljub resnim pomislekom glede varnosti in nezakonitosti ljudje jemljejo\u00a0gama butirolakton\u00a0za izbolj\u0161anje atletske uspe\u0161nosti, spanja ter spolne zmogljivosti in u\u017eitka. Kupite gama butirolakton na spletu,\u00a0raziskujte kemikalije na spletu v Evropi<\/p>\n<p>Na\u0161e prednosti. Kje naro\u010diti gama-butirolakton<\/p>\n<p>\u2013 Prodajamo visoko kakovostne izdelke najbolj\u0161ih proizvajalcev,<\/p>\n<p>&#8211; ponujeno blago je na voljo v skladi\u0161\u010du,<\/p>\n<p>&#8211; po\u0161iljke so zelo dobro zapakirane,<\/p>\n<p>-Po\u0161iljka se vedno realizira v ekspresnem tempu,<\/p>\n<p>-smo pravno delujo\u010de podjetje.<\/p>\n<p>-K kupljenemu blagu vedno prejmete ra\u010dun ali ra\u010dun.<\/p>\n<p>GoodDealersMeds ponuja najbolj\u0161i gama-butirolakton, Prodajamo izdelke dobre kakovosti Kje kupiti gama-butirolakton<\/p>\n<p>naro\u010dite gama-butirolakton v ZDA, naro\u010dite gama-butirolakton na Amazonu, naro\u010dite gama-butirolakton na spletu v ZDA, nakup \u010distila z gama-butirolaktonom v ZDA, kje naro\u010diti gama-butirolakton, \u010distilo z gama-butirolaktonom v ZDA, gama-butirolakton za prodajo na spletu, nakup gama-butirolaktona , naro\u010dite gama-butirolakton na spletu Avstralija, gama-butirolakton na spletu za prodajo, \u010darobno \u010distilo gama-butirolakton, naro\u010dite gama-butirolakton na spletu Indija, dobavitelji gama-butirolaktona, \u010distilo za gama-butirolakton amazon, najbolj\u0161e mesto za naro\u010danje gama-butirolaktona, gama-butirolakton naprodaj, gama butirolakton ebay, najbolj\u0161e mesto za naro\u010danje gama butirolaktona, izdelki gama butirolaktona, dobavitelji gama butirolaktona v Indiji, cena gama butirolaktona, \u010disti gama butirolakton naprodaj, dobavitelji gama butirolaktona, gama butirolakton ebay<br \/>\nkje kupiti gbl reddit, kje kupiti gbl v Kanadi, izdelki z gama-butirolaktonom, najbolj\u0161e mesto za nakup gbl v Veliki Britaniji, najbolj\u0161e mesto za nakup gbl, izdelki z gama-butirolaktonom v Avstraliji, izdelki z gama-butirolaktonom nz, nakup gama-butirolaktona, kako za ekstrakcijo gama-butirolaktona, dobavitelji gama-butirolaktona odstranjevalec barve za gama-butirolakton, \u010disti izdelki gbl avstralija, \u010distilni izdelki, ki vsebujejo gbl<b><\/b><b><\/b><\/p>\n<p>Opis<br \/>\nBrezbarvna teko\u010dina (kupljena v majhnih stekleni\u010dkah), barvne kapsule.<br \/>\nTerapevtska uporaba<br \/>\nAnestetik s sedativno kakovostjo. GHB se je uporabljal kot premedikacija za operacijo, v zadnjem \u010dasu pa so ga uporabljali pri zdravljenju motenj spanja.<br \/>\nOdtegnitev povzro\u010di vznemirjeno stanje, kot pri drugih vrstah pomirjeval<\/p>\n","protected":false},"excerpt":{"rendered":"<p>GBL visoke \u010distosti dobavljamo po vsem svetu. Kje kupiti GBL. Na\u0161a kakovost je najbolj\u0161a, kar jih lahko najdete, naro\u010dite GBL tukaj s hitrim po\u0161iljanjem.<\/p>\n","protected":false},"featured_media":2250,"comment_status":"open","ping_status":"closed","template":"","meta":{"inline_featured_image":false},"product_brand":[],"product_cat":[344],"product_tag":[],"class_list":{"0":"post-2220","1":"product","2":"type-product","3":"status-publish","4":"has-post-thumbnail","6":"product_cat-raziskave-kemikalije","8":"first","9":"instock","10":"shipping-taxable","11":"purchasable","12":"product-type-variable","13":"has-default-attributes"},"yoast_head":"<!-- This site is optimized with the Yoast SEO Premium plugin v20.6 (Yoast SEO v27.3) - https:\/\/yoast.com\/product\/yoast-seo-premium-wordpress\/ -->\n<title>Kje kupiti GBL | GBL naprodaj | Naro\u010dite GBL na spletu | Nakup GBL.<\/title>\n<meta name=\"description\" content=\"GBL visoke \u010distosti dobavljamo po vsem svetu. Kje kupiti GBL. Na\u0161a kakovost je najbolj\u0161a, kar jih lahko najdete, naro\u010dite GBL tukaj s hitrim po\u0161iljanjem.\" \/>\n<meta name=\"robots\" content=\"index, follow, max-snippet:-1, max-image-preview:large, max-video-preview:-1\" \/>\n<link rel=\"canonical\" href=\"https:\/\/gooddealersmeds.com\/sl\/product\/gama-butirolakton-gbl-tekocina\/\" \/>\n<meta property=\"og:locale\" content=\"en_US\" \/>\n<meta property=\"og:type\" content=\"article\" \/>\n<meta property=\"og:title\" content=\"Gama butirolakton (Gbl) teko\u010dina\" \/>\n<meta property=\"og:description\" content=\"GBL visoke \u010distosti dobavljamo po vsem svetu. Kje kupiti GBL. Na\u0161a kakovost je najbolj\u0161a, kar jih lahko najdete, naro\u010dite GBL tukaj s hitrim po\u0161iljanjem.\" \/>\n<meta property=\"og:url\" content=\"https:\/\/gooddealersmeds.com\/sl\/product\/gama-butirolakton-gbl-tekocina\/\" \/>\n<meta property=\"og:site_name\" content=\"Good Dealers Meds\" \/>\n<meta property=\"article:modified_time\" content=\"2023-03-13T01:29:12+00:00\" \/>\n<meta property=\"og:image\" content=\"https:\/\/gooddealersmeds.com\/sl\/wp-content\/uploads\/sites\/10\/2023\/01\/ht.jpg\" \/>\n\t<meta property=\"og:image:width\" content=\"600\" \/>\n\t<meta property=\"og:image:height\" content=\"600\" \/>\n\t<meta property=\"og:image:type\" content=\"image\/jpeg\" \/>\n<meta name=\"twitter:card\" content=\"summary_large_image\" \/>\n<meta name=\"twitter:label1\" content=\"Est. reading time\" \/>\n\t<meta name=\"twitter:data1\" content=\"2 minutes\" \/>\n<script type=\"application\/ld+json\" class=\"yoast-schema-graph\">{\"@context\":\"https:\\\/\\\/schema.org\",\"@graph\":[{\"@type\":\"WebPage\",\"@id\":\"https:\\\/\\\/gooddealersmeds.com\\\/sl\\\/product\\\/gama-butirolakton-gbl-tekocina\\\/\",\"url\":\"https:\\\/\\\/gooddealersmeds.com\\\/sl\\\/product\\\/gama-butirolakton-gbl-tekocina\\\/\",\"name\":\"Kje kupiti GBL | GBL naprodaj | Naro\u010dite GBL na spletu | Nakup GBL.\",\"isPartOf\":{\"@id\":\"https:\\\/\\\/gooddealersmeds.com\\\/sl\\\/#website\"},\"primaryImageOfPage\":{\"@id\":\"https:\\\/\\\/gooddealersmeds.com\\\/sl\\\/product\\\/gama-butirolakton-gbl-tekocina\\\/#primaryimage\"},\"image\":{\"@id\":\"https:\\\/\\\/gooddealersmeds.com\\\/sl\\\/product\\\/gama-butirolakton-gbl-tekocina\\\/#primaryimage\"},\"thumbnailUrl\":\"https:\\\/\\\/gooddealersmeds.com\\\/sl\\\/wp-content\\\/uploads\\\/sites\\\/10\\\/2023\\\/01\\\/ht.jpg\",\"datePublished\":\"2023-01-08T19:11:54+00:00\",\"dateModified\":\"2023-03-13T01:29:12+00:00\",\"description\":\"GBL visoke \u010distosti dobavljamo po vsem svetu. Kje kupiti GBL. Na\u0161a kakovost je najbolj\u0161a, kar jih lahko najdete, naro\u010dite GBL tukaj s hitrim po\u0161iljanjem.\",\"breadcrumb\":{\"@id\":\"https:\\\/\\\/gooddealersmeds.com\\\/sl\\\/product\\\/gama-butirolakton-gbl-tekocina\\\/#breadcrumb\"},\"inLanguage\":\"en-US\",\"potentialAction\":[{\"@type\":\"ReadAction\",\"target\":[\"https:\\\/\\\/gooddealersmeds.com\\\/sl\\\/product\\\/gama-butirolakton-gbl-tekocina\\\/\"]}]},{\"@type\":\"ImageObject\",\"inLanguage\":\"en-US\",\"@id\":\"https:\\\/\\\/gooddealersmeds.com\\\/sl\\\/product\\\/gama-butirolakton-gbl-tekocina\\\/#primaryimage\",\"url\":\"https:\\\/\\\/gooddealersmeds.com\\\/sl\\\/wp-content\\\/uploads\\\/sites\\\/10\\\/2023\\\/01\\\/ht.jpg\",\"contentUrl\":\"https:\\\/\\\/gooddealersmeds.com\\\/sl\\\/wp-content\\\/uploads\\\/sites\\\/10\\\/2023\\\/01\\\/ht.jpg\",\"width\":600,\"height\":600},{\"@type\":\"BreadcrumbList\",\"@id\":\"https:\\\/\\\/gooddealersmeds.com\\\/sl\\\/product\\\/gama-butirolakton-gbl-tekocina\\\/#breadcrumb\",\"itemListElement\":[{\"@type\":\"ListItem\",\"position\":1,\"name\":\"Home\",\"item\":\"https:\\\/\\\/gooddealersmeds.com\\\/sl\\\/\"},{\"@type\":\"ListItem\",\"position\":2,\"name\":\"Izdelki\",\"item\":\"https:\\\/\\\/gooddealersmeds.com\\\/sl\\\/izdelki\\\/\"},{\"@type\":\"ListItem\",\"position\":3,\"name\":\"Gama butirolakton (Gbl) teko\u010dina\"}]},{\"@type\":\"WebSite\",\"@id\":\"https:\\\/\\\/gooddealersmeds.com\\\/sl\\\/#website\",\"url\":\"https:\\\/\\\/gooddealersmeds.com\\\/sl\\\/\",\"name\":\"Good Dealers Meds\",\"description\":\"All our best\",\"publisher\":{\"@id\":\"https:\\\/\\\/gooddealersmeds.com\\\/sl\\\/#organization\"},\"potentialAction\":[{\"@type\":\"SearchAction\",\"target\":{\"@type\":\"EntryPoint\",\"urlTemplate\":\"https:\\\/\\\/gooddealersmeds.com\\\/sl\\\/?s={search_term_string}\"},\"query-input\":{\"@type\":\"PropertyValueSpecification\",\"valueRequired\":true,\"valueName\":\"search_term_string\"}}],\"inLanguage\":\"en-US\"},{\"@type\":\"Organization\",\"@id\":\"https:\\\/\\\/gooddealersmeds.com\\\/sl\\\/#organization\",\"name\":\"Good Dealers Meds\",\"url\":\"https:\\\/\\\/gooddealersmeds.com\\\/sl\\\/\",\"logo\":{\"@type\":\"ImageObject\",\"inLanguage\":\"en-US\",\"@id\":\"https:\\\/\\\/gooddealersmeds.com\\\/sl\\\/#\\\/schema\\\/logo\\\/image\\\/\",\"url\":\"https:\\\/\\\/gooddealersmeds.com\\\/sl\\\/wp-content\\\/uploads\\\/sites\\\/10\\\/2022\\\/03\\\/gooddealersmeds__logo__20220317T222800Z.00.png\",\"contentUrl\":\"https:\\\/\\\/gooddealersmeds.com\\\/sl\\\/wp-content\\\/uploads\\\/sites\\\/10\\\/2022\\\/03\\\/gooddealersmeds__logo__20220317T222800Z.00.png\",\"width\":500,\"height\":325,\"caption\":\"Good Dealers Meds\"},\"image\":{\"@id\":\"https:\\\/\\\/gooddealersmeds.com\\\/sl\\\/#\\\/schema\\\/logo\\\/image\\\/\"}}]}<\/script>\n<!-- \/ Yoast SEO Premium plugin. -->","yoast_head_json":{"title":"Kje kupiti GBL | GBL naprodaj | Naro\u010dite GBL na spletu | Nakup GBL.","description":"GBL visoke \u010distosti dobavljamo po vsem svetu. Kje kupiti GBL. Na\u0161a kakovost je najbolj\u0161a, kar jih lahko najdete, naro\u010dite GBL tukaj s hitrim po\u0161iljanjem.","robots":{"index":"index","follow":"follow","max-snippet":"max-snippet:-1","max-image-preview":"max-image-preview:large","max-video-preview":"max-video-preview:-1"},"canonical":"https:\/\/gooddealersmeds.com\/sl\/product\/gama-butirolakton-gbl-tekocina\/","og_locale":"en_US","og_type":"article","og_title":"Gama butirolakton (Gbl) teko\u010dina","og_description":"GBL visoke \u010distosti dobavljamo po vsem svetu. Kje kupiti GBL. Na\u0161a kakovost je najbolj\u0161a, kar jih lahko najdete, naro\u010dite GBL tukaj s hitrim po\u0161iljanjem.","og_url":"https:\/\/gooddealersmeds.com\/sl\/product\/gama-butirolakton-gbl-tekocina\/","og_site_name":"Good Dealers Meds","article_modified_time":"2023-03-13T01:29:12+00:00","og_image":[{"width":600,"height":600,"url":"https:\/\/gooddealersmeds.com\/sl\/wp-content\/uploads\/sites\/10\/2023\/01\/ht.jpg","type":"image\/jpeg"}],"twitter_card":"summary_large_image","twitter_misc":{"Est. reading time":"2 minutes"},"schema":{"@context":"https:\/\/schema.org","@graph":[{"@type":"WebPage","@id":"https:\/\/gooddealersmeds.com\/sl\/product\/gama-butirolakton-gbl-tekocina\/","url":"https:\/\/gooddealersmeds.com\/sl\/product\/gama-butirolakton-gbl-tekocina\/","name":"Kje kupiti GBL | GBL naprodaj | Naro\u010dite GBL na spletu | Nakup GBL.","isPartOf":{"@id":"https:\/\/gooddealersmeds.com\/sl\/#website"},"primaryImageOfPage":{"@id":"https:\/\/gooddealersmeds.com\/sl\/product\/gama-butirolakton-gbl-tekocina\/#primaryimage"},"image":{"@id":"https:\/\/gooddealersmeds.com\/sl\/product\/gama-butirolakton-gbl-tekocina\/#primaryimage"},"thumbnailUrl":"https:\/\/gooddealersmeds.com\/sl\/wp-content\/uploads\/sites\/10\/2023\/01\/ht.jpg","datePublished":"2023-01-08T19:11:54+00:00","dateModified":"2023-03-13T01:29:12+00:00","description":"GBL visoke \u010distosti dobavljamo po vsem svetu. Kje kupiti GBL. Na\u0161a kakovost je najbolj\u0161a, kar jih lahko najdete, naro\u010dite GBL tukaj s hitrim po\u0161iljanjem.","breadcrumb":{"@id":"https:\/\/gooddealersmeds.com\/sl\/product\/gama-butirolakton-gbl-tekocina\/#breadcrumb"},"inLanguage":"en-US","potentialAction":[{"@type":"ReadAction","target":["https:\/\/gooddealersmeds.com\/sl\/product\/gama-butirolakton-gbl-tekocina\/"]}]},{"@type":"ImageObject","inLanguage":"en-US","@id":"https:\/\/gooddealersmeds.com\/sl\/product\/gama-butirolakton-gbl-tekocina\/#primaryimage","url":"https:\/\/gooddealersmeds.com\/sl\/wp-content\/uploads\/sites\/10\/2023\/01\/ht.jpg","contentUrl":"https:\/\/gooddealersmeds.com\/sl\/wp-content\/uploads\/sites\/10\/2023\/01\/ht.jpg","width":600,"height":600},{"@type":"BreadcrumbList","@id":"https:\/\/gooddealersmeds.com\/sl\/product\/gama-butirolakton-gbl-tekocina\/#breadcrumb","itemListElement":[{"@type":"ListItem","position":1,"name":"Home","item":"https:\/\/gooddealersmeds.com\/sl\/"},{"@type":"ListItem","position":2,"name":"Izdelki","item":"https:\/\/gooddealersmeds.com\/sl\/izdelki\/"},{"@type":"ListItem","position":3,"name":"Gama butirolakton (Gbl) teko\u010dina"}]},{"@type":"WebSite","@id":"https:\/\/gooddealersmeds.com\/sl\/#website","url":"https:\/\/gooddealersmeds.com\/sl\/","name":"Good Dealers Meds","description":"All our best","publisher":{"@id":"https:\/\/gooddealersmeds.com\/sl\/#organization"},"potentialAction":[{"@type":"SearchAction","target":{"@type":"EntryPoint","urlTemplate":"https:\/\/gooddealersmeds.com\/sl\/?s={search_term_string}"},"query-input":{"@type":"PropertyValueSpecification","valueRequired":true,"valueName":"search_term_string"}}],"inLanguage":"en-US"},{"@type":"Organization","@id":"https:\/\/gooddealersmeds.com\/sl\/#organization","name":"Good Dealers Meds","url":"https:\/\/gooddealersmeds.com\/sl\/","logo":{"@type":"ImageObject","inLanguage":"en-US","@id":"https:\/\/gooddealersmeds.com\/sl\/#\/schema\/logo\/image\/","url":"https:\/\/gooddealersmeds.com\/sl\/wp-content\/uploads\/sites\/10\/2022\/03\/gooddealersmeds__logo__20220317T222800Z.00.png","contentUrl":"https:\/\/gooddealersmeds.com\/sl\/wp-content\/uploads\/sites\/10\/2022\/03\/gooddealersmeds__logo__20220317T222800Z.00.png","width":500,"height":325,"caption":"Good Dealers Meds"},"image":{"@id":"https:\/\/gooddealersmeds.com\/sl\/#\/schema\/logo\/image\/"}}]}},"_links":{"self":[{"href":"https:\/\/gooddealersmeds.com\/sl\/wp-json\/wp\/v2\/product\/2220","targetHints":{"allow":["GET"]}}],"collection":[{"href":"https:\/\/gooddealersmeds.com\/sl\/wp-json\/wp\/v2\/product"}],"about":[{"href":"https:\/\/gooddealersmeds.com\/sl\/wp-json\/wp\/v2\/types\/product"}],"replies":[{"embeddable":true,"href":"https:\/\/gooddealersmeds.com\/sl\/wp-json\/wp\/v2\/comments?post=2220"}],"wp:featuredmedia":[{"embeddable":true,"href":"https:\/\/gooddealersmeds.com\/sl\/wp-json\/wp\/v2\/media\/2250"}],"wp:attachment":[{"href":"https:\/\/gooddealersmeds.com\/sl\/wp-json\/wp\/v2\/media?parent=2220"}],"wp:term":[{"taxonomy":"product_brand","embeddable":true,"href":"https:\/\/gooddealersmeds.com\/sl\/wp-json\/wp\/v2\/product_brand?post=2220"},{"taxonomy":"product_cat","embeddable":true,"href":"https:\/\/gooddealersmeds.com\/sl\/wp-json\/wp\/v2\/product_cat?post=2220"},{"taxonomy":"product_tag","embeddable":true,"href":"https:\/\/gooddealersmeds.com\/sl\/wp-json\/wp\/v2\/product_tag?post=2220"}],"curies":[{"name":"wp","href":"https:\/\/api.w.org\/{rel}","templated":true}]}}