{"id":2219,"date":"2023-01-08T19:11:54","date_gmt":"2023-01-08T19:11:54","guid":{"rendered":"https:\/\/gooddealersmeds.com\/sl\/?post_type=product&#038;p=2219"},"modified":"2023-03-13T01:32:38","modified_gmt":"2023-03-13T01:32:38","slug":"narocite-apaan-alfa-fenilacetoacetonitril-na-spletu","status":"publish","type":"product","link":"https:\/\/gooddealersmeds.com\/sl\/product\/narocite-apaan-alfa-fenilacetoacetonitril-na-spletu\/","title":{"rendered":"Naro\u010dite APAAN (alfa-fenilacetoacetonitril) na spletu"},"content":{"rendered":"<h2>Kupite APAAN (alfa-fenilacetoacetonitril) na spletu \u2013 Naro\u010dite APAAN na spletu<\/h2>\n<p>Naro\u010dite APAAN na spletu. APAAN (imenovan tudi: apan) ali alfa-fenilacetoacetonitril (angle\u0161ko: alpha-Phenylacetoacetonitrile) je organska spojina, ki se uporablja v proizvodnji ve\u010d farmacevtskih izdelkov. APAAN vsebuje nitrilno skupino in benzenov obro\u010d (fenilna skupina).<\/p>\n<p>Snov slu\u017ei kot prekurzor zdravila za proizvodnjo snovi fenilaceton (znan tudi kot BMK = benzil metil keton) in se uporablja za proizvodnjo po\u017eivila metamfetamina in amfetamina. Obstajajo tudi drugi na\u010dini za izdelavo metamfetamina. Zlasti ameri\u0161ko zunanje ministrstvo navaja Nizozemsko kot kraj, kjer se uporablja APAAN. [1] Evropski center za spremljanje drog in zasvojenosti z drogami (EMCDDA) posebej omenja Poljsko. Kupite APAAN (<a href=\"https:\/\/nl.wikipedia.org\/wiki\/APAAN\">alfa-fenilacetoacetonitril<\/a>) na spletu<\/p>\n<p>&nbsp;<\/p>\n<p>Ponavadi ni nikoli te\u017eko najti ni\u010desar, kar je na voljo za nakup. Problem nastane pri nakupu te stvari. Kar zadeva APAAN, je zunaj toliko prodajalcev, ki vam bodo obljubili, da vam bodo izdelek prodali po zelo ugodni ceni. Vendar morate upo\u0161tevati, da je APAAN v ve\u010dini dr\u017eav nadzorovana snov in ni mo\u017enosti, da bi bil tako lahko dostopen. Pri prodaji APAAN je vklju\u010denih preve\u010d tveganj in to so lahko goljufi, ki vas posku\u0161ajo ogoljufati za va\u0161 te\u017eko prislu\u017een denar.<\/p>\n<h3>Kje torej dobite APAAN za prodajo?<\/h3>\n<p>Eden preprostih na\u010dinov pridobitve APAAN je, da to storite v spletni trgovini. Ker spletno poslovanje \u0161e naprej raste, je la\u017eje dobiti celo nadzorovane snovi. Vse kar morate storiti je, da poi\u0161\u010dete dobro spletno podjetje, ki bo diskretno dostavilo va\u0161 izdelek. Mi smo eno takih podjetij.<\/p>\n<p>APAAN in druge sorodne snovi prodajamo po zelo ugodni ceni. Po dalj\u0161em poslovanju natan\u010dno vemo, kaj vse na\u0161e stranke \u017eelijo in zaslu\u017eijo. Pri nas gre za kakovostne storitve in izdelke. Vsaki\u010d, ko kupujete pri nas, boste dobili najbolj\u0161e.<\/p>\n<p>Pri dobavah skrbimo, da so diskretne in \u010dim hitrej\u0161e. Va\u0161 paket je odposlan v 24 urah po prejemu va\u0161ega pla\u010dila in ga po\u0161ljemo s hitro dostavo, tako da boste paket prejeli v manj kot petih dneh po tem, ko smo ga poslali. Prav tako prejmete e-po\u0161tno sporo\u010dilo s \u0161tevilko za sledenje va\u0161ega paketa. Izvajamo tudi vra\u010dila za pakete, ki bi se lahko izgubili na poti ali se pokvarijo. Vendar pa lahko zagotovimo, da je teh primerov zelo malo, saj se vsak dan trudimo, da vam ponudimo samo kakovostne storitve, ki si jih zaslu\u017eite. Ko gre za stro\u0161ke po\u0161iljanja, bodo vklju\u010devali stro\u0161ke pakiranja in ravnanja ter stro\u0161ke po\u0161tnine. Upo\u0161tevajte, da bo va\u0161 stro\u0161ek po\u0161iljanja odvisen od koli\u010dine, ki ste jo naro\u010dili, in destinacije va\u0161ega paketa.<\/p>\n<p>Poskrbimo tudi za va\u0161o varnost. Po\u0161iljamo diskretno in neposredno, da zagotovimo, da va\u0161 paket ne pride v stik z nikomer. Investirali smo tudi v najnovej\u0161o tehnologijo \u0161ifriranja za za\u0161\u010dito va\u0161ih osebnih in finan\u010dnih podatkov pred vsemi hekerji.<\/p>\n","protected":false},"excerpt":{"rendered":"<p>Naro\u010dite APAAN prek spleta, smo zanesljiv in zaupanja vreden dobavitelj APAAN s hitro dostavo, 100 % zagotovljeno &amp; zaupanja vreden. Kupite poceni APAAN na spletu.<\/p>\n","protected":false},"featured_media":2249,"comment_status":"open","ping_status":"closed","template":"","meta":{"inline_featured_image":false},"product_brand":[],"product_cat":[344],"product_tag":[642,647,645,646,643,644],"class_list":{"0":"post-2219","1":"product","2":"type-product","3":"status-publish","4":"has-post-thumbnail","6":"product_cat-raziskave-kemikalije","7":"product_tag-alfa-fenilacetoacetonitril-cena-v-razsutem-stanju","8":"product_tag-kje-kupiti-apaan-na-spletu","9":"product_tag-kupite-apaan-na-spletu","10":"product_tag-narocite-apaan-po-ugodnih-cenah","11":"product_tag-proizvajalci-apaan-na-spletu","12":"product_tag-spletna-prodaja-apaan-na-spletu","14":"first","15":"instock","16":"shipping-taxable","17":"purchasable","18":"product-type-variable","19":"has-default-attributes"},"yoast_head":"<!-- This site is optimized with the Yoast SEO Premium plugin v20.6 (Yoast SEO v27.3) - https:\/\/yoast.com\/product\/yoast-seo-premium-wordpress\/ -->\n<title>Naro\u010dite APAAN na spletu | APAAN naprodaj | Kupi poceni APAAN<\/title>\n<meta name=\"description\" content=\"Naro\u010dite APAAN na spletu, smo zanesljiv in zaupanja vreden dobavitelj APAAN s hitro dostavo, 100 % zajam\u010deno in zaupanja vredno. Kupite poceni APAAN na spletu.\" \/>\n<meta name=\"robots\" content=\"index, follow, max-snippet:-1, max-image-preview:large, max-video-preview:-1\" \/>\n<link rel=\"canonical\" href=\"https:\/\/gooddealersmeds.com\/sl\/product\/narocite-apaan-alfa-fenilacetoacetonitril-na-spletu\/\" \/>\n<meta property=\"og:locale\" content=\"en_US\" \/>\n<meta property=\"og:type\" content=\"article\" \/>\n<meta property=\"og:title\" content=\"Naro\u010dite APAAN (alfa-fenilacetoacetonitril) na spletu\" \/>\n<meta property=\"og:description\" content=\"Naro\u010dite APAAN na spletu, smo zanesljiv in zaupanja vreden dobavitelj APAAN s hitro dostavo, 100 % zajam\u010deno in zaupanja vredno. Kupite poceni APAAN na spletu.\" \/>\n<meta property=\"og:url\" content=\"https:\/\/gooddealersmeds.com\/sl\/product\/narocite-apaan-alfa-fenilacetoacetonitril-na-spletu\/\" \/>\n<meta property=\"og:site_name\" content=\"Good Dealers Meds\" \/>\n<meta property=\"article:modified_time\" content=\"2023-03-13T01:32:38+00:00\" \/>\n<meta property=\"og:image\" content=\"https:\/\/gooddealersmeds.com\/sl\/wp-content\/uploads\/sites\/10\/2023\/01\/apaan.jpg\" \/>\n\t<meta property=\"og:image:width\" content=\"600\" \/>\n\t<meta property=\"og:image:height\" content=\"600\" \/>\n\t<meta property=\"og:image:type\" content=\"image\/jpeg\" \/>\n<meta name=\"twitter:card\" content=\"summary_large_image\" \/>\n<meta name=\"twitter:label1\" content=\"Est. reading time\" \/>\n\t<meta name=\"twitter:data1\" content=\"2 minutes\" \/>\n<script type=\"application\/ld+json\" class=\"yoast-schema-graph\">{\"@context\":\"https:\\\/\\\/schema.org\",\"@graph\":[{\"@type\":\"WebPage\",\"@id\":\"https:\\\/\\\/gooddealersmeds.com\\\/sl\\\/product\\\/narocite-apaan-alfa-fenilacetoacetonitril-na-spletu\\\/\",\"url\":\"https:\\\/\\\/gooddealersmeds.com\\\/sl\\\/product\\\/narocite-apaan-alfa-fenilacetoacetonitril-na-spletu\\\/\",\"name\":\"Naro\u010dite APAAN na spletu | APAAN naprodaj | Kupi poceni APAAN\",\"isPartOf\":{\"@id\":\"https:\\\/\\\/gooddealersmeds.com\\\/sl\\\/#website\"},\"primaryImageOfPage\":{\"@id\":\"https:\\\/\\\/gooddealersmeds.com\\\/sl\\\/product\\\/narocite-apaan-alfa-fenilacetoacetonitril-na-spletu\\\/#primaryimage\"},\"image\":{\"@id\":\"https:\\\/\\\/gooddealersmeds.com\\\/sl\\\/product\\\/narocite-apaan-alfa-fenilacetoacetonitril-na-spletu\\\/#primaryimage\"},\"thumbnailUrl\":\"https:\\\/\\\/gooddealersmeds.com\\\/sl\\\/wp-content\\\/uploads\\\/sites\\\/10\\\/2023\\\/01\\\/apaan.jpg\",\"datePublished\":\"2023-01-08T19:11:54+00:00\",\"dateModified\":\"2023-03-13T01:32:38+00:00\",\"description\":\"Naro\u010dite APAAN na spletu, smo zanesljiv in zaupanja vreden dobavitelj APAAN s hitro dostavo, 100 % zajam\u010deno in zaupanja vredno. Kupite poceni APAAN na spletu.\",\"breadcrumb\":{\"@id\":\"https:\\\/\\\/gooddealersmeds.com\\\/sl\\\/product\\\/narocite-apaan-alfa-fenilacetoacetonitril-na-spletu\\\/#breadcrumb\"},\"inLanguage\":\"en-US\",\"potentialAction\":[{\"@type\":\"ReadAction\",\"target\":[\"https:\\\/\\\/gooddealersmeds.com\\\/sl\\\/product\\\/narocite-apaan-alfa-fenilacetoacetonitril-na-spletu\\\/\"]}]},{\"@type\":\"ImageObject\",\"inLanguage\":\"en-US\",\"@id\":\"https:\\\/\\\/gooddealersmeds.com\\\/sl\\\/product\\\/narocite-apaan-alfa-fenilacetoacetonitril-na-spletu\\\/#primaryimage\",\"url\":\"https:\\\/\\\/gooddealersmeds.com\\\/sl\\\/wp-content\\\/uploads\\\/sites\\\/10\\\/2023\\\/01\\\/apaan.jpg\",\"contentUrl\":\"https:\\\/\\\/gooddealersmeds.com\\\/sl\\\/wp-content\\\/uploads\\\/sites\\\/10\\\/2023\\\/01\\\/apaan.jpg\",\"width\":600,\"height\":600},{\"@type\":\"BreadcrumbList\",\"@id\":\"https:\\\/\\\/gooddealersmeds.com\\\/sl\\\/product\\\/narocite-apaan-alfa-fenilacetoacetonitril-na-spletu\\\/#breadcrumb\",\"itemListElement\":[{\"@type\":\"ListItem\",\"position\":1,\"name\":\"Home\",\"item\":\"https:\\\/\\\/gooddealersmeds.com\\\/sl\\\/\"},{\"@type\":\"ListItem\",\"position\":2,\"name\":\"Izdelki\",\"item\":\"https:\\\/\\\/gooddealersmeds.com\\\/sl\\\/izdelki\\\/\"},{\"@type\":\"ListItem\",\"position\":3,\"name\":\"Naro\u010dite APAAN (alfa-fenilacetoacetonitril) na spletu\"}]},{\"@type\":\"WebSite\",\"@id\":\"https:\\\/\\\/gooddealersmeds.com\\\/sl\\\/#website\",\"url\":\"https:\\\/\\\/gooddealersmeds.com\\\/sl\\\/\",\"name\":\"Good Dealers Meds\",\"description\":\"All our best\",\"publisher\":{\"@id\":\"https:\\\/\\\/gooddealersmeds.com\\\/sl\\\/#organization\"},\"potentialAction\":[{\"@type\":\"SearchAction\",\"target\":{\"@type\":\"EntryPoint\",\"urlTemplate\":\"https:\\\/\\\/gooddealersmeds.com\\\/sl\\\/?s={search_term_string}\"},\"query-input\":{\"@type\":\"PropertyValueSpecification\",\"valueRequired\":true,\"valueName\":\"search_term_string\"}}],\"inLanguage\":\"en-US\"},{\"@type\":\"Organization\",\"@id\":\"https:\\\/\\\/gooddealersmeds.com\\\/sl\\\/#organization\",\"name\":\"Good Dealers Meds\",\"url\":\"https:\\\/\\\/gooddealersmeds.com\\\/sl\\\/\",\"logo\":{\"@type\":\"ImageObject\",\"inLanguage\":\"en-US\",\"@id\":\"https:\\\/\\\/gooddealersmeds.com\\\/sl\\\/#\\\/schema\\\/logo\\\/image\\\/\",\"url\":\"https:\\\/\\\/gooddealersmeds.com\\\/sl\\\/wp-content\\\/uploads\\\/sites\\\/10\\\/2022\\\/03\\\/gooddealersmeds__logo__20220317T222800Z.00.png\",\"contentUrl\":\"https:\\\/\\\/gooddealersmeds.com\\\/sl\\\/wp-content\\\/uploads\\\/sites\\\/10\\\/2022\\\/03\\\/gooddealersmeds__logo__20220317T222800Z.00.png\",\"width\":500,\"height\":325,\"caption\":\"Good Dealers Meds\"},\"image\":{\"@id\":\"https:\\\/\\\/gooddealersmeds.com\\\/sl\\\/#\\\/schema\\\/logo\\\/image\\\/\"}}]}<\/script>\n<!-- \/ Yoast SEO Premium plugin. -->","yoast_head_json":{"title":"Naro\u010dite APAAN na spletu | APAAN naprodaj | Kupi poceni APAAN","description":"Naro\u010dite APAAN na spletu, smo zanesljiv in zaupanja vreden dobavitelj APAAN s hitro dostavo, 100 % zajam\u010deno in zaupanja vredno. Kupite poceni APAAN na spletu.","robots":{"index":"index","follow":"follow","max-snippet":"max-snippet:-1","max-image-preview":"max-image-preview:large","max-video-preview":"max-video-preview:-1"},"canonical":"https:\/\/gooddealersmeds.com\/sl\/product\/narocite-apaan-alfa-fenilacetoacetonitril-na-spletu\/","og_locale":"en_US","og_type":"article","og_title":"Naro\u010dite APAAN (alfa-fenilacetoacetonitril) na spletu","og_description":"Naro\u010dite APAAN na spletu, smo zanesljiv in zaupanja vreden dobavitelj APAAN s hitro dostavo, 100 % zajam\u010deno in zaupanja vredno. Kupite poceni APAAN na spletu.","og_url":"https:\/\/gooddealersmeds.com\/sl\/product\/narocite-apaan-alfa-fenilacetoacetonitril-na-spletu\/","og_site_name":"Good Dealers Meds","article_modified_time":"2023-03-13T01:32:38+00:00","og_image":[{"width":600,"height":600,"url":"https:\/\/gooddealersmeds.com\/sl\/wp-content\/uploads\/sites\/10\/2023\/01\/apaan.jpg","type":"image\/jpeg"}],"twitter_card":"summary_large_image","twitter_misc":{"Est. reading time":"2 minutes"},"schema":{"@context":"https:\/\/schema.org","@graph":[{"@type":"WebPage","@id":"https:\/\/gooddealersmeds.com\/sl\/product\/narocite-apaan-alfa-fenilacetoacetonitril-na-spletu\/","url":"https:\/\/gooddealersmeds.com\/sl\/product\/narocite-apaan-alfa-fenilacetoacetonitril-na-spletu\/","name":"Naro\u010dite APAAN na spletu | APAAN naprodaj | Kupi poceni APAAN","isPartOf":{"@id":"https:\/\/gooddealersmeds.com\/sl\/#website"},"primaryImageOfPage":{"@id":"https:\/\/gooddealersmeds.com\/sl\/product\/narocite-apaan-alfa-fenilacetoacetonitril-na-spletu\/#primaryimage"},"image":{"@id":"https:\/\/gooddealersmeds.com\/sl\/product\/narocite-apaan-alfa-fenilacetoacetonitril-na-spletu\/#primaryimage"},"thumbnailUrl":"https:\/\/gooddealersmeds.com\/sl\/wp-content\/uploads\/sites\/10\/2023\/01\/apaan.jpg","datePublished":"2023-01-08T19:11:54+00:00","dateModified":"2023-03-13T01:32:38+00:00","description":"Naro\u010dite APAAN na spletu, smo zanesljiv in zaupanja vreden dobavitelj APAAN s hitro dostavo, 100 % zajam\u010deno in zaupanja vredno. Kupite poceni APAAN na spletu.","breadcrumb":{"@id":"https:\/\/gooddealersmeds.com\/sl\/product\/narocite-apaan-alfa-fenilacetoacetonitril-na-spletu\/#breadcrumb"},"inLanguage":"en-US","potentialAction":[{"@type":"ReadAction","target":["https:\/\/gooddealersmeds.com\/sl\/product\/narocite-apaan-alfa-fenilacetoacetonitril-na-spletu\/"]}]},{"@type":"ImageObject","inLanguage":"en-US","@id":"https:\/\/gooddealersmeds.com\/sl\/product\/narocite-apaan-alfa-fenilacetoacetonitril-na-spletu\/#primaryimage","url":"https:\/\/gooddealersmeds.com\/sl\/wp-content\/uploads\/sites\/10\/2023\/01\/apaan.jpg","contentUrl":"https:\/\/gooddealersmeds.com\/sl\/wp-content\/uploads\/sites\/10\/2023\/01\/apaan.jpg","width":600,"height":600},{"@type":"BreadcrumbList","@id":"https:\/\/gooddealersmeds.com\/sl\/product\/narocite-apaan-alfa-fenilacetoacetonitril-na-spletu\/#breadcrumb","itemListElement":[{"@type":"ListItem","position":1,"name":"Home","item":"https:\/\/gooddealersmeds.com\/sl\/"},{"@type":"ListItem","position":2,"name":"Izdelki","item":"https:\/\/gooddealersmeds.com\/sl\/izdelki\/"},{"@type":"ListItem","position":3,"name":"Naro\u010dite APAAN (alfa-fenilacetoacetonitril) na spletu"}]},{"@type":"WebSite","@id":"https:\/\/gooddealersmeds.com\/sl\/#website","url":"https:\/\/gooddealersmeds.com\/sl\/","name":"Good Dealers Meds","description":"All our best","publisher":{"@id":"https:\/\/gooddealersmeds.com\/sl\/#organization"},"potentialAction":[{"@type":"SearchAction","target":{"@type":"EntryPoint","urlTemplate":"https:\/\/gooddealersmeds.com\/sl\/?s={search_term_string}"},"query-input":{"@type":"PropertyValueSpecification","valueRequired":true,"valueName":"search_term_string"}}],"inLanguage":"en-US"},{"@type":"Organization","@id":"https:\/\/gooddealersmeds.com\/sl\/#organization","name":"Good Dealers Meds","url":"https:\/\/gooddealersmeds.com\/sl\/","logo":{"@type":"ImageObject","inLanguage":"en-US","@id":"https:\/\/gooddealersmeds.com\/sl\/#\/schema\/logo\/image\/","url":"https:\/\/gooddealersmeds.com\/sl\/wp-content\/uploads\/sites\/10\/2022\/03\/gooddealersmeds__logo__20220317T222800Z.00.png","contentUrl":"https:\/\/gooddealersmeds.com\/sl\/wp-content\/uploads\/sites\/10\/2022\/03\/gooddealersmeds__logo__20220317T222800Z.00.png","width":500,"height":325,"caption":"Good Dealers Meds"},"image":{"@id":"https:\/\/gooddealersmeds.com\/sl\/#\/schema\/logo\/image\/"}}]}},"_links":{"self":[{"href":"https:\/\/gooddealersmeds.com\/sl\/wp-json\/wp\/v2\/product\/2219","targetHints":{"allow":["GET"]}}],"collection":[{"href":"https:\/\/gooddealersmeds.com\/sl\/wp-json\/wp\/v2\/product"}],"about":[{"href":"https:\/\/gooddealersmeds.com\/sl\/wp-json\/wp\/v2\/types\/product"}],"replies":[{"embeddable":true,"href":"https:\/\/gooddealersmeds.com\/sl\/wp-json\/wp\/v2\/comments?post=2219"}],"wp:featuredmedia":[{"embeddable":true,"href":"https:\/\/gooddealersmeds.com\/sl\/wp-json\/wp\/v2\/media\/2249"}],"wp:attachment":[{"href":"https:\/\/gooddealersmeds.com\/sl\/wp-json\/wp\/v2\/media?parent=2219"}],"wp:term":[{"taxonomy":"product_brand","embeddable":true,"href":"https:\/\/gooddealersmeds.com\/sl\/wp-json\/wp\/v2\/product_brand?post=2219"},{"taxonomy":"product_cat","embeddable":true,"href":"https:\/\/gooddealersmeds.com\/sl\/wp-json\/wp\/v2\/product_cat?post=2219"},{"taxonomy":"product_tag","embeddable":true,"href":"https:\/\/gooddealersmeds.com\/sl\/wp-json\/wp\/v2\/product_tag?post=2219"}],"curies":[{"name":"wp","href":"https:\/\/api.w.org\/{rel}","templated":true}]}}