{"id":2218,"date":"2023-01-08T19:11:53","date_gmt":"2023-01-08T19:11:53","guid":{"rendered":"https:\/\/gooddealersmeds.com\/sl\/?post_type=product&#038;p=2218"},"modified":"2023-03-13T01:35:44","modified_gmt":"2023-03-13T01:35:44","slug":"prodam-tekocino-phenylacetone","status":"publish","type":"product","link":"https:\/\/gooddealersmeds.com\/sl\/product\/prodam-tekocino-phenylacetone\/","title":{"rendered":"Prodam teko\u010dino Phenylacetone"},"content":{"rendered":"<h1><strong>Kupite fenilaceton na spletu \u2013 teko\u010dina fenilacetona za prodajo<\/strong><\/h1>\n<p>Benzil metil keton (<a href=\"https:\/\/gooddealersmeds.com\/sl\/product\/prodam-tekocino-phenylacetone\/\">fenilaceton<\/a>) je organska spojina s kemijsko formulo C6H5CH2COCH3. Prodam teko\u010di fenilaceton, prav tako je brezbarvno olje, ki je topno v organskih topilih. Poleg tega se ta snov uporablja pri proizvodnji metamfetamina in amfetamina, kjer je splo\u0161no znana kot <a href=\"https:\/\/en.wikipedia.org\/wiki\/Phenylacetone\">P2P<\/a>. Tudi najbolj priljubljen predhodnik amfetamina in metamfetamina je fenil-2-propanon ali\u00a0fenilaceton. Obstaja tudi osupljiva paleta sinteti\u010dnih poti do te spojine, tako zaradi relativno preproste strukture spojine kot tudi zaradi njene priljubljenosti. Nazadnje je mogo\u010de \u0161tevilne sinteze prilagoditi za proizvodnjo substituiranih fenil-2-propanonov, kot je vedno priljubljen prekurzor MDMA MDP2P (3,4-metilendioksifenil-2-propanon), z uporabo za\u010detnih materialov z \u017eelenimi aromatskimi substituenti.<\/p>\n<p>Naro\u010dilo fenilacetona<br \/>\nKje lahko kupim fenilaceton<br \/>\nProdam fenilaceton<br \/>\nFenilaceton<br \/>\nkupite fenilaceton na spletu<br \/>\nFenilaceton kupite tukaj<br \/>\nnaro\u010dite fenilaceton na spletu<br \/>\nProdam poceni fenilaceton<br \/>\nFenilaceton tukaj<br \/>\nFenilaceton blizu mene<br \/>\nFenilaceton kje naro\u010diti<br \/>\nDistributer fenilacetona<br \/>\nnaro\u010danje fenilacetona prek spleta<br \/>\nNakup fenilacetona na spletu<br \/>\nje Fenilaceton zakonit<br \/>\nZakonit dobavitelj fenilacetona<\/p>\n<p>&nbsp;<\/p>\n<p>Prodam teko\u010di fenilaceton &#8211; Na\u0161im cenjenim strankam pomagamo zagotoviti odli\u010dne kakovosti fenilacetona, ki je na voljo z naslednjimi specifikacijami:-<br \/>\nCAS: 103-79-7<br \/>\nMolekulska formula: C9H10O<br \/>\nTe\u017ea formule: 134,18<\/p>\n<p>Ko je bil 2-nitro-1-fenilpropan obdelan z mikrosomi zaj\u010djih jeter, je bilo odkrito, da je fenilaceton glavni proizvedeni metabolit. Pove\u010danje produkta z mikrosomskim proteinom in odvisnost od NADPH in kisika sta slu\u017eila kot dokaz, da je bil proces encimski. Poleg tega je indukcija fenobarbitala znatno pove\u010dala proizvodnjo fenilacetona. Proces je zaviral ogljikov monoksid, kar ka\u017ee na prisotnost metaloencima. Poskusi H2(18)O so pokazali, da karbonilni kisik prihaja iz vode. Domneva se, da je encimski proces pred kemi\u010dno hidrolizo intermediata, verjetno sekundarne nitronske kisline, v mikrosomski presnovi 2-nitro-1-fenilpropana.<\/p>\n","protected":false},"excerpt":{"rendered":"<p>Smo najbolj\u0161i dobavitelji fenilacetona po dostopni ceni in zagotavljamo dostavo. Naro\u010dite najbolj\u0161o kakovost, fenilacetonsko teko\u010dino za prodajo.<\/p>\n","protected":false},"featured_media":2248,"comment_status":"open","ping_status":"closed","template":"","meta":{"inline_featured_image":false},"product_brand":[],"product_cat":[344],"product_tag":[660,658,661,655,659,662,657,663,651,652,653,664,665,656,648,649,650,654,621],"class_list":{"0":"post-2218","1":"product","2":"type-product","3":"status-publish","4":"has-post-thumbnail","6":"product_cat-raziskave-kemikalije","7":"product_tag-cena-fenilacetona","8":"product_tag-dobavitelj-fenilacetona-zakonit-fenilaceton-tekocina","9":"product_tag-dobavitelji-fenilacetona","10":"product_tag-fenilaceton-in-metilamin","11":"product_tag-fenilaceton-tekocina-za-prodajo","12":"product_tag-fenilaceton-v-met","13":"product_tag-fenilaceton-za-prodajo","14":"product_tag-kaj-je-fenilaceton","15":"product_tag-kako-do-fenilacetona","16":"product_tag-kako-narediti-fenilaceton","17":"product_tag-kako-pripraviti-fenilaceton","18":"product_tag-kje-lahko-kupim-fenilaceton","19":"product_tag-kje-lahko-narocim-fenilaceton","20":"product_tag-kristal-fenilacetona","21":"product_tag-nakup-fenilacetona","22":"product_tag-nakup-kristala-fenilacetona","23":"product_tag-nakup-tekocine-fenilacetona","24":"product_tag-narocite-fenilaceton-na-spletu","25":"product_tag-p2p","27":"first","28":"instock","29":"shipping-taxable","30":"purchasable","31":"product-type-variable","32":"has-default-attributes"},"yoast_head":"<!-- This site is optimized with the Yoast SEO Premium plugin v20.6 (Yoast SEO v27.3) - https:\/\/yoast.com\/product\/yoast-seo-premium-wordpress\/ -->\n<title>Prodam teko\u010di fenilaceton | Fenilaceton | Kupite fenilaceton tukaj<\/title>\n<meta name=\"description\" content=\"Smo najbolj\u0161i dobavitelji fenilacetona po dostopni ceni in zagotavljamo dostavo. Naro\u010dite najbolj\u0161o kakovost, Prodam teko\u010di fenilaceton.\" \/>\n<meta name=\"robots\" content=\"index, follow, max-snippet:-1, max-image-preview:large, max-video-preview:-1\" \/>\n<link rel=\"canonical\" href=\"https:\/\/gooddealersmeds.com\/sl\/product\/prodam-tekocino-phenylacetone\/\" \/>\n<meta property=\"og:locale\" content=\"en_US\" \/>\n<meta property=\"og:type\" content=\"article\" \/>\n<meta property=\"og:title\" content=\"Prodam teko\u010dino Phenylacetone\" \/>\n<meta property=\"og:description\" content=\"Smo najbolj\u0161i dobavitelji fenilacetona po dostopni ceni in zagotavljamo dostavo. Naro\u010dite najbolj\u0161o kakovost, Prodam teko\u010di fenilaceton.\" \/>\n<meta property=\"og:url\" content=\"https:\/\/gooddealersmeds.com\/sl\/product\/prodam-tekocino-phenylacetone\/\" \/>\n<meta property=\"og:site_name\" content=\"Good Dealers Meds\" \/>\n<meta property=\"article:modified_time\" content=\"2023-03-13T01:35:44+00:00\" \/>\n<meta property=\"og:image\" content=\"https:\/\/gooddealersmeds.com\/sl\/wp-content\/uploads\/sites\/10\/2023\/01\/Phenylacetone-Liquid.jpg\" \/>\n\t<meta property=\"og:image:width\" content=\"600\" \/>\n\t<meta property=\"og:image:height\" content=\"600\" \/>\n\t<meta property=\"og:image:type\" content=\"image\/jpeg\" \/>\n<meta name=\"twitter:card\" content=\"summary_large_image\" \/>\n<meta name=\"twitter:label1\" content=\"Est. reading time\" \/>\n\t<meta name=\"twitter:data1\" content=\"2 minutes\" \/>\n<script type=\"application\/ld+json\" class=\"yoast-schema-graph\">{\"@context\":\"https:\\\/\\\/schema.org\",\"@graph\":[{\"@type\":\"WebPage\",\"@id\":\"https:\\\/\\\/gooddealersmeds.com\\\/sl\\\/product\\\/prodam-tekocino-phenylacetone\\\/\",\"url\":\"https:\\\/\\\/gooddealersmeds.com\\\/sl\\\/product\\\/prodam-tekocino-phenylacetone\\\/\",\"name\":\"Prodam teko\u010di fenilaceton | Fenilaceton | Kupite fenilaceton tukaj\",\"isPartOf\":{\"@id\":\"https:\\\/\\\/gooddealersmeds.com\\\/sl\\\/#website\"},\"primaryImageOfPage\":{\"@id\":\"https:\\\/\\\/gooddealersmeds.com\\\/sl\\\/product\\\/prodam-tekocino-phenylacetone\\\/#primaryimage\"},\"image\":{\"@id\":\"https:\\\/\\\/gooddealersmeds.com\\\/sl\\\/product\\\/prodam-tekocino-phenylacetone\\\/#primaryimage\"},\"thumbnailUrl\":\"https:\\\/\\\/gooddealersmeds.com\\\/sl\\\/wp-content\\\/uploads\\\/sites\\\/10\\\/2023\\\/01\\\/Phenylacetone-Liquid.jpg\",\"datePublished\":\"2023-01-08T19:11:53+00:00\",\"dateModified\":\"2023-03-13T01:35:44+00:00\",\"description\":\"Smo najbolj\u0161i dobavitelji fenilacetona po dostopni ceni in zagotavljamo dostavo. Naro\u010dite najbolj\u0161o kakovost, Prodam teko\u010di fenilaceton.\",\"breadcrumb\":{\"@id\":\"https:\\\/\\\/gooddealersmeds.com\\\/sl\\\/product\\\/prodam-tekocino-phenylacetone\\\/#breadcrumb\"},\"inLanguage\":\"en-US\",\"potentialAction\":[{\"@type\":\"ReadAction\",\"target\":[\"https:\\\/\\\/gooddealersmeds.com\\\/sl\\\/product\\\/prodam-tekocino-phenylacetone\\\/\"]}]},{\"@type\":\"ImageObject\",\"inLanguage\":\"en-US\",\"@id\":\"https:\\\/\\\/gooddealersmeds.com\\\/sl\\\/product\\\/prodam-tekocino-phenylacetone\\\/#primaryimage\",\"url\":\"https:\\\/\\\/gooddealersmeds.com\\\/sl\\\/wp-content\\\/uploads\\\/sites\\\/10\\\/2023\\\/01\\\/Phenylacetone-Liquid.jpg\",\"contentUrl\":\"https:\\\/\\\/gooddealersmeds.com\\\/sl\\\/wp-content\\\/uploads\\\/sites\\\/10\\\/2023\\\/01\\\/Phenylacetone-Liquid.jpg\",\"width\":600,\"height\":600},{\"@type\":\"BreadcrumbList\",\"@id\":\"https:\\\/\\\/gooddealersmeds.com\\\/sl\\\/product\\\/prodam-tekocino-phenylacetone\\\/#breadcrumb\",\"itemListElement\":[{\"@type\":\"ListItem\",\"position\":1,\"name\":\"Home\",\"item\":\"https:\\\/\\\/gooddealersmeds.com\\\/sl\\\/\"},{\"@type\":\"ListItem\",\"position\":2,\"name\":\"Izdelki\",\"item\":\"https:\\\/\\\/gooddealersmeds.com\\\/sl\\\/izdelki\\\/\"},{\"@type\":\"ListItem\",\"position\":3,\"name\":\"Prodam teko\u010dino Phenylacetone\"}]},{\"@type\":\"WebSite\",\"@id\":\"https:\\\/\\\/gooddealersmeds.com\\\/sl\\\/#website\",\"url\":\"https:\\\/\\\/gooddealersmeds.com\\\/sl\\\/\",\"name\":\"Good Dealers Meds\",\"description\":\"All our best\",\"publisher\":{\"@id\":\"https:\\\/\\\/gooddealersmeds.com\\\/sl\\\/#organization\"},\"potentialAction\":[{\"@type\":\"SearchAction\",\"target\":{\"@type\":\"EntryPoint\",\"urlTemplate\":\"https:\\\/\\\/gooddealersmeds.com\\\/sl\\\/?s={search_term_string}\"},\"query-input\":{\"@type\":\"PropertyValueSpecification\",\"valueRequired\":true,\"valueName\":\"search_term_string\"}}],\"inLanguage\":\"en-US\"},{\"@type\":\"Organization\",\"@id\":\"https:\\\/\\\/gooddealersmeds.com\\\/sl\\\/#organization\",\"name\":\"Good Dealers Meds\",\"url\":\"https:\\\/\\\/gooddealersmeds.com\\\/sl\\\/\",\"logo\":{\"@type\":\"ImageObject\",\"inLanguage\":\"en-US\",\"@id\":\"https:\\\/\\\/gooddealersmeds.com\\\/sl\\\/#\\\/schema\\\/logo\\\/image\\\/\",\"url\":\"https:\\\/\\\/gooddealersmeds.com\\\/sl\\\/wp-content\\\/uploads\\\/sites\\\/10\\\/2022\\\/03\\\/gooddealersmeds__logo__20220317T222800Z.00.png\",\"contentUrl\":\"https:\\\/\\\/gooddealersmeds.com\\\/sl\\\/wp-content\\\/uploads\\\/sites\\\/10\\\/2022\\\/03\\\/gooddealersmeds__logo__20220317T222800Z.00.png\",\"width\":500,\"height\":325,\"caption\":\"Good Dealers Meds\"},\"image\":{\"@id\":\"https:\\\/\\\/gooddealersmeds.com\\\/sl\\\/#\\\/schema\\\/logo\\\/image\\\/\"}}]}<\/script>\n<!-- \/ Yoast SEO Premium plugin. -->","yoast_head_json":{"title":"Prodam teko\u010di fenilaceton | Fenilaceton | Kupite fenilaceton tukaj","description":"Smo najbolj\u0161i dobavitelji fenilacetona po dostopni ceni in zagotavljamo dostavo. Naro\u010dite najbolj\u0161o kakovost, Prodam teko\u010di fenilaceton.","robots":{"index":"index","follow":"follow","max-snippet":"max-snippet:-1","max-image-preview":"max-image-preview:large","max-video-preview":"max-video-preview:-1"},"canonical":"https:\/\/gooddealersmeds.com\/sl\/product\/prodam-tekocino-phenylacetone\/","og_locale":"en_US","og_type":"article","og_title":"Prodam teko\u010dino Phenylacetone","og_description":"Smo najbolj\u0161i dobavitelji fenilacetona po dostopni ceni in zagotavljamo dostavo. Naro\u010dite najbolj\u0161o kakovost, Prodam teko\u010di fenilaceton.","og_url":"https:\/\/gooddealersmeds.com\/sl\/product\/prodam-tekocino-phenylacetone\/","og_site_name":"Good Dealers Meds","article_modified_time":"2023-03-13T01:35:44+00:00","og_image":[{"width":600,"height":600,"url":"https:\/\/gooddealersmeds.com\/sl\/wp-content\/uploads\/sites\/10\/2023\/01\/Phenylacetone-Liquid.jpg","type":"image\/jpeg"}],"twitter_card":"summary_large_image","twitter_misc":{"Est. reading time":"2 minutes"},"schema":{"@context":"https:\/\/schema.org","@graph":[{"@type":"WebPage","@id":"https:\/\/gooddealersmeds.com\/sl\/product\/prodam-tekocino-phenylacetone\/","url":"https:\/\/gooddealersmeds.com\/sl\/product\/prodam-tekocino-phenylacetone\/","name":"Prodam teko\u010di fenilaceton | Fenilaceton | Kupite fenilaceton tukaj","isPartOf":{"@id":"https:\/\/gooddealersmeds.com\/sl\/#website"},"primaryImageOfPage":{"@id":"https:\/\/gooddealersmeds.com\/sl\/product\/prodam-tekocino-phenylacetone\/#primaryimage"},"image":{"@id":"https:\/\/gooddealersmeds.com\/sl\/product\/prodam-tekocino-phenylacetone\/#primaryimage"},"thumbnailUrl":"https:\/\/gooddealersmeds.com\/sl\/wp-content\/uploads\/sites\/10\/2023\/01\/Phenylacetone-Liquid.jpg","datePublished":"2023-01-08T19:11:53+00:00","dateModified":"2023-03-13T01:35:44+00:00","description":"Smo najbolj\u0161i dobavitelji fenilacetona po dostopni ceni in zagotavljamo dostavo. Naro\u010dite najbolj\u0161o kakovost, Prodam teko\u010di fenilaceton.","breadcrumb":{"@id":"https:\/\/gooddealersmeds.com\/sl\/product\/prodam-tekocino-phenylacetone\/#breadcrumb"},"inLanguage":"en-US","potentialAction":[{"@type":"ReadAction","target":["https:\/\/gooddealersmeds.com\/sl\/product\/prodam-tekocino-phenylacetone\/"]}]},{"@type":"ImageObject","inLanguage":"en-US","@id":"https:\/\/gooddealersmeds.com\/sl\/product\/prodam-tekocino-phenylacetone\/#primaryimage","url":"https:\/\/gooddealersmeds.com\/sl\/wp-content\/uploads\/sites\/10\/2023\/01\/Phenylacetone-Liquid.jpg","contentUrl":"https:\/\/gooddealersmeds.com\/sl\/wp-content\/uploads\/sites\/10\/2023\/01\/Phenylacetone-Liquid.jpg","width":600,"height":600},{"@type":"BreadcrumbList","@id":"https:\/\/gooddealersmeds.com\/sl\/product\/prodam-tekocino-phenylacetone\/#breadcrumb","itemListElement":[{"@type":"ListItem","position":1,"name":"Home","item":"https:\/\/gooddealersmeds.com\/sl\/"},{"@type":"ListItem","position":2,"name":"Izdelki","item":"https:\/\/gooddealersmeds.com\/sl\/izdelki\/"},{"@type":"ListItem","position":3,"name":"Prodam teko\u010dino Phenylacetone"}]},{"@type":"WebSite","@id":"https:\/\/gooddealersmeds.com\/sl\/#website","url":"https:\/\/gooddealersmeds.com\/sl\/","name":"Good Dealers Meds","description":"All our best","publisher":{"@id":"https:\/\/gooddealersmeds.com\/sl\/#organization"},"potentialAction":[{"@type":"SearchAction","target":{"@type":"EntryPoint","urlTemplate":"https:\/\/gooddealersmeds.com\/sl\/?s={search_term_string}"},"query-input":{"@type":"PropertyValueSpecification","valueRequired":true,"valueName":"search_term_string"}}],"inLanguage":"en-US"},{"@type":"Organization","@id":"https:\/\/gooddealersmeds.com\/sl\/#organization","name":"Good Dealers Meds","url":"https:\/\/gooddealersmeds.com\/sl\/","logo":{"@type":"ImageObject","inLanguage":"en-US","@id":"https:\/\/gooddealersmeds.com\/sl\/#\/schema\/logo\/image\/","url":"https:\/\/gooddealersmeds.com\/sl\/wp-content\/uploads\/sites\/10\/2022\/03\/gooddealersmeds__logo__20220317T222800Z.00.png","contentUrl":"https:\/\/gooddealersmeds.com\/sl\/wp-content\/uploads\/sites\/10\/2022\/03\/gooddealersmeds__logo__20220317T222800Z.00.png","width":500,"height":325,"caption":"Good Dealers Meds"},"image":{"@id":"https:\/\/gooddealersmeds.com\/sl\/#\/schema\/logo\/image\/"}}]}},"_links":{"self":[{"href":"https:\/\/gooddealersmeds.com\/sl\/wp-json\/wp\/v2\/product\/2218","targetHints":{"allow":["GET"]}}],"collection":[{"href":"https:\/\/gooddealersmeds.com\/sl\/wp-json\/wp\/v2\/product"}],"about":[{"href":"https:\/\/gooddealersmeds.com\/sl\/wp-json\/wp\/v2\/types\/product"}],"replies":[{"embeddable":true,"href":"https:\/\/gooddealersmeds.com\/sl\/wp-json\/wp\/v2\/comments?post=2218"}],"wp:featuredmedia":[{"embeddable":true,"href":"https:\/\/gooddealersmeds.com\/sl\/wp-json\/wp\/v2\/media\/2248"}],"wp:attachment":[{"href":"https:\/\/gooddealersmeds.com\/sl\/wp-json\/wp\/v2\/media?parent=2218"}],"wp:term":[{"taxonomy":"product_brand","embeddable":true,"href":"https:\/\/gooddealersmeds.com\/sl\/wp-json\/wp\/v2\/product_brand?post=2218"},{"taxonomy":"product_cat","embeddable":true,"href":"https:\/\/gooddealersmeds.com\/sl\/wp-json\/wp\/v2\/product_cat?post=2218"},{"taxonomy":"product_tag","embeddable":true,"href":"https:\/\/gooddealersmeds.com\/sl\/wp-json\/wp\/v2\/product_tag?post=2218"}],"curies":[{"name":"wp","href":"https:\/\/api.w.org\/{rel}","templated":true}]}}