{"id":2217,"date":"2023-01-08T19:11:53","date_gmt":"2023-01-08T19:11:53","guid":{"rendered":"https:\/\/gooddealersmeds.com\/sl\/?post_type=product&#038;p=2217"},"modified":"2023-03-13T01:38:27","modified_gmt":"2023-03-13T01:38:27","slug":"kupite-olje-pmk-piperonil-metil-keton","status":"publish","type":"product","link":"https:\/\/gooddealersmeds.com\/sl\/product\/kupite-olje-pmk-piperonil-metil-keton\/","title":{"rendered":"Kupite olje PMK (piperonil metil keton)."},"content":{"rendered":"<h2>Kupite olje PMK (piperonil metil keton) na spletu<\/h2>\n<p>Kupite olje PMK (<a href=\"https:\/\/gooddealersmeds.com\/sl\/product\/kupite-olje-pmk-piperonil-metil-keton\/\">piperonil metil keton<\/a>) na spletu. 3,4-metilendioksifenilpropan-2-on ali piperonil metil keton (MDP2P ali PMK) je kemi\u010dna spojina, ki jo sestavlja fenilacetonski del, substituiran s metilendioksi funkcionalno skupino. Obi\u010dajno se sintetizira iz safrola (v nasprotju s 3-[3,4-(metilendioksi)fenil]-2-propenom) ali iz izosafrolnega izomera z oksidacijo z uporabo Wackerjeve oksidacijske metode ali oksidacije s peroksi kislino. MDP2P je nestabilen pri sobni temperaturi in ga je treba dati v zamrzovalnik za pravilno shranjevanje.<\/p>\n<p>MDP2P je predhodnik v kemijski sintezi spojin iz razreda metilendioksifenetilamina (MDxx), katerega klasi\u010den primer je 3,4-metilendioksi-N-metilamfetamin (MDMA), in je tudi vmesni \u010dlen med dru\u017eino MDxx in bolj oddaljenimi predhodnik, safrol ali izosafrol. Zaradi njegove uvrstitve v kemijske razrede <a href=\"https:\/\/en.wikipedia.org\/wiki\/BMK\">MDxx<\/a>, MDP2P ter safrola in izosafrola je uvr\u0161\u010den na seznam kemikalij v skladu z Zakonom o nadzorovanih snoveh ameri\u0161ke uprave za zdravila (USAA), ki usmerja kemikalije in zakon o kemikalijah. Trgovina z ljudmi (CDTA). Prav tako velja za vhodno snov kategorije 1 v Evropski uniji.<\/p>\n<p>&nbsp;<\/p>\n<p>3,4-metilendioksifenilpropan-2-on<br \/>\nPMK<br \/>\nMDP2P<br \/>\nNSC 16688<br \/>\nPVI-2<\/p>\n<h3>Kje lahko naro\u010dite PMK?<\/h3>\n<p>Ste se pravkar zbudili pono\u010di in vas je prevzela ena dobra misel: &#8220;lahko naredim svoj molly\/ecstasy?&#8221; No, lahko, vendar je te\u017eje, kot si mislite. Za to potrebujete dolo\u010dene predhodne sestavine, kot je PMK, ali morda ne \u017eelite, da PMK proizvaja MDMA? \u017delite ga za raziskovalne namene ali podobne stvari. Kje se ga da kupiti? Ali kje bo\u0161 dobil PMK?<\/p>\n","protected":false},"excerpt":{"rendered":"<p>Kupite olje PMK na spletu, smo zanesljiv in zaupanja vreden dobavitelj olja PMK (piperonil metil keton) s hitro dostavo, 100 % zajam\u010deno &amp; zaupanja vreden.<\/p>\n","protected":false},"featured_media":2247,"comment_status":"open","ping_status":"closed","template":"","meta":{"inline_featured_image":false},"product_brand":[],"product_cat":[344],"product_tag":[],"class_list":{"0":"post-2217","1":"product","2":"type-product","3":"status-publish","4":"has-post-thumbnail","6":"product_cat-raziskave-kemikalije","8":"first","9":"instock","10":"shipping-taxable","11":"purchasable","12":"product-type-variable","13":"has-default-attributes"},"yoast_head":"<!-- This site is optimized with the Yoast SEO Premium plugin v20.6 (Yoast SEO v27.3) - https:\/\/yoast.com\/product\/yoast-seo-premium-wordpress\/ -->\n<title>Kupite olje PMK na spletu | Naro\u010dite PMK (piperonil metil keton) olje<\/title>\n<meta name=\"description\" content=\"Kupite olje PMK na spletu, smo zanesljiv in zaupanja vreden dobavitelj olja PMK (piperonil metil keton) s hitro dostavo, 100 % zajam\u010deno in zaupanja vredno.\" \/>\n<meta name=\"robots\" content=\"index, follow, max-snippet:-1, max-image-preview:large, max-video-preview:-1\" \/>\n<link rel=\"canonical\" href=\"https:\/\/gooddealersmeds.com\/sl\/product\/kupite-olje-pmk-piperonil-metil-keton\/\" \/>\n<meta property=\"og:locale\" content=\"en_US\" \/>\n<meta property=\"og:type\" content=\"article\" \/>\n<meta property=\"og:title\" content=\"Kupite olje PMK (piperonil metil keton).\" \/>\n<meta property=\"og:description\" content=\"Kupite olje PMK na spletu, smo zanesljiv in zaupanja vreden dobavitelj olja PMK (piperonil metil keton) s hitro dostavo, 100 % zajam\u010deno in zaupanja vredno.\" \/>\n<meta property=\"og:url\" content=\"https:\/\/gooddealersmeds.com\/sl\/product\/kupite-olje-pmk-piperonil-metil-keton\/\" \/>\n<meta property=\"og:site_name\" content=\"Good Dealers Meds\" \/>\n<meta property=\"article:modified_time\" content=\"2023-03-13T01:38:27+00:00\" \/>\n<meta property=\"og:image\" content=\"https:\/\/gooddealersmeds.com\/sl\/wp-content\/uploads\/sites\/10\/2023\/01\/PMK-Piperonyl-Methyl-Ketone-Oil-1.jpg\" \/>\n\t<meta property=\"og:image:width\" content=\"600\" \/>\n\t<meta property=\"og:image:height\" content=\"600\" \/>\n\t<meta property=\"og:image:type\" content=\"image\/jpeg\" \/>\n<meta name=\"twitter:card\" content=\"summary_large_image\" \/>\n<meta name=\"twitter:label1\" content=\"Est. reading time\" \/>\n\t<meta name=\"twitter:data1\" content=\"1 minute\" \/>\n<script type=\"application\/ld+json\" class=\"yoast-schema-graph\">{\"@context\":\"https:\\\/\\\/schema.org\",\"@graph\":[{\"@type\":\"WebPage\",\"@id\":\"https:\\\/\\\/gooddealersmeds.com\\\/sl\\\/product\\\/kupite-olje-pmk-piperonil-metil-keton\\\/\",\"url\":\"https:\\\/\\\/gooddealersmeds.com\\\/sl\\\/product\\\/kupite-olje-pmk-piperonil-metil-keton\\\/\",\"name\":\"Kupite olje PMK na spletu | Naro\u010dite PMK (piperonil metil keton) olje\",\"isPartOf\":{\"@id\":\"https:\\\/\\\/gooddealersmeds.com\\\/sl\\\/#website\"},\"primaryImageOfPage\":{\"@id\":\"https:\\\/\\\/gooddealersmeds.com\\\/sl\\\/product\\\/kupite-olje-pmk-piperonil-metil-keton\\\/#primaryimage\"},\"image\":{\"@id\":\"https:\\\/\\\/gooddealersmeds.com\\\/sl\\\/product\\\/kupite-olje-pmk-piperonil-metil-keton\\\/#primaryimage\"},\"thumbnailUrl\":\"https:\\\/\\\/gooddealersmeds.com\\\/sl\\\/wp-content\\\/uploads\\\/sites\\\/10\\\/2023\\\/01\\\/PMK-Piperonyl-Methyl-Ketone-Oil-1.jpg\",\"datePublished\":\"2023-01-08T19:11:53+00:00\",\"dateModified\":\"2023-03-13T01:38:27+00:00\",\"description\":\"Kupite olje PMK na spletu, smo zanesljiv in zaupanja vreden dobavitelj olja PMK (piperonil metil keton) s hitro dostavo, 100 % zajam\u010deno in zaupanja vredno.\",\"breadcrumb\":{\"@id\":\"https:\\\/\\\/gooddealersmeds.com\\\/sl\\\/product\\\/kupite-olje-pmk-piperonil-metil-keton\\\/#breadcrumb\"},\"inLanguage\":\"en-US\",\"potentialAction\":[{\"@type\":\"ReadAction\",\"target\":[\"https:\\\/\\\/gooddealersmeds.com\\\/sl\\\/product\\\/kupite-olje-pmk-piperonil-metil-keton\\\/\"]}]},{\"@type\":\"ImageObject\",\"inLanguage\":\"en-US\",\"@id\":\"https:\\\/\\\/gooddealersmeds.com\\\/sl\\\/product\\\/kupite-olje-pmk-piperonil-metil-keton\\\/#primaryimage\",\"url\":\"https:\\\/\\\/gooddealersmeds.com\\\/sl\\\/wp-content\\\/uploads\\\/sites\\\/10\\\/2023\\\/01\\\/PMK-Piperonyl-Methyl-Ketone-Oil-1.jpg\",\"contentUrl\":\"https:\\\/\\\/gooddealersmeds.com\\\/sl\\\/wp-content\\\/uploads\\\/sites\\\/10\\\/2023\\\/01\\\/PMK-Piperonyl-Methyl-Ketone-Oil-1.jpg\",\"width\":600,\"height\":600},{\"@type\":\"BreadcrumbList\",\"@id\":\"https:\\\/\\\/gooddealersmeds.com\\\/sl\\\/product\\\/kupite-olje-pmk-piperonil-metil-keton\\\/#breadcrumb\",\"itemListElement\":[{\"@type\":\"ListItem\",\"position\":1,\"name\":\"Home\",\"item\":\"https:\\\/\\\/gooddealersmeds.com\\\/sl\\\/\"},{\"@type\":\"ListItem\",\"position\":2,\"name\":\"Izdelki\",\"item\":\"https:\\\/\\\/gooddealersmeds.com\\\/sl\\\/izdelki\\\/\"},{\"@type\":\"ListItem\",\"position\":3,\"name\":\"Kupite olje PMK (piperonil metil keton).\"}]},{\"@type\":\"WebSite\",\"@id\":\"https:\\\/\\\/gooddealersmeds.com\\\/sl\\\/#website\",\"url\":\"https:\\\/\\\/gooddealersmeds.com\\\/sl\\\/\",\"name\":\"Good Dealers Meds\",\"description\":\"All our best\",\"publisher\":{\"@id\":\"https:\\\/\\\/gooddealersmeds.com\\\/sl\\\/#organization\"},\"potentialAction\":[{\"@type\":\"SearchAction\",\"target\":{\"@type\":\"EntryPoint\",\"urlTemplate\":\"https:\\\/\\\/gooddealersmeds.com\\\/sl\\\/?s={search_term_string}\"},\"query-input\":{\"@type\":\"PropertyValueSpecification\",\"valueRequired\":true,\"valueName\":\"search_term_string\"}}],\"inLanguage\":\"en-US\"},{\"@type\":\"Organization\",\"@id\":\"https:\\\/\\\/gooddealersmeds.com\\\/sl\\\/#organization\",\"name\":\"Good Dealers Meds\",\"url\":\"https:\\\/\\\/gooddealersmeds.com\\\/sl\\\/\",\"logo\":{\"@type\":\"ImageObject\",\"inLanguage\":\"en-US\",\"@id\":\"https:\\\/\\\/gooddealersmeds.com\\\/sl\\\/#\\\/schema\\\/logo\\\/image\\\/\",\"url\":\"https:\\\/\\\/gooddealersmeds.com\\\/sl\\\/wp-content\\\/uploads\\\/sites\\\/10\\\/2022\\\/03\\\/gooddealersmeds__logo__20220317T222800Z.00.png\",\"contentUrl\":\"https:\\\/\\\/gooddealersmeds.com\\\/sl\\\/wp-content\\\/uploads\\\/sites\\\/10\\\/2022\\\/03\\\/gooddealersmeds__logo__20220317T222800Z.00.png\",\"width\":500,\"height\":325,\"caption\":\"Good Dealers Meds\"},\"image\":{\"@id\":\"https:\\\/\\\/gooddealersmeds.com\\\/sl\\\/#\\\/schema\\\/logo\\\/image\\\/\"}}]}<\/script>\n<!-- \/ Yoast SEO Premium plugin. -->","yoast_head_json":{"title":"Kupite olje PMK na spletu | Naro\u010dite PMK (piperonil metil keton) olje","description":"Kupite olje PMK na spletu, smo zanesljiv in zaupanja vreden dobavitelj olja PMK (piperonil metil keton) s hitro dostavo, 100 % zajam\u010deno in zaupanja vredno.","robots":{"index":"index","follow":"follow","max-snippet":"max-snippet:-1","max-image-preview":"max-image-preview:large","max-video-preview":"max-video-preview:-1"},"canonical":"https:\/\/gooddealersmeds.com\/sl\/product\/kupite-olje-pmk-piperonil-metil-keton\/","og_locale":"en_US","og_type":"article","og_title":"Kupite olje PMK (piperonil metil keton).","og_description":"Kupite olje PMK na spletu, smo zanesljiv in zaupanja vreden dobavitelj olja PMK (piperonil metil keton) s hitro dostavo, 100 % zajam\u010deno in zaupanja vredno.","og_url":"https:\/\/gooddealersmeds.com\/sl\/product\/kupite-olje-pmk-piperonil-metil-keton\/","og_site_name":"Good Dealers Meds","article_modified_time":"2023-03-13T01:38:27+00:00","og_image":[{"width":600,"height":600,"url":"https:\/\/gooddealersmeds.com\/sl\/wp-content\/uploads\/sites\/10\/2023\/01\/PMK-Piperonyl-Methyl-Ketone-Oil-1.jpg","type":"image\/jpeg"}],"twitter_card":"summary_large_image","twitter_misc":{"Est. reading time":"1 minute"},"schema":{"@context":"https:\/\/schema.org","@graph":[{"@type":"WebPage","@id":"https:\/\/gooddealersmeds.com\/sl\/product\/kupite-olje-pmk-piperonil-metil-keton\/","url":"https:\/\/gooddealersmeds.com\/sl\/product\/kupite-olje-pmk-piperonil-metil-keton\/","name":"Kupite olje PMK na spletu | Naro\u010dite PMK (piperonil metil keton) olje","isPartOf":{"@id":"https:\/\/gooddealersmeds.com\/sl\/#website"},"primaryImageOfPage":{"@id":"https:\/\/gooddealersmeds.com\/sl\/product\/kupite-olje-pmk-piperonil-metil-keton\/#primaryimage"},"image":{"@id":"https:\/\/gooddealersmeds.com\/sl\/product\/kupite-olje-pmk-piperonil-metil-keton\/#primaryimage"},"thumbnailUrl":"https:\/\/gooddealersmeds.com\/sl\/wp-content\/uploads\/sites\/10\/2023\/01\/PMK-Piperonyl-Methyl-Ketone-Oil-1.jpg","datePublished":"2023-01-08T19:11:53+00:00","dateModified":"2023-03-13T01:38:27+00:00","description":"Kupite olje PMK na spletu, smo zanesljiv in zaupanja vreden dobavitelj olja PMK (piperonil metil keton) s hitro dostavo, 100 % zajam\u010deno in zaupanja vredno.","breadcrumb":{"@id":"https:\/\/gooddealersmeds.com\/sl\/product\/kupite-olje-pmk-piperonil-metil-keton\/#breadcrumb"},"inLanguage":"en-US","potentialAction":[{"@type":"ReadAction","target":["https:\/\/gooddealersmeds.com\/sl\/product\/kupite-olje-pmk-piperonil-metil-keton\/"]}]},{"@type":"ImageObject","inLanguage":"en-US","@id":"https:\/\/gooddealersmeds.com\/sl\/product\/kupite-olje-pmk-piperonil-metil-keton\/#primaryimage","url":"https:\/\/gooddealersmeds.com\/sl\/wp-content\/uploads\/sites\/10\/2023\/01\/PMK-Piperonyl-Methyl-Ketone-Oil-1.jpg","contentUrl":"https:\/\/gooddealersmeds.com\/sl\/wp-content\/uploads\/sites\/10\/2023\/01\/PMK-Piperonyl-Methyl-Ketone-Oil-1.jpg","width":600,"height":600},{"@type":"BreadcrumbList","@id":"https:\/\/gooddealersmeds.com\/sl\/product\/kupite-olje-pmk-piperonil-metil-keton\/#breadcrumb","itemListElement":[{"@type":"ListItem","position":1,"name":"Home","item":"https:\/\/gooddealersmeds.com\/sl\/"},{"@type":"ListItem","position":2,"name":"Izdelki","item":"https:\/\/gooddealersmeds.com\/sl\/izdelki\/"},{"@type":"ListItem","position":3,"name":"Kupite olje PMK (piperonil metil keton)."}]},{"@type":"WebSite","@id":"https:\/\/gooddealersmeds.com\/sl\/#website","url":"https:\/\/gooddealersmeds.com\/sl\/","name":"Good Dealers Meds","description":"All our best","publisher":{"@id":"https:\/\/gooddealersmeds.com\/sl\/#organization"},"potentialAction":[{"@type":"SearchAction","target":{"@type":"EntryPoint","urlTemplate":"https:\/\/gooddealersmeds.com\/sl\/?s={search_term_string}"},"query-input":{"@type":"PropertyValueSpecification","valueRequired":true,"valueName":"search_term_string"}}],"inLanguage":"en-US"},{"@type":"Organization","@id":"https:\/\/gooddealersmeds.com\/sl\/#organization","name":"Good Dealers Meds","url":"https:\/\/gooddealersmeds.com\/sl\/","logo":{"@type":"ImageObject","inLanguage":"en-US","@id":"https:\/\/gooddealersmeds.com\/sl\/#\/schema\/logo\/image\/","url":"https:\/\/gooddealersmeds.com\/sl\/wp-content\/uploads\/sites\/10\/2022\/03\/gooddealersmeds__logo__20220317T222800Z.00.png","contentUrl":"https:\/\/gooddealersmeds.com\/sl\/wp-content\/uploads\/sites\/10\/2022\/03\/gooddealersmeds__logo__20220317T222800Z.00.png","width":500,"height":325,"caption":"Good Dealers Meds"},"image":{"@id":"https:\/\/gooddealersmeds.com\/sl\/#\/schema\/logo\/image\/"}}]}},"_links":{"self":[{"href":"https:\/\/gooddealersmeds.com\/sl\/wp-json\/wp\/v2\/product\/2217","targetHints":{"allow":["GET"]}}],"collection":[{"href":"https:\/\/gooddealersmeds.com\/sl\/wp-json\/wp\/v2\/product"}],"about":[{"href":"https:\/\/gooddealersmeds.com\/sl\/wp-json\/wp\/v2\/types\/product"}],"replies":[{"embeddable":true,"href":"https:\/\/gooddealersmeds.com\/sl\/wp-json\/wp\/v2\/comments?post=2217"}],"wp:featuredmedia":[{"embeddable":true,"href":"https:\/\/gooddealersmeds.com\/sl\/wp-json\/wp\/v2\/media\/2247"}],"wp:attachment":[{"href":"https:\/\/gooddealersmeds.com\/sl\/wp-json\/wp\/v2\/media?parent=2217"}],"wp:term":[{"taxonomy":"product_brand","embeddable":true,"href":"https:\/\/gooddealersmeds.com\/sl\/wp-json\/wp\/v2\/product_brand?post=2217"},{"taxonomy":"product_cat","embeddable":true,"href":"https:\/\/gooddealersmeds.com\/sl\/wp-json\/wp\/v2\/product_cat?post=2217"},{"taxonomy":"product_tag","embeddable":true,"href":"https:\/\/gooddealersmeds.com\/sl\/wp-json\/wp\/v2\/product_tag?post=2217"}],"curies":[{"name":"wp","href":"https:\/\/api.w.org\/{rel}","templated":true}]}}