{"id":2216,"date":"2023-01-08T19:11:52","date_gmt":"2023-01-08T19:11:52","guid":{"rendered":"https:\/\/gooddealersmeds.com\/sl\/?post_type=product&#038;p=2216"},"modified":"2023-03-13T01:27:14","modified_gmt":"2023-03-13T01:27:14","slug":"kupite-jwh-250-na-spletu","status":"publish","type":"product","link":"https:\/\/gooddealersmeds.com\/sl\/product\/kupite-jwh-250-na-spletu\/","title":{"rendered":"Kupite JWH-250 na spletu"},"content":{"rendered":"<h2><strong>Kupite JWH-250 prek spleta<\/strong><\/h2>\n<p>JWH-250 je indolni kanabimimetik, ki ka\u017ee visoko afiniteto za centralne in periferne kanabinoidne receptorje. Kupite JWH-250 na spletu je bilo ugotovljeno, da je sestavni del ve\u010d razli\u010dnih izdelkov \u00bbzeli\u0161\u010dnega kadila\u00ab, ki se pogosto prodajajo kot \u00bbne\u010dlove\u0161ki\u00ab. JWH-250 spada v kategorijo sinteti\u010dnih agonistov kanabinoidnih receptorjev (SCRA) in ima podobne u\u010dinke kot THC. Koli\u010dina JWH-250 v paketu se lahko zelo razlikuje, kar pove\u010da mo\u017enost prevelikega odmerjanja, ker se potro\u0161niki ne zavedajo popolnoma, kaj je v tem rastlinskem izdelku. Poro\u010dani u\u010dinki prevelikega odmerjanja vklju\u010dujejo tahikardijo, hipertenzijo, vznemirjenost, halucinacije, blago zvi\u0161anje krvnega sladkorja, hipokalemijo in bruhanje.<a href=\"https:\/\/gooddealersmeds.com\/sl\/product\/kupite-jwh-250-na-spletu\/\"> JWH-250<\/a>.<\/p>\n<p>&nbsp;<\/p>\n<p>Kupite JWH-250 na spletu. JWH-250\u00a0je sinteti\u010dni agonist kanabinoidnih receptorjev, ki je bil odkrit v izdelkih od poznih 2000-ih. Ustvaril ga je dr. John W. Huffman, poro\u010dilo o njem pa so leta 2005 izdali Huffman et al. Kupite JWH-250 na spletu<\/p>\n<p>&nbsp;<\/p>\n<p>Zdravilo je fenilacetilindol in deluje kot agonist na receptorje CB1 in CB2. Ima afiniteto ~11 nM pri CB1 in ~33 nM pri CB2.<\/p>\n<p>Nekaj let po prvi omembi v literaturi se je JWH-250 pojavil na trgu.<\/p>\n<p>Odkrili so ga tudi v pra\u0161kih in me\u0161anicah, ki se preko interneta prodajajo raziskovalcem na Japonskem. Ti vzorci so vsebovali 77-165 mg na izdelek.<\/p>\n<p>Zaradi na\u010dina prodaje so ljudje verjetno sre\u010dali JWH-250, ne da bi se tega zavedali.<\/p>\n<p>Molska masa:\u00a0335,439\u00a0g\/mol<\/p>\n<p>Id ChEMBL:\u00a0188031<\/p>\n<p>ChemSpider ID:\u00a023256117<\/p>\n<p>PubChem CID:\u00a044397540<\/p>\n<p>Formula:\u00a0C22H25NO2<\/p>\n<p>&nbsp;<\/p>\n<p>kupite zakonito spletno stran JWH-250 za prodajo, kako kupiti poceni JWH-250 po\u0161iljanje po vsem svetu, zdravilo JWH-250 za prodajo, kopalne soli JWH-250 za prodajo, JWH-250 za prodajo, JWH-250 rastlinska hrana za prodajo, kakovost JWH -250 za prodajo, JWH-250 nakup spletne strani, kje kupiti JWH-250, naro\u010dilo JWH-250, JWH-250 razprodaja, kje lahko kupim JWH-250, JWH-250 kje kupiti, najbolj\u0161e mesto za nakup JWH-250 ,mJWH-250 dobavitelji, nakup JWH-250, \u010disti JWH-250, nakup JWH-250, JWH-250 trgovina, JWH-250 veleprodaja,JWH-250 nakup, JWH-250 naprodaj, nakup JWH-250 , nakup poceni JWH -250 na spletu, kupite poceni mefedron na spletu, kje kupiti poceni JWH-250 trgovina, kupite poceni JWH-250 za uporabo v rastlinah, kje kupiti JWH-250 za osebno uporabo,\u00a0 kupite poceni JWH-250, kje dobiti JWH-250 za prodajo , kupite na veliko JWH-250, kupite JWH-250 po dostopnih cenah, kupite JWH-250 za osebno uporabo, kupite JWH-250\u00a0 za prodajo, kakovostni JWH-250 za prodajo, kupite JWH-250 na internetu,<\/p>\n","protected":false},"excerpt":{"rendered":"<p>JWH-250 je indolni kanabimimetik, ki ka\u017ee visoko afiniteto za centralne in periferne kanabinoidne receptorje. Kupite JWH-250 na spletu je bilo ugotovljeno, da je sestavni del ve\u010d razli\u010dnih izdelkov \u00bbzeli\u0161\u010dnega kadila\u00ab, ki se pogosto prodajajo kot \u00bbne\u010dlove\u0161ki\u00ab.<\/p>\n","protected":false},"featured_media":2246,"comment_status":"open","ping_status":"closed","template":"","meta":{"inline_featured_image":false},"product_brand":[],"product_cat":[344],"product_tag":[],"class_list":{"0":"post-2216","1":"product","2":"type-product","3":"status-publish","4":"has-post-thumbnail","6":"product_cat-raziskave-kemikalije","8":"first","9":"instock","10":"shipping-taxable","11":"purchasable","12":"product-type-variable","13":"has-default-attributes"},"yoast_head":"<!-- This site is optimized with the Yoast SEO Premium plugin v20.6 (Yoast SEO v27.3) - https:\/\/yoast.com\/product\/yoast-seo-premium-wordpress\/ -->\n<title>Kupite JWH-250 na spletu | Naro\u010di JWH-250 | JWH-250 prodam<\/title>\n<meta name=\"description\" content=\"Kupite JWH-250 na spletu po dostopni ceni. Smo zanesljiv in zaupanja vreden dobavitelj JWH-250 s hitro dostavo, 100 % zajam\u010deno in zaupanja vredno.\" \/>\n<meta name=\"robots\" content=\"index, follow, max-snippet:-1, max-image-preview:large, max-video-preview:-1\" \/>\n<link rel=\"canonical\" href=\"https:\/\/gooddealersmeds.com\/sl\/product\/kupite-jwh-250-na-spletu\/\" \/>\n<meta property=\"og:locale\" content=\"en_US\" \/>\n<meta property=\"og:type\" content=\"article\" \/>\n<meta property=\"og:title\" content=\"Kupite JWH-250 na spletu\" \/>\n<meta property=\"og:description\" content=\"Kupite JWH-250 na spletu po dostopni ceni. Smo zanesljiv in zaupanja vreden dobavitelj JWH-250 s hitro dostavo, 100 % zajam\u010deno in zaupanja vredno.\" \/>\n<meta property=\"og:url\" content=\"https:\/\/gooddealersmeds.com\/sl\/product\/kupite-jwh-250-na-spletu\/\" \/>\n<meta property=\"og:site_name\" content=\"Good Dealers Meds\" \/>\n<meta property=\"article:modified_time\" content=\"2023-03-13T01:27:14+00:00\" \/>\n<meta property=\"og:image\" content=\"https:\/\/gooddealersmeds.com\/sl\/wp-content\/uploads\/sites\/10\/2023\/01\/jhw.png\" \/>\n\t<meta property=\"og:image:width\" content=\"267\" \/>\n\t<meta property=\"og:image:height\" content=\"189\" \/>\n\t<meta property=\"og:image:type\" content=\"image\/png\" \/>\n<meta name=\"twitter:card\" content=\"summary_large_image\" \/>\n<meta name=\"twitter:label1\" content=\"Est. reading time\" \/>\n\t<meta name=\"twitter:data1\" content=\"2 minutes\" \/>\n<script type=\"application\/ld+json\" class=\"yoast-schema-graph\">{\"@context\":\"https:\\\/\\\/schema.org\",\"@graph\":[{\"@type\":\"WebPage\",\"@id\":\"https:\\\/\\\/gooddealersmeds.com\\\/sl\\\/product\\\/kupite-jwh-250-na-spletu\\\/\",\"url\":\"https:\\\/\\\/gooddealersmeds.com\\\/sl\\\/product\\\/kupite-jwh-250-na-spletu\\\/\",\"name\":\"Kupite JWH-250 na spletu | Naro\u010di JWH-250 | JWH-250 prodam\",\"isPartOf\":{\"@id\":\"https:\\\/\\\/gooddealersmeds.com\\\/sl\\\/#website\"},\"primaryImageOfPage\":{\"@id\":\"https:\\\/\\\/gooddealersmeds.com\\\/sl\\\/product\\\/kupite-jwh-250-na-spletu\\\/#primaryimage\"},\"image\":{\"@id\":\"https:\\\/\\\/gooddealersmeds.com\\\/sl\\\/product\\\/kupite-jwh-250-na-spletu\\\/#primaryimage\"},\"thumbnailUrl\":\"https:\\\/\\\/gooddealersmeds.com\\\/sl\\\/wp-content\\\/uploads\\\/sites\\\/10\\\/2023\\\/01\\\/jhw.png\",\"datePublished\":\"2023-01-08T19:11:52+00:00\",\"dateModified\":\"2023-03-13T01:27:14+00:00\",\"description\":\"Kupite JWH-250 na spletu po dostopni ceni. Smo zanesljiv in zaupanja vreden dobavitelj JWH-250 s hitro dostavo, 100 % zajam\u010deno in zaupanja vredno.\",\"breadcrumb\":{\"@id\":\"https:\\\/\\\/gooddealersmeds.com\\\/sl\\\/product\\\/kupite-jwh-250-na-spletu\\\/#breadcrumb\"},\"inLanguage\":\"en-US\",\"potentialAction\":[{\"@type\":\"ReadAction\",\"target\":[\"https:\\\/\\\/gooddealersmeds.com\\\/sl\\\/product\\\/kupite-jwh-250-na-spletu\\\/\"]}]},{\"@type\":\"ImageObject\",\"inLanguage\":\"en-US\",\"@id\":\"https:\\\/\\\/gooddealersmeds.com\\\/sl\\\/product\\\/kupite-jwh-250-na-spletu\\\/#primaryimage\",\"url\":\"https:\\\/\\\/gooddealersmeds.com\\\/sl\\\/wp-content\\\/uploads\\\/sites\\\/10\\\/2023\\\/01\\\/jhw.png\",\"contentUrl\":\"https:\\\/\\\/gooddealersmeds.com\\\/sl\\\/wp-content\\\/uploads\\\/sites\\\/10\\\/2023\\\/01\\\/jhw.png\",\"width\":267,\"height\":189},{\"@type\":\"BreadcrumbList\",\"@id\":\"https:\\\/\\\/gooddealersmeds.com\\\/sl\\\/product\\\/kupite-jwh-250-na-spletu\\\/#breadcrumb\",\"itemListElement\":[{\"@type\":\"ListItem\",\"position\":1,\"name\":\"Home\",\"item\":\"https:\\\/\\\/gooddealersmeds.com\\\/sl\\\/\"},{\"@type\":\"ListItem\",\"position\":2,\"name\":\"Izdelki\",\"item\":\"https:\\\/\\\/gooddealersmeds.com\\\/sl\\\/izdelki\\\/\"},{\"@type\":\"ListItem\",\"position\":3,\"name\":\"Kupite JWH-250 na spletu\"}]},{\"@type\":\"WebSite\",\"@id\":\"https:\\\/\\\/gooddealersmeds.com\\\/sl\\\/#website\",\"url\":\"https:\\\/\\\/gooddealersmeds.com\\\/sl\\\/\",\"name\":\"Good Dealers Meds\",\"description\":\"All our best\",\"publisher\":{\"@id\":\"https:\\\/\\\/gooddealersmeds.com\\\/sl\\\/#organization\"},\"potentialAction\":[{\"@type\":\"SearchAction\",\"target\":{\"@type\":\"EntryPoint\",\"urlTemplate\":\"https:\\\/\\\/gooddealersmeds.com\\\/sl\\\/?s={search_term_string}\"},\"query-input\":{\"@type\":\"PropertyValueSpecification\",\"valueRequired\":true,\"valueName\":\"search_term_string\"}}],\"inLanguage\":\"en-US\"},{\"@type\":\"Organization\",\"@id\":\"https:\\\/\\\/gooddealersmeds.com\\\/sl\\\/#organization\",\"name\":\"Good Dealers Meds\",\"url\":\"https:\\\/\\\/gooddealersmeds.com\\\/sl\\\/\",\"logo\":{\"@type\":\"ImageObject\",\"inLanguage\":\"en-US\",\"@id\":\"https:\\\/\\\/gooddealersmeds.com\\\/sl\\\/#\\\/schema\\\/logo\\\/image\\\/\",\"url\":\"https:\\\/\\\/gooddealersmeds.com\\\/sl\\\/wp-content\\\/uploads\\\/sites\\\/10\\\/2022\\\/03\\\/gooddealersmeds__logo__20220317T222800Z.00.png\",\"contentUrl\":\"https:\\\/\\\/gooddealersmeds.com\\\/sl\\\/wp-content\\\/uploads\\\/sites\\\/10\\\/2022\\\/03\\\/gooddealersmeds__logo__20220317T222800Z.00.png\",\"width\":500,\"height\":325,\"caption\":\"Good Dealers Meds\"},\"image\":{\"@id\":\"https:\\\/\\\/gooddealersmeds.com\\\/sl\\\/#\\\/schema\\\/logo\\\/image\\\/\"}}]}<\/script>\n<!-- \/ Yoast SEO Premium plugin. -->","yoast_head_json":{"title":"Kupite JWH-250 na spletu | Naro\u010di JWH-250 | JWH-250 prodam","description":"Kupite JWH-250 na spletu po dostopni ceni. Smo zanesljiv in zaupanja vreden dobavitelj JWH-250 s hitro dostavo, 100 % zajam\u010deno in zaupanja vredno.","robots":{"index":"index","follow":"follow","max-snippet":"max-snippet:-1","max-image-preview":"max-image-preview:large","max-video-preview":"max-video-preview:-1"},"canonical":"https:\/\/gooddealersmeds.com\/sl\/product\/kupite-jwh-250-na-spletu\/","og_locale":"en_US","og_type":"article","og_title":"Kupite JWH-250 na spletu","og_description":"Kupite JWH-250 na spletu po dostopni ceni. Smo zanesljiv in zaupanja vreden dobavitelj JWH-250 s hitro dostavo, 100 % zajam\u010deno in zaupanja vredno.","og_url":"https:\/\/gooddealersmeds.com\/sl\/product\/kupite-jwh-250-na-spletu\/","og_site_name":"Good Dealers Meds","article_modified_time":"2023-03-13T01:27:14+00:00","og_image":[{"width":267,"height":189,"url":"https:\/\/gooddealersmeds.com\/sl\/wp-content\/uploads\/sites\/10\/2023\/01\/jhw.png","type":"image\/png"}],"twitter_card":"summary_large_image","twitter_misc":{"Est. reading time":"2 minutes"},"schema":{"@context":"https:\/\/schema.org","@graph":[{"@type":"WebPage","@id":"https:\/\/gooddealersmeds.com\/sl\/product\/kupite-jwh-250-na-spletu\/","url":"https:\/\/gooddealersmeds.com\/sl\/product\/kupite-jwh-250-na-spletu\/","name":"Kupite JWH-250 na spletu | Naro\u010di JWH-250 | JWH-250 prodam","isPartOf":{"@id":"https:\/\/gooddealersmeds.com\/sl\/#website"},"primaryImageOfPage":{"@id":"https:\/\/gooddealersmeds.com\/sl\/product\/kupite-jwh-250-na-spletu\/#primaryimage"},"image":{"@id":"https:\/\/gooddealersmeds.com\/sl\/product\/kupite-jwh-250-na-spletu\/#primaryimage"},"thumbnailUrl":"https:\/\/gooddealersmeds.com\/sl\/wp-content\/uploads\/sites\/10\/2023\/01\/jhw.png","datePublished":"2023-01-08T19:11:52+00:00","dateModified":"2023-03-13T01:27:14+00:00","description":"Kupite JWH-250 na spletu po dostopni ceni. Smo zanesljiv in zaupanja vreden dobavitelj JWH-250 s hitro dostavo, 100 % zajam\u010deno in zaupanja vredno.","breadcrumb":{"@id":"https:\/\/gooddealersmeds.com\/sl\/product\/kupite-jwh-250-na-spletu\/#breadcrumb"},"inLanguage":"en-US","potentialAction":[{"@type":"ReadAction","target":["https:\/\/gooddealersmeds.com\/sl\/product\/kupite-jwh-250-na-spletu\/"]}]},{"@type":"ImageObject","inLanguage":"en-US","@id":"https:\/\/gooddealersmeds.com\/sl\/product\/kupite-jwh-250-na-spletu\/#primaryimage","url":"https:\/\/gooddealersmeds.com\/sl\/wp-content\/uploads\/sites\/10\/2023\/01\/jhw.png","contentUrl":"https:\/\/gooddealersmeds.com\/sl\/wp-content\/uploads\/sites\/10\/2023\/01\/jhw.png","width":267,"height":189},{"@type":"BreadcrumbList","@id":"https:\/\/gooddealersmeds.com\/sl\/product\/kupite-jwh-250-na-spletu\/#breadcrumb","itemListElement":[{"@type":"ListItem","position":1,"name":"Home","item":"https:\/\/gooddealersmeds.com\/sl\/"},{"@type":"ListItem","position":2,"name":"Izdelki","item":"https:\/\/gooddealersmeds.com\/sl\/izdelki\/"},{"@type":"ListItem","position":3,"name":"Kupite JWH-250 na spletu"}]},{"@type":"WebSite","@id":"https:\/\/gooddealersmeds.com\/sl\/#website","url":"https:\/\/gooddealersmeds.com\/sl\/","name":"Good Dealers Meds","description":"All our best","publisher":{"@id":"https:\/\/gooddealersmeds.com\/sl\/#organization"},"potentialAction":[{"@type":"SearchAction","target":{"@type":"EntryPoint","urlTemplate":"https:\/\/gooddealersmeds.com\/sl\/?s={search_term_string}"},"query-input":{"@type":"PropertyValueSpecification","valueRequired":true,"valueName":"search_term_string"}}],"inLanguage":"en-US"},{"@type":"Organization","@id":"https:\/\/gooddealersmeds.com\/sl\/#organization","name":"Good Dealers Meds","url":"https:\/\/gooddealersmeds.com\/sl\/","logo":{"@type":"ImageObject","inLanguage":"en-US","@id":"https:\/\/gooddealersmeds.com\/sl\/#\/schema\/logo\/image\/","url":"https:\/\/gooddealersmeds.com\/sl\/wp-content\/uploads\/sites\/10\/2022\/03\/gooddealersmeds__logo__20220317T222800Z.00.png","contentUrl":"https:\/\/gooddealersmeds.com\/sl\/wp-content\/uploads\/sites\/10\/2022\/03\/gooddealersmeds__logo__20220317T222800Z.00.png","width":500,"height":325,"caption":"Good Dealers Meds"},"image":{"@id":"https:\/\/gooddealersmeds.com\/sl\/#\/schema\/logo\/image\/"}}]}},"_links":{"self":[{"href":"https:\/\/gooddealersmeds.com\/sl\/wp-json\/wp\/v2\/product\/2216","targetHints":{"allow":["GET"]}}],"collection":[{"href":"https:\/\/gooddealersmeds.com\/sl\/wp-json\/wp\/v2\/product"}],"about":[{"href":"https:\/\/gooddealersmeds.com\/sl\/wp-json\/wp\/v2\/types\/product"}],"replies":[{"embeddable":true,"href":"https:\/\/gooddealersmeds.com\/sl\/wp-json\/wp\/v2\/comments?post=2216"}],"wp:featuredmedia":[{"embeddable":true,"href":"https:\/\/gooddealersmeds.com\/sl\/wp-json\/wp\/v2\/media\/2246"}],"wp:attachment":[{"href":"https:\/\/gooddealersmeds.com\/sl\/wp-json\/wp\/v2\/media?parent=2216"}],"wp:term":[{"taxonomy":"product_brand","embeddable":true,"href":"https:\/\/gooddealersmeds.com\/sl\/wp-json\/wp\/v2\/product_brand?post=2216"},{"taxonomy":"product_cat","embeddable":true,"href":"https:\/\/gooddealersmeds.com\/sl\/wp-json\/wp\/v2\/product_cat?post=2216"},{"taxonomy":"product_tag","embeddable":true,"href":"https:\/\/gooddealersmeds.com\/sl\/wp-json\/wp\/v2\/product_tag?post=2216"}],"curies":[{"name":"wp","href":"https:\/\/api.w.org\/{rel}","templated":true}]}}