{"id":2215,"date":"2023-01-08T19:11:52","date_gmt":"2023-01-08T19:11:52","guid":{"rendered":"https:\/\/gooddealersmeds.com\/sl\/?post_type=product&#038;p=2215"},"modified":"2023-03-13T01:40:41","modified_gmt":"2023-03-13T01:40:41","slug":"kupite-jwh-018-na-spletu","status":"publish","type":"product","link":"https:\/\/gooddealersmeds.com\/sl\/product\/kupite-jwh-018-na-spletu\/","title":{"rendered":"Kupite JWH-018 na spletu"},"content":{"rendered":"<p><strong>JWH 018 v prahu: kupite JWH-018 na spletu<\/strong><\/p>\n<p>Buy JWH-018 Online je analiti\u010dno referen\u010dno gradivo, razvr\u0161\u010deno kot\u00a0<a href=\"https:\/\/www.frontiersin.org\/articles\/10.3389\/fpsyt.2018.00055\/full\">sinteti\u010dni kanabinoid<\/a>. 1. Najdemo ga v zeli\u0161\u010dnih me\u0161anicah tipa Spice\/K2 in ima lahko nevrotoksi\u010dne lastnosti. JWH-018 je bil prav tako pridobljen iz treh razli\u010dnih netradicionalnih spletnih virov:<a href=\"https:\/\/gooddealersmeds.com\/sl\/product\/kupite-jwh-018-na-spletu\/\"> jwh018<\/a> .<\/p>\n<p>Oglejte si in kupite JWH 018 visoke \u010distosti. JWH-018 je sinteti\u010dni kanabinoidni agonist brez klasi\u010dne kanabinoidne kemi\u010dne strukture. V raziskavah je bil uporabljen kot raziskovalno orodje.<\/p>\n<p>Naro\u010dilo JWH-018<br \/>\nkje lahko kupim JWH-018<br \/>\nJWH-018 prodam<br \/>\nJWH-018<br \/>\nkupite JWH-018 na spletu<br \/>\nJWH-018 kupite tukaj<\/p>\n<p>&nbsp;<\/p>\n<p><strong>JWH-018 naprodaj<\/strong><\/p>\n<p>Zavezani smo k pomo\u010di strankam po vsem svetu pri njihovih razli\u010dnih potrebah z zagotavljanjem celovitih in profesionalnih storitev. U\u017eivamo dober ugled med na\u0161imi poslovnimi partnerji in kupci zaradi visoke kakovosti izdelkov, vzdr\u017eujemo najvi\u0161je standarde pri izdelavi na\u0161ih izdelkov in izbiri vseh izdelkov, ki jih z dolgoletnimi izku\u0161njami vklju\u010dujemo v na\u0161o ponudbo.<\/p>\n<p>V tej panogi smo pridobili ugled enega najbolj zaupanja vrednih dobaviteljev v Veliki Britaniji, Evropi in svetu.<\/p>\n<p>Vemo, da obstaja veliko razli\u010dnih mo\u017enosti za dostavo va\u0161ih raziskovalnih kemikalij,<\/p>\n<p>Zato si vzemite trenutek in preberite, kaj nas dela druga\u010dne od ostalih.<\/p>\n<p>naro\u010dite JWH-018 na spletu<br \/>\nPoceni JWH-018 prodam<br \/>\nJWH-018 tukaj<br \/>\nJWH-018 blizu mene<br \/>\nJWH-018 kje naro\u010diti<br \/>\nJWH-018 razdelilnik<\/p>\n<p>\u0160tudije in vivo so pokazale, da sta JWH-250 in JWH-073, dajana lo\u010deno, povzro\u010dila izrazito hipotermijo, zvi\u0161ala prag bole\u010dine za \u0161kodljive mehanske in toplotne dra\u017eljaje, povzro\u010dila katalepsijo, zmanj\u0161ano motori\u010dno aktivnost, oslabljene senzomotori\u010dne odzive (vidne, zvo\u010dne in taktilne), povzro\u010dil epilepti\u010dne napade, mioklonijo<\/p>\n","protected":false},"excerpt":{"rendered":"<p><strong>Kupite JWH 018 na spletu:<\/strong><\/p>\n<p>\u0160tevilne stranke JWH 018 naro\u010dajo pri nas. Na spletu prodajamo JWH-018 najbolj\u0161e kakovosti in na\u0161 najbolj\u0161i na\u010din pla\u010dila. JWH-018 lahko naro\u010dite in vam ga dostavijo \u010dez no\u010d, dostava je opravljena skrbno, podpis ni potreben. Gooddealchem.com je va\u0161a re\u0161itev za spletni nakup JWH-018.<\/p>\n","protected":false},"featured_media":2245,"comment_status":"open","ping_status":"closed","template":"","meta":{"inline_featured_image":false},"product_brand":[],"product_cat":[344],"product_tag":[667,666,668],"class_list":{"0":"post-2215","1":"product","2":"type-product","3":"status-publish","4":"has-post-thumbnail","6":"product_cat-raziskave-kemikalije","7":"product_tag-ali-je-jwh-018-zakonit","8":"product_tag-nakup-jwh-018-prek-spleta","9":"product_tag-zakonit-dobavitelj-jwh-018","11":"first","12":"instock","13":"shipping-taxable","14":"purchasable","15":"product-type-variable","16":"has-default-attributes"},"yoast_head":"<!-- This site is optimized with the Yoast SEO Premium plugin v20.6 (Yoast SEO v27.3) - https:\/\/yoast.com\/product\/yoast-seo-premium-wordpress\/ -->\n<title>Kupite JWH-018 na spletu | Naro\u010dite JWH-018 tukaj | JWH-018 Prodam.<\/title>\n<meta name=\"description\" content=\"Kupite JWH-018 na spletu, smo najbolj\u0161i dobavitelji JWH-018 po dostopni ceni in zagotavljamo dostavo. Naro\u010dite izdelek najbolj\u0161e kakovosti.\" \/>\n<meta name=\"robots\" content=\"index, follow, max-snippet:-1, max-image-preview:large, max-video-preview:-1\" \/>\n<link rel=\"canonical\" href=\"https:\/\/gooddealersmeds.com\/sl\/product\/kupite-jwh-018-na-spletu\/\" \/>\n<meta property=\"og:locale\" content=\"en_US\" \/>\n<meta property=\"og:type\" content=\"article\" \/>\n<meta property=\"og:title\" content=\"Kupite JWH-018 na spletu\" \/>\n<meta property=\"og:description\" content=\"Kupite JWH-018 na spletu, smo najbolj\u0161i dobavitelji JWH-018 po dostopni ceni in zagotavljamo dostavo. Naro\u010dite izdelek najbolj\u0161e kakovosti.\" \/>\n<meta property=\"og:url\" content=\"https:\/\/gooddealersmeds.com\/sl\/product\/kupite-jwh-018-na-spletu\/\" \/>\n<meta property=\"og:site_name\" content=\"Good Dealers Meds\" \/>\n<meta property=\"article:modified_time\" content=\"2023-03-13T01:40:41+00:00\" \/>\n<meta property=\"og:image\" content=\"https:\/\/gooddealersmeds.com\/sl\/wp-content\/uploads\/sites\/10\/2023\/01\/JHW-018-1.jpg\" \/>\n\t<meta property=\"og:image:width\" content=\"600\" \/>\n\t<meta property=\"og:image:height\" content=\"600\" \/>\n\t<meta property=\"og:image:type\" content=\"image\/jpeg\" \/>\n<meta name=\"twitter:card\" content=\"summary_large_image\" \/>\n<meta name=\"twitter:label1\" content=\"Est. reading time\" \/>\n\t<meta name=\"twitter:data1\" content=\"1 minute\" \/>\n<script type=\"application\/ld+json\" class=\"yoast-schema-graph\">{\"@context\":\"https:\\\/\\\/schema.org\",\"@graph\":[{\"@type\":\"WebPage\",\"@id\":\"https:\\\/\\\/gooddealersmeds.com\\\/sl\\\/product\\\/kupite-jwh-018-na-spletu\\\/\",\"url\":\"https:\\\/\\\/gooddealersmeds.com\\\/sl\\\/product\\\/kupite-jwh-018-na-spletu\\\/\",\"name\":\"Kupite JWH-018 na spletu | Naro\u010dite JWH-018 tukaj | JWH-018 Prodam.\",\"isPartOf\":{\"@id\":\"https:\\\/\\\/gooddealersmeds.com\\\/sl\\\/#website\"},\"primaryImageOfPage\":{\"@id\":\"https:\\\/\\\/gooddealersmeds.com\\\/sl\\\/product\\\/kupite-jwh-018-na-spletu\\\/#primaryimage\"},\"image\":{\"@id\":\"https:\\\/\\\/gooddealersmeds.com\\\/sl\\\/product\\\/kupite-jwh-018-na-spletu\\\/#primaryimage\"},\"thumbnailUrl\":\"https:\\\/\\\/gooddealersmeds.com\\\/sl\\\/wp-content\\\/uploads\\\/sites\\\/10\\\/2023\\\/01\\\/JHW-018-1.jpg\",\"datePublished\":\"2023-01-08T19:11:52+00:00\",\"dateModified\":\"2023-03-13T01:40:41+00:00\",\"description\":\"Kupite JWH-018 na spletu, smo najbolj\u0161i dobavitelji JWH-018 po dostopni ceni in zagotavljamo dostavo. Naro\u010dite izdelek najbolj\u0161e kakovosti.\",\"breadcrumb\":{\"@id\":\"https:\\\/\\\/gooddealersmeds.com\\\/sl\\\/product\\\/kupite-jwh-018-na-spletu\\\/#breadcrumb\"},\"inLanguage\":\"en-US\",\"potentialAction\":[{\"@type\":\"ReadAction\",\"target\":[\"https:\\\/\\\/gooddealersmeds.com\\\/sl\\\/product\\\/kupite-jwh-018-na-spletu\\\/\"]}]},{\"@type\":\"ImageObject\",\"inLanguage\":\"en-US\",\"@id\":\"https:\\\/\\\/gooddealersmeds.com\\\/sl\\\/product\\\/kupite-jwh-018-na-spletu\\\/#primaryimage\",\"url\":\"https:\\\/\\\/gooddealersmeds.com\\\/sl\\\/wp-content\\\/uploads\\\/sites\\\/10\\\/2023\\\/01\\\/JHW-018-1.jpg\",\"contentUrl\":\"https:\\\/\\\/gooddealersmeds.com\\\/sl\\\/wp-content\\\/uploads\\\/sites\\\/10\\\/2023\\\/01\\\/JHW-018-1.jpg\",\"width\":600,\"height\":600},{\"@type\":\"BreadcrumbList\",\"@id\":\"https:\\\/\\\/gooddealersmeds.com\\\/sl\\\/product\\\/kupite-jwh-018-na-spletu\\\/#breadcrumb\",\"itemListElement\":[{\"@type\":\"ListItem\",\"position\":1,\"name\":\"Home\",\"item\":\"https:\\\/\\\/gooddealersmeds.com\\\/sl\\\/\"},{\"@type\":\"ListItem\",\"position\":2,\"name\":\"Izdelki\",\"item\":\"https:\\\/\\\/gooddealersmeds.com\\\/sl\\\/izdelki\\\/\"},{\"@type\":\"ListItem\",\"position\":3,\"name\":\"Kupite JWH-018 na spletu\"}]},{\"@type\":\"WebSite\",\"@id\":\"https:\\\/\\\/gooddealersmeds.com\\\/sl\\\/#website\",\"url\":\"https:\\\/\\\/gooddealersmeds.com\\\/sl\\\/\",\"name\":\"Good Dealers Meds\",\"description\":\"All our best\",\"publisher\":{\"@id\":\"https:\\\/\\\/gooddealersmeds.com\\\/sl\\\/#organization\"},\"potentialAction\":[{\"@type\":\"SearchAction\",\"target\":{\"@type\":\"EntryPoint\",\"urlTemplate\":\"https:\\\/\\\/gooddealersmeds.com\\\/sl\\\/?s={search_term_string}\"},\"query-input\":{\"@type\":\"PropertyValueSpecification\",\"valueRequired\":true,\"valueName\":\"search_term_string\"}}],\"inLanguage\":\"en-US\"},{\"@type\":\"Organization\",\"@id\":\"https:\\\/\\\/gooddealersmeds.com\\\/sl\\\/#organization\",\"name\":\"Good Dealers Meds\",\"url\":\"https:\\\/\\\/gooddealersmeds.com\\\/sl\\\/\",\"logo\":{\"@type\":\"ImageObject\",\"inLanguage\":\"en-US\",\"@id\":\"https:\\\/\\\/gooddealersmeds.com\\\/sl\\\/#\\\/schema\\\/logo\\\/image\\\/\",\"url\":\"https:\\\/\\\/gooddealersmeds.com\\\/sl\\\/wp-content\\\/uploads\\\/sites\\\/10\\\/2022\\\/03\\\/gooddealersmeds__logo__20220317T222800Z.00.png\",\"contentUrl\":\"https:\\\/\\\/gooddealersmeds.com\\\/sl\\\/wp-content\\\/uploads\\\/sites\\\/10\\\/2022\\\/03\\\/gooddealersmeds__logo__20220317T222800Z.00.png\",\"width\":500,\"height\":325,\"caption\":\"Good Dealers Meds\"},\"image\":{\"@id\":\"https:\\\/\\\/gooddealersmeds.com\\\/sl\\\/#\\\/schema\\\/logo\\\/image\\\/\"}}]}<\/script>\n<!-- \/ Yoast SEO Premium plugin. -->","yoast_head_json":{"title":"Kupite JWH-018 na spletu | Naro\u010dite JWH-018 tukaj | JWH-018 Prodam.","description":"Kupite JWH-018 na spletu, smo najbolj\u0161i dobavitelji JWH-018 po dostopni ceni in zagotavljamo dostavo. Naro\u010dite izdelek najbolj\u0161e kakovosti.","robots":{"index":"index","follow":"follow","max-snippet":"max-snippet:-1","max-image-preview":"max-image-preview:large","max-video-preview":"max-video-preview:-1"},"canonical":"https:\/\/gooddealersmeds.com\/sl\/product\/kupite-jwh-018-na-spletu\/","og_locale":"en_US","og_type":"article","og_title":"Kupite JWH-018 na spletu","og_description":"Kupite JWH-018 na spletu, smo najbolj\u0161i dobavitelji JWH-018 po dostopni ceni in zagotavljamo dostavo. Naro\u010dite izdelek najbolj\u0161e kakovosti.","og_url":"https:\/\/gooddealersmeds.com\/sl\/product\/kupite-jwh-018-na-spletu\/","og_site_name":"Good Dealers Meds","article_modified_time":"2023-03-13T01:40:41+00:00","og_image":[{"width":600,"height":600,"url":"https:\/\/gooddealersmeds.com\/sl\/wp-content\/uploads\/sites\/10\/2023\/01\/JHW-018-1.jpg","type":"image\/jpeg"}],"twitter_card":"summary_large_image","twitter_misc":{"Est. reading time":"1 minute"},"schema":{"@context":"https:\/\/schema.org","@graph":[{"@type":"WebPage","@id":"https:\/\/gooddealersmeds.com\/sl\/product\/kupite-jwh-018-na-spletu\/","url":"https:\/\/gooddealersmeds.com\/sl\/product\/kupite-jwh-018-na-spletu\/","name":"Kupite JWH-018 na spletu | Naro\u010dite JWH-018 tukaj | JWH-018 Prodam.","isPartOf":{"@id":"https:\/\/gooddealersmeds.com\/sl\/#website"},"primaryImageOfPage":{"@id":"https:\/\/gooddealersmeds.com\/sl\/product\/kupite-jwh-018-na-spletu\/#primaryimage"},"image":{"@id":"https:\/\/gooddealersmeds.com\/sl\/product\/kupite-jwh-018-na-spletu\/#primaryimage"},"thumbnailUrl":"https:\/\/gooddealersmeds.com\/sl\/wp-content\/uploads\/sites\/10\/2023\/01\/JHW-018-1.jpg","datePublished":"2023-01-08T19:11:52+00:00","dateModified":"2023-03-13T01:40:41+00:00","description":"Kupite JWH-018 na spletu, smo najbolj\u0161i dobavitelji JWH-018 po dostopni ceni in zagotavljamo dostavo. Naro\u010dite izdelek najbolj\u0161e kakovosti.","breadcrumb":{"@id":"https:\/\/gooddealersmeds.com\/sl\/product\/kupite-jwh-018-na-spletu\/#breadcrumb"},"inLanguage":"en-US","potentialAction":[{"@type":"ReadAction","target":["https:\/\/gooddealersmeds.com\/sl\/product\/kupite-jwh-018-na-spletu\/"]}]},{"@type":"ImageObject","inLanguage":"en-US","@id":"https:\/\/gooddealersmeds.com\/sl\/product\/kupite-jwh-018-na-spletu\/#primaryimage","url":"https:\/\/gooddealersmeds.com\/sl\/wp-content\/uploads\/sites\/10\/2023\/01\/JHW-018-1.jpg","contentUrl":"https:\/\/gooddealersmeds.com\/sl\/wp-content\/uploads\/sites\/10\/2023\/01\/JHW-018-1.jpg","width":600,"height":600},{"@type":"BreadcrumbList","@id":"https:\/\/gooddealersmeds.com\/sl\/product\/kupite-jwh-018-na-spletu\/#breadcrumb","itemListElement":[{"@type":"ListItem","position":1,"name":"Home","item":"https:\/\/gooddealersmeds.com\/sl\/"},{"@type":"ListItem","position":2,"name":"Izdelki","item":"https:\/\/gooddealersmeds.com\/sl\/izdelki\/"},{"@type":"ListItem","position":3,"name":"Kupite JWH-018 na spletu"}]},{"@type":"WebSite","@id":"https:\/\/gooddealersmeds.com\/sl\/#website","url":"https:\/\/gooddealersmeds.com\/sl\/","name":"Good Dealers Meds","description":"All our best","publisher":{"@id":"https:\/\/gooddealersmeds.com\/sl\/#organization"},"potentialAction":[{"@type":"SearchAction","target":{"@type":"EntryPoint","urlTemplate":"https:\/\/gooddealersmeds.com\/sl\/?s={search_term_string}"},"query-input":{"@type":"PropertyValueSpecification","valueRequired":true,"valueName":"search_term_string"}}],"inLanguage":"en-US"},{"@type":"Organization","@id":"https:\/\/gooddealersmeds.com\/sl\/#organization","name":"Good Dealers Meds","url":"https:\/\/gooddealersmeds.com\/sl\/","logo":{"@type":"ImageObject","inLanguage":"en-US","@id":"https:\/\/gooddealersmeds.com\/sl\/#\/schema\/logo\/image\/","url":"https:\/\/gooddealersmeds.com\/sl\/wp-content\/uploads\/sites\/10\/2022\/03\/gooddealersmeds__logo__20220317T222800Z.00.png","contentUrl":"https:\/\/gooddealersmeds.com\/sl\/wp-content\/uploads\/sites\/10\/2022\/03\/gooddealersmeds__logo__20220317T222800Z.00.png","width":500,"height":325,"caption":"Good Dealers Meds"},"image":{"@id":"https:\/\/gooddealersmeds.com\/sl\/#\/schema\/logo\/image\/"}}]}},"_links":{"self":[{"href":"https:\/\/gooddealersmeds.com\/sl\/wp-json\/wp\/v2\/product\/2215","targetHints":{"allow":["GET"]}}],"collection":[{"href":"https:\/\/gooddealersmeds.com\/sl\/wp-json\/wp\/v2\/product"}],"about":[{"href":"https:\/\/gooddealersmeds.com\/sl\/wp-json\/wp\/v2\/types\/product"}],"replies":[{"embeddable":true,"href":"https:\/\/gooddealersmeds.com\/sl\/wp-json\/wp\/v2\/comments?post=2215"}],"wp:featuredmedia":[{"embeddable":true,"href":"https:\/\/gooddealersmeds.com\/sl\/wp-json\/wp\/v2\/media\/2245"}],"wp:attachment":[{"href":"https:\/\/gooddealersmeds.com\/sl\/wp-json\/wp\/v2\/media?parent=2215"}],"wp:term":[{"taxonomy":"product_brand","embeddable":true,"href":"https:\/\/gooddealersmeds.com\/sl\/wp-json\/wp\/v2\/product_brand?post=2215"},{"taxonomy":"product_cat","embeddable":true,"href":"https:\/\/gooddealersmeds.com\/sl\/wp-json\/wp\/v2\/product_cat?post=2215"},{"taxonomy":"product_tag","embeddable":true,"href":"https:\/\/gooddealersmeds.com\/sl\/wp-json\/wp\/v2\/product_tag?post=2215"}],"curies":[{"name":"wp","href":"https:\/\/api.w.org\/{rel}","templated":true}]}}