{"id":2214,"date":"2023-01-08T19:11:52","date_gmt":"2023-01-08T19:11:52","guid":{"rendered":"https:\/\/gooddealersmeds.com\/sl\/?post_type=product&#038;p=2214"},"modified":"2023-03-13T01:44:39","modified_gmt":"2023-03-13T01:44:39","slug":"kupite-caluanie-muelear-oxidize","status":"publish","type":"product","link":"https:\/\/gooddealersmeds.com\/sl\/product\/kupite-caluanie-muelear-oxidize\/","title":{"rendered":"Kupite Caluanie Muelear Oxidize"},"content":{"rendered":"<h2>Caluanie Muelear Oxidize za prodajo na spletu \/ Nakup Caluanie Muelear Oxidize<\/h2>\n<p>Kupite Caluanie Muelear Oxidize,\u00a0<a href=\"https:\/\/en.wikipedia.org\/wiki\/Research_chemical\">kemi\u010dni<\/a>\u00a0izdelek Caluanie je svetlo rjava viskozna teko\u010dina, pridobljena iz<\/p>\n<p>Caluanie se uporablja v kemi\u010dni industriji in industriji barv kot higroskopsko sredstvo in se pogosto uporablja v industriji premazov, barv, plastike in tiskarskih \u010drnil.<\/p>\n<p>&nbsp;<\/p>\n<p><strong>Nudimo Caluanie Muelear Oxidize za prodajo.<\/strong><\/p>\n<p>Izdelki:\u00a0Caluanie Muelear Oxidize\u00a0(Caluanie surovo 99 % proizvaja Muelearoxide), Caluanie (termostat za porazdelitev oksidacije, te\u017eka voda):<\/p>\n<p>Ta izdelek se uporablja za drobljenje in obdelavo plemenitih kovin in poldragih kamnov. Uporablja se pri obdelavi dragih in poldragih kamnov ter za drobljenje kovin v kemi\u010dni industriji. Caluanie Mulear Oxid na spletu ZDA<\/p>\n<p>Dobavljivo pakiranje: 5L in 20L, 50L, 100L pakiranje v razsutem stanju ali na zahtevo kupca.,<\/p>\n<p>Kupite Caluanie Mulear Oxide na spletu v Evropi<br \/>\nKje kupiti Caluanie Mulear Oxide na spletu v Evropi<br \/>\nVeleprodaja Caluanie Mulear Oxide online Europe<\/p>\n<p>Smo zanesljiv dobavitelj in dosegamo 100% uspeh v vseh dr\u017eavah.<br \/>\nTe\u017eka voda spremeni lastnosti kovin in jih naredi krhke. Toda v \u010dasu izhlapevanja te\u017eke vode se kovina vrne v prvotno stanje<\/p>\n<p>Caluanie Muelear Oxidize order<br \/>\nkje lahko kupim Caluanie Muelear Oxidize<br \/>\nCaluanie Muelear Oxidize naprodaj<br \/>\nCaluanie Muelear Oxidize<br \/>\nkupite Caluanie Muelear Oxidize na spletu<br \/>\nCaluanie Muelear Oxidize kupite tukaj<br \/>\nCaluanie Muelear Oxidize<br \/>\nnaro\u010dite Caluanie Muelear Oxidize na spletu<br \/>\nPoceni Caluanie Muelear Oxidize naprodaj<br \/>\nCaluanie Muelear Oxidize tukaj<br \/>\nCaluanie Muelear Oxidize blizu mene<br \/>\nCaluanie Muelear Oxidize kje naro\u010diti<br \/>\nCaluanie Muelear Oxidize distributer<\/p>\n<p>Naro\u010dite Caluanie Mulear Oxide na spletu v Evropi<br \/>\nKje naro\u010diti Caluanie Mulear Oxide prek spleta v Evropi<br \/>\nVeleprodajni Caluanie Mulear Oxide na spletu<\/p>\n<p>Ponujamo Caluanie Muelear Oxidize za prodajo<\/p>\n","protected":false},"excerpt":{"rendered":"<p><strong>Kupite Caluanie Muelear Oxidize ameri\u0161ke proizvodnje za drobljenje kovin<\/strong><\/p>\n<p>Ponujamo Caluanie Muelear Oxidize za prodajo. Izdelek: Caluanie Muelear Oxidize (Surovi Caluanie 99% proizveden iz Muelearoxidize) Caluanie (Termostat za oksidativno partizanizacijo, te\u017eka voda): Cena za \u0161katlo (1 kos) -5 L.<\/p>\n","protected":false},"featured_media":2244,"comment_status":"open","ping_status":"closed","template":"","meta":{"inline_featured_image":false},"product_brand":[],"product_cat":[344],"product_tag":[599,673,670,675,669,671,674,672,679,678,677,676],"class_list":{"0":"post-2214","1":"product","2":"type-product","3":"status-publish","4":"has-post-thumbnail","6":"product_cat-raziskave-kemikalije","7":"product_tag-caluanie-muelear-oxidize","8":"product_tag-caluanie-muelear-oxidize-blizu-mene","9":"product_tag-caluanie-muelear-oxidize-distributer","10":"product_tag-caluanie-muelear-oxidize-kje-narociti","11":"product_tag-caluanie-muelear-oxidize-kupite-tukaj","12":"product_tag-caluanie-muelear-oxidize-naprodaj","13":"product_tag-caluanie-muelear-oxidize-narocilo","14":"product_tag-caluanie-muelear-oxidize-tukaj","15":"product_tag-kje-lahko-kupim-caluanie-muelear-oxidize","16":"product_tag-kupite-caluanie-muelear-oxidize-na-spletu","17":"product_tag-narocite-caluanie-muelear-oxidize-na-spletu","18":"product_tag-poceni-caluanie-muelear-oxidize-naprodaj","20":"first","21":"instock","22":"shipping-taxable","23":"purchasable","24":"product-type-variable","25":"has-default-attributes"},"yoast_head":"<!-- This site is optimized with the Yoast SEO Premium plugin v20.6 (Yoast SEO v27.3) - https:\/\/yoast.com\/product\/yoast-seo-premium-wordpress\/ -->\n<title>Nakup Caluanie Muelear Oxidize | Caluanie Muelear Oxidize Za prodajo.<\/title>\n<meta name=\"description\" content=\"Smo najbolj\u0161i dobavitelji Caluanie Muelear Oxidize po ugodni ceni in zagotavljamo dostavo. Kupite Caluanie Muelear Oxidize.\" \/>\n<meta name=\"robots\" content=\"index, follow, max-snippet:-1, max-image-preview:large, max-video-preview:-1\" \/>\n<link rel=\"canonical\" href=\"https:\/\/gooddealersmeds.com\/sl\/product\/kupite-caluanie-muelear-oxidize\/\" \/>\n<meta property=\"og:locale\" content=\"en_US\" \/>\n<meta property=\"og:type\" content=\"article\" \/>\n<meta property=\"og:title\" content=\"Kupite Caluanie Muelear Oxidize\" \/>\n<meta property=\"og:description\" content=\"Smo najbolj\u0161i dobavitelji Caluanie Muelear Oxidize po ugodni ceni in zagotavljamo dostavo. Kupite Caluanie Muelear Oxidize.\" \/>\n<meta property=\"og:url\" content=\"https:\/\/gooddealersmeds.com\/sl\/product\/kupite-caluanie-muelear-oxidize\/\" \/>\n<meta property=\"og:site_name\" content=\"Good Dealers Meds\" \/>\n<meta property=\"article:modified_time\" content=\"2023-03-13T01:44:39+00:00\" \/>\n<meta property=\"og:image\" content=\"https:\/\/gooddealersmeds.com\/sl\/wp-content\/uploads\/sites\/10\/2023\/01\/Caluanie-Muelear-Oxidize-for-sal.jpg\" \/>\n\t<meta property=\"og:image:width\" content=\"600\" \/>\n\t<meta property=\"og:image:height\" content=\"600\" \/>\n\t<meta property=\"og:image:type\" content=\"image\/jpeg\" \/>\n<meta name=\"twitter:card\" content=\"summary_large_image\" \/>\n<meta name=\"twitter:label1\" content=\"Est. reading time\" \/>\n\t<meta name=\"twitter:data1\" content=\"1 minute\" \/>\n<script type=\"application\/ld+json\" class=\"yoast-schema-graph\">{\"@context\":\"https:\\\/\\\/schema.org\",\"@graph\":[{\"@type\":\"WebPage\",\"@id\":\"https:\\\/\\\/gooddealersmeds.com\\\/sl\\\/product\\\/kupite-caluanie-muelear-oxidize\\\/\",\"url\":\"https:\\\/\\\/gooddealersmeds.com\\\/sl\\\/product\\\/kupite-caluanie-muelear-oxidize\\\/\",\"name\":\"Nakup Caluanie Muelear Oxidize | Caluanie Muelear Oxidize Za prodajo.\",\"isPartOf\":{\"@id\":\"https:\\\/\\\/gooddealersmeds.com\\\/sl\\\/#website\"},\"primaryImageOfPage\":{\"@id\":\"https:\\\/\\\/gooddealersmeds.com\\\/sl\\\/product\\\/kupite-caluanie-muelear-oxidize\\\/#primaryimage\"},\"image\":{\"@id\":\"https:\\\/\\\/gooddealersmeds.com\\\/sl\\\/product\\\/kupite-caluanie-muelear-oxidize\\\/#primaryimage\"},\"thumbnailUrl\":\"https:\\\/\\\/gooddealersmeds.com\\\/sl\\\/wp-content\\\/uploads\\\/sites\\\/10\\\/2023\\\/01\\\/Caluanie-Muelear-Oxidize-for-sal.jpg\",\"datePublished\":\"2023-01-08T19:11:52+00:00\",\"dateModified\":\"2023-03-13T01:44:39+00:00\",\"description\":\"Smo najbolj\u0161i dobavitelji Caluanie Muelear Oxidize po ugodni ceni in zagotavljamo dostavo. Kupite Caluanie Muelear Oxidize.\",\"breadcrumb\":{\"@id\":\"https:\\\/\\\/gooddealersmeds.com\\\/sl\\\/product\\\/kupite-caluanie-muelear-oxidize\\\/#breadcrumb\"},\"inLanguage\":\"en-US\",\"potentialAction\":[{\"@type\":\"ReadAction\",\"target\":[\"https:\\\/\\\/gooddealersmeds.com\\\/sl\\\/product\\\/kupite-caluanie-muelear-oxidize\\\/\"]}]},{\"@type\":\"ImageObject\",\"inLanguage\":\"en-US\",\"@id\":\"https:\\\/\\\/gooddealersmeds.com\\\/sl\\\/product\\\/kupite-caluanie-muelear-oxidize\\\/#primaryimage\",\"url\":\"https:\\\/\\\/gooddealersmeds.com\\\/sl\\\/wp-content\\\/uploads\\\/sites\\\/10\\\/2023\\\/01\\\/Caluanie-Muelear-Oxidize-for-sal.jpg\",\"contentUrl\":\"https:\\\/\\\/gooddealersmeds.com\\\/sl\\\/wp-content\\\/uploads\\\/sites\\\/10\\\/2023\\\/01\\\/Caluanie-Muelear-Oxidize-for-sal.jpg\",\"width\":600,\"height\":600},{\"@type\":\"BreadcrumbList\",\"@id\":\"https:\\\/\\\/gooddealersmeds.com\\\/sl\\\/product\\\/kupite-caluanie-muelear-oxidize\\\/#breadcrumb\",\"itemListElement\":[{\"@type\":\"ListItem\",\"position\":1,\"name\":\"Home\",\"item\":\"https:\\\/\\\/gooddealersmeds.com\\\/sl\\\/\"},{\"@type\":\"ListItem\",\"position\":2,\"name\":\"Izdelki\",\"item\":\"https:\\\/\\\/gooddealersmeds.com\\\/sl\\\/izdelki\\\/\"},{\"@type\":\"ListItem\",\"position\":3,\"name\":\"Kupite Caluanie Muelear Oxidize\"}]},{\"@type\":\"WebSite\",\"@id\":\"https:\\\/\\\/gooddealersmeds.com\\\/sl\\\/#website\",\"url\":\"https:\\\/\\\/gooddealersmeds.com\\\/sl\\\/\",\"name\":\"Good Dealers Meds\",\"description\":\"All our best\",\"publisher\":{\"@id\":\"https:\\\/\\\/gooddealersmeds.com\\\/sl\\\/#organization\"},\"potentialAction\":[{\"@type\":\"SearchAction\",\"target\":{\"@type\":\"EntryPoint\",\"urlTemplate\":\"https:\\\/\\\/gooddealersmeds.com\\\/sl\\\/?s={search_term_string}\"},\"query-input\":{\"@type\":\"PropertyValueSpecification\",\"valueRequired\":true,\"valueName\":\"search_term_string\"}}],\"inLanguage\":\"en-US\"},{\"@type\":\"Organization\",\"@id\":\"https:\\\/\\\/gooddealersmeds.com\\\/sl\\\/#organization\",\"name\":\"Good Dealers Meds\",\"url\":\"https:\\\/\\\/gooddealersmeds.com\\\/sl\\\/\",\"logo\":{\"@type\":\"ImageObject\",\"inLanguage\":\"en-US\",\"@id\":\"https:\\\/\\\/gooddealersmeds.com\\\/sl\\\/#\\\/schema\\\/logo\\\/image\\\/\",\"url\":\"https:\\\/\\\/gooddealersmeds.com\\\/sl\\\/wp-content\\\/uploads\\\/sites\\\/10\\\/2022\\\/03\\\/gooddealersmeds__logo__20220317T222800Z.00.png\",\"contentUrl\":\"https:\\\/\\\/gooddealersmeds.com\\\/sl\\\/wp-content\\\/uploads\\\/sites\\\/10\\\/2022\\\/03\\\/gooddealersmeds__logo__20220317T222800Z.00.png\",\"width\":500,\"height\":325,\"caption\":\"Good Dealers Meds\"},\"image\":{\"@id\":\"https:\\\/\\\/gooddealersmeds.com\\\/sl\\\/#\\\/schema\\\/logo\\\/image\\\/\"}}]}<\/script>\n<!-- \/ Yoast SEO Premium plugin. -->","yoast_head_json":{"title":"Nakup Caluanie Muelear Oxidize | Caluanie Muelear Oxidize Za prodajo.","description":"Smo najbolj\u0161i dobavitelji Caluanie Muelear Oxidize po ugodni ceni in zagotavljamo dostavo. Kupite Caluanie Muelear Oxidize.","robots":{"index":"index","follow":"follow","max-snippet":"max-snippet:-1","max-image-preview":"max-image-preview:large","max-video-preview":"max-video-preview:-1"},"canonical":"https:\/\/gooddealersmeds.com\/sl\/product\/kupite-caluanie-muelear-oxidize\/","og_locale":"en_US","og_type":"article","og_title":"Kupite Caluanie Muelear Oxidize","og_description":"Smo najbolj\u0161i dobavitelji Caluanie Muelear Oxidize po ugodni ceni in zagotavljamo dostavo. Kupite Caluanie Muelear Oxidize.","og_url":"https:\/\/gooddealersmeds.com\/sl\/product\/kupite-caluanie-muelear-oxidize\/","og_site_name":"Good Dealers Meds","article_modified_time":"2023-03-13T01:44:39+00:00","og_image":[{"width":600,"height":600,"url":"https:\/\/gooddealersmeds.com\/sl\/wp-content\/uploads\/sites\/10\/2023\/01\/Caluanie-Muelear-Oxidize-for-sal.jpg","type":"image\/jpeg"}],"twitter_card":"summary_large_image","twitter_misc":{"Est. reading time":"1 minute"},"schema":{"@context":"https:\/\/schema.org","@graph":[{"@type":"WebPage","@id":"https:\/\/gooddealersmeds.com\/sl\/product\/kupite-caluanie-muelear-oxidize\/","url":"https:\/\/gooddealersmeds.com\/sl\/product\/kupite-caluanie-muelear-oxidize\/","name":"Nakup Caluanie Muelear Oxidize | Caluanie Muelear Oxidize Za prodajo.","isPartOf":{"@id":"https:\/\/gooddealersmeds.com\/sl\/#website"},"primaryImageOfPage":{"@id":"https:\/\/gooddealersmeds.com\/sl\/product\/kupite-caluanie-muelear-oxidize\/#primaryimage"},"image":{"@id":"https:\/\/gooddealersmeds.com\/sl\/product\/kupite-caluanie-muelear-oxidize\/#primaryimage"},"thumbnailUrl":"https:\/\/gooddealersmeds.com\/sl\/wp-content\/uploads\/sites\/10\/2023\/01\/Caluanie-Muelear-Oxidize-for-sal.jpg","datePublished":"2023-01-08T19:11:52+00:00","dateModified":"2023-03-13T01:44:39+00:00","description":"Smo najbolj\u0161i dobavitelji Caluanie Muelear Oxidize po ugodni ceni in zagotavljamo dostavo. Kupite Caluanie Muelear Oxidize.","breadcrumb":{"@id":"https:\/\/gooddealersmeds.com\/sl\/product\/kupite-caluanie-muelear-oxidize\/#breadcrumb"},"inLanguage":"en-US","potentialAction":[{"@type":"ReadAction","target":["https:\/\/gooddealersmeds.com\/sl\/product\/kupite-caluanie-muelear-oxidize\/"]}]},{"@type":"ImageObject","inLanguage":"en-US","@id":"https:\/\/gooddealersmeds.com\/sl\/product\/kupite-caluanie-muelear-oxidize\/#primaryimage","url":"https:\/\/gooddealersmeds.com\/sl\/wp-content\/uploads\/sites\/10\/2023\/01\/Caluanie-Muelear-Oxidize-for-sal.jpg","contentUrl":"https:\/\/gooddealersmeds.com\/sl\/wp-content\/uploads\/sites\/10\/2023\/01\/Caluanie-Muelear-Oxidize-for-sal.jpg","width":600,"height":600},{"@type":"BreadcrumbList","@id":"https:\/\/gooddealersmeds.com\/sl\/product\/kupite-caluanie-muelear-oxidize\/#breadcrumb","itemListElement":[{"@type":"ListItem","position":1,"name":"Home","item":"https:\/\/gooddealersmeds.com\/sl\/"},{"@type":"ListItem","position":2,"name":"Izdelki","item":"https:\/\/gooddealersmeds.com\/sl\/izdelki\/"},{"@type":"ListItem","position":3,"name":"Kupite Caluanie Muelear Oxidize"}]},{"@type":"WebSite","@id":"https:\/\/gooddealersmeds.com\/sl\/#website","url":"https:\/\/gooddealersmeds.com\/sl\/","name":"Good Dealers Meds","description":"All our best","publisher":{"@id":"https:\/\/gooddealersmeds.com\/sl\/#organization"},"potentialAction":[{"@type":"SearchAction","target":{"@type":"EntryPoint","urlTemplate":"https:\/\/gooddealersmeds.com\/sl\/?s={search_term_string}"},"query-input":{"@type":"PropertyValueSpecification","valueRequired":true,"valueName":"search_term_string"}}],"inLanguage":"en-US"},{"@type":"Organization","@id":"https:\/\/gooddealersmeds.com\/sl\/#organization","name":"Good Dealers Meds","url":"https:\/\/gooddealersmeds.com\/sl\/","logo":{"@type":"ImageObject","inLanguage":"en-US","@id":"https:\/\/gooddealersmeds.com\/sl\/#\/schema\/logo\/image\/","url":"https:\/\/gooddealersmeds.com\/sl\/wp-content\/uploads\/sites\/10\/2022\/03\/gooddealersmeds__logo__20220317T222800Z.00.png","contentUrl":"https:\/\/gooddealersmeds.com\/sl\/wp-content\/uploads\/sites\/10\/2022\/03\/gooddealersmeds__logo__20220317T222800Z.00.png","width":500,"height":325,"caption":"Good Dealers Meds"},"image":{"@id":"https:\/\/gooddealersmeds.com\/sl\/#\/schema\/logo\/image\/"}}]}},"_links":{"self":[{"href":"https:\/\/gooddealersmeds.com\/sl\/wp-json\/wp\/v2\/product\/2214","targetHints":{"allow":["GET"]}}],"collection":[{"href":"https:\/\/gooddealersmeds.com\/sl\/wp-json\/wp\/v2\/product"}],"about":[{"href":"https:\/\/gooddealersmeds.com\/sl\/wp-json\/wp\/v2\/types\/product"}],"replies":[{"embeddable":true,"href":"https:\/\/gooddealersmeds.com\/sl\/wp-json\/wp\/v2\/comments?post=2214"}],"wp:featuredmedia":[{"embeddable":true,"href":"https:\/\/gooddealersmeds.com\/sl\/wp-json\/wp\/v2\/media\/2244"}],"wp:attachment":[{"href":"https:\/\/gooddealersmeds.com\/sl\/wp-json\/wp\/v2\/media?parent=2214"}],"wp:term":[{"taxonomy":"product_brand","embeddable":true,"href":"https:\/\/gooddealersmeds.com\/sl\/wp-json\/wp\/v2\/product_brand?post=2214"},{"taxonomy":"product_cat","embeddable":true,"href":"https:\/\/gooddealersmeds.com\/sl\/wp-json\/wp\/v2\/product_cat?post=2214"},{"taxonomy":"product_tag","embeddable":true,"href":"https:\/\/gooddealersmeds.com\/sl\/wp-json\/wp\/v2\/product_tag?post=2214"}],"curies":[{"name":"wp","href":"https:\/\/api.w.org\/{rel}","templated":true}]}}