{"id":2213,"date":"2023-01-08T19:11:52","date_gmt":"2023-01-08T19:11:52","guid":{"rendered":"https:\/\/gooddealersmeds.com\/sl\/?post_type=product&#038;p=2213"},"modified":"2023-03-13T01:47:05","modified_gmt":"2023-03-13T01:47:05","slug":"kupite-a-oil-amfetaminsko-olje","status":"publish","type":"product","link":"https:\/\/gooddealersmeds.com\/sl\/product\/kupite-a-oil-amfetaminsko-olje\/","title":{"rendered":"Kupite A-olje(amfetaminsko olje)"},"content":{"rendered":"<h2>Kupite amfetaminsko olje (A-olje) prek spleta zdaj<\/h2>\n<p>Kupite amfetaminsko olje (A-olje) na spletu. <a href=\"https:\/\/www.emcdda.europa.eu\/publications\/drug-profiles\/amphetamine_en\">A-amfetamin<\/a>\u00a0olje se uporablja v reakciji v posodi za sintezo amfetamina, vendar je to zdravilo te\u017eko izolirati in pre\u010distiti. Pri segrevanju z mravlji\u010dno kislino N-formilamfetamin tvori zmes fenilaktona in formamfetamida, ki se hidrolizira, da nastane amfetamin hidroklorid. Amfetaminsko olje se pridobiva po nevtralizaciji z mehkej\u0161o osnovo. Amfetaminsko olje se nato destilira s paro, da se proizvede \u010disti amfetamin. \u017dveplova kislina se nato uporabi za obdelavo bazi\u010dnega amfetamina, da se proizvede kristalna sol. naro\u010dite amfetaminsko olje (A-olje) na spletu, Spletni dobavitelj amfetaminskega olja, naro\u010dite amfetaminsko olje v razsutem stanju po nizki ceni, amfetaminsko olje pokli\u010dite tudi A olje, Kako uporabljati amfetaminsko olje,<\/p>\n<p>Druga mo\u017enost je sintetizirati amfetamin z reduktivno aminacijo fenilacetona. V primeru plinastega amoniaka fenilaceton proizvaja amfetamin, ko se katalitsko reducira (Pd\/C ali Pt2O).<\/p>\n<p>Sinteza metamfetamina in skritega amfetamina z amfetaminom z zmanj\u0161ano vsebnostjo olja. Stopnja redukcije v sintezi na eni to\u010dki je osrednja za razli\u010dne objavljene poti za sintezo amfetamina in metamfetamina. Od 95 referenc, obravnavanih za sintezo, so vse razen desetih uporabile redukcionisti\u010den pristop. Glede na to raznolikost razmi\u0161ljamo o pregledu kemije in razpravi o sestavljeni literaturi. kje naro\u010diti amfetaminsko olje, naro\u010danje olja A na spletu, amfetaminsko olje za prodajo, Kako priti do amfetaminskega olja, naro\u010dilo amfetaminskega olja, Olje za prodajo, Kako kupiti olje A na spletu,<\/p>\n","protected":false},"excerpt":{"rendered":"<p>Kupite amfetaminsko olje (A-olje) na spletu. Olje A-amfetamina se uporablja v reakciji v loncu za sintezo amfetamina, vendar je to zdravilo te\u017eko izolirati in o\u010distiti.<\/p>\n","protected":false},"featured_media":2243,"comment_status":"open","ping_status":"closed","template":"","meta":{"inline_featured_image":false},"product_brand":[],"product_cat":[344],"product_tag":[],"class_list":{"0":"post-2213","1":"product","2":"type-product","3":"status-publish","4":"has-post-thumbnail","6":"product_cat-raziskave-kemikalije","8":"first","9":"instock","10":"shipping-taxable","11":"purchasable","12":"product-type-variable","13":"has-default-attributes"},"yoast_head":"<!-- This site is optimized with the Yoast SEO Premium plugin v20.6 (Yoast SEO v27.3) - https:\/\/yoast.com\/product\/yoast-seo-premium-wordpress\/ -->\n<title>Kupite amfetaminsko olje (A-olje) | amfetaminsko olje (A-olje) za prodajo<\/title>\n<meta name=\"description\" content=\"Kupite amfetaminsko olje (A-olje) na spletu po dostopnih cenah in vam ga dostavijo na va\u0161 prag. Po\u0161iljamo po vsem svetu. naro\u010dilo amfetaminskega olja\" \/>\n<meta name=\"robots\" content=\"index, follow, max-snippet:-1, max-image-preview:large, max-video-preview:-1\" \/>\n<link rel=\"canonical\" href=\"https:\/\/gooddealersmeds.com\/sl\/product\/kupite-a-oil-amfetaminsko-olje\/\" \/>\n<meta property=\"og:locale\" content=\"en_US\" \/>\n<meta property=\"og:type\" content=\"article\" \/>\n<meta property=\"og:title\" content=\"Kupite A-olje(amfetaminsko olje)\" \/>\n<meta property=\"og:description\" content=\"Kupite amfetaminsko olje (A-olje) na spletu po dostopnih cenah in vam ga dostavijo na va\u0161 prag. Po\u0161iljamo po vsem svetu. naro\u010dilo amfetaminskega olja\" \/>\n<meta property=\"og:url\" content=\"https:\/\/gooddealersmeds.com\/sl\/product\/kupite-a-oil-amfetaminsko-olje\/\" \/>\n<meta property=\"og:site_name\" content=\"Good Dealers Meds\" \/>\n<meta property=\"article:modified_time\" content=\"2023-03-13T01:47:05+00:00\" \/>\n<meta property=\"og:image\" content=\"https:\/\/gooddealersmeds.com\/sl\/wp-content\/uploads\/sites\/10\/2023\/01\/A-Oil-Amphetamine-Oil-1.jpg\" \/>\n\t<meta property=\"og:image:width\" content=\"600\" \/>\n\t<meta property=\"og:image:height\" content=\"600\" \/>\n\t<meta property=\"og:image:type\" content=\"image\/jpeg\" \/>\n<meta name=\"twitter:card\" content=\"summary_large_image\" \/>\n<meta name=\"twitter:label1\" content=\"Est. reading time\" \/>\n\t<meta name=\"twitter:data1\" content=\"1 minute\" \/>\n<script type=\"application\/ld+json\" class=\"yoast-schema-graph\">{\"@context\":\"https:\\\/\\\/schema.org\",\"@graph\":[{\"@type\":\"WebPage\",\"@id\":\"https:\\\/\\\/gooddealersmeds.com\\\/sl\\\/product\\\/kupite-a-oil-amfetaminsko-olje\\\/\",\"url\":\"https:\\\/\\\/gooddealersmeds.com\\\/sl\\\/product\\\/kupite-a-oil-amfetaminsko-olje\\\/\",\"name\":\"Kupite amfetaminsko olje (A-olje) | amfetaminsko olje (A-olje) za prodajo\",\"isPartOf\":{\"@id\":\"https:\\\/\\\/gooddealersmeds.com\\\/sl\\\/#website\"},\"primaryImageOfPage\":{\"@id\":\"https:\\\/\\\/gooddealersmeds.com\\\/sl\\\/product\\\/kupite-a-oil-amfetaminsko-olje\\\/#primaryimage\"},\"image\":{\"@id\":\"https:\\\/\\\/gooddealersmeds.com\\\/sl\\\/product\\\/kupite-a-oil-amfetaminsko-olje\\\/#primaryimage\"},\"thumbnailUrl\":\"https:\\\/\\\/gooddealersmeds.com\\\/sl\\\/wp-content\\\/uploads\\\/sites\\\/10\\\/2023\\\/01\\\/A-Oil-Amphetamine-Oil-1.jpg\",\"datePublished\":\"2023-01-08T19:11:52+00:00\",\"dateModified\":\"2023-03-13T01:47:05+00:00\",\"description\":\"Kupite amfetaminsko olje (A-olje) na spletu po dostopnih cenah in vam ga dostavijo na va\u0161 prag. Po\u0161iljamo po vsem svetu. naro\u010dilo amfetaminskega olja\",\"breadcrumb\":{\"@id\":\"https:\\\/\\\/gooddealersmeds.com\\\/sl\\\/product\\\/kupite-a-oil-amfetaminsko-olje\\\/#breadcrumb\"},\"inLanguage\":\"en-US\",\"potentialAction\":[{\"@type\":\"ReadAction\",\"target\":[\"https:\\\/\\\/gooddealersmeds.com\\\/sl\\\/product\\\/kupite-a-oil-amfetaminsko-olje\\\/\"]}]},{\"@type\":\"ImageObject\",\"inLanguage\":\"en-US\",\"@id\":\"https:\\\/\\\/gooddealersmeds.com\\\/sl\\\/product\\\/kupite-a-oil-amfetaminsko-olje\\\/#primaryimage\",\"url\":\"https:\\\/\\\/gooddealersmeds.com\\\/sl\\\/wp-content\\\/uploads\\\/sites\\\/10\\\/2023\\\/01\\\/A-Oil-Amphetamine-Oil-1.jpg\",\"contentUrl\":\"https:\\\/\\\/gooddealersmeds.com\\\/sl\\\/wp-content\\\/uploads\\\/sites\\\/10\\\/2023\\\/01\\\/A-Oil-Amphetamine-Oil-1.jpg\",\"width\":600,\"height\":600},{\"@type\":\"BreadcrumbList\",\"@id\":\"https:\\\/\\\/gooddealersmeds.com\\\/sl\\\/product\\\/kupite-a-oil-amfetaminsko-olje\\\/#breadcrumb\",\"itemListElement\":[{\"@type\":\"ListItem\",\"position\":1,\"name\":\"Home\",\"item\":\"https:\\\/\\\/gooddealersmeds.com\\\/sl\\\/\"},{\"@type\":\"ListItem\",\"position\":2,\"name\":\"Izdelki\",\"item\":\"https:\\\/\\\/gooddealersmeds.com\\\/sl\\\/izdelki\\\/\"},{\"@type\":\"ListItem\",\"position\":3,\"name\":\"Kupite A-olje(amfetaminsko olje)\"}]},{\"@type\":\"WebSite\",\"@id\":\"https:\\\/\\\/gooddealersmeds.com\\\/sl\\\/#website\",\"url\":\"https:\\\/\\\/gooddealersmeds.com\\\/sl\\\/\",\"name\":\"Good Dealers Meds\",\"description\":\"All our best\",\"publisher\":{\"@id\":\"https:\\\/\\\/gooddealersmeds.com\\\/sl\\\/#organization\"},\"potentialAction\":[{\"@type\":\"SearchAction\",\"target\":{\"@type\":\"EntryPoint\",\"urlTemplate\":\"https:\\\/\\\/gooddealersmeds.com\\\/sl\\\/?s={search_term_string}\"},\"query-input\":{\"@type\":\"PropertyValueSpecification\",\"valueRequired\":true,\"valueName\":\"search_term_string\"}}],\"inLanguage\":\"en-US\"},{\"@type\":\"Organization\",\"@id\":\"https:\\\/\\\/gooddealersmeds.com\\\/sl\\\/#organization\",\"name\":\"Good Dealers Meds\",\"url\":\"https:\\\/\\\/gooddealersmeds.com\\\/sl\\\/\",\"logo\":{\"@type\":\"ImageObject\",\"inLanguage\":\"en-US\",\"@id\":\"https:\\\/\\\/gooddealersmeds.com\\\/sl\\\/#\\\/schema\\\/logo\\\/image\\\/\",\"url\":\"https:\\\/\\\/gooddealersmeds.com\\\/sl\\\/wp-content\\\/uploads\\\/sites\\\/10\\\/2022\\\/03\\\/gooddealersmeds__logo__20220317T222800Z.00.png\",\"contentUrl\":\"https:\\\/\\\/gooddealersmeds.com\\\/sl\\\/wp-content\\\/uploads\\\/sites\\\/10\\\/2022\\\/03\\\/gooddealersmeds__logo__20220317T222800Z.00.png\",\"width\":500,\"height\":325,\"caption\":\"Good Dealers Meds\"},\"image\":{\"@id\":\"https:\\\/\\\/gooddealersmeds.com\\\/sl\\\/#\\\/schema\\\/logo\\\/image\\\/\"}}]}<\/script>\n<!-- \/ Yoast SEO Premium plugin. -->","yoast_head_json":{"title":"Kupite amfetaminsko olje (A-olje) | amfetaminsko olje (A-olje) za prodajo","description":"Kupite amfetaminsko olje (A-olje) na spletu po dostopnih cenah in vam ga dostavijo na va\u0161 prag. Po\u0161iljamo po vsem svetu. naro\u010dilo amfetaminskega olja","robots":{"index":"index","follow":"follow","max-snippet":"max-snippet:-1","max-image-preview":"max-image-preview:large","max-video-preview":"max-video-preview:-1"},"canonical":"https:\/\/gooddealersmeds.com\/sl\/product\/kupite-a-oil-amfetaminsko-olje\/","og_locale":"en_US","og_type":"article","og_title":"Kupite A-olje(amfetaminsko olje)","og_description":"Kupite amfetaminsko olje (A-olje) na spletu po dostopnih cenah in vam ga dostavijo na va\u0161 prag. Po\u0161iljamo po vsem svetu. naro\u010dilo amfetaminskega olja","og_url":"https:\/\/gooddealersmeds.com\/sl\/product\/kupite-a-oil-amfetaminsko-olje\/","og_site_name":"Good Dealers Meds","article_modified_time":"2023-03-13T01:47:05+00:00","og_image":[{"width":600,"height":600,"url":"https:\/\/gooddealersmeds.com\/sl\/wp-content\/uploads\/sites\/10\/2023\/01\/A-Oil-Amphetamine-Oil-1.jpg","type":"image\/jpeg"}],"twitter_card":"summary_large_image","twitter_misc":{"Est. reading time":"1 minute"},"schema":{"@context":"https:\/\/schema.org","@graph":[{"@type":"WebPage","@id":"https:\/\/gooddealersmeds.com\/sl\/product\/kupite-a-oil-amfetaminsko-olje\/","url":"https:\/\/gooddealersmeds.com\/sl\/product\/kupite-a-oil-amfetaminsko-olje\/","name":"Kupite amfetaminsko olje (A-olje) | amfetaminsko olje (A-olje) za prodajo","isPartOf":{"@id":"https:\/\/gooddealersmeds.com\/sl\/#website"},"primaryImageOfPage":{"@id":"https:\/\/gooddealersmeds.com\/sl\/product\/kupite-a-oil-amfetaminsko-olje\/#primaryimage"},"image":{"@id":"https:\/\/gooddealersmeds.com\/sl\/product\/kupite-a-oil-amfetaminsko-olje\/#primaryimage"},"thumbnailUrl":"https:\/\/gooddealersmeds.com\/sl\/wp-content\/uploads\/sites\/10\/2023\/01\/A-Oil-Amphetamine-Oil-1.jpg","datePublished":"2023-01-08T19:11:52+00:00","dateModified":"2023-03-13T01:47:05+00:00","description":"Kupite amfetaminsko olje (A-olje) na spletu po dostopnih cenah in vam ga dostavijo na va\u0161 prag. Po\u0161iljamo po vsem svetu. naro\u010dilo amfetaminskega olja","breadcrumb":{"@id":"https:\/\/gooddealersmeds.com\/sl\/product\/kupite-a-oil-amfetaminsko-olje\/#breadcrumb"},"inLanguage":"en-US","potentialAction":[{"@type":"ReadAction","target":["https:\/\/gooddealersmeds.com\/sl\/product\/kupite-a-oil-amfetaminsko-olje\/"]}]},{"@type":"ImageObject","inLanguage":"en-US","@id":"https:\/\/gooddealersmeds.com\/sl\/product\/kupite-a-oil-amfetaminsko-olje\/#primaryimage","url":"https:\/\/gooddealersmeds.com\/sl\/wp-content\/uploads\/sites\/10\/2023\/01\/A-Oil-Amphetamine-Oil-1.jpg","contentUrl":"https:\/\/gooddealersmeds.com\/sl\/wp-content\/uploads\/sites\/10\/2023\/01\/A-Oil-Amphetamine-Oil-1.jpg","width":600,"height":600},{"@type":"BreadcrumbList","@id":"https:\/\/gooddealersmeds.com\/sl\/product\/kupite-a-oil-amfetaminsko-olje\/#breadcrumb","itemListElement":[{"@type":"ListItem","position":1,"name":"Home","item":"https:\/\/gooddealersmeds.com\/sl\/"},{"@type":"ListItem","position":2,"name":"Izdelki","item":"https:\/\/gooddealersmeds.com\/sl\/izdelki\/"},{"@type":"ListItem","position":3,"name":"Kupite A-olje(amfetaminsko olje)"}]},{"@type":"WebSite","@id":"https:\/\/gooddealersmeds.com\/sl\/#website","url":"https:\/\/gooddealersmeds.com\/sl\/","name":"Good Dealers Meds","description":"All our best","publisher":{"@id":"https:\/\/gooddealersmeds.com\/sl\/#organization"},"potentialAction":[{"@type":"SearchAction","target":{"@type":"EntryPoint","urlTemplate":"https:\/\/gooddealersmeds.com\/sl\/?s={search_term_string}"},"query-input":{"@type":"PropertyValueSpecification","valueRequired":true,"valueName":"search_term_string"}}],"inLanguage":"en-US"},{"@type":"Organization","@id":"https:\/\/gooddealersmeds.com\/sl\/#organization","name":"Good Dealers Meds","url":"https:\/\/gooddealersmeds.com\/sl\/","logo":{"@type":"ImageObject","inLanguage":"en-US","@id":"https:\/\/gooddealersmeds.com\/sl\/#\/schema\/logo\/image\/","url":"https:\/\/gooddealersmeds.com\/sl\/wp-content\/uploads\/sites\/10\/2022\/03\/gooddealersmeds__logo__20220317T222800Z.00.png","contentUrl":"https:\/\/gooddealersmeds.com\/sl\/wp-content\/uploads\/sites\/10\/2022\/03\/gooddealersmeds__logo__20220317T222800Z.00.png","width":500,"height":325,"caption":"Good Dealers Meds"},"image":{"@id":"https:\/\/gooddealersmeds.com\/sl\/#\/schema\/logo\/image\/"}}]}},"_links":{"self":[{"href":"https:\/\/gooddealersmeds.com\/sl\/wp-json\/wp\/v2\/product\/2213","targetHints":{"allow":["GET"]}}],"collection":[{"href":"https:\/\/gooddealersmeds.com\/sl\/wp-json\/wp\/v2\/product"}],"about":[{"href":"https:\/\/gooddealersmeds.com\/sl\/wp-json\/wp\/v2\/types\/product"}],"replies":[{"embeddable":true,"href":"https:\/\/gooddealersmeds.com\/sl\/wp-json\/wp\/v2\/comments?post=2213"}],"wp:featuredmedia":[{"embeddable":true,"href":"https:\/\/gooddealersmeds.com\/sl\/wp-json\/wp\/v2\/media\/2243"}],"wp:attachment":[{"href":"https:\/\/gooddealersmeds.com\/sl\/wp-json\/wp\/v2\/media?parent=2213"}],"wp:term":[{"taxonomy":"product_brand","embeddable":true,"href":"https:\/\/gooddealersmeds.com\/sl\/wp-json\/wp\/v2\/product_brand?post=2213"},{"taxonomy":"product_cat","embeddable":true,"href":"https:\/\/gooddealersmeds.com\/sl\/wp-json\/wp\/v2\/product_cat?post=2213"},{"taxonomy":"product_tag","embeddable":true,"href":"https:\/\/gooddealersmeds.com\/sl\/wp-json\/wp\/v2\/product_tag?post=2213"}],"curies":[{"name":"wp","href":"https:\/\/api.w.org\/{rel}","templated":true}]}}