{"id":2212,"date":"2023-01-08T19:11:52","date_gmt":"2023-01-08T19:11:52","guid":{"rendered":"https:\/\/gooddealersmeds.com\/sl\/?post_type=product&#038;p=2212"},"modified":"2023-03-13T01:43:52","modified_gmt":"2023-03-13T01:43:52","slug":"olje-benzil-metil-ketona-bmk","status":"publish","type":"product","link":"https:\/\/gooddealersmeds.com\/sl\/product\/olje-benzil-metil-ketona-bmk\/","title":{"rendered":"Olje benzil metil ketona (BMK)."},"content":{"rendered":"<h2>Kje naro\u010diti olje BMK<\/h2>\n<p>Dobavljamo v velikem in majhnem obsegu. Kje naro\u010diti BMK Olje Ukvarjamo se samo z resnimi kupci. Prosimo, ne kontaktirajte nas, \u010de ne nameravate kupiti. Dobavljamo v Evropi in drugod po svetu, kupujemo po cesti, zraku in tudi spu\u0161\u010damo, dostava pa je 100-odstotno zagotovljena. Za ve\u010d podrobnosti o na\u0161ih izdelkih in o tem, kako nas postaviti in naro\u010diti, kontaktirajte spodaj: CAS 4676-39-5; A-olje; BMK olje; fenilaceton; PMK olje; MDP2P olje; CAS 103-79-7<\/p>\n<p>KUPITE OLJE BENZIL METIL KETONA (BMK).<\/p>\n<p>Benzil metil keton (BMK) v prahu<\/p>\n<p>Olje benzil metil ketona (BMK).<\/p>\n<p>Fenilaceton: pra\u0161ek<\/p>\n<p>Kupite fenilaceton \u010distosti 99,34 %<\/p>\n<p>Fenilaceton (znan tudi kot 2-fenil-2on,\u00a0<a href=\"https:\/\/pubs.rsc.org\/\">benzil mentil metil keton<\/a> ali benzil-keton bromid) je organska spojina. Je prozorno olje z lomnim koli\u010dnikom 1,5168. Ta snov v proizvodnji metafetamina in amfetamina kot surovine ali vmesnega produkta, kjer se obi\u010dajno imenuje tudi P2P. Kupite fenilacetonsko olje za prodajo na spletu.<\/p>\n<p>Fenilaceton je organska spojina, ki je bistro olje z lomnim koli\u010dnikom 1,5168. Ta snov se uporablja pri proizvodnji metamfetamina in amfetamina, kjer je splo\u0161no znana kot P2P. Fenilaceton je produkt odstranjevanja amfetamina iz \u010dlove\u0161kega telesa. Fenilaceton ima tudi nekatera druga imena, kot so fenilpropan-2-on, benzil metil keton ali metil benzil keton.<\/p>\n<h3>UPORABA BMK OLJA<\/h3>\n<p>Z uporabo tega fenil 2 propanona se proizvajajo razli\u010dni farmacevtski izdelki<\/p>\n<p>Uporablja se kot aroma v hrani.<\/p>\n<p>Uporablja se za proizvodnjo kemikalij, kot je metamfetamin in amfetamin kot izhodi\u0161\u010dna sestavina.<\/p>\n<h3>KJE KUPITI BMK OLJE ALI FENILACETONSKO OLJE ZA SPLETNO PRODAJO?<\/h3>\n<p>Kupite bmk olje, naro\u010dite bmk olje, poceni bmk olje naro\u010dilo, bmk naprodaj, kupite bmk olje Kitajska, BMK Kitajska,<\/p>\n","protected":false},"excerpt":{"rendered":"<p>Dobavljamo olje BMK v velikem in majhnem obsegu, Kje naro\u010diti olje BMK, poslujemo samo z resnimi kupci. kontaktirajte nas za nakup olja BMK<\/p>\n","protected":false},"featured_media":2242,"comment_status":"open","ping_status":"closed","template":"","meta":{"inline_featured_image":false},"product_brand":[],"product_cat":[344],"product_tag":[595,680,682,681],"class_list":{"0":"post-2212","1":"product","2":"type-product","3":"status-publish","4":"has-post-thumbnail","6":"product_cat-raziskave-kemikalije","7":"product_tag-bmk-oil","8":"product_tag-bmk-oil-naprodaj","9":"product_tag-kje-narociti-bmk-oil","10":"product_tag-kupi-bmk-oil","12":"first","13":"instock","14":"shipping-taxable","15":"purchasable","16":"product-type-variable","17":"has-default-attributes"},"yoast_head":"<!-- This site is optimized with the Yoast SEO Premium plugin v20.6 (Yoast SEO v27.3) - https:\/\/yoast.com\/product\/yoast-seo-premium-wordpress\/ -->\n<title>Kje naro\u010diti BMK Olje | Kupi BMK olje | BMK olje za prodajo | BMK Olje<\/title>\n<meta name=\"description\" content=\"Dobavljamo olje BMK v velikem in majhnem obsegu, Kje naro\u010diti olje BMK, poslujemo samo z resnimi kupci. kontaktirajte nas za nakup olja BMK\" \/>\n<meta name=\"robots\" content=\"index, follow, max-snippet:-1, max-image-preview:large, max-video-preview:-1\" \/>\n<link rel=\"canonical\" href=\"https:\/\/gooddealersmeds.com\/sl\/product\/olje-benzil-metil-ketona-bmk\/\" \/>\n<meta property=\"og:locale\" content=\"en_US\" \/>\n<meta property=\"og:type\" content=\"article\" \/>\n<meta property=\"og:title\" content=\"Olje benzil metil ketona (BMK).\" \/>\n<meta property=\"og:description\" content=\"Dobavljamo olje BMK v velikem in majhnem obsegu, Kje naro\u010diti olje BMK, poslujemo samo z resnimi kupci. kontaktirajte nas za nakup olja BMK\" \/>\n<meta property=\"og:url\" content=\"https:\/\/gooddealersmeds.com\/sl\/product\/olje-benzil-metil-ketona-bmk\/\" \/>\n<meta property=\"og:site_name\" content=\"Good Dealers Meds\" \/>\n<meta property=\"article:modified_time\" content=\"2023-03-13T01:43:52+00:00\" \/>\n<meta property=\"og:image\" content=\"https:\/\/gooddealersmeds.com\/sl\/wp-content\/uploads\/sites\/10\/2023\/01\/bmk-oil.jpg\" \/>\n\t<meta property=\"og:image:width\" content=\"600\" \/>\n\t<meta property=\"og:image:height\" content=\"600\" \/>\n\t<meta property=\"og:image:type\" content=\"image\/jpeg\" \/>\n<meta name=\"twitter:card\" content=\"summary_large_image\" \/>\n<meta name=\"twitter:label1\" content=\"Est. reading time\" \/>\n\t<meta name=\"twitter:data1\" content=\"1 minute\" \/>\n<script type=\"application\/ld+json\" class=\"yoast-schema-graph\">{\"@context\":\"https:\\\/\\\/schema.org\",\"@graph\":[{\"@type\":\"WebPage\",\"@id\":\"https:\\\/\\\/gooddealersmeds.com\\\/sl\\\/product\\\/olje-benzil-metil-ketona-bmk\\\/\",\"url\":\"https:\\\/\\\/gooddealersmeds.com\\\/sl\\\/product\\\/olje-benzil-metil-ketona-bmk\\\/\",\"name\":\"Kje naro\u010diti BMK Olje | Kupi BMK olje | BMK olje za prodajo | BMK Olje\",\"isPartOf\":{\"@id\":\"https:\\\/\\\/gooddealersmeds.com\\\/sl\\\/#website\"},\"primaryImageOfPage\":{\"@id\":\"https:\\\/\\\/gooddealersmeds.com\\\/sl\\\/product\\\/olje-benzil-metil-ketona-bmk\\\/#primaryimage\"},\"image\":{\"@id\":\"https:\\\/\\\/gooddealersmeds.com\\\/sl\\\/product\\\/olje-benzil-metil-ketona-bmk\\\/#primaryimage\"},\"thumbnailUrl\":\"https:\\\/\\\/gooddealersmeds.com\\\/sl\\\/wp-content\\\/uploads\\\/sites\\\/10\\\/2023\\\/01\\\/bmk-oil.jpg\",\"datePublished\":\"2023-01-08T19:11:52+00:00\",\"dateModified\":\"2023-03-13T01:43:52+00:00\",\"description\":\"Dobavljamo olje BMK v velikem in majhnem obsegu, Kje naro\u010diti olje BMK, poslujemo samo z resnimi kupci. kontaktirajte nas za nakup olja BMK\",\"breadcrumb\":{\"@id\":\"https:\\\/\\\/gooddealersmeds.com\\\/sl\\\/product\\\/olje-benzil-metil-ketona-bmk\\\/#breadcrumb\"},\"inLanguage\":\"en-US\",\"potentialAction\":[{\"@type\":\"ReadAction\",\"target\":[\"https:\\\/\\\/gooddealersmeds.com\\\/sl\\\/product\\\/olje-benzil-metil-ketona-bmk\\\/\"]}]},{\"@type\":\"ImageObject\",\"inLanguage\":\"en-US\",\"@id\":\"https:\\\/\\\/gooddealersmeds.com\\\/sl\\\/product\\\/olje-benzil-metil-ketona-bmk\\\/#primaryimage\",\"url\":\"https:\\\/\\\/gooddealersmeds.com\\\/sl\\\/wp-content\\\/uploads\\\/sites\\\/10\\\/2023\\\/01\\\/bmk-oil.jpg\",\"contentUrl\":\"https:\\\/\\\/gooddealersmeds.com\\\/sl\\\/wp-content\\\/uploads\\\/sites\\\/10\\\/2023\\\/01\\\/bmk-oil.jpg\",\"width\":600,\"height\":600},{\"@type\":\"BreadcrumbList\",\"@id\":\"https:\\\/\\\/gooddealersmeds.com\\\/sl\\\/product\\\/olje-benzil-metil-ketona-bmk\\\/#breadcrumb\",\"itemListElement\":[{\"@type\":\"ListItem\",\"position\":1,\"name\":\"Home\",\"item\":\"https:\\\/\\\/gooddealersmeds.com\\\/sl\\\/\"},{\"@type\":\"ListItem\",\"position\":2,\"name\":\"Izdelki\",\"item\":\"https:\\\/\\\/gooddealersmeds.com\\\/sl\\\/izdelki\\\/\"},{\"@type\":\"ListItem\",\"position\":3,\"name\":\"Olje benzil metil ketona (BMK).\"}]},{\"@type\":\"WebSite\",\"@id\":\"https:\\\/\\\/gooddealersmeds.com\\\/sl\\\/#website\",\"url\":\"https:\\\/\\\/gooddealersmeds.com\\\/sl\\\/\",\"name\":\"Good Dealers Meds\",\"description\":\"All our best\",\"publisher\":{\"@id\":\"https:\\\/\\\/gooddealersmeds.com\\\/sl\\\/#organization\"},\"potentialAction\":[{\"@type\":\"SearchAction\",\"target\":{\"@type\":\"EntryPoint\",\"urlTemplate\":\"https:\\\/\\\/gooddealersmeds.com\\\/sl\\\/?s={search_term_string}\"},\"query-input\":{\"@type\":\"PropertyValueSpecification\",\"valueRequired\":true,\"valueName\":\"search_term_string\"}}],\"inLanguage\":\"en-US\"},{\"@type\":\"Organization\",\"@id\":\"https:\\\/\\\/gooddealersmeds.com\\\/sl\\\/#organization\",\"name\":\"Good Dealers Meds\",\"url\":\"https:\\\/\\\/gooddealersmeds.com\\\/sl\\\/\",\"logo\":{\"@type\":\"ImageObject\",\"inLanguage\":\"en-US\",\"@id\":\"https:\\\/\\\/gooddealersmeds.com\\\/sl\\\/#\\\/schema\\\/logo\\\/image\\\/\",\"url\":\"https:\\\/\\\/gooddealersmeds.com\\\/sl\\\/wp-content\\\/uploads\\\/sites\\\/10\\\/2022\\\/03\\\/gooddealersmeds__logo__20220317T222800Z.00.png\",\"contentUrl\":\"https:\\\/\\\/gooddealersmeds.com\\\/sl\\\/wp-content\\\/uploads\\\/sites\\\/10\\\/2022\\\/03\\\/gooddealersmeds__logo__20220317T222800Z.00.png\",\"width\":500,\"height\":325,\"caption\":\"Good Dealers Meds\"},\"image\":{\"@id\":\"https:\\\/\\\/gooddealersmeds.com\\\/sl\\\/#\\\/schema\\\/logo\\\/image\\\/\"}}]}<\/script>\n<!-- \/ Yoast SEO Premium plugin. -->","yoast_head_json":{"title":"Kje naro\u010diti BMK Olje | Kupi BMK olje | BMK olje za prodajo | BMK Olje","description":"Dobavljamo olje BMK v velikem in majhnem obsegu, Kje naro\u010diti olje BMK, poslujemo samo z resnimi kupci. kontaktirajte nas za nakup olja BMK","robots":{"index":"index","follow":"follow","max-snippet":"max-snippet:-1","max-image-preview":"max-image-preview:large","max-video-preview":"max-video-preview:-1"},"canonical":"https:\/\/gooddealersmeds.com\/sl\/product\/olje-benzil-metil-ketona-bmk\/","og_locale":"en_US","og_type":"article","og_title":"Olje benzil metil ketona (BMK).","og_description":"Dobavljamo olje BMK v velikem in majhnem obsegu, Kje naro\u010diti olje BMK, poslujemo samo z resnimi kupci. kontaktirajte nas za nakup olja BMK","og_url":"https:\/\/gooddealersmeds.com\/sl\/product\/olje-benzil-metil-ketona-bmk\/","og_site_name":"Good Dealers Meds","article_modified_time":"2023-03-13T01:43:52+00:00","og_image":[{"width":600,"height":600,"url":"https:\/\/gooddealersmeds.com\/sl\/wp-content\/uploads\/sites\/10\/2023\/01\/bmk-oil.jpg","type":"image\/jpeg"}],"twitter_card":"summary_large_image","twitter_misc":{"Est. reading time":"1 minute"},"schema":{"@context":"https:\/\/schema.org","@graph":[{"@type":"WebPage","@id":"https:\/\/gooddealersmeds.com\/sl\/product\/olje-benzil-metil-ketona-bmk\/","url":"https:\/\/gooddealersmeds.com\/sl\/product\/olje-benzil-metil-ketona-bmk\/","name":"Kje naro\u010diti BMK Olje | Kupi BMK olje | BMK olje za prodajo | BMK Olje","isPartOf":{"@id":"https:\/\/gooddealersmeds.com\/sl\/#website"},"primaryImageOfPage":{"@id":"https:\/\/gooddealersmeds.com\/sl\/product\/olje-benzil-metil-ketona-bmk\/#primaryimage"},"image":{"@id":"https:\/\/gooddealersmeds.com\/sl\/product\/olje-benzil-metil-ketona-bmk\/#primaryimage"},"thumbnailUrl":"https:\/\/gooddealersmeds.com\/sl\/wp-content\/uploads\/sites\/10\/2023\/01\/bmk-oil.jpg","datePublished":"2023-01-08T19:11:52+00:00","dateModified":"2023-03-13T01:43:52+00:00","description":"Dobavljamo olje BMK v velikem in majhnem obsegu, Kje naro\u010diti olje BMK, poslujemo samo z resnimi kupci. kontaktirajte nas za nakup olja BMK","breadcrumb":{"@id":"https:\/\/gooddealersmeds.com\/sl\/product\/olje-benzil-metil-ketona-bmk\/#breadcrumb"},"inLanguage":"en-US","potentialAction":[{"@type":"ReadAction","target":["https:\/\/gooddealersmeds.com\/sl\/product\/olje-benzil-metil-ketona-bmk\/"]}]},{"@type":"ImageObject","inLanguage":"en-US","@id":"https:\/\/gooddealersmeds.com\/sl\/product\/olje-benzil-metil-ketona-bmk\/#primaryimage","url":"https:\/\/gooddealersmeds.com\/sl\/wp-content\/uploads\/sites\/10\/2023\/01\/bmk-oil.jpg","contentUrl":"https:\/\/gooddealersmeds.com\/sl\/wp-content\/uploads\/sites\/10\/2023\/01\/bmk-oil.jpg","width":600,"height":600},{"@type":"BreadcrumbList","@id":"https:\/\/gooddealersmeds.com\/sl\/product\/olje-benzil-metil-ketona-bmk\/#breadcrumb","itemListElement":[{"@type":"ListItem","position":1,"name":"Home","item":"https:\/\/gooddealersmeds.com\/sl\/"},{"@type":"ListItem","position":2,"name":"Izdelki","item":"https:\/\/gooddealersmeds.com\/sl\/izdelki\/"},{"@type":"ListItem","position":3,"name":"Olje benzil metil ketona (BMK)."}]},{"@type":"WebSite","@id":"https:\/\/gooddealersmeds.com\/sl\/#website","url":"https:\/\/gooddealersmeds.com\/sl\/","name":"Good Dealers Meds","description":"All our best","publisher":{"@id":"https:\/\/gooddealersmeds.com\/sl\/#organization"},"potentialAction":[{"@type":"SearchAction","target":{"@type":"EntryPoint","urlTemplate":"https:\/\/gooddealersmeds.com\/sl\/?s={search_term_string}"},"query-input":{"@type":"PropertyValueSpecification","valueRequired":true,"valueName":"search_term_string"}}],"inLanguage":"en-US"},{"@type":"Organization","@id":"https:\/\/gooddealersmeds.com\/sl\/#organization","name":"Good Dealers Meds","url":"https:\/\/gooddealersmeds.com\/sl\/","logo":{"@type":"ImageObject","inLanguage":"en-US","@id":"https:\/\/gooddealersmeds.com\/sl\/#\/schema\/logo\/image\/","url":"https:\/\/gooddealersmeds.com\/sl\/wp-content\/uploads\/sites\/10\/2022\/03\/gooddealersmeds__logo__20220317T222800Z.00.png","contentUrl":"https:\/\/gooddealersmeds.com\/sl\/wp-content\/uploads\/sites\/10\/2022\/03\/gooddealersmeds__logo__20220317T222800Z.00.png","width":500,"height":325,"caption":"Good Dealers Meds"},"image":{"@id":"https:\/\/gooddealersmeds.com\/sl\/#\/schema\/logo\/image\/"}}]}},"_links":{"self":[{"href":"https:\/\/gooddealersmeds.com\/sl\/wp-json\/wp\/v2\/product\/2212","targetHints":{"allow":["GET"]}}],"collection":[{"href":"https:\/\/gooddealersmeds.com\/sl\/wp-json\/wp\/v2\/product"}],"about":[{"href":"https:\/\/gooddealersmeds.com\/sl\/wp-json\/wp\/v2\/types\/product"}],"replies":[{"embeddable":true,"href":"https:\/\/gooddealersmeds.com\/sl\/wp-json\/wp\/v2\/comments?post=2212"}],"wp:featuredmedia":[{"embeddable":true,"href":"https:\/\/gooddealersmeds.com\/sl\/wp-json\/wp\/v2\/media\/2242"}],"wp:attachment":[{"href":"https:\/\/gooddealersmeds.com\/sl\/wp-json\/wp\/v2\/media?parent=2212"}],"wp:term":[{"taxonomy":"product_brand","embeddable":true,"href":"https:\/\/gooddealersmeds.com\/sl\/wp-json\/wp\/v2\/product_brand?post=2212"},{"taxonomy":"product_cat","embeddable":true,"href":"https:\/\/gooddealersmeds.com\/sl\/wp-json\/wp\/v2\/product_cat?post=2212"},{"taxonomy":"product_tag","embeddable":true,"href":"https:\/\/gooddealersmeds.com\/sl\/wp-json\/wp\/v2\/product_tag?post=2212"}],"curies":[{"name":"wp","href":"https:\/\/api.w.org\/{rel}","templated":true}]}}