{"id":2009,"date":"2022-07-03T14:50:24","date_gmt":"2022-07-03T14:50:24","guid":{"rendered":"https:\/\/gooddealersmeds.com\/sl\/?post_type=product&#038;p=2009"},"modified":"2022-10-04T00:38:43","modified_gmt":"2022-10-04T00:38:43","slug":"buy-liquid-lsd-200ug-drop-online","status":"publish","type":"product","link":"https:\/\/gooddealersmeds.com\/sl\/product\/buy-liquid-lsd-200ug-drop-online\/","title":{"rendered":"Kupite teko\u010di LSD 200ug Drop Online"},"content":{"rendered":"<h1><strong>Kupite teko\u010di LSD 200 ug Drop na spletu. <\/strong><\/h1>\n<p>Ali i\u0161\u010dete na\u010din za nakup Liquid LSD 200ug Drop prek spleta?<\/p>\n<p><a href=\"https:\/\/gooddealersmeds.com\/sl\/product\/buy -liquid-lsd-200ug-drop-online\/\">Liquid LSD 200ug drop<\/a> je zdravilo, ki se lahko uporablja v rekreativne in terapevtske namene.<\/p>\n<p>No, obstajata dva glavna na\u010dina: dodajanje kapljic neposredno pod jezik ali me\u0161anje z alkoholom ali vodo in popitje kot koktajl. Slednja metoda na splo\u0161no velja za bolj nevarno, ker zahteva ve\u010d previdnosti in povzro\u010di mo\u010dnej\u0161i u\u010dinek na telo hitreje, kot je potrebno za skoraj katero koli drugo snov \u2013 a \u010de vas to ne skrbi preve\u010d, potem nadaljujte in uporabite bodisi metoda!<\/p>\n<p>Zapomnite si, da je \u017ee ena sama kapljica teko\u010dega LSD-ja lahko premo\u010dna.<\/p>\n<p>\u010ce ste novi v tem, izberite kapljico. \u0160e vedno je zelo mo\u010dan in bo dobro vplival na va\u0161e telo, vendar ne bo trajal tako dolgo.<\/p>\n<h2><strong>Zakaj naro\u010diti Liquid LSD 200ug Drop prek spleta?<\/strong><\/h2>\n<p>Vemo, da nakup teko\u010dega LSD-ja ni tako preprost kot udariti lokalnega preprodajalca drog. Potreben je \u010das, znanje in denar \u2013 in \u010de \u017eelite kupovati prek spleta, se boste verjetno morali soo\u010diti s sumljivimi trgovci, ki vas \u017eelijo ogoljufati.<\/p>\n<p>Ne glede na to, kje na tem svetu \u017eivite , boste lahko brez te\u017eav na\u0161li zanesljiv vir za LSD in druga zdravila.<\/p>\n<h3><strong>Kje kupiti Liquid LSD 200ug Drop Online?<\/strong><\/h3>\n<p> \u010ce \u017eelite izkoristiti prednosti prav tega zdravila, potrebujete nekaj teko\u010dega LSD 200ug Drop. Kupite ga lahko na spletu pri Good Dealers Meds.<\/p>\n<p>Imamo najbolj\u0161e ponudbe na internetu in na\u0161e cene so vedno konkuren\u010dne. Imamo ve\u010d kot 10\u00a0let izku\u0161enj v panogi, zato nam zaupajte, ko re\u010demo, da boste dobili veliko. Va\u0161ega iskanja za nakup kapljic Liquid LSD 200ug na spletu je konec!<\/p>\n","protected":false},"excerpt":{"rendered":"<p>Kupite teko\u010di lsd 200ug &amp; drop Online Poceni. Nakup\u00a0<em>LSD<\/em>\u00a0je zelo enostaven, zlahka je na voljo v spletni trgovini v ZDA.<\/p>\n<p><strong>1 ml = 20 kapljic = 20 pikalov<\/strong><\/p>\n","protected":false},"featured_media":2010,"comment_status":"open","ping_status":"closed","template":"","meta":{"inline_featured_image":false},"product_brand":[],"product_cat":[345],"product_tag":[587,584,105,586,577,581,575,574,585,580,576,107,583,582,578,579],"class_list":{"0":"post-2009","1":"product","2":"type-product","3":"status-publish","4":"has-post-thumbnail","6":"product_cat-psihedeline-droge","7":"product_tag-is-liquid-lsd-200ug-drop-legal-in-canada","8":"product_tag-is-liquid-lsd-200ug-drop-legal-in-usa","9":"product_tag-canada","10":"product_tag-how-to-order-liquid-lsd-200ug-drop","11":"product_tag-kje-kupiti-tekoino-lsd-200ug-kap","12":"product_tag-kje-kupiti-tekoino-lsd-200ug-kapljice-na-spletu","13":"product_tag-kupi-tekoina-lsd-200ug-kapljica","14":"product_tag-buy-liquid-lsd-200ug-drop-online-buy-liquid-lsd","15":"product_tag-buy-liquid-lsd-200ug-kapljice-tablete-na-spletu-zda","16":"product_tag-buy-liquid-lsd-200ug-na-spletu","17":"product_tag-buy-liquid-lsd-online","18":"product_tag-kupiti","19":"product_tag-e-vedno-lahko-dobite-tekoino-lsd-200ug-kapljico","20":"product_tag-tekoi-lsd-200ug-kapljice-za-prodajo-v-zda","21":"product_tag-tekoi-lsd-200ug-kapljice-prodam","22":"product_tag-tekoi-lsd-za-prodajo","24":"first","25":"instock","26":"shipping-taxable","27":"purchasable","28":"product-type-variable","29":"has-default-attributes"},"yoast_head":"<!-- This site is optimized with the Yoast SEO Premium plugin v20.6 (Yoast SEO v27.3) - https:\/\/yoast.com\/product\/yoast-seo-premium-wordpress\/ -->\n<title>Kupite teko\u010di LSD Drop na spletu (200ug) - OrderLSD Drop | Good Dealers Meds<\/title>\n<meta name=\"description\" content=\"Kupite teko\u010di lsd 200ug in ga odlo\u017eite na spletu po ugodni ceni z najvi\u0161jo \u010distostjo. Z lahkoto je na voljo v spletni trgovini v Evropi.\" \/>\n<meta name=\"robots\" content=\"index, follow, max-snippet:-1, max-image-preview:large, max-video-preview:-1\" \/>\n<link rel=\"canonical\" href=\"https:\/\/gooddealersmeds.com\/sl\/product\/buy-liquid-lsd-200ug-drop-online\/\" \/>\n<meta property=\"og:locale\" content=\"en_US\" \/>\n<meta property=\"og:type\" content=\"article\" \/>\n<meta property=\"og:title\" content=\"Kupite teko\u010di LSD 200ug Drop Online\" \/>\n<meta property=\"og:description\" content=\"Kupite teko\u010di lsd 200ug in ga odlo\u017eite na spletu po ugodni ceni z najvi\u0161jo \u010distostjo. Z lahkoto je na voljo v spletni trgovini v Evropi.\" \/>\n<meta property=\"og:url\" content=\"https:\/\/gooddealersmeds.com\/sl\/product\/buy-liquid-lsd-200ug-drop-online\/\" \/>\n<meta property=\"og:site_name\" content=\"Good Dealers Meds\" \/>\n<meta property=\"article:modified_time\" content=\"2022-10-04T00:38:43+00:00\" \/>\n<meta property=\"og:image\" content=\"https:\/\/gooddealersmeds.com\/sl\/wp-content\/uploads\/sites\/10\/2022\/07\/buy-liquid-lsd-200ug-drop-online-cheap-1.jpg\" \/>\n\t<meta property=\"og:image:width\" content=\"600\" \/>\n\t<meta property=\"og:image:height\" content=\"600\" \/>\n\t<meta property=\"og:image:type\" content=\"image\/jpeg\" \/>\n<meta name=\"twitter:card\" content=\"summary_large_image\" \/>\n<meta name=\"twitter:label1\" content=\"Est. reading time\" \/>\n\t<meta name=\"twitter:data1\" content=\"1 minute\" \/>\n<script type=\"application\/ld+json\" class=\"yoast-schema-graph\">{\"@context\":\"https:\\\/\\\/schema.org\",\"@graph\":[{\"@type\":\"WebPage\",\"@id\":\"https:\\\/\\\/gooddealersmeds.com\\\/sl\\\/product\\\/buy-liquid-lsd-200ug-drop-online\\\/\",\"url\":\"https:\\\/\\\/gooddealersmeds.com\\\/sl\\\/product\\\/buy-liquid-lsd-200ug-drop-online\\\/\",\"name\":\"Kupite teko\u010di LSD Drop na spletu (200ug) - OrderLSD Drop | Good Dealers Meds\",\"isPartOf\":{\"@id\":\"https:\\\/\\\/gooddealersmeds.com\\\/sl\\\/#website\"},\"primaryImageOfPage\":{\"@id\":\"https:\\\/\\\/gooddealersmeds.com\\\/sl\\\/product\\\/buy-liquid-lsd-200ug-drop-online\\\/#primaryimage\"},\"image\":{\"@id\":\"https:\\\/\\\/gooddealersmeds.com\\\/sl\\\/product\\\/buy-liquid-lsd-200ug-drop-online\\\/#primaryimage\"},\"thumbnailUrl\":\"https:\\\/\\\/gooddealersmeds.com\\\/sl\\\/wp-content\\\/uploads\\\/sites\\\/10\\\/2022\\\/07\\\/buy-liquid-lsd-200ug-drop-online-cheap-1.jpg\",\"datePublished\":\"2022-07-03T14:50:24+00:00\",\"dateModified\":\"2022-10-04T00:38:43+00:00\",\"description\":\"Kupite teko\u010di lsd 200ug in ga odlo\u017eite na spletu po ugodni ceni z najvi\u0161jo \u010distostjo. Z lahkoto je na voljo v spletni trgovini v Evropi.\",\"breadcrumb\":{\"@id\":\"https:\\\/\\\/gooddealersmeds.com\\\/sl\\\/product\\\/buy-liquid-lsd-200ug-drop-online\\\/#breadcrumb\"},\"inLanguage\":\"en-US\",\"potentialAction\":[{\"@type\":\"ReadAction\",\"target\":[\"https:\\\/\\\/gooddealersmeds.com\\\/sl\\\/product\\\/buy-liquid-lsd-200ug-drop-online\\\/\"]}]},{\"@type\":\"ImageObject\",\"inLanguage\":\"en-US\",\"@id\":\"https:\\\/\\\/gooddealersmeds.com\\\/sl\\\/product\\\/buy-liquid-lsd-200ug-drop-online\\\/#primaryimage\",\"url\":\"https:\\\/\\\/gooddealersmeds.com\\\/sl\\\/wp-content\\\/uploads\\\/sites\\\/10\\\/2022\\\/07\\\/buy-liquid-lsd-200ug-drop-online-cheap-1.jpg\",\"contentUrl\":\"https:\\\/\\\/gooddealersmeds.com\\\/sl\\\/wp-content\\\/uploads\\\/sites\\\/10\\\/2022\\\/07\\\/buy-liquid-lsd-200ug-drop-online-cheap-1.jpg\",\"width\":600,\"height\":600,\"caption\":\"Buy liquid LSD Drop\"},{\"@type\":\"BreadcrumbList\",\"@id\":\"https:\\\/\\\/gooddealersmeds.com\\\/sl\\\/product\\\/buy-liquid-lsd-200ug-drop-online\\\/#breadcrumb\",\"itemListElement\":[{\"@type\":\"ListItem\",\"position\":1,\"name\":\"Home\",\"item\":\"https:\\\/\\\/gooddealersmeds.com\\\/sl\\\/\"},{\"@type\":\"ListItem\",\"position\":2,\"name\":\"Izdelki\",\"item\":\"https:\\\/\\\/gooddealersmeds.com\\\/sl\\\/izdelki\\\/\"},{\"@type\":\"ListItem\",\"position\":3,\"name\":\"Kupite teko\u010di LSD 200ug Drop Online\"}]},{\"@type\":\"WebSite\",\"@id\":\"https:\\\/\\\/gooddealersmeds.com\\\/sl\\\/#website\",\"url\":\"https:\\\/\\\/gooddealersmeds.com\\\/sl\\\/\",\"name\":\"Good Dealers Meds\",\"description\":\"All our best\",\"publisher\":{\"@id\":\"https:\\\/\\\/gooddealersmeds.com\\\/sl\\\/#organization\"},\"potentialAction\":[{\"@type\":\"SearchAction\",\"target\":{\"@type\":\"EntryPoint\",\"urlTemplate\":\"https:\\\/\\\/gooddealersmeds.com\\\/sl\\\/?s={search_term_string}\"},\"query-input\":{\"@type\":\"PropertyValueSpecification\",\"valueRequired\":true,\"valueName\":\"search_term_string\"}}],\"inLanguage\":\"en-US\"},{\"@type\":\"Organization\",\"@id\":\"https:\\\/\\\/gooddealersmeds.com\\\/sl\\\/#organization\",\"name\":\"Good Dealers Meds\",\"url\":\"https:\\\/\\\/gooddealersmeds.com\\\/sl\\\/\",\"logo\":{\"@type\":\"ImageObject\",\"inLanguage\":\"en-US\",\"@id\":\"https:\\\/\\\/gooddealersmeds.com\\\/sl\\\/#\\\/schema\\\/logo\\\/image\\\/\",\"url\":\"https:\\\/\\\/gooddealersmeds.com\\\/sl\\\/wp-content\\\/uploads\\\/sites\\\/10\\\/2022\\\/03\\\/gooddealersmeds__logo__20220317T222800Z.00.png\",\"contentUrl\":\"https:\\\/\\\/gooddealersmeds.com\\\/sl\\\/wp-content\\\/uploads\\\/sites\\\/10\\\/2022\\\/03\\\/gooddealersmeds__logo__20220317T222800Z.00.png\",\"width\":500,\"height\":325,\"caption\":\"Good Dealers Meds\"},\"image\":{\"@id\":\"https:\\\/\\\/gooddealersmeds.com\\\/sl\\\/#\\\/schema\\\/logo\\\/image\\\/\"}}]}<\/script>\n<!-- \/ Yoast SEO Premium plugin. -->","yoast_head_json":{"title":"Kupite teko\u010di LSD Drop na spletu (200ug) - OrderLSD Drop | Good Dealers Meds","description":"Kupite teko\u010di lsd 200ug in ga odlo\u017eite na spletu po ugodni ceni z najvi\u0161jo \u010distostjo. Z lahkoto je na voljo v spletni trgovini v Evropi.","robots":{"index":"index","follow":"follow","max-snippet":"max-snippet:-1","max-image-preview":"max-image-preview:large","max-video-preview":"max-video-preview:-1"},"canonical":"https:\/\/gooddealersmeds.com\/sl\/product\/buy-liquid-lsd-200ug-drop-online\/","og_locale":"en_US","og_type":"article","og_title":"Kupite teko\u010di LSD 200ug Drop Online","og_description":"Kupite teko\u010di lsd 200ug in ga odlo\u017eite na spletu po ugodni ceni z najvi\u0161jo \u010distostjo. Z lahkoto je na voljo v spletni trgovini v Evropi.","og_url":"https:\/\/gooddealersmeds.com\/sl\/product\/buy-liquid-lsd-200ug-drop-online\/","og_site_name":"Good Dealers Meds","article_modified_time":"2022-10-04T00:38:43+00:00","og_image":[{"width":600,"height":600,"url":"https:\/\/gooddealersmeds.com\/sl\/wp-content\/uploads\/sites\/10\/2022\/07\/buy-liquid-lsd-200ug-drop-online-cheap-1.jpg","type":"image\/jpeg"}],"twitter_card":"summary_large_image","twitter_misc":{"Est. reading time":"1 minute"},"schema":{"@context":"https:\/\/schema.org","@graph":[{"@type":"WebPage","@id":"https:\/\/gooddealersmeds.com\/sl\/product\/buy-liquid-lsd-200ug-drop-online\/","url":"https:\/\/gooddealersmeds.com\/sl\/product\/buy-liquid-lsd-200ug-drop-online\/","name":"Kupite teko\u010di LSD Drop na spletu (200ug) - OrderLSD Drop | Good Dealers Meds","isPartOf":{"@id":"https:\/\/gooddealersmeds.com\/sl\/#website"},"primaryImageOfPage":{"@id":"https:\/\/gooddealersmeds.com\/sl\/product\/buy-liquid-lsd-200ug-drop-online\/#primaryimage"},"image":{"@id":"https:\/\/gooddealersmeds.com\/sl\/product\/buy-liquid-lsd-200ug-drop-online\/#primaryimage"},"thumbnailUrl":"https:\/\/gooddealersmeds.com\/sl\/wp-content\/uploads\/sites\/10\/2022\/07\/buy-liquid-lsd-200ug-drop-online-cheap-1.jpg","datePublished":"2022-07-03T14:50:24+00:00","dateModified":"2022-10-04T00:38:43+00:00","description":"Kupite teko\u010di lsd 200ug in ga odlo\u017eite na spletu po ugodni ceni z najvi\u0161jo \u010distostjo. Z lahkoto je na voljo v spletni trgovini v Evropi.","breadcrumb":{"@id":"https:\/\/gooddealersmeds.com\/sl\/product\/buy-liquid-lsd-200ug-drop-online\/#breadcrumb"},"inLanguage":"en-US","potentialAction":[{"@type":"ReadAction","target":["https:\/\/gooddealersmeds.com\/sl\/product\/buy-liquid-lsd-200ug-drop-online\/"]}]},{"@type":"ImageObject","inLanguage":"en-US","@id":"https:\/\/gooddealersmeds.com\/sl\/product\/buy-liquid-lsd-200ug-drop-online\/#primaryimage","url":"https:\/\/gooddealersmeds.com\/sl\/wp-content\/uploads\/sites\/10\/2022\/07\/buy-liquid-lsd-200ug-drop-online-cheap-1.jpg","contentUrl":"https:\/\/gooddealersmeds.com\/sl\/wp-content\/uploads\/sites\/10\/2022\/07\/buy-liquid-lsd-200ug-drop-online-cheap-1.jpg","width":600,"height":600,"caption":"Buy liquid LSD Drop"},{"@type":"BreadcrumbList","@id":"https:\/\/gooddealersmeds.com\/sl\/product\/buy-liquid-lsd-200ug-drop-online\/#breadcrumb","itemListElement":[{"@type":"ListItem","position":1,"name":"Home","item":"https:\/\/gooddealersmeds.com\/sl\/"},{"@type":"ListItem","position":2,"name":"Izdelki","item":"https:\/\/gooddealersmeds.com\/sl\/izdelki\/"},{"@type":"ListItem","position":3,"name":"Kupite teko\u010di LSD 200ug Drop Online"}]},{"@type":"WebSite","@id":"https:\/\/gooddealersmeds.com\/sl\/#website","url":"https:\/\/gooddealersmeds.com\/sl\/","name":"Good Dealers Meds","description":"All our best","publisher":{"@id":"https:\/\/gooddealersmeds.com\/sl\/#organization"},"potentialAction":[{"@type":"SearchAction","target":{"@type":"EntryPoint","urlTemplate":"https:\/\/gooddealersmeds.com\/sl\/?s={search_term_string}"},"query-input":{"@type":"PropertyValueSpecification","valueRequired":true,"valueName":"search_term_string"}}],"inLanguage":"en-US"},{"@type":"Organization","@id":"https:\/\/gooddealersmeds.com\/sl\/#organization","name":"Good Dealers Meds","url":"https:\/\/gooddealersmeds.com\/sl\/","logo":{"@type":"ImageObject","inLanguage":"en-US","@id":"https:\/\/gooddealersmeds.com\/sl\/#\/schema\/logo\/image\/","url":"https:\/\/gooddealersmeds.com\/sl\/wp-content\/uploads\/sites\/10\/2022\/03\/gooddealersmeds__logo__20220317T222800Z.00.png","contentUrl":"https:\/\/gooddealersmeds.com\/sl\/wp-content\/uploads\/sites\/10\/2022\/03\/gooddealersmeds__logo__20220317T222800Z.00.png","width":500,"height":325,"caption":"Good Dealers Meds"},"image":{"@id":"https:\/\/gooddealersmeds.com\/sl\/#\/schema\/logo\/image\/"}}]}},"_links":{"self":[{"href":"https:\/\/gooddealersmeds.com\/sl\/wp-json\/wp\/v2\/product\/2009","targetHints":{"allow":["GET"]}}],"collection":[{"href":"https:\/\/gooddealersmeds.com\/sl\/wp-json\/wp\/v2\/product"}],"about":[{"href":"https:\/\/gooddealersmeds.com\/sl\/wp-json\/wp\/v2\/types\/product"}],"replies":[{"embeddable":true,"href":"https:\/\/gooddealersmeds.com\/sl\/wp-json\/wp\/v2\/comments?post=2009"}],"wp:featuredmedia":[{"embeddable":true,"href":"https:\/\/gooddealersmeds.com\/sl\/wp-json\/wp\/v2\/media\/2010"}],"wp:attachment":[{"href":"https:\/\/gooddealersmeds.com\/sl\/wp-json\/wp\/v2\/media?parent=2009"}],"wp:term":[{"taxonomy":"product_brand","embeddable":true,"href":"https:\/\/gooddealersmeds.com\/sl\/wp-json\/wp\/v2\/product_brand?post=2009"},{"taxonomy":"product_cat","embeddable":true,"href":"https:\/\/gooddealersmeds.com\/sl\/wp-json\/wp\/v2\/product_cat?post=2009"},{"taxonomy":"product_tag","embeddable":true,"href":"https:\/\/gooddealersmeds.com\/sl\/wp-json\/wp\/v2\/product_tag?post=2009"}],"curies":[{"name":"wp","href":"https:\/\/api.w.org\/{rel}","templated":true}]}}