{"id":2002,"date":"2022-08-01T19:12:36","date_gmt":"2022-08-01T19:12:36","guid":{"rendered":"https:\/\/gooddealersmeds.com\/sl\/?post_type=product&#038;p=2002"},"modified":"2022-10-04T00:38:36","modified_gmt":"2022-10-04T00:38:36","slug":"kupite-kakovostno-fenciklidin-pcp-tekocino","status":"publish","type":"product","link":"https:\/\/gooddealersmeds.com\/sl\/product\/kupite-kakovostno-fenciklidin-pcp-tekocino\/","title":{"rendered":"Kupite kakovostno teko\u010dino fenciklidina (PCP)."},"content":{"rendered":"<h1><strong>Phencyclidine Liquid (PCP)<\/strong><\/h1>\n<p>Phencyclidine Liquid (PCP) je psihedeli\u010dno zdravilo, ki se jemlje zaradi njegove sposobnosti spreminjanja realnosti. Je rekreacijska droga; lahko ga tudi injiciramo, saj je v teko\u010dem stanju Kupite teko\u010di phencyclidine online. Lahko se ga zme\u0161a tudi s tobakom ali marihuano, odvisno od osebnih preferenc, <a href=\"https:\/\/gooddealersmeds.com\/sl\/product\/buy-quality-phencyclidine-pcp-liquid\/\">kje naro\u010diti Phencyclidine Liquid<\/a>. Fenciklidin je \u010dlan skupine zdravil arilcikloheksilamina in je disociativni anestetik. Pomaga znatno zmanj\u0161ati bole\u010dino, odvisno od zau\u017eitega odmerka; lahko deluje tudi kot anestetik, stimulans ali depresiv. Ne\u017eeleni u\u010dinki, kot so zamegljen vid, bruhanje in omotica, so lahko povezani z jemanjem znatno visokih odmerkov. Ob zmerni uporabi se po\u010dutite lo\u010dene od realnosti in daje ob\u010dutek evforije. Znano je, da posnema skoraj tako, kot da imate nad\u010dlove\u0161ko mo\u010d in se ni\u010desar ne bojite.<\/p>\n<h2><strong>Uporaba fenciklidina\u00a0<\/strong><\/h2>\n<p>Phencyclidine liquid (PCP) ima hiter reakcijski \u010das pri vbrizganju neposredno v telo. Obi\u010dajno izzveni po 6-24 urah, odvisno od uporabljenega odmerka. Nevarnost resnih ne\u017eelenih u\u010dinkov in prevelikega odmerjanja se pove\u010da, \u010de PCP kombiniramo z drugimi zdravili, vklju\u010dno z zdravili na recept, <a href=\"https:\/\/gooddealersmeds.com\/sl\/product\/buy-quality-phencyclidine-pcp-liquid\/\">PCP za prodajo brez recepta (OTC)<\/a> in druge rekreacijske opioide. To \u0161e posebej velja, \u010de kombinirate zdravila, ki zavirajo centralni \u017eiv\u010dni sistem. Lahko znatno upo\u010dasni va\u0161e dihanje in lahko povzro\u010di zvi\u0161anje krvnega tlaka.<\/p>\n<h3><strong>Odmerek PCP<\/strong><\/h3>\n<p>Teko\u010di fenciklidin (PCP) se ne sme uporabljati pogosto ker ima pogosta in dolgotrajna uporaba lahko neprijetne u\u010dinke. Ne sme se uporabljati samostojno, ker lahko uporabnik do\u017eivi halucinacije, ki bi lahko povzro\u010dile \u010dudno vedenje in zmedo; imeti spremljevalca ali dru\u017ebo bi bilo odli\u010dno in koristno v primeru kakr\u0161ne koli te\u017eave. Pri uporabi PCP vedno ostanite hidrirani, da prepre\u010dite dehidracijo in povi\u0161ano telesno temperaturo. Vedno se je dobro izogibati me\u0161anju PCP z alkoholom. Obstaja tveganje, da postanete zasvojeni s tem zdravilom, \u0161e posebej, \u010de ga uporabljate nenehno, zato ga je treba jemati v zmernih odmerkih in se lahko obrnete na na\u0161e zdravnike, da se ustrezno pou\u010dite o uporabi.<\/p>\n","protected":false},"excerpt":{"rendered":"<p>Phencyclidine Liquid (PCP) Phencyclidine Liquid (PCP) je psihedeli\u010dno zdravilo, ki se jemlje zaradi njegove sposobnosti spreminjanja realnosti. Je rekreacijska droga; lahko ga tudi injiciramo, saj je v teko\u010dem stanju Kupite teko\u010di phencyclidine online. Lahko se ga zme\u0161a tudi s tobakom ali marihuano, odvisno od osebnih preferenc, kje naro\u010diti Phencyclidine Liquid. Fenciklidin je \u010dlan skupine zdravil&#8230;<\/p>\n","protected":false},"featured_media":2003,"comment_status":"open","ping_status":"closed","template":"","meta":{"inline_featured_image":false},"product_brand":[],"product_cat":[345],"product_tag":[],"class_list":{"0":"post-2002","1":"product","2":"type-product","3":"status-publish","4":"has-post-thumbnail","6":"product_cat-psihedeline-droge","8":"first","9":"instock","10":"shipping-taxable","11":"product-type-simple"},"yoast_head":"<!-- This site is optimized with the Yoast SEO Premium plugin v20.6 (Yoast SEO v27.3) - https:\/\/yoast.com\/product\/yoast-seo-premium-wordpress\/ -->\n<title>Kupite teko\u010di fenciklidin na spletu - Naro\u010dite PCP teko\u010di | Good Dealers Meds<\/title>\n<meta name=\"description\" content=\"Kupite teko\u010di fenciklidin na spletu (znan tudi kot angelski prah) po dostopni ceni pri zaupanja vrednih dobaviteljih z najvi\u0161jo \u010distostjo.\" \/>\n<meta name=\"robots\" content=\"index, follow, max-snippet:-1, max-image-preview:large, max-video-preview:-1\" \/>\n<link rel=\"canonical\" href=\"https:\/\/gooddealersmeds.com\/sl\/product\/kupite-kakovostno-fenciklidin-pcp-tekocino\/\" \/>\n<meta property=\"og:locale\" content=\"en_US\" \/>\n<meta property=\"og:type\" content=\"article\" \/>\n<meta property=\"og:title\" content=\"Kupite kakovostno teko\u010dino fenciklidina (PCP).\" \/>\n<meta property=\"og:description\" content=\"Kupite teko\u010di fenciklidin na spletu (znan tudi kot angelski prah) po dostopni ceni pri zaupanja vrednih dobaviteljih z najvi\u0161jo \u010distostjo.\" \/>\n<meta property=\"og:url\" content=\"https:\/\/gooddealersmeds.com\/sl\/product\/kupite-kakovostno-fenciklidin-pcp-tekocino\/\" \/>\n<meta property=\"og:site_name\" content=\"Good Dealers Meds\" \/>\n<meta property=\"article:modified_time\" content=\"2022-10-04T00:38:36+00:00\" \/>\n<meta property=\"og:image\" content=\"https:\/\/gooddealersmeds.com\/sl\/wp-content\/uploads\/sites\/10\/2022\/07\/pcp-angel-dust-solution.jpg\" \/>\n\t<meta property=\"og:image:width\" content=\"718\" \/>\n\t<meta property=\"og:image:height\" content=\"539\" \/>\n\t<meta property=\"og:image:type\" content=\"image\/jpeg\" \/>\n<meta name=\"twitter:card\" content=\"summary_large_image\" \/>\n<meta name=\"twitter:label1\" content=\"Est. reading time\" \/>\n\t<meta name=\"twitter:data1\" content=\"2 minutes\" \/>\n<script type=\"application\/ld+json\" class=\"yoast-schema-graph\">{\"@context\":\"https:\\\/\\\/schema.org\",\"@graph\":[{\"@type\":\"WebPage\",\"@id\":\"https:\\\/\\\/gooddealersmeds.com\\\/sl\\\/product\\\/kupite-kakovostno-fenciklidin-pcp-tekocino\\\/\",\"url\":\"https:\\\/\\\/gooddealersmeds.com\\\/sl\\\/product\\\/kupite-kakovostno-fenciklidin-pcp-tekocino\\\/\",\"name\":\"Kupite teko\u010di fenciklidin na spletu - Naro\u010dite PCP teko\u010di | Good Dealers Meds\",\"isPartOf\":{\"@id\":\"https:\\\/\\\/gooddealersmeds.com\\\/sl\\\/#website\"},\"primaryImageOfPage\":{\"@id\":\"https:\\\/\\\/gooddealersmeds.com\\\/sl\\\/product\\\/kupite-kakovostno-fenciklidin-pcp-tekocino\\\/#primaryimage\"},\"image\":{\"@id\":\"https:\\\/\\\/gooddealersmeds.com\\\/sl\\\/product\\\/kupite-kakovostno-fenciklidin-pcp-tekocino\\\/#primaryimage\"},\"thumbnailUrl\":\"https:\\\/\\\/gooddealersmeds.com\\\/sl\\\/wp-content\\\/uploads\\\/sites\\\/10\\\/2022\\\/07\\\/pcp-angel-dust-solution.jpg\",\"datePublished\":\"2022-08-01T19:12:36+00:00\",\"dateModified\":\"2022-10-04T00:38:36+00:00\",\"description\":\"Kupite teko\u010di fenciklidin na spletu (znan tudi kot angelski prah) po dostopni ceni pri zaupanja vrednih dobaviteljih z najvi\u0161jo \u010distostjo.\",\"breadcrumb\":{\"@id\":\"https:\\\/\\\/gooddealersmeds.com\\\/sl\\\/product\\\/kupite-kakovostno-fenciklidin-pcp-tekocino\\\/#breadcrumb\"},\"inLanguage\":\"en-US\",\"potentialAction\":[{\"@type\":\"ReadAction\",\"target\":[\"https:\\\/\\\/gooddealersmeds.com\\\/sl\\\/product\\\/kupite-kakovostno-fenciklidin-pcp-tekocino\\\/\"]}]},{\"@type\":\"ImageObject\",\"inLanguage\":\"en-US\",\"@id\":\"https:\\\/\\\/gooddealersmeds.com\\\/sl\\\/product\\\/kupite-kakovostno-fenciklidin-pcp-tekocino\\\/#primaryimage\",\"url\":\"https:\\\/\\\/gooddealersmeds.com\\\/sl\\\/wp-content\\\/uploads\\\/sites\\\/10\\\/2022\\\/07\\\/pcp-angel-dust-solution.jpg\",\"contentUrl\":\"https:\\\/\\\/gooddealersmeds.com\\\/sl\\\/wp-content\\\/uploads\\\/sites\\\/10\\\/2022\\\/07\\\/pcp-angel-dust-solution.jpg\",\"width\":718,\"height\":539,\"caption\":\"buy pcp powder\"},{\"@type\":\"BreadcrumbList\",\"@id\":\"https:\\\/\\\/gooddealersmeds.com\\\/sl\\\/product\\\/kupite-kakovostno-fenciklidin-pcp-tekocino\\\/#breadcrumb\",\"itemListElement\":[{\"@type\":\"ListItem\",\"position\":1,\"name\":\"Home\",\"item\":\"https:\\\/\\\/gooddealersmeds.com\\\/sl\\\/\"},{\"@type\":\"ListItem\",\"position\":2,\"name\":\"Izdelki\",\"item\":\"https:\\\/\\\/gooddealersmeds.com\\\/sl\\\/izdelki\\\/\"},{\"@type\":\"ListItem\",\"position\":3,\"name\":\"Kupite kakovostno teko\u010dino fenciklidina (PCP).\"}]},{\"@type\":\"WebSite\",\"@id\":\"https:\\\/\\\/gooddealersmeds.com\\\/sl\\\/#website\",\"url\":\"https:\\\/\\\/gooddealersmeds.com\\\/sl\\\/\",\"name\":\"Good Dealers Meds\",\"description\":\"All our best\",\"publisher\":{\"@id\":\"https:\\\/\\\/gooddealersmeds.com\\\/sl\\\/#organization\"},\"potentialAction\":[{\"@type\":\"SearchAction\",\"target\":{\"@type\":\"EntryPoint\",\"urlTemplate\":\"https:\\\/\\\/gooddealersmeds.com\\\/sl\\\/?s={search_term_string}\"},\"query-input\":{\"@type\":\"PropertyValueSpecification\",\"valueRequired\":true,\"valueName\":\"search_term_string\"}}],\"inLanguage\":\"en-US\"},{\"@type\":\"Organization\",\"@id\":\"https:\\\/\\\/gooddealersmeds.com\\\/sl\\\/#organization\",\"name\":\"Good Dealers Meds\",\"url\":\"https:\\\/\\\/gooddealersmeds.com\\\/sl\\\/\",\"logo\":{\"@type\":\"ImageObject\",\"inLanguage\":\"en-US\",\"@id\":\"https:\\\/\\\/gooddealersmeds.com\\\/sl\\\/#\\\/schema\\\/logo\\\/image\\\/\",\"url\":\"https:\\\/\\\/gooddealersmeds.com\\\/sl\\\/wp-content\\\/uploads\\\/sites\\\/10\\\/2022\\\/03\\\/gooddealersmeds__logo__20220317T222800Z.00.png\",\"contentUrl\":\"https:\\\/\\\/gooddealersmeds.com\\\/sl\\\/wp-content\\\/uploads\\\/sites\\\/10\\\/2022\\\/03\\\/gooddealersmeds__logo__20220317T222800Z.00.png\",\"width\":500,\"height\":325,\"caption\":\"Good Dealers Meds\"},\"image\":{\"@id\":\"https:\\\/\\\/gooddealersmeds.com\\\/sl\\\/#\\\/schema\\\/logo\\\/image\\\/\"}}]}<\/script>\n<!-- \/ Yoast SEO Premium plugin. -->","yoast_head_json":{"title":"Kupite teko\u010di fenciklidin na spletu - Naro\u010dite PCP teko\u010di | Good Dealers Meds","description":"Kupite teko\u010di fenciklidin na spletu (znan tudi kot angelski prah) po dostopni ceni pri zaupanja vrednih dobaviteljih z najvi\u0161jo \u010distostjo.","robots":{"index":"index","follow":"follow","max-snippet":"max-snippet:-1","max-image-preview":"max-image-preview:large","max-video-preview":"max-video-preview:-1"},"canonical":"https:\/\/gooddealersmeds.com\/sl\/product\/kupite-kakovostno-fenciklidin-pcp-tekocino\/","og_locale":"en_US","og_type":"article","og_title":"Kupite kakovostno teko\u010dino fenciklidina (PCP).","og_description":"Kupite teko\u010di fenciklidin na spletu (znan tudi kot angelski prah) po dostopni ceni pri zaupanja vrednih dobaviteljih z najvi\u0161jo \u010distostjo.","og_url":"https:\/\/gooddealersmeds.com\/sl\/product\/kupite-kakovostno-fenciklidin-pcp-tekocino\/","og_site_name":"Good Dealers Meds","article_modified_time":"2022-10-04T00:38:36+00:00","og_image":[{"width":718,"height":539,"url":"https:\/\/gooddealersmeds.com\/sl\/wp-content\/uploads\/sites\/10\/2022\/07\/pcp-angel-dust-solution.jpg","type":"image\/jpeg"}],"twitter_card":"summary_large_image","twitter_misc":{"Est. reading time":"2 minutes"},"schema":{"@context":"https:\/\/schema.org","@graph":[{"@type":"WebPage","@id":"https:\/\/gooddealersmeds.com\/sl\/product\/kupite-kakovostno-fenciklidin-pcp-tekocino\/","url":"https:\/\/gooddealersmeds.com\/sl\/product\/kupite-kakovostno-fenciklidin-pcp-tekocino\/","name":"Kupite teko\u010di fenciklidin na spletu - Naro\u010dite PCP teko\u010di | Good Dealers Meds","isPartOf":{"@id":"https:\/\/gooddealersmeds.com\/sl\/#website"},"primaryImageOfPage":{"@id":"https:\/\/gooddealersmeds.com\/sl\/product\/kupite-kakovostno-fenciklidin-pcp-tekocino\/#primaryimage"},"image":{"@id":"https:\/\/gooddealersmeds.com\/sl\/product\/kupite-kakovostno-fenciklidin-pcp-tekocino\/#primaryimage"},"thumbnailUrl":"https:\/\/gooddealersmeds.com\/sl\/wp-content\/uploads\/sites\/10\/2022\/07\/pcp-angel-dust-solution.jpg","datePublished":"2022-08-01T19:12:36+00:00","dateModified":"2022-10-04T00:38:36+00:00","description":"Kupite teko\u010di fenciklidin na spletu (znan tudi kot angelski prah) po dostopni ceni pri zaupanja vrednih dobaviteljih z najvi\u0161jo \u010distostjo.","breadcrumb":{"@id":"https:\/\/gooddealersmeds.com\/sl\/product\/kupite-kakovostno-fenciklidin-pcp-tekocino\/#breadcrumb"},"inLanguage":"en-US","potentialAction":[{"@type":"ReadAction","target":["https:\/\/gooddealersmeds.com\/sl\/product\/kupite-kakovostno-fenciklidin-pcp-tekocino\/"]}]},{"@type":"ImageObject","inLanguage":"en-US","@id":"https:\/\/gooddealersmeds.com\/sl\/product\/kupite-kakovostno-fenciklidin-pcp-tekocino\/#primaryimage","url":"https:\/\/gooddealersmeds.com\/sl\/wp-content\/uploads\/sites\/10\/2022\/07\/pcp-angel-dust-solution.jpg","contentUrl":"https:\/\/gooddealersmeds.com\/sl\/wp-content\/uploads\/sites\/10\/2022\/07\/pcp-angel-dust-solution.jpg","width":718,"height":539,"caption":"buy pcp powder"},{"@type":"BreadcrumbList","@id":"https:\/\/gooddealersmeds.com\/sl\/product\/kupite-kakovostno-fenciklidin-pcp-tekocino\/#breadcrumb","itemListElement":[{"@type":"ListItem","position":1,"name":"Home","item":"https:\/\/gooddealersmeds.com\/sl\/"},{"@type":"ListItem","position":2,"name":"Izdelki","item":"https:\/\/gooddealersmeds.com\/sl\/izdelki\/"},{"@type":"ListItem","position":3,"name":"Kupite kakovostno teko\u010dino fenciklidina (PCP)."}]},{"@type":"WebSite","@id":"https:\/\/gooddealersmeds.com\/sl\/#website","url":"https:\/\/gooddealersmeds.com\/sl\/","name":"Good Dealers Meds","description":"All our best","publisher":{"@id":"https:\/\/gooddealersmeds.com\/sl\/#organization"},"potentialAction":[{"@type":"SearchAction","target":{"@type":"EntryPoint","urlTemplate":"https:\/\/gooddealersmeds.com\/sl\/?s={search_term_string}"},"query-input":{"@type":"PropertyValueSpecification","valueRequired":true,"valueName":"search_term_string"}}],"inLanguage":"en-US"},{"@type":"Organization","@id":"https:\/\/gooddealersmeds.com\/sl\/#organization","name":"Good Dealers Meds","url":"https:\/\/gooddealersmeds.com\/sl\/","logo":{"@type":"ImageObject","inLanguage":"en-US","@id":"https:\/\/gooddealersmeds.com\/sl\/#\/schema\/logo\/image\/","url":"https:\/\/gooddealersmeds.com\/sl\/wp-content\/uploads\/sites\/10\/2022\/03\/gooddealersmeds__logo__20220317T222800Z.00.png","contentUrl":"https:\/\/gooddealersmeds.com\/sl\/wp-content\/uploads\/sites\/10\/2022\/03\/gooddealersmeds__logo__20220317T222800Z.00.png","width":500,"height":325,"caption":"Good Dealers Meds"},"image":{"@id":"https:\/\/gooddealersmeds.com\/sl\/#\/schema\/logo\/image\/"}}]}},"_links":{"self":[{"href":"https:\/\/gooddealersmeds.com\/sl\/wp-json\/wp\/v2\/product\/2002","targetHints":{"allow":["GET"]}}],"collection":[{"href":"https:\/\/gooddealersmeds.com\/sl\/wp-json\/wp\/v2\/product"}],"about":[{"href":"https:\/\/gooddealersmeds.com\/sl\/wp-json\/wp\/v2\/types\/product"}],"replies":[{"embeddable":true,"href":"https:\/\/gooddealersmeds.com\/sl\/wp-json\/wp\/v2\/comments?post=2002"}],"wp:featuredmedia":[{"embeddable":true,"href":"https:\/\/gooddealersmeds.com\/sl\/wp-json\/wp\/v2\/media\/2003"}],"wp:attachment":[{"href":"https:\/\/gooddealersmeds.com\/sl\/wp-json\/wp\/v2\/media?parent=2002"}],"wp:term":[{"taxonomy":"product_brand","embeddable":true,"href":"https:\/\/gooddealersmeds.com\/sl\/wp-json\/wp\/v2\/product_brand?post=2002"},{"taxonomy":"product_cat","embeddable":true,"href":"https:\/\/gooddealersmeds.com\/sl\/wp-json\/wp\/v2\/product_cat?post=2002"},{"taxonomy":"product_tag","embeddable":true,"href":"https:\/\/gooddealersmeds.com\/sl\/wp-json\/wp\/v2\/product_tag?post=2002"}],"curies":[{"name":"wp","href":"https:\/\/api.w.org\/{rel}","templated":true}]}}