{"id":2001,"date":"2022-07-03T14:45:15","date_gmt":"2022-07-03T14:45:15","guid":{"rendered":"https:\/\/gooddealersmeds.com\/sl\/?post_type=product&#038;p=2001"},"modified":"2022-10-04T00:38:50","modified_gmt":"2022-10-04T00:38:50","slug":"kupite-ketamin-v-prahu-na-spletu","status":"publish","type":"product","link":"https:\/\/gooddealersmeds.com\/sl\/product\/kupite-ketamin-v-prahu-na-spletu\/","title":{"rendered":"Kupite ketamin v prahu na spletu"},"content":{"rendered":"<h1><strong>Ketamin v prahu<\/strong><\/h1>\n<p>Ketamin je disociativni anestetik. Uporabljajo ga zdravniki za za\u010detek splo\u0161ne anestezije &#8211; Kupite ketamin v prahu na spletu. Lahko se uporablja za zdravljenje depresije pri bolnikih, ki se ne odzivajo dobro na druge oblike zdravljenja. Lahko se uporablja za zdravljenje te\u017eav z anksioznostjo. Alkohol in ketamin sta zaviralca centralnega \u017eiv\u010dnega sistema, zato ketamin v kombinaciji z alkoholom ni priporo\u010dljiv, ker ima lahko usodne u\u010dinke. Je priljubljena rekreacijska droga, ki lahko ob zau\u017eitju povzro\u010di ob\u010dutek evforije. Lahko se uporablja tudi za laj\u0161anje bole\u010din, zlasti kadar se zdi, da druga zdravila ne opravijo svojega dela. Ketamin ne deluje kot drugi anestetiki, ki blokirajo bole\u010dinske signale, deluje tako, da odklopi mo\u017egane od telesa. Ovira sposobnost mo\u017eganov za obdelavo bole\u010dinskih signalov. Znano je, da ketamin pove\u010da nevronsko aktivnost in nekatere \u0161tudije so pokazale, da lahko. <a href=\"https:\/\/gooddealersmeds.com\/sl\/product\/buy-ketamine-powder-online\/\">Kako lahko naro\u010dim ketamin<\/a><\/p>\n<p>&nbsp;<\/p>\n<p> se uporablja za zdravljenje nekaterih du\u0161evnih bolezni. Lahko se uporablja za laj\u0161anje bole\u010din, ki so posledica opeklin. Lahko se uporablja za zdravljenje po\u0161kodb na boji\u0161\u010du. Uporabljali so ga tudi za obvladovanje bole\u010din pri otrocih, ki zaradi ne\u017eelenih u\u010dinkov ali alergij ne morejo uporabljati drugih anestetikov. U\u010dinek se obi\u010dajno \u010duti nekaj minut po zau\u017eitju. Reakcijski \u010das je odvisen od na\u010dina uporabe &#8211; Ketamin v prahu prodam. Po zau\u017eitju je \u010das, potreben, da za\u010dne delovati, od nekaj sekund do 30 minut. Poro\u010dali so, da uporabniki ketamina do\u017eivijo vznemirjenost, zaradi katere se lahko po\u010dutijo sre\u010dne in spro\u0161\u010dene. Poleg tega se lahko po\u010dutijo lo\u010dene od svojega telesa zaradi dejstva, da je disociativni anestetik. Zdravilo vpliva na receptorje glutamina ter popravlja in ponovno aktivira sinapse, s \u010dimer pove\u010da prilagodljivost mo\u017eganov, kar lahko pomaga pri premagovanju depresije.<\/p>\n<p>&nbsp;<\/p>\n<p>Poro\u010dali so, da ketamin pomaga pri u\u010dinkovitih antidepresivih ali psihoterapiji. \u010deprav sprva niso bili tako u\u010dinkoviti. To bi lahko tudi pojasnilo, zakaj lahko ketamin naredi antidepresive ali psihoterapijo u\u010dinkovite, potem ko prej niso bili. Nekateri uporabniki trdijo, da daje prijeten ob\u010dutek in da se po\u010dutijo eno z vesoljem. \u010ce ga vzamete v dru\u017ebi prijateljev v mirnem &#8211; naro\u010dite ketamin v prahu tukaj, spro\u0161\u010deno okolje je lahko duhovno in pomirjujo\u010de; u\u017eivanje v klubu je lahko navdu\u0161ujo\u010de s pove\u010dano energijo in dobrim popivanjem.<\/p>\n<p>&nbsp;<\/p>\n<p>Ketamin ima lahko tudi druge neugodne stranske u\u010dinke, kot so tesnoba, vrtoglavica ali izguba ravnovesje. Prav tako je zelo zasvojljiva droga, je brez vonja in barve in se lahko uporablja za \u0161kodo, \u010de ni ustrezno negovan. Ketamin za prodajo Za ustrezen nasvet se posvetujte z na\u0161imi zdravniki.<\/p>\n","protected":false},"excerpt":{"rendered":"<p>Kupite ketamin v prahu prek spleta. Kupite ketamin HCL v prahu za prodajo na spletu \u2013 ketamin v prahu za prodajo na spletu \u2013 Naro\u010dite ketamin v prahu<\/p>\n","protected":false},"featured_media":2008,"comment_status":"open","ping_status":"closed","template":"","meta":{"inline_featured_image":false},"product_brand":[],"product_cat":[345],"product_tag":[104,105,109,572,570,573,568,564,567,563,562,561,571,203,107,108,566,565,569,106,110],"class_list":{"0":"post-2001","1":"product","2":"type-product","3":"status-publish","4":"has-post-thumbnail","6":"product_cat-psihedeline-droge","7":"product_tag-ali","8":"product_tag-canada","9":"product_tag-dobavitelji","10":"product_tag-how-to-order-ketamine-powder","11":"product_tag-je-ketamin-prah-zakonit-v-zda","12":"product_tag-je-ketamin-prah-legalen-v-kanadi","13":"product_tag-ketamin-prah-za-prodajo-v-zda","14":"product_tag-kje-kupiti-ketamin-v-prahu","15":"product_tag-kje-kupiti-ketamin-v-prahu-na-spletu","16":"product_tag-buy-ketamine-online","17":"product_tag-buy-ketamine-prah","18":"product_tag-kupi-ketamin-prah-na-spletu-kupi-prah","19":"product_tag-buy-ketamin-powder-online-us","20":"product_tag-buy-powder-online","21":"product_tag-kupiti","22":"product_tag-online","23":"product_tag-ketamin-za-prodajo","24":"product_tag-ketamin-v-prahu-za-prodajo","25":"product_tag-e-lahko-dobite-ketamin-v-prahu","26":"product_tag-uk","27":"product_tag-varna-dostava","29":"first","30":"instock","31":"shipping-taxable","32":"purchasable","33":"product-type-variable","34":"has-default-attributes"},"yoast_head":"<!-- This site is optimized with the Yoast SEO Premium plugin v20.6 (Yoast SEO v27.3) - https:\/\/yoast.com\/product\/yoast-seo-premium-wordpress\/ -->\n<title>Kupite ketamin v prahu na spletu - Nakup ketamina | Good Dealers Meds<\/title>\n<meta name=\"description\" content=\"Kupite ketamin v prahu na spletu. Ketamin HCL naprodaj \u2013 Naro\u010dite ketamin po dostopni ceni z zajam\u010denim zadovoljstvom in hitro dostavo.\" \/>\n<meta name=\"robots\" content=\"index, follow, max-snippet:-1, max-image-preview:large, max-video-preview:-1\" \/>\n<link rel=\"canonical\" href=\"https:\/\/gooddealersmeds.com\/sl\/product\/kupite-ketamin-v-prahu-na-spletu\/\" \/>\n<meta property=\"og:locale\" content=\"en_US\" \/>\n<meta property=\"og:type\" content=\"article\" \/>\n<meta property=\"og:title\" content=\"Kupite ketamin v prahu na spletu\" \/>\n<meta property=\"og:description\" content=\"Kupite ketamin v prahu na spletu. Ketamin HCL naprodaj \u2013 Naro\u010dite ketamin po dostopni ceni z zajam\u010denim zadovoljstvom in hitro dostavo.\" \/>\n<meta property=\"og:url\" content=\"https:\/\/gooddealersmeds.com\/sl\/product\/kupite-ketamin-v-prahu-na-spletu\/\" \/>\n<meta property=\"og:site_name\" content=\"Good Dealers Meds\" \/>\n<meta property=\"article:modified_time\" content=\"2022-10-04T00:38:50+00:00\" \/>\n<meta property=\"og:image\" content=\"https:\/\/gooddealersmeds.com\/sl\/wp-content\/uploads\/sites\/10\/2022\/07\/ketamine-powder.jpg\" \/>\n\t<meta property=\"og:image:width\" content=\"600\" \/>\n\t<meta property=\"og:image:height\" content=\"600\" \/>\n\t<meta property=\"og:image:type\" content=\"image\/jpeg\" \/>\n<meta name=\"twitter:card\" content=\"summary_large_image\" \/>\n<meta name=\"twitter:label1\" content=\"Est. reading time\" \/>\n\t<meta name=\"twitter:data1\" content=\"2 minutes\" \/>\n<script type=\"application\/ld+json\" class=\"yoast-schema-graph\">{\"@context\":\"https:\\\/\\\/schema.org\",\"@graph\":[{\"@type\":\"WebPage\",\"@id\":\"https:\\\/\\\/gooddealersmeds.com\\\/sl\\\/product\\\/kupite-ketamin-v-prahu-na-spletu\\\/\",\"url\":\"https:\\\/\\\/gooddealersmeds.com\\\/sl\\\/product\\\/kupite-ketamin-v-prahu-na-spletu\\\/\",\"name\":\"Kupite ketamin v prahu na spletu - Nakup ketamina | Good Dealers Meds\",\"isPartOf\":{\"@id\":\"https:\\\/\\\/gooddealersmeds.com\\\/sl\\\/#website\"},\"primaryImageOfPage\":{\"@id\":\"https:\\\/\\\/gooddealersmeds.com\\\/sl\\\/product\\\/kupite-ketamin-v-prahu-na-spletu\\\/#primaryimage\"},\"image\":{\"@id\":\"https:\\\/\\\/gooddealersmeds.com\\\/sl\\\/product\\\/kupite-ketamin-v-prahu-na-spletu\\\/#primaryimage\"},\"thumbnailUrl\":\"https:\\\/\\\/gooddealersmeds.com\\\/sl\\\/wp-content\\\/uploads\\\/sites\\\/10\\\/2022\\\/07\\\/ketamine-powder.jpg\",\"datePublished\":\"2022-07-03T14:45:15+00:00\",\"dateModified\":\"2022-10-04T00:38:50+00:00\",\"description\":\"Kupite ketamin v prahu na spletu. Ketamin HCL naprodaj \u2013 Naro\u010dite ketamin po dostopni ceni z zajam\u010denim zadovoljstvom in hitro dostavo.\",\"breadcrumb\":{\"@id\":\"https:\\\/\\\/gooddealersmeds.com\\\/sl\\\/product\\\/kupite-ketamin-v-prahu-na-spletu\\\/#breadcrumb\"},\"inLanguage\":\"en-US\",\"potentialAction\":[{\"@type\":\"ReadAction\",\"target\":[\"https:\\\/\\\/gooddealersmeds.com\\\/sl\\\/product\\\/kupite-ketamin-v-prahu-na-spletu\\\/\"]}]},{\"@type\":\"ImageObject\",\"inLanguage\":\"en-US\",\"@id\":\"https:\\\/\\\/gooddealersmeds.com\\\/sl\\\/product\\\/kupite-ketamin-v-prahu-na-spletu\\\/#primaryimage\",\"url\":\"https:\\\/\\\/gooddealersmeds.com\\\/sl\\\/wp-content\\\/uploads\\\/sites\\\/10\\\/2022\\\/07\\\/ketamine-powder.jpg\",\"contentUrl\":\"https:\\\/\\\/gooddealersmeds.com\\\/sl\\\/wp-content\\\/uploads\\\/sites\\\/10\\\/2022\\\/07\\\/ketamine-powder.jpg\",\"width\":600,\"height\":600,\"caption\":\"Buy Ketamine Powder Online\"},{\"@type\":\"BreadcrumbList\",\"@id\":\"https:\\\/\\\/gooddealersmeds.com\\\/sl\\\/product\\\/kupite-ketamin-v-prahu-na-spletu\\\/#breadcrumb\",\"itemListElement\":[{\"@type\":\"ListItem\",\"position\":1,\"name\":\"Home\",\"item\":\"https:\\\/\\\/gooddealersmeds.com\\\/sl\\\/\"},{\"@type\":\"ListItem\",\"position\":2,\"name\":\"Izdelki\",\"item\":\"https:\\\/\\\/gooddealersmeds.com\\\/sl\\\/izdelki\\\/\"},{\"@type\":\"ListItem\",\"position\":3,\"name\":\"Kupite ketamin v prahu na spletu\"}]},{\"@type\":\"WebSite\",\"@id\":\"https:\\\/\\\/gooddealersmeds.com\\\/sl\\\/#website\",\"url\":\"https:\\\/\\\/gooddealersmeds.com\\\/sl\\\/\",\"name\":\"Good Dealers Meds\",\"description\":\"All our best\",\"publisher\":{\"@id\":\"https:\\\/\\\/gooddealersmeds.com\\\/sl\\\/#organization\"},\"potentialAction\":[{\"@type\":\"SearchAction\",\"target\":{\"@type\":\"EntryPoint\",\"urlTemplate\":\"https:\\\/\\\/gooddealersmeds.com\\\/sl\\\/?s={search_term_string}\"},\"query-input\":{\"@type\":\"PropertyValueSpecification\",\"valueRequired\":true,\"valueName\":\"search_term_string\"}}],\"inLanguage\":\"en-US\"},{\"@type\":\"Organization\",\"@id\":\"https:\\\/\\\/gooddealersmeds.com\\\/sl\\\/#organization\",\"name\":\"Good Dealers Meds\",\"url\":\"https:\\\/\\\/gooddealersmeds.com\\\/sl\\\/\",\"logo\":{\"@type\":\"ImageObject\",\"inLanguage\":\"en-US\",\"@id\":\"https:\\\/\\\/gooddealersmeds.com\\\/sl\\\/#\\\/schema\\\/logo\\\/image\\\/\",\"url\":\"https:\\\/\\\/gooddealersmeds.com\\\/sl\\\/wp-content\\\/uploads\\\/sites\\\/10\\\/2022\\\/03\\\/gooddealersmeds__logo__20220317T222800Z.00.png\",\"contentUrl\":\"https:\\\/\\\/gooddealersmeds.com\\\/sl\\\/wp-content\\\/uploads\\\/sites\\\/10\\\/2022\\\/03\\\/gooddealersmeds__logo__20220317T222800Z.00.png\",\"width\":500,\"height\":325,\"caption\":\"Good Dealers Meds\"},\"image\":{\"@id\":\"https:\\\/\\\/gooddealersmeds.com\\\/sl\\\/#\\\/schema\\\/logo\\\/image\\\/\"}}]}<\/script>\n<!-- \/ Yoast SEO Premium plugin. -->","yoast_head_json":{"title":"Kupite ketamin v prahu na spletu - Nakup ketamina | Good Dealers Meds","description":"Kupite ketamin v prahu na spletu. Ketamin HCL naprodaj \u2013 Naro\u010dite ketamin po dostopni ceni z zajam\u010denim zadovoljstvom in hitro dostavo.","robots":{"index":"index","follow":"follow","max-snippet":"max-snippet:-1","max-image-preview":"max-image-preview:large","max-video-preview":"max-video-preview:-1"},"canonical":"https:\/\/gooddealersmeds.com\/sl\/product\/kupite-ketamin-v-prahu-na-spletu\/","og_locale":"en_US","og_type":"article","og_title":"Kupite ketamin v prahu na spletu","og_description":"Kupite ketamin v prahu na spletu. Ketamin HCL naprodaj \u2013 Naro\u010dite ketamin po dostopni ceni z zajam\u010denim zadovoljstvom in hitro dostavo.","og_url":"https:\/\/gooddealersmeds.com\/sl\/product\/kupite-ketamin-v-prahu-na-spletu\/","og_site_name":"Good Dealers Meds","article_modified_time":"2022-10-04T00:38:50+00:00","og_image":[{"width":600,"height":600,"url":"https:\/\/gooddealersmeds.com\/sl\/wp-content\/uploads\/sites\/10\/2022\/07\/ketamine-powder.jpg","type":"image\/jpeg"}],"twitter_card":"summary_large_image","twitter_misc":{"Est. reading time":"2 minutes"},"schema":{"@context":"https:\/\/schema.org","@graph":[{"@type":"WebPage","@id":"https:\/\/gooddealersmeds.com\/sl\/product\/kupite-ketamin-v-prahu-na-spletu\/","url":"https:\/\/gooddealersmeds.com\/sl\/product\/kupite-ketamin-v-prahu-na-spletu\/","name":"Kupite ketamin v prahu na spletu - Nakup ketamina | Good Dealers Meds","isPartOf":{"@id":"https:\/\/gooddealersmeds.com\/sl\/#website"},"primaryImageOfPage":{"@id":"https:\/\/gooddealersmeds.com\/sl\/product\/kupite-ketamin-v-prahu-na-spletu\/#primaryimage"},"image":{"@id":"https:\/\/gooddealersmeds.com\/sl\/product\/kupite-ketamin-v-prahu-na-spletu\/#primaryimage"},"thumbnailUrl":"https:\/\/gooddealersmeds.com\/sl\/wp-content\/uploads\/sites\/10\/2022\/07\/ketamine-powder.jpg","datePublished":"2022-07-03T14:45:15+00:00","dateModified":"2022-10-04T00:38:50+00:00","description":"Kupite ketamin v prahu na spletu. Ketamin HCL naprodaj \u2013 Naro\u010dite ketamin po dostopni ceni z zajam\u010denim zadovoljstvom in hitro dostavo.","breadcrumb":{"@id":"https:\/\/gooddealersmeds.com\/sl\/product\/kupite-ketamin-v-prahu-na-spletu\/#breadcrumb"},"inLanguage":"en-US","potentialAction":[{"@type":"ReadAction","target":["https:\/\/gooddealersmeds.com\/sl\/product\/kupite-ketamin-v-prahu-na-spletu\/"]}]},{"@type":"ImageObject","inLanguage":"en-US","@id":"https:\/\/gooddealersmeds.com\/sl\/product\/kupite-ketamin-v-prahu-na-spletu\/#primaryimage","url":"https:\/\/gooddealersmeds.com\/sl\/wp-content\/uploads\/sites\/10\/2022\/07\/ketamine-powder.jpg","contentUrl":"https:\/\/gooddealersmeds.com\/sl\/wp-content\/uploads\/sites\/10\/2022\/07\/ketamine-powder.jpg","width":600,"height":600,"caption":"Buy Ketamine Powder Online"},{"@type":"BreadcrumbList","@id":"https:\/\/gooddealersmeds.com\/sl\/product\/kupite-ketamin-v-prahu-na-spletu\/#breadcrumb","itemListElement":[{"@type":"ListItem","position":1,"name":"Home","item":"https:\/\/gooddealersmeds.com\/sl\/"},{"@type":"ListItem","position":2,"name":"Izdelki","item":"https:\/\/gooddealersmeds.com\/sl\/izdelki\/"},{"@type":"ListItem","position":3,"name":"Kupite ketamin v prahu na spletu"}]},{"@type":"WebSite","@id":"https:\/\/gooddealersmeds.com\/sl\/#website","url":"https:\/\/gooddealersmeds.com\/sl\/","name":"Good Dealers Meds","description":"All our best","publisher":{"@id":"https:\/\/gooddealersmeds.com\/sl\/#organization"},"potentialAction":[{"@type":"SearchAction","target":{"@type":"EntryPoint","urlTemplate":"https:\/\/gooddealersmeds.com\/sl\/?s={search_term_string}"},"query-input":{"@type":"PropertyValueSpecification","valueRequired":true,"valueName":"search_term_string"}}],"inLanguage":"en-US"},{"@type":"Organization","@id":"https:\/\/gooddealersmeds.com\/sl\/#organization","name":"Good Dealers Meds","url":"https:\/\/gooddealersmeds.com\/sl\/","logo":{"@type":"ImageObject","inLanguage":"en-US","@id":"https:\/\/gooddealersmeds.com\/sl\/#\/schema\/logo\/image\/","url":"https:\/\/gooddealersmeds.com\/sl\/wp-content\/uploads\/sites\/10\/2022\/03\/gooddealersmeds__logo__20220317T222800Z.00.png","contentUrl":"https:\/\/gooddealersmeds.com\/sl\/wp-content\/uploads\/sites\/10\/2022\/03\/gooddealersmeds__logo__20220317T222800Z.00.png","width":500,"height":325,"caption":"Good Dealers Meds"},"image":{"@id":"https:\/\/gooddealersmeds.com\/sl\/#\/schema\/logo\/image\/"}}]}},"_links":{"self":[{"href":"https:\/\/gooddealersmeds.com\/sl\/wp-json\/wp\/v2\/product\/2001","targetHints":{"allow":["GET"]}}],"collection":[{"href":"https:\/\/gooddealersmeds.com\/sl\/wp-json\/wp\/v2\/product"}],"about":[{"href":"https:\/\/gooddealersmeds.com\/sl\/wp-json\/wp\/v2\/types\/product"}],"replies":[{"embeddable":true,"href":"https:\/\/gooddealersmeds.com\/sl\/wp-json\/wp\/v2\/comments?post=2001"}],"wp:featuredmedia":[{"embeddable":true,"href":"https:\/\/gooddealersmeds.com\/sl\/wp-json\/wp\/v2\/media\/2008"}],"wp:attachment":[{"href":"https:\/\/gooddealersmeds.com\/sl\/wp-json\/wp\/v2\/media?parent=2001"}],"wp:term":[{"taxonomy":"product_brand","embeddable":true,"href":"https:\/\/gooddealersmeds.com\/sl\/wp-json\/wp\/v2\/product_brand?post=2001"},{"taxonomy":"product_cat","embeddable":true,"href":"https:\/\/gooddealersmeds.com\/sl\/wp-json\/wp\/v2\/product_cat?post=2001"},{"taxonomy":"product_tag","embeddable":true,"href":"https:\/\/gooddealersmeds.com\/sl\/wp-json\/wp\/v2\/product_tag?post=2001"}],"curies":[{"name":"wp","href":"https:\/\/api.w.org\/{rel}","templated":true}]}}