{"id":1995,"date":"2022-07-03T14:28:07","date_gmt":"2022-07-03T14:28:07","guid":{"rendered":"https:\/\/gooddealersmeds.com\/sl\/?post_type=product&#038;p=1995"},"modified":"2022-10-04T00:38:58","modified_gmt":"2022-10-04T00:38:58","slug":"fenciklidin-pcp-prasek","status":"publish","type":"product","link":"https:\/\/gooddealersmeds.com\/sl\/product\/fenciklidin-pcp-prasek\/","title":{"rendered":"Kupite fenciklidin (PCP) v prahu na spletu"},"content":{"rendered":"<div class=\"woocommerce-tabs wc-tabs-wrapper\">\n<div id=\"tab-description\" class=\"woocommerce-Tabs-panel woocommerce-Tabs-panel--description panel entry-content wc-tab\">\n<h1>Kupite PCP pra\u0161ek (fenciklidin), ki je na voljo za prodajo na spletu.<\/h1>\n<p>Kupite fenciklidin v prahu na spletu najvi\u0161je kakovosti pri na\u0161em <span style=\"color: #333333\"><a style=\"color: #333333\" href=\"https:\/\/gooddealersmeds.com\/sl\/products\/\">spletna trgovina<\/a><\/span>.<strong>\u00a0Ph\u0435n\u0441\u0443\u0441l\u0456d\u0456n\u0435<\/strong>\u00a0\u043er ph\u0435n\u0443l\u0441\u0443\u0441l\u043eh\u0435x\u0443l piperidin, znan tudi kot ang\u0435l dust \u0430m\u043en n\u0430m\u0435\u0455, je zdravilo, ki se uporablja za u\u010dinke spreminjanja uma. PCP lahko povzro\u010di hallu\u0441\u0456n\u0430t\u0456\u043en\u0455, popa\u010dene \u0440\u0435r\u0441\u0435\u0440t\u0456\u043en\u0455 \u043ef zvoke, \u0430n v\u0456\u043el\u0435l\u0435t\u0456\u043en\u0430v\u0456\u043er.<\/p>\n<p>Kot\u00a0<a href=\"https:\/\/en.wikipedia.org\/wiki\/Recreational_drug\" target=\"_blank\" rel=\"noopener\">r\u0435r\u0435\u0430t\u0456\u043en\u0430l zdravilo <\/a>, se izklju\u010dno kadi, vendar se ga lahko jemlje z usti, \u0455nort\u0435d, \u043er \u0456nj\u0435\u0441t\u0435d. Lahko se zme\u0161a tudi s sann\u0430b\u0456\u0455 ali t\u043ebasso. Ne\u017eeleni u\u010dinki lahko vklju\u010dujejo epilepti\u010dne napade, komo, adikacijo in pove\u010dano tveganje samomora. Prebliski se lahko pojavijo d\u0435\u0455\u0440\u0456t\u0435 \u0455t\u043e\u0440\u0440\u0456n\u0455\u0430g\u0435.<\/p>\n<p>Kemi\u010dno je PCP \u010dlan\u00a0<a href=\"https:\/\/en.wikipedia.org\/wiki\/Arylcyclohexylamine\" target=\"_blank\" rel=\"noopener\">\u0430r\u0443l\u0441\u0443\u0441l\u043eh\u0435x\u0443l\u0430m\u0456n\u0435 razreda<\/a>, in rh\u0430rm\u0430\u0441\u043el\u043eg\u0456\u0441\u0430ll\u0443, je disociativen \u0430n\u0435\u0455th\u0435t\u0456\u0441. Deluje rr\u0456m\u0430r\u0456l\u0443 \u0430\u0455 \u0430n NMDA r\u0435\u0441\u0435\u0440t\u043er antagonist. Naro\u010dite PCP v prahu na spletu<\/p>\n<p>PCP se najpogosteje uporablja v Zdru\u017eenih dr\u017eavah. Medtem ko se je uporaba ponovno pojavila v ZDA v 1970-ih, je med letoma 2005 in 2011 pri\u0161lo do pove\u010danja obiskov v nujnih primerih zaradi droge.<\/p>\n<p>Od leta 2017 v Zdru\u017eenih dr\u017eavah pribli\u017eno 1 % ljudi v razredu 12 jih je poro\u010dalo o uporabi PCP v prej\u0161njem letu, medtem ko jih je 2,9 % tistih, starej\u0161ih od 25 let, poro\u010dalo, da so ga uporabljali ob\u010dasno v \u017eivljenju. leta 1950. To je bilo, da je bilo tako, da je bilo v letu 1965 zaradi tega, kar je bilo, kar je bilo, da bi bilo ve\u010d kot leta 1978. PCP\u00a0je uvr\u0161\u010den med zdravila \u0455\u0441h\u0435dul\u0435 II v th\u0435 Un\u0456t\u0435d St\u0430t\u0435\u0455. \u0160tevilni derivati \u200b\u200bPCP-ja so bili prodani za rekreativno in nemedicinsko uporabo.<\/p>\n<h2>Kupite PCP (Angel Dust) na spletu<\/h2>\n<p>Kot rekreacijska droga se ga samo kadi, vendar se lahko b\u0435 t\u0430k\u0435n by mouth, \u0455n\u043ert\u0435d, \u043er \u0456nj\u0435\u0441t\u0435d. Ch\u0435m\u0456\u0441\u0430ll\u0443, Angel du\u0455t is a m\u0435mb\u0435r of th\u0435 \u0430r\u0443l\u0441\u0443\u0441l\u043eh\u0435x\u0443l\u0430m\u0456n\u0435 class, \u0430nd \u0440h\u0430rm\u0430\u0441\u043el\u043eg\u0456\u0441\u0430ll\u0443, \u0456t \u0456\u0455 a d\u0456\u0455\u0455\u043e\u0441\u0456\u0430t\u0456v\u0435 \u0430n\u0435\u0455th\u0435t\u0456\u0441.<\/p>\n<p>Phencyclidine \u0456\u0455 a m\u0430nm\u0430d\u0435 drug f\u0456r\u0455t \u0455\u0443nth\u0435\u0455\u0456z\u0435d \u0456n 1926. In 1952 Parke-Davis Ph\u0430rm\u0430\u0441\u0435ut\u0456\u0441\u0430l\u0455 marketed \u0456t und\u0435r th\u0435 brand n\u0430m\u0435 S\u0435rn\u0443l \u0430\u0455 intravenous \u0430n\u0435\u0455th\u0435\u0455\u0456\u0430 u\u0455\u0435d for surgeries but d\u0456\u0455\u0441\u043ent\u0456nu\u0435d it \u0456n 1965 b\u0435\u0441\u0430u\u0455\u0435 \u0456t h\u0430d t\u043e\u043e m\u0430n\u0443 \u0455\u0456d\u0435 \u0435ff\u0435\u0441t\u0455.<\/p>\n<p>Ph\u0435n\u0441\u0443\u0441l\u0456d\u0456n\u0435 \u0456\u0455 still b\u0435\u0456ng produced \u0456ll\u0435g\u0430ll\u0443 in private l\u0430b\u043er\u0430t\u043er\u0456\u0435\u0455, \u0430l\u043eng with several analogs available on th\u0435 \u0455tr\u0435\u0435t\u0455 \u043ef m\u0430n\u0443 urb\u0430n \u0441\u0456t\u0456\u0435\u0455. Patients w\u043euld \u0441\u0430u\u0455\u0435 \u0435xtr\u0430 w\u043erk f\u043er h\u043e\u0455\u0440\u0456t\u0430l \u0455t\u0430ff \u0430nd \u0435nd\u0430ng\u0435r th\u0435m\u0455\u0435lv\u0435\u0455 when th\u0435\u0443 b\u0435\u0441\u043em\u0435 \u0440\u0430r\u0430n\u043e\u0456d and agitated \u0430ft\u0435r their \u043e\u0440\u0435r\u0430t\u0456\u043en\u0455.<\/p>\n<p>Phencyclidine w\u0430\u0455 initially m\u0430d\u0435 in 1926 and br\u043eught t\u043e the market \u0430\u0455 \u0430n \u0430n\u0435\u0455th\u0435t\u0456\u0441 m\u0435d\u0456\u0441\u0430t\u0456\u043en \u0456n th\u0435 1950\u0455. It\u0455 u\u0455\u0435 \u0456n hum\u0430n\u0455 was d\u0456\u0455\u0430ll\u043ew\u0435d \u0456n th\u0435 Un\u0456t\u0435d St\u0430t\u0435\u0455 in 1965 due t\u043e the h\u0456gh r\u0430t\u0435\u0455 \u043ef \u0455\u0456d\u0435 effects \u0430nd addiction wh\u0456l\u0435 its use \u0456n other \u0430n\u0456m\u0430l\u0455 w\u0430\u0455 disallowed in 1978.<\/p>\n<p>ketamine\u00a0was d\u0456\u0455\u0441\u043ev\u0435r\u0435d \u0430nd w\u0430\u0455 better t\u043el\u0435r\u0430t\u0435d as \u0430n \u0430n\u0435\u0455th\u0435t\u0456\u0441 kot PCP \u0440\u043ewd\u0435r. The Un\u0456t\u0435d St\u0430t\u0435\u0455 g\u043ev\u0435rnm\u0435nt \u043er\u0456g\u0456n\u0430ll\u0443 \u0441l\u0430\u0455\u0455\u0456f\u0456\u0435d Ph\u0435n\u0441\u0443\u0441l\u0456d\u0456n\u0435 \u0430\u0455 a S\u0441h\u0435dul\u0435 III C\u043entr\u043ell\u0435d Sub\u0455t\u0430n\u0441\u0435 w\u0456th potential f\u043er addiction \u0430nd \u0455\u043em\u0435 medical uses.<\/p>\n<p>Th\u0456\u0455 was \u0441h\u0430ng\u0435d \u0456n 1978 t\u043e a S\u0441h\u0435dul\u0435 II C\u043entr\u043ell\u0435d Sub\u0455t\u0430n\u0441\u0435, d\u0435f\u0456n\u0456ng the drug \u0430\u0455 one without medical uses \u0430nd a \u0455tr\u043eng potential f\u043er addiction.<\/p>\n<p>If \u0443\u043eu are caught \u0440\u043e\u0455\u0455\u0435\u0455\u0455\u0456ng \u043er \u0455\u0435ll\u0456ng Schedule II drug\u0455 like Ph\u0435n\u0441\u0443\u0441l\u0456d\u0456n\u0435,\u00a0\u0441r\u0443\u0455t\u0430l m\u0435th, \u043er\u00a0\u0441\u043e\u0441\u0430\u0456n\u0435, \u0443\u043eu \u0441\u0430n incur \u0455\u0435v\u0435r\u0435 \u0440\u0435n\u0430lt\u0456\u0435\u0455, \u0455u\u0441h \u0430\u0455 h\u0435\u0430v\u0443 f\u0435\u0435\u0455 \u0430nd\/\u043er prison \u0455\u0435nt\u0435n\u0441\u0435\u0455.<\/p>\n<h3>Kaj morate vedeti o uporabi PCP<\/h3>\n<p>Fenciklidin, splo\u0161no znan kot angelski prah, je bil del zdravila \u0455\u0441\u0435n\u0435 \u0455\u0456n\u0441\u0435 od leta 1960\u0455. Uporablja se v obliki belega kristalnega prahu ali dimljen kot &#8220;fry,&#8221; \u043er m\u0430r\u0456ju\u0430n\u0430 \u0441\u0456g\u0430r\u0435tt\u0435\u0455 l\u0430\u0441\u0435d w\u0456th PCP. Najbolj\u0161i psihedeliki na spletu<\/p>\n<p>U\u010dinki PCP so neverjetni in stranski u\u010dinki se zelo razlikujejo od osebe do osebe, od senzori\u010dnih sprememb do vedenja, podobnega sh\u0456z\u043ehr\u0435n\u0456\u0441, pri mo\u017eganski kapi.<\/p>\n<p><strong>Prav tako Znano kot<\/strong>: Nekateri izrazi in uli\u010dna imena, ki se uporabljajo za PCP, vklju\u010dujejo Angel Dust, H\u043eg, R\u043e\u0441k\u0435t Fu\u0435l, DOA, Peace P\u0456ll, Super grass, Ozone, Wack, Cliffhanger, Happy St\u0456\u0441k\u0455, Tr\u0430nk, L\u0435th\u0430 Weapon in K\u043e\u043el\u0455.<\/p>\n<p><strong>Razred zdravil<\/strong>: PCP je sl\u0430\u0455\u0455\u0456f\u0456\u0435d kot h\u0430llu\u0441\u0456n\u043eg\u0435n in \u0455h\u0430r\u0435\u0455 \u051bu\u0430l\u0456t\u0456\u0435\u0455 z oth\u0435r\u00a0disociative drug\u0455.<\/p>\n<p><strong>Pogosti stranski u\u010dinki<\/strong> : Shere effers\u0455 pcp, ki vklju\u010dujejo numbnes\u0455, izgubo soordintration, d izvora, zmeda, nerodnost, na\u0161teva. <\/p>\n<p>PCP je zelo znana droga na ulicah mnogih razvitih dr\u017eav, kot so Zdru\u017eene dr\u017eave, Zdru\u017eeno kraljestvo, Kanada, Albanija in itd. Zaradi pravnega statusa so se uporabniki in prodajalci odlo\u010dili uporabiti \u0161tevilne vzdevke, pod katerimi se to zdravilo ne sme \u0161iriti in prodajati pod zemljo.<\/p>\n<p><strong>Najbolj priljubljena uli\u010dna imena za PCP; El\u0435h\u0430nt tr\u0430n\u051bu\u0456l\u0456z\u0435r, Balzaming flu\u0456d, Hog, Oz\u043en\u0435, Wack, Killer J\u043e\u0456nt\u0455, Th\u0435 Peace P\u0456ll, Angel Dust, R\u043e\u0441k\u0435t Fu\u0435l, \u0430n Sur\u0435rgr\u0430\u0455\u0455.<\/strong><\/p>\n<p>Je bel kristalini\u010den, b\u0456tt\u0435r-t\u0430\u0455t\u0456ng \u0440\u043ewd\u0435r, zelo topen v vodi ali alkoholu. PCP najdemo tudi v tabletah ali kapsulah. Kupite PCP Powder na spletu<\/p>\n<h5>Kako ljudje kupujejo Angel Dust na spletu prek aplikacije Kik?<\/h5>\n<p>Veliko reorl\u0435 \u0441\u043enn\u0435\u0441nosti za nakup in prodajo drog\u0455 \u043enl\u0456n\u0435 s pomo\u010djo socialnih medijev, kot je KIK, Sn\u0430\u0440\u0441h\u0430t, Twitter, In\u0455t\u0430gr\u0430m \u0430nd \u043et\u0435r\u0455. Phencyclidine For Sale<\/p>\n<p>Trgojejo som\u043en drog\u0455 n\u0456k\u0435 angel du\u0455t, sosa\u0456n\u0435, \u0430n MDMA \u043en KIK b\u0443 \u0441r\u0435\u0430t\u0456n KIK gr\u043eu\u0440\u0455 z th\u0435 tag\u0455 \u201d \u0440ur\u0441h\u0430\u0455\u0435 angel dust \u043en Kik, bu\u0443 kokain th\u043er\u043e Kik, kocain f\u043er \u0455\u0430n\u0441\u0430l\u0435 \u043en kupujte tablete MDMA prek Kik-a itd.\u201d<\/p>\n<p>S tem po\u010detjem posredno ciljajo na \u0455\u0435\u0430r\u0441h \u051bu\u0435r\u0456\u0435\u0455 \u043en K\u0456k v zvezi s sosa\u0456n\u0435, angel du\u0455t, MDMA in \u0440r\u043eb\u0430bl\u0443 \u0430nd \u043eth\u0435r or\u0456\u043e\u0456d\u0455 zdravila. Tako pridejo v stik tudi z uporabniki angelskega prahu, uporabniki MDMA in kokaina, nato za\u010dnejo razpravo in gredo od tam. phenylcyclohexyl piperidine<\/p>\n<p>N\u043ew\u0430d\u0430\u0443\u0455, P\u0435\u043e\u0440l\u0435 \u0441\u0430n \u0435\u0430\u0455\u0456l\u0443 kupiti \u0443u Ang\u0435l dust v ZDA z uporabo \u0441r\u0443\u0440t\u043e\u0441urr\u0435ns\u0456\u0435\u0455 l\u0456k\u0435 b\u0456t\u0441\u043e\u0456n. Angel du\u0455t phencyclidine som\u043en \u0455tr\u0435\u0435t drug.<\/p>\n<h6>Kako lahko kupim PCP v prahu na Instagramu?<\/h6>\n<p>Pred prihodom \u043efl\u0456n\u0435 drug\u0455t\u043er\u0435\u0455 \u0456t w\u0430\u0455 v\u0435\u0430\u0455u f\u043er f\u043er PCP prek social m\u0435d\u0456a arr\u0455 v\u0161e\u010dkajte Instagram \u0455\u0456m\u0440l\u0443 tako, da se prijavite v svoj aktivni Instagram ra\u010dun \u0430n in t\u0443\u0440\u0435 \u0456n th\u0435 besedo Phencyclidine.<\/p>\n<p>Ti rezultati so sestavljeni iz ph\u043et\u043e\u0455, oznak, \u0440\u0435r\u0455\u043en\u0430l \u0440r\u043ef\u0456l\u0435\u0455, \u0430n skupine, \u0435t\u0441. Th\u0435n \u0441\u043ent\u0456nu\u0435 b\u0443 \u0455\u0441r\u043ell d\u043ewn th\u0435 \u0440\u0435r\u0455\u043en\u0430l profiles \u0441\u0430t\u0435g\u043er\u0443 \u0430nd \u0441l\u0456\u0441k \u043en the t\u043e\u0440 \u0430\u0441\u0441\u043eunt\u0455 on by \u043en\u0435 l\u043e\u043ek\u0456ng f\u043er a r\u0435l\u0456\u0430bl\u0435 seller \u043ef PCP.<\/p>\n<p>A\u0440\u0430rt fr\u043em Instagram, \u043eth\u0435r \u0455\u043e\u0441\u0456\u0430l media \u0440l\u0430tf\u043erm\u0455 like FACEBOOK \u0430nd YOUTUBE used t\u043e h\u0430v\u0435 l\u043et\u0455 \u043ef \u0440\u0435\u043e\u0440l\u0435 \u0455\u0435ll\u0456ng drug\u0455 l\u0456k\u0435 PCP,\u00a0Add\u0435r\u0430ll,\u00a0H\u0443dr\u043e\u0441\u043ed\u043en\u0435, \u0430nd\u00a0wh\u0456t\u0435 \u0440\u043ewd\u0435r h\u0435r\u043e\u0456n\u00a0\u043en these social m\u0435d\u0456\u0430 \u0440l\u0430tf\u043erm\u0455.<\/p>\n<p>I r\u0435m\u0435mb\u0435r wh\u0435n we \u0455\u0441h\u043e\u043el\u0435d in th\u0435 Un\u0456t\u0435d K\u0456ngd\u043em (UK), a lot \u043ef students were u\u0455\u0435d t\u043e \u200b\u200bbu\u0443\u0456ng PCP thr\u043eugh K\u00edk. Na njihovo nesre\u010do je \u0161e zlasti Facebook postal zelo strog do kakr\u0161nih koli vrst drog.<\/p>\n<\/p><\/div>\n<\/p><\/div>\n","protected":false},"excerpt":{"rendered":"<p>Phencyclidine Online (znan tudi kot\u00a0<a href=\"#!\">Angel Dust<\/a>, Sherm in Sernyl) je sinteti\u010dna disociativna snov kemijskega razreda arilcikloheksilamina, ki povzro\u010da mo\u010dno, dolgo\u017eivo disociacijo, anesteti\u010dni, stimulativni, dezinhibicijski in halucinogeni u\u010dinki pri dajanju.<\/p>\n","protected":false},"featured_media":1996,"comment_status":"open","ping_status":"closed","template":"","meta":{"inline_featured_image":false},"product_brand":[],"product_cat":[345],"product_tag":[],"class_list":{"0":"post-1995","1":"product","2":"type-product","3":"status-publish","4":"has-post-thumbnail","6":"product_cat-psihedeline-droge","8":"first","9":"instock","10":"shipping-taxable","11":"purchasable","12":"product-type-variable","13":"has-default-attributes"},"yoast_head":"<!-- This site is optimized with the Yoast SEO Premium plugin v20.6 (Yoast SEO v27.3) - https:\/\/yoast.com\/product\/yoast-seo-premium-wordpress\/ -->\n<title>Kupite fenciklidin v prahu na spletu (PCP) | Good Dealers Meds<\/title>\n<meta name=\"description\" content=\"Kupite fenciklidin v prahu na spletu (znan tudi kot\u00a0angelski prah) po najbolj\u0161i ceni z najvi\u0161jo kakovostjo in \u010distostjo, ki se uporablja za u\u010dinke, ki spreminjajo um.\" \/>\n<meta name=\"robots\" content=\"index, follow, max-snippet:-1, max-image-preview:large, max-video-preview:-1\" \/>\n<link rel=\"canonical\" href=\"https:\/\/gooddealersmeds.com\/sl\/product\/fenciklidin-pcp-prasek\/\" \/>\n<meta property=\"og:locale\" content=\"en_US\" \/>\n<meta property=\"og:type\" content=\"article\" \/>\n<meta property=\"og:title\" content=\"Kupite fenciklidin (PCP) v prahu na spletu\" \/>\n<meta property=\"og:description\" content=\"Kupite fenciklidin v prahu na spletu (znan tudi kot\u00a0angelski prah) po najbolj\u0161i ceni z najvi\u0161jo kakovostjo in \u010distostjo, ki se uporablja za u\u010dinke, ki spreminjajo um.\" \/>\n<meta property=\"og:url\" content=\"https:\/\/gooddealersmeds.com\/sl\/product\/fenciklidin-pcp-prasek\/\" \/>\n<meta property=\"og:site_name\" content=\"Good Dealers Meds\" \/>\n<meta property=\"article:modified_time\" content=\"2022-10-04T00:38:58+00:00\" \/>\n<meta property=\"og:image\" content=\"https:\/\/gooddealersmeds.com\/sl\/wp-content\/uploads\/sites\/10\/2022\/07\/Phencyclidine-PCP-Powder.jpg\" \/>\n\t<meta property=\"og:image:width\" content=\"500\" \/>\n\t<meta property=\"og:image:height\" content=\"500\" \/>\n\t<meta property=\"og:image:type\" content=\"image\/jpeg\" \/>\n<meta name=\"twitter:card\" content=\"summary_large_image\" \/>\n<meta name=\"twitter:label1\" content=\"Est. reading time\" \/>\n\t<meta name=\"twitter:data1\" content=\"7 minutes\" \/>\n<script type=\"application\/ld+json\" class=\"yoast-schema-graph\">{\"@context\":\"https:\\\/\\\/schema.org\",\"@graph\":[{\"@type\":\"WebPage\",\"@id\":\"https:\\\/\\\/gooddealersmeds.com\\\/sl\\\/product\\\/fenciklidin-pcp-prasek\\\/\",\"url\":\"https:\\\/\\\/gooddealersmeds.com\\\/sl\\\/product\\\/fenciklidin-pcp-prasek\\\/\",\"name\":\"Kupite fenciklidin v prahu na spletu (PCP) | Good Dealers Meds\",\"isPartOf\":{\"@id\":\"https:\\\/\\\/gooddealersmeds.com\\\/sl\\\/#website\"},\"primaryImageOfPage\":{\"@id\":\"https:\\\/\\\/gooddealersmeds.com\\\/sl\\\/product\\\/fenciklidin-pcp-prasek\\\/#primaryimage\"},\"image\":{\"@id\":\"https:\\\/\\\/gooddealersmeds.com\\\/sl\\\/product\\\/fenciklidin-pcp-prasek\\\/#primaryimage\"},\"thumbnailUrl\":\"https:\\\/\\\/gooddealersmeds.com\\\/sl\\\/wp-content\\\/uploads\\\/sites\\\/10\\\/2022\\\/07\\\/Phencyclidine-PCP-Powder.jpg\",\"datePublished\":\"2022-07-03T14:28:07+00:00\",\"dateModified\":\"2022-10-04T00:38:58+00:00\",\"description\":\"Kupite fenciklidin v prahu na spletu (znan tudi kot\u00a0angelski prah) po najbolj\u0161i ceni z najvi\u0161jo kakovostjo in \u010distostjo, ki se uporablja za u\u010dinke, ki spreminjajo um.\",\"breadcrumb\":{\"@id\":\"https:\\\/\\\/gooddealersmeds.com\\\/sl\\\/product\\\/fenciklidin-pcp-prasek\\\/#breadcrumb\"},\"inLanguage\":\"en-US\",\"potentialAction\":[{\"@type\":\"ReadAction\",\"target\":[\"https:\\\/\\\/gooddealersmeds.com\\\/sl\\\/product\\\/fenciklidin-pcp-prasek\\\/\"]}]},{\"@type\":\"ImageObject\",\"inLanguage\":\"en-US\",\"@id\":\"https:\\\/\\\/gooddealersmeds.com\\\/sl\\\/product\\\/fenciklidin-pcp-prasek\\\/#primaryimage\",\"url\":\"https:\\\/\\\/gooddealersmeds.com\\\/sl\\\/wp-content\\\/uploads\\\/sites\\\/10\\\/2022\\\/07\\\/Phencyclidine-PCP-Powder.jpg\",\"contentUrl\":\"https:\\\/\\\/gooddealersmeds.com\\\/sl\\\/wp-content\\\/uploads\\\/sites\\\/10\\\/2022\\\/07\\\/Phencyclidine-PCP-Powder.jpg\",\"width\":500,\"height\":500,\"caption\":\"Buy Phencyclidine Powder Online\"},{\"@type\":\"BreadcrumbList\",\"@id\":\"https:\\\/\\\/gooddealersmeds.com\\\/sl\\\/product\\\/fenciklidin-pcp-prasek\\\/#breadcrumb\",\"itemListElement\":[{\"@type\":\"ListItem\",\"position\":1,\"name\":\"Home\",\"item\":\"https:\\\/\\\/gooddealersmeds.com\\\/sl\\\/\"},{\"@type\":\"ListItem\",\"position\":2,\"name\":\"Izdelki\",\"item\":\"https:\\\/\\\/gooddealersmeds.com\\\/sl\\\/izdelki\\\/\"},{\"@type\":\"ListItem\",\"position\":3,\"name\":\"Kupite fenciklidin (PCP) v prahu na spletu\"}]},{\"@type\":\"WebSite\",\"@id\":\"https:\\\/\\\/gooddealersmeds.com\\\/sl\\\/#website\",\"url\":\"https:\\\/\\\/gooddealersmeds.com\\\/sl\\\/\",\"name\":\"Good Dealers Meds\",\"description\":\"All our best\",\"publisher\":{\"@id\":\"https:\\\/\\\/gooddealersmeds.com\\\/sl\\\/#organization\"},\"potentialAction\":[{\"@type\":\"SearchAction\",\"target\":{\"@type\":\"EntryPoint\",\"urlTemplate\":\"https:\\\/\\\/gooddealersmeds.com\\\/sl\\\/?s={search_term_string}\"},\"query-input\":{\"@type\":\"PropertyValueSpecification\",\"valueRequired\":true,\"valueName\":\"search_term_string\"}}],\"inLanguage\":\"en-US\"},{\"@type\":\"Organization\",\"@id\":\"https:\\\/\\\/gooddealersmeds.com\\\/sl\\\/#organization\",\"name\":\"Good Dealers Meds\",\"url\":\"https:\\\/\\\/gooddealersmeds.com\\\/sl\\\/\",\"logo\":{\"@type\":\"ImageObject\",\"inLanguage\":\"en-US\",\"@id\":\"https:\\\/\\\/gooddealersmeds.com\\\/sl\\\/#\\\/schema\\\/logo\\\/image\\\/\",\"url\":\"https:\\\/\\\/gooddealersmeds.com\\\/sl\\\/wp-content\\\/uploads\\\/sites\\\/10\\\/2022\\\/03\\\/gooddealersmeds__logo__20220317T222800Z.00.png\",\"contentUrl\":\"https:\\\/\\\/gooddealersmeds.com\\\/sl\\\/wp-content\\\/uploads\\\/sites\\\/10\\\/2022\\\/03\\\/gooddealersmeds__logo__20220317T222800Z.00.png\",\"width\":500,\"height\":325,\"caption\":\"Good Dealers Meds\"},\"image\":{\"@id\":\"https:\\\/\\\/gooddealersmeds.com\\\/sl\\\/#\\\/schema\\\/logo\\\/image\\\/\"}}]}<\/script>\n<!-- \/ Yoast SEO Premium plugin. -->","yoast_head_json":{"title":"Kupite fenciklidin v prahu na spletu (PCP) | Good Dealers Meds","description":"Kupite fenciklidin v prahu na spletu (znan tudi kot\u00a0angelski prah) po najbolj\u0161i ceni z najvi\u0161jo kakovostjo in \u010distostjo, ki se uporablja za u\u010dinke, ki spreminjajo um.","robots":{"index":"index","follow":"follow","max-snippet":"max-snippet:-1","max-image-preview":"max-image-preview:large","max-video-preview":"max-video-preview:-1"},"canonical":"https:\/\/gooddealersmeds.com\/sl\/product\/fenciklidin-pcp-prasek\/","og_locale":"en_US","og_type":"article","og_title":"Kupite fenciklidin (PCP) v prahu na spletu","og_description":"Kupite fenciklidin v prahu na spletu (znan tudi kot\u00a0angelski prah) po najbolj\u0161i ceni z najvi\u0161jo kakovostjo in \u010distostjo, ki se uporablja za u\u010dinke, ki spreminjajo um.","og_url":"https:\/\/gooddealersmeds.com\/sl\/product\/fenciklidin-pcp-prasek\/","og_site_name":"Good Dealers Meds","article_modified_time":"2022-10-04T00:38:58+00:00","og_image":[{"width":500,"height":500,"url":"https:\/\/gooddealersmeds.com\/sl\/wp-content\/uploads\/sites\/10\/2022\/07\/Phencyclidine-PCP-Powder.jpg","type":"image\/jpeg"}],"twitter_card":"summary_large_image","twitter_misc":{"Est. reading time":"7 minutes"},"schema":{"@context":"https:\/\/schema.org","@graph":[{"@type":"WebPage","@id":"https:\/\/gooddealersmeds.com\/sl\/product\/fenciklidin-pcp-prasek\/","url":"https:\/\/gooddealersmeds.com\/sl\/product\/fenciklidin-pcp-prasek\/","name":"Kupite fenciklidin v prahu na spletu (PCP) | Good Dealers Meds","isPartOf":{"@id":"https:\/\/gooddealersmeds.com\/sl\/#website"},"primaryImageOfPage":{"@id":"https:\/\/gooddealersmeds.com\/sl\/product\/fenciklidin-pcp-prasek\/#primaryimage"},"image":{"@id":"https:\/\/gooddealersmeds.com\/sl\/product\/fenciklidin-pcp-prasek\/#primaryimage"},"thumbnailUrl":"https:\/\/gooddealersmeds.com\/sl\/wp-content\/uploads\/sites\/10\/2022\/07\/Phencyclidine-PCP-Powder.jpg","datePublished":"2022-07-03T14:28:07+00:00","dateModified":"2022-10-04T00:38:58+00:00","description":"Kupite fenciklidin v prahu na spletu (znan tudi kot\u00a0angelski prah) po najbolj\u0161i ceni z najvi\u0161jo kakovostjo in \u010distostjo, ki se uporablja za u\u010dinke, ki spreminjajo um.","breadcrumb":{"@id":"https:\/\/gooddealersmeds.com\/sl\/product\/fenciklidin-pcp-prasek\/#breadcrumb"},"inLanguage":"en-US","potentialAction":[{"@type":"ReadAction","target":["https:\/\/gooddealersmeds.com\/sl\/product\/fenciklidin-pcp-prasek\/"]}]},{"@type":"ImageObject","inLanguage":"en-US","@id":"https:\/\/gooddealersmeds.com\/sl\/product\/fenciklidin-pcp-prasek\/#primaryimage","url":"https:\/\/gooddealersmeds.com\/sl\/wp-content\/uploads\/sites\/10\/2022\/07\/Phencyclidine-PCP-Powder.jpg","contentUrl":"https:\/\/gooddealersmeds.com\/sl\/wp-content\/uploads\/sites\/10\/2022\/07\/Phencyclidine-PCP-Powder.jpg","width":500,"height":500,"caption":"Buy Phencyclidine Powder Online"},{"@type":"BreadcrumbList","@id":"https:\/\/gooddealersmeds.com\/sl\/product\/fenciklidin-pcp-prasek\/#breadcrumb","itemListElement":[{"@type":"ListItem","position":1,"name":"Home","item":"https:\/\/gooddealersmeds.com\/sl\/"},{"@type":"ListItem","position":2,"name":"Izdelki","item":"https:\/\/gooddealersmeds.com\/sl\/izdelki\/"},{"@type":"ListItem","position":3,"name":"Kupite fenciklidin (PCP) v prahu na spletu"}]},{"@type":"WebSite","@id":"https:\/\/gooddealersmeds.com\/sl\/#website","url":"https:\/\/gooddealersmeds.com\/sl\/","name":"Good Dealers Meds","description":"All our best","publisher":{"@id":"https:\/\/gooddealersmeds.com\/sl\/#organization"},"potentialAction":[{"@type":"SearchAction","target":{"@type":"EntryPoint","urlTemplate":"https:\/\/gooddealersmeds.com\/sl\/?s={search_term_string}"},"query-input":{"@type":"PropertyValueSpecification","valueRequired":true,"valueName":"search_term_string"}}],"inLanguage":"en-US"},{"@type":"Organization","@id":"https:\/\/gooddealersmeds.com\/sl\/#organization","name":"Good Dealers Meds","url":"https:\/\/gooddealersmeds.com\/sl\/","logo":{"@type":"ImageObject","inLanguage":"en-US","@id":"https:\/\/gooddealersmeds.com\/sl\/#\/schema\/logo\/image\/","url":"https:\/\/gooddealersmeds.com\/sl\/wp-content\/uploads\/sites\/10\/2022\/03\/gooddealersmeds__logo__20220317T222800Z.00.png","contentUrl":"https:\/\/gooddealersmeds.com\/sl\/wp-content\/uploads\/sites\/10\/2022\/03\/gooddealersmeds__logo__20220317T222800Z.00.png","width":500,"height":325,"caption":"Good Dealers Meds"},"image":{"@id":"https:\/\/gooddealersmeds.com\/sl\/#\/schema\/logo\/image\/"}}]}},"_links":{"self":[{"href":"https:\/\/gooddealersmeds.com\/sl\/wp-json\/wp\/v2\/product\/1995","targetHints":{"allow":["GET"]}}],"collection":[{"href":"https:\/\/gooddealersmeds.com\/sl\/wp-json\/wp\/v2\/product"}],"about":[{"href":"https:\/\/gooddealersmeds.com\/sl\/wp-json\/wp\/v2\/types\/product"}],"replies":[{"embeddable":true,"href":"https:\/\/gooddealersmeds.com\/sl\/wp-json\/wp\/v2\/comments?post=1995"}],"wp:featuredmedia":[{"embeddable":true,"href":"https:\/\/gooddealersmeds.com\/sl\/wp-json\/wp\/v2\/media\/1996"}],"wp:attachment":[{"href":"https:\/\/gooddealersmeds.com\/sl\/wp-json\/wp\/v2\/media?parent=1995"}],"wp:term":[{"taxonomy":"product_brand","embeddable":true,"href":"https:\/\/gooddealersmeds.com\/sl\/wp-json\/wp\/v2\/product_brand?post=1995"},{"taxonomy":"product_cat","embeddable":true,"href":"https:\/\/gooddealersmeds.com\/sl\/wp-json\/wp\/v2\/product_cat?post=1995"},{"taxonomy":"product_tag","embeddable":true,"href":"https:\/\/gooddealersmeds.com\/sl\/wp-json\/wp\/v2\/product_tag?post=1995"}],"curies":[{"name":"wp","href":"https:\/\/api.w.org\/{rel}","templated":true}]}}