{"id":1986,"date":"2022-07-03T13:54:43","date_gmt":"2022-07-03T13:54:43","guid":{"rendered":"https:\/\/gooddealersmeds.com\/sl\/?post_type=product&#038;p=1986"},"modified":"2022-10-04T00:39:05","modified_gmt":"2022-10-04T00:39:05","slug":"al-lad-150mcg-blotterji","status":"publish","type":"product","link":"https:\/\/gooddealersmeds.com\/sl\/product\/al-lad-150mcg-blotterji\/","title":{"rendered":"Kupite AL-LAD 150 mcg pikalo"},"content":{"rendered":"<h1><strong>Kupite AL-LAD 150mcg Blotters Online.<\/strong><\/h1>\n<p>AL-LAD 150mcg Blotters Online je psihedeli\u010dna kemikalija iz razreda lizergamida. V primerjavi z 1P-LSD in LSD-25 ima pove\u010dane vidne halucinacije in blage psiholo\u0161ke u\u010dinke. To je bilo prvi\u010d razvito sredi osemdesetih let prej\u0161njega stoletja za namene raziskav. To je bilo prvi\u010d razvito sredi osemdesetih let prej\u0161njega stoletja za namene raziskav. To je bilo prvi\u010d razvito sredi osemdesetih let prej\u0161njega stoletja za namene raziskav. Vendar pa je zdaj na voljo za rekreativno uporabo.<\/p>\n<p>AL-LAD 150mcg Blotters Online se pogosto imenuje najbolj &#8220;rekreativni&#8221; analog lizergamida.<\/p>\n<p>Znan je tudi kot mo\u010dan entaktogen\u2014zaradi katerega se po\u010dutite bli\u017eje sebi in drugim\u2014nizek odmerek pa lahko povzro\u010di mo\u010dne u\u010dinke, ne da bi povzro\u010dil fizi\u010dno nelagodje.<\/p>\n<p>&nbsp;<\/p>\n<h2><strong>Zakaj kupiti AL-LAD 150mcg Blotters Online?<\/strong><\/h2>\n<p>&nbsp;<\/p>\n<p>AL-LAD pogosto uporabljajo ljudje, ki i\u0161\u010dejo alternativo LSD-ju zaradi njegove mo\u010dnej\u0161e mo\u010di, bla\u017ejih u\u010dinkov in ni\u017eji stro\u0161ki. Popolna ideja je, da raziskovalne kemikalije kupite prek spleta in tako prihranite denar. Z nobenim od teh izdelkov niso povezani nobeni skriti stro\u0161ki, saj se prodajajo po dostopni ceni. Kot dodatno udobje vam jih lahko dostavijo neposredno na va\u0161 prag, ne da bi morali imeti kakr\u0161ne koli te\u017eave.<\/p>\n<p><strong>\u00a0<\/strong><\/p>\n<p><strong>Najbolj\u0161e mesto za Kupite AL-LAD 150mcg blotterje prek spleta<\/strong><\/p>\n<p>\u010ce \u017eelite <a href=\"https:\/\/gooddealersmeds.com\/sl\/product\/al-lad-150mcg-blotters\/\">kupiti AL-LAD 150mcg Blotters online<\/a>, pravkar ste pristali na najbolj\u0161em mestu. GoodDealersMeds ponuja pisalnik AL-LAD 150 mcg po dostopnih cenah za vsa naro\u010dila, oddana prek na\u0161ega spletnega mesta ALI prek klicev, prejetih na +31645886273.<\/p>\n<p>Kupite 150 mcg pisalnik AL-LAD \u0161e danes in prihranite nekaj dolarjev.<\/p>\n","protected":false},"excerpt":{"rendered":"<p>AL-LAD, tehni\u010dno imenovan dietilamid 6-alil-6-nor-lizergi\u010dne kisline, je razmeroma nov analog LSD-25. Domneva se, da ima podoben mehanizem delovanja, saj deluje predvsem tako, da se ve\u017ee na serotoninske receptorje v mo\u017eganih. Prav tako naj bi bil predzdravilo LSD-25, \u010deprav to ni bilo potrjeno v laboratoriju.<\/p>\n","protected":false},"featured_media":1987,"comment_status":"open","ping_status":"closed","template":"","meta":{"inline_featured_image":false},"product_brand":[],"product_cat":[345],"product_tag":[],"class_list":{"0":"post-1986","1":"product","2":"type-product","3":"status-publish","4":"has-post-thumbnail","6":"product_cat-psihedeline-droge","8":"first","9":"instock","10":"shipping-taxable","11":"purchasable","12":"product-type-variable","13":"has-default-attributes"},"yoast_head":"<!-- This site is optimized with the Yoast SEO Premium plugin v20.6 (Yoast SEO v27.3) - https:\/\/yoast.com\/product\/yoast-seo-premium-wordpress\/ -->\n<title>Kupite AL-LAD blotterje na spletu 150 mcg | Naro\u010dilo AL-LAD - Good Dealers Meds<\/title>\n<meta name=\"description\" content=\"Kupite AL-LAD Blotters Online (6-alil-6-nor-LSD ali N-AN-alli-nor-lizergi\u010dni) je psihedeli\u010dna kemikalija iz razreda lizergamidov.\" \/>\n<meta name=\"robots\" content=\"index, follow, max-snippet:-1, max-image-preview:large, max-video-preview:-1\" \/>\n<link rel=\"canonical\" href=\"https:\/\/gooddealersmeds.com\/sl\/product\/al-lad-150mcg-blotterji\/\" \/>\n<meta property=\"og:locale\" content=\"en_US\" \/>\n<meta property=\"og:type\" content=\"article\" \/>\n<meta property=\"og:title\" content=\"Kupite AL-LAD 150 mcg pikalo\" \/>\n<meta property=\"og:description\" content=\"Kupite AL-LAD Blotters Online (6-alil-6-nor-LSD ali N-AN-alli-nor-lizergi\u010dni) je psihedeli\u010dna kemikalija iz razreda lizergamidov.\" \/>\n<meta property=\"og:url\" content=\"https:\/\/gooddealersmeds.com\/sl\/product\/al-lad-150mcg-blotterji\/\" \/>\n<meta property=\"og:site_name\" content=\"Good Dealers Meds\" \/>\n<meta property=\"article:modified_time\" content=\"2022-10-04T00:39:05+00:00\" \/>\n<meta property=\"og:image\" content=\"https:\/\/gooddealersmeds.com\/sl\/wp-content\/uploads\/sites\/10\/2022\/07\/AL-LAD-150mcg-Blotters.webp\" \/>\n\t<meta property=\"og:image:width\" content=\"1553\" \/>\n\t<meta property=\"og:image:height\" content=\"1553\" \/>\n\t<meta property=\"og:image:type\" content=\"image\/webp\" \/>\n<meta name=\"twitter:card\" content=\"summary_large_image\" \/>\n<meta name=\"twitter:label1\" content=\"Est. reading time\" \/>\n\t<meta name=\"twitter:data1\" content=\"1 minute\" \/>\n<script type=\"application\/ld+json\" class=\"yoast-schema-graph\">{\"@context\":\"https:\\\/\\\/schema.org\",\"@graph\":[{\"@type\":\"WebPage\",\"@id\":\"https:\\\/\\\/gooddealersmeds.com\\\/sl\\\/product\\\/al-lad-150mcg-blotterji\\\/\",\"url\":\"https:\\\/\\\/gooddealersmeds.com\\\/sl\\\/product\\\/al-lad-150mcg-blotterji\\\/\",\"name\":\"Kupite AL-LAD blotterje na spletu 150 mcg | Naro\u010dilo AL-LAD - Good Dealers Meds\",\"isPartOf\":{\"@id\":\"https:\\\/\\\/gooddealersmeds.com\\\/sl\\\/#website\"},\"primaryImageOfPage\":{\"@id\":\"https:\\\/\\\/gooddealersmeds.com\\\/sl\\\/product\\\/al-lad-150mcg-blotterji\\\/#primaryimage\"},\"image\":{\"@id\":\"https:\\\/\\\/gooddealersmeds.com\\\/sl\\\/product\\\/al-lad-150mcg-blotterji\\\/#primaryimage\"},\"thumbnailUrl\":\"https:\\\/\\\/gooddealersmeds.com\\\/sl\\\/wp-content\\\/uploads\\\/sites\\\/10\\\/2022\\\/07\\\/AL-LAD-150mcg-Blotters.webp\",\"datePublished\":\"2022-07-03T13:54:43+00:00\",\"dateModified\":\"2022-10-04T00:39:05+00:00\",\"description\":\"Kupite AL-LAD Blotters Online (6-alil-6-nor-LSD ali N-AN-alli-nor-lizergi\u010dni) je psihedeli\u010dna kemikalija iz razreda lizergamidov.\",\"breadcrumb\":{\"@id\":\"https:\\\/\\\/gooddealersmeds.com\\\/sl\\\/product\\\/al-lad-150mcg-blotterji\\\/#breadcrumb\"},\"inLanguage\":\"en-US\",\"potentialAction\":[{\"@type\":\"ReadAction\",\"target\":[\"https:\\\/\\\/gooddealersmeds.com\\\/sl\\\/product\\\/al-lad-150mcg-blotterji\\\/\"]}]},{\"@type\":\"ImageObject\",\"inLanguage\":\"en-US\",\"@id\":\"https:\\\/\\\/gooddealersmeds.com\\\/sl\\\/product\\\/al-lad-150mcg-blotterji\\\/#primaryimage\",\"url\":\"https:\\\/\\\/gooddealersmeds.com\\\/sl\\\/wp-content\\\/uploads\\\/sites\\\/10\\\/2022\\\/07\\\/AL-LAD-150mcg-Blotters.webp\",\"contentUrl\":\"https:\\\/\\\/gooddealersmeds.com\\\/sl\\\/wp-content\\\/uploads\\\/sites\\\/10\\\/2022\\\/07\\\/AL-LAD-150mcg-Blotters.webp\",\"width\":1553,\"height\":1553,\"caption\":\"AL-LAD Blotters\"},{\"@type\":\"BreadcrumbList\",\"@id\":\"https:\\\/\\\/gooddealersmeds.com\\\/sl\\\/product\\\/al-lad-150mcg-blotterji\\\/#breadcrumb\",\"itemListElement\":[{\"@type\":\"ListItem\",\"position\":1,\"name\":\"Home\",\"item\":\"https:\\\/\\\/gooddealersmeds.com\\\/sl\\\/\"},{\"@type\":\"ListItem\",\"position\":2,\"name\":\"Izdelki\",\"item\":\"https:\\\/\\\/gooddealersmeds.com\\\/sl\\\/izdelki\\\/\"},{\"@type\":\"ListItem\",\"position\":3,\"name\":\"Kupite AL-LAD 150 mcg pikalo\"}]},{\"@type\":\"WebSite\",\"@id\":\"https:\\\/\\\/gooddealersmeds.com\\\/sl\\\/#website\",\"url\":\"https:\\\/\\\/gooddealersmeds.com\\\/sl\\\/\",\"name\":\"Good Dealers Meds\",\"description\":\"All our best\",\"publisher\":{\"@id\":\"https:\\\/\\\/gooddealersmeds.com\\\/sl\\\/#organization\"},\"potentialAction\":[{\"@type\":\"SearchAction\",\"target\":{\"@type\":\"EntryPoint\",\"urlTemplate\":\"https:\\\/\\\/gooddealersmeds.com\\\/sl\\\/?s={search_term_string}\"},\"query-input\":{\"@type\":\"PropertyValueSpecification\",\"valueRequired\":true,\"valueName\":\"search_term_string\"}}],\"inLanguage\":\"en-US\"},{\"@type\":\"Organization\",\"@id\":\"https:\\\/\\\/gooddealersmeds.com\\\/sl\\\/#organization\",\"name\":\"Good Dealers Meds\",\"url\":\"https:\\\/\\\/gooddealersmeds.com\\\/sl\\\/\",\"logo\":{\"@type\":\"ImageObject\",\"inLanguage\":\"en-US\",\"@id\":\"https:\\\/\\\/gooddealersmeds.com\\\/sl\\\/#\\\/schema\\\/logo\\\/image\\\/\",\"url\":\"https:\\\/\\\/gooddealersmeds.com\\\/sl\\\/wp-content\\\/uploads\\\/sites\\\/10\\\/2022\\\/03\\\/gooddealersmeds__logo__20220317T222800Z.00.png\",\"contentUrl\":\"https:\\\/\\\/gooddealersmeds.com\\\/sl\\\/wp-content\\\/uploads\\\/sites\\\/10\\\/2022\\\/03\\\/gooddealersmeds__logo__20220317T222800Z.00.png\",\"width\":500,\"height\":325,\"caption\":\"Good Dealers Meds\"},\"image\":{\"@id\":\"https:\\\/\\\/gooddealersmeds.com\\\/sl\\\/#\\\/schema\\\/logo\\\/image\\\/\"}}]}<\/script>\n<!-- \/ Yoast SEO Premium plugin. -->","yoast_head_json":{"title":"Kupite AL-LAD blotterje na spletu 150 mcg | Naro\u010dilo AL-LAD - Good Dealers Meds","description":"Kupite AL-LAD Blotters Online (6-alil-6-nor-LSD ali N-AN-alli-nor-lizergi\u010dni) je psihedeli\u010dna kemikalija iz razreda lizergamidov.","robots":{"index":"index","follow":"follow","max-snippet":"max-snippet:-1","max-image-preview":"max-image-preview:large","max-video-preview":"max-video-preview:-1"},"canonical":"https:\/\/gooddealersmeds.com\/sl\/product\/al-lad-150mcg-blotterji\/","og_locale":"en_US","og_type":"article","og_title":"Kupite AL-LAD 150 mcg pikalo","og_description":"Kupite AL-LAD Blotters Online (6-alil-6-nor-LSD ali N-AN-alli-nor-lizergi\u010dni) je psihedeli\u010dna kemikalija iz razreda lizergamidov.","og_url":"https:\/\/gooddealersmeds.com\/sl\/product\/al-lad-150mcg-blotterji\/","og_site_name":"Good Dealers Meds","article_modified_time":"2022-10-04T00:39:05+00:00","og_image":[{"width":1553,"height":1553,"url":"https:\/\/gooddealersmeds.com\/sl\/wp-content\/uploads\/sites\/10\/2022\/07\/AL-LAD-150mcg-Blotters.webp","type":"image\/webp"}],"twitter_card":"summary_large_image","twitter_misc":{"Est. reading time":"1 minute"},"schema":{"@context":"https:\/\/schema.org","@graph":[{"@type":"WebPage","@id":"https:\/\/gooddealersmeds.com\/sl\/product\/al-lad-150mcg-blotterji\/","url":"https:\/\/gooddealersmeds.com\/sl\/product\/al-lad-150mcg-blotterji\/","name":"Kupite AL-LAD blotterje na spletu 150 mcg | Naro\u010dilo AL-LAD - Good Dealers Meds","isPartOf":{"@id":"https:\/\/gooddealersmeds.com\/sl\/#website"},"primaryImageOfPage":{"@id":"https:\/\/gooddealersmeds.com\/sl\/product\/al-lad-150mcg-blotterji\/#primaryimage"},"image":{"@id":"https:\/\/gooddealersmeds.com\/sl\/product\/al-lad-150mcg-blotterji\/#primaryimage"},"thumbnailUrl":"https:\/\/gooddealersmeds.com\/sl\/wp-content\/uploads\/sites\/10\/2022\/07\/AL-LAD-150mcg-Blotters.webp","datePublished":"2022-07-03T13:54:43+00:00","dateModified":"2022-10-04T00:39:05+00:00","description":"Kupite AL-LAD Blotters Online (6-alil-6-nor-LSD ali N-AN-alli-nor-lizergi\u010dni) je psihedeli\u010dna kemikalija iz razreda lizergamidov.","breadcrumb":{"@id":"https:\/\/gooddealersmeds.com\/sl\/product\/al-lad-150mcg-blotterji\/#breadcrumb"},"inLanguage":"en-US","potentialAction":[{"@type":"ReadAction","target":["https:\/\/gooddealersmeds.com\/sl\/product\/al-lad-150mcg-blotterji\/"]}]},{"@type":"ImageObject","inLanguage":"en-US","@id":"https:\/\/gooddealersmeds.com\/sl\/product\/al-lad-150mcg-blotterji\/#primaryimage","url":"https:\/\/gooddealersmeds.com\/sl\/wp-content\/uploads\/sites\/10\/2022\/07\/AL-LAD-150mcg-Blotters.webp","contentUrl":"https:\/\/gooddealersmeds.com\/sl\/wp-content\/uploads\/sites\/10\/2022\/07\/AL-LAD-150mcg-Blotters.webp","width":1553,"height":1553,"caption":"AL-LAD Blotters"},{"@type":"BreadcrumbList","@id":"https:\/\/gooddealersmeds.com\/sl\/product\/al-lad-150mcg-blotterji\/#breadcrumb","itemListElement":[{"@type":"ListItem","position":1,"name":"Home","item":"https:\/\/gooddealersmeds.com\/sl\/"},{"@type":"ListItem","position":2,"name":"Izdelki","item":"https:\/\/gooddealersmeds.com\/sl\/izdelki\/"},{"@type":"ListItem","position":3,"name":"Kupite AL-LAD 150 mcg pikalo"}]},{"@type":"WebSite","@id":"https:\/\/gooddealersmeds.com\/sl\/#website","url":"https:\/\/gooddealersmeds.com\/sl\/","name":"Good Dealers Meds","description":"All our best","publisher":{"@id":"https:\/\/gooddealersmeds.com\/sl\/#organization"},"potentialAction":[{"@type":"SearchAction","target":{"@type":"EntryPoint","urlTemplate":"https:\/\/gooddealersmeds.com\/sl\/?s={search_term_string}"},"query-input":{"@type":"PropertyValueSpecification","valueRequired":true,"valueName":"search_term_string"}}],"inLanguage":"en-US"},{"@type":"Organization","@id":"https:\/\/gooddealersmeds.com\/sl\/#organization","name":"Good Dealers Meds","url":"https:\/\/gooddealersmeds.com\/sl\/","logo":{"@type":"ImageObject","inLanguage":"en-US","@id":"https:\/\/gooddealersmeds.com\/sl\/#\/schema\/logo\/image\/","url":"https:\/\/gooddealersmeds.com\/sl\/wp-content\/uploads\/sites\/10\/2022\/03\/gooddealersmeds__logo__20220317T222800Z.00.png","contentUrl":"https:\/\/gooddealersmeds.com\/sl\/wp-content\/uploads\/sites\/10\/2022\/03\/gooddealersmeds__logo__20220317T222800Z.00.png","width":500,"height":325,"caption":"Good Dealers Meds"},"image":{"@id":"https:\/\/gooddealersmeds.com\/sl\/#\/schema\/logo\/image\/"}}]}},"_links":{"self":[{"href":"https:\/\/gooddealersmeds.com\/sl\/wp-json\/wp\/v2\/product\/1986","targetHints":{"allow":["GET"]}}],"collection":[{"href":"https:\/\/gooddealersmeds.com\/sl\/wp-json\/wp\/v2\/product"}],"about":[{"href":"https:\/\/gooddealersmeds.com\/sl\/wp-json\/wp\/v2\/types\/product"}],"replies":[{"embeddable":true,"href":"https:\/\/gooddealersmeds.com\/sl\/wp-json\/wp\/v2\/comments?post=1986"}],"wp:featuredmedia":[{"embeddable":true,"href":"https:\/\/gooddealersmeds.com\/sl\/wp-json\/wp\/v2\/media\/1987"}],"wp:attachment":[{"href":"https:\/\/gooddealersmeds.com\/sl\/wp-json\/wp\/v2\/media?parent=1986"}],"wp:term":[{"taxonomy":"product_brand","embeddable":true,"href":"https:\/\/gooddealersmeds.com\/sl\/wp-json\/wp\/v2\/product_brand?post=1986"},{"taxonomy":"product_cat","embeddable":true,"href":"https:\/\/gooddealersmeds.com\/sl\/wp-json\/wp\/v2\/product_cat?post=1986"},{"taxonomy":"product_tag","embeddable":true,"href":"https:\/\/gooddealersmeds.com\/sl\/wp-json\/wp\/v2\/product_tag?post=1986"}],"curies":[{"name":"wp","href":"https:\/\/api.w.org\/{rel}","templated":true}]}}