{"id":1984,"date":"2022-07-03T13:39:25","date_gmt":"2022-07-03T13:39:25","guid":{"rendered":"https:\/\/gooddealersmeds.com\/sl\/?post_type=product&#038;p=1984"},"modified":"2022-10-04T00:39:12","modified_gmt":"2022-10-04T00:39:12","slug":"nakup-gama-hidroksibutirat-ghb-tekocine","status":"publish","type":"product","link":"https:\/\/gooddealersmeds.com\/sl\/product\/nakup-gama-hidroksibutirat-ghb-tekocine\/","title":{"rendered":"Kupite teko\u010dino gama hidroksibutirat (GHB)."},"content":{"rendered":"<h1><strong>Kupite teko\u010di gama hidroksibutirat (GHB) na spletu <\/strong><\/h1>\n<p>Gama hidroksibutirat (GHB) je depresiv, ki ga lahko jemljete peroralno, z injekcijo ali uparite v uparjalniku zdravil. Je bistra teko\u010dina s pomirjevalnim u\u010dinkom in lahko povzro\u010di zaspanost in oslabljeno motori\u010dno funkcijo. Buy Gamma Hydroxybutyrate Liquid<\/p>\n<p>GHB se v\u010dasih imenuje &#8220;designer drug&#8221; ali &#8220;<a href=\"https:\/\/gooddealersmeds.com\/sl\/product\/buy-gamma-hydroxybutyrate-ghb-liquid \/\">teko\u010di ekstazi<\/a>&#8220;, ker so ga znanstveniki prvotno razvili v \u0161estdesetih letih prej\u0161njega stoletja. Prvotni namen GHB je bil pomagati ljudem z narkolepsijo, da la\u017eje zaspijo; vendar je to zdravilo kmalu postalo priljubljeno pri obiskovalcih klubov in tamkaj\u0161njih obiskovalcih, ki so ga uporabljali kot drogo, da bi u\u017eivali v pijanosti, ne da bi se dejansko opijali. Od takrat se GHB uporablja na \u0161tevilne druge na\u010dine: za zdravljenje \u010dezmerne dnevne zaspanosti in v\u010dasih za opioide.<\/p>\n<p><strong>\u00a0<\/strong><\/p>\n<p><strong>Zakaj kupiti GHB prek spleta? <\/strong><\/p>\n<p><strong>\u00a0<\/strong><\/p>\n<p>Za spletni nakup teko\u010dine GHB obstaja veliko razlogov. Naj vam povemo nekaj izmed njih:<\/p>\n<ul>\n<li>Z nakupom GHB prek spleta lahko kupite svoje zdravilo po privla\u010dnih cenah. V\u010dasih spletne lekarne ponujajo tudi kartice zvestobe ali promocijske kode, da izkoristijo prilo\u017enosti za popust.<\/li>\n<li>Na spletu boste na\u0161li ve\u010d spletnih mest, ki prodajajo teko\u010dino GHB. Tako je la\u017eje primerjati cene na spletu.<\/li>\n<li>Zdravil, kot je gama hidroksibutirat (GHB), je pogosto redko najti v lekarnah. Zato jih lahko kupite prek spleta.<\/li>\n<li>Prejmite naro\u010dilo tako, da se dotaknete nekaj gumbov \u2013 tako preprosto je!<\/li>\n<\/ul>\n<p><strong>\u00a0<\/strong><\/p>\n<p><strong>Kje lahko kupim GHB na spletu?<\/strong><\/p>\n<p>&nbsp;<\/p>\n<p>\u0160tevilne lekarne ponujajo GHB na spletu, vendar je najbolj\u0161e mesto GoodDealersMeds. Ponujamo brezpla\u010dno dostavo, tako da lahko hitro in udobno naro\u010dite svoja najljub\u0161a zdravila od koder koli na svetu.<\/p>\n","protected":false},"excerpt":{"rendered":"<p>Gama-hidroksibutirat je pomirjevalo, ki se uporablja kot uspavalno sredstvo na recept in kot rekreacijski opoj, kjer lahko dobite GHB. Znan je po svoji sposobnosti, da pri visokih odmerkih spro\u017ei kratek (nekaj ur) spanec, podoben komi.<\/p>\n","protected":false},"featured_media":1985,"comment_status":"open","ping_status":"closed","template":"","meta":{"inline_featured_image":false},"product_brand":[],"product_cat":[345],"product_tag":[552,523,527,549,546,547,525,542,531,543,532,533,535,537,526,545,553,524,528,548,544,540,550,536,551,534,539,541,555,530,538,554,529],"class_list":{"0":"post-1984","1":"product","2":"type-product","3":"status-publish","4":"has-post-thumbnail","6":"product_cat-psihedeline-droge","7":"product_tag-veleprodaja-bromometana-na-spletu","8":"product_tag-buy-dieldrin-online","9":"product_tag-buy-endosulfan-online","10":"product_tag-buy-retail-gamma-butyrolactone","11":"product_tag-buy-wholesale-gamma-butyrolactone","12":"product_tag-buy-wholesale-gamma-butyrolactone-online","13":"product_tag-cheap-dieldrin-online","14":"product_tag-cheap-gamma-hydroxybutyrate-online","15":"product_tag-gama-butirolakton-kot-zdravilo","16":"product_tag-gama-butirolakton-veleprodaja","17":"product_tag-gama-butirolakton-za-prodajo","18":"product_tag-ghb-kupi-avstralija","19":"product_tag-ghb-kupi-kanada","20":"product_tag-how-to-order-ghb-online","21":"product_tag-kako-kupiti-dieldrin-na-spletu","22":"product_tag-kako-kupiti-gama-butirolakton","23":"product_tag-kje-kupiti-bromometan-na-spletu","24":"product_tag-kje-kupiti-dieldrin-na-spletu","25":"product_tag-kje-kupiti-endosulfan-na-spletu","26":"product_tag-kje-kupiti-veleprodaja-gama-butirolakton","27":"product_tag-kje-kupiti-gama-butirolakton","28":"product_tag-kje-kupiti-gama-hidroksibutirat-na-spletu","29":"product_tag-kje-kupiti-maloprodaja-gama-butirolakton-na-spletu","30":"product_tag-kje-naroiti-ghb-online","31":"product_tag-buy-bromomethane-online","32":"product_tag-gama-hidroksibutirat-kupi","33":"product_tag-buy-gama-hydroxybutyrate-online","34":"product_tag-buy-legal-gama-hidroksibutirat-na-spletu","35":"product_tag-buy-methylhexanamine-online","36":"product_tag-legal-endosulfan-online","37":"product_tag-pravni-gama-hidroksibutirat-na-spletu","38":"product_tag-legal-bromomethane-online","39":"product_tag-trgovina-na-debelo-endosulfan-na-spletu","41":"first","42":"instock","43":"shipping-taxable","44":"purchasable","45":"product-type-simple"},"yoast_head":"<!-- This site is optimized with the Yoast SEO Premium plugin v20.6 (Yoast SEO v27.3) - https:\/\/yoast.com\/product\/yoast-seo-premium-wordpress\/ -->\n<title>Kupite teko\u010dino gama hidroksibutirat (GHB) | Good Dealers Meds<\/title>\n<meta name=\"description\" content=\"Kupite teko\u010di gama hidroksibutirat na spletu pri na\u0161ih prodajalcih, ki se uporablja tako kot pripomo\u010dek za spanje na recept kot rekreacijski opoj.\" \/>\n<meta name=\"robots\" content=\"index, follow, max-snippet:-1, max-image-preview:large, max-video-preview:-1\" \/>\n<link rel=\"canonical\" href=\"https:\/\/gooddealersmeds.com\/sl\/product\/nakup-gama-hidroksibutirat-ghb-tekocine\/\" \/>\n<meta property=\"og:locale\" content=\"en_US\" \/>\n<meta property=\"og:type\" content=\"article\" \/>\n<meta property=\"og:title\" content=\"Kupite teko\u010dino gama hidroksibutirat (GHB).\" \/>\n<meta property=\"og:description\" content=\"Kupite teko\u010di gama hidroksibutirat na spletu pri na\u0161ih prodajalcih, ki se uporablja tako kot pripomo\u010dek za spanje na recept kot rekreacijski opoj.\" \/>\n<meta property=\"og:url\" content=\"https:\/\/gooddealersmeds.com\/sl\/product\/nakup-gama-hidroksibutirat-ghb-tekocine\/\" \/>\n<meta property=\"og:site_name\" content=\"Good Dealers Meds\" \/>\n<meta property=\"article:modified_time\" content=\"2022-10-04T00:39:12+00:00\" \/>\n<meta property=\"og:image\" content=\"https:\/\/gooddealersmeds.com\/sl\/wp-content\/uploads\/sites\/10\/2022\/07\/Buy-Gamma-Hydroxybutyrate-Ghb-Liquid.jpg\" \/>\n\t<meta property=\"og:image:width\" content=\"600\" \/>\n\t<meta property=\"og:image:height\" content=\"600\" \/>\n\t<meta property=\"og:image:type\" content=\"image\/jpeg\" \/>\n<meta name=\"twitter:card\" content=\"summary_large_image\" \/>\n<meta name=\"twitter:label1\" content=\"Est. reading time\" \/>\n\t<meta name=\"twitter:data1\" content=\"1 minute\" \/>\n<script type=\"application\/ld+json\" class=\"yoast-schema-graph\">{\"@context\":\"https:\\\/\\\/schema.org\",\"@graph\":[{\"@type\":\"WebPage\",\"@id\":\"https:\\\/\\\/gooddealersmeds.com\\\/sl\\\/product\\\/nakup-gama-hidroksibutirat-ghb-tekocine\\\/\",\"url\":\"https:\\\/\\\/gooddealersmeds.com\\\/sl\\\/product\\\/nakup-gama-hidroksibutirat-ghb-tekocine\\\/\",\"name\":\"Kupite teko\u010dino gama hidroksibutirat (GHB) | Good Dealers Meds\",\"isPartOf\":{\"@id\":\"https:\\\/\\\/gooddealersmeds.com\\\/sl\\\/#website\"},\"primaryImageOfPage\":{\"@id\":\"https:\\\/\\\/gooddealersmeds.com\\\/sl\\\/product\\\/nakup-gama-hidroksibutirat-ghb-tekocine\\\/#primaryimage\"},\"image\":{\"@id\":\"https:\\\/\\\/gooddealersmeds.com\\\/sl\\\/product\\\/nakup-gama-hidroksibutirat-ghb-tekocine\\\/#primaryimage\"},\"thumbnailUrl\":\"https:\\\/\\\/gooddealersmeds.com\\\/sl\\\/wp-content\\\/uploads\\\/sites\\\/10\\\/2022\\\/07\\\/Buy-Gamma-Hydroxybutyrate-Ghb-Liquid.jpg\",\"datePublished\":\"2022-07-03T13:39:25+00:00\",\"dateModified\":\"2022-10-04T00:39:12+00:00\",\"description\":\"Kupite teko\u010di gama hidroksibutirat na spletu pri na\u0161ih prodajalcih, ki se uporablja tako kot pripomo\u010dek za spanje na recept kot rekreacijski opoj.\",\"breadcrumb\":{\"@id\":\"https:\\\/\\\/gooddealersmeds.com\\\/sl\\\/product\\\/nakup-gama-hidroksibutirat-ghb-tekocine\\\/#breadcrumb\"},\"inLanguage\":\"en-US\",\"potentialAction\":[{\"@type\":\"ReadAction\",\"target\":[\"https:\\\/\\\/gooddealersmeds.com\\\/sl\\\/product\\\/nakup-gama-hidroksibutirat-ghb-tekocine\\\/\"]}]},{\"@type\":\"ImageObject\",\"inLanguage\":\"en-US\",\"@id\":\"https:\\\/\\\/gooddealersmeds.com\\\/sl\\\/product\\\/nakup-gama-hidroksibutirat-ghb-tekocine\\\/#primaryimage\",\"url\":\"https:\\\/\\\/gooddealersmeds.com\\\/sl\\\/wp-content\\\/uploads\\\/sites\\\/10\\\/2022\\\/07\\\/Buy-Gamma-Hydroxybutyrate-Ghb-Liquid.jpg\",\"contentUrl\":\"https:\\\/\\\/gooddealersmeds.com\\\/sl\\\/wp-content\\\/uploads\\\/sites\\\/10\\\/2022\\\/07\\\/Buy-Gamma-Hydroxybutyrate-Ghb-Liquid.jpg\",\"width\":600,\"height\":600,\"caption\":\"Buy Gamma Hydroxybutyrate Liquid\"},{\"@type\":\"BreadcrumbList\",\"@id\":\"https:\\\/\\\/gooddealersmeds.com\\\/sl\\\/product\\\/nakup-gama-hidroksibutirat-ghb-tekocine\\\/#breadcrumb\",\"itemListElement\":[{\"@type\":\"ListItem\",\"position\":1,\"name\":\"Home\",\"item\":\"https:\\\/\\\/gooddealersmeds.com\\\/sl\\\/\"},{\"@type\":\"ListItem\",\"position\":2,\"name\":\"Izdelki\",\"item\":\"https:\\\/\\\/gooddealersmeds.com\\\/sl\\\/izdelki\\\/\"},{\"@type\":\"ListItem\",\"position\":3,\"name\":\"Kupite teko\u010dino gama hidroksibutirat (GHB).\"}]},{\"@type\":\"WebSite\",\"@id\":\"https:\\\/\\\/gooddealersmeds.com\\\/sl\\\/#website\",\"url\":\"https:\\\/\\\/gooddealersmeds.com\\\/sl\\\/\",\"name\":\"Good Dealers Meds\",\"description\":\"All our best\",\"publisher\":{\"@id\":\"https:\\\/\\\/gooddealersmeds.com\\\/sl\\\/#organization\"},\"potentialAction\":[{\"@type\":\"SearchAction\",\"target\":{\"@type\":\"EntryPoint\",\"urlTemplate\":\"https:\\\/\\\/gooddealersmeds.com\\\/sl\\\/?s={search_term_string}\"},\"query-input\":{\"@type\":\"PropertyValueSpecification\",\"valueRequired\":true,\"valueName\":\"search_term_string\"}}],\"inLanguage\":\"en-US\"},{\"@type\":\"Organization\",\"@id\":\"https:\\\/\\\/gooddealersmeds.com\\\/sl\\\/#organization\",\"name\":\"Good Dealers Meds\",\"url\":\"https:\\\/\\\/gooddealersmeds.com\\\/sl\\\/\",\"logo\":{\"@type\":\"ImageObject\",\"inLanguage\":\"en-US\",\"@id\":\"https:\\\/\\\/gooddealersmeds.com\\\/sl\\\/#\\\/schema\\\/logo\\\/image\\\/\",\"url\":\"https:\\\/\\\/gooddealersmeds.com\\\/sl\\\/wp-content\\\/uploads\\\/sites\\\/10\\\/2022\\\/03\\\/gooddealersmeds__logo__20220317T222800Z.00.png\",\"contentUrl\":\"https:\\\/\\\/gooddealersmeds.com\\\/sl\\\/wp-content\\\/uploads\\\/sites\\\/10\\\/2022\\\/03\\\/gooddealersmeds__logo__20220317T222800Z.00.png\",\"width\":500,\"height\":325,\"caption\":\"Good Dealers Meds\"},\"image\":{\"@id\":\"https:\\\/\\\/gooddealersmeds.com\\\/sl\\\/#\\\/schema\\\/logo\\\/image\\\/\"}}]}<\/script>\n<!-- \/ Yoast SEO Premium plugin. -->","yoast_head_json":{"title":"Kupite teko\u010dino gama hidroksibutirat (GHB) | Good Dealers Meds","description":"Kupite teko\u010di gama hidroksibutirat na spletu pri na\u0161ih prodajalcih, ki se uporablja tako kot pripomo\u010dek za spanje na recept kot rekreacijski opoj.","robots":{"index":"index","follow":"follow","max-snippet":"max-snippet:-1","max-image-preview":"max-image-preview:large","max-video-preview":"max-video-preview:-1"},"canonical":"https:\/\/gooddealersmeds.com\/sl\/product\/nakup-gama-hidroksibutirat-ghb-tekocine\/","og_locale":"en_US","og_type":"article","og_title":"Kupite teko\u010dino gama hidroksibutirat (GHB).","og_description":"Kupite teko\u010di gama hidroksibutirat na spletu pri na\u0161ih prodajalcih, ki se uporablja tako kot pripomo\u010dek za spanje na recept kot rekreacijski opoj.","og_url":"https:\/\/gooddealersmeds.com\/sl\/product\/nakup-gama-hidroksibutirat-ghb-tekocine\/","og_site_name":"Good Dealers Meds","article_modified_time":"2022-10-04T00:39:12+00:00","og_image":[{"width":600,"height":600,"url":"https:\/\/gooddealersmeds.com\/sl\/wp-content\/uploads\/sites\/10\/2022\/07\/Buy-Gamma-Hydroxybutyrate-Ghb-Liquid.jpg","type":"image\/jpeg"}],"twitter_card":"summary_large_image","twitter_misc":{"Est. reading time":"1 minute"},"schema":{"@context":"https:\/\/schema.org","@graph":[{"@type":"WebPage","@id":"https:\/\/gooddealersmeds.com\/sl\/product\/nakup-gama-hidroksibutirat-ghb-tekocine\/","url":"https:\/\/gooddealersmeds.com\/sl\/product\/nakup-gama-hidroksibutirat-ghb-tekocine\/","name":"Kupite teko\u010dino gama hidroksibutirat (GHB) | Good Dealers Meds","isPartOf":{"@id":"https:\/\/gooddealersmeds.com\/sl\/#website"},"primaryImageOfPage":{"@id":"https:\/\/gooddealersmeds.com\/sl\/product\/nakup-gama-hidroksibutirat-ghb-tekocine\/#primaryimage"},"image":{"@id":"https:\/\/gooddealersmeds.com\/sl\/product\/nakup-gama-hidroksibutirat-ghb-tekocine\/#primaryimage"},"thumbnailUrl":"https:\/\/gooddealersmeds.com\/sl\/wp-content\/uploads\/sites\/10\/2022\/07\/Buy-Gamma-Hydroxybutyrate-Ghb-Liquid.jpg","datePublished":"2022-07-03T13:39:25+00:00","dateModified":"2022-10-04T00:39:12+00:00","description":"Kupite teko\u010di gama hidroksibutirat na spletu pri na\u0161ih prodajalcih, ki se uporablja tako kot pripomo\u010dek za spanje na recept kot rekreacijski opoj.","breadcrumb":{"@id":"https:\/\/gooddealersmeds.com\/sl\/product\/nakup-gama-hidroksibutirat-ghb-tekocine\/#breadcrumb"},"inLanguage":"en-US","potentialAction":[{"@type":"ReadAction","target":["https:\/\/gooddealersmeds.com\/sl\/product\/nakup-gama-hidroksibutirat-ghb-tekocine\/"]}]},{"@type":"ImageObject","inLanguage":"en-US","@id":"https:\/\/gooddealersmeds.com\/sl\/product\/nakup-gama-hidroksibutirat-ghb-tekocine\/#primaryimage","url":"https:\/\/gooddealersmeds.com\/sl\/wp-content\/uploads\/sites\/10\/2022\/07\/Buy-Gamma-Hydroxybutyrate-Ghb-Liquid.jpg","contentUrl":"https:\/\/gooddealersmeds.com\/sl\/wp-content\/uploads\/sites\/10\/2022\/07\/Buy-Gamma-Hydroxybutyrate-Ghb-Liquid.jpg","width":600,"height":600,"caption":"Buy Gamma Hydroxybutyrate Liquid"},{"@type":"BreadcrumbList","@id":"https:\/\/gooddealersmeds.com\/sl\/product\/nakup-gama-hidroksibutirat-ghb-tekocine\/#breadcrumb","itemListElement":[{"@type":"ListItem","position":1,"name":"Home","item":"https:\/\/gooddealersmeds.com\/sl\/"},{"@type":"ListItem","position":2,"name":"Izdelki","item":"https:\/\/gooddealersmeds.com\/sl\/izdelki\/"},{"@type":"ListItem","position":3,"name":"Kupite teko\u010dino gama hidroksibutirat (GHB)."}]},{"@type":"WebSite","@id":"https:\/\/gooddealersmeds.com\/sl\/#website","url":"https:\/\/gooddealersmeds.com\/sl\/","name":"Good Dealers Meds","description":"All our best","publisher":{"@id":"https:\/\/gooddealersmeds.com\/sl\/#organization"},"potentialAction":[{"@type":"SearchAction","target":{"@type":"EntryPoint","urlTemplate":"https:\/\/gooddealersmeds.com\/sl\/?s={search_term_string}"},"query-input":{"@type":"PropertyValueSpecification","valueRequired":true,"valueName":"search_term_string"}}],"inLanguage":"en-US"},{"@type":"Organization","@id":"https:\/\/gooddealersmeds.com\/sl\/#organization","name":"Good Dealers Meds","url":"https:\/\/gooddealersmeds.com\/sl\/","logo":{"@type":"ImageObject","inLanguage":"en-US","@id":"https:\/\/gooddealersmeds.com\/sl\/#\/schema\/logo\/image\/","url":"https:\/\/gooddealersmeds.com\/sl\/wp-content\/uploads\/sites\/10\/2022\/03\/gooddealersmeds__logo__20220317T222800Z.00.png","contentUrl":"https:\/\/gooddealersmeds.com\/sl\/wp-content\/uploads\/sites\/10\/2022\/03\/gooddealersmeds__logo__20220317T222800Z.00.png","width":500,"height":325,"caption":"Good Dealers Meds"},"image":{"@id":"https:\/\/gooddealersmeds.com\/sl\/#\/schema\/logo\/image\/"}}]}},"_links":{"self":[{"href":"https:\/\/gooddealersmeds.com\/sl\/wp-json\/wp\/v2\/product\/1984","targetHints":{"allow":["GET"]}}],"collection":[{"href":"https:\/\/gooddealersmeds.com\/sl\/wp-json\/wp\/v2\/product"}],"about":[{"href":"https:\/\/gooddealersmeds.com\/sl\/wp-json\/wp\/v2\/types\/product"}],"replies":[{"embeddable":true,"href":"https:\/\/gooddealersmeds.com\/sl\/wp-json\/wp\/v2\/comments?post=1984"}],"wp:featuredmedia":[{"embeddable":true,"href":"https:\/\/gooddealersmeds.com\/sl\/wp-json\/wp\/v2\/media\/1985"}],"wp:attachment":[{"href":"https:\/\/gooddealersmeds.com\/sl\/wp-json\/wp\/v2\/media?parent=1984"}],"wp:term":[{"taxonomy":"product_brand","embeddable":true,"href":"https:\/\/gooddealersmeds.com\/sl\/wp-json\/wp\/v2\/product_brand?post=1984"},{"taxonomy":"product_cat","embeddable":true,"href":"https:\/\/gooddealersmeds.com\/sl\/wp-json\/wp\/v2\/product_cat?post=1984"},{"taxonomy":"product_tag","embeddable":true,"href":"https:\/\/gooddealersmeds.com\/sl\/wp-json\/wp\/v2\/product_tag?post=1984"}],"curies":[{"name":"wp","href":"https:\/\/api.w.org\/{rel}","templated":true}]}}