{"id":1974,"date":"2022-07-03T13:35:45","date_gmt":"2022-07-03T13:35:45","guid":{"rendered":"https:\/\/gooddealersmeds.com\/sl\/?post_type=product&#038;p=1974"},"modified":"2022-10-04T00:39:19","modified_gmt":"2022-10-04T00:39:19","slug":"gama-hidroksibutirat-ghb-prasek","status":"publish","type":"product","link":"https:\/\/gooddealersmeds.com\/sl\/product\/gama-hidroksibutirat-ghb-prasek\/","title":{"rendered":"Kupite gama hidroksibutirat (GHB) v prahu"},"content":{"rendered":"<p><strong>Kupite gama hidroksibutirat (GHB) v prahu na spletu<\/strong><\/p>\n<p>Gama hidroksibutirat (GHB) v prahu je zdravilo, ki deluje depresivno na centralni \u017eiv\u010dni sistem, kar vpliva na mo\u017egane, srca in drugih organov. Uporablja se za zmanj\u0161anje tesnobe, spodbujanje spanja in izbolj\u0161anje razpolo\u017eenja. GHB v prahu se lahko uporablja v majhnih koli\u010dinah za zdravljenje blagih primerov nespe\u010dnosti ali prepre\u010devanje ma\u010dka po mo\u010dnem pitju.<\/p>\n<p>GHB v prahu ali teko\u010dina sta obe obliki istega zdravila, ki vsebuje gama hidroksibutirat (GHB). Je zasvojljiva snov, ki povzro\u010da alkoholu podobne u\u010dinke na va\u0161e telo in um, \u010de jo s\u010dasoma u\u017eivate v velikih odmerkih.<\/p>\n<p>&nbsp;<\/p>\n<p><strong>Zakaj<\/strong> <strong> Kupiti gama hidroksibutirat (GHB) v prahu prek spleta?<\/strong><\/p>\n<p>Kupovanje zdravil, kot je GHB v prahu, prek spleta nam je zelo olaj\u0161alo \u017eivljenje. Prej ni bilo preprosto kupiti tak\u0161nih zdravil prek spleta. Nakup pra\u0161ka GHB prek spleta je zdaj le en gumb stran. Preprosto morate klikniti gumb in va\u0161e naro\u010dilo je oddano.<\/p>\n<p>&nbsp;<\/p>\n<p><strong>Kupite gama hidroksibutirat (GHB) v prahu zdaj.<\/strong><\/p>\n<p><a href=\"https:\/\/gooddealersmeds.com\/sl\/product\/gamma-hydroxybutyrate-ghb-powder\/\">GHB v prahu<\/a> je na voljo na spletu prek ve\u010d virov, vklju\u010dno s specializiranimi lekarnami in spletnimi trgovinami z drogami . Najbolj\u0161e mesto za nakup GHB prek spleta je Good Dealers Meds, ki ponuja \u0161tevilne mo\u017enosti za nakup te priljubljene prepovedane droge po dostopni ceni.<\/p>\n<p>&nbsp;<\/p>\n<p>Poleg GoodDealersMeds \u0161irokega nabora izdelki in konkuren\u010dne cene imajo uporabniki koristi tudi od izjemne ekipe za pomo\u010d strankam Good Dealers Meds, ki nudi izjemno podporo, kadar je to potrebno.<\/p>\n","protected":false},"excerpt":{"rendered":"<p>Ali i\u0161\u010dete, kje kupiti GHB v prahu? potem vam lahko dobavimo natanko visokokakovosten izdelek po dostopni ceni.<\/p>\n","protected":false},"featured_media":1975,"comment_status":"open","ping_status":"closed","template":"","meta":{"inline_featured_image":false},"product_brand":[],"product_cat":[345],"product_tag":[520,519,522,518,521,517],"class_list":{"0":"post-1974","1":"product","2":"type-product","3":"status-publish","4":"has-post-thumbnail","6":"product_cat-psihedeline-droge","7":"product_tag-ghb-powder-for-sale-online","8":"product_tag-ghb-prah-kupite-na-spletu","9":"product_tag-kje-lahko-dobim-ghb-praek","10":"product_tag-buy-ghb-dopolnila","11":"product_tag-buy-ghb-powder-online","12":"product_tag-buy-ghb-powder-online-usa","14":"first","15":"instock","16":"shipping-taxable","17":"purchasable","18":"product-type-variable","19":"has-default-attributes"},"yoast_head":"<!-- This site is optimized with the Yoast SEO Premium plugin v20.6 (Yoast SEO v27.3) - https:\/\/yoast.com\/product\/yoast-seo-premium-wordpress\/ -->\n<title>Kupite gama hidroksibutirat v prahu (GHB) | Good Dealers Meds<\/title>\n<meta name=\"description\" content=\"I\u0161\u010dete, kje kupiti gama hidroksibutirat v prahu? Lahko vam dobavimo izdelek visoke \u010distosti po dostopni ceni.\" \/>\n<meta name=\"robots\" content=\"index, follow, max-snippet:-1, max-image-preview:large, max-video-preview:-1\" \/>\n<link rel=\"canonical\" href=\"https:\/\/gooddealersmeds.com\/sl\/product\/gama-hidroksibutirat-ghb-prasek\/\" \/>\n<meta property=\"og:locale\" content=\"en_US\" \/>\n<meta property=\"og:type\" content=\"article\" \/>\n<meta property=\"og:title\" content=\"Kupite gama hidroksibutirat (GHB) v prahu\" \/>\n<meta property=\"og:description\" content=\"I\u0161\u010dete, kje kupiti gama hidroksibutirat v prahu? Lahko vam dobavimo izdelek visoke \u010distosti po dostopni ceni.\" \/>\n<meta property=\"og:url\" content=\"https:\/\/gooddealersmeds.com\/sl\/product\/gama-hidroksibutirat-ghb-prasek\/\" \/>\n<meta property=\"og:site_name\" content=\"Good Dealers Meds\" \/>\n<meta property=\"article:modified_time\" content=\"2022-10-04T00:39:19+00:00\" \/>\n<meta property=\"og:image\" content=\"https:\/\/gooddealersmeds.com\/sl\/wp-content\/uploads\/sites\/10\/2022\/07\/Gamma-Hydroxybutyrate-Ghb-Powder.jpg\" \/>\n\t<meta property=\"og:image:width\" content=\"600\" \/>\n\t<meta property=\"og:image:height\" content=\"600\" \/>\n\t<meta property=\"og:image:type\" content=\"image\/jpeg\" \/>\n<meta name=\"twitter:card\" content=\"summary_large_image\" \/>\n<meta name=\"twitter:label1\" content=\"Est. reading time\" \/>\n\t<meta name=\"twitter:data1\" content=\"1 minute\" \/>\n<script type=\"application\/ld+json\" class=\"yoast-schema-graph\">{\"@context\":\"https:\\\/\\\/schema.org\",\"@graph\":[{\"@type\":\"WebPage\",\"@id\":\"https:\\\/\\\/gooddealersmeds.com\\\/sl\\\/product\\\/gama-hidroksibutirat-ghb-prasek\\\/\",\"url\":\"https:\\\/\\\/gooddealersmeds.com\\\/sl\\\/product\\\/gama-hidroksibutirat-ghb-prasek\\\/\",\"name\":\"Kupite gama hidroksibutirat v prahu (GHB) | Good Dealers Meds\",\"isPartOf\":{\"@id\":\"https:\\\/\\\/gooddealersmeds.com\\\/sl\\\/#website\"},\"primaryImageOfPage\":{\"@id\":\"https:\\\/\\\/gooddealersmeds.com\\\/sl\\\/product\\\/gama-hidroksibutirat-ghb-prasek\\\/#primaryimage\"},\"image\":{\"@id\":\"https:\\\/\\\/gooddealersmeds.com\\\/sl\\\/product\\\/gama-hidroksibutirat-ghb-prasek\\\/#primaryimage\"},\"thumbnailUrl\":\"https:\\\/\\\/gooddealersmeds.com\\\/sl\\\/wp-content\\\/uploads\\\/sites\\\/10\\\/2022\\\/07\\\/Gamma-Hydroxybutyrate-Ghb-Powder.jpg\",\"datePublished\":\"2022-07-03T13:35:45+00:00\",\"dateModified\":\"2022-10-04T00:39:19+00:00\",\"description\":\"I\u0161\u010dete, kje kupiti gama hidroksibutirat v prahu? Lahko vam dobavimo izdelek visoke \u010distosti po dostopni ceni.\",\"breadcrumb\":{\"@id\":\"https:\\\/\\\/gooddealersmeds.com\\\/sl\\\/product\\\/gama-hidroksibutirat-ghb-prasek\\\/#breadcrumb\"},\"inLanguage\":\"en-US\",\"potentialAction\":[{\"@type\":\"ReadAction\",\"target\":[\"https:\\\/\\\/gooddealersmeds.com\\\/sl\\\/product\\\/gama-hidroksibutirat-ghb-prasek\\\/\"]}]},{\"@type\":\"ImageObject\",\"inLanguage\":\"en-US\",\"@id\":\"https:\\\/\\\/gooddealersmeds.com\\\/sl\\\/product\\\/gama-hidroksibutirat-ghb-prasek\\\/#primaryimage\",\"url\":\"https:\\\/\\\/gooddealersmeds.com\\\/sl\\\/wp-content\\\/uploads\\\/sites\\\/10\\\/2022\\\/07\\\/Gamma-Hydroxybutyrate-Ghb-Powder.jpg\",\"contentUrl\":\"https:\\\/\\\/gooddealersmeds.com\\\/sl\\\/wp-content\\\/uploads\\\/sites\\\/10\\\/2022\\\/07\\\/Gamma-Hydroxybutyrate-Ghb-Powder.jpg\",\"width\":600,\"height\":600,\"caption\":\"Buy Gamma Hydroxybutyrate Powder\"},{\"@type\":\"BreadcrumbList\",\"@id\":\"https:\\\/\\\/gooddealersmeds.com\\\/sl\\\/product\\\/gama-hidroksibutirat-ghb-prasek\\\/#breadcrumb\",\"itemListElement\":[{\"@type\":\"ListItem\",\"position\":1,\"name\":\"Home\",\"item\":\"https:\\\/\\\/gooddealersmeds.com\\\/sl\\\/\"},{\"@type\":\"ListItem\",\"position\":2,\"name\":\"Izdelki\",\"item\":\"https:\\\/\\\/gooddealersmeds.com\\\/sl\\\/izdelki\\\/\"},{\"@type\":\"ListItem\",\"position\":3,\"name\":\"Kupite gama hidroksibutirat (GHB) v prahu\"}]},{\"@type\":\"WebSite\",\"@id\":\"https:\\\/\\\/gooddealersmeds.com\\\/sl\\\/#website\",\"url\":\"https:\\\/\\\/gooddealersmeds.com\\\/sl\\\/\",\"name\":\"Good Dealers Meds\",\"description\":\"All our best\",\"publisher\":{\"@id\":\"https:\\\/\\\/gooddealersmeds.com\\\/sl\\\/#organization\"},\"potentialAction\":[{\"@type\":\"SearchAction\",\"target\":{\"@type\":\"EntryPoint\",\"urlTemplate\":\"https:\\\/\\\/gooddealersmeds.com\\\/sl\\\/?s={search_term_string}\"},\"query-input\":{\"@type\":\"PropertyValueSpecification\",\"valueRequired\":true,\"valueName\":\"search_term_string\"}}],\"inLanguage\":\"en-US\"},{\"@type\":\"Organization\",\"@id\":\"https:\\\/\\\/gooddealersmeds.com\\\/sl\\\/#organization\",\"name\":\"Good Dealers Meds\",\"url\":\"https:\\\/\\\/gooddealersmeds.com\\\/sl\\\/\",\"logo\":{\"@type\":\"ImageObject\",\"inLanguage\":\"en-US\",\"@id\":\"https:\\\/\\\/gooddealersmeds.com\\\/sl\\\/#\\\/schema\\\/logo\\\/image\\\/\",\"url\":\"https:\\\/\\\/gooddealersmeds.com\\\/sl\\\/wp-content\\\/uploads\\\/sites\\\/10\\\/2022\\\/03\\\/gooddealersmeds__logo__20220317T222800Z.00.png\",\"contentUrl\":\"https:\\\/\\\/gooddealersmeds.com\\\/sl\\\/wp-content\\\/uploads\\\/sites\\\/10\\\/2022\\\/03\\\/gooddealersmeds__logo__20220317T222800Z.00.png\",\"width\":500,\"height\":325,\"caption\":\"Good Dealers Meds\"},\"image\":{\"@id\":\"https:\\\/\\\/gooddealersmeds.com\\\/sl\\\/#\\\/schema\\\/logo\\\/image\\\/\"}}]}<\/script>\n<!-- \/ Yoast SEO Premium plugin. -->","yoast_head_json":{"title":"Kupite gama hidroksibutirat v prahu (GHB) | Good Dealers Meds","description":"I\u0161\u010dete, kje kupiti gama hidroksibutirat v prahu? Lahko vam dobavimo izdelek visoke \u010distosti po dostopni ceni.","robots":{"index":"index","follow":"follow","max-snippet":"max-snippet:-1","max-image-preview":"max-image-preview:large","max-video-preview":"max-video-preview:-1"},"canonical":"https:\/\/gooddealersmeds.com\/sl\/product\/gama-hidroksibutirat-ghb-prasek\/","og_locale":"en_US","og_type":"article","og_title":"Kupite gama hidroksibutirat (GHB) v prahu","og_description":"I\u0161\u010dete, kje kupiti gama hidroksibutirat v prahu? Lahko vam dobavimo izdelek visoke \u010distosti po dostopni ceni.","og_url":"https:\/\/gooddealersmeds.com\/sl\/product\/gama-hidroksibutirat-ghb-prasek\/","og_site_name":"Good Dealers Meds","article_modified_time":"2022-10-04T00:39:19+00:00","og_image":[{"width":600,"height":600,"url":"https:\/\/gooddealersmeds.com\/sl\/wp-content\/uploads\/sites\/10\/2022\/07\/Gamma-Hydroxybutyrate-Ghb-Powder.jpg","type":"image\/jpeg"}],"twitter_card":"summary_large_image","twitter_misc":{"Est. reading time":"1 minute"},"schema":{"@context":"https:\/\/schema.org","@graph":[{"@type":"WebPage","@id":"https:\/\/gooddealersmeds.com\/sl\/product\/gama-hidroksibutirat-ghb-prasek\/","url":"https:\/\/gooddealersmeds.com\/sl\/product\/gama-hidroksibutirat-ghb-prasek\/","name":"Kupite gama hidroksibutirat v prahu (GHB) | Good Dealers Meds","isPartOf":{"@id":"https:\/\/gooddealersmeds.com\/sl\/#website"},"primaryImageOfPage":{"@id":"https:\/\/gooddealersmeds.com\/sl\/product\/gama-hidroksibutirat-ghb-prasek\/#primaryimage"},"image":{"@id":"https:\/\/gooddealersmeds.com\/sl\/product\/gama-hidroksibutirat-ghb-prasek\/#primaryimage"},"thumbnailUrl":"https:\/\/gooddealersmeds.com\/sl\/wp-content\/uploads\/sites\/10\/2022\/07\/Gamma-Hydroxybutyrate-Ghb-Powder.jpg","datePublished":"2022-07-03T13:35:45+00:00","dateModified":"2022-10-04T00:39:19+00:00","description":"I\u0161\u010dete, kje kupiti gama hidroksibutirat v prahu? Lahko vam dobavimo izdelek visoke \u010distosti po dostopni ceni.","breadcrumb":{"@id":"https:\/\/gooddealersmeds.com\/sl\/product\/gama-hidroksibutirat-ghb-prasek\/#breadcrumb"},"inLanguage":"en-US","potentialAction":[{"@type":"ReadAction","target":["https:\/\/gooddealersmeds.com\/sl\/product\/gama-hidroksibutirat-ghb-prasek\/"]}]},{"@type":"ImageObject","inLanguage":"en-US","@id":"https:\/\/gooddealersmeds.com\/sl\/product\/gama-hidroksibutirat-ghb-prasek\/#primaryimage","url":"https:\/\/gooddealersmeds.com\/sl\/wp-content\/uploads\/sites\/10\/2022\/07\/Gamma-Hydroxybutyrate-Ghb-Powder.jpg","contentUrl":"https:\/\/gooddealersmeds.com\/sl\/wp-content\/uploads\/sites\/10\/2022\/07\/Gamma-Hydroxybutyrate-Ghb-Powder.jpg","width":600,"height":600,"caption":"Buy Gamma Hydroxybutyrate Powder"},{"@type":"BreadcrumbList","@id":"https:\/\/gooddealersmeds.com\/sl\/product\/gama-hidroksibutirat-ghb-prasek\/#breadcrumb","itemListElement":[{"@type":"ListItem","position":1,"name":"Home","item":"https:\/\/gooddealersmeds.com\/sl\/"},{"@type":"ListItem","position":2,"name":"Izdelki","item":"https:\/\/gooddealersmeds.com\/sl\/izdelki\/"},{"@type":"ListItem","position":3,"name":"Kupite gama hidroksibutirat (GHB) v prahu"}]},{"@type":"WebSite","@id":"https:\/\/gooddealersmeds.com\/sl\/#website","url":"https:\/\/gooddealersmeds.com\/sl\/","name":"Good Dealers Meds","description":"All our best","publisher":{"@id":"https:\/\/gooddealersmeds.com\/sl\/#organization"},"potentialAction":[{"@type":"SearchAction","target":{"@type":"EntryPoint","urlTemplate":"https:\/\/gooddealersmeds.com\/sl\/?s={search_term_string}"},"query-input":{"@type":"PropertyValueSpecification","valueRequired":true,"valueName":"search_term_string"}}],"inLanguage":"en-US"},{"@type":"Organization","@id":"https:\/\/gooddealersmeds.com\/sl\/#organization","name":"Good Dealers Meds","url":"https:\/\/gooddealersmeds.com\/sl\/","logo":{"@type":"ImageObject","inLanguage":"en-US","@id":"https:\/\/gooddealersmeds.com\/sl\/#\/schema\/logo\/image\/","url":"https:\/\/gooddealersmeds.com\/sl\/wp-content\/uploads\/sites\/10\/2022\/03\/gooddealersmeds__logo__20220317T222800Z.00.png","contentUrl":"https:\/\/gooddealersmeds.com\/sl\/wp-content\/uploads\/sites\/10\/2022\/03\/gooddealersmeds__logo__20220317T222800Z.00.png","width":500,"height":325,"caption":"Good Dealers Meds"},"image":{"@id":"https:\/\/gooddealersmeds.com\/sl\/#\/schema\/logo\/image\/"}}]}},"_links":{"self":[{"href":"https:\/\/gooddealersmeds.com\/sl\/wp-json\/wp\/v2\/product\/1974","targetHints":{"allow":["GET"]}}],"collection":[{"href":"https:\/\/gooddealersmeds.com\/sl\/wp-json\/wp\/v2\/product"}],"about":[{"href":"https:\/\/gooddealersmeds.com\/sl\/wp-json\/wp\/v2\/types\/product"}],"replies":[{"embeddable":true,"href":"https:\/\/gooddealersmeds.com\/sl\/wp-json\/wp\/v2\/comments?post=1974"}],"wp:featuredmedia":[{"embeddable":true,"href":"https:\/\/gooddealersmeds.com\/sl\/wp-json\/wp\/v2\/media\/1975"}],"wp:attachment":[{"href":"https:\/\/gooddealersmeds.com\/sl\/wp-json\/wp\/v2\/media?parent=1974"}],"wp:term":[{"taxonomy":"product_brand","embeddable":true,"href":"https:\/\/gooddealersmeds.com\/sl\/wp-json\/wp\/v2\/product_brand?post=1974"},{"taxonomy":"product_cat","embeddable":true,"href":"https:\/\/gooddealersmeds.com\/sl\/wp-json\/wp\/v2\/product_cat?post=1974"},{"taxonomy":"product_tag","embeddable":true,"href":"https:\/\/gooddealersmeds.com\/sl\/wp-json\/wp\/v2\/product_tag?post=1974"}],"curies":[{"name":"wp","href":"https:\/\/api.w.org\/{rel}","templated":true}]}}