{"id":1967,"date":"2022-07-03T13:18:30","date_gmt":"2022-07-03T13:18:30","guid":{"rendered":"https:\/\/gooddealersmeds.com\/sl\/?post_type=product&#038;p=1967"},"modified":"2022-10-04T00:39:26","modified_gmt":"2022-10-04T00:39:26","slug":"kupiti-nembutal-v-prahu","status":"publish","type":"product","link":"https:\/\/gooddealersmeds.com\/sl\/product\/kupiti-nembutal-v-prahu\/","title":{"rendered":"Kupite Purity Nembutal v prahu"},"content":{"rendered":"<p>Kupite Purity Nembutal Powder v na\u0161i spletni trgovini. \u010ce ste pripravljeni kupiti nembutal v prahu na spletu od najbolj\u0161ih dobaviteljev nembutal v prahu, potem je na\u0161a lekarna pravo mesto za to. Pove\u017eite se z nami \u0161e danes in kmalu izpolnite svoje zahteve. Va\u0161e zdravilo vas bo doseglo na \u017eeleni lokaciji. Naro\u010dite, da kupite pra\u0161ek Nembutal prek spleta po najbolj\u0161i ceni zdaj!<\/p>\n<p>Imate te\u017eave s spanjem pono\u010di? Ali se zjutraj po prebujanju po\u010dutite utrujeni? Pomanjkanje spanja lahko moti va\u0161o dnevno rutino. Ne samo, da ste manj produktivni, ampak lahko povzro\u010di tudi resne posledice, kot so debelost, oslabljen imunski sistem in te\u017eave s srcem. Eden najte\u017ejih izzivov, s katerimi se soo\u010damo, je sprememba na\u010dina \u017eivljenja. Morda boste \u017eeleli to storiti, vendar se zaradi dolgih delovnih ur in drugih obveznosti vedno znova vra\u010date na za\u010detek.<\/p>\n<p>Nembutal v prahu je dobro znan po spodbujanju spanca pri bolnikih s te\u017eavami s spanjem, kot sta nespe\u010dnost ali te\u017eave spanje. V mnogih primerih se uporablja tudi kot pomirjevalo proti \u017eiv\u010dnosti. \u010ce imate v mislih enake cilje, je modra odlo\u010ditev, da pra\u0161ek nembutal kupite prek spleta v na\u0161i spletni lekarni.<\/p>\n<p>Kakovost zdravil ima bistveno vlogo pri dolo\u010danju u\u010dinka, ki ga bodo imela na va\u0161e telo. vzdr\u017eati se je treba nakupa zdravil, ki niso odobrena za prehrano ljudi.<\/p>\n<p>Ko naro\u010dite nembutal v prahu v na\u0161i spletni trgovini, ste lahko prepri\u010dani o njegovi kakovosti. Delujemo trajnostno, da zagotovimo najve\u010dje rezultate na\u0161ih izdelkov. Ponujamo visokokakovosten nembutal 99,8 % \u010distosti po najbolj\u0161ih konkuren\u010dnih cenah. Na\u0161 vrhunski<br \/> ugled smo zgradili tako, da smo svojim strankam ponudili nembutal odli\u010dne kakovosti\/visoke \u010distosti z diskretno dostavo in prijazno podporo strankam. Zagotavljamo odli\u010dno \u010disto\u010do, varno pla\u010dilo, zelo diskretno, hitro in u\u010dinkovito dostavo.<\/p>\n","protected":false},"excerpt":{"rendered":"<p>Vse zgoraj opisane izdelke nudimo po zelo ugodnih cenah in dostavljamo na katero koli lokacijo po vsem svetu. Zato smo ponosni, da so na\u0161e storitve po\u0161iljanja 100 % zajam\u010dene in varne. Na\u0161i izdelki so dobro zavarovani, da prepre\u010dimo kakr\u0161no koli prestrezanje. Na\u0161i glavni izdelki so: &#8211; Nembutalov pra\u0161ek, testni komplet za barbiturat, tablete Nembutal, peroralna teko\u010dina in vse je prikazano v na\u0161i spletni trgovini.<\/p>\n","protected":false},"featured_media":1968,"comment_status":"open","ping_status":"closed","template":"","meta":{"inline_featured_image":false},"product_brand":[],"product_cat":[343],"product_tag":[],"class_list":{"0":"post-1967","1":"product","2":"type-product","3":"status-publish","4":"has-post-thumbnail","6":"product_cat-drugi","8":"first","9":"instock","10":"shipping-taxable","11":"purchasable","12":"product-type-variable","13":"has-default-attributes"},"yoast_head":"<!-- This site is optimized with the Yoast SEO Premium plugin v20.6 (Yoast SEO v27.3) - https:\/\/yoast.com\/product\/yoast-seo-premium-wordpress\/ -->\n<title>Nembutal v prahu na spletu \u2013 kupujte najbolj\u0161e kakovosti | Good Dealers Meds<\/title>\n<meta name=\"description\" content=\"Kupite nembutal v prahu na spletu (Pentobarbital) in ga po\u0161ljite na dom. Dostavimo ga na katero koli lokacijo\/dr\u017eavo po vsem svetu.\" \/>\n<meta name=\"robots\" content=\"index, follow, max-snippet:-1, max-image-preview:large, max-video-preview:-1\" \/>\n<link rel=\"canonical\" href=\"https:\/\/gooddealersmeds.com\/sl\/product\/kupiti-nembutal-v-prahu\/\" \/>\n<meta property=\"og:locale\" content=\"en_US\" \/>\n<meta property=\"og:type\" content=\"article\" \/>\n<meta property=\"og:title\" content=\"Kupite Purity Nembutal v prahu\" \/>\n<meta property=\"og:description\" content=\"Kupite nembutal v prahu na spletu (Pentobarbital) in ga po\u0161ljite na dom. Dostavimo ga na katero koli lokacijo\/dr\u017eavo po vsem svetu.\" \/>\n<meta property=\"og:url\" content=\"https:\/\/gooddealersmeds.com\/sl\/product\/kupiti-nembutal-v-prahu\/\" \/>\n<meta property=\"og:site_name\" content=\"Good Dealers Meds\" \/>\n<meta property=\"article:modified_time\" content=\"2022-10-04T00:39:26+00:00\" \/>\n<meta property=\"og:image\" content=\"https:\/\/gooddealersmeds.com\/sl\/wp-content\/uploads\/sites\/10\/2022\/07\/nembutal-powder.jpg\" \/>\n\t<meta property=\"og:image:width\" content=\"600\" \/>\n\t<meta property=\"og:image:height\" content=\"450\" \/>\n\t<meta property=\"og:image:type\" content=\"image\/jpeg\" \/>\n<meta name=\"twitter:card\" content=\"summary_large_image\" \/>\n<meta name=\"twitter:label1\" content=\"Est. reading time\" \/>\n\t<meta name=\"twitter:data1\" content=\"2 minutes\" \/>\n<script type=\"application\/ld+json\" class=\"yoast-schema-graph\">{\"@context\":\"https:\\\/\\\/schema.org\",\"@graph\":[{\"@type\":\"WebPage\",\"@id\":\"https:\\\/\\\/gooddealersmeds.com\\\/sl\\\/product\\\/kupiti-nembutal-v-prahu\\\/\",\"url\":\"https:\\\/\\\/gooddealersmeds.com\\\/sl\\\/product\\\/kupiti-nembutal-v-prahu\\\/\",\"name\":\"Nembutal v prahu na spletu \u2013 kupujte najbolj\u0161e kakovosti | Good Dealers Meds\",\"isPartOf\":{\"@id\":\"https:\\\/\\\/gooddealersmeds.com\\\/sl\\\/#website\"},\"primaryImageOfPage\":{\"@id\":\"https:\\\/\\\/gooddealersmeds.com\\\/sl\\\/product\\\/kupiti-nembutal-v-prahu\\\/#primaryimage\"},\"image\":{\"@id\":\"https:\\\/\\\/gooddealersmeds.com\\\/sl\\\/product\\\/kupiti-nembutal-v-prahu\\\/#primaryimage\"},\"thumbnailUrl\":\"https:\\\/\\\/gooddealersmeds.com\\\/sl\\\/wp-content\\\/uploads\\\/sites\\\/10\\\/2022\\\/07\\\/nembutal-powder.jpg\",\"datePublished\":\"2022-07-03T13:18:30+00:00\",\"dateModified\":\"2022-10-04T00:39:26+00:00\",\"description\":\"Kupite nembutal v prahu na spletu (Pentobarbital) in ga po\u0161ljite na dom. Dostavimo ga na katero koli lokacijo\\\/dr\u017eavo po vsem svetu.\",\"breadcrumb\":{\"@id\":\"https:\\\/\\\/gooddealersmeds.com\\\/sl\\\/product\\\/kupiti-nembutal-v-prahu\\\/#breadcrumb\"},\"inLanguage\":\"en-US\",\"potentialAction\":[{\"@type\":\"ReadAction\",\"target\":[\"https:\\\/\\\/gooddealersmeds.com\\\/sl\\\/product\\\/kupiti-nembutal-v-prahu\\\/\"]}]},{\"@type\":\"ImageObject\",\"inLanguage\":\"en-US\",\"@id\":\"https:\\\/\\\/gooddealersmeds.com\\\/sl\\\/product\\\/kupiti-nembutal-v-prahu\\\/#primaryimage\",\"url\":\"https:\\\/\\\/gooddealersmeds.com\\\/sl\\\/wp-content\\\/uploads\\\/sites\\\/10\\\/2022\\\/07\\\/nembutal-powder.jpg\",\"contentUrl\":\"https:\\\/\\\/gooddealersmeds.com\\\/sl\\\/wp-content\\\/uploads\\\/sites\\\/10\\\/2022\\\/07\\\/nembutal-powder.jpg\",\"width\":600,\"height\":450,\"caption\":\"Nembutal Powder Online\"},{\"@type\":\"BreadcrumbList\",\"@id\":\"https:\\\/\\\/gooddealersmeds.com\\\/sl\\\/product\\\/kupiti-nembutal-v-prahu\\\/#breadcrumb\",\"itemListElement\":[{\"@type\":\"ListItem\",\"position\":1,\"name\":\"Home\",\"item\":\"https:\\\/\\\/gooddealersmeds.com\\\/sl\\\/\"},{\"@type\":\"ListItem\",\"position\":2,\"name\":\"Izdelki\",\"item\":\"https:\\\/\\\/gooddealersmeds.com\\\/sl\\\/izdelki\\\/\"},{\"@type\":\"ListItem\",\"position\":3,\"name\":\"Kupite Purity Nembutal v prahu\"}]},{\"@type\":\"WebSite\",\"@id\":\"https:\\\/\\\/gooddealersmeds.com\\\/sl\\\/#website\",\"url\":\"https:\\\/\\\/gooddealersmeds.com\\\/sl\\\/\",\"name\":\"Good Dealers Meds\",\"description\":\"All our best\",\"publisher\":{\"@id\":\"https:\\\/\\\/gooddealersmeds.com\\\/sl\\\/#organization\"},\"potentialAction\":[{\"@type\":\"SearchAction\",\"target\":{\"@type\":\"EntryPoint\",\"urlTemplate\":\"https:\\\/\\\/gooddealersmeds.com\\\/sl\\\/?s={search_term_string}\"},\"query-input\":{\"@type\":\"PropertyValueSpecification\",\"valueRequired\":true,\"valueName\":\"search_term_string\"}}],\"inLanguage\":\"en-US\"},{\"@type\":\"Organization\",\"@id\":\"https:\\\/\\\/gooddealersmeds.com\\\/sl\\\/#organization\",\"name\":\"Good Dealers Meds\",\"url\":\"https:\\\/\\\/gooddealersmeds.com\\\/sl\\\/\",\"logo\":{\"@type\":\"ImageObject\",\"inLanguage\":\"en-US\",\"@id\":\"https:\\\/\\\/gooddealersmeds.com\\\/sl\\\/#\\\/schema\\\/logo\\\/image\\\/\",\"url\":\"https:\\\/\\\/gooddealersmeds.com\\\/sl\\\/wp-content\\\/uploads\\\/sites\\\/10\\\/2022\\\/03\\\/gooddealersmeds__logo__20220317T222800Z.00.png\",\"contentUrl\":\"https:\\\/\\\/gooddealersmeds.com\\\/sl\\\/wp-content\\\/uploads\\\/sites\\\/10\\\/2022\\\/03\\\/gooddealersmeds__logo__20220317T222800Z.00.png\",\"width\":500,\"height\":325,\"caption\":\"Good Dealers Meds\"},\"image\":{\"@id\":\"https:\\\/\\\/gooddealersmeds.com\\\/sl\\\/#\\\/schema\\\/logo\\\/image\\\/\"}}]}<\/script>\n<!-- \/ Yoast SEO Premium plugin. -->","yoast_head_json":{"title":"Nembutal v prahu na spletu \u2013 kupujte najbolj\u0161e kakovosti | Good Dealers Meds","description":"Kupite nembutal v prahu na spletu (Pentobarbital) in ga po\u0161ljite na dom. Dostavimo ga na katero koli lokacijo\/dr\u017eavo po vsem svetu.","robots":{"index":"index","follow":"follow","max-snippet":"max-snippet:-1","max-image-preview":"max-image-preview:large","max-video-preview":"max-video-preview:-1"},"canonical":"https:\/\/gooddealersmeds.com\/sl\/product\/kupiti-nembutal-v-prahu\/","og_locale":"en_US","og_type":"article","og_title":"Kupite Purity Nembutal v prahu","og_description":"Kupite nembutal v prahu na spletu (Pentobarbital) in ga po\u0161ljite na dom. Dostavimo ga na katero koli lokacijo\/dr\u017eavo po vsem svetu.","og_url":"https:\/\/gooddealersmeds.com\/sl\/product\/kupiti-nembutal-v-prahu\/","og_site_name":"Good Dealers Meds","article_modified_time":"2022-10-04T00:39:26+00:00","og_image":[{"width":600,"height":450,"url":"https:\/\/gooddealersmeds.com\/sl\/wp-content\/uploads\/sites\/10\/2022\/07\/nembutal-powder.jpg","type":"image\/jpeg"}],"twitter_card":"summary_large_image","twitter_misc":{"Est. reading time":"2 minutes"},"schema":{"@context":"https:\/\/schema.org","@graph":[{"@type":"WebPage","@id":"https:\/\/gooddealersmeds.com\/sl\/product\/kupiti-nembutal-v-prahu\/","url":"https:\/\/gooddealersmeds.com\/sl\/product\/kupiti-nembutal-v-prahu\/","name":"Nembutal v prahu na spletu \u2013 kupujte najbolj\u0161e kakovosti | Good Dealers Meds","isPartOf":{"@id":"https:\/\/gooddealersmeds.com\/sl\/#website"},"primaryImageOfPage":{"@id":"https:\/\/gooddealersmeds.com\/sl\/product\/kupiti-nembutal-v-prahu\/#primaryimage"},"image":{"@id":"https:\/\/gooddealersmeds.com\/sl\/product\/kupiti-nembutal-v-prahu\/#primaryimage"},"thumbnailUrl":"https:\/\/gooddealersmeds.com\/sl\/wp-content\/uploads\/sites\/10\/2022\/07\/nembutal-powder.jpg","datePublished":"2022-07-03T13:18:30+00:00","dateModified":"2022-10-04T00:39:26+00:00","description":"Kupite nembutal v prahu na spletu (Pentobarbital) in ga po\u0161ljite na dom. Dostavimo ga na katero koli lokacijo\/dr\u017eavo po vsem svetu.","breadcrumb":{"@id":"https:\/\/gooddealersmeds.com\/sl\/product\/kupiti-nembutal-v-prahu\/#breadcrumb"},"inLanguage":"en-US","potentialAction":[{"@type":"ReadAction","target":["https:\/\/gooddealersmeds.com\/sl\/product\/kupiti-nembutal-v-prahu\/"]}]},{"@type":"ImageObject","inLanguage":"en-US","@id":"https:\/\/gooddealersmeds.com\/sl\/product\/kupiti-nembutal-v-prahu\/#primaryimage","url":"https:\/\/gooddealersmeds.com\/sl\/wp-content\/uploads\/sites\/10\/2022\/07\/nembutal-powder.jpg","contentUrl":"https:\/\/gooddealersmeds.com\/sl\/wp-content\/uploads\/sites\/10\/2022\/07\/nembutal-powder.jpg","width":600,"height":450,"caption":"Nembutal Powder Online"},{"@type":"BreadcrumbList","@id":"https:\/\/gooddealersmeds.com\/sl\/product\/kupiti-nembutal-v-prahu\/#breadcrumb","itemListElement":[{"@type":"ListItem","position":1,"name":"Home","item":"https:\/\/gooddealersmeds.com\/sl\/"},{"@type":"ListItem","position":2,"name":"Izdelki","item":"https:\/\/gooddealersmeds.com\/sl\/izdelki\/"},{"@type":"ListItem","position":3,"name":"Kupite Purity Nembutal v prahu"}]},{"@type":"WebSite","@id":"https:\/\/gooddealersmeds.com\/sl\/#website","url":"https:\/\/gooddealersmeds.com\/sl\/","name":"Good Dealers Meds","description":"All our best","publisher":{"@id":"https:\/\/gooddealersmeds.com\/sl\/#organization"},"potentialAction":[{"@type":"SearchAction","target":{"@type":"EntryPoint","urlTemplate":"https:\/\/gooddealersmeds.com\/sl\/?s={search_term_string}"},"query-input":{"@type":"PropertyValueSpecification","valueRequired":true,"valueName":"search_term_string"}}],"inLanguage":"en-US"},{"@type":"Organization","@id":"https:\/\/gooddealersmeds.com\/sl\/#organization","name":"Good Dealers Meds","url":"https:\/\/gooddealersmeds.com\/sl\/","logo":{"@type":"ImageObject","inLanguage":"en-US","@id":"https:\/\/gooddealersmeds.com\/sl\/#\/schema\/logo\/image\/","url":"https:\/\/gooddealersmeds.com\/sl\/wp-content\/uploads\/sites\/10\/2022\/03\/gooddealersmeds__logo__20220317T222800Z.00.png","contentUrl":"https:\/\/gooddealersmeds.com\/sl\/wp-content\/uploads\/sites\/10\/2022\/03\/gooddealersmeds__logo__20220317T222800Z.00.png","width":500,"height":325,"caption":"Good Dealers Meds"},"image":{"@id":"https:\/\/gooddealersmeds.com\/sl\/#\/schema\/logo\/image\/"}}]}},"_links":{"self":[{"href":"https:\/\/gooddealersmeds.com\/sl\/wp-json\/wp\/v2\/product\/1967","targetHints":{"allow":["GET"]}}],"collection":[{"href":"https:\/\/gooddealersmeds.com\/sl\/wp-json\/wp\/v2\/product"}],"about":[{"href":"https:\/\/gooddealersmeds.com\/sl\/wp-json\/wp\/v2\/types\/product"}],"replies":[{"embeddable":true,"href":"https:\/\/gooddealersmeds.com\/sl\/wp-json\/wp\/v2\/comments?post=1967"}],"wp:featuredmedia":[{"embeddable":true,"href":"https:\/\/gooddealersmeds.com\/sl\/wp-json\/wp\/v2\/media\/1968"}],"wp:attachment":[{"href":"https:\/\/gooddealersmeds.com\/sl\/wp-json\/wp\/v2\/media?parent=1967"}],"wp:term":[{"taxonomy":"product_brand","embeddable":true,"href":"https:\/\/gooddealersmeds.com\/sl\/wp-json\/wp\/v2\/product_brand?post=1967"},{"taxonomy":"product_cat","embeddable":true,"href":"https:\/\/gooddealersmeds.com\/sl\/wp-json\/wp\/v2\/product_cat?post=1967"},{"taxonomy":"product_tag","embeddable":true,"href":"https:\/\/gooddealersmeds.com\/sl\/wp-json\/wp\/v2\/product_tag?post=1967"}],"curies":[{"name":"wp","href":"https:\/\/api.w.org\/{rel}","templated":true}]}}