{"id":1965,"date":"2022-07-03T13:10:22","date_gmt":"2022-07-03T13:10:22","guid":{"rendered":"https:\/\/gooddealersmeds.com\/sl\/?post_type=product&#038;p=1965"},"modified":"2022-10-04T00:39:33","modified_gmt":"2022-10-04T00:39:33","slug":"buy-concerta-online","status":"publish","type":"product","link":"https:\/\/gooddealersmeds.com\/sl\/product\/buy-concerta-online\/","title":{"rendered":"Kupite Concerta na spletu"},"content":{"rendered":"<h1><strong>Concerta za spletno prodajo<\/strong><\/h1>\n<p>&nbsp;<\/p>\n<p>Concerta je zdravilo, ki pomaga pri zdravljenju motnje pomanjkanja pozornosti (ADD) pri odraslih. Vsebuje metilfenidat, ki je zasnovan tako, da ljudem pomaga pri ve\u010dji osredoto\u010denosti in koncentraciji. Concerta zdravi ADD pri odraslih, ki se ne odzivajo dobro na druga zdravljenja. Uporablja se lahko tudi za zdravljenje narkolepsije pri odraslih, ki imajo prekomerno dnevno zaspanost.<\/p>\n<p>Zdravilo je na voljo v tabletah in se jemlje enkrat na dan, s hrano ali brez nje. Ne me\u0161ajte ga z alkoholom ali drugimi zdravili. To je dolgodelujo\u010de zdravilo, ki deluje \u0161e 12 ur po zau\u017eitju, zato vam lahko pomaga, da ostanete zbrani in pozorni ves dan.<\/p>\n<p>Prav tako ima nizko mo\u017enost zlorabe, kar pomeni, da je malo verjetno, da bi povzro\u010di ne\u017eelene u\u010dinke, kot so visok krvni tlak ali te\u017eave s srcem. Concerta deluje tako, da pove\u010da raven dopamina v va\u0161ih mo\u017eganih, kar pomaga izbolj\u0161ati osredoto\u010denost, pozornost in nadzor impulzov.<\/p>\n<p>Na kratko, Concerta je bila predpisana ljudem, ki imajo te\u017eave z osredoto\u010danjem in pozornostjo. Pomaga tudi pri nadzoru hiperaktivnosti, kot je nemirnost ali preve\u010d premikanja, ko se ne bi smeli.<\/p>\n<p>Ne uporabljajte tega zdravila, \u010de ste nose\u010di ali dojite zaradi tveganja prirojenih okvar ali odtegnitvenih simptomov \u010de po dolgotrajni uporabi (ve\u010d kot dva tedna) nenadoma prenehate jemati zdravilo.<\/p>\n<p><strong>\u00a0<\/strong><\/p>\n<h2><strong>Zakaj naro\u010diti Concerta Online?<\/strong><\/h2>\n<p><strong>\u00a0<\/strong><\/p>\n<p>Spletni nakup Concerta ponuja veliko ugodnosti. Recimo, da vam za <a href=\"https:\/\/gooddealersmeds.com\/sl\/product\/buy-concerta-online\/\">kupovanje zdravila Concerta<\/a> v spletu prodajalcu ne bo treba pokazati nobenega recepta. Samo \u010de ste stari 21+ let, ste pripravljeni. Poleg tega lahko naro\u010dite \u017eeleni izdelek brez drugih omejitev. Tudi to, ne da bi premikali rit ali opravljali kakr\u0161no koli trdo delo.<\/p>\n<p><strong>\u00a0<\/strong><\/p>\n<p><strong>Kje je najbolj\u0161e mesto za nakup Concerta v spletu?<\/strong><\/p>\n<p><strong>\u00a0<\/strong><\/p>\n<p>Concerta prah lahko kupite na spletu. Najbolj\u0161e mesto za nakup metilfenidata na spletu je pri zanesljivem podjetju, kot je GoodDealersMeds, saj poslujemo \u017ee ve\u010d kot 10 let in smo se izkazali za zanesljive. Imamo veliko izdelkov, vklju\u010dno z metilfenidatom, vendar je na\u0161 glavni poudarek na zagotavljanju visokokakovostnih storitev in zadovoljstvu strank.<\/p>\n","protected":false},"excerpt":{"rendered":"<p>Buy Concerta Online se uporablja za zdravljenje motnje pozornosti in hiperaktivnosti \u2013 ADHD. Deluje tako, da spremeni koli\u010dine nekaterih naravnih snovi v mo\u017eganih. Metilfenidat spada v skupino zdravil, znanih kot stimulansi. Lahko pomaga pove\u010dati va\u0161o sposobnost pozornosti, ostati osredoto\u010den na dejavnost in nadzorovati vedenjske te\u017eave. Prav tako vam lahko pomaga organizirati svoje naloge in izbolj\u0161ati sposobnosti poslu\u0161anja.<\/p>\n","protected":false},"featured_media":1966,"comment_status":"open","ping_status":"closed","template":"","meta":{"inline_featured_image":false},"product_brand":[],"product_cat":[346],"product_tag":[],"class_list":{"0":"post-1965","1":"product","2":"type-product","3":"status-publish","4":"has-post-thumbnail","6":"product_cat-poivila","8":"first","9":"instock","10":"shipping-taxable","11":"purchasable","12":"product-type-simple"},"yoast_head":"<!-- This site is optimized with the Yoast SEO Premium plugin v20.6 (Yoast SEO v27.3) - https:\/\/yoast.com\/product\/yoast-seo-premium-wordpress\/ -->\n<title>Kupite Concerta Online (Methylphenidate HCL) | Good Dealers Meds<\/title>\n<meta name=\"description\" content=\"Kupi Concerta na spletu; uporablja za zdravljenje motnje pozornosti in hiperaktivnosti. Deluje tako, da spremeni naravne snovi v mo\u017eganih.\" \/>\n<meta name=\"robots\" content=\"index, follow, max-snippet:-1, max-image-preview:large, max-video-preview:-1\" \/>\n<link rel=\"canonical\" href=\"https:\/\/gooddealersmeds.com\/sl\/product\/buy-concerta-online\/\" \/>\n<meta property=\"og:locale\" content=\"en_US\" \/>\n<meta property=\"og:type\" content=\"article\" \/>\n<meta property=\"og:title\" content=\"Kupite Concerta na spletu\" \/>\n<meta property=\"og:description\" content=\"Kupi Concerta na spletu; uporablja za zdravljenje motnje pozornosti in hiperaktivnosti. Deluje tako, da spremeni naravne snovi v mo\u017eganih.\" \/>\n<meta property=\"og:url\" content=\"https:\/\/gooddealersmeds.com\/sl\/product\/buy-concerta-online\/\" \/>\n<meta property=\"og:site_name\" content=\"Good Dealers Meds\" \/>\n<meta property=\"article:modified_time\" content=\"2022-10-04T00:39:33+00:00\" \/>\n<meta property=\"og:image\" content=\"https:\/\/gooddealersmeds.com\/sl\/wp-content\/uploads\/sites\/10\/2022\/07\/concerta-36mg-500x500-1.png\" \/>\n\t<meta property=\"og:image:width\" content=\"500\" \/>\n\t<meta property=\"og:image:height\" content=\"500\" \/>\n\t<meta property=\"og:image:type\" content=\"image\/png\" \/>\n<meta name=\"twitter:card\" content=\"summary_large_image\" \/>\n<meta name=\"twitter:label1\" content=\"Est. reading time\" \/>\n\t<meta name=\"twitter:data1\" content=\"2 minutes\" \/>\n<script type=\"application\/ld+json\" class=\"yoast-schema-graph\">{\"@context\":\"https:\\\/\\\/schema.org\",\"@graph\":[{\"@type\":\"WebPage\",\"@id\":\"https:\\\/\\\/gooddealersmeds.com\\\/sl\\\/product\\\/buy-concerta-online\\\/\",\"url\":\"https:\\\/\\\/gooddealersmeds.com\\\/sl\\\/product\\\/buy-concerta-online\\\/\",\"name\":\"Kupite Concerta Online (Methylphenidate HCL) | Good Dealers Meds\",\"isPartOf\":{\"@id\":\"https:\\\/\\\/gooddealersmeds.com\\\/sl\\\/#website\"},\"primaryImageOfPage\":{\"@id\":\"https:\\\/\\\/gooddealersmeds.com\\\/sl\\\/product\\\/buy-concerta-online\\\/#primaryimage\"},\"image\":{\"@id\":\"https:\\\/\\\/gooddealersmeds.com\\\/sl\\\/product\\\/buy-concerta-online\\\/#primaryimage\"},\"thumbnailUrl\":\"https:\\\/\\\/gooddealersmeds.com\\\/sl\\\/wp-content\\\/uploads\\\/sites\\\/10\\\/2022\\\/07\\\/concerta-36mg-500x500-1.png\",\"datePublished\":\"2022-07-03T13:10:22+00:00\",\"dateModified\":\"2022-10-04T00:39:33+00:00\",\"description\":\"Kupi Concerta na spletu; uporablja za zdravljenje motnje pozornosti in hiperaktivnosti. Deluje tako, da spremeni naravne snovi v mo\u017eganih.\",\"breadcrumb\":{\"@id\":\"https:\\\/\\\/gooddealersmeds.com\\\/sl\\\/product\\\/buy-concerta-online\\\/#breadcrumb\"},\"inLanguage\":\"en-US\",\"potentialAction\":[{\"@type\":\"ReadAction\",\"target\":[\"https:\\\/\\\/gooddealersmeds.com\\\/sl\\\/product\\\/buy-concerta-online\\\/\"]}]},{\"@type\":\"ImageObject\",\"inLanguage\":\"en-US\",\"@id\":\"https:\\\/\\\/gooddealersmeds.com\\\/sl\\\/product\\\/buy-concerta-online\\\/#primaryimage\",\"url\":\"https:\\\/\\\/gooddealersmeds.com\\\/sl\\\/wp-content\\\/uploads\\\/sites\\\/10\\\/2022\\\/07\\\/concerta-36mg-500x500-1.png\",\"contentUrl\":\"https:\\\/\\\/gooddealersmeds.com\\\/sl\\\/wp-content\\\/uploads\\\/sites\\\/10\\\/2022\\\/07\\\/concerta-36mg-500x500-1.png\",\"width\":500,\"height\":500,\"caption\":\"Buy Concerta Online\"},{\"@type\":\"BreadcrumbList\",\"@id\":\"https:\\\/\\\/gooddealersmeds.com\\\/sl\\\/product\\\/buy-concerta-online\\\/#breadcrumb\",\"itemListElement\":[{\"@type\":\"ListItem\",\"position\":1,\"name\":\"Home\",\"item\":\"https:\\\/\\\/gooddealersmeds.com\\\/sl\\\/\"},{\"@type\":\"ListItem\",\"position\":2,\"name\":\"Izdelki\",\"item\":\"https:\\\/\\\/gooddealersmeds.com\\\/sl\\\/izdelki\\\/\"},{\"@type\":\"ListItem\",\"position\":3,\"name\":\"Kupite Concerta na spletu\"}]},{\"@type\":\"WebSite\",\"@id\":\"https:\\\/\\\/gooddealersmeds.com\\\/sl\\\/#website\",\"url\":\"https:\\\/\\\/gooddealersmeds.com\\\/sl\\\/\",\"name\":\"Good Dealers Meds\",\"description\":\"All our best\",\"publisher\":{\"@id\":\"https:\\\/\\\/gooddealersmeds.com\\\/sl\\\/#organization\"},\"potentialAction\":[{\"@type\":\"SearchAction\",\"target\":{\"@type\":\"EntryPoint\",\"urlTemplate\":\"https:\\\/\\\/gooddealersmeds.com\\\/sl\\\/?s={search_term_string}\"},\"query-input\":{\"@type\":\"PropertyValueSpecification\",\"valueRequired\":true,\"valueName\":\"search_term_string\"}}],\"inLanguage\":\"en-US\"},{\"@type\":\"Organization\",\"@id\":\"https:\\\/\\\/gooddealersmeds.com\\\/sl\\\/#organization\",\"name\":\"Good Dealers Meds\",\"url\":\"https:\\\/\\\/gooddealersmeds.com\\\/sl\\\/\",\"logo\":{\"@type\":\"ImageObject\",\"inLanguage\":\"en-US\",\"@id\":\"https:\\\/\\\/gooddealersmeds.com\\\/sl\\\/#\\\/schema\\\/logo\\\/image\\\/\",\"url\":\"https:\\\/\\\/gooddealersmeds.com\\\/sl\\\/wp-content\\\/uploads\\\/sites\\\/10\\\/2022\\\/03\\\/gooddealersmeds__logo__20220317T222800Z.00.png\",\"contentUrl\":\"https:\\\/\\\/gooddealersmeds.com\\\/sl\\\/wp-content\\\/uploads\\\/sites\\\/10\\\/2022\\\/03\\\/gooddealersmeds__logo__20220317T222800Z.00.png\",\"width\":500,\"height\":325,\"caption\":\"Good Dealers Meds\"},\"image\":{\"@id\":\"https:\\\/\\\/gooddealersmeds.com\\\/sl\\\/#\\\/schema\\\/logo\\\/image\\\/\"}}]}<\/script>\n<!-- \/ Yoast SEO Premium plugin. -->","yoast_head_json":{"title":"Kupite Concerta Online (Methylphenidate HCL) | Good Dealers Meds","description":"Kupi Concerta na spletu; uporablja za zdravljenje motnje pozornosti in hiperaktivnosti. Deluje tako, da spremeni naravne snovi v mo\u017eganih.","robots":{"index":"index","follow":"follow","max-snippet":"max-snippet:-1","max-image-preview":"max-image-preview:large","max-video-preview":"max-video-preview:-1"},"canonical":"https:\/\/gooddealersmeds.com\/sl\/product\/buy-concerta-online\/","og_locale":"en_US","og_type":"article","og_title":"Kupite Concerta na spletu","og_description":"Kupi Concerta na spletu; uporablja za zdravljenje motnje pozornosti in hiperaktivnosti. Deluje tako, da spremeni naravne snovi v mo\u017eganih.","og_url":"https:\/\/gooddealersmeds.com\/sl\/product\/buy-concerta-online\/","og_site_name":"Good Dealers Meds","article_modified_time":"2022-10-04T00:39:33+00:00","og_image":[{"width":500,"height":500,"url":"https:\/\/gooddealersmeds.com\/sl\/wp-content\/uploads\/sites\/10\/2022\/07\/concerta-36mg-500x500-1.png","type":"image\/png"}],"twitter_card":"summary_large_image","twitter_misc":{"Est. reading time":"2 minutes"},"schema":{"@context":"https:\/\/schema.org","@graph":[{"@type":"WebPage","@id":"https:\/\/gooddealersmeds.com\/sl\/product\/buy-concerta-online\/","url":"https:\/\/gooddealersmeds.com\/sl\/product\/buy-concerta-online\/","name":"Kupite Concerta Online (Methylphenidate HCL) | Good Dealers Meds","isPartOf":{"@id":"https:\/\/gooddealersmeds.com\/sl\/#website"},"primaryImageOfPage":{"@id":"https:\/\/gooddealersmeds.com\/sl\/product\/buy-concerta-online\/#primaryimage"},"image":{"@id":"https:\/\/gooddealersmeds.com\/sl\/product\/buy-concerta-online\/#primaryimage"},"thumbnailUrl":"https:\/\/gooddealersmeds.com\/sl\/wp-content\/uploads\/sites\/10\/2022\/07\/concerta-36mg-500x500-1.png","datePublished":"2022-07-03T13:10:22+00:00","dateModified":"2022-10-04T00:39:33+00:00","description":"Kupi Concerta na spletu; uporablja za zdravljenje motnje pozornosti in hiperaktivnosti. Deluje tako, da spremeni naravne snovi v mo\u017eganih.","breadcrumb":{"@id":"https:\/\/gooddealersmeds.com\/sl\/product\/buy-concerta-online\/#breadcrumb"},"inLanguage":"en-US","potentialAction":[{"@type":"ReadAction","target":["https:\/\/gooddealersmeds.com\/sl\/product\/buy-concerta-online\/"]}]},{"@type":"ImageObject","inLanguage":"en-US","@id":"https:\/\/gooddealersmeds.com\/sl\/product\/buy-concerta-online\/#primaryimage","url":"https:\/\/gooddealersmeds.com\/sl\/wp-content\/uploads\/sites\/10\/2022\/07\/concerta-36mg-500x500-1.png","contentUrl":"https:\/\/gooddealersmeds.com\/sl\/wp-content\/uploads\/sites\/10\/2022\/07\/concerta-36mg-500x500-1.png","width":500,"height":500,"caption":"Buy Concerta Online"},{"@type":"BreadcrumbList","@id":"https:\/\/gooddealersmeds.com\/sl\/product\/buy-concerta-online\/#breadcrumb","itemListElement":[{"@type":"ListItem","position":1,"name":"Home","item":"https:\/\/gooddealersmeds.com\/sl\/"},{"@type":"ListItem","position":2,"name":"Izdelki","item":"https:\/\/gooddealersmeds.com\/sl\/izdelki\/"},{"@type":"ListItem","position":3,"name":"Kupite Concerta na spletu"}]},{"@type":"WebSite","@id":"https:\/\/gooddealersmeds.com\/sl\/#website","url":"https:\/\/gooddealersmeds.com\/sl\/","name":"Good Dealers Meds","description":"All our best","publisher":{"@id":"https:\/\/gooddealersmeds.com\/sl\/#organization"},"potentialAction":[{"@type":"SearchAction","target":{"@type":"EntryPoint","urlTemplate":"https:\/\/gooddealersmeds.com\/sl\/?s={search_term_string}"},"query-input":{"@type":"PropertyValueSpecification","valueRequired":true,"valueName":"search_term_string"}}],"inLanguage":"en-US"},{"@type":"Organization","@id":"https:\/\/gooddealersmeds.com\/sl\/#organization","name":"Good Dealers Meds","url":"https:\/\/gooddealersmeds.com\/sl\/","logo":{"@type":"ImageObject","inLanguage":"en-US","@id":"https:\/\/gooddealersmeds.com\/sl\/#\/schema\/logo\/image\/","url":"https:\/\/gooddealersmeds.com\/sl\/wp-content\/uploads\/sites\/10\/2022\/03\/gooddealersmeds__logo__20220317T222800Z.00.png","contentUrl":"https:\/\/gooddealersmeds.com\/sl\/wp-content\/uploads\/sites\/10\/2022\/03\/gooddealersmeds__logo__20220317T222800Z.00.png","width":500,"height":325,"caption":"Good Dealers Meds"},"image":{"@id":"https:\/\/gooddealersmeds.com\/sl\/#\/schema\/logo\/image\/"}}]}},"_links":{"self":[{"href":"https:\/\/gooddealersmeds.com\/sl\/wp-json\/wp\/v2\/product\/1965","targetHints":{"allow":["GET"]}}],"collection":[{"href":"https:\/\/gooddealersmeds.com\/sl\/wp-json\/wp\/v2\/product"}],"about":[{"href":"https:\/\/gooddealersmeds.com\/sl\/wp-json\/wp\/v2\/types\/product"}],"replies":[{"embeddable":true,"href":"https:\/\/gooddealersmeds.com\/sl\/wp-json\/wp\/v2\/comments?post=1965"}],"wp:featuredmedia":[{"embeddable":true,"href":"https:\/\/gooddealersmeds.com\/sl\/wp-json\/wp\/v2\/media\/1966"}],"wp:attachment":[{"href":"https:\/\/gooddealersmeds.com\/sl\/wp-json\/wp\/v2\/media?parent=1965"}],"wp:term":[{"taxonomy":"product_brand","embeddable":true,"href":"https:\/\/gooddealersmeds.com\/sl\/wp-json\/wp\/v2\/product_brand?post=1965"},{"taxonomy":"product_cat","embeddable":true,"href":"https:\/\/gooddealersmeds.com\/sl\/wp-json\/wp\/v2\/product_cat?post=1965"},{"taxonomy":"product_tag","embeddable":true,"href":"https:\/\/gooddealersmeds.com\/sl\/wp-json\/wp\/v2\/product_tag?post=1965"}],"curies":[{"name":"wp","href":"https:\/\/api.w.org\/{rel}","templated":true}]}}