{"id":1951,"date":"2022-07-03T13:05:03","date_gmt":"2022-07-03T13:05:03","guid":{"rendered":"https:\/\/gooddealersmeds.com\/sl\/?post_type=product&#038;p=1951"},"modified":"2022-10-04T00:39:39","modified_gmt":"2022-10-04T00:39:39","slug":"buy-ritalin-tablete","status":"publish","type":"product","link":"https:\/\/gooddealersmeds.com\/sl\/product\/buy-ritalin-tablete\/","title":{"rendered":"Kupite tablete Ritalin"},"content":{"rendered":"<p>Kupite tablete ritalin v na\u0161i spletni trgovini brez recepta. Ritalin tableta je stimulans centralnega \u017eiv\u010dnega sistema, ki zdravi motnjo pozornosti in hiperaktivnost (ADHD). Ta motnja vklju\u010duje nenadzorovana dejanja, ve\u010d te\u017eav pri osredoto\u010danju in ohranjanju ti\u0161ine v primerjavi z drugimi ljudmi v isti starostni skupini. Ta tableta zdravi tudi narkolepsijo, motnjo spanja, ki povzro\u010da nenadne napade spanja in zaspanost \u010dez dan. Ta tabletka vam lahko pomaga organizirati naloge in izbolj\u0161ati va\u0161e sposobnosti poslu\u0161anja. Poleg tega ta tableta zmanj\u0161a simptome vedenjskih te\u017eav in pove\u010da va\u0161o sposobnost osredoto\u010denosti in pozornosti. Ritalin se uporablja tudi pri svetovanju ali drugih terapijah.<\/p>\n<p>Ritalin je mo\u010dan stimulans, ki vam lahko pomaga zmanj\u0161ati simptome motnje pomanjkanja pozornosti. Zdravniki in farmacevti menijo, da je Ritalin eno naju\u010dinkovitej\u0161ih zdravil za dnevno zaspanost ali nepri\u010dakovane napade spanja. Ritalin je u\u010dinkovit v dvajsetih do tridesetih minutah po dajanju in ima razpolovno dobo pribli\u017eno osem ur. Poleg tega vam ta tabletka pomaga, da se osredoto\u010dite in ste pozorni na svoje naloge.<\/p>\n<p>Ritalin je ena najbolj\u0161ih mo\u017enosti za prepre\u010devanje in zdravljenje motnje pozornosti in hiperaktivnosti ali te\u017eav s spanjem. Ta tableta vam omogo\u010da spreminjanje koli\u010dine naravnih snovi v va\u0161ih mo\u017eganih. Poleg tega velja, da je Ritalin varen za otroke, starej\u0161e od \u0161est let, odrasle in starej\u0161e, ki imajo motnjo pozornosti in hiperaktivnost ali te\u017eave s spanjem.<\/p>\n<p>Methylphenidate Hydrochloride, aktivna sestavina v Ritalinu, spada v razred zdravila, znana kot stimulansi centralnega \u017eiv\u010dnega sistema. Ti stimulansi pove\u010dajo raven kateholamina (kemikalije) v va\u0161ih mo\u017eganih, kar pove\u010da energijo, budnost in pozornost.<\/p>\n<p>Ritalin deluje tako, da spremeni koncentracijo naravnih snovi v mo\u017eganih (kateholamina). To zdravilo vam tudi pomaga ostati osredoto\u010den, izbolj\u0161a va\u0161o sposobnost pozornosti in obvladuje vedenjske te\u017eave.<\/p>\n<p>Obi\u010dajno je priporo\u010dljivo, da Ritalin uporabljate po nasvetu zdravnika. Toda za zdravljenje motnje pozornosti in hiperaktivnosti ali nenadnih napadov spanja boste uporabljali Ritalin kot dolgoro\u010dno zdravljenje. Tablete ritalin lahko kupite v na\u0161i <a href=\"https:\/\/gooddealersmeds.com\/sl\/products\/\">spletni trgovini<\/a> z varno dostavo.<\/p>\n<p>&nbsp;<\/p>\n","protected":false},"excerpt":{"rendered":"<p>Kupite Ritalin LA 10 mg kapsule 30 na spletu, na voljo zdaj. Prebrskajte po na\u0161i spletni trgovini. Pridobite spletno Ritalin 100 % garancijo na zadovoljstvo. Kako lahko dobim Ritalin brez recepta.<\/p>\n","protected":false},"featured_media":1963,"comment_status":"open","ping_status":"closed","template":"","meta":{"inline_featured_image":false},"product_brand":[],"product_cat":[346],"product_tag":[505,506,507,508,509,510,511,514,515,516,502,503,504,512,513],"class_list":{"0":"post-1951","1":"product","2":"type-product","3":"status-publish","4":"has-post-thumbnail","6":"product_cat-poivila","7":"product_tag-buy-ritalin-10mg-online","8":"product_tag-buy-ritalin-10mg-online-in-usa","9":"product_tag-buy-ritalin-online","10":"product_tag-buy-ritalin-online-forum","11":"product_tag-buy-ritalin-online-no-rx","12":"product_tag-buy-ritalin-pills","13":"product_tag-buy-ritalin-pills-in-south-africa","14":"product_tag-kje-kupiti-ritalin-na-spletu","15":"product_tag-kje-kupiti-ritalin-na-spletu-brez-recepta-potreben","16":"product_tag-kje-kupiti-ritalin-na-spletu-ni-potreben-prejem","17":"product_tag-buy-20mg-ritalin-online","18":"product_tag-buy-generic-ritalin-online","19":"product_tag-kupite-splet-na-recept-ritalin-brez-recepta","20":"product_tag-reddit-kupi-ritalin-online-brez-recepta","21":"product_tag-ritalin-kupite-na-spletu","23":"first","24":"instock","25":"shipping-taxable","26":"purchasable","27":"product-type-variable","28":"has-default-attributes"},"yoast_head":"<!-- This site is optimized with the Yoast SEO Premium plugin v20.6 (Yoast SEO v27.3) - https:\/\/yoast.com\/product\/yoast-seo-premium-wordpress\/ -->\n<title>Kupite tablete Ritalin (Methylphenidate hcl) | Good Dealers Meds<\/title>\n<meta name=\"description\" content=\"Kupite Ritalin LA 10 mg tablete 30 na spletu. Brskajte po na\u0161i spletni trgovini brez recepta. Zagotovite si spletni Ritalin s 100-odstotnim zadovoljstvom.\" \/>\n<meta name=\"robots\" content=\"index, follow, max-snippet:-1, max-image-preview:large, max-video-preview:-1\" \/>\n<link rel=\"canonical\" href=\"https:\/\/gooddealersmeds.com\/sl\/product\/buy-ritalin-tablete\/\" \/>\n<meta property=\"og:locale\" content=\"en_US\" \/>\n<meta property=\"og:type\" content=\"article\" \/>\n<meta property=\"og:title\" content=\"Kupite tablete Ritalin\" \/>\n<meta property=\"og:description\" content=\"Kupite Ritalin LA 10 mg tablete 30 na spletu. Brskajte po na\u0161i spletni trgovini brez recepta. Zagotovite si spletni Ritalin s 100-odstotnim zadovoljstvom.\" \/>\n<meta property=\"og:url\" content=\"https:\/\/gooddealersmeds.com\/sl\/product\/buy-ritalin-tablete\/\" \/>\n<meta property=\"og:site_name\" content=\"Good Dealers Meds\" \/>\n<meta property=\"article:modified_time\" content=\"2022-10-04T00:39:39+00:00\" \/>\n<meta property=\"og:image\" content=\"https:\/\/gooddealersmeds.com\/sl\/wp-content\/uploads\/sites\/10\/2022\/07\/buy-ritalin-online.jpg\" \/>\n\t<meta property=\"og:image:width\" content=\"1464\" \/>\n\t<meta property=\"og:image:height\" content=\"975\" \/>\n\t<meta property=\"og:image:type\" content=\"image\/jpeg\" \/>\n<meta name=\"twitter:card\" content=\"summary_large_image\" \/>\n<meta name=\"twitter:label1\" content=\"Est. reading time\" \/>\n\t<meta name=\"twitter:data1\" content=\"2 minutes\" \/>\n<script type=\"application\/ld+json\" class=\"yoast-schema-graph\">{\"@context\":\"https:\\\/\\\/schema.org\",\"@graph\":[{\"@type\":\"WebPage\",\"@id\":\"https:\\\/\\\/gooddealersmeds.com\\\/sl\\\/product\\\/buy-ritalin-tablete\\\/\",\"url\":\"https:\\\/\\\/gooddealersmeds.com\\\/sl\\\/product\\\/buy-ritalin-tablete\\\/\",\"name\":\"Kupite tablete Ritalin (Methylphenidate hcl) | Good Dealers Meds\",\"isPartOf\":{\"@id\":\"https:\\\/\\\/gooddealersmeds.com\\\/sl\\\/#website\"},\"primaryImageOfPage\":{\"@id\":\"https:\\\/\\\/gooddealersmeds.com\\\/sl\\\/product\\\/buy-ritalin-tablete\\\/#primaryimage\"},\"image\":{\"@id\":\"https:\\\/\\\/gooddealersmeds.com\\\/sl\\\/product\\\/buy-ritalin-tablete\\\/#primaryimage\"},\"thumbnailUrl\":\"https:\\\/\\\/gooddealersmeds.com\\\/sl\\\/wp-content\\\/uploads\\\/sites\\\/10\\\/2022\\\/07\\\/buy-ritalin-online.jpg\",\"datePublished\":\"2022-07-03T13:05:03+00:00\",\"dateModified\":\"2022-10-04T00:39:39+00:00\",\"description\":\"Kupite Ritalin LA 10 mg tablete 30 na spletu. Brskajte po na\u0161i spletni trgovini brez recepta. Zagotovite si spletni Ritalin s 100-odstotnim zadovoljstvom.\",\"breadcrumb\":{\"@id\":\"https:\\\/\\\/gooddealersmeds.com\\\/sl\\\/product\\\/buy-ritalin-tablete\\\/#breadcrumb\"},\"inLanguage\":\"en-US\",\"potentialAction\":[{\"@type\":\"ReadAction\",\"target\":[\"https:\\\/\\\/gooddealersmeds.com\\\/sl\\\/product\\\/buy-ritalin-tablete\\\/\"]}]},{\"@type\":\"ImageObject\",\"inLanguage\":\"en-US\",\"@id\":\"https:\\\/\\\/gooddealersmeds.com\\\/sl\\\/product\\\/buy-ritalin-tablete\\\/#primaryimage\",\"url\":\"https:\\\/\\\/gooddealersmeds.com\\\/sl\\\/wp-content\\\/uploads\\\/sites\\\/10\\\/2022\\\/07\\\/buy-ritalin-online.jpg\",\"contentUrl\":\"https:\\\/\\\/gooddealersmeds.com\\\/sl\\\/wp-content\\\/uploads\\\/sites\\\/10\\\/2022\\\/07\\\/buy-ritalin-online.jpg\",\"width\":1464,\"height\":975,\"caption\":\"Buy Ritalin Pills\"},{\"@type\":\"BreadcrumbList\",\"@id\":\"https:\\\/\\\/gooddealersmeds.com\\\/sl\\\/product\\\/buy-ritalin-tablete\\\/#breadcrumb\",\"itemListElement\":[{\"@type\":\"ListItem\",\"position\":1,\"name\":\"Home\",\"item\":\"https:\\\/\\\/gooddealersmeds.com\\\/sl\\\/\"},{\"@type\":\"ListItem\",\"position\":2,\"name\":\"Izdelki\",\"item\":\"https:\\\/\\\/gooddealersmeds.com\\\/sl\\\/izdelki\\\/\"},{\"@type\":\"ListItem\",\"position\":3,\"name\":\"Kupite tablete Ritalin\"}]},{\"@type\":\"WebSite\",\"@id\":\"https:\\\/\\\/gooddealersmeds.com\\\/sl\\\/#website\",\"url\":\"https:\\\/\\\/gooddealersmeds.com\\\/sl\\\/\",\"name\":\"Good Dealers Meds\",\"description\":\"All our best\",\"publisher\":{\"@id\":\"https:\\\/\\\/gooddealersmeds.com\\\/sl\\\/#organization\"},\"potentialAction\":[{\"@type\":\"SearchAction\",\"target\":{\"@type\":\"EntryPoint\",\"urlTemplate\":\"https:\\\/\\\/gooddealersmeds.com\\\/sl\\\/?s={search_term_string}\"},\"query-input\":{\"@type\":\"PropertyValueSpecification\",\"valueRequired\":true,\"valueName\":\"search_term_string\"}}],\"inLanguage\":\"en-US\"},{\"@type\":\"Organization\",\"@id\":\"https:\\\/\\\/gooddealersmeds.com\\\/sl\\\/#organization\",\"name\":\"Good Dealers Meds\",\"url\":\"https:\\\/\\\/gooddealersmeds.com\\\/sl\\\/\",\"logo\":{\"@type\":\"ImageObject\",\"inLanguage\":\"en-US\",\"@id\":\"https:\\\/\\\/gooddealersmeds.com\\\/sl\\\/#\\\/schema\\\/logo\\\/image\\\/\",\"url\":\"https:\\\/\\\/gooddealersmeds.com\\\/sl\\\/wp-content\\\/uploads\\\/sites\\\/10\\\/2022\\\/03\\\/gooddealersmeds__logo__20220317T222800Z.00.png\",\"contentUrl\":\"https:\\\/\\\/gooddealersmeds.com\\\/sl\\\/wp-content\\\/uploads\\\/sites\\\/10\\\/2022\\\/03\\\/gooddealersmeds__logo__20220317T222800Z.00.png\",\"width\":500,\"height\":325,\"caption\":\"Good Dealers Meds\"},\"image\":{\"@id\":\"https:\\\/\\\/gooddealersmeds.com\\\/sl\\\/#\\\/schema\\\/logo\\\/image\\\/\"}}]}<\/script>\n<!-- \/ Yoast SEO Premium plugin. -->","yoast_head_json":{"title":"Kupite tablete Ritalin (Methylphenidate hcl) | Good Dealers Meds","description":"Kupite Ritalin LA 10 mg tablete 30 na spletu. Brskajte po na\u0161i spletni trgovini brez recepta. Zagotovite si spletni Ritalin s 100-odstotnim zadovoljstvom.","robots":{"index":"index","follow":"follow","max-snippet":"max-snippet:-1","max-image-preview":"max-image-preview:large","max-video-preview":"max-video-preview:-1"},"canonical":"https:\/\/gooddealersmeds.com\/sl\/product\/buy-ritalin-tablete\/","og_locale":"en_US","og_type":"article","og_title":"Kupite tablete Ritalin","og_description":"Kupite Ritalin LA 10 mg tablete 30 na spletu. Brskajte po na\u0161i spletni trgovini brez recepta. Zagotovite si spletni Ritalin s 100-odstotnim zadovoljstvom.","og_url":"https:\/\/gooddealersmeds.com\/sl\/product\/buy-ritalin-tablete\/","og_site_name":"Good Dealers Meds","article_modified_time":"2022-10-04T00:39:39+00:00","og_image":[{"width":1464,"height":975,"url":"https:\/\/gooddealersmeds.com\/sl\/wp-content\/uploads\/sites\/10\/2022\/07\/buy-ritalin-online.jpg","type":"image\/jpeg"}],"twitter_card":"summary_large_image","twitter_misc":{"Est. reading time":"2 minutes"},"schema":{"@context":"https:\/\/schema.org","@graph":[{"@type":"WebPage","@id":"https:\/\/gooddealersmeds.com\/sl\/product\/buy-ritalin-tablete\/","url":"https:\/\/gooddealersmeds.com\/sl\/product\/buy-ritalin-tablete\/","name":"Kupite tablete Ritalin (Methylphenidate hcl) | Good Dealers Meds","isPartOf":{"@id":"https:\/\/gooddealersmeds.com\/sl\/#website"},"primaryImageOfPage":{"@id":"https:\/\/gooddealersmeds.com\/sl\/product\/buy-ritalin-tablete\/#primaryimage"},"image":{"@id":"https:\/\/gooddealersmeds.com\/sl\/product\/buy-ritalin-tablete\/#primaryimage"},"thumbnailUrl":"https:\/\/gooddealersmeds.com\/sl\/wp-content\/uploads\/sites\/10\/2022\/07\/buy-ritalin-online.jpg","datePublished":"2022-07-03T13:05:03+00:00","dateModified":"2022-10-04T00:39:39+00:00","description":"Kupite Ritalin LA 10 mg tablete 30 na spletu. Brskajte po na\u0161i spletni trgovini brez recepta. Zagotovite si spletni Ritalin s 100-odstotnim zadovoljstvom.","breadcrumb":{"@id":"https:\/\/gooddealersmeds.com\/sl\/product\/buy-ritalin-tablete\/#breadcrumb"},"inLanguage":"en-US","potentialAction":[{"@type":"ReadAction","target":["https:\/\/gooddealersmeds.com\/sl\/product\/buy-ritalin-tablete\/"]}]},{"@type":"ImageObject","inLanguage":"en-US","@id":"https:\/\/gooddealersmeds.com\/sl\/product\/buy-ritalin-tablete\/#primaryimage","url":"https:\/\/gooddealersmeds.com\/sl\/wp-content\/uploads\/sites\/10\/2022\/07\/buy-ritalin-online.jpg","contentUrl":"https:\/\/gooddealersmeds.com\/sl\/wp-content\/uploads\/sites\/10\/2022\/07\/buy-ritalin-online.jpg","width":1464,"height":975,"caption":"Buy Ritalin Pills"},{"@type":"BreadcrumbList","@id":"https:\/\/gooddealersmeds.com\/sl\/product\/buy-ritalin-tablete\/#breadcrumb","itemListElement":[{"@type":"ListItem","position":1,"name":"Home","item":"https:\/\/gooddealersmeds.com\/sl\/"},{"@type":"ListItem","position":2,"name":"Izdelki","item":"https:\/\/gooddealersmeds.com\/sl\/izdelki\/"},{"@type":"ListItem","position":3,"name":"Kupite tablete Ritalin"}]},{"@type":"WebSite","@id":"https:\/\/gooddealersmeds.com\/sl\/#website","url":"https:\/\/gooddealersmeds.com\/sl\/","name":"Good Dealers Meds","description":"All our best","publisher":{"@id":"https:\/\/gooddealersmeds.com\/sl\/#organization"},"potentialAction":[{"@type":"SearchAction","target":{"@type":"EntryPoint","urlTemplate":"https:\/\/gooddealersmeds.com\/sl\/?s={search_term_string}"},"query-input":{"@type":"PropertyValueSpecification","valueRequired":true,"valueName":"search_term_string"}}],"inLanguage":"en-US"},{"@type":"Organization","@id":"https:\/\/gooddealersmeds.com\/sl\/#organization","name":"Good Dealers Meds","url":"https:\/\/gooddealersmeds.com\/sl\/","logo":{"@type":"ImageObject","inLanguage":"en-US","@id":"https:\/\/gooddealersmeds.com\/sl\/#\/schema\/logo\/image\/","url":"https:\/\/gooddealersmeds.com\/sl\/wp-content\/uploads\/sites\/10\/2022\/03\/gooddealersmeds__logo__20220317T222800Z.00.png","contentUrl":"https:\/\/gooddealersmeds.com\/sl\/wp-content\/uploads\/sites\/10\/2022\/03\/gooddealersmeds__logo__20220317T222800Z.00.png","width":500,"height":325,"caption":"Good Dealers Meds"},"image":{"@id":"https:\/\/gooddealersmeds.com\/sl\/#\/schema\/logo\/image\/"}}]}},"_links":{"self":[{"href":"https:\/\/gooddealersmeds.com\/sl\/wp-json\/wp\/v2\/product\/1951","targetHints":{"allow":["GET"]}}],"collection":[{"href":"https:\/\/gooddealersmeds.com\/sl\/wp-json\/wp\/v2\/product"}],"about":[{"href":"https:\/\/gooddealersmeds.com\/sl\/wp-json\/wp\/v2\/types\/product"}],"replies":[{"embeddable":true,"href":"https:\/\/gooddealersmeds.com\/sl\/wp-json\/wp\/v2\/comments?post=1951"}],"wp:featuredmedia":[{"embeddable":true,"href":"https:\/\/gooddealersmeds.com\/sl\/wp-json\/wp\/v2\/media\/1963"}],"wp:attachment":[{"href":"https:\/\/gooddealersmeds.com\/sl\/wp-json\/wp\/v2\/media?parent=1951"}],"wp:term":[{"taxonomy":"product_brand","embeddable":true,"href":"https:\/\/gooddealersmeds.com\/sl\/wp-json\/wp\/v2\/product_brand?post=1951"},{"taxonomy":"product_cat","embeddable":true,"href":"https:\/\/gooddealersmeds.com\/sl\/wp-json\/wp\/v2\/product_cat?post=1951"},{"taxonomy":"product_tag","embeddable":true,"href":"https:\/\/gooddealersmeds.com\/sl\/wp-json\/wp\/v2\/product_tag?post=1951"}],"curies":[{"name":"wp","href":"https:\/\/api.w.org\/{rel}","templated":true}]}}