{"id":1944,"date":"2022-07-03T12:27:49","date_gmt":"2022-07-03T12:27:49","guid":{"rendered":"https:\/\/gooddealersmeds.com\/sl\/?post_type=product&#038;p=1944"},"modified":"2022-10-04T00:39:46","modified_gmt":"2022-10-04T00:39:46","slug":"buy-dexedrine-er-pillls-online","status":"publish","type":"product","link":"https:\/\/gooddealersmeds.com\/sl\/product\/buy-dexedrine-er-pillls-online\/","title":{"rendered":"Kupite Dexedrine Are Pills na spletu"},"content":{"rendered":"<p>Kupite Dexedrine na spletu, dostava \u010dez no\u010d je na voljo v vse evropske dr\u017eave. Dexedrine spada v dru\u017eino zdravil, znanih kot stimulansi. Deksedrin (deksamfetamin) je zdravilo, ki se uporablja za zdravljenje motnje pozornosti s hiperaktivnostjo (ADHD) in narkolepsije (zaspanje ob neprimernem \u010dasu brez kakr\u0161nega koli nadzora). Deluje pri zdravljenju narkolepsije tako, da deluje kot mo\u017eganski stimulans. Dexedrine Er Pills lahko kupite v spletni prodaji pri Good Dealers Meds.<\/p>\n<p>To zdravilo se uporablja za zdravljenje ADHD, znanega tudi kot motnja pozornosti in hiperaktivnosti. Deluje tako, da spremeni koncentracije nekaterih naravnih kemikalij v mo\u017eganih. Dekstroamfetamin je vrsta zdravila, znanega kot sr\u010dni spodbujevalnik. To vam lahko pomaga izbolj\u0161ati va\u0161o sposobnost osredoto\u010danja na dejavnost in nadzor nad vedenjskimi te\u017eavami. Lahko vam pomaga tudi pri organizaciji in izbolj\u0161anju va\u0161ih nalog. To zdravilo se uporablja tudi za zdravljenje te\u017eave s spanjem (narkolepsije), ki vam omogo\u010da, da ostanete budni ves dan. Ne sme se ga uporabljati za zdravljenje iz\u010drpanosti ali prepre\u010devanje spanja budnih ljudi, ki nimajo motnje spanja.<\/p>\n<p>Poleg \u017eelenega delovanja lahko to zdravilo povzro\u010di nekatere u\u010dinke, predvsem:<\/p>\n<ul>\n<li>Lahko zmanj\u0161a va\u0161 apetit<\/li>\n<li>Lahko povzro\u010di drisko ali zaprtje, odvisno od osebe<\/li>\n<li>Lahko povzro\u010di glavobole<\/li>\n<li>Lahko povzro\u010di motnje spanja ali nespe\u010dnost<\/li>\n<\/ul>\n<p><a href=\"https:\/\/gooddealersmeds.com\/sl\/product\/buy-dexedrine-er-pills-online\/\">Dexedrine<\/a> Er Tablete, tako kot ve\u010dino farmacevtskih izdelkov, shranjujte pri sobni temperaturi. Hraniti ga je treba na varnem mestu, stran od prekomerne vro\u010dine, vlage in neposredne son\u010dne svetlobe. Prepri\u010dajte se, da so morebitni ostanki pravilno odvr\u017eeni.<\/p>\n<p>To zdravilo jemljite s hrano ali brez nje, obi\u010dajno 1- do 3-krat na dan, kot vam svetuje zdravnik. Prvi odmerek se obi\u010dajno daje takoj zjutraj. \u010ce vam zdravnik predpi\u0161e ve\u010d odmerkov, jih vzemite, kot je navedeno, obi\u010dajno v razmaku 4-6 ur. Jemanje tega zdravila pozno zve\u010der lahko ote\u017ei spanje.<\/p>\n<p>Dexedrine Er tablete (15 mg tablete) lahko kupite na spletu brez recepta (brez RX) pri Good Dealers Meds Online.<\/p>\n","protected":false},"excerpt":{"rendered":"<p>Kupite tablete Dexedrine Er prek spleta brez recepta. Naro\u010dite deksedrin zelo hitro in enostavno. Na\u0161a dostavna slu\u017eba vam bo naro\u010dilo dekstroamfetamina dostavila v najkraj\u0161em mo\u017enem \u010dasu!<\/p>\n","protected":false},"featured_media":1949,"comment_status":"open","ping_status":"closed","template":"","meta":{"inline_featured_image":false},"product_brand":[],"product_cat":[346],"product_tag":[494,495,496,497,498,493,492,501,491,500,499],"class_list":{"0":"post-1944","1":"product","2":"type-product","3":"status-publish","4":"has-post-thumbnail","6":"product_cat-poivila","7":"product_tag-buy-dexedrine-5mg-tablets-online","8":"product_tag-buy-dexedrine-5mg-usa","9":"product_tag-buy-dexedrine-australia","10":"product_tag-dexedrine-5mg-usa","11":"product_tag-dextroamphetamine-5mg-usa","12":"product_tag-buy-dexedrine-5mg-online","13":"product_tag-buy-dexedrine-5mg-canada","14":"product_tag-buy-dexedrine-online","15":"product_tag-kupi-poceni-deksedrin","16":"product_tag-naroite-dexedrine-na-spletu","17":"product_tag-dekstroamfetamin-5mg-prodajalec","19":"first","20":"instock","21":"shipping-taxable","22":"purchasable","23":"product-type-variable","24":"has-default-attributes"},"yoast_head":"<!-- This site is optimized with the Yoast SEO Premium plugin v20.6 (Yoast SEO v27.3) - https:\/\/yoast.com\/product\/yoast-seo-premium-wordpress\/ -->\n<title>Kupite tablete Dexedrine Er na spletu brez recepta | Good Dealers Meds<\/title>\n<meta name=\"description\" content=\"Kupite tablete Dexedrine Er prek spleta brez recepta. Naro\u010dite deksedrin prek spleta v na\u0161i spletni trgovini in si zagotovite zelo hitro dostavo po vsem svetu.\" \/>\n<meta name=\"robots\" content=\"index, follow, max-snippet:-1, max-image-preview:large, max-video-preview:-1\" \/>\n<link rel=\"canonical\" href=\"https:\/\/gooddealersmeds.com\/sl\/product\/buy-dexedrine-er-pillls-online\/\" \/>\n<meta property=\"og:locale\" content=\"en_US\" \/>\n<meta property=\"og:type\" content=\"article\" \/>\n<meta property=\"og:title\" content=\"Kupite Dexedrine Are Pills na spletu\" \/>\n<meta property=\"og:description\" content=\"Kupite tablete Dexedrine Er prek spleta brez recepta. Naro\u010dite deksedrin prek spleta v na\u0161i spletni trgovini in si zagotovite zelo hitro dostavo po vsem svetu.\" \/>\n<meta property=\"og:url\" content=\"https:\/\/gooddealersmeds.com\/sl\/product\/buy-dexedrine-er-pillls-online\/\" \/>\n<meta property=\"og:site_name\" content=\"Good Dealers Meds\" \/>\n<meta property=\"article:modified_time\" content=\"2022-10-04T00:39:46+00:00\" \/>\n<meta property=\"og:image\" content=\"https:\/\/gooddealersmeds.com\/sl\/wp-content\/uploads\/sites\/10\/2022\/07\/Buy-Dexedrine-Er-Pills-Online.png\" \/>\n\t<meta property=\"og:image:width\" content=\"600\" \/>\n\t<meta property=\"og:image:height\" content=\"600\" \/>\n\t<meta property=\"og:image:type\" content=\"image\/png\" \/>\n<meta name=\"twitter:card\" content=\"summary_large_image\" \/>\n<meta name=\"twitter:label1\" content=\"Est. reading time\" \/>\n\t<meta name=\"twitter:data1\" content=\"2 minutes\" \/>\n<script type=\"application\/ld+json\" class=\"yoast-schema-graph\">{\"@context\":\"https:\\\/\\\/schema.org\",\"@graph\":[{\"@type\":\"WebPage\",\"@id\":\"https:\\\/\\\/gooddealersmeds.com\\\/sl\\\/product\\\/buy-dexedrine-er-pillls-online\\\/\",\"url\":\"https:\\\/\\\/gooddealersmeds.com\\\/sl\\\/product\\\/buy-dexedrine-er-pillls-online\\\/\",\"name\":\"Kupite tablete Dexedrine Er na spletu brez recepta | Good Dealers Meds\",\"isPartOf\":{\"@id\":\"https:\\\/\\\/gooddealersmeds.com\\\/sl\\\/#website\"},\"primaryImageOfPage\":{\"@id\":\"https:\\\/\\\/gooddealersmeds.com\\\/sl\\\/product\\\/buy-dexedrine-er-pillls-online\\\/#primaryimage\"},\"image\":{\"@id\":\"https:\\\/\\\/gooddealersmeds.com\\\/sl\\\/product\\\/buy-dexedrine-er-pillls-online\\\/#primaryimage\"},\"thumbnailUrl\":\"https:\\\/\\\/gooddealersmeds.com\\\/sl\\\/wp-content\\\/uploads\\\/sites\\\/10\\\/2022\\\/07\\\/Buy-Dexedrine-Er-Pills-Online.png\",\"datePublished\":\"2022-07-03T12:27:49+00:00\",\"dateModified\":\"2022-10-04T00:39:46+00:00\",\"description\":\"Kupite tablete Dexedrine Er prek spleta brez recepta. Naro\u010dite deksedrin prek spleta v na\u0161i spletni trgovini in si zagotovite zelo hitro dostavo po vsem svetu.\",\"breadcrumb\":{\"@id\":\"https:\\\/\\\/gooddealersmeds.com\\\/sl\\\/product\\\/buy-dexedrine-er-pillls-online\\\/#breadcrumb\"},\"inLanguage\":\"en-US\",\"potentialAction\":[{\"@type\":\"ReadAction\",\"target\":[\"https:\\\/\\\/gooddealersmeds.com\\\/sl\\\/product\\\/buy-dexedrine-er-pillls-online\\\/\"]}]},{\"@type\":\"ImageObject\",\"inLanguage\":\"en-US\",\"@id\":\"https:\\\/\\\/gooddealersmeds.com\\\/sl\\\/product\\\/buy-dexedrine-er-pillls-online\\\/#primaryimage\",\"url\":\"https:\\\/\\\/gooddealersmeds.com\\\/sl\\\/wp-content\\\/uploads\\\/sites\\\/10\\\/2022\\\/07\\\/Buy-Dexedrine-Er-Pills-Online.png\",\"contentUrl\":\"https:\\\/\\\/gooddealersmeds.com\\\/sl\\\/wp-content\\\/uploads\\\/sites\\\/10\\\/2022\\\/07\\\/Buy-Dexedrine-Er-Pills-Online.png\",\"width\":600,\"height\":600,\"caption\":\"Buy Dexedrine Er Pills Online\"},{\"@type\":\"BreadcrumbList\",\"@id\":\"https:\\\/\\\/gooddealersmeds.com\\\/sl\\\/product\\\/buy-dexedrine-er-pillls-online\\\/#breadcrumb\",\"itemListElement\":[{\"@type\":\"ListItem\",\"position\":1,\"name\":\"Home\",\"item\":\"https:\\\/\\\/gooddealersmeds.com\\\/sl\\\/\"},{\"@type\":\"ListItem\",\"position\":2,\"name\":\"Izdelki\",\"item\":\"https:\\\/\\\/gooddealersmeds.com\\\/sl\\\/izdelki\\\/\"},{\"@type\":\"ListItem\",\"position\":3,\"name\":\"Kupite Dexedrine Are Pills na spletu\"}]},{\"@type\":\"WebSite\",\"@id\":\"https:\\\/\\\/gooddealersmeds.com\\\/sl\\\/#website\",\"url\":\"https:\\\/\\\/gooddealersmeds.com\\\/sl\\\/\",\"name\":\"Good Dealers Meds\",\"description\":\"All our best\",\"publisher\":{\"@id\":\"https:\\\/\\\/gooddealersmeds.com\\\/sl\\\/#organization\"},\"potentialAction\":[{\"@type\":\"SearchAction\",\"target\":{\"@type\":\"EntryPoint\",\"urlTemplate\":\"https:\\\/\\\/gooddealersmeds.com\\\/sl\\\/?s={search_term_string}\"},\"query-input\":{\"@type\":\"PropertyValueSpecification\",\"valueRequired\":true,\"valueName\":\"search_term_string\"}}],\"inLanguage\":\"en-US\"},{\"@type\":\"Organization\",\"@id\":\"https:\\\/\\\/gooddealersmeds.com\\\/sl\\\/#organization\",\"name\":\"Good Dealers Meds\",\"url\":\"https:\\\/\\\/gooddealersmeds.com\\\/sl\\\/\",\"logo\":{\"@type\":\"ImageObject\",\"inLanguage\":\"en-US\",\"@id\":\"https:\\\/\\\/gooddealersmeds.com\\\/sl\\\/#\\\/schema\\\/logo\\\/image\\\/\",\"url\":\"https:\\\/\\\/gooddealersmeds.com\\\/sl\\\/wp-content\\\/uploads\\\/sites\\\/10\\\/2022\\\/03\\\/gooddealersmeds__logo__20220317T222800Z.00.png\",\"contentUrl\":\"https:\\\/\\\/gooddealersmeds.com\\\/sl\\\/wp-content\\\/uploads\\\/sites\\\/10\\\/2022\\\/03\\\/gooddealersmeds__logo__20220317T222800Z.00.png\",\"width\":500,\"height\":325,\"caption\":\"Good Dealers Meds\"},\"image\":{\"@id\":\"https:\\\/\\\/gooddealersmeds.com\\\/sl\\\/#\\\/schema\\\/logo\\\/image\\\/\"}}]}<\/script>\n<!-- \/ Yoast SEO Premium plugin. -->","yoast_head_json":{"title":"Kupite tablete Dexedrine Er na spletu brez recepta | Good Dealers Meds","description":"Kupite tablete Dexedrine Er prek spleta brez recepta. Naro\u010dite deksedrin prek spleta v na\u0161i spletni trgovini in si zagotovite zelo hitro dostavo po vsem svetu.","robots":{"index":"index","follow":"follow","max-snippet":"max-snippet:-1","max-image-preview":"max-image-preview:large","max-video-preview":"max-video-preview:-1"},"canonical":"https:\/\/gooddealersmeds.com\/sl\/product\/buy-dexedrine-er-pillls-online\/","og_locale":"en_US","og_type":"article","og_title":"Kupite Dexedrine Are Pills na spletu","og_description":"Kupite tablete Dexedrine Er prek spleta brez recepta. Naro\u010dite deksedrin prek spleta v na\u0161i spletni trgovini in si zagotovite zelo hitro dostavo po vsem svetu.","og_url":"https:\/\/gooddealersmeds.com\/sl\/product\/buy-dexedrine-er-pillls-online\/","og_site_name":"Good Dealers Meds","article_modified_time":"2022-10-04T00:39:46+00:00","og_image":[{"width":600,"height":600,"url":"https:\/\/gooddealersmeds.com\/sl\/wp-content\/uploads\/sites\/10\/2022\/07\/Buy-Dexedrine-Er-Pills-Online.png","type":"image\/png"}],"twitter_card":"summary_large_image","twitter_misc":{"Est. reading time":"2 minutes"},"schema":{"@context":"https:\/\/schema.org","@graph":[{"@type":"WebPage","@id":"https:\/\/gooddealersmeds.com\/sl\/product\/buy-dexedrine-er-pillls-online\/","url":"https:\/\/gooddealersmeds.com\/sl\/product\/buy-dexedrine-er-pillls-online\/","name":"Kupite tablete Dexedrine Er na spletu brez recepta | Good Dealers Meds","isPartOf":{"@id":"https:\/\/gooddealersmeds.com\/sl\/#website"},"primaryImageOfPage":{"@id":"https:\/\/gooddealersmeds.com\/sl\/product\/buy-dexedrine-er-pillls-online\/#primaryimage"},"image":{"@id":"https:\/\/gooddealersmeds.com\/sl\/product\/buy-dexedrine-er-pillls-online\/#primaryimage"},"thumbnailUrl":"https:\/\/gooddealersmeds.com\/sl\/wp-content\/uploads\/sites\/10\/2022\/07\/Buy-Dexedrine-Er-Pills-Online.png","datePublished":"2022-07-03T12:27:49+00:00","dateModified":"2022-10-04T00:39:46+00:00","description":"Kupite tablete Dexedrine Er prek spleta brez recepta. Naro\u010dite deksedrin prek spleta v na\u0161i spletni trgovini in si zagotovite zelo hitro dostavo po vsem svetu.","breadcrumb":{"@id":"https:\/\/gooddealersmeds.com\/sl\/product\/buy-dexedrine-er-pillls-online\/#breadcrumb"},"inLanguage":"en-US","potentialAction":[{"@type":"ReadAction","target":["https:\/\/gooddealersmeds.com\/sl\/product\/buy-dexedrine-er-pillls-online\/"]}]},{"@type":"ImageObject","inLanguage":"en-US","@id":"https:\/\/gooddealersmeds.com\/sl\/product\/buy-dexedrine-er-pillls-online\/#primaryimage","url":"https:\/\/gooddealersmeds.com\/sl\/wp-content\/uploads\/sites\/10\/2022\/07\/Buy-Dexedrine-Er-Pills-Online.png","contentUrl":"https:\/\/gooddealersmeds.com\/sl\/wp-content\/uploads\/sites\/10\/2022\/07\/Buy-Dexedrine-Er-Pills-Online.png","width":600,"height":600,"caption":"Buy Dexedrine Er Pills Online"},{"@type":"BreadcrumbList","@id":"https:\/\/gooddealersmeds.com\/sl\/product\/buy-dexedrine-er-pillls-online\/#breadcrumb","itemListElement":[{"@type":"ListItem","position":1,"name":"Home","item":"https:\/\/gooddealersmeds.com\/sl\/"},{"@type":"ListItem","position":2,"name":"Izdelki","item":"https:\/\/gooddealersmeds.com\/sl\/izdelki\/"},{"@type":"ListItem","position":3,"name":"Kupite Dexedrine Are Pills na spletu"}]},{"@type":"WebSite","@id":"https:\/\/gooddealersmeds.com\/sl\/#website","url":"https:\/\/gooddealersmeds.com\/sl\/","name":"Good Dealers Meds","description":"All our best","publisher":{"@id":"https:\/\/gooddealersmeds.com\/sl\/#organization"},"potentialAction":[{"@type":"SearchAction","target":{"@type":"EntryPoint","urlTemplate":"https:\/\/gooddealersmeds.com\/sl\/?s={search_term_string}"},"query-input":{"@type":"PropertyValueSpecification","valueRequired":true,"valueName":"search_term_string"}}],"inLanguage":"en-US"},{"@type":"Organization","@id":"https:\/\/gooddealersmeds.com\/sl\/#organization","name":"Good Dealers Meds","url":"https:\/\/gooddealersmeds.com\/sl\/","logo":{"@type":"ImageObject","inLanguage":"en-US","@id":"https:\/\/gooddealersmeds.com\/sl\/#\/schema\/logo\/image\/","url":"https:\/\/gooddealersmeds.com\/sl\/wp-content\/uploads\/sites\/10\/2022\/03\/gooddealersmeds__logo__20220317T222800Z.00.png","contentUrl":"https:\/\/gooddealersmeds.com\/sl\/wp-content\/uploads\/sites\/10\/2022\/03\/gooddealersmeds__logo__20220317T222800Z.00.png","width":500,"height":325,"caption":"Good Dealers Meds"},"image":{"@id":"https:\/\/gooddealersmeds.com\/sl\/#\/schema\/logo\/image\/"}}]}},"_links":{"self":[{"href":"https:\/\/gooddealersmeds.com\/sl\/wp-json\/wp\/v2\/product\/1944","targetHints":{"allow":["GET"]}}],"collection":[{"href":"https:\/\/gooddealersmeds.com\/sl\/wp-json\/wp\/v2\/product"}],"about":[{"href":"https:\/\/gooddealersmeds.com\/sl\/wp-json\/wp\/v2\/types\/product"}],"replies":[{"embeddable":true,"href":"https:\/\/gooddealersmeds.com\/sl\/wp-json\/wp\/v2\/comments?post=1944"}],"wp:featuredmedia":[{"embeddable":true,"href":"https:\/\/gooddealersmeds.com\/sl\/wp-json\/wp\/v2\/media\/1949"}],"wp:attachment":[{"href":"https:\/\/gooddealersmeds.com\/sl\/wp-json\/wp\/v2\/media?parent=1944"}],"wp:term":[{"taxonomy":"product_brand","embeddable":true,"href":"https:\/\/gooddealersmeds.com\/sl\/wp-json\/wp\/v2\/product_brand?post=1944"},{"taxonomy":"product_cat","embeddable":true,"href":"https:\/\/gooddealersmeds.com\/sl\/wp-json\/wp\/v2\/product_cat?post=1944"},{"taxonomy":"product_tag","embeddable":true,"href":"https:\/\/gooddealersmeds.com\/sl\/wp-json\/wp\/v2\/product_tag?post=1944"}],"curies":[{"name":"wp","href":"https:\/\/api.w.org\/{rel}","templated":true}]}}