{"id":1938,"date":"2022-07-03T12:27:31","date_gmt":"2022-07-03T12:27:31","guid":{"rendered":"https:\/\/gooddealersmeds.com\/sl\/?post_type=product&#038;p=1938"},"modified":"2022-10-04T00:39:52","modified_gmt":"2022-10-04T00:39:52","slug":"buy-dexedrine-5mg-tablete-na-spletu","status":"publish","type":"product","link":"https:\/\/gooddealersmeds.com\/sl\/product\/buy-dexedrine-5mg-tablete-na-spletu\/","title":{"rendered":"Kupite Dexedrine 5 mg tablete na spletu"},"content":{"rendered":"<p><strong>Kupite tablete Dexedrine 5 mg prek spleta<\/strong><\/p>\n<p><strong>\u00a0<\/strong><\/p>\n<p>Concerta je zdravilo, ki se uporablja za zdravljenje motnje pozornosti in hiperaktivnosti (ADHD). . Je amfetamin, kar pomeni, da deluje tako, da stimulira centralni \u017eiv\u010dni sistem.<\/p>\n<p>Deksedrin vsebuje soli d-amfetamina in se daje peroralno ali z injekcijo. Lahko se jemlje s hrano ali brez nje. Priporo\u010deni odmerek za odrasle je 10 mg enkrat na dan, vendar nekateri ljudje morda potrebujejo ve\u010d ali manj, odvisno od njihovih individualnih potreb. Vendar je treba upo\u0161tevati, da je lahko nevarno, \u010de ga jemljete v ve\u010djih odmerkih, kot vam jih je predpisal zdravnik.<\/p>\n<p>Concerta je na voljo v obliki tablet in se lahko jemlje enkrat na dan. Na voljo je v jakostih od 5 mg do 60 mg na dan. Priporo\u010deni odmerek je odvisen od starosti in te\u017ee, vendar ve\u010dina odraslih jemlje 15 mg dnevno ali manj.<\/p>\n<p>&nbsp;<\/p>\n<p>&nbsp;<\/p>\n<p><strong>Zakaj kupiti Dexedrine 5 mg tablete na spletu?<\/strong><\/p>\n<p>&nbsp;<\/p>\n<p>Razmislite o nakupu zdravil na recept na spletu, \u010de \u017eelite pri njih prihraniti nekaj denarja. Med spletnim nakupom lahko dobite popuste in to je izjemno enostavno. Evo zakaj:<\/p>\n<ul>\n<li>Z nakupom zdravil prek spleta se lahko cene mo\u010dno zni\u017eajo.<\/li>\n<li>Imate ve\u010d mo\u017enosti kot kdaj koli prej, saj lekarne ponujajo vse od generi\u010dnih zdravil do mo\u017enosti blagovnih znamk. <\/li>\n<li>Lekarna ne zahteva, da dolgo \u010dakate v vrsti.<\/li>\n<li>Ni vam treba skrbeti, da bi vas prevarali ali videli nekoga, ki ga poznate, da vam posku\u0161a nekaj prodati.<\/li>\n<\/ul>\n<p>&nbsp;<\/p>\n<p><strong>Kje na spletu naro\u010diti tablete Dexedrine 5 mg?<\/strong><\/p>\n<p>&nbsp;<\/p>\n<p> \u0160tevilne lekarne prodajajo tablete Dexedrine 5mg na spletu, vendar le, \u010de imajo dostop do dobrih in kakovostnih dobaviteljev! Vendar pa je dobra novica ta, da lahko <a href=\"https:\/\/gooddealersmeds.com\/sl\/product\/buy-dexedrine-5mg-pills-online\/\">Dexedrine 5 mg tablete<\/a> kupite tudi prek spleta pri Good Dealers Zdravila.<\/p>\n<p>&nbsp;<\/p>\n<p>Preden nadaljujete s postopkom nakupa, boste prejeli vse podrobnosti o svojem naro\u010dilu, tako da vam ni treba skrbeti!<\/p>\n","protected":false},"excerpt":{"rendered":"<p>Kupite tablete Dexedrine 5 mg prek spleta brez recepta. Naro\u010dite deksedrin zelo hitro in enostavno. Na\u0161a dostavna slu\u017eba vam bo naro\u010dilo dekstroamfetamina dostavila v najkraj\u0161em mo\u017enem \u010dasu!<\/p>\n","protected":false},"featured_media":1943,"comment_status":"open","ping_status":"closed","template":"","meta":{"inline_featured_image":false},"product_brand":[],"product_cat":[346],"product_tag":[494,495,496,497,498,493,492,501,491,500,499],"class_list":{"0":"post-1938","1":"product","2":"type-product","3":"status-publish","4":"has-post-thumbnail","6":"product_cat-poivila","7":"product_tag-buy-dexedrine-5mg-tablets-online","8":"product_tag-buy-dexedrine-5mg-usa","9":"product_tag-buy-dexedrine-australia","10":"product_tag-dexedrine-5mg-usa","11":"product_tag-dextroamphetamine-5mg-usa","12":"product_tag-buy-dexedrine-5mg-online","13":"product_tag-buy-dexedrine-5mg-canada","14":"product_tag-buy-dexedrine-online","15":"product_tag-kupi-poceni-deksedrin","16":"product_tag-naroite-dexedrine-na-spletu","17":"product_tag-dekstroamfetamin-5mg-prodajalec","19":"first","20":"instock","21":"shipping-taxable","22":"purchasable","23":"product-type-variable","24":"has-default-attributes"},"yoast_head":"<!-- This site is optimized with the Yoast SEO Premium plugin v20.6 (Yoast SEO v27.3) - https:\/\/yoast.com\/product\/yoast-seo-premium-wordpress\/ -->\n<title>Kupite Dexedrine 5 mg tablete na spletu | Good Dealers Meds<\/title>\n<meta name=\"description\" content=\"Kupite tablete Dexedrine 5 mg na spletu brez recepta. Naro\u010dite dexedrine in prejmite dostavno slu\u017ebo pred svojimi vrati v najkraj\u0161em mo\u017enem \u010dasu!\" \/>\n<meta name=\"robots\" content=\"index, follow, max-snippet:-1, max-image-preview:large, max-video-preview:-1\" \/>\n<link rel=\"canonical\" href=\"https:\/\/gooddealersmeds.com\/sl\/product\/buy-dexedrine-5mg-tablete-na-spletu\/\" \/>\n<meta property=\"og:locale\" content=\"en_US\" \/>\n<meta property=\"og:type\" content=\"article\" \/>\n<meta property=\"og:title\" content=\"Kupite Dexedrine 5 mg tablete na spletu\" \/>\n<meta property=\"og:description\" content=\"Kupite tablete Dexedrine 5 mg na spletu brez recepta. Naro\u010dite dexedrine in prejmite dostavno slu\u017ebo pred svojimi vrati v najkraj\u0161em mo\u017enem \u010dasu!\" \/>\n<meta property=\"og:url\" content=\"https:\/\/gooddealersmeds.com\/sl\/product\/buy-dexedrine-5mg-tablete-na-spletu\/\" \/>\n<meta property=\"og:site_name\" content=\"Good Dealers Meds\" \/>\n<meta property=\"article:modified_time\" content=\"2022-10-04T00:39:52+00:00\" \/>\n<meta property=\"og:image\" content=\"https:\/\/gooddealersmeds.com\/sl\/wp-content\/uploads\/sites\/10\/2022\/07\/Buy-Dexedrine-5mg-Pills-Online.jpg\" \/>\n\t<meta property=\"og:image:width\" content=\"600\" \/>\n\t<meta property=\"og:image:height\" content=\"600\" \/>\n\t<meta property=\"og:image:type\" content=\"image\/jpeg\" \/>\n<meta name=\"twitter:card\" content=\"summary_large_image\" \/>\n<meta name=\"twitter:label1\" content=\"Est. reading time\" \/>\n\t<meta name=\"twitter:data1\" content=\"2 minutes\" \/>\n<script type=\"application\/ld+json\" class=\"yoast-schema-graph\">{\"@context\":\"https:\\\/\\\/schema.org\",\"@graph\":[{\"@type\":\"WebPage\",\"@id\":\"https:\\\/\\\/gooddealersmeds.com\\\/sl\\\/product\\\/buy-dexedrine-5mg-tablete-na-spletu\\\/\",\"url\":\"https:\\\/\\\/gooddealersmeds.com\\\/sl\\\/product\\\/buy-dexedrine-5mg-tablete-na-spletu\\\/\",\"name\":\"Kupite Dexedrine 5 mg tablete na spletu | Good Dealers Meds\",\"isPartOf\":{\"@id\":\"https:\\\/\\\/gooddealersmeds.com\\\/sl\\\/#website\"},\"primaryImageOfPage\":{\"@id\":\"https:\\\/\\\/gooddealersmeds.com\\\/sl\\\/product\\\/buy-dexedrine-5mg-tablete-na-spletu\\\/#primaryimage\"},\"image\":{\"@id\":\"https:\\\/\\\/gooddealersmeds.com\\\/sl\\\/product\\\/buy-dexedrine-5mg-tablete-na-spletu\\\/#primaryimage\"},\"thumbnailUrl\":\"https:\\\/\\\/gooddealersmeds.com\\\/sl\\\/wp-content\\\/uploads\\\/sites\\\/10\\\/2022\\\/07\\\/Buy-Dexedrine-5mg-Pills-Online.jpg\",\"datePublished\":\"2022-07-03T12:27:31+00:00\",\"dateModified\":\"2022-10-04T00:39:52+00:00\",\"description\":\"Kupite tablete Dexedrine 5 mg na spletu brez recepta. Naro\u010dite dexedrine in prejmite dostavno slu\u017ebo pred svojimi vrati v najkraj\u0161em mo\u017enem \u010dasu!\",\"breadcrumb\":{\"@id\":\"https:\\\/\\\/gooddealersmeds.com\\\/sl\\\/product\\\/buy-dexedrine-5mg-tablete-na-spletu\\\/#breadcrumb\"},\"inLanguage\":\"en-US\",\"potentialAction\":[{\"@type\":\"ReadAction\",\"target\":[\"https:\\\/\\\/gooddealersmeds.com\\\/sl\\\/product\\\/buy-dexedrine-5mg-tablete-na-spletu\\\/\"]}]},{\"@type\":\"ImageObject\",\"inLanguage\":\"en-US\",\"@id\":\"https:\\\/\\\/gooddealersmeds.com\\\/sl\\\/product\\\/buy-dexedrine-5mg-tablete-na-spletu\\\/#primaryimage\",\"url\":\"https:\\\/\\\/gooddealersmeds.com\\\/sl\\\/wp-content\\\/uploads\\\/sites\\\/10\\\/2022\\\/07\\\/Buy-Dexedrine-5mg-Pills-Online.jpg\",\"contentUrl\":\"https:\\\/\\\/gooddealersmeds.com\\\/sl\\\/wp-content\\\/uploads\\\/sites\\\/10\\\/2022\\\/07\\\/Buy-Dexedrine-5mg-Pills-Online.jpg\",\"width\":600,\"height\":600,\"caption\":\"Buy Dexedrine 5mg Pills\"},{\"@type\":\"BreadcrumbList\",\"@id\":\"https:\\\/\\\/gooddealersmeds.com\\\/sl\\\/product\\\/buy-dexedrine-5mg-tablete-na-spletu\\\/#breadcrumb\",\"itemListElement\":[{\"@type\":\"ListItem\",\"position\":1,\"name\":\"Home\",\"item\":\"https:\\\/\\\/gooddealersmeds.com\\\/sl\\\/\"},{\"@type\":\"ListItem\",\"position\":2,\"name\":\"Izdelki\",\"item\":\"https:\\\/\\\/gooddealersmeds.com\\\/sl\\\/izdelki\\\/\"},{\"@type\":\"ListItem\",\"position\":3,\"name\":\"Kupite Dexedrine 5 mg tablete na spletu\"}]},{\"@type\":\"WebSite\",\"@id\":\"https:\\\/\\\/gooddealersmeds.com\\\/sl\\\/#website\",\"url\":\"https:\\\/\\\/gooddealersmeds.com\\\/sl\\\/\",\"name\":\"Good Dealers Meds\",\"description\":\"All our best\",\"publisher\":{\"@id\":\"https:\\\/\\\/gooddealersmeds.com\\\/sl\\\/#organization\"},\"potentialAction\":[{\"@type\":\"SearchAction\",\"target\":{\"@type\":\"EntryPoint\",\"urlTemplate\":\"https:\\\/\\\/gooddealersmeds.com\\\/sl\\\/?s={search_term_string}\"},\"query-input\":{\"@type\":\"PropertyValueSpecification\",\"valueRequired\":true,\"valueName\":\"search_term_string\"}}],\"inLanguage\":\"en-US\"},{\"@type\":\"Organization\",\"@id\":\"https:\\\/\\\/gooddealersmeds.com\\\/sl\\\/#organization\",\"name\":\"Good Dealers Meds\",\"url\":\"https:\\\/\\\/gooddealersmeds.com\\\/sl\\\/\",\"logo\":{\"@type\":\"ImageObject\",\"inLanguage\":\"en-US\",\"@id\":\"https:\\\/\\\/gooddealersmeds.com\\\/sl\\\/#\\\/schema\\\/logo\\\/image\\\/\",\"url\":\"https:\\\/\\\/gooddealersmeds.com\\\/sl\\\/wp-content\\\/uploads\\\/sites\\\/10\\\/2022\\\/03\\\/gooddealersmeds__logo__20220317T222800Z.00.png\",\"contentUrl\":\"https:\\\/\\\/gooddealersmeds.com\\\/sl\\\/wp-content\\\/uploads\\\/sites\\\/10\\\/2022\\\/03\\\/gooddealersmeds__logo__20220317T222800Z.00.png\",\"width\":500,\"height\":325,\"caption\":\"Good Dealers Meds\"},\"image\":{\"@id\":\"https:\\\/\\\/gooddealersmeds.com\\\/sl\\\/#\\\/schema\\\/logo\\\/image\\\/\"}}]}<\/script>\n<!-- \/ Yoast SEO Premium plugin. -->","yoast_head_json":{"title":"Kupite Dexedrine 5 mg tablete na spletu | Good Dealers Meds","description":"Kupite tablete Dexedrine 5 mg na spletu brez recepta. Naro\u010dite dexedrine in prejmite dostavno slu\u017ebo pred svojimi vrati v najkraj\u0161em mo\u017enem \u010dasu!","robots":{"index":"index","follow":"follow","max-snippet":"max-snippet:-1","max-image-preview":"max-image-preview:large","max-video-preview":"max-video-preview:-1"},"canonical":"https:\/\/gooddealersmeds.com\/sl\/product\/buy-dexedrine-5mg-tablete-na-spletu\/","og_locale":"en_US","og_type":"article","og_title":"Kupite Dexedrine 5 mg tablete na spletu","og_description":"Kupite tablete Dexedrine 5 mg na spletu brez recepta. Naro\u010dite dexedrine in prejmite dostavno slu\u017ebo pred svojimi vrati v najkraj\u0161em mo\u017enem \u010dasu!","og_url":"https:\/\/gooddealersmeds.com\/sl\/product\/buy-dexedrine-5mg-tablete-na-spletu\/","og_site_name":"Good Dealers Meds","article_modified_time":"2022-10-04T00:39:52+00:00","og_image":[{"width":600,"height":600,"url":"https:\/\/gooddealersmeds.com\/sl\/wp-content\/uploads\/sites\/10\/2022\/07\/Buy-Dexedrine-5mg-Pills-Online.jpg","type":"image\/jpeg"}],"twitter_card":"summary_large_image","twitter_misc":{"Est. reading time":"2 minutes"},"schema":{"@context":"https:\/\/schema.org","@graph":[{"@type":"WebPage","@id":"https:\/\/gooddealersmeds.com\/sl\/product\/buy-dexedrine-5mg-tablete-na-spletu\/","url":"https:\/\/gooddealersmeds.com\/sl\/product\/buy-dexedrine-5mg-tablete-na-spletu\/","name":"Kupite Dexedrine 5 mg tablete na spletu | Good Dealers Meds","isPartOf":{"@id":"https:\/\/gooddealersmeds.com\/sl\/#website"},"primaryImageOfPage":{"@id":"https:\/\/gooddealersmeds.com\/sl\/product\/buy-dexedrine-5mg-tablete-na-spletu\/#primaryimage"},"image":{"@id":"https:\/\/gooddealersmeds.com\/sl\/product\/buy-dexedrine-5mg-tablete-na-spletu\/#primaryimage"},"thumbnailUrl":"https:\/\/gooddealersmeds.com\/sl\/wp-content\/uploads\/sites\/10\/2022\/07\/Buy-Dexedrine-5mg-Pills-Online.jpg","datePublished":"2022-07-03T12:27:31+00:00","dateModified":"2022-10-04T00:39:52+00:00","description":"Kupite tablete Dexedrine 5 mg na spletu brez recepta. Naro\u010dite dexedrine in prejmite dostavno slu\u017ebo pred svojimi vrati v najkraj\u0161em mo\u017enem \u010dasu!","breadcrumb":{"@id":"https:\/\/gooddealersmeds.com\/sl\/product\/buy-dexedrine-5mg-tablete-na-spletu\/#breadcrumb"},"inLanguage":"en-US","potentialAction":[{"@type":"ReadAction","target":["https:\/\/gooddealersmeds.com\/sl\/product\/buy-dexedrine-5mg-tablete-na-spletu\/"]}]},{"@type":"ImageObject","inLanguage":"en-US","@id":"https:\/\/gooddealersmeds.com\/sl\/product\/buy-dexedrine-5mg-tablete-na-spletu\/#primaryimage","url":"https:\/\/gooddealersmeds.com\/sl\/wp-content\/uploads\/sites\/10\/2022\/07\/Buy-Dexedrine-5mg-Pills-Online.jpg","contentUrl":"https:\/\/gooddealersmeds.com\/sl\/wp-content\/uploads\/sites\/10\/2022\/07\/Buy-Dexedrine-5mg-Pills-Online.jpg","width":600,"height":600,"caption":"Buy Dexedrine 5mg Pills"},{"@type":"BreadcrumbList","@id":"https:\/\/gooddealersmeds.com\/sl\/product\/buy-dexedrine-5mg-tablete-na-spletu\/#breadcrumb","itemListElement":[{"@type":"ListItem","position":1,"name":"Home","item":"https:\/\/gooddealersmeds.com\/sl\/"},{"@type":"ListItem","position":2,"name":"Izdelki","item":"https:\/\/gooddealersmeds.com\/sl\/izdelki\/"},{"@type":"ListItem","position":3,"name":"Kupite Dexedrine 5 mg tablete na spletu"}]},{"@type":"WebSite","@id":"https:\/\/gooddealersmeds.com\/sl\/#website","url":"https:\/\/gooddealersmeds.com\/sl\/","name":"Good Dealers Meds","description":"All our best","publisher":{"@id":"https:\/\/gooddealersmeds.com\/sl\/#organization"},"potentialAction":[{"@type":"SearchAction","target":{"@type":"EntryPoint","urlTemplate":"https:\/\/gooddealersmeds.com\/sl\/?s={search_term_string}"},"query-input":{"@type":"PropertyValueSpecification","valueRequired":true,"valueName":"search_term_string"}}],"inLanguage":"en-US"},{"@type":"Organization","@id":"https:\/\/gooddealersmeds.com\/sl\/#organization","name":"Good Dealers Meds","url":"https:\/\/gooddealersmeds.com\/sl\/","logo":{"@type":"ImageObject","inLanguage":"en-US","@id":"https:\/\/gooddealersmeds.com\/sl\/#\/schema\/logo\/image\/","url":"https:\/\/gooddealersmeds.com\/sl\/wp-content\/uploads\/sites\/10\/2022\/03\/gooddealersmeds__logo__20220317T222800Z.00.png","contentUrl":"https:\/\/gooddealersmeds.com\/sl\/wp-content\/uploads\/sites\/10\/2022\/03\/gooddealersmeds__logo__20220317T222800Z.00.png","width":500,"height":325,"caption":"Good Dealers Meds"},"image":{"@id":"https:\/\/gooddealersmeds.com\/sl\/#\/schema\/logo\/image\/"}}]}},"_links":{"self":[{"href":"https:\/\/gooddealersmeds.com\/sl\/wp-json\/wp\/v2\/product\/1938","targetHints":{"allow":["GET"]}}],"collection":[{"href":"https:\/\/gooddealersmeds.com\/sl\/wp-json\/wp\/v2\/product"}],"about":[{"href":"https:\/\/gooddealersmeds.com\/sl\/wp-json\/wp\/v2\/types\/product"}],"replies":[{"embeddable":true,"href":"https:\/\/gooddealersmeds.com\/sl\/wp-json\/wp\/v2\/comments?post=1938"}],"wp:featuredmedia":[{"embeddable":true,"href":"https:\/\/gooddealersmeds.com\/sl\/wp-json\/wp\/v2\/media\/1943"}],"wp:attachment":[{"href":"https:\/\/gooddealersmeds.com\/sl\/wp-json\/wp\/v2\/media?parent=1938"}],"wp:term":[{"taxonomy":"product_brand","embeddable":true,"href":"https:\/\/gooddealersmeds.com\/sl\/wp-json\/wp\/v2\/product_brand?post=1938"},{"taxonomy":"product_cat","embeddable":true,"href":"https:\/\/gooddealersmeds.com\/sl\/wp-json\/wp\/v2\/product_cat?post=1938"},{"taxonomy":"product_tag","embeddable":true,"href":"https:\/\/gooddealersmeds.com\/sl\/wp-json\/wp\/v2\/product_tag?post=1938"}],"curies":[{"name":"wp","href":"https:\/\/api.w.org\/{rel}","templated":true}]}}