{"id":1932,"date":"2022-07-03T12:18:16","date_gmt":"2022-07-03T12:18:16","guid":{"rendered":"https:\/\/gooddealersmeds.com\/sl\/?post_type=product&#038;p=1932"},"modified":"2022-10-04T00:40:01","modified_gmt":"2022-10-04T00:40:01","slug":"4-fea-zdravila","status":"publish","type":"product","link":"https:\/\/gooddealersmeds.com\/sl\/product\/4-fea-zdravila\/","title":{"rendered":"Kupite zdravila 4-FEA na spletu"},"content":{"rendered":"<p><strong>Kupite zdravila 4-FEA na spletu <\/strong><\/p>\n<p>Kortikosteroidi so skupina zdravil, ki se \u017ee leta uporabljajo za zdravljenje vseh vrst bolezni, vklju\u010dno z astmo in alergijskimi reakcijami. Uporabljajo se tudi za zdravljenje bipolarne motnje in drugih du\u0161evnih stanj.<\/p>\n<p>Toda zdaj je na voljo nova generacija kortikosteroidov \u2013 in je varnej\u0161a kot kdaj koli prej! Ta novej\u0161a generacija prihaja v obliki <a href=\"https:\/\/gooddealersmeds.com\/sl\/product\/4-fea-drugs\/\">zdravil 4-FEA<\/a>. Ta zdravila so zasnovana tako, da so la\u017eja za va\u0161e telo kot drugi tradicionalni kortikosteroidi, zato jih lahko uporabljate brez skrbi za stranske u\u010dinke.<\/p>\n<p>Spra\u0161ujete se, &#8220;Kako delujejo zdravila 4-FEA?&#8221;<\/p>\n<p>4-FEA zdravila delujejo tako, da zmanj\u0161ajo vnetje v telesu. Prav tako zmanj\u0161ajo otekline in pomagajo va\u0161emu imunskemu sistemu pri boju proti oku\u017ebam. Ker nimajo enakih stranskih u\u010dinkov kot druge mo\u017enosti zdravljenja z zdravili, so kot nala\u0161\u010d za ljudi, ki \u017eelijo nekaj, kar deluje hitro, ne da bi povzro\u010dalo bole\u010dino ali nelagodje.<\/p>\n<p>&nbsp;<\/p>\n<p><strong>Zakaj naro\u010diti 4-FEA Drugs prek spleta?<\/strong><\/p>\n<p>&nbsp;<\/p>\n<p>Z nakupom 4-FEA Drugs prek spleta ni nobenih tveganj, ki bi lahko bila tam, ko jih kupite osebno.<\/p>\n<p>Nakup zdravil 4-FEA na spletu je morda cenej\u0161i od nakupa v pisarni ali lekarni. Ko nakupujete za cene 4-FEA Drugs, primerjajte razli\u010dna spletna mesta in si oglejte, kaj ponujajo.<\/p>\n<p>Ko kupite 4-FEA Drugs prek spleta, lahko dostopate do vseh svojih zdravil hkrati. \u0160e posebej, \u010de se te\u017eko spomnite, kdaj vam je treba izdati recept, vam ni ve\u010d treba obiskovati ve\u010d lekarn, da bi dobili zdravila.<\/p>\n<p>&nbsp;<\/p>\n<p><strong>Kje kupiti 4 &#8211; FEA zdravila na spletu?<\/strong><\/p>\n<p>&nbsp;<\/p>\n<p>Zdravila 4-FEA lahko kupite na spletu pri Good Dealers Meds po dostopnih cenah. Ponujamo vam najbolj\u0161e cene za va\u0161 nakup in poskrbimo za vse, kar bi radi videli pri spletnem nakupu zdravil: kakovost, udobje in zasebnost, na primer.<\/p>\n","protected":false},"excerpt":{"rendered":"<p>Kupite 4-FEA drugs online je stimulans, povezan z metamfetaminom in 4-fluoroamfetaminom. Poro\u010dali so, da se prodaja kot dizajnerska droga, vendar je malo znanega o njegovi farmakologiji ali toksikologiji.<\/p>\n","protected":false},"featured_media":1937,"comment_status":"open","ping_status":"closed","template":"","meta":{"inline_featured_image":false},"product_brand":[],"product_cat":[344],"product_tag":[],"class_list":{"0":"post-1932","1":"product","2":"type-product","3":"status-publish","4":"has-post-thumbnail","6":"product_cat-raziskave-kemikalije","8":"first","9":"instock","10":"shipping-taxable","11":"purchasable","12":"product-type-variable","13":"has-default-attributes"},"yoast_head":"<!-- This site is optimized with the Yoast SEO Premium plugin v20.6 (Yoast SEO v27.3) - https:\/\/yoast.com\/product\/yoast-seo-premium-wordpress\/ -->\n<title>Kupite zdravila 4-FEA na spletu \u2013 zdravila najbolj\u0161e kakovosti | Good Dealers Meds<\/title>\n<meta name=\"description\" content=\"Buy 4-FEA drugs online je stimulans, povezan z metamfetaminom in 4-fluoroamfetaminom podjetja Good Dealers Meds. 4-FEA zdravila naprodaj\" \/>\n<meta name=\"robots\" content=\"index, follow, max-snippet:-1, max-image-preview:large, max-video-preview:-1\" \/>\n<link rel=\"canonical\" href=\"https:\/\/gooddealersmeds.com\/sl\/product\/4-fea-zdravila\/\" \/>\n<meta property=\"og:locale\" content=\"en_US\" \/>\n<meta property=\"og:type\" content=\"article\" \/>\n<meta property=\"og:title\" content=\"Kupite zdravila 4-FEA na spletu\" \/>\n<meta property=\"og:description\" content=\"Buy 4-FEA drugs online je stimulans, povezan z metamfetaminom in 4-fluoroamfetaminom podjetja Good Dealers Meds. 4-FEA zdravila naprodaj\" \/>\n<meta property=\"og:url\" content=\"https:\/\/gooddealersmeds.com\/sl\/product\/4-fea-zdravila\/\" \/>\n<meta property=\"og:site_name\" content=\"Good Dealers Meds\" \/>\n<meta property=\"article:modified_time\" content=\"2022-10-04T00:40:01+00:00\" \/>\n<meta property=\"og:image\" content=\"https:\/\/gooddealersmeds.com\/sl\/wp-content\/uploads\/sites\/10\/2022\/07\/4-FEA-Drugs.jpg\" \/>\n\t<meta property=\"og:image:width\" content=\"600\" \/>\n\t<meta property=\"og:image:height\" content=\"600\" \/>\n\t<meta property=\"og:image:type\" content=\"image\/jpeg\" \/>\n<meta name=\"twitter:card\" content=\"summary_large_image\" \/>\n<meta name=\"twitter:label1\" content=\"Est. reading time\" \/>\n\t<meta name=\"twitter:data1\" content=\"1 minute\" \/>\n<script type=\"application\/ld+json\" class=\"yoast-schema-graph\">{\"@context\":\"https:\\\/\\\/schema.org\",\"@graph\":[{\"@type\":\"WebPage\",\"@id\":\"https:\\\/\\\/gooddealersmeds.com\\\/sl\\\/product\\\/4-fea-zdravila\\\/\",\"url\":\"https:\\\/\\\/gooddealersmeds.com\\\/sl\\\/product\\\/4-fea-zdravila\\\/\",\"name\":\"Kupite zdravila 4-FEA na spletu \u2013 zdravila najbolj\u0161e kakovosti | Good Dealers Meds\",\"isPartOf\":{\"@id\":\"https:\\\/\\\/gooddealersmeds.com\\\/sl\\\/#website\"},\"primaryImageOfPage\":{\"@id\":\"https:\\\/\\\/gooddealersmeds.com\\\/sl\\\/product\\\/4-fea-zdravila\\\/#primaryimage\"},\"image\":{\"@id\":\"https:\\\/\\\/gooddealersmeds.com\\\/sl\\\/product\\\/4-fea-zdravila\\\/#primaryimage\"},\"thumbnailUrl\":\"https:\\\/\\\/gooddealersmeds.com\\\/sl\\\/wp-content\\\/uploads\\\/sites\\\/10\\\/2022\\\/07\\\/4-FEA-Drugs.jpg\",\"datePublished\":\"2022-07-03T12:18:16+00:00\",\"dateModified\":\"2022-10-04T00:40:01+00:00\",\"description\":\"Buy 4-FEA drugs online je stimulans, povezan z metamfetaminom in 4-fluoroamfetaminom podjetja Good Dealers Meds. 4-FEA zdravila naprodaj\",\"breadcrumb\":{\"@id\":\"https:\\\/\\\/gooddealersmeds.com\\\/sl\\\/product\\\/4-fea-zdravila\\\/#breadcrumb\"},\"inLanguage\":\"en-US\",\"potentialAction\":[{\"@type\":\"ReadAction\",\"target\":[\"https:\\\/\\\/gooddealersmeds.com\\\/sl\\\/product\\\/4-fea-zdravila\\\/\"]}]},{\"@type\":\"ImageObject\",\"inLanguage\":\"en-US\",\"@id\":\"https:\\\/\\\/gooddealersmeds.com\\\/sl\\\/product\\\/4-fea-zdravila\\\/#primaryimage\",\"url\":\"https:\\\/\\\/gooddealersmeds.com\\\/sl\\\/wp-content\\\/uploads\\\/sites\\\/10\\\/2022\\\/07\\\/4-FEA-Drugs.jpg\",\"contentUrl\":\"https:\\\/\\\/gooddealersmeds.com\\\/sl\\\/wp-content\\\/uploads\\\/sites\\\/10\\\/2022\\\/07\\\/4-FEA-Drugs.jpg\",\"width\":600,\"height\":600,\"caption\":\"4-FEA Drugs\"},{\"@type\":\"BreadcrumbList\",\"@id\":\"https:\\\/\\\/gooddealersmeds.com\\\/sl\\\/product\\\/4-fea-zdravila\\\/#breadcrumb\",\"itemListElement\":[{\"@type\":\"ListItem\",\"position\":1,\"name\":\"Home\",\"item\":\"https:\\\/\\\/gooddealersmeds.com\\\/sl\\\/\"},{\"@type\":\"ListItem\",\"position\":2,\"name\":\"Izdelki\",\"item\":\"https:\\\/\\\/gooddealersmeds.com\\\/sl\\\/izdelki\\\/\"},{\"@type\":\"ListItem\",\"position\":3,\"name\":\"Kupite zdravila 4-FEA na spletu\"}]},{\"@type\":\"WebSite\",\"@id\":\"https:\\\/\\\/gooddealersmeds.com\\\/sl\\\/#website\",\"url\":\"https:\\\/\\\/gooddealersmeds.com\\\/sl\\\/\",\"name\":\"Good Dealers Meds\",\"description\":\"All our best\",\"publisher\":{\"@id\":\"https:\\\/\\\/gooddealersmeds.com\\\/sl\\\/#organization\"},\"potentialAction\":[{\"@type\":\"SearchAction\",\"target\":{\"@type\":\"EntryPoint\",\"urlTemplate\":\"https:\\\/\\\/gooddealersmeds.com\\\/sl\\\/?s={search_term_string}\"},\"query-input\":{\"@type\":\"PropertyValueSpecification\",\"valueRequired\":true,\"valueName\":\"search_term_string\"}}],\"inLanguage\":\"en-US\"},{\"@type\":\"Organization\",\"@id\":\"https:\\\/\\\/gooddealersmeds.com\\\/sl\\\/#organization\",\"name\":\"Good Dealers Meds\",\"url\":\"https:\\\/\\\/gooddealersmeds.com\\\/sl\\\/\",\"logo\":{\"@type\":\"ImageObject\",\"inLanguage\":\"en-US\",\"@id\":\"https:\\\/\\\/gooddealersmeds.com\\\/sl\\\/#\\\/schema\\\/logo\\\/image\\\/\",\"url\":\"https:\\\/\\\/gooddealersmeds.com\\\/sl\\\/wp-content\\\/uploads\\\/sites\\\/10\\\/2022\\\/03\\\/gooddealersmeds__logo__20220317T222800Z.00.png\",\"contentUrl\":\"https:\\\/\\\/gooddealersmeds.com\\\/sl\\\/wp-content\\\/uploads\\\/sites\\\/10\\\/2022\\\/03\\\/gooddealersmeds__logo__20220317T222800Z.00.png\",\"width\":500,\"height\":325,\"caption\":\"Good Dealers Meds\"},\"image\":{\"@id\":\"https:\\\/\\\/gooddealersmeds.com\\\/sl\\\/#\\\/schema\\\/logo\\\/image\\\/\"}}]}<\/script>\n<!-- \/ Yoast SEO Premium plugin. -->","yoast_head_json":{"title":"Kupite zdravila 4-FEA na spletu \u2013 zdravila najbolj\u0161e kakovosti | Good Dealers Meds","description":"Buy 4-FEA drugs online je stimulans, povezan z metamfetaminom in 4-fluoroamfetaminom podjetja Good Dealers Meds. 4-FEA zdravila naprodaj","robots":{"index":"index","follow":"follow","max-snippet":"max-snippet:-1","max-image-preview":"max-image-preview:large","max-video-preview":"max-video-preview:-1"},"canonical":"https:\/\/gooddealersmeds.com\/sl\/product\/4-fea-zdravila\/","og_locale":"en_US","og_type":"article","og_title":"Kupite zdravila 4-FEA na spletu","og_description":"Buy 4-FEA drugs online je stimulans, povezan z metamfetaminom in 4-fluoroamfetaminom podjetja Good Dealers Meds. 4-FEA zdravila naprodaj","og_url":"https:\/\/gooddealersmeds.com\/sl\/product\/4-fea-zdravila\/","og_site_name":"Good Dealers Meds","article_modified_time":"2022-10-04T00:40:01+00:00","og_image":[{"width":600,"height":600,"url":"https:\/\/gooddealersmeds.com\/sl\/wp-content\/uploads\/sites\/10\/2022\/07\/4-FEA-Drugs.jpg","type":"image\/jpeg"}],"twitter_card":"summary_large_image","twitter_misc":{"Est. reading time":"1 minute"},"schema":{"@context":"https:\/\/schema.org","@graph":[{"@type":"WebPage","@id":"https:\/\/gooddealersmeds.com\/sl\/product\/4-fea-zdravila\/","url":"https:\/\/gooddealersmeds.com\/sl\/product\/4-fea-zdravila\/","name":"Kupite zdravila 4-FEA na spletu \u2013 zdravila najbolj\u0161e kakovosti | Good Dealers Meds","isPartOf":{"@id":"https:\/\/gooddealersmeds.com\/sl\/#website"},"primaryImageOfPage":{"@id":"https:\/\/gooddealersmeds.com\/sl\/product\/4-fea-zdravila\/#primaryimage"},"image":{"@id":"https:\/\/gooddealersmeds.com\/sl\/product\/4-fea-zdravila\/#primaryimage"},"thumbnailUrl":"https:\/\/gooddealersmeds.com\/sl\/wp-content\/uploads\/sites\/10\/2022\/07\/4-FEA-Drugs.jpg","datePublished":"2022-07-03T12:18:16+00:00","dateModified":"2022-10-04T00:40:01+00:00","description":"Buy 4-FEA drugs online je stimulans, povezan z metamfetaminom in 4-fluoroamfetaminom podjetja Good Dealers Meds. 4-FEA zdravila naprodaj","breadcrumb":{"@id":"https:\/\/gooddealersmeds.com\/sl\/product\/4-fea-zdravila\/#breadcrumb"},"inLanguage":"en-US","potentialAction":[{"@type":"ReadAction","target":["https:\/\/gooddealersmeds.com\/sl\/product\/4-fea-zdravila\/"]}]},{"@type":"ImageObject","inLanguage":"en-US","@id":"https:\/\/gooddealersmeds.com\/sl\/product\/4-fea-zdravila\/#primaryimage","url":"https:\/\/gooddealersmeds.com\/sl\/wp-content\/uploads\/sites\/10\/2022\/07\/4-FEA-Drugs.jpg","contentUrl":"https:\/\/gooddealersmeds.com\/sl\/wp-content\/uploads\/sites\/10\/2022\/07\/4-FEA-Drugs.jpg","width":600,"height":600,"caption":"4-FEA Drugs"},{"@type":"BreadcrumbList","@id":"https:\/\/gooddealersmeds.com\/sl\/product\/4-fea-zdravila\/#breadcrumb","itemListElement":[{"@type":"ListItem","position":1,"name":"Home","item":"https:\/\/gooddealersmeds.com\/sl\/"},{"@type":"ListItem","position":2,"name":"Izdelki","item":"https:\/\/gooddealersmeds.com\/sl\/izdelki\/"},{"@type":"ListItem","position":3,"name":"Kupite zdravila 4-FEA na spletu"}]},{"@type":"WebSite","@id":"https:\/\/gooddealersmeds.com\/sl\/#website","url":"https:\/\/gooddealersmeds.com\/sl\/","name":"Good Dealers Meds","description":"All our best","publisher":{"@id":"https:\/\/gooddealersmeds.com\/sl\/#organization"},"potentialAction":[{"@type":"SearchAction","target":{"@type":"EntryPoint","urlTemplate":"https:\/\/gooddealersmeds.com\/sl\/?s={search_term_string}"},"query-input":{"@type":"PropertyValueSpecification","valueRequired":true,"valueName":"search_term_string"}}],"inLanguage":"en-US"},{"@type":"Organization","@id":"https:\/\/gooddealersmeds.com\/sl\/#organization","name":"Good Dealers Meds","url":"https:\/\/gooddealersmeds.com\/sl\/","logo":{"@type":"ImageObject","inLanguage":"en-US","@id":"https:\/\/gooddealersmeds.com\/sl\/#\/schema\/logo\/image\/","url":"https:\/\/gooddealersmeds.com\/sl\/wp-content\/uploads\/sites\/10\/2022\/03\/gooddealersmeds__logo__20220317T222800Z.00.png","contentUrl":"https:\/\/gooddealersmeds.com\/sl\/wp-content\/uploads\/sites\/10\/2022\/03\/gooddealersmeds__logo__20220317T222800Z.00.png","width":500,"height":325,"caption":"Good Dealers Meds"},"image":{"@id":"https:\/\/gooddealersmeds.com\/sl\/#\/schema\/logo\/image\/"}}]}},"_links":{"self":[{"href":"https:\/\/gooddealersmeds.com\/sl\/wp-json\/wp\/v2\/product\/1932","targetHints":{"allow":["GET"]}}],"collection":[{"href":"https:\/\/gooddealersmeds.com\/sl\/wp-json\/wp\/v2\/product"}],"about":[{"href":"https:\/\/gooddealersmeds.com\/sl\/wp-json\/wp\/v2\/types\/product"}],"replies":[{"embeddable":true,"href":"https:\/\/gooddealersmeds.com\/sl\/wp-json\/wp\/v2\/comments?post=1932"}],"wp:featuredmedia":[{"embeddable":true,"href":"https:\/\/gooddealersmeds.com\/sl\/wp-json\/wp\/v2\/media\/1937"}],"wp:attachment":[{"href":"https:\/\/gooddealersmeds.com\/sl\/wp-json\/wp\/v2\/media?parent=1932"}],"wp:term":[{"taxonomy":"product_brand","embeddable":true,"href":"https:\/\/gooddealersmeds.com\/sl\/wp-json\/wp\/v2\/product_brand?post=1932"},{"taxonomy":"product_cat","embeddable":true,"href":"https:\/\/gooddealersmeds.com\/sl\/wp-json\/wp\/v2\/product_cat?post=1932"},{"taxonomy":"product_tag","embeddable":true,"href":"https:\/\/gooddealersmeds.com\/sl\/wp-json\/wp\/v2\/product_tag?post=1932"}],"curies":[{"name":"wp","href":"https:\/\/api.w.org\/{rel}","templated":true}]}}