{"id":1925,"date":"2022-07-03T12:14:01","date_gmt":"2022-07-03T12:14:01","guid":{"rendered":"https:\/\/gooddealersmeds.com\/sl\/?post_type=product&#038;p=1925"},"modified":"2022-10-04T00:40:09","modified_gmt":"2022-10-04T00:40:09","slug":"2-okso-pce-zdravila","status":"publish","type":"product","link":"https:\/\/gooddealersmeds.com\/sl\/product\/2-okso-pce-zdravila\/","title":{"rendered":"Naro\u010dite 2 Oxo Pce zdravila"},"content":{"rendered":"<p><strong>Kupite 2 zdravili Oxo Pce prek spleta<\/strong><\/p>\n<p>Zdravila Oxo Pce so vrsta zdravila, ki se lahko uporablja za zdravljenje nizkega krvnega sladkorja. Delujejo tako, da trebu\u0161ni slinavki pomagajo pri izdelavi hormonov insulina in glukagona, ki pomagata ohranjati stabilno raven krvnega sladkorja.<\/p>\n<p>V nasprotju z ve\u010dino drugih protivnetnih zdravil Oxo-Pce deluje na ve\u010d kot samo eno vrsto vnetja. Pomagalo bo pri revmatoidnem artritisu, osteoartritisu in drugih vnetnih boleznih, kot sta luskavica in protin.<\/p>\n<p>Zdravilo se je prav tako izkazalo za u\u010dinkovito pri zmanj\u0161evanju jutranje okorelosti, ki jo povzro\u010data osteoartritis in revmatoidni artritis (RA). To ljudem pomaga vstati in normalno delovati ves dan, ne da bi jim bilo treba skrbeti za otrdele sklepe, ki ote\u017eujejo gibanje ali opravljanje osnovnih nalog, kot je vsako jutro vstajanje iz postelje.<\/p>\n<p>&nbsp;<\/p>\n<p><strong>Zakaj kupiti 2 Oxo Pce Drugs prek spleta?<\/strong><\/p>\n<p>Glavni razlogi za nakup 2 Oxo Pce Drugs prek spleta so lahko trije:<\/p>\n<ul>\n<li>Priro\u010dnost <\/li>\n<li>Zasebnost<\/li>\n<li>Kakovost<\/li>\n<\/ul>\n<p>\u010ce \u017eelite pri nakupu u\u017eivati \u200b\u200bv najbolj\u0161i me\u0161anici vseh teh treh komponent, morate kupiti prek spleta .<\/p>\n<p>&nbsp;<\/p>\n<p><strong>Najbolj\u0161e mesto za naro\u010danje 2 Oxo Pce zdravil na spletu<\/strong><\/p>\n<p><strong>\u00a0<\/strong><\/p>\n<p><a href=\"https:\/\/gooddealersmeds.com\/sl\/product\/2-oxo-pce-drugs\/\">Good Dealers Meds<\/a> je najbolj\u0161e mesto za prodajo 2 Oxo Pce zdravil na spletu. Prodajamo \u0161iroko paleto razli\u010dnih vrst zdravil, vklju\u010dno z 2 Oxo Pce Drugs, tako da boste zagotovo na\u0161li tisto, kar potrebujete. \u010ce i\u0161\u010dete preprost na\u010din, da poskrbite za svoje simptome artritisa, ne da bi vsak mesec porabili roko in nogo za zdravila na recept, sta 2 Oxo Pce Drugs morda prava za vas!<\/p>\n","protected":false},"excerpt":{"rendered":"<p>Buy 2\u2032-OXO-PCE drugs Online je visokokakovostna raziskovalna kemikalija. 2\u2032-Oxo-PCE (eticiklidon, O-PCE) lahko kupite na spletu po veleprodajni ceni pri zaupanja vrednem dobavitelju Virgin Health Pharmacy.<\/p>\n","protected":false},"featured_media":1931,"comment_status":"open","ping_status":"closed","template":"","meta":{"inline_featured_image":false},"product_brand":[],"product_cat":[344],"product_tag":[],"class_list":{"0":"post-1925","1":"product","2":"type-product","3":"status-publish","4":"has-post-thumbnail","6":"product_cat-raziskave-kemikalije","8":"first","9":"instock","10":"shipping-taxable","11":"purchasable","12":"product-type-variable","13":"has-default-attributes"},"yoast_head":"<!-- This site is optimized with the Yoast SEO Premium plugin v20.6 (Yoast SEO v27.3) - https:\/\/yoast.com\/product\/yoast-seo-premium-wordpress\/ -->\n<title>Kupite 2 zdravila Oxo Pce na spletu | Good Dealers Meds<\/title>\n<meta name=\"description\" content=\"Kupite 2 zdravila Oxo Pce na spletu (znana tudi kot eticiklidon) po veleprodajni ceni pri zaupanja vrednih dobaviteljih z najvi\u0161jo \u010distostjo.\" \/>\n<meta name=\"robots\" content=\"index, follow, max-snippet:-1, max-image-preview:large, max-video-preview:-1\" \/>\n<link rel=\"canonical\" href=\"https:\/\/gooddealersmeds.com\/sl\/product\/2-okso-pce-zdravila\/\" \/>\n<meta property=\"og:locale\" content=\"en_US\" \/>\n<meta property=\"og:type\" content=\"article\" \/>\n<meta property=\"og:title\" content=\"Naro\u010dite 2 Oxo Pce zdravila\" \/>\n<meta property=\"og:description\" content=\"Kupite 2 zdravila Oxo Pce na spletu (znana tudi kot eticiklidon) po veleprodajni ceni pri zaupanja vrednih dobaviteljih z najvi\u0161jo \u010distostjo.\" \/>\n<meta property=\"og:url\" content=\"https:\/\/gooddealersmeds.com\/sl\/product\/2-okso-pce-zdravila\/\" \/>\n<meta property=\"og:site_name\" content=\"Good Dealers Meds\" \/>\n<meta property=\"article:modified_time\" content=\"2022-10-04T00:40:09+00:00\" \/>\n<meta property=\"og:image\" content=\"https:\/\/gooddealersmeds.com\/sl\/wp-content\/uploads\/sites\/10\/2022\/07\/2-Oxo-Pce-Drugs.jpg\" \/>\n\t<meta property=\"og:image:width\" content=\"600\" \/>\n\t<meta property=\"og:image:height\" content=\"600\" \/>\n\t<meta property=\"og:image:type\" content=\"image\/jpeg\" \/>\n<meta name=\"twitter:card\" content=\"summary_large_image\" \/>\n<meta name=\"twitter:label1\" content=\"Est. reading time\" \/>\n\t<meta name=\"twitter:data1\" content=\"1 minute\" \/>\n<script type=\"application\/ld+json\" class=\"yoast-schema-graph\">{\"@context\":\"https:\\\/\\\/schema.org\",\"@graph\":[{\"@type\":\"WebPage\",\"@id\":\"https:\\\/\\\/gooddealersmeds.com\\\/sl\\\/product\\\/2-okso-pce-zdravila\\\/\",\"url\":\"https:\\\/\\\/gooddealersmeds.com\\\/sl\\\/product\\\/2-okso-pce-zdravila\\\/\",\"name\":\"Kupite 2 zdravila Oxo Pce na spletu | Good Dealers Meds\",\"isPartOf\":{\"@id\":\"https:\\\/\\\/gooddealersmeds.com\\\/sl\\\/#website\"},\"primaryImageOfPage\":{\"@id\":\"https:\\\/\\\/gooddealersmeds.com\\\/sl\\\/product\\\/2-okso-pce-zdravila\\\/#primaryimage\"},\"image\":{\"@id\":\"https:\\\/\\\/gooddealersmeds.com\\\/sl\\\/product\\\/2-okso-pce-zdravila\\\/#primaryimage\"},\"thumbnailUrl\":\"https:\\\/\\\/gooddealersmeds.com\\\/sl\\\/wp-content\\\/uploads\\\/sites\\\/10\\\/2022\\\/07\\\/2-Oxo-Pce-Drugs.jpg\",\"datePublished\":\"2022-07-03T12:14:01+00:00\",\"dateModified\":\"2022-10-04T00:40:09+00:00\",\"description\":\"Kupite 2 zdravila Oxo Pce na spletu (znana tudi kot eticiklidon) po veleprodajni ceni pri zaupanja vrednih dobaviteljih z najvi\u0161jo \u010distostjo.\",\"breadcrumb\":{\"@id\":\"https:\\\/\\\/gooddealersmeds.com\\\/sl\\\/product\\\/2-okso-pce-zdravila\\\/#breadcrumb\"},\"inLanguage\":\"en-US\",\"potentialAction\":[{\"@type\":\"ReadAction\",\"target\":[\"https:\\\/\\\/gooddealersmeds.com\\\/sl\\\/product\\\/2-okso-pce-zdravila\\\/\"]}]},{\"@type\":\"ImageObject\",\"inLanguage\":\"en-US\",\"@id\":\"https:\\\/\\\/gooddealersmeds.com\\\/sl\\\/product\\\/2-okso-pce-zdravila\\\/#primaryimage\",\"url\":\"https:\\\/\\\/gooddealersmeds.com\\\/sl\\\/wp-content\\\/uploads\\\/sites\\\/10\\\/2022\\\/07\\\/2-Oxo-Pce-Drugs.jpg\",\"contentUrl\":\"https:\\\/\\\/gooddealersmeds.com\\\/sl\\\/wp-content\\\/uploads\\\/sites\\\/10\\\/2022\\\/07\\\/2-Oxo-Pce-Drugs.jpg\",\"width\":600,\"height\":600,\"caption\":\"Buy 2 Oxo Pce Drugs Online\"},{\"@type\":\"BreadcrumbList\",\"@id\":\"https:\\\/\\\/gooddealersmeds.com\\\/sl\\\/product\\\/2-okso-pce-zdravila\\\/#breadcrumb\",\"itemListElement\":[{\"@type\":\"ListItem\",\"position\":1,\"name\":\"Home\",\"item\":\"https:\\\/\\\/gooddealersmeds.com\\\/sl\\\/\"},{\"@type\":\"ListItem\",\"position\":2,\"name\":\"Izdelki\",\"item\":\"https:\\\/\\\/gooddealersmeds.com\\\/sl\\\/izdelki\\\/\"},{\"@type\":\"ListItem\",\"position\":3,\"name\":\"Naro\u010dite 2 Oxo Pce zdravila\"}]},{\"@type\":\"WebSite\",\"@id\":\"https:\\\/\\\/gooddealersmeds.com\\\/sl\\\/#website\",\"url\":\"https:\\\/\\\/gooddealersmeds.com\\\/sl\\\/\",\"name\":\"Good Dealers Meds\",\"description\":\"All our best\",\"publisher\":{\"@id\":\"https:\\\/\\\/gooddealersmeds.com\\\/sl\\\/#organization\"},\"potentialAction\":[{\"@type\":\"SearchAction\",\"target\":{\"@type\":\"EntryPoint\",\"urlTemplate\":\"https:\\\/\\\/gooddealersmeds.com\\\/sl\\\/?s={search_term_string}\"},\"query-input\":{\"@type\":\"PropertyValueSpecification\",\"valueRequired\":true,\"valueName\":\"search_term_string\"}}],\"inLanguage\":\"en-US\"},{\"@type\":\"Organization\",\"@id\":\"https:\\\/\\\/gooddealersmeds.com\\\/sl\\\/#organization\",\"name\":\"Good Dealers Meds\",\"url\":\"https:\\\/\\\/gooddealersmeds.com\\\/sl\\\/\",\"logo\":{\"@type\":\"ImageObject\",\"inLanguage\":\"en-US\",\"@id\":\"https:\\\/\\\/gooddealersmeds.com\\\/sl\\\/#\\\/schema\\\/logo\\\/image\\\/\",\"url\":\"https:\\\/\\\/gooddealersmeds.com\\\/sl\\\/wp-content\\\/uploads\\\/sites\\\/10\\\/2022\\\/03\\\/gooddealersmeds__logo__20220317T222800Z.00.png\",\"contentUrl\":\"https:\\\/\\\/gooddealersmeds.com\\\/sl\\\/wp-content\\\/uploads\\\/sites\\\/10\\\/2022\\\/03\\\/gooddealersmeds__logo__20220317T222800Z.00.png\",\"width\":500,\"height\":325,\"caption\":\"Good Dealers Meds\"},\"image\":{\"@id\":\"https:\\\/\\\/gooddealersmeds.com\\\/sl\\\/#\\\/schema\\\/logo\\\/image\\\/\"}}]}<\/script>\n<!-- \/ Yoast SEO Premium plugin. -->","yoast_head_json":{"title":"Kupite 2 zdravila Oxo Pce na spletu | Good Dealers Meds","description":"Kupite 2 zdravila Oxo Pce na spletu (znana tudi kot eticiklidon) po veleprodajni ceni pri zaupanja vrednih dobaviteljih z najvi\u0161jo \u010distostjo.","robots":{"index":"index","follow":"follow","max-snippet":"max-snippet:-1","max-image-preview":"max-image-preview:large","max-video-preview":"max-video-preview:-1"},"canonical":"https:\/\/gooddealersmeds.com\/sl\/product\/2-okso-pce-zdravila\/","og_locale":"en_US","og_type":"article","og_title":"Naro\u010dite 2 Oxo Pce zdravila","og_description":"Kupite 2 zdravila Oxo Pce na spletu (znana tudi kot eticiklidon) po veleprodajni ceni pri zaupanja vrednih dobaviteljih z najvi\u0161jo \u010distostjo.","og_url":"https:\/\/gooddealersmeds.com\/sl\/product\/2-okso-pce-zdravila\/","og_site_name":"Good Dealers Meds","article_modified_time":"2022-10-04T00:40:09+00:00","og_image":[{"width":600,"height":600,"url":"https:\/\/gooddealersmeds.com\/sl\/wp-content\/uploads\/sites\/10\/2022\/07\/2-Oxo-Pce-Drugs.jpg","type":"image\/jpeg"}],"twitter_card":"summary_large_image","twitter_misc":{"Est. reading time":"1 minute"},"schema":{"@context":"https:\/\/schema.org","@graph":[{"@type":"WebPage","@id":"https:\/\/gooddealersmeds.com\/sl\/product\/2-okso-pce-zdravila\/","url":"https:\/\/gooddealersmeds.com\/sl\/product\/2-okso-pce-zdravila\/","name":"Kupite 2 zdravila Oxo Pce na spletu | Good Dealers Meds","isPartOf":{"@id":"https:\/\/gooddealersmeds.com\/sl\/#website"},"primaryImageOfPage":{"@id":"https:\/\/gooddealersmeds.com\/sl\/product\/2-okso-pce-zdravila\/#primaryimage"},"image":{"@id":"https:\/\/gooddealersmeds.com\/sl\/product\/2-okso-pce-zdravila\/#primaryimage"},"thumbnailUrl":"https:\/\/gooddealersmeds.com\/sl\/wp-content\/uploads\/sites\/10\/2022\/07\/2-Oxo-Pce-Drugs.jpg","datePublished":"2022-07-03T12:14:01+00:00","dateModified":"2022-10-04T00:40:09+00:00","description":"Kupite 2 zdravila Oxo Pce na spletu (znana tudi kot eticiklidon) po veleprodajni ceni pri zaupanja vrednih dobaviteljih z najvi\u0161jo \u010distostjo.","breadcrumb":{"@id":"https:\/\/gooddealersmeds.com\/sl\/product\/2-okso-pce-zdravila\/#breadcrumb"},"inLanguage":"en-US","potentialAction":[{"@type":"ReadAction","target":["https:\/\/gooddealersmeds.com\/sl\/product\/2-okso-pce-zdravila\/"]}]},{"@type":"ImageObject","inLanguage":"en-US","@id":"https:\/\/gooddealersmeds.com\/sl\/product\/2-okso-pce-zdravila\/#primaryimage","url":"https:\/\/gooddealersmeds.com\/sl\/wp-content\/uploads\/sites\/10\/2022\/07\/2-Oxo-Pce-Drugs.jpg","contentUrl":"https:\/\/gooddealersmeds.com\/sl\/wp-content\/uploads\/sites\/10\/2022\/07\/2-Oxo-Pce-Drugs.jpg","width":600,"height":600,"caption":"Buy 2 Oxo Pce Drugs Online"},{"@type":"BreadcrumbList","@id":"https:\/\/gooddealersmeds.com\/sl\/product\/2-okso-pce-zdravila\/#breadcrumb","itemListElement":[{"@type":"ListItem","position":1,"name":"Home","item":"https:\/\/gooddealersmeds.com\/sl\/"},{"@type":"ListItem","position":2,"name":"Izdelki","item":"https:\/\/gooddealersmeds.com\/sl\/izdelki\/"},{"@type":"ListItem","position":3,"name":"Naro\u010dite 2 Oxo Pce zdravila"}]},{"@type":"WebSite","@id":"https:\/\/gooddealersmeds.com\/sl\/#website","url":"https:\/\/gooddealersmeds.com\/sl\/","name":"Good Dealers Meds","description":"All our best","publisher":{"@id":"https:\/\/gooddealersmeds.com\/sl\/#organization"},"potentialAction":[{"@type":"SearchAction","target":{"@type":"EntryPoint","urlTemplate":"https:\/\/gooddealersmeds.com\/sl\/?s={search_term_string}"},"query-input":{"@type":"PropertyValueSpecification","valueRequired":true,"valueName":"search_term_string"}}],"inLanguage":"en-US"},{"@type":"Organization","@id":"https:\/\/gooddealersmeds.com\/sl\/#organization","name":"Good Dealers Meds","url":"https:\/\/gooddealersmeds.com\/sl\/","logo":{"@type":"ImageObject","inLanguage":"en-US","@id":"https:\/\/gooddealersmeds.com\/sl\/#\/schema\/logo\/image\/","url":"https:\/\/gooddealersmeds.com\/sl\/wp-content\/uploads\/sites\/10\/2022\/03\/gooddealersmeds__logo__20220317T222800Z.00.png","contentUrl":"https:\/\/gooddealersmeds.com\/sl\/wp-content\/uploads\/sites\/10\/2022\/03\/gooddealersmeds__logo__20220317T222800Z.00.png","width":500,"height":325,"caption":"Good Dealers Meds"},"image":{"@id":"https:\/\/gooddealersmeds.com\/sl\/#\/schema\/logo\/image\/"}}]}},"_links":{"self":[{"href":"https:\/\/gooddealersmeds.com\/sl\/wp-json\/wp\/v2\/product\/1925","targetHints":{"allow":["GET"]}}],"collection":[{"href":"https:\/\/gooddealersmeds.com\/sl\/wp-json\/wp\/v2\/product"}],"about":[{"href":"https:\/\/gooddealersmeds.com\/sl\/wp-json\/wp\/v2\/types\/product"}],"replies":[{"embeddable":true,"href":"https:\/\/gooddealersmeds.com\/sl\/wp-json\/wp\/v2\/comments?post=1925"}],"wp:featuredmedia":[{"embeddable":true,"href":"https:\/\/gooddealersmeds.com\/sl\/wp-json\/wp\/v2\/media\/1931"}],"wp:attachment":[{"href":"https:\/\/gooddealersmeds.com\/sl\/wp-json\/wp\/v2\/media?parent=1925"}],"wp:term":[{"taxonomy":"product_brand","embeddable":true,"href":"https:\/\/gooddealersmeds.com\/sl\/wp-json\/wp\/v2\/product_brand?post=1925"},{"taxonomy":"product_cat","embeddable":true,"href":"https:\/\/gooddealersmeds.com\/sl\/wp-json\/wp\/v2\/product_cat?post=1925"},{"taxonomy":"product_tag","embeddable":true,"href":"https:\/\/gooddealersmeds.com\/sl\/wp-json\/wp\/v2\/product_tag?post=1925"}],"curies":[{"name":"wp","href":"https:\/\/api.w.org\/{rel}","templated":true}]}}