{"id":1918,"date":"2022-07-03T12:09:15","date_gmt":"2022-07-03T12:09:15","guid":{"rendered":"https:\/\/gooddealersmeds.com\/sl\/?post_type=product&#038;p=1918"},"modified":"2022-10-04T00:40:15","modified_gmt":"2022-10-04T00:40:15","slug":"2-a1mp-zdravilo","status":"publish","type":"product","link":"https:\/\/gooddealersmeds.com\/sl\/product\/2-a1mp-zdravilo\/","title":{"rendered":"2- A1MP Zdravilo Prodam"},"content":{"rendered":"<h1><strong>Kupite zdravilo 2-A1MP prek spleta<\/strong><\/h1>\n<p>Morda ste \u017ee sli\u0161ali za 2-A1MP, toda kaj je to? To je zdravilo, ki ga je odobrila FDA in se uporablja za zdravljenje ljudi s sladkorno boleznijo tipa 2. Deluje tako, da zni\u017euje raven sladkorja v krvi \u2013 in je v klini\u010dnih presku\u0161anjih dokazano varen in u\u010dinkovit. Kupite zdravilo 2-A1MP prek spleta<\/p>\n<p>2-A1MP Drug Online je zdravilo, ki se lahko uporablja za zdravljenje raka dojke. Zdravilo zmanj\u0161a tveganje za ponovitev raka dojke in izbolj\u0161a njegovo napredovanje. Deluje tako, da zavira estrogenske receptorje in blokira u\u010dinek estrogena na tkiva v telesu. Zdravilo pomaga tudi pri zmanj\u0161evanju vnetja in prepre\u010devanju \u0161irjenja rakavih celic.<\/p>\n<p>&nbsp;<\/p>\n<p><strong>Zakaj naro\u010diti 2- A1MP Drugs prek spleta?<\/strong><\/p>\n<p>\u010ce i\u0161\u010dete izdelek, ki ga je odobrila FDA in je u\u010dinkovit pri zdravljenju va\u0161ega stanja, razmislite o nakupu 2-A1MP Drug Online. To zdravilo vam lahko pomaga dose\u010di bolj\u0161i nadzor krvnega sladkorja in zmanj\u0161a tveganje za razvoj zapletov zaradi sladkorne bolezni. Ima tudi manj\u0161e stranske u\u010dinke kot druga zdravila, ki so danes na trgu.<\/p>\n<p><strong>\u00a0<\/strong><\/p>\n<p><strong>Kje je najbolje kupiti 2- A1MP Drug Online ?<\/strong><\/p>\n<p>2- A1MP Drug lahko kupite na spletu na \u0161tevilnih razli\u010dnih mestih. Kupite ga lahko pri zdravniku ali v lekarni, kot sta CVS Health ali Walgreens. \u010ce to ni mo\u017enost za vas, vam priporo\u010damo uporabo spletne lekarne, kot je Good Dealers Meds.<\/p>\n<p>Najbolj\u0161e mesto za nakup tega zdravila je na spletnem mestu <a href=\"https:\/\/gooddealersmeds. com\/sl\/product\/2-a1mp-drug\/\">Good Dealers Meds<\/a>, ker je na voljo po ni\u017eji ceni z bolj kakovostnimi izdelki in storitvami.<\/p>\n<p>&nbsp;<\/p>\n","protected":false},"excerpt":{"rendered":"<p>Kupite zdravilo 2-A1MP prek spleta je kemi\u010dna spojina iz razreda katinonov, ki se na spletu prodaja kot dizajnersko zdravilo. Je beta-ketonska razli\u010dica 5-metoksi-MDMA.<\/p>\n","protected":false},"featured_media":1924,"comment_status":"open","ping_status":"closed","template":"","meta":{"inline_featured_image":false},"product_brand":[],"product_cat":[344],"product_tag":[],"class_list":{"0":"post-1918","1":"product","2":"type-product","3":"status-publish","4":"has-post-thumbnail","6":"product_cat-raziskave-kemikalije","8":"first","9":"instock","10":"shipping-taxable","11":"purchasable","12":"product-type-variable","13":"has-default-attributes"},"yoast_head":"<!-- This site is optimized with the Yoast SEO Premium plugin v20.6 (Yoast SEO v27.3) - https:\/\/yoast.com\/product\/yoast-seo-premium-wordpress\/ -->\n<title>Kupite zdravilo 2-A1MP na spletu (5-metoksimetilon) | Good Dealers Meds<\/title>\n<meta name=\"description\" content=\"Kupite zdravilo 2-A1MP (splo\u0161no znano kot 5-metoksimetilon) na spletu po veleprodajni ceni pri zaupanja vrednih dobaviteljih z najvi\u0161jo \u010distostjo.\" \/>\n<meta name=\"robots\" content=\"index, follow, max-snippet:-1, max-image-preview:large, max-video-preview:-1\" \/>\n<link rel=\"canonical\" href=\"https:\/\/gooddealersmeds.com\/sl\/product\/2-a1mp-zdravilo\/\" \/>\n<meta property=\"og:locale\" content=\"en_US\" \/>\n<meta property=\"og:type\" content=\"article\" \/>\n<meta property=\"og:title\" content=\"2- A1MP Zdravilo Prodam\" \/>\n<meta property=\"og:description\" content=\"Kupite zdravilo 2-A1MP (splo\u0161no znano kot 5-metoksimetilon) na spletu po veleprodajni ceni pri zaupanja vrednih dobaviteljih z najvi\u0161jo \u010distostjo.\" \/>\n<meta property=\"og:url\" content=\"https:\/\/gooddealersmeds.com\/sl\/product\/2-a1mp-zdravilo\/\" \/>\n<meta property=\"og:site_name\" content=\"Good Dealers Meds\" \/>\n<meta property=\"article:modified_time\" content=\"2022-10-04T00:40:15+00:00\" \/>\n<meta property=\"og:image\" content=\"https:\/\/gooddealersmeds.com\/sl\/wp-content\/uploads\/sites\/10\/2022\/07\/Buy-2-A1MP-drug-online.jpg\" \/>\n\t<meta property=\"og:image:width\" content=\"600\" \/>\n\t<meta property=\"og:image:height\" content=\"600\" \/>\n\t<meta property=\"og:image:type\" content=\"image\/jpeg\" \/>\n<meta name=\"twitter:card\" content=\"summary_large_image\" \/>\n<meta name=\"twitter:label1\" content=\"Est. reading time\" \/>\n\t<meta name=\"twitter:data1\" content=\"1 minute\" \/>\n<script type=\"application\/ld+json\" class=\"yoast-schema-graph\">{\"@context\":\"https:\\\/\\\/schema.org\",\"@graph\":[{\"@type\":\"WebPage\",\"@id\":\"https:\\\/\\\/gooddealersmeds.com\\\/sl\\\/product\\\/2-a1mp-zdravilo\\\/\",\"url\":\"https:\\\/\\\/gooddealersmeds.com\\\/sl\\\/product\\\/2-a1mp-zdravilo\\\/\",\"name\":\"Kupite zdravilo 2-A1MP na spletu (5-metoksimetilon) | Good Dealers Meds\",\"isPartOf\":{\"@id\":\"https:\\\/\\\/gooddealersmeds.com\\\/sl\\\/#website\"},\"primaryImageOfPage\":{\"@id\":\"https:\\\/\\\/gooddealersmeds.com\\\/sl\\\/product\\\/2-a1mp-zdravilo\\\/#primaryimage\"},\"image\":{\"@id\":\"https:\\\/\\\/gooddealersmeds.com\\\/sl\\\/product\\\/2-a1mp-zdravilo\\\/#primaryimage\"},\"thumbnailUrl\":\"https:\\\/\\\/gooddealersmeds.com\\\/sl\\\/wp-content\\\/uploads\\\/sites\\\/10\\\/2022\\\/07\\\/Buy-2-A1MP-drug-online.jpg\",\"datePublished\":\"2022-07-03T12:09:15+00:00\",\"dateModified\":\"2022-10-04T00:40:15+00:00\",\"description\":\"Kupite zdravilo 2-A1MP (splo\u0161no znano kot 5-metoksimetilon) na spletu po veleprodajni ceni pri zaupanja vrednih dobaviteljih z najvi\u0161jo \u010distostjo.\",\"breadcrumb\":{\"@id\":\"https:\\\/\\\/gooddealersmeds.com\\\/sl\\\/product\\\/2-a1mp-zdravilo\\\/#breadcrumb\"},\"inLanguage\":\"en-US\",\"potentialAction\":[{\"@type\":\"ReadAction\",\"target\":[\"https:\\\/\\\/gooddealersmeds.com\\\/sl\\\/product\\\/2-a1mp-zdravilo\\\/\"]}]},{\"@type\":\"ImageObject\",\"inLanguage\":\"en-US\",\"@id\":\"https:\\\/\\\/gooddealersmeds.com\\\/sl\\\/product\\\/2-a1mp-zdravilo\\\/#primaryimage\",\"url\":\"https:\\\/\\\/gooddealersmeds.com\\\/sl\\\/wp-content\\\/uploads\\\/sites\\\/10\\\/2022\\\/07\\\/Buy-2-A1MP-drug-online.jpg\",\"contentUrl\":\"https:\\\/\\\/gooddealersmeds.com\\\/sl\\\/wp-content\\\/uploads\\\/sites\\\/10\\\/2022\\\/07\\\/Buy-2-A1MP-drug-online.jpg\",\"width\":600,\"height\":600,\"caption\":\"Buy 2-A1MP drug online\"},{\"@type\":\"BreadcrumbList\",\"@id\":\"https:\\\/\\\/gooddealersmeds.com\\\/sl\\\/product\\\/2-a1mp-zdravilo\\\/#breadcrumb\",\"itemListElement\":[{\"@type\":\"ListItem\",\"position\":1,\"name\":\"Home\",\"item\":\"https:\\\/\\\/gooddealersmeds.com\\\/sl\\\/\"},{\"@type\":\"ListItem\",\"position\":2,\"name\":\"Izdelki\",\"item\":\"https:\\\/\\\/gooddealersmeds.com\\\/sl\\\/izdelki\\\/\"},{\"@type\":\"ListItem\",\"position\":3,\"name\":\"2- A1MP Zdravilo Prodam\"}]},{\"@type\":\"WebSite\",\"@id\":\"https:\\\/\\\/gooddealersmeds.com\\\/sl\\\/#website\",\"url\":\"https:\\\/\\\/gooddealersmeds.com\\\/sl\\\/\",\"name\":\"Good Dealers Meds\",\"description\":\"All our best\",\"publisher\":{\"@id\":\"https:\\\/\\\/gooddealersmeds.com\\\/sl\\\/#organization\"},\"potentialAction\":[{\"@type\":\"SearchAction\",\"target\":{\"@type\":\"EntryPoint\",\"urlTemplate\":\"https:\\\/\\\/gooddealersmeds.com\\\/sl\\\/?s={search_term_string}\"},\"query-input\":{\"@type\":\"PropertyValueSpecification\",\"valueRequired\":true,\"valueName\":\"search_term_string\"}}],\"inLanguage\":\"en-US\"},{\"@type\":\"Organization\",\"@id\":\"https:\\\/\\\/gooddealersmeds.com\\\/sl\\\/#organization\",\"name\":\"Good Dealers Meds\",\"url\":\"https:\\\/\\\/gooddealersmeds.com\\\/sl\\\/\",\"logo\":{\"@type\":\"ImageObject\",\"inLanguage\":\"en-US\",\"@id\":\"https:\\\/\\\/gooddealersmeds.com\\\/sl\\\/#\\\/schema\\\/logo\\\/image\\\/\",\"url\":\"https:\\\/\\\/gooddealersmeds.com\\\/sl\\\/wp-content\\\/uploads\\\/sites\\\/10\\\/2022\\\/03\\\/gooddealersmeds__logo__20220317T222800Z.00.png\",\"contentUrl\":\"https:\\\/\\\/gooddealersmeds.com\\\/sl\\\/wp-content\\\/uploads\\\/sites\\\/10\\\/2022\\\/03\\\/gooddealersmeds__logo__20220317T222800Z.00.png\",\"width\":500,\"height\":325,\"caption\":\"Good Dealers Meds\"},\"image\":{\"@id\":\"https:\\\/\\\/gooddealersmeds.com\\\/sl\\\/#\\\/schema\\\/logo\\\/image\\\/\"}}]}<\/script>\n<!-- \/ Yoast SEO Premium plugin. -->","yoast_head_json":{"title":"Kupite zdravilo 2-A1MP na spletu (5-metoksimetilon) | Good Dealers Meds","description":"Kupite zdravilo 2-A1MP (splo\u0161no znano kot 5-metoksimetilon) na spletu po veleprodajni ceni pri zaupanja vrednih dobaviteljih z najvi\u0161jo \u010distostjo.","robots":{"index":"index","follow":"follow","max-snippet":"max-snippet:-1","max-image-preview":"max-image-preview:large","max-video-preview":"max-video-preview:-1"},"canonical":"https:\/\/gooddealersmeds.com\/sl\/product\/2-a1mp-zdravilo\/","og_locale":"en_US","og_type":"article","og_title":"2- A1MP Zdravilo Prodam","og_description":"Kupite zdravilo 2-A1MP (splo\u0161no znano kot 5-metoksimetilon) na spletu po veleprodajni ceni pri zaupanja vrednih dobaviteljih z najvi\u0161jo \u010distostjo.","og_url":"https:\/\/gooddealersmeds.com\/sl\/product\/2-a1mp-zdravilo\/","og_site_name":"Good Dealers Meds","article_modified_time":"2022-10-04T00:40:15+00:00","og_image":[{"width":600,"height":600,"url":"https:\/\/gooddealersmeds.com\/sl\/wp-content\/uploads\/sites\/10\/2022\/07\/Buy-2-A1MP-drug-online.jpg","type":"image\/jpeg"}],"twitter_card":"summary_large_image","twitter_misc":{"Est. reading time":"1 minute"},"schema":{"@context":"https:\/\/schema.org","@graph":[{"@type":"WebPage","@id":"https:\/\/gooddealersmeds.com\/sl\/product\/2-a1mp-zdravilo\/","url":"https:\/\/gooddealersmeds.com\/sl\/product\/2-a1mp-zdravilo\/","name":"Kupite zdravilo 2-A1MP na spletu (5-metoksimetilon) | Good Dealers Meds","isPartOf":{"@id":"https:\/\/gooddealersmeds.com\/sl\/#website"},"primaryImageOfPage":{"@id":"https:\/\/gooddealersmeds.com\/sl\/product\/2-a1mp-zdravilo\/#primaryimage"},"image":{"@id":"https:\/\/gooddealersmeds.com\/sl\/product\/2-a1mp-zdravilo\/#primaryimage"},"thumbnailUrl":"https:\/\/gooddealersmeds.com\/sl\/wp-content\/uploads\/sites\/10\/2022\/07\/Buy-2-A1MP-drug-online.jpg","datePublished":"2022-07-03T12:09:15+00:00","dateModified":"2022-10-04T00:40:15+00:00","description":"Kupite zdravilo 2-A1MP (splo\u0161no znano kot 5-metoksimetilon) na spletu po veleprodajni ceni pri zaupanja vrednih dobaviteljih z najvi\u0161jo \u010distostjo.","breadcrumb":{"@id":"https:\/\/gooddealersmeds.com\/sl\/product\/2-a1mp-zdravilo\/#breadcrumb"},"inLanguage":"en-US","potentialAction":[{"@type":"ReadAction","target":["https:\/\/gooddealersmeds.com\/sl\/product\/2-a1mp-zdravilo\/"]}]},{"@type":"ImageObject","inLanguage":"en-US","@id":"https:\/\/gooddealersmeds.com\/sl\/product\/2-a1mp-zdravilo\/#primaryimage","url":"https:\/\/gooddealersmeds.com\/sl\/wp-content\/uploads\/sites\/10\/2022\/07\/Buy-2-A1MP-drug-online.jpg","contentUrl":"https:\/\/gooddealersmeds.com\/sl\/wp-content\/uploads\/sites\/10\/2022\/07\/Buy-2-A1MP-drug-online.jpg","width":600,"height":600,"caption":"Buy 2-A1MP drug online"},{"@type":"BreadcrumbList","@id":"https:\/\/gooddealersmeds.com\/sl\/product\/2-a1mp-zdravilo\/#breadcrumb","itemListElement":[{"@type":"ListItem","position":1,"name":"Home","item":"https:\/\/gooddealersmeds.com\/sl\/"},{"@type":"ListItem","position":2,"name":"Izdelki","item":"https:\/\/gooddealersmeds.com\/sl\/izdelki\/"},{"@type":"ListItem","position":3,"name":"2- A1MP Zdravilo Prodam"}]},{"@type":"WebSite","@id":"https:\/\/gooddealersmeds.com\/sl\/#website","url":"https:\/\/gooddealersmeds.com\/sl\/","name":"Good Dealers Meds","description":"All our best","publisher":{"@id":"https:\/\/gooddealersmeds.com\/sl\/#organization"},"potentialAction":[{"@type":"SearchAction","target":{"@type":"EntryPoint","urlTemplate":"https:\/\/gooddealersmeds.com\/sl\/?s={search_term_string}"},"query-input":{"@type":"PropertyValueSpecification","valueRequired":true,"valueName":"search_term_string"}}],"inLanguage":"en-US"},{"@type":"Organization","@id":"https:\/\/gooddealersmeds.com\/sl\/#organization","name":"Good Dealers Meds","url":"https:\/\/gooddealersmeds.com\/sl\/","logo":{"@type":"ImageObject","inLanguage":"en-US","@id":"https:\/\/gooddealersmeds.com\/sl\/#\/schema\/logo\/image\/","url":"https:\/\/gooddealersmeds.com\/sl\/wp-content\/uploads\/sites\/10\/2022\/03\/gooddealersmeds__logo__20220317T222800Z.00.png","contentUrl":"https:\/\/gooddealersmeds.com\/sl\/wp-content\/uploads\/sites\/10\/2022\/03\/gooddealersmeds__logo__20220317T222800Z.00.png","width":500,"height":325,"caption":"Good Dealers Meds"},"image":{"@id":"https:\/\/gooddealersmeds.com\/sl\/#\/schema\/logo\/image\/"}}]}},"_links":{"self":[{"href":"https:\/\/gooddealersmeds.com\/sl\/wp-json\/wp\/v2\/product\/1918","targetHints":{"allow":["GET"]}}],"collection":[{"href":"https:\/\/gooddealersmeds.com\/sl\/wp-json\/wp\/v2\/product"}],"about":[{"href":"https:\/\/gooddealersmeds.com\/sl\/wp-json\/wp\/v2\/types\/product"}],"replies":[{"embeddable":true,"href":"https:\/\/gooddealersmeds.com\/sl\/wp-json\/wp\/v2\/comments?post=1918"}],"wp:featuredmedia":[{"embeddable":true,"href":"https:\/\/gooddealersmeds.com\/sl\/wp-json\/wp\/v2\/media\/1924"}],"wp:attachment":[{"href":"https:\/\/gooddealersmeds.com\/sl\/wp-json\/wp\/v2\/media?parent=1918"}],"wp:term":[{"taxonomy":"product_brand","embeddable":true,"href":"https:\/\/gooddealersmeds.com\/sl\/wp-json\/wp\/v2\/product_brand?post=1918"},{"taxonomy":"product_cat","embeddable":true,"href":"https:\/\/gooddealersmeds.com\/sl\/wp-json\/wp\/v2\/product_cat?post=1918"},{"taxonomy":"product_tag","embeddable":true,"href":"https:\/\/gooddealersmeds.com\/sl\/wp-json\/wp\/v2\/product_tag?post=1918"}],"curies":[{"name":"wp","href":"https:\/\/api.w.org\/{rel}","templated":true}]}}