{"id":1912,"date":"2022-07-03T12:03:51","date_gmt":"2022-07-03T12:03:51","guid":{"rendered":"https:\/\/gooddealersmeds.com\/sl\/?post_type=product&#038;p=1912"},"modified":"2022-10-04T00:40:25","modified_gmt":"2022-10-04T00:40:25","slug":"2-fdck-zdravilo","status":"publish","type":"product","link":"https:\/\/gooddealersmeds.com\/sl\/product\/2-fdck-zdravilo\/","title":{"rendered":"Kupite zdravilo 2-Fdck na spletu"},"content":{"rendered":"<h1><strong>Kupite zdravilo 2-Fdck na spletu<\/strong><\/h1>\n<p>&nbsp;<\/p>\n<p>Zdravilo 2-Fdck na spletu je vrsta zdravila, ki se lahko uporablja za zdravljenje erekcije disfunkcija ali prezgodnja ejakulacija. Obi\u010dajno se imenuje Viagra, Levitra, Cialis ali Stendra. To zdravilo deluje tako, da izbolj\u0161a pretok krvi v penis in zgosti kri, kar mu omogo\u010da, da dlje \u010dasa ostane v erekciji.<\/p>\n<p>Zdravilo 2-Fdck je na spletu na voljo v obliki tablet in injekcij, od katerih vsaka ima svoje prednosti in slabosti. Injekcijsko razli\u010dico lahko vzamete takoj po spolnem odnosu, vendar traja dlje kot oblika tablete, da deluje \u010darobno. Tableto lahko vzamete do 36 ur pred spolno aktivnostjo; vendar lahko traja do \u0161tiri ure, preden za\u010dnete \u010dutiti kakr\u0161ne koli u\u010dinke.<\/p>\n<p><strong>\u00a0<\/strong><\/p>\n<p><strong>Zakaj kupiti 2-Fdck zdravila na spletu?<\/p>\n<p><strong>\u00a0<\/strong><\/p>\n<p>Prva stvar, ki naredi nakup <a href=\"https:\/\/gooddealersmeds.com\/sl\/product\/2-fdck- drug\/\">2-Fdck Drug Online<\/a> tako super, da je enostavno. Ni neurejenih receptov ali dolgih vrst papirologije, le spletna stran, po kateri je enostavno krmariti, in \u017ee pripravljeni paketi zdravil, ki vam bodo dali vse, kar potrebujete, brez kakr\u0161nih koli te\u017eav.<\/p>\n<p><strong>\u00a0<\/strong><\/p>\n<p><strong>Kraj, kjer lahko kupite 2-Fdck zdravila prek spleta<\/strong><\/p>\n<p><strong>\u00a0<\/strong><\/p>\n<p>Ali \u017eelite kupiti 2-Fdck Drug Online? Niste sami.<\/p>\n<p>Mnogi ljudje so ugotovili, da jim ta izdelek lahko pomaga izbolj\u0161ati spolno \u017eivljenje, vendar je pomembno, da ste pri nakupu tega izdelka previdni.<\/p>\n<p>Obstaja veliko razli\u010dnih mesta, kjer lahko naro\u010dite 2-Fdck Drug Online, in \u010de ocen ne boste natan\u010dno prebrali, lahko na koncu dobite izdelek, ki ne deluje tako dobro kot drugi. Najbolj\u0161e mesto za nakup zdravila 2-Fdck Drug Online je prek na\u0161ega spletnega mesta, saj tovrstne izdelke prodajamo \u017ee leta in vemo, kaj deluje in kaj ne, zato lahko poskrbimo, da bo vsak, ki bo kupil pri nas, prejel najbolj\u0161o mo\u017eno izku\u0161njo.<\/p>\n","protected":false},"excerpt":{"rendered":"<p>Kupite zdravilo 2-FDCK Purity na spletu, 2-FDCK (znan tudi kot 2-Fl-2\u2032-Oxo-PCM, fluoroketamin in 2-fluorodeskloroketamin) je disociativni anestetik. Je analog ketamina, kjer je klorova skupina nadome\u0161\u010dena s fluorom.<\/p>\n","protected":false},"featured_media":1917,"comment_status":"open","ping_status":"closed","template":"","meta":{"inline_featured_image":false},"product_brand":[],"product_cat":[344],"product_tag":[],"class_list":{"0":"post-1912","1":"product","2":"type-product","3":"status-publish","4":"has-post-thumbnail","6":"product_cat-raziskave-kemikalije","8":"first","9":"instock","10":"shipping-taxable","11":"purchasable","12":"product-type-variable","13":"has-default-attributes"},"yoast_head":"<!-- This site is optimized with the Yoast SEO Premium plugin v20.6 (Yoast SEO v27.3) - https:\/\/yoast.com\/product\/yoast-seo-premium-wordpress\/ -->\n<title>Kupite zdravilo 2-Fdck na spletu - ( 2-fdck naprodaj ) | Good Dealers Meds<\/title>\n<meta name=\"description\" content=\"Kupite zdravilo 2-FDCK prek spleta, 2-FDCK (znan tudi kot 2-Fl-2\u2032-Oxo-PCM, fluoroketamin in 2-fluorodeskloroketamin) je disociativni anestetik.\" \/>\n<meta name=\"robots\" content=\"index, follow, max-snippet:-1, max-image-preview:large, max-video-preview:-1\" \/>\n<link rel=\"canonical\" href=\"https:\/\/gooddealersmeds.com\/sl\/product\/2-fdck-zdravilo\/\" \/>\n<meta property=\"og:locale\" content=\"en_US\" \/>\n<meta property=\"og:type\" content=\"article\" \/>\n<meta property=\"og:title\" content=\"Kupite zdravilo 2-Fdck na spletu\" \/>\n<meta property=\"og:description\" content=\"Kupite zdravilo 2-FDCK prek spleta, 2-FDCK (znan tudi kot 2-Fl-2\u2032-Oxo-PCM, fluoroketamin in 2-fluorodeskloroketamin) je disociativni anestetik.\" \/>\n<meta property=\"og:url\" content=\"https:\/\/gooddealersmeds.com\/sl\/product\/2-fdck-zdravilo\/\" \/>\n<meta property=\"og:site_name\" content=\"Good Dealers Meds\" \/>\n<meta property=\"article:modified_time\" content=\"2022-10-04T00:40:25+00:00\" \/>\n<meta property=\"og:image\" content=\"https:\/\/gooddealersmeds.com\/sl\/wp-content\/uploads\/sites\/10\/2022\/07\/2-Fdck-Drug.jpg\" \/>\n\t<meta property=\"og:image:width\" content=\"600\" \/>\n\t<meta property=\"og:image:height\" content=\"600\" \/>\n\t<meta property=\"og:image:type\" content=\"image\/jpeg\" \/>\n<meta name=\"twitter:card\" content=\"summary_large_image\" \/>\n<meta name=\"twitter:label1\" content=\"Est. reading time\" \/>\n\t<meta name=\"twitter:data1\" content=\"1 minute\" \/>\n<script type=\"application\/ld+json\" class=\"yoast-schema-graph\">{\"@context\":\"https:\\\/\\\/schema.org\",\"@graph\":[{\"@type\":\"WebPage\",\"@id\":\"https:\\\/\\\/gooddealersmeds.com\\\/sl\\\/product\\\/2-fdck-zdravilo\\\/\",\"url\":\"https:\\\/\\\/gooddealersmeds.com\\\/sl\\\/product\\\/2-fdck-zdravilo\\\/\",\"name\":\"Kupite zdravilo 2-Fdck na spletu - ( 2-fdck naprodaj ) | Good Dealers Meds\",\"isPartOf\":{\"@id\":\"https:\\\/\\\/gooddealersmeds.com\\\/sl\\\/#website\"},\"primaryImageOfPage\":{\"@id\":\"https:\\\/\\\/gooddealersmeds.com\\\/sl\\\/product\\\/2-fdck-zdravilo\\\/#primaryimage\"},\"image\":{\"@id\":\"https:\\\/\\\/gooddealersmeds.com\\\/sl\\\/product\\\/2-fdck-zdravilo\\\/#primaryimage\"},\"thumbnailUrl\":\"https:\\\/\\\/gooddealersmeds.com\\\/sl\\\/wp-content\\\/uploads\\\/sites\\\/10\\\/2022\\\/07\\\/2-Fdck-Drug.jpg\",\"datePublished\":\"2022-07-03T12:03:51+00:00\",\"dateModified\":\"2022-10-04T00:40:25+00:00\",\"description\":\"Kupite zdravilo 2-FDCK prek spleta, 2-FDCK (znan tudi kot 2-Fl-2\u2032-Oxo-PCM, fluoroketamin in 2-fluorodeskloroketamin) je disociativni anestetik.\",\"breadcrumb\":{\"@id\":\"https:\\\/\\\/gooddealersmeds.com\\\/sl\\\/product\\\/2-fdck-zdravilo\\\/#breadcrumb\"},\"inLanguage\":\"en-US\",\"potentialAction\":[{\"@type\":\"ReadAction\",\"target\":[\"https:\\\/\\\/gooddealersmeds.com\\\/sl\\\/product\\\/2-fdck-zdravilo\\\/\"]}]},{\"@type\":\"ImageObject\",\"inLanguage\":\"en-US\",\"@id\":\"https:\\\/\\\/gooddealersmeds.com\\\/sl\\\/product\\\/2-fdck-zdravilo\\\/#primaryimage\",\"url\":\"https:\\\/\\\/gooddealersmeds.com\\\/sl\\\/wp-content\\\/uploads\\\/sites\\\/10\\\/2022\\\/07\\\/2-Fdck-Drug.jpg\",\"contentUrl\":\"https:\\\/\\\/gooddealersmeds.com\\\/sl\\\/wp-content\\\/uploads\\\/sites\\\/10\\\/2022\\\/07\\\/2-Fdck-Drug.jpg\",\"width\":600,\"height\":600,\"caption\":\"Buy 2-Fdck Drug Online\"},{\"@type\":\"BreadcrumbList\",\"@id\":\"https:\\\/\\\/gooddealersmeds.com\\\/sl\\\/product\\\/2-fdck-zdravilo\\\/#breadcrumb\",\"itemListElement\":[{\"@type\":\"ListItem\",\"position\":1,\"name\":\"Home\",\"item\":\"https:\\\/\\\/gooddealersmeds.com\\\/sl\\\/\"},{\"@type\":\"ListItem\",\"position\":2,\"name\":\"Izdelki\",\"item\":\"https:\\\/\\\/gooddealersmeds.com\\\/sl\\\/izdelki\\\/\"},{\"@type\":\"ListItem\",\"position\":3,\"name\":\"Kupite zdravilo 2-Fdck na spletu\"}]},{\"@type\":\"WebSite\",\"@id\":\"https:\\\/\\\/gooddealersmeds.com\\\/sl\\\/#website\",\"url\":\"https:\\\/\\\/gooddealersmeds.com\\\/sl\\\/\",\"name\":\"Good Dealers Meds\",\"description\":\"All our best\",\"publisher\":{\"@id\":\"https:\\\/\\\/gooddealersmeds.com\\\/sl\\\/#organization\"},\"potentialAction\":[{\"@type\":\"SearchAction\",\"target\":{\"@type\":\"EntryPoint\",\"urlTemplate\":\"https:\\\/\\\/gooddealersmeds.com\\\/sl\\\/?s={search_term_string}\"},\"query-input\":{\"@type\":\"PropertyValueSpecification\",\"valueRequired\":true,\"valueName\":\"search_term_string\"}}],\"inLanguage\":\"en-US\"},{\"@type\":\"Organization\",\"@id\":\"https:\\\/\\\/gooddealersmeds.com\\\/sl\\\/#organization\",\"name\":\"Good Dealers Meds\",\"url\":\"https:\\\/\\\/gooddealersmeds.com\\\/sl\\\/\",\"logo\":{\"@type\":\"ImageObject\",\"inLanguage\":\"en-US\",\"@id\":\"https:\\\/\\\/gooddealersmeds.com\\\/sl\\\/#\\\/schema\\\/logo\\\/image\\\/\",\"url\":\"https:\\\/\\\/gooddealersmeds.com\\\/sl\\\/wp-content\\\/uploads\\\/sites\\\/10\\\/2022\\\/03\\\/gooddealersmeds__logo__20220317T222800Z.00.png\",\"contentUrl\":\"https:\\\/\\\/gooddealersmeds.com\\\/sl\\\/wp-content\\\/uploads\\\/sites\\\/10\\\/2022\\\/03\\\/gooddealersmeds__logo__20220317T222800Z.00.png\",\"width\":500,\"height\":325,\"caption\":\"Good Dealers Meds\"},\"image\":{\"@id\":\"https:\\\/\\\/gooddealersmeds.com\\\/sl\\\/#\\\/schema\\\/logo\\\/image\\\/\"}}]}<\/script>\n<!-- \/ Yoast SEO Premium plugin. -->","yoast_head_json":{"title":"Kupite zdravilo 2-Fdck na spletu - ( 2-fdck naprodaj ) | Good Dealers Meds","description":"Kupite zdravilo 2-FDCK prek spleta, 2-FDCK (znan tudi kot 2-Fl-2\u2032-Oxo-PCM, fluoroketamin in 2-fluorodeskloroketamin) je disociativni anestetik.","robots":{"index":"index","follow":"follow","max-snippet":"max-snippet:-1","max-image-preview":"max-image-preview:large","max-video-preview":"max-video-preview:-1"},"canonical":"https:\/\/gooddealersmeds.com\/sl\/product\/2-fdck-zdravilo\/","og_locale":"en_US","og_type":"article","og_title":"Kupite zdravilo 2-Fdck na spletu","og_description":"Kupite zdravilo 2-FDCK prek spleta, 2-FDCK (znan tudi kot 2-Fl-2\u2032-Oxo-PCM, fluoroketamin in 2-fluorodeskloroketamin) je disociativni anestetik.","og_url":"https:\/\/gooddealersmeds.com\/sl\/product\/2-fdck-zdravilo\/","og_site_name":"Good Dealers Meds","article_modified_time":"2022-10-04T00:40:25+00:00","og_image":[{"width":600,"height":600,"url":"https:\/\/gooddealersmeds.com\/sl\/wp-content\/uploads\/sites\/10\/2022\/07\/2-Fdck-Drug.jpg","type":"image\/jpeg"}],"twitter_card":"summary_large_image","twitter_misc":{"Est. reading time":"1 minute"},"schema":{"@context":"https:\/\/schema.org","@graph":[{"@type":"WebPage","@id":"https:\/\/gooddealersmeds.com\/sl\/product\/2-fdck-zdravilo\/","url":"https:\/\/gooddealersmeds.com\/sl\/product\/2-fdck-zdravilo\/","name":"Kupite zdravilo 2-Fdck na spletu - ( 2-fdck naprodaj ) | Good Dealers Meds","isPartOf":{"@id":"https:\/\/gooddealersmeds.com\/sl\/#website"},"primaryImageOfPage":{"@id":"https:\/\/gooddealersmeds.com\/sl\/product\/2-fdck-zdravilo\/#primaryimage"},"image":{"@id":"https:\/\/gooddealersmeds.com\/sl\/product\/2-fdck-zdravilo\/#primaryimage"},"thumbnailUrl":"https:\/\/gooddealersmeds.com\/sl\/wp-content\/uploads\/sites\/10\/2022\/07\/2-Fdck-Drug.jpg","datePublished":"2022-07-03T12:03:51+00:00","dateModified":"2022-10-04T00:40:25+00:00","description":"Kupite zdravilo 2-FDCK prek spleta, 2-FDCK (znan tudi kot 2-Fl-2\u2032-Oxo-PCM, fluoroketamin in 2-fluorodeskloroketamin) je disociativni anestetik.","breadcrumb":{"@id":"https:\/\/gooddealersmeds.com\/sl\/product\/2-fdck-zdravilo\/#breadcrumb"},"inLanguage":"en-US","potentialAction":[{"@type":"ReadAction","target":["https:\/\/gooddealersmeds.com\/sl\/product\/2-fdck-zdravilo\/"]}]},{"@type":"ImageObject","inLanguage":"en-US","@id":"https:\/\/gooddealersmeds.com\/sl\/product\/2-fdck-zdravilo\/#primaryimage","url":"https:\/\/gooddealersmeds.com\/sl\/wp-content\/uploads\/sites\/10\/2022\/07\/2-Fdck-Drug.jpg","contentUrl":"https:\/\/gooddealersmeds.com\/sl\/wp-content\/uploads\/sites\/10\/2022\/07\/2-Fdck-Drug.jpg","width":600,"height":600,"caption":"Buy 2-Fdck Drug Online"},{"@type":"BreadcrumbList","@id":"https:\/\/gooddealersmeds.com\/sl\/product\/2-fdck-zdravilo\/#breadcrumb","itemListElement":[{"@type":"ListItem","position":1,"name":"Home","item":"https:\/\/gooddealersmeds.com\/sl\/"},{"@type":"ListItem","position":2,"name":"Izdelki","item":"https:\/\/gooddealersmeds.com\/sl\/izdelki\/"},{"@type":"ListItem","position":3,"name":"Kupite zdravilo 2-Fdck na spletu"}]},{"@type":"WebSite","@id":"https:\/\/gooddealersmeds.com\/sl\/#website","url":"https:\/\/gooddealersmeds.com\/sl\/","name":"Good Dealers Meds","description":"All our best","publisher":{"@id":"https:\/\/gooddealersmeds.com\/sl\/#organization"},"potentialAction":[{"@type":"SearchAction","target":{"@type":"EntryPoint","urlTemplate":"https:\/\/gooddealersmeds.com\/sl\/?s={search_term_string}"},"query-input":{"@type":"PropertyValueSpecification","valueRequired":true,"valueName":"search_term_string"}}],"inLanguage":"en-US"},{"@type":"Organization","@id":"https:\/\/gooddealersmeds.com\/sl\/#organization","name":"Good Dealers Meds","url":"https:\/\/gooddealersmeds.com\/sl\/","logo":{"@type":"ImageObject","inLanguage":"en-US","@id":"https:\/\/gooddealersmeds.com\/sl\/#\/schema\/logo\/image\/","url":"https:\/\/gooddealersmeds.com\/sl\/wp-content\/uploads\/sites\/10\/2022\/03\/gooddealersmeds__logo__20220317T222800Z.00.png","contentUrl":"https:\/\/gooddealersmeds.com\/sl\/wp-content\/uploads\/sites\/10\/2022\/03\/gooddealersmeds__logo__20220317T222800Z.00.png","width":500,"height":325,"caption":"Good Dealers Meds"},"image":{"@id":"https:\/\/gooddealersmeds.com\/sl\/#\/schema\/logo\/image\/"}}]}},"_links":{"self":[{"href":"https:\/\/gooddealersmeds.com\/sl\/wp-json\/wp\/v2\/product\/1912","targetHints":{"allow":["GET"]}}],"collection":[{"href":"https:\/\/gooddealersmeds.com\/sl\/wp-json\/wp\/v2\/product"}],"about":[{"href":"https:\/\/gooddealersmeds.com\/sl\/wp-json\/wp\/v2\/types\/product"}],"replies":[{"embeddable":true,"href":"https:\/\/gooddealersmeds.com\/sl\/wp-json\/wp\/v2\/comments?post=1912"}],"wp:featuredmedia":[{"embeddable":true,"href":"https:\/\/gooddealersmeds.com\/sl\/wp-json\/wp\/v2\/media\/1917"}],"wp:attachment":[{"href":"https:\/\/gooddealersmeds.com\/sl\/wp-json\/wp\/v2\/media?parent=1912"}],"wp:term":[{"taxonomy":"product_brand","embeddable":true,"href":"https:\/\/gooddealersmeds.com\/sl\/wp-json\/wp\/v2\/product_brand?post=1912"},{"taxonomy":"product_cat","embeddable":true,"href":"https:\/\/gooddealersmeds.com\/sl\/wp-json\/wp\/v2\/product_cat?post=1912"},{"taxonomy":"product_tag","embeddable":true,"href":"https:\/\/gooddealersmeds.com\/sl\/wp-json\/wp\/v2\/product_tag?post=1912"}],"curies":[{"name":"wp","href":"https:\/\/api.w.org\/{rel}","templated":true}]}}