{"id":1905,"date":"2022-07-03T11:59:56","date_gmt":"2022-07-03T11:59:56","guid":{"rendered":"https:\/\/gooddealersmeds.com\/sl\/?post_type=product&#038;p=1905"},"modified":"2022-10-04T00:40:32","modified_gmt":"2022-10-04T00:40:32","slug":"25i-nboh-zdravila","status":"publish","type":"product","link":"https:\/\/gooddealersmeds.com\/sl\/product\/25i-nboh-zdravila\/","title":{"rendered":"Kupite zdravila 25i NBOH na spletu"},"content":{"rendered":"<p>25i NBOH ali fenetilamin razreda 2C-I-NBOH je nova sinteti\u010dna psihedeli\u010dna snov, ki je tesno povezana z 25I-NBOMe. 25i NBOH je derivat halucinogena 2C-I, pridobljen iz fenetilamina. Ekipa z Univerze Purdue ga je odkrila leta 2006.<\/p>\n<p>Raziskali so ga kot potencialno zdravilo za kartiranje receptorjev 5-HT2A v mo\u017eganih s pozitronsko emisijsko tomografijo. \u010ceprav njihove fiziolo\u0161ke in toksikolo\u0161ke zna\u010dilnosti niso v celoti opisane, so spojine NBOH predlagane kot zakonita alternativa spojinam NBOMe.<\/p>\n<p>Spojine NBOH so N-benzilhidroksi derivati \u200b\u200bdru\u017eine halucinogena 2C, ki pogosto vsebujejo halogen skupino (tj. klor, brom ali jod) na polo\u017eaju 4 obro\u010da A in hidroksilno skupino na polo\u017eaju 2&#8242; obro\u010da B. \u010ceprav njihove fiziolo\u0161ke in toksikolo\u0161ke zna\u010dilnosti niso v celoti opisane, so spojine NBOH predlagane kot zakonita alternativa spojinam NBOMe.<\/p>\n<ul>\n<li>Spojine NBOH so neaktivne in jih je treba jemati samo sublingvalno in na na\u010din, ki omogo\u010da hitro absorpcijo.<\/li>\n<li>\u010ce pivalniki ne delujejo tako hitro, kot bi pri\u010dakovali, ne domnevajte, da so slabe kakovosti; lahko vklju\u010dujejo drugo zdravilo, ki traja dlje, da za\u010dne delovati.<\/li>\n<li>To zdravilo je treba uporabljati previdno. Za\u010deti morate z majhnim odmerkom. Izogibajte se kombiniranju z drugimi snovmi, kot je alkohol ali predpisana zdravila.<\/li>\n<\/ul>\n<p><strong>Kemija:<\/strong><\/p>\n<p>Fenetilamin 2C-I je derivat fenetilamina 25I-NBOH. To zdravilo je serotoninergi\u010dni derivat N-benzila. V kemijski sestavi 25I-NBOH sta prisotni metoksi skupini CH3O in jod.<\/p>\n<p><strong>Videz:<\/strong><\/p>\n<p>Kristalna trdna snov, prah<\/p>\n<p><strong>Po\u0161iljanje &amp; Shranjevanje:<\/strong><\/p>\n<ul>\n<li>Shranjevanje: -20 C<\/li>\n<li>V mokrem ledu<\/li>\n<li>Stabilnost: pribl. 2 leti<\/li>\n<\/ul>\n<p><strong>Previdnostni ukrep:<\/strong><\/p>\n<p>\u010ce vi ali nekdo, s katerim ste skupaj, zboli, takoj poi\u0161\u010dite zdravni\u0161ko pomo\u010d! Takoj pokli\u010dite bolni\u0161nico in ostanite z njimi. \u010ce se udele\u017eujete dogodka ali festivala, vam bo na voljo medicinsko in socialno osebje, ki vam bo pomagalo.<\/p>\n<p><strong>Razpolo\u017eljivost:<\/strong><\/p>\n<p>Lahko kupite 25i NBOH Drugs Online iz na\u0161e trgovine z zajam\u010deno dostavo.<\/p>\n","protected":false},"excerpt":{"rendered":"<p>Kupite zdravila 25I-NBOH prek spleta so visokokakovostne raziskovalne kemikalije. 25I-NBOH lahko kupite na spletu po veleprodajni ceni od zaupanja vrednega dobavitelja. Varno po\u0161iljanje 25I-NBOH v ZDA, BRAZILIJO, EU, ZK in druge dr\u017eave.<\/p>\n","protected":false},"featured_media":1911,"comment_status":"open","ping_status":"closed","template":"","meta":{"inline_featured_image":false},"product_brand":[],"product_cat":[344],"product_tag":[],"class_list":{"0":"post-1905","1":"product","2":"type-product","3":"status-publish","4":"has-post-thumbnail","6":"product_cat-raziskave-kemikalije","8":"first","9":"instock","10":"shipping-taxable","11":"purchasable","12":"product-type-variable","13":"has-default-attributes"},"yoast_head":"<!-- This site is optimized with the Yoast SEO Premium plugin v20.6 (Yoast SEO v27.3) - https:\/\/yoast.com\/product\/yoast-seo-premium-wordpress\/ -->\n<title>25i NBOH zdravila \u2013 kupujte na spletu najbolj\u0161e kakovosti | Good Dealers Meds<\/title>\n<meta name=\"description\" content=\"Kupite zdravila 25i NBOH na spletu po veleprodajni ceni pri zaupanja vrednem dobavitelju. Varno po\u0161iljanje 25I-NBOH v ZDA, BRAZILIJO, EU, ZK in druge dr\u017eave.\" \/>\n<meta name=\"robots\" content=\"index, follow, max-snippet:-1, max-image-preview:large, max-video-preview:-1\" \/>\n<link rel=\"canonical\" href=\"https:\/\/gooddealersmeds.com\/sl\/product\/25i-nboh-zdravila\/\" \/>\n<meta property=\"og:locale\" content=\"en_US\" \/>\n<meta property=\"og:type\" content=\"article\" \/>\n<meta property=\"og:title\" content=\"Kupite zdravila 25i NBOH na spletu\" \/>\n<meta property=\"og:description\" content=\"Kupite zdravila 25i NBOH na spletu po veleprodajni ceni pri zaupanja vrednem dobavitelju. Varno po\u0161iljanje 25I-NBOH v ZDA, BRAZILIJO, EU, ZK in druge dr\u017eave.\" \/>\n<meta property=\"og:url\" content=\"https:\/\/gooddealersmeds.com\/sl\/product\/25i-nboh-zdravila\/\" \/>\n<meta property=\"og:site_name\" content=\"Good Dealers Meds\" \/>\n<meta property=\"article:modified_time\" content=\"2022-10-04T00:40:32+00:00\" \/>\n<meta property=\"og:image\" content=\"https:\/\/gooddealersmeds.com\/sl\/wp-content\/uploads\/sites\/10\/2022\/07\/25i-NBOH-Drugs.png\" \/>\n\t<meta property=\"og:image:width\" content=\"600\" \/>\n\t<meta property=\"og:image:height\" content=\"600\" \/>\n\t<meta property=\"og:image:type\" content=\"image\/png\" \/>\n<meta name=\"twitter:card\" content=\"summary_large_image\" \/>\n<meta name=\"twitter:label1\" content=\"Est. reading time\" \/>\n\t<meta name=\"twitter:data1\" content=\"2 minutes\" \/>\n<script type=\"application\/ld+json\" class=\"yoast-schema-graph\">{\"@context\":\"https:\\\/\\\/schema.org\",\"@graph\":[{\"@type\":\"WebPage\",\"@id\":\"https:\\\/\\\/gooddealersmeds.com\\\/sl\\\/product\\\/25i-nboh-zdravila\\\/\",\"url\":\"https:\\\/\\\/gooddealersmeds.com\\\/sl\\\/product\\\/25i-nboh-zdravila\\\/\",\"name\":\"25i NBOH zdravila \u2013 kupujte na spletu najbolj\u0161e kakovosti | Good Dealers Meds\",\"isPartOf\":{\"@id\":\"https:\\\/\\\/gooddealersmeds.com\\\/sl\\\/#website\"},\"primaryImageOfPage\":{\"@id\":\"https:\\\/\\\/gooddealersmeds.com\\\/sl\\\/product\\\/25i-nboh-zdravila\\\/#primaryimage\"},\"image\":{\"@id\":\"https:\\\/\\\/gooddealersmeds.com\\\/sl\\\/product\\\/25i-nboh-zdravila\\\/#primaryimage\"},\"thumbnailUrl\":\"https:\\\/\\\/gooddealersmeds.com\\\/sl\\\/wp-content\\\/uploads\\\/sites\\\/10\\\/2022\\\/07\\\/25i-NBOH-Drugs.png\",\"datePublished\":\"2022-07-03T11:59:56+00:00\",\"dateModified\":\"2022-10-04T00:40:32+00:00\",\"description\":\"Kupite zdravila 25i NBOH na spletu po veleprodajni ceni pri zaupanja vrednem dobavitelju. Varno po\u0161iljanje 25I-NBOH v ZDA, BRAZILIJO, EU, ZK in druge dr\u017eave.\",\"breadcrumb\":{\"@id\":\"https:\\\/\\\/gooddealersmeds.com\\\/sl\\\/product\\\/25i-nboh-zdravila\\\/#breadcrumb\"},\"inLanguage\":\"en-US\",\"potentialAction\":[{\"@type\":\"ReadAction\",\"target\":[\"https:\\\/\\\/gooddealersmeds.com\\\/sl\\\/product\\\/25i-nboh-zdravila\\\/\"]}]},{\"@type\":\"ImageObject\",\"inLanguage\":\"en-US\",\"@id\":\"https:\\\/\\\/gooddealersmeds.com\\\/sl\\\/product\\\/25i-nboh-zdravila\\\/#primaryimage\",\"url\":\"https:\\\/\\\/gooddealersmeds.com\\\/sl\\\/wp-content\\\/uploads\\\/sites\\\/10\\\/2022\\\/07\\\/25i-NBOH-Drugs.png\",\"contentUrl\":\"https:\\\/\\\/gooddealersmeds.com\\\/sl\\\/wp-content\\\/uploads\\\/sites\\\/10\\\/2022\\\/07\\\/25i-NBOH-Drugs.png\",\"width\":600,\"height\":600,\"caption\":\"25i NBOH Drugs\"},{\"@type\":\"BreadcrumbList\",\"@id\":\"https:\\\/\\\/gooddealersmeds.com\\\/sl\\\/product\\\/25i-nboh-zdravila\\\/#breadcrumb\",\"itemListElement\":[{\"@type\":\"ListItem\",\"position\":1,\"name\":\"Home\",\"item\":\"https:\\\/\\\/gooddealersmeds.com\\\/sl\\\/\"},{\"@type\":\"ListItem\",\"position\":2,\"name\":\"Izdelki\",\"item\":\"https:\\\/\\\/gooddealersmeds.com\\\/sl\\\/izdelki\\\/\"},{\"@type\":\"ListItem\",\"position\":3,\"name\":\"Kupite zdravila 25i NBOH na spletu\"}]},{\"@type\":\"WebSite\",\"@id\":\"https:\\\/\\\/gooddealersmeds.com\\\/sl\\\/#website\",\"url\":\"https:\\\/\\\/gooddealersmeds.com\\\/sl\\\/\",\"name\":\"Good Dealers Meds\",\"description\":\"All our best\",\"publisher\":{\"@id\":\"https:\\\/\\\/gooddealersmeds.com\\\/sl\\\/#organization\"},\"potentialAction\":[{\"@type\":\"SearchAction\",\"target\":{\"@type\":\"EntryPoint\",\"urlTemplate\":\"https:\\\/\\\/gooddealersmeds.com\\\/sl\\\/?s={search_term_string}\"},\"query-input\":{\"@type\":\"PropertyValueSpecification\",\"valueRequired\":true,\"valueName\":\"search_term_string\"}}],\"inLanguage\":\"en-US\"},{\"@type\":\"Organization\",\"@id\":\"https:\\\/\\\/gooddealersmeds.com\\\/sl\\\/#organization\",\"name\":\"Good Dealers Meds\",\"url\":\"https:\\\/\\\/gooddealersmeds.com\\\/sl\\\/\",\"logo\":{\"@type\":\"ImageObject\",\"inLanguage\":\"en-US\",\"@id\":\"https:\\\/\\\/gooddealersmeds.com\\\/sl\\\/#\\\/schema\\\/logo\\\/image\\\/\",\"url\":\"https:\\\/\\\/gooddealersmeds.com\\\/sl\\\/wp-content\\\/uploads\\\/sites\\\/10\\\/2022\\\/03\\\/gooddealersmeds__logo__20220317T222800Z.00.png\",\"contentUrl\":\"https:\\\/\\\/gooddealersmeds.com\\\/sl\\\/wp-content\\\/uploads\\\/sites\\\/10\\\/2022\\\/03\\\/gooddealersmeds__logo__20220317T222800Z.00.png\",\"width\":500,\"height\":325,\"caption\":\"Good Dealers Meds\"},\"image\":{\"@id\":\"https:\\\/\\\/gooddealersmeds.com\\\/sl\\\/#\\\/schema\\\/logo\\\/image\\\/\"}}]}<\/script>\n<!-- \/ Yoast SEO Premium plugin. -->","yoast_head_json":{"title":"25i NBOH zdravila \u2013 kupujte na spletu najbolj\u0161e kakovosti | Good Dealers Meds","description":"Kupite zdravila 25i NBOH na spletu po veleprodajni ceni pri zaupanja vrednem dobavitelju. Varno po\u0161iljanje 25I-NBOH v ZDA, BRAZILIJO, EU, ZK in druge dr\u017eave.","robots":{"index":"index","follow":"follow","max-snippet":"max-snippet:-1","max-image-preview":"max-image-preview:large","max-video-preview":"max-video-preview:-1"},"canonical":"https:\/\/gooddealersmeds.com\/sl\/product\/25i-nboh-zdravila\/","og_locale":"en_US","og_type":"article","og_title":"Kupite zdravila 25i NBOH na spletu","og_description":"Kupite zdravila 25i NBOH na spletu po veleprodajni ceni pri zaupanja vrednem dobavitelju. Varno po\u0161iljanje 25I-NBOH v ZDA, BRAZILIJO, EU, ZK in druge dr\u017eave.","og_url":"https:\/\/gooddealersmeds.com\/sl\/product\/25i-nboh-zdravila\/","og_site_name":"Good Dealers Meds","article_modified_time":"2022-10-04T00:40:32+00:00","og_image":[{"width":600,"height":600,"url":"https:\/\/gooddealersmeds.com\/sl\/wp-content\/uploads\/sites\/10\/2022\/07\/25i-NBOH-Drugs.png","type":"image\/png"}],"twitter_card":"summary_large_image","twitter_misc":{"Est. reading time":"2 minutes"},"schema":{"@context":"https:\/\/schema.org","@graph":[{"@type":"WebPage","@id":"https:\/\/gooddealersmeds.com\/sl\/product\/25i-nboh-zdravila\/","url":"https:\/\/gooddealersmeds.com\/sl\/product\/25i-nboh-zdravila\/","name":"25i NBOH zdravila \u2013 kupujte na spletu najbolj\u0161e kakovosti | Good Dealers Meds","isPartOf":{"@id":"https:\/\/gooddealersmeds.com\/sl\/#website"},"primaryImageOfPage":{"@id":"https:\/\/gooddealersmeds.com\/sl\/product\/25i-nboh-zdravila\/#primaryimage"},"image":{"@id":"https:\/\/gooddealersmeds.com\/sl\/product\/25i-nboh-zdravila\/#primaryimage"},"thumbnailUrl":"https:\/\/gooddealersmeds.com\/sl\/wp-content\/uploads\/sites\/10\/2022\/07\/25i-NBOH-Drugs.png","datePublished":"2022-07-03T11:59:56+00:00","dateModified":"2022-10-04T00:40:32+00:00","description":"Kupite zdravila 25i NBOH na spletu po veleprodajni ceni pri zaupanja vrednem dobavitelju. Varno po\u0161iljanje 25I-NBOH v ZDA, BRAZILIJO, EU, ZK in druge dr\u017eave.","breadcrumb":{"@id":"https:\/\/gooddealersmeds.com\/sl\/product\/25i-nboh-zdravila\/#breadcrumb"},"inLanguage":"en-US","potentialAction":[{"@type":"ReadAction","target":["https:\/\/gooddealersmeds.com\/sl\/product\/25i-nboh-zdravila\/"]}]},{"@type":"ImageObject","inLanguage":"en-US","@id":"https:\/\/gooddealersmeds.com\/sl\/product\/25i-nboh-zdravila\/#primaryimage","url":"https:\/\/gooddealersmeds.com\/sl\/wp-content\/uploads\/sites\/10\/2022\/07\/25i-NBOH-Drugs.png","contentUrl":"https:\/\/gooddealersmeds.com\/sl\/wp-content\/uploads\/sites\/10\/2022\/07\/25i-NBOH-Drugs.png","width":600,"height":600,"caption":"25i NBOH Drugs"},{"@type":"BreadcrumbList","@id":"https:\/\/gooddealersmeds.com\/sl\/product\/25i-nboh-zdravila\/#breadcrumb","itemListElement":[{"@type":"ListItem","position":1,"name":"Home","item":"https:\/\/gooddealersmeds.com\/sl\/"},{"@type":"ListItem","position":2,"name":"Izdelki","item":"https:\/\/gooddealersmeds.com\/sl\/izdelki\/"},{"@type":"ListItem","position":3,"name":"Kupite zdravila 25i NBOH na spletu"}]},{"@type":"WebSite","@id":"https:\/\/gooddealersmeds.com\/sl\/#website","url":"https:\/\/gooddealersmeds.com\/sl\/","name":"Good Dealers Meds","description":"All our best","publisher":{"@id":"https:\/\/gooddealersmeds.com\/sl\/#organization"},"potentialAction":[{"@type":"SearchAction","target":{"@type":"EntryPoint","urlTemplate":"https:\/\/gooddealersmeds.com\/sl\/?s={search_term_string}"},"query-input":{"@type":"PropertyValueSpecification","valueRequired":true,"valueName":"search_term_string"}}],"inLanguage":"en-US"},{"@type":"Organization","@id":"https:\/\/gooddealersmeds.com\/sl\/#organization","name":"Good Dealers Meds","url":"https:\/\/gooddealersmeds.com\/sl\/","logo":{"@type":"ImageObject","inLanguage":"en-US","@id":"https:\/\/gooddealersmeds.com\/sl\/#\/schema\/logo\/image\/","url":"https:\/\/gooddealersmeds.com\/sl\/wp-content\/uploads\/sites\/10\/2022\/03\/gooddealersmeds__logo__20220317T222800Z.00.png","contentUrl":"https:\/\/gooddealersmeds.com\/sl\/wp-content\/uploads\/sites\/10\/2022\/03\/gooddealersmeds__logo__20220317T222800Z.00.png","width":500,"height":325,"caption":"Good Dealers Meds"},"image":{"@id":"https:\/\/gooddealersmeds.com\/sl\/#\/schema\/logo\/image\/"}}]}},"_links":{"self":[{"href":"https:\/\/gooddealersmeds.com\/sl\/wp-json\/wp\/v2\/product\/1905","targetHints":{"allow":["GET"]}}],"collection":[{"href":"https:\/\/gooddealersmeds.com\/sl\/wp-json\/wp\/v2\/product"}],"about":[{"href":"https:\/\/gooddealersmeds.com\/sl\/wp-json\/wp\/v2\/types\/product"}],"replies":[{"embeddable":true,"href":"https:\/\/gooddealersmeds.com\/sl\/wp-json\/wp\/v2\/comments?post=1905"}],"wp:featuredmedia":[{"embeddable":true,"href":"https:\/\/gooddealersmeds.com\/sl\/wp-json\/wp\/v2\/media\/1911"}],"wp:attachment":[{"href":"https:\/\/gooddealersmeds.com\/sl\/wp-json\/wp\/v2\/media?parent=1905"}],"wp:term":[{"taxonomy":"product_brand","embeddable":true,"href":"https:\/\/gooddealersmeds.com\/sl\/wp-json\/wp\/v2\/product_brand?post=1905"},{"taxonomy":"product_cat","embeddable":true,"href":"https:\/\/gooddealersmeds.com\/sl\/wp-json\/wp\/v2\/product_cat?post=1905"},{"taxonomy":"product_tag","embeddable":true,"href":"https:\/\/gooddealersmeds.com\/sl\/wp-json\/wp\/v2\/product_tag?post=1905"}],"curies":[{"name":"wp","href":"https:\/\/api.w.org\/{rel}","templated":true}]}}