{"id":1898,"date":"2022-07-03T11:54:52","date_gmt":"2022-07-03T11:54:52","guid":{"rendered":"https:\/\/gooddealersmeds.com\/sl\/?post_type=product&#038;p=1898"},"modified":"2022-10-04T00:40:40","modified_gmt":"2022-10-04T00:40:40","slug":"25i-nbome-drug","status":"publish","type":"product","link":"https:\/\/gooddealersmeds.com\/sl\/product\/25i-nbome-drug\/","title":{"rendered":"Naro\u010dite 25i NBOME Drug"},"content":{"rendered":"<p><strong>Kupite zdravilo 25i NBOME prek spleta<\/strong><\/p>\n<p>Zdravilo 25i NBOME je vrsta zdravila, ki se uporablja za zdravljenje \u0161tevilnih zdravstvenih stanj. Zdravilo je znano kot 1-metil-4-fenil-1,2,3,6-tetrahidropiridin (MPTP) in so ga v preteklosti uporabljali za zdravljenje Parkinsonove bolezni. Vendar je bilo zdaj prepovedano zaradi njegovih toksi\u010dnih u\u010dinkov na mo\u017egane in postalo je jasno, da lahko uporaba tega zdravila povzro\u010di trajne po\u0161kodbe va\u0161ega \u017eiv\u010dnega sistema.<\/p>\n<p>\u010ce razmi\u0161ljate o nakupu 25i NBOME Drug Online, potem morate vedeti, da je bilo to zdravilo uporabljeno v klini\u010dnih presku\u0161anjih. Rezultati teh \u0161tudij so pokazali, da je imelo splo\u0161no korist pri bolnikih, ki so trpeli za razli\u010dnimi vrstami raka, vklju\u010dno s plju\u010dnim rakom in limfomom. Poleg tega je bilo ugotovljeno, da je u\u010dinkovito proti ve\u010d vrstam raka hkrati.<\/p>\n<p><strong>\u00a0<\/strong><\/p>\n<p><strong>Zakaj kupiti 25i NBOME Drug Online?<\/p>\n<p>Mnogi ljudje, ki \u017ee leta uporabljajo to zdravilo, so poro\u010dali o depresiji ali slabi koncentraciji po predolgi uporabi. \u010ceprav je to morda zato, ker so dosegli omejitev odmerka ali so ga popolnoma prenehali jemati, bodo nekateri ljudje \u0161e naprej trpeli zaradi teh simptomov tudi potem, ko bodo prenehali jemati zdravila 25i NBOME na spletu. To pomeni, da je veliko ljudi, ki so utrpeli stranske u\u010dinke zaradi uporabe tega zdravila, ne da bi prej vedeli za njegove nevarnosti!<\/p>\n<p><strong>\u00a0<\/strong><\/p>\n<p><strong>Kje kupiti 25i NBOME Drug Online?<\/strong><\/p>\n<p>\u010ce se \u017eelite znebiti toksi\u010dnih u\u010dinkov na mo\u017egane, si oglejte 25i NBOME Drug Online. Good Dealers Meds ponuja \u0161iroko paleto izdelkov za vse potrebe va\u0161ih mo\u017eganov.<\/p>\n<p>Imamo, kar potrebujete, ne glede na to, ali i\u0161\u010dete nekaj, kar vam bo pomagalo, da se sprostite ali se znebite. Prodajamo tudi druga zdravila, ki bi lahko bila koristna. Seveda, \u010de \u017eelite katero koli od teh zdravil kupiti brez te\u017eav s potovanjem do prave lekarne, potem smo pravi kraj za vas!<\/p>\n<p><strong>\u00a0<\/strong><\/p>\n","protected":false},"excerpt":{"rendered":"<p>Buy 25I NBOMe Drug Online je visokokakovostna raziskovalna kemikalija. 25I-NBOMe lahko kupite na spletu po veleprodajni ceni. Varno po\u0161iljanje 25I-NBOMe v ZDA, EU, Zdru\u017eeno kraljestvo in druge dr\u017eave.<\/p>\n","protected":false},"featured_media":1904,"comment_status":"open","ping_status":"closed","template":"","meta":{"inline_featured_image":false},"product_brand":[],"product_cat":[344],"product_tag":[],"class_list":{"0":"post-1898","1":"product","2":"type-product","3":"status-publish","4":"has-post-thumbnail","6":"product_cat-raziskave-kemikalije","8":"first","9":"instock","10":"shipping-taxable","11":"purchasable","12":"product-type-variable","13":"has-default-attributes"},"yoast_head":"<!-- This site is optimized with the Yoast SEO Premium plugin v20.6 (Yoast SEO v27.3) - https:\/\/yoast.com\/product\/yoast-seo-premium-wordpress\/ -->\n<title>Kupite zdravilo 25I NBOMe na spletu - 25I NBOMe naprodaj | Good Dealers Meds<\/title>\n<meta name=\"description\" content=\"Kupite zdravilo 25I NBOMe v spletu, 25I-NBOMe lahko kupite v spletu po veleprodajni ceni. Varno po\u0161iljanje 25I-NBOMe v ZDA, EU, Zdru\u017eeno kraljestvo in druge dr\u017eave.\" \/>\n<meta name=\"robots\" content=\"index, follow, max-snippet:-1, max-image-preview:large, max-video-preview:-1\" \/>\n<link rel=\"canonical\" href=\"https:\/\/gooddealersmeds.com\/sl\/product\/25i-nbome-drug\/\" \/>\n<meta property=\"og:locale\" content=\"en_US\" \/>\n<meta property=\"og:type\" content=\"article\" \/>\n<meta property=\"og:title\" content=\"Naro\u010dite 25i NBOME Drug\" \/>\n<meta property=\"og:description\" content=\"Kupite zdravilo 25I NBOMe v spletu, 25I-NBOMe lahko kupite v spletu po veleprodajni ceni. Varno po\u0161iljanje 25I-NBOMe v ZDA, EU, Zdru\u017eeno kraljestvo in druge dr\u017eave.\" \/>\n<meta property=\"og:url\" content=\"https:\/\/gooddealersmeds.com\/sl\/product\/25i-nbome-drug\/\" \/>\n<meta property=\"og:site_name\" content=\"Good Dealers Meds\" \/>\n<meta property=\"article:modified_time\" content=\"2022-10-04T00:40:40+00:00\" \/>\n<meta property=\"og:image\" content=\"https:\/\/gooddealersmeds.com\/sl\/wp-content\/uploads\/sites\/10\/2022\/07\/25i-NBOME-Drug.jpg\" \/>\n\t<meta property=\"og:image:width\" content=\"600\" \/>\n\t<meta property=\"og:image:height\" content=\"600\" \/>\n\t<meta property=\"og:image:type\" content=\"image\/jpeg\" \/>\n<meta name=\"twitter:card\" content=\"summary_large_image\" \/>\n<meta name=\"twitter:label1\" content=\"Est. reading time\" \/>\n\t<meta name=\"twitter:data1\" content=\"2 minutes\" \/>\n<script type=\"application\/ld+json\" class=\"yoast-schema-graph\">{\"@context\":\"https:\\\/\\\/schema.org\",\"@graph\":[{\"@type\":\"WebPage\",\"@id\":\"https:\\\/\\\/gooddealersmeds.com\\\/sl\\\/product\\\/25i-nbome-drug\\\/\",\"url\":\"https:\\\/\\\/gooddealersmeds.com\\\/sl\\\/product\\\/25i-nbome-drug\\\/\",\"name\":\"Kupite zdravilo 25I NBOMe na spletu - 25I NBOMe naprodaj | Good Dealers Meds\",\"isPartOf\":{\"@id\":\"https:\\\/\\\/gooddealersmeds.com\\\/sl\\\/#website\"},\"primaryImageOfPage\":{\"@id\":\"https:\\\/\\\/gooddealersmeds.com\\\/sl\\\/product\\\/25i-nbome-drug\\\/#primaryimage\"},\"image\":{\"@id\":\"https:\\\/\\\/gooddealersmeds.com\\\/sl\\\/product\\\/25i-nbome-drug\\\/#primaryimage\"},\"thumbnailUrl\":\"https:\\\/\\\/gooddealersmeds.com\\\/sl\\\/wp-content\\\/uploads\\\/sites\\\/10\\\/2022\\\/07\\\/25i-NBOME-Drug.jpg\",\"datePublished\":\"2022-07-03T11:54:52+00:00\",\"dateModified\":\"2022-10-04T00:40:40+00:00\",\"description\":\"Kupite zdravilo 25I NBOMe v spletu, 25I-NBOMe lahko kupite v spletu po veleprodajni ceni. Varno po\u0161iljanje 25I-NBOMe v ZDA, EU, Zdru\u017eeno kraljestvo in druge dr\u017eave.\",\"breadcrumb\":{\"@id\":\"https:\\\/\\\/gooddealersmeds.com\\\/sl\\\/product\\\/25i-nbome-drug\\\/#breadcrumb\"},\"inLanguage\":\"en-US\",\"potentialAction\":[{\"@type\":\"ReadAction\",\"target\":[\"https:\\\/\\\/gooddealersmeds.com\\\/sl\\\/product\\\/25i-nbome-drug\\\/\"]}]},{\"@type\":\"ImageObject\",\"inLanguage\":\"en-US\",\"@id\":\"https:\\\/\\\/gooddealersmeds.com\\\/sl\\\/product\\\/25i-nbome-drug\\\/#primaryimage\",\"url\":\"https:\\\/\\\/gooddealersmeds.com\\\/sl\\\/wp-content\\\/uploads\\\/sites\\\/10\\\/2022\\\/07\\\/25i-NBOME-Drug.jpg\",\"contentUrl\":\"https:\\\/\\\/gooddealersmeds.com\\\/sl\\\/wp-content\\\/uploads\\\/sites\\\/10\\\/2022\\\/07\\\/25i-NBOME-Drug.jpg\",\"width\":600,\"height\":600,\"caption\":\"Buy 25I NBOMe Drug\"},{\"@type\":\"BreadcrumbList\",\"@id\":\"https:\\\/\\\/gooddealersmeds.com\\\/sl\\\/product\\\/25i-nbome-drug\\\/#breadcrumb\",\"itemListElement\":[{\"@type\":\"ListItem\",\"position\":1,\"name\":\"Home\",\"item\":\"https:\\\/\\\/gooddealersmeds.com\\\/sl\\\/\"},{\"@type\":\"ListItem\",\"position\":2,\"name\":\"Izdelki\",\"item\":\"https:\\\/\\\/gooddealersmeds.com\\\/sl\\\/izdelki\\\/\"},{\"@type\":\"ListItem\",\"position\":3,\"name\":\"Naro\u010dite 25i NBOME Drug\"}]},{\"@type\":\"WebSite\",\"@id\":\"https:\\\/\\\/gooddealersmeds.com\\\/sl\\\/#website\",\"url\":\"https:\\\/\\\/gooddealersmeds.com\\\/sl\\\/\",\"name\":\"Good Dealers Meds\",\"description\":\"All our best\",\"publisher\":{\"@id\":\"https:\\\/\\\/gooddealersmeds.com\\\/sl\\\/#organization\"},\"potentialAction\":[{\"@type\":\"SearchAction\",\"target\":{\"@type\":\"EntryPoint\",\"urlTemplate\":\"https:\\\/\\\/gooddealersmeds.com\\\/sl\\\/?s={search_term_string}\"},\"query-input\":{\"@type\":\"PropertyValueSpecification\",\"valueRequired\":true,\"valueName\":\"search_term_string\"}}],\"inLanguage\":\"en-US\"},{\"@type\":\"Organization\",\"@id\":\"https:\\\/\\\/gooddealersmeds.com\\\/sl\\\/#organization\",\"name\":\"Good Dealers Meds\",\"url\":\"https:\\\/\\\/gooddealersmeds.com\\\/sl\\\/\",\"logo\":{\"@type\":\"ImageObject\",\"inLanguage\":\"en-US\",\"@id\":\"https:\\\/\\\/gooddealersmeds.com\\\/sl\\\/#\\\/schema\\\/logo\\\/image\\\/\",\"url\":\"https:\\\/\\\/gooddealersmeds.com\\\/sl\\\/wp-content\\\/uploads\\\/sites\\\/10\\\/2022\\\/03\\\/gooddealersmeds__logo__20220317T222800Z.00.png\",\"contentUrl\":\"https:\\\/\\\/gooddealersmeds.com\\\/sl\\\/wp-content\\\/uploads\\\/sites\\\/10\\\/2022\\\/03\\\/gooddealersmeds__logo__20220317T222800Z.00.png\",\"width\":500,\"height\":325,\"caption\":\"Good Dealers Meds\"},\"image\":{\"@id\":\"https:\\\/\\\/gooddealersmeds.com\\\/sl\\\/#\\\/schema\\\/logo\\\/image\\\/\"}}]}<\/script>\n<!-- \/ Yoast SEO Premium plugin. -->","yoast_head_json":{"title":"Kupite zdravilo 25I NBOMe na spletu - 25I NBOMe naprodaj | Good Dealers Meds","description":"Kupite zdravilo 25I NBOMe v spletu, 25I-NBOMe lahko kupite v spletu po veleprodajni ceni. Varno po\u0161iljanje 25I-NBOMe v ZDA, EU, Zdru\u017eeno kraljestvo in druge dr\u017eave.","robots":{"index":"index","follow":"follow","max-snippet":"max-snippet:-1","max-image-preview":"max-image-preview:large","max-video-preview":"max-video-preview:-1"},"canonical":"https:\/\/gooddealersmeds.com\/sl\/product\/25i-nbome-drug\/","og_locale":"en_US","og_type":"article","og_title":"Naro\u010dite 25i NBOME Drug","og_description":"Kupite zdravilo 25I NBOMe v spletu, 25I-NBOMe lahko kupite v spletu po veleprodajni ceni. Varno po\u0161iljanje 25I-NBOMe v ZDA, EU, Zdru\u017eeno kraljestvo in druge dr\u017eave.","og_url":"https:\/\/gooddealersmeds.com\/sl\/product\/25i-nbome-drug\/","og_site_name":"Good Dealers Meds","article_modified_time":"2022-10-04T00:40:40+00:00","og_image":[{"width":600,"height":600,"url":"https:\/\/gooddealersmeds.com\/sl\/wp-content\/uploads\/sites\/10\/2022\/07\/25i-NBOME-Drug.jpg","type":"image\/jpeg"}],"twitter_card":"summary_large_image","twitter_misc":{"Est. reading time":"2 minutes"},"schema":{"@context":"https:\/\/schema.org","@graph":[{"@type":"WebPage","@id":"https:\/\/gooddealersmeds.com\/sl\/product\/25i-nbome-drug\/","url":"https:\/\/gooddealersmeds.com\/sl\/product\/25i-nbome-drug\/","name":"Kupite zdravilo 25I NBOMe na spletu - 25I NBOMe naprodaj | Good Dealers Meds","isPartOf":{"@id":"https:\/\/gooddealersmeds.com\/sl\/#website"},"primaryImageOfPage":{"@id":"https:\/\/gooddealersmeds.com\/sl\/product\/25i-nbome-drug\/#primaryimage"},"image":{"@id":"https:\/\/gooddealersmeds.com\/sl\/product\/25i-nbome-drug\/#primaryimage"},"thumbnailUrl":"https:\/\/gooddealersmeds.com\/sl\/wp-content\/uploads\/sites\/10\/2022\/07\/25i-NBOME-Drug.jpg","datePublished":"2022-07-03T11:54:52+00:00","dateModified":"2022-10-04T00:40:40+00:00","description":"Kupite zdravilo 25I NBOMe v spletu, 25I-NBOMe lahko kupite v spletu po veleprodajni ceni. Varno po\u0161iljanje 25I-NBOMe v ZDA, EU, Zdru\u017eeno kraljestvo in druge dr\u017eave.","breadcrumb":{"@id":"https:\/\/gooddealersmeds.com\/sl\/product\/25i-nbome-drug\/#breadcrumb"},"inLanguage":"en-US","potentialAction":[{"@type":"ReadAction","target":["https:\/\/gooddealersmeds.com\/sl\/product\/25i-nbome-drug\/"]}]},{"@type":"ImageObject","inLanguage":"en-US","@id":"https:\/\/gooddealersmeds.com\/sl\/product\/25i-nbome-drug\/#primaryimage","url":"https:\/\/gooddealersmeds.com\/sl\/wp-content\/uploads\/sites\/10\/2022\/07\/25i-NBOME-Drug.jpg","contentUrl":"https:\/\/gooddealersmeds.com\/sl\/wp-content\/uploads\/sites\/10\/2022\/07\/25i-NBOME-Drug.jpg","width":600,"height":600,"caption":"Buy 25I NBOMe Drug"},{"@type":"BreadcrumbList","@id":"https:\/\/gooddealersmeds.com\/sl\/product\/25i-nbome-drug\/#breadcrumb","itemListElement":[{"@type":"ListItem","position":1,"name":"Home","item":"https:\/\/gooddealersmeds.com\/sl\/"},{"@type":"ListItem","position":2,"name":"Izdelki","item":"https:\/\/gooddealersmeds.com\/sl\/izdelki\/"},{"@type":"ListItem","position":3,"name":"Naro\u010dite 25i NBOME Drug"}]},{"@type":"WebSite","@id":"https:\/\/gooddealersmeds.com\/sl\/#website","url":"https:\/\/gooddealersmeds.com\/sl\/","name":"Good Dealers Meds","description":"All our best","publisher":{"@id":"https:\/\/gooddealersmeds.com\/sl\/#organization"},"potentialAction":[{"@type":"SearchAction","target":{"@type":"EntryPoint","urlTemplate":"https:\/\/gooddealersmeds.com\/sl\/?s={search_term_string}"},"query-input":{"@type":"PropertyValueSpecification","valueRequired":true,"valueName":"search_term_string"}}],"inLanguage":"en-US"},{"@type":"Organization","@id":"https:\/\/gooddealersmeds.com\/sl\/#organization","name":"Good Dealers Meds","url":"https:\/\/gooddealersmeds.com\/sl\/","logo":{"@type":"ImageObject","inLanguage":"en-US","@id":"https:\/\/gooddealersmeds.com\/sl\/#\/schema\/logo\/image\/","url":"https:\/\/gooddealersmeds.com\/sl\/wp-content\/uploads\/sites\/10\/2022\/03\/gooddealersmeds__logo__20220317T222800Z.00.png","contentUrl":"https:\/\/gooddealersmeds.com\/sl\/wp-content\/uploads\/sites\/10\/2022\/03\/gooddealersmeds__logo__20220317T222800Z.00.png","width":500,"height":325,"caption":"Good Dealers Meds"},"image":{"@id":"https:\/\/gooddealersmeds.com\/sl\/#\/schema\/logo\/image\/"}}]}},"_links":{"self":[{"href":"https:\/\/gooddealersmeds.com\/sl\/wp-json\/wp\/v2\/product\/1898","targetHints":{"allow":["GET"]}}],"collection":[{"href":"https:\/\/gooddealersmeds.com\/sl\/wp-json\/wp\/v2\/product"}],"about":[{"href":"https:\/\/gooddealersmeds.com\/sl\/wp-json\/wp\/v2\/types\/product"}],"replies":[{"embeddable":true,"href":"https:\/\/gooddealersmeds.com\/sl\/wp-json\/wp\/v2\/comments?post=1898"}],"wp:featuredmedia":[{"embeddable":true,"href":"https:\/\/gooddealersmeds.com\/sl\/wp-json\/wp\/v2\/media\/1904"}],"wp:attachment":[{"href":"https:\/\/gooddealersmeds.com\/sl\/wp-json\/wp\/v2\/media?parent=1898"}],"wp:term":[{"taxonomy":"product_brand","embeddable":true,"href":"https:\/\/gooddealersmeds.com\/sl\/wp-json\/wp\/v2\/product_brand?post=1898"},{"taxonomy":"product_cat","embeddable":true,"href":"https:\/\/gooddealersmeds.com\/sl\/wp-json\/wp\/v2\/product_cat?post=1898"},{"taxonomy":"product_tag","embeddable":true,"href":"https:\/\/gooddealersmeds.com\/sl\/wp-json\/wp\/v2\/product_tag?post=1898"}],"curies":[{"name":"wp","href":"https:\/\/api.w.org\/{rel}","templated":true}]}}