{"id":1891,"date":"2022-07-03T11:48:53","date_gmt":"2022-07-03T11:48:53","guid":{"rendered":"https:\/\/gooddealersmeds.com\/sl\/?post_type=product&#038;p=1891"},"modified":"2022-10-04T00:40:46","modified_gmt":"2022-10-04T00:40:46","slug":"3-meo-pcp-zdravilo","status":"publish","type":"product","link":"https:\/\/gooddealersmeds.com\/sl\/product\/3-meo-pcp-zdravilo\/","title":{"rendered":"Kupite zdravilo 3-MEO PCP"},"content":{"rendered":"<h1><strong>Kupite <\/strong>\u00a0<strong>zdravilo 3-MEO PCP na spletu<\/strong><\/h1>\n<p>Najbolj\u0161e zdravilo <a href=\"https:\/\/en.wikipedia.org\/wiki \/3-MeO-PCP\">3-metoksifenciklidin<\/a> spada v razred arilcikloheksilamina disociativnih halucinogenov. Receptorji NMDA so njegova primarna tar\u010da, vendar sodeluje tudi z receptorji sigma 1-3 in prena\u0161alcem serotonina. V zdravilu ni prisotne nobene opioidne aktivnosti, niti ne deluje kot zaviralec ponovnega privzema dopamina. Kupite zdravilo 3-MeO-PCP prek spleta.<\/p>\n<p>&nbsp;<\/p>\n<p><strong>Zakaj je spletni nakup zdravila 25i NBOME najbolj\u0161i?<\/strong><\/p>\n<p>Vi morda boste \u017eeleli naro\u010diti 25i NBOME Drug prek spleta, \u010de i\u0161\u010dete obliko zdravljenja, ne da bi vas skrbelo stranski u\u010dinki ali koliko stane v va\u0161i lokalni lekarni. Poleg tega ve\u010dina meni, da je spletni nakup teh zdravil veliko bolj udoben in ekonomi\u010den kot osebni nakup.<\/p>\n<p>&nbsp;<\/p>\n<p><strong>Najbolj\u0161e mesto za naro\u010dilo <\/strong><strong> Zdravilo 3-MEO PCP<\/strong><\/p>\n<p>Najbolj\u0161e mesto za nakup zdravila 3-MEO PCP na spletu je v ugledni lekarni ali spletni trgovini. Vedno se morate prepri\u010dati, da ima podjetje, ki prodaja ta izdelek, licenco FDA in certificirano s strani druge agencije, kot je Nacionalno zdru\u017eenje farmacevtskih svetov (NABP). To bo zagotovilo, da upo\u0161tevajo stroge smernice pri distribuciji svojih izdelkov po vsej dr\u017eavi.<\/p>\n<p>In <a href=\"https:\/\/gooddealersmeds.com\/sl\/product\/3-meo-pcp-drug \/\">Good Dealers Meds<\/a> je mesto, ki izpolni vsa polja na seznamu zahtev.<\/p>\n","protected":false},"excerpt":{"rendered":"<p>Kupite zdravilo 3-MeO-PCP na debelo od proizvajalca, visoka kakovost po nizki ceni s po\u0161iljanjem po vsem svetu. 3-meo-pcp z uradnim imenom 1-[1-(3-metoksifenil)cikloheksil]-piperidin je razvr\u0161\u010den kot disociativna spojina.<\/p>\n","protected":false},"featured_media":1897,"comment_status":"open","ping_status":"closed","template":"","meta":{"inline_featured_image":false},"product_brand":[],"product_cat":[344],"product_tag":[],"class_list":{"0":"post-1891","1":"product","2":"type-product","3":"status-publish","4":"has-post-thumbnail","6":"product_cat-raziskave-kemikalije","8":"first","9":"instock","10":"shipping-taxable","11":"purchasable","12":"product-type-variable","13":"has-default-attributes"},"yoast_head":"<!-- This site is optimized with the Yoast SEO Premium plugin v20.6 (Yoast SEO v27.3) - https:\/\/yoast.com\/product\/yoast-seo-premium-wordpress\/ -->\n<title>Kupite zdravilo 3-MeO-PCP na spletu - 3-MeO-PCP naprodaj | Good Dealers Meds<\/title>\n<meta name=\"description\" content=\"Kupite zdravilo 3-MeO-PCP v spletni trgovini na debelo od proizvajalca pri Good Dealers Meds, visoka kakovost po nizki ceni s po\u0161iljanjem po vsem svetu.\" \/>\n<meta name=\"robots\" content=\"index, follow, max-snippet:-1, max-image-preview:large, max-video-preview:-1\" \/>\n<link rel=\"canonical\" href=\"https:\/\/gooddealersmeds.com\/sl\/product\/3-meo-pcp-zdravilo\/\" \/>\n<meta property=\"og:locale\" content=\"en_US\" \/>\n<meta property=\"og:type\" content=\"article\" \/>\n<meta property=\"og:title\" content=\"Kupite zdravilo 3-MEO PCP\" \/>\n<meta property=\"og:description\" content=\"Kupite zdravilo 3-MeO-PCP v spletni trgovini na debelo od proizvajalca pri Good Dealers Meds, visoka kakovost po nizki ceni s po\u0161iljanjem po vsem svetu.\" \/>\n<meta property=\"og:url\" content=\"https:\/\/gooddealersmeds.com\/sl\/product\/3-meo-pcp-zdravilo\/\" \/>\n<meta property=\"og:site_name\" content=\"Good Dealers Meds\" \/>\n<meta property=\"article:modified_time\" content=\"2022-10-04T00:40:46+00:00\" \/>\n<meta property=\"og:image\" content=\"https:\/\/gooddealersmeds.com\/sl\/wp-content\/uploads\/sites\/10\/2022\/07\/3-MEO-PCP-Drug.jpg\" \/>\n\t<meta property=\"og:image:width\" content=\"600\" \/>\n\t<meta property=\"og:image:height\" content=\"600\" \/>\n\t<meta property=\"og:image:type\" content=\"image\/jpeg\" \/>\n<meta name=\"twitter:card\" content=\"summary_large_image\" \/>\n<meta name=\"twitter:label1\" content=\"Est. reading time\" \/>\n\t<meta name=\"twitter:data1\" content=\"1 minute\" \/>\n<script type=\"application\/ld+json\" class=\"yoast-schema-graph\">{\"@context\":\"https:\\\/\\\/schema.org\",\"@graph\":[{\"@type\":\"WebPage\",\"@id\":\"https:\\\/\\\/gooddealersmeds.com\\\/sl\\\/product\\\/3-meo-pcp-zdravilo\\\/\",\"url\":\"https:\\\/\\\/gooddealersmeds.com\\\/sl\\\/product\\\/3-meo-pcp-zdravilo\\\/\",\"name\":\"Kupite zdravilo 3-MeO-PCP na spletu - 3-MeO-PCP naprodaj | Good Dealers Meds\",\"isPartOf\":{\"@id\":\"https:\\\/\\\/gooddealersmeds.com\\\/sl\\\/#website\"},\"primaryImageOfPage\":{\"@id\":\"https:\\\/\\\/gooddealersmeds.com\\\/sl\\\/product\\\/3-meo-pcp-zdravilo\\\/#primaryimage\"},\"image\":{\"@id\":\"https:\\\/\\\/gooddealersmeds.com\\\/sl\\\/product\\\/3-meo-pcp-zdravilo\\\/#primaryimage\"},\"thumbnailUrl\":\"https:\\\/\\\/gooddealersmeds.com\\\/sl\\\/wp-content\\\/uploads\\\/sites\\\/10\\\/2022\\\/07\\\/3-MEO-PCP-Drug.jpg\",\"datePublished\":\"2022-07-03T11:48:53+00:00\",\"dateModified\":\"2022-10-04T00:40:46+00:00\",\"description\":\"Kupite zdravilo 3-MeO-PCP v spletni trgovini na debelo od proizvajalca pri Good Dealers Meds, visoka kakovost po nizki ceni s po\u0161iljanjem po vsem svetu.\",\"breadcrumb\":{\"@id\":\"https:\\\/\\\/gooddealersmeds.com\\\/sl\\\/product\\\/3-meo-pcp-zdravilo\\\/#breadcrumb\"},\"inLanguage\":\"en-US\",\"potentialAction\":[{\"@type\":\"ReadAction\",\"target\":[\"https:\\\/\\\/gooddealersmeds.com\\\/sl\\\/product\\\/3-meo-pcp-zdravilo\\\/\"]}]},{\"@type\":\"ImageObject\",\"inLanguage\":\"en-US\",\"@id\":\"https:\\\/\\\/gooddealersmeds.com\\\/sl\\\/product\\\/3-meo-pcp-zdravilo\\\/#primaryimage\",\"url\":\"https:\\\/\\\/gooddealersmeds.com\\\/sl\\\/wp-content\\\/uploads\\\/sites\\\/10\\\/2022\\\/07\\\/3-MEO-PCP-Drug.jpg\",\"contentUrl\":\"https:\\\/\\\/gooddealersmeds.com\\\/sl\\\/wp-content\\\/uploads\\\/sites\\\/10\\\/2022\\\/07\\\/3-MEO-PCP-Drug.jpg\",\"width\":600,\"height\":600,\"caption\":\"Buy 3-MeO-PCP Drug Online\"},{\"@type\":\"BreadcrumbList\",\"@id\":\"https:\\\/\\\/gooddealersmeds.com\\\/sl\\\/product\\\/3-meo-pcp-zdravilo\\\/#breadcrumb\",\"itemListElement\":[{\"@type\":\"ListItem\",\"position\":1,\"name\":\"Home\",\"item\":\"https:\\\/\\\/gooddealersmeds.com\\\/sl\\\/\"},{\"@type\":\"ListItem\",\"position\":2,\"name\":\"Izdelki\",\"item\":\"https:\\\/\\\/gooddealersmeds.com\\\/sl\\\/izdelki\\\/\"},{\"@type\":\"ListItem\",\"position\":3,\"name\":\"Kupite zdravilo 3-MEO PCP\"}]},{\"@type\":\"WebSite\",\"@id\":\"https:\\\/\\\/gooddealersmeds.com\\\/sl\\\/#website\",\"url\":\"https:\\\/\\\/gooddealersmeds.com\\\/sl\\\/\",\"name\":\"Good Dealers Meds\",\"description\":\"All our best\",\"publisher\":{\"@id\":\"https:\\\/\\\/gooddealersmeds.com\\\/sl\\\/#organization\"},\"potentialAction\":[{\"@type\":\"SearchAction\",\"target\":{\"@type\":\"EntryPoint\",\"urlTemplate\":\"https:\\\/\\\/gooddealersmeds.com\\\/sl\\\/?s={search_term_string}\"},\"query-input\":{\"@type\":\"PropertyValueSpecification\",\"valueRequired\":true,\"valueName\":\"search_term_string\"}}],\"inLanguage\":\"en-US\"},{\"@type\":\"Organization\",\"@id\":\"https:\\\/\\\/gooddealersmeds.com\\\/sl\\\/#organization\",\"name\":\"Good Dealers Meds\",\"url\":\"https:\\\/\\\/gooddealersmeds.com\\\/sl\\\/\",\"logo\":{\"@type\":\"ImageObject\",\"inLanguage\":\"en-US\",\"@id\":\"https:\\\/\\\/gooddealersmeds.com\\\/sl\\\/#\\\/schema\\\/logo\\\/image\\\/\",\"url\":\"https:\\\/\\\/gooddealersmeds.com\\\/sl\\\/wp-content\\\/uploads\\\/sites\\\/10\\\/2022\\\/03\\\/gooddealersmeds__logo__20220317T222800Z.00.png\",\"contentUrl\":\"https:\\\/\\\/gooddealersmeds.com\\\/sl\\\/wp-content\\\/uploads\\\/sites\\\/10\\\/2022\\\/03\\\/gooddealersmeds__logo__20220317T222800Z.00.png\",\"width\":500,\"height\":325,\"caption\":\"Good Dealers Meds\"},\"image\":{\"@id\":\"https:\\\/\\\/gooddealersmeds.com\\\/sl\\\/#\\\/schema\\\/logo\\\/image\\\/\"}}]}<\/script>\n<!-- \/ Yoast SEO Premium plugin. -->","yoast_head_json":{"title":"Kupite zdravilo 3-MeO-PCP na spletu - 3-MeO-PCP naprodaj | Good Dealers Meds","description":"Kupite zdravilo 3-MeO-PCP v spletni trgovini na debelo od proizvajalca pri Good Dealers Meds, visoka kakovost po nizki ceni s po\u0161iljanjem po vsem svetu.","robots":{"index":"index","follow":"follow","max-snippet":"max-snippet:-1","max-image-preview":"max-image-preview:large","max-video-preview":"max-video-preview:-1"},"canonical":"https:\/\/gooddealersmeds.com\/sl\/product\/3-meo-pcp-zdravilo\/","og_locale":"en_US","og_type":"article","og_title":"Kupite zdravilo 3-MEO PCP","og_description":"Kupite zdravilo 3-MeO-PCP v spletni trgovini na debelo od proizvajalca pri Good Dealers Meds, visoka kakovost po nizki ceni s po\u0161iljanjem po vsem svetu.","og_url":"https:\/\/gooddealersmeds.com\/sl\/product\/3-meo-pcp-zdravilo\/","og_site_name":"Good Dealers Meds","article_modified_time":"2022-10-04T00:40:46+00:00","og_image":[{"width":600,"height":600,"url":"https:\/\/gooddealersmeds.com\/sl\/wp-content\/uploads\/sites\/10\/2022\/07\/3-MEO-PCP-Drug.jpg","type":"image\/jpeg"}],"twitter_card":"summary_large_image","twitter_misc":{"Est. reading time":"1 minute"},"schema":{"@context":"https:\/\/schema.org","@graph":[{"@type":"WebPage","@id":"https:\/\/gooddealersmeds.com\/sl\/product\/3-meo-pcp-zdravilo\/","url":"https:\/\/gooddealersmeds.com\/sl\/product\/3-meo-pcp-zdravilo\/","name":"Kupite zdravilo 3-MeO-PCP na spletu - 3-MeO-PCP naprodaj | Good Dealers Meds","isPartOf":{"@id":"https:\/\/gooddealersmeds.com\/sl\/#website"},"primaryImageOfPage":{"@id":"https:\/\/gooddealersmeds.com\/sl\/product\/3-meo-pcp-zdravilo\/#primaryimage"},"image":{"@id":"https:\/\/gooddealersmeds.com\/sl\/product\/3-meo-pcp-zdravilo\/#primaryimage"},"thumbnailUrl":"https:\/\/gooddealersmeds.com\/sl\/wp-content\/uploads\/sites\/10\/2022\/07\/3-MEO-PCP-Drug.jpg","datePublished":"2022-07-03T11:48:53+00:00","dateModified":"2022-10-04T00:40:46+00:00","description":"Kupite zdravilo 3-MeO-PCP v spletni trgovini na debelo od proizvajalca pri Good Dealers Meds, visoka kakovost po nizki ceni s po\u0161iljanjem po vsem svetu.","breadcrumb":{"@id":"https:\/\/gooddealersmeds.com\/sl\/product\/3-meo-pcp-zdravilo\/#breadcrumb"},"inLanguage":"en-US","potentialAction":[{"@type":"ReadAction","target":["https:\/\/gooddealersmeds.com\/sl\/product\/3-meo-pcp-zdravilo\/"]}]},{"@type":"ImageObject","inLanguage":"en-US","@id":"https:\/\/gooddealersmeds.com\/sl\/product\/3-meo-pcp-zdravilo\/#primaryimage","url":"https:\/\/gooddealersmeds.com\/sl\/wp-content\/uploads\/sites\/10\/2022\/07\/3-MEO-PCP-Drug.jpg","contentUrl":"https:\/\/gooddealersmeds.com\/sl\/wp-content\/uploads\/sites\/10\/2022\/07\/3-MEO-PCP-Drug.jpg","width":600,"height":600,"caption":"Buy 3-MeO-PCP Drug Online"},{"@type":"BreadcrumbList","@id":"https:\/\/gooddealersmeds.com\/sl\/product\/3-meo-pcp-zdravilo\/#breadcrumb","itemListElement":[{"@type":"ListItem","position":1,"name":"Home","item":"https:\/\/gooddealersmeds.com\/sl\/"},{"@type":"ListItem","position":2,"name":"Izdelki","item":"https:\/\/gooddealersmeds.com\/sl\/izdelki\/"},{"@type":"ListItem","position":3,"name":"Kupite zdravilo 3-MEO PCP"}]},{"@type":"WebSite","@id":"https:\/\/gooddealersmeds.com\/sl\/#website","url":"https:\/\/gooddealersmeds.com\/sl\/","name":"Good Dealers Meds","description":"All our best","publisher":{"@id":"https:\/\/gooddealersmeds.com\/sl\/#organization"},"potentialAction":[{"@type":"SearchAction","target":{"@type":"EntryPoint","urlTemplate":"https:\/\/gooddealersmeds.com\/sl\/?s={search_term_string}"},"query-input":{"@type":"PropertyValueSpecification","valueRequired":true,"valueName":"search_term_string"}}],"inLanguage":"en-US"},{"@type":"Organization","@id":"https:\/\/gooddealersmeds.com\/sl\/#organization","name":"Good Dealers Meds","url":"https:\/\/gooddealersmeds.com\/sl\/","logo":{"@type":"ImageObject","inLanguage":"en-US","@id":"https:\/\/gooddealersmeds.com\/sl\/#\/schema\/logo\/image\/","url":"https:\/\/gooddealersmeds.com\/sl\/wp-content\/uploads\/sites\/10\/2022\/03\/gooddealersmeds__logo__20220317T222800Z.00.png","contentUrl":"https:\/\/gooddealersmeds.com\/sl\/wp-content\/uploads\/sites\/10\/2022\/03\/gooddealersmeds__logo__20220317T222800Z.00.png","width":500,"height":325,"caption":"Good Dealers Meds"},"image":{"@id":"https:\/\/gooddealersmeds.com\/sl\/#\/schema\/logo\/image\/"}}]}},"_links":{"self":[{"href":"https:\/\/gooddealersmeds.com\/sl\/wp-json\/wp\/v2\/product\/1891","targetHints":{"allow":["GET"]}}],"collection":[{"href":"https:\/\/gooddealersmeds.com\/sl\/wp-json\/wp\/v2\/product"}],"about":[{"href":"https:\/\/gooddealersmeds.com\/sl\/wp-json\/wp\/v2\/types\/product"}],"replies":[{"embeddable":true,"href":"https:\/\/gooddealersmeds.com\/sl\/wp-json\/wp\/v2\/comments?post=1891"}],"wp:featuredmedia":[{"embeddable":true,"href":"https:\/\/gooddealersmeds.com\/sl\/wp-json\/wp\/v2\/media\/1897"}],"wp:attachment":[{"href":"https:\/\/gooddealersmeds.com\/sl\/wp-json\/wp\/v2\/media?parent=1891"}],"wp:term":[{"taxonomy":"product_brand","embeddable":true,"href":"https:\/\/gooddealersmeds.com\/sl\/wp-json\/wp\/v2\/product_brand?post=1891"},{"taxonomy":"product_cat","embeddable":true,"href":"https:\/\/gooddealersmeds.com\/sl\/wp-json\/wp\/v2\/product_cat?post=1891"},{"taxonomy":"product_tag","embeddable":true,"href":"https:\/\/gooddealersmeds.com\/sl\/wp-json\/wp\/v2\/product_tag?post=1891"}],"curies":[{"name":"wp","href":"https:\/\/api.w.org\/{rel}","templated":true}]}}