{"id":1885,"date":"2022-07-03T11:42:40","date_gmt":"2022-07-03T11:42:40","guid":{"rendered":"https:\/\/gooddealersmeds.com\/sl\/?post_type=product&#038;p=1885"},"modified":"2022-10-04T00:40:53","modified_gmt":"2022-10-04T00:40:53","slug":"4-aco-dmt-zdravilo","status":"publish","type":"product","link":"https:\/\/gooddealersmeds.com\/sl\/product\/4-aco-dmt-zdravilo\/","title":{"rendered":"Kupite zdravilo 4-ACO DMT"},"content":{"rendered":"<h1><strong>Kupite zdravilo 4-ACO DMT prek spleta. <\/strong><\/h1>\n<p>4-ACO DMT Drug je psihoaktivna droga, izdelana iz strupa telesa dolo\u010dene vrste hro\u0161\u010dev. Ime v \u0161pan\u0161\u010dini pomeni &#8220;\u0161tiristo&#8221;. Domorodci so ga prvotno uporabljali v Mehiki in Srednji Ameriki za duhovne namene, zdaj pa je v nekaterih dr\u017eavah dovoljen za rekreacijsko uporabo. Kupite zdravilo 4-ACO-DMT na spletu<\/p>\n<p>Aktivna sestavina zdravila 4-ACO DMT je 5-metoksi-N (5-MeO-DIPT). Podoben je drugim triptaminom, kot so psilocibinske gobe in salvia Divinorum, vendar mo\u010dnej\u0161i. U\u010dinki tega zdravila trajajo dlje in je manj verjetno, da jih bodo ob\u010dutili ljudje, ki ga uporabljajo rekreativno, kot tisti, ki rekreativno uporabljajo psilocibinske gobe ali Salvia Divinorum, ker ima veliko vi\u0161jo koncentracijo 5-MeO-DIPT kot katera koli od teh drugih spojin. <\/p>\n<p><strong>\u00a0<\/strong><\/p>\n<p><strong>Zakaj kupiti zdravilo 4-ACO DMT prek spleta?<\/strong><\/p>\n<p>Nakup zdravila 4-ACO DMT Spletni na\u010din je najbolj\u0161i na\u010din za nakup zdravila, saj mnoga spletna mesta ponujajo zanesljivo udobje in varnost. S prihodom interneta vse ve\u010d ljudi uporablja spletna mesta in lekarne za nakup zdravil, ki jih fizi\u010dno te\u017eko kupijo. Kupite zdravilo 4-ACO-DMT prek spleta<\/p>\n<p><strong>\u00a0<\/strong><\/p>\n<p><strong>Najbolj\u0161e mesto za naro\u010dilo zdravila 4-ACO DMT<\/strong><\/p>\n<p>Najbolj\u0161e mesto za nakup 4-ACO DMT Drug Online je <a href=\"https:\/\/gooddealersmeds.com\/sl\/product\/4-aco-dmt-drug\/\">Good Dealers Meds<\/a>. Ponujajo \u0161iroko paleto razli\u010dnih vrst zdravil po nizkih cenah, tako da lahko dobite to\u010dno tisto, kar \u017eelite, ne da bi vas skrbelo, da boste presegli svoj prora\u010dun!<\/p>\n","protected":false},"excerpt":{"rendered":"<p>Kupite zdravilo 4-Aco-DMT na spletu, 4-AcO-DMT \u00a0je sinteti\u010dno proizvedeno psihoaktivno zdravilo in ga je David Nichols predlagal kot potencialno uporabno alternativo psilocibinu za farmakolo\u0161ke \u0161tudije.<\/p>\n","protected":false},"featured_media":1890,"comment_status":"open","ping_status":"closed","template":"","meta":{"inline_featured_image":false},"product_brand":[],"product_cat":[344],"product_tag":[],"class_list":{"0":"post-1885","1":"product","2":"type-product","3":"status-publish","4":"has-post-thumbnail","6":"product_cat-raziskave-kemikalije","8":"first","9":"instock","10":"shipping-taxable","11":"purchasable","12":"product-type-variable","13":"has-default-attributes"},"yoast_head":"<!-- This site is optimized with the Yoast SEO Premium plugin v20.6 (Yoast SEO v27.3) - https:\/\/yoast.com\/product\/yoast-seo-premium-wordpress\/ -->\n<title>Kupite zdravilo 4-ACO-DMT na spletu - 4-ACO-DMT naprodaj | Good Dealers Meds<\/title>\n<meta name=\"description\" content=\"Kupite 4-Aco-DMT Drug Online, sinteti\u010dno proizvedeno psihoaktivno zdravilo, potencialno uporabno alternativo psilocibinu za farmakolo\u0161ke \u0161tudije.\" \/>\n<meta name=\"robots\" content=\"index, follow, max-snippet:-1, max-image-preview:large, max-video-preview:-1\" \/>\n<link rel=\"canonical\" href=\"https:\/\/gooddealersmeds.com\/sl\/product\/4-aco-dmt-zdravilo\/\" \/>\n<meta property=\"og:locale\" content=\"en_US\" \/>\n<meta property=\"og:type\" content=\"article\" \/>\n<meta property=\"og:title\" content=\"Kupite zdravilo 4-ACO DMT\" \/>\n<meta property=\"og:description\" content=\"Kupite 4-Aco-DMT Drug Online, sinteti\u010dno proizvedeno psihoaktivno zdravilo, potencialno uporabno alternativo psilocibinu za farmakolo\u0161ke \u0161tudije.\" \/>\n<meta property=\"og:url\" content=\"https:\/\/gooddealersmeds.com\/sl\/product\/4-aco-dmt-zdravilo\/\" \/>\n<meta property=\"og:site_name\" content=\"Good Dealers Meds\" \/>\n<meta property=\"article:modified_time\" content=\"2022-10-04T00:40:53+00:00\" \/>\n<meta property=\"og:image\" content=\"https:\/\/gooddealersmeds.com\/sl\/wp-content\/uploads\/sites\/10\/2022\/07\/Buy-4-Aco-DMT-Quality-Drug-Online.jpg\" \/>\n\t<meta property=\"og:image:width\" content=\"600\" \/>\n\t<meta property=\"og:image:height\" content=\"600\" \/>\n\t<meta property=\"og:image:type\" content=\"image\/jpeg\" \/>\n<meta name=\"twitter:card\" content=\"summary_large_image\" \/>\n<meta name=\"twitter:label1\" content=\"Est. reading time\" \/>\n\t<meta name=\"twitter:data1\" content=\"1 minute\" \/>\n<script type=\"application\/ld+json\" class=\"yoast-schema-graph\">{\"@context\":\"https:\\\/\\\/schema.org\",\"@graph\":[{\"@type\":\"WebPage\",\"@id\":\"https:\\\/\\\/gooddealersmeds.com\\\/sl\\\/product\\\/4-aco-dmt-zdravilo\\\/\",\"url\":\"https:\\\/\\\/gooddealersmeds.com\\\/sl\\\/product\\\/4-aco-dmt-zdravilo\\\/\",\"name\":\"Kupite zdravilo 4-ACO-DMT na spletu - 4-ACO-DMT naprodaj | Good Dealers Meds\",\"isPartOf\":{\"@id\":\"https:\\\/\\\/gooddealersmeds.com\\\/sl\\\/#website\"},\"primaryImageOfPage\":{\"@id\":\"https:\\\/\\\/gooddealersmeds.com\\\/sl\\\/product\\\/4-aco-dmt-zdravilo\\\/#primaryimage\"},\"image\":{\"@id\":\"https:\\\/\\\/gooddealersmeds.com\\\/sl\\\/product\\\/4-aco-dmt-zdravilo\\\/#primaryimage\"},\"thumbnailUrl\":\"https:\\\/\\\/gooddealersmeds.com\\\/sl\\\/wp-content\\\/uploads\\\/sites\\\/10\\\/2022\\\/07\\\/Buy-4-Aco-DMT-Quality-Drug-Online.jpg\",\"datePublished\":\"2022-07-03T11:42:40+00:00\",\"dateModified\":\"2022-10-04T00:40:53+00:00\",\"description\":\"Kupite 4-Aco-DMT Drug Online, sinteti\u010dno proizvedeno psihoaktivno zdravilo, potencialno uporabno alternativo psilocibinu za farmakolo\u0161ke \u0161tudije.\",\"breadcrumb\":{\"@id\":\"https:\\\/\\\/gooddealersmeds.com\\\/sl\\\/product\\\/4-aco-dmt-zdravilo\\\/#breadcrumb\"},\"inLanguage\":\"en-US\",\"potentialAction\":[{\"@type\":\"ReadAction\",\"target\":[\"https:\\\/\\\/gooddealersmeds.com\\\/sl\\\/product\\\/4-aco-dmt-zdravilo\\\/\"]}]},{\"@type\":\"ImageObject\",\"inLanguage\":\"en-US\",\"@id\":\"https:\\\/\\\/gooddealersmeds.com\\\/sl\\\/product\\\/4-aco-dmt-zdravilo\\\/#primaryimage\",\"url\":\"https:\\\/\\\/gooddealersmeds.com\\\/sl\\\/wp-content\\\/uploads\\\/sites\\\/10\\\/2022\\\/07\\\/Buy-4-Aco-DMT-Quality-Drug-Online.jpg\",\"contentUrl\":\"https:\\\/\\\/gooddealersmeds.com\\\/sl\\\/wp-content\\\/uploads\\\/sites\\\/10\\\/2022\\\/07\\\/Buy-4-Aco-DMT-Quality-Drug-Online.jpg\",\"width\":600,\"height\":600,\"caption\":\"Buy 4-ACO-DMT Drug Online\"},{\"@type\":\"BreadcrumbList\",\"@id\":\"https:\\\/\\\/gooddealersmeds.com\\\/sl\\\/product\\\/4-aco-dmt-zdravilo\\\/#breadcrumb\",\"itemListElement\":[{\"@type\":\"ListItem\",\"position\":1,\"name\":\"Home\",\"item\":\"https:\\\/\\\/gooddealersmeds.com\\\/sl\\\/\"},{\"@type\":\"ListItem\",\"position\":2,\"name\":\"Izdelki\",\"item\":\"https:\\\/\\\/gooddealersmeds.com\\\/sl\\\/izdelki\\\/\"},{\"@type\":\"ListItem\",\"position\":3,\"name\":\"Kupite zdravilo 4-ACO DMT\"}]},{\"@type\":\"WebSite\",\"@id\":\"https:\\\/\\\/gooddealersmeds.com\\\/sl\\\/#website\",\"url\":\"https:\\\/\\\/gooddealersmeds.com\\\/sl\\\/\",\"name\":\"Good Dealers Meds\",\"description\":\"All our best\",\"publisher\":{\"@id\":\"https:\\\/\\\/gooddealersmeds.com\\\/sl\\\/#organization\"},\"potentialAction\":[{\"@type\":\"SearchAction\",\"target\":{\"@type\":\"EntryPoint\",\"urlTemplate\":\"https:\\\/\\\/gooddealersmeds.com\\\/sl\\\/?s={search_term_string}\"},\"query-input\":{\"@type\":\"PropertyValueSpecification\",\"valueRequired\":true,\"valueName\":\"search_term_string\"}}],\"inLanguage\":\"en-US\"},{\"@type\":\"Organization\",\"@id\":\"https:\\\/\\\/gooddealersmeds.com\\\/sl\\\/#organization\",\"name\":\"Good Dealers Meds\",\"url\":\"https:\\\/\\\/gooddealersmeds.com\\\/sl\\\/\",\"logo\":{\"@type\":\"ImageObject\",\"inLanguage\":\"en-US\",\"@id\":\"https:\\\/\\\/gooddealersmeds.com\\\/sl\\\/#\\\/schema\\\/logo\\\/image\\\/\",\"url\":\"https:\\\/\\\/gooddealersmeds.com\\\/sl\\\/wp-content\\\/uploads\\\/sites\\\/10\\\/2022\\\/03\\\/gooddealersmeds__logo__20220317T222800Z.00.png\",\"contentUrl\":\"https:\\\/\\\/gooddealersmeds.com\\\/sl\\\/wp-content\\\/uploads\\\/sites\\\/10\\\/2022\\\/03\\\/gooddealersmeds__logo__20220317T222800Z.00.png\",\"width\":500,\"height\":325,\"caption\":\"Good Dealers Meds\"},\"image\":{\"@id\":\"https:\\\/\\\/gooddealersmeds.com\\\/sl\\\/#\\\/schema\\\/logo\\\/image\\\/\"}}]}<\/script>\n<!-- \/ Yoast SEO Premium plugin. -->","yoast_head_json":{"title":"Kupite zdravilo 4-ACO-DMT na spletu - 4-ACO-DMT naprodaj | Good Dealers Meds","description":"Kupite 4-Aco-DMT Drug Online, sinteti\u010dno proizvedeno psihoaktivno zdravilo, potencialno uporabno alternativo psilocibinu za farmakolo\u0161ke \u0161tudije.","robots":{"index":"index","follow":"follow","max-snippet":"max-snippet:-1","max-image-preview":"max-image-preview:large","max-video-preview":"max-video-preview:-1"},"canonical":"https:\/\/gooddealersmeds.com\/sl\/product\/4-aco-dmt-zdravilo\/","og_locale":"en_US","og_type":"article","og_title":"Kupite zdravilo 4-ACO DMT","og_description":"Kupite 4-Aco-DMT Drug Online, sinteti\u010dno proizvedeno psihoaktivno zdravilo, potencialno uporabno alternativo psilocibinu za farmakolo\u0161ke \u0161tudije.","og_url":"https:\/\/gooddealersmeds.com\/sl\/product\/4-aco-dmt-zdravilo\/","og_site_name":"Good Dealers Meds","article_modified_time":"2022-10-04T00:40:53+00:00","og_image":[{"width":600,"height":600,"url":"https:\/\/gooddealersmeds.com\/sl\/wp-content\/uploads\/sites\/10\/2022\/07\/Buy-4-Aco-DMT-Quality-Drug-Online.jpg","type":"image\/jpeg"}],"twitter_card":"summary_large_image","twitter_misc":{"Est. reading time":"1 minute"},"schema":{"@context":"https:\/\/schema.org","@graph":[{"@type":"WebPage","@id":"https:\/\/gooddealersmeds.com\/sl\/product\/4-aco-dmt-zdravilo\/","url":"https:\/\/gooddealersmeds.com\/sl\/product\/4-aco-dmt-zdravilo\/","name":"Kupite zdravilo 4-ACO-DMT na spletu - 4-ACO-DMT naprodaj | Good Dealers Meds","isPartOf":{"@id":"https:\/\/gooddealersmeds.com\/sl\/#website"},"primaryImageOfPage":{"@id":"https:\/\/gooddealersmeds.com\/sl\/product\/4-aco-dmt-zdravilo\/#primaryimage"},"image":{"@id":"https:\/\/gooddealersmeds.com\/sl\/product\/4-aco-dmt-zdravilo\/#primaryimage"},"thumbnailUrl":"https:\/\/gooddealersmeds.com\/sl\/wp-content\/uploads\/sites\/10\/2022\/07\/Buy-4-Aco-DMT-Quality-Drug-Online.jpg","datePublished":"2022-07-03T11:42:40+00:00","dateModified":"2022-10-04T00:40:53+00:00","description":"Kupite 4-Aco-DMT Drug Online, sinteti\u010dno proizvedeno psihoaktivno zdravilo, potencialno uporabno alternativo psilocibinu za farmakolo\u0161ke \u0161tudije.","breadcrumb":{"@id":"https:\/\/gooddealersmeds.com\/sl\/product\/4-aco-dmt-zdravilo\/#breadcrumb"},"inLanguage":"en-US","potentialAction":[{"@type":"ReadAction","target":["https:\/\/gooddealersmeds.com\/sl\/product\/4-aco-dmt-zdravilo\/"]}]},{"@type":"ImageObject","inLanguage":"en-US","@id":"https:\/\/gooddealersmeds.com\/sl\/product\/4-aco-dmt-zdravilo\/#primaryimage","url":"https:\/\/gooddealersmeds.com\/sl\/wp-content\/uploads\/sites\/10\/2022\/07\/Buy-4-Aco-DMT-Quality-Drug-Online.jpg","contentUrl":"https:\/\/gooddealersmeds.com\/sl\/wp-content\/uploads\/sites\/10\/2022\/07\/Buy-4-Aco-DMT-Quality-Drug-Online.jpg","width":600,"height":600,"caption":"Buy 4-ACO-DMT Drug Online"},{"@type":"BreadcrumbList","@id":"https:\/\/gooddealersmeds.com\/sl\/product\/4-aco-dmt-zdravilo\/#breadcrumb","itemListElement":[{"@type":"ListItem","position":1,"name":"Home","item":"https:\/\/gooddealersmeds.com\/sl\/"},{"@type":"ListItem","position":2,"name":"Izdelki","item":"https:\/\/gooddealersmeds.com\/sl\/izdelki\/"},{"@type":"ListItem","position":3,"name":"Kupite zdravilo 4-ACO DMT"}]},{"@type":"WebSite","@id":"https:\/\/gooddealersmeds.com\/sl\/#website","url":"https:\/\/gooddealersmeds.com\/sl\/","name":"Good Dealers Meds","description":"All our best","publisher":{"@id":"https:\/\/gooddealersmeds.com\/sl\/#organization"},"potentialAction":[{"@type":"SearchAction","target":{"@type":"EntryPoint","urlTemplate":"https:\/\/gooddealersmeds.com\/sl\/?s={search_term_string}"},"query-input":{"@type":"PropertyValueSpecification","valueRequired":true,"valueName":"search_term_string"}}],"inLanguage":"en-US"},{"@type":"Organization","@id":"https:\/\/gooddealersmeds.com\/sl\/#organization","name":"Good Dealers Meds","url":"https:\/\/gooddealersmeds.com\/sl\/","logo":{"@type":"ImageObject","inLanguage":"en-US","@id":"https:\/\/gooddealersmeds.com\/sl\/#\/schema\/logo\/image\/","url":"https:\/\/gooddealersmeds.com\/sl\/wp-content\/uploads\/sites\/10\/2022\/03\/gooddealersmeds__logo__20220317T222800Z.00.png","contentUrl":"https:\/\/gooddealersmeds.com\/sl\/wp-content\/uploads\/sites\/10\/2022\/03\/gooddealersmeds__logo__20220317T222800Z.00.png","width":500,"height":325,"caption":"Good Dealers Meds"},"image":{"@id":"https:\/\/gooddealersmeds.com\/sl\/#\/schema\/logo\/image\/"}}]}},"_links":{"self":[{"href":"https:\/\/gooddealersmeds.com\/sl\/wp-json\/wp\/v2\/product\/1885","targetHints":{"allow":["GET"]}}],"collection":[{"href":"https:\/\/gooddealersmeds.com\/sl\/wp-json\/wp\/v2\/product"}],"about":[{"href":"https:\/\/gooddealersmeds.com\/sl\/wp-json\/wp\/v2\/types\/product"}],"replies":[{"embeddable":true,"href":"https:\/\/gooddealersmeds.com\/sl\/wp-json\/wp\/v2\/comments?post=1885"}],"wp:featuredmedia":[{"embeddable":true,"href":"https:\/\/gooddealersmeds.com\/sl\/wp-json\/wp\/v2\/media\/1890"}],"wp:attachment":[{"href":"https:\/\/gooddealersmeds.com\/sl\/wp-json\/wp\/v2\/media?parent=1885"}],"wp:term":[{"taxonomy":"product_brand","embeddable":true,"href":"https:\/\/gooddealersmeds.com\/sl\/wp-json\/wp\/v2\/product_brand?post=1885"},{"taxonomy":"product_cat","embeddable":true,"href":"https:\/\/gooddealersmeds.com\/sl\/wp-json\/wp\/v2\/product_cat?post=1885"},{"taxonomy":"product_tag","embeddable":true,"href":"https:\/\/gooddealersmeds.com\/sl\/wp-json\/wp\/v2\/product_tag?post=1885"}],"curies":[{"name":"wp","href":"https:\/\/api.w.org\/{rel}","templated":true}]}}