{"id":1877,"date":"2022-07-03T11:36:36","date_gmt":"2022-07-03T11:36:36","guid":{"rendered":"https:\/\/gooddealersmeds.com\/sl\/?post_type=product&#038;p=1877"},"modified":"2022-10-04T00:41:00","modified_gmt":"2022-10-04T00:41:00","slug":"4-cec-zdravilo","status":"publish","type":"product","link":"https:\/\/gooddealersmeds.com\/sl\/product\/4-cec-zdravilo\/","title":{"rendered":"Kupite zdravilo 4-CEC prek spleta"},"content":{"rendered":"<h1><strong>Kupite 4-CEC Drug Online<\/strong><\/h1>\n<p><strong>\u00a0<\/strong><\/p>\n<p>4-CEC Drug Online je nova vrsta zdravila, ki ima je bil razvit za pomo\u010d ljudem, ki trpijo zaradi kroni\u010dnih bole\u010din. Uporablja se lahko pri bolnikih, ki \u017ee dolgo trpijo zaradi kroni\u010dnih bole\u010din, kot so bole\u010dine v hrbtu ali i\u0161ias.<\/p>\n<p>To zdravilo je na voljo v obliki tablet, lahko pa ga jemljete tudi sublingvalno, tako da eno ko\u0161\u010dek pod jezikom 30 sekund ali dva kosa naenkrat, \u010de vam je ta metoda ljub\u0161a kot \u017eve\u010denje ali po\u017eiranje celih tablet.<\/p>\n<p>&nbsp;<\/p>\n<h2><strong>Razlogi za nakup zdravila 4-CEC Na spletu.<\/strong><\/h2>\n<p>Razmislite o <a href=\"https:\/\/infoboerse-neue-drogen.de\/substanzen\/4-cec-4-chloroethcathinon\/\">4-CEC<\/a> Zdravilo na spletu, ker dokazano deluje hitreje kot druga zdravila. Uporabniki bodo opazili izbolj\u0161anje svojega stanja v nekaj dneh po uporabi tega zdravila. Prednosti spletne uporabe 4-CEC Drug vklju\u010dujejo:<\/p>\n<p>&nbsp;<\/p>\n<ol>\n<li>Zmanj\u0161uje tveganje za nadaljnje po\u0161kodbe in vam pomaga hitreje okrevati po trenutni po\u0161kodbi;<\/li>\n<li>Pomaga zmanj\u0161ati vnetje in zmanj\u0161ati oteklino, tako da izbolj\u0161a va\u0161o gibljivost;<\/li>\n<li>Laj\u0161a mi\u0161i\u010dne kr\u010de in izbolj\u0161a gibljivost z zmanj\u0161anjem bole\u010dine in okorelosti;<\/li>\n<li>Pomaga pri laj\u0161anju tesnobe in depresijo, hkrati pa izbolj\u0161uje va\u0161e splo\u0161no razpolo\u017eenje;<\/li>\n<li>pomaga obnoviti ravnovesje v va\u0161em telesu po nesre\u010di ali operaciji, tako da zmanj\u0161a vnetje na po\u0161kodovanem obmo\u010dju;<\/li>\n<li>deluje bolje kot ve\u010dina drugih zdravil na danes na trgu, ker nima nobenih negativnih stranskih u\u010dinkov, kot sta suha usta ali zaprtje.<\/li>\n<\/ol>\n<p>&nbsp;<\/p>\n<p><strong>Kje kupiti zdravila 4-CEC na spletu? <\/strong><\/p>\n<p>Najbolj\u0161e mesto za <a href=\"https:\/\/gooddealersmeds.com\/sl\/product\/4-cec-drug\/\">spletni nakup zdravil 4-CEC<\/a> je Great Dealers Meds. Ponujajo veliko razli\u010dnih vrst zdravil po nizkih cenah, tako da lahko dobite to\u010dno tisto, kar potrebujete, ne da bi se obremenjevali s tem, da bi porabili ve\u010d denarja, kot ste mislili. Kupite zdravilo 4-CEC prek spleta.<\/p>\n","protected":false},"excerpt":{"rendered":"<p>Kupite zdravilo 4-CEC v spletu, 4-klorometkatinon je stimulans iz razreda katinonov, ki se prodaja na spletu kot dizajnersko zdravilo. Podobno je s 4-CMC (analog 4-CMC).<\/p>\n","protected":false},"featured_media":1884,"comment_status":"open","ping_status":"closed","template":"","meta":{"inline_featured_image":false},"product_brand":[],"product_cat":[344],"product_tag":[],"class_list":{"0":"post-1877","1":"product","2":"type-product","3":"status-publish","4":"has-post-thumbnail","6":"product_cat-raziskave-kemikalije","8":"first","9":"instock","10":"shipping-taxable","11":"purchasable","12":"product-type-variable","13":"has-default-attributes"},"yoast_head":"<!-- This site is optimized with the Yoast SEO Premium plugin v20.6 (Yoast SEO v27.3) - https:\/\/yoast.com\/product\/yoast-seo-premium-wordpress\/ -->\n<title>Kupite zdravilo 4-CEC na spletu - (4-kloroetkatinon) | Good Dealers Meds<\/title>\n<meta name=\"description\" content=\"Kupite zdravilo 4-CEC na spletu. To je stimulativno zdravilo iz razreda katinonov, ki se je na spletu prodajalo kot dizajnersko zdravilo. Podobno je s 4-CMC.\" \/>\n<meta name=\"robots\" content=\"index, follow, max-snippet:-1, max-image-preview:large, max-video-preview:-1\" \/>\n<link rel=\"canonical\" href=\"https:\/\/gooddealersmeds.com\/sl\/product\/4-cec-zdravilo\/\" \/>\n<meta property=\"og:locale\" content=\"en_US\" \/>\n<meta property=\"og:type\" content=\"article\" \/>\n<meta property=\"og:title\" content=\"Kupite zdravilo 4-CEC prek spleta\" \/>\n<meta property=\"og:description\" content=\"Kupite zdravilo 4-CEC na spletu. To je stimulativno zdravilo iz razreda katinonov, ki se je na spletu prodajalo kot dizajnersko zdravilo. Podobno je s 4-CMC.\" \/>\n<meta property=\"og:url\" content=\"https:\/\/gooddealersmeds.com\/sl\/product\/4-cec-zdravilo\/\" \/>\n<meta property=\"og:site_name\" content=\"Good Dealers Meds\" \/>\n<meta property=\"article:modified_time\" content=\"2022-10-04T00:41:00+00:00\" \/>\n<meta property=\"og:image\" content=\"https:\/\/gooddealersmeds.com\/sl\/wp-content\/uploads\/sites\/10\/2022\/07\/4-CEC.jpg\" \/>\n\t<meta property=\"og:image:width\" content=\"600\" \/>\n\t<meta property=\"og:image:height\" content=\"600\" \/>\n\t<meta property=\"og:image:type\" content=\"image\/jpeg\" \/>\n<meta name=\"twitter:card\" content=\"summary_large_image\" \/>\n<meta name=\"twitter:label1\" content=\"Est. reading time\" \/>\n\t<meta name=\"twitter:data1\" content=\"2 minutes\" \/>\n<script type=\"application\/ld+json\" class=\"yoast-schema-graph\">{\"@context\":\"https:\\\/\\\/schema.org\",\"@graph\":[{\"@type\":\"WebPage\",\"@id\":\"https:\\\/\\\/gooddealersmeds.com\\\/sl\\\/product\\\/4-cec-zdravilo\\\/\",\"url\":\"https:\\\/\\\/gooddealersmeds.com\\\/sl\\\/product\\\/4-cec-zdravilo\\\/\",\"name\":\"Kupite zdravilo 4-CEC na spletu - (4-kloroetkatinon) | Good Dealers Meds\",\"isPartOf\":{\"@id\":\"https:\\\/\\\/gooddealersmeds.com\\\/sl\\\/#website\"},\"primaryImageOfPage\":{\"@id\":\"https:\\\/\\\/gooddealersmeds.com\\\/sl\\\/product\\\/4-cec-zdravilo\\\/#primaryimage\"},\"image\":{\"@id\":\"https:\\\/\\\/gooddealersmeds.com\\\/sl\\\/product\\\/4-cec-zdravilo\\\/#primaryimage\"},\"thumbnailUrl\":\"https:\\\/\\\/gooddealersmeds.com\\\/sl\\\/wp-content\\\/uploads\\\/sites\\\/10\\\/2022\\\/07\\\/4-CEC.jpg\",\"datePublished\":\"2022-07-03T11:36:36+00:00\",\"dateModified\":\"2022-10-04T00:41:00+00:00\",\"description\":\"Kupite zdravilo 4-CEC na spletu. To je stimulativno zdravilo iz razreda katinonov, ki se je na spletu prodajalo kot dizajnersko zdravilo. Podobno je s 4-CMC.\",\"breadcrumb\":{\"@id\":\"https:\\\/\\\/gooddealersmeds.com\\\/sl\\\/product\\\/4-cec-zdravilo\\\/#breadcrumb\"},\"inLanguage\":\"en-US\",\"potentialAction\":[{\"@type\":\"ReadAction\",\"target\":[\"https:\\\/\\\/gooddealersmeds.com\\\/sl\\\/product\\\/4-cec-zdravilo\\\/\"]}]},{\"@type\":\"ImageObject\",\"inLanguage\":\"en-US\",\"@id\":\"https:\\\/\\\/gooddealersmeds.com\\\/sl\\\/product\\\/4-cec-zdravilo\\\/#primaryimage\",\"url\":\"https:\\\/\\\/gooddealersmeds.com\\\/sl\\\/wp-content\\\/uploads\\\/sites\\\/10\\\/2022\\\/07\\\/4-CEC.jpg\",\"contentUrl\":\"https:\\\/\\\/gooddealersmeds.com\\\/sl\\\/wp-content\\\/uploads\\\/sites\\\/10\\\/2022\\\/07\\\/4-CEC.jpg\",\"width\":600,\"height\":600,\"caption\":\"Buy 4-CEC Drug Online\"},{\"@type\":\"BreadcrumbList\",\"@id\":\"https:\\\/\\\/gooddealersmeds.com\\\/sl\\\/product\\\/4-cec-zdravilo\\\/#breadcrumb\",\"itemListElement\":[{\"@type\":\"ListItem\",\"position\":1,\"name\":\"Home\",\"item\":\"https:\\\/\\\/gooddealersmeds.com\\\/sl\\\/\"},{\"@type\":\"ListItem\",\"position\":2,\"name\":\"Izdelki\",\"item\":\"https:\\\/\\\/gooddealersmeds.com\\\/sl\\\/izdelki\\\/\"},{\"@type\":\"ListItem\",\"position\":3,\"name\":\"Kupite zdravilo 4-CEC prek spleta\"}]},{\"@type\":\"WebSite\",\"@id\":\"https:\\\/\\\/gooddealersmeds.com\\\/sl\\\/#website\",\"url\":\"https:\\\/\\\/gooddealersmeds.com\\\/sl\\\/\",\"name\":\"Good Dealers Meds\",\"description\":\"All our best\",\"publisher\":{\"@id\":\"https:\\\/\\\/gooddealersmeds.com\\\/sl\\\/#organization\"},\"potentialAction\":[{\"@type\":\"SearchAction\",\"target\":{\"@type\":\"EntryPoint\",\"urlTemplate\":\"https:\\\/\\\/gooddealersmeds.com\\\/sl\\\/?s={search_term_string}\"},\"query-input\":{\"@type\":\"PropertyValueSpecification\",\"valueRequired\":true,\"valueName\":\"search_term_string\"}}],\"inLanguage\":\"en-US\"},{\"@type\":\"Organization\",\"@id\":\"https:\\\/\\\/gooddealersmeds.com\\\/sl\\\/#organization\",\"name\":\"Good Dealers Meds\",\"url\":\"https:\\\/\\\/gooddealersmeds.com\\\/sl\\\/\",\"logo\":{\"@type\":\"ImageObject\",\"inLanguage\":\"en-US\",\"@id\":\"https:\\\/\\\/gooddealersmeds.com\\\/sl\\\/#\\\/schema\\\/logo\\\/image\\\/\",\"url\":\"https:\\\/\\\/gooddealersmeds.com\\\/sl\\\/wp-content\\\/uploads\\\/sites\\\/10\\\/2022\\\/03\\\/gooddealersmeds__logo__20220317T222800Z.00.png\",\"contentUrl\":\"https:\\\/\\\/gooddealersmeds.com\\\/sl\\\/wp-content\\\/uploads\\\/sites\\\/10\\\/2022\\\/03\\\/gooddealersmeds__logo__20220317T222800Z.00.png\",\"width\":500,\"height\":325,\"caption\":\"Good Dealers Meds\"},\"image\":{\"@id\":\"https:\\\/\\\/gooddealersmeds.com\\\/sl\\\/#\\\/schema\\\/logo\\\/image\\\/\"}}]}<\/script>\n<!-- \/ Yoast SEO Premium plugin. -->","yoast_head_json":{"title":"Kupite zdravilo 4-CEC na spletu - (4-kloroetkatinon) | Good Dealers Meds","description":"Kupite zdravilo 4-CEC na spletu. To je stimulativno zdravilo iz razreda katinonov, ki se je na spletu prodajalo kot dizajnersko zdravilo. Podobno je s 4-CMC.","robots":{"index":"index","follow":"follow","max-snippet":"max-snippet:-1","max-image-preview":"max-image-preview:large","max-video-preview":"max-video-preview:-1"},"canonical":"https:\/\/gooddealersmeds.com\/sl\/product\/4-cec-zdravilo\/","og_locale":"en_US","og_type":"article","og_title":"Kupite zdravilo 4-CEC prek spleta","og_description":"Kupite zdravilo 4-CEC na spletu. To je stimulativno zdravilo iz razreda katinonov, ki se je na spletu prodajalo kot dizajnersko zdravilo. Podobno je s 4-CMC.","og_url":"https:\/\/gooddealersmeds.com\/sl\/product\/4-cec-zdravilo\/","og_site_name":"Good Dealers Meds","article_modified_time":"2022-10-04T00:41:00+00:00","og_image":[{"width":600,"height":600,"url":"https:\/\/gooddealersmeds.com\/sl\/wp-content\/uploads\/sites\/10\/2022\/07\/4-CEC.jpg","type":"image\/jpeg"}],"twitter_card":"summary_large_image","twitter_misc":{"Est. reading time":"2 minutes"},"schema":{"@context":"https:\/\/schema.org","@graph":[{"@type":"WebPage","@id":"https:\/\/gooddealersmeds.com\/sl\/product\/4-cec-zdravilo\/","url":"https:\/\/gooddealersmeds.com\/sl\/product\/4-cec-zdravilo\/","name":"Kupite zdravilo 4-CEC na spletu - (4-kloroetkatinon) | Good Dealers Meds","isPartOf":{"@id":"https:\/\/gooddealersmeds.com\/sl\/#website"},"primaryImageOfPage":{"@id":"https:\/\/gooddealersmeds.com\/sl\/product\/4-cec-zdravilo\/#primaryimage"},"image":{"@id":"https:\/\/gooddealersmeds.com\/sl\/product\/4-cec-zdravilo\/#primaryimage"},"thumbnailUrl":"https:\/\/gooddealersmeds.com\/sl\/wp-content\/uploads\/sites\/10\/2022\/07\/4-CEC.jpg","datePublished":"2022-07-03T11:36:36+00:00","dateModified":"2022-10-04T00:41:00+00:00","description":"Kupite zdravilo 4-CEC na spletu. To je stimulativno zdravilo iz razreda katinonov, ki se je na spletu prodajalo kot dizajnersko zdravilo. Podobno je s 4-CMC.","breadcrumb":{"@id":"https:\/\/gooddealersmeds.com\/sl\/product\/4-cec-zdravilo\/#breadcrumb"},"inLanguage":"en-US","potentialAction":[{"@type":"ReadAction","target":["https:\/\/gooddealersmeds.com\/sl\/product\/4-cec-zdravilo\/"]}]},{"@type":"ImageObject","inLanguage":"en-US","@id":"https:\/\/gooddealersmeds.com\/sl\/product\/4-cec-zdravilo\/#primaryimage","url":"https:\/\/gooddealersmeds.com\/sl\/wp-content\/uploads\/sites\/10\/2022\/07\/4-CEC.jpg","contentUrl":"https:\/\/gooddealersmeds.com\/sl\/wp-content\/uploads\/sites\/10\/2022\/07\/4-CEC.jpg","width":600,"height":600,"caption":"Buy 4-CEC Drug Online"},{"@type":"BreadcrumbList","@id":"https:\/\/gooddealersmeds.com\/sl\/product\/4-cec-zdravilo\/#breadcrumb","itemListElement":[{"@type":"ListItem","position":1,"name":"Home","item":"https:\/\/gooddealersmeds.com\/sl\/"},{"@type":"ListItem","position":2,"name":"Izdelki","item":"https:\/\/gooddealersmeds.com\/sl\/izdelki\/"},{"@type":"ListItem","position":3,"name":"Kupite zdravilo 4-CEC prek spleta"}]},{"@type":"WebSite","@id":"https:\/\/gooddealersmeds.com\/sl\/#website","url":"https:\/\/gooddealersmeds.com\/sl\/","name":"Good Dealers Meds","description":"All our best","publisher":{"@id":"https:\/\/gooddealersmeds.com\/sl\/#organization"},"potentialAction":[{"@type":"SearchAction","target":{"@type":"EntryPoint","urlTemplate":"https:\/\/gooddealersmeds.com\/sl\/?s={search_term_string}"},"query-input":{"@type":"PropertyValueSpecification","valueRequired":true,"valueName":"search_term_string"}}],"inLanguage":"en-US"},{"@type":"Organization","@id":"https:\/\/gooddealersmeds.com\/sl\/#organization","name":"Good Dealers Meds","url":"https:\/\/gooddealersmeds.com\/sl\/","logo":{"@type":"ImageObject","inLanguage":"en-US","@id":"https:\/\/gooddealersmeds.com\/sl\/#\/schema\/logo\/image\/","url":"https:\/\/gooddealersmeds.com\/sl\/wp-content\/uploads\/sites\/10\/2022\/03\/gooddealersmeds__logo__20220317T222800Z.00.png","contentUrl":"https:\/\/gooddealersmeds.com\/sl\/wp-content\/uploads\/sites\/10\/2022\/03\/gooddealersmeds__logo__20220317T222800Z.00.png","width":500,"height":325,"caption":"Good Dealers Meds"},"image":{"@id":"https:\/\/gooddealersmeds.com\/sl\/#\/schema\/logo\/image\/"}}]}},"_links":{"self":[{"href":"https:\/\/gooddealersmeds.com\/sl\/wp-json\/wp\/v2\/product\/1877","targetHints":{"allow":["GET"]}}],"collection":[{"href":"https:\/\/gooddealersmeds.com\/sl\/wp-json\/wp\/v2\/product"}],"about":[{"href":"https:\/\/gooddealersmeds.com\/sl\/wp-json\/wp\/v2\/types\/product"}],"replies":[{"embeddable":true,"href":"https:\/\/gooddealersmeds.com\/sl\/wp-json\/wp\/v2\/comments?post=1877"}],"wp:featuredmedia":[{"embeddable":true,"href":"https:\/\/gooddealersmeds.com\/sl\/wp-json\/wp\/v2\/media\/1884"}],"wp:attachment":[{"href":"https:\/\/gooddealersmeds.com\/sl\/wp-json\/wp\/v2\/media?parent=1877"}],"wp:term":[{"taxonomy":"product_brand","embeddable":true,"href":"https:\/\/gooddealersmeds.com\/sl\/wp-json\/wp\/v2\/product_brand?post=1877"},{"taxonomy":"product_cat","embeddable":true,"href":"https:\/\/gooddealersmeds.com\/sl\/wp-json\/wp\/v2\/product_cat?post=1877"},{"taxonomy":"product_tag","embeddable":true,"href":"https:\/\/gooddealersmeds.com\/sl\/wp-json\/wp\/v2\/product_tag?post=1877"}],"curies":[{"name":"wp","href":"https:\/\/api.w.org\/{rel}","templated":true}]}}