{"id":1875,"date":"2022-06-30T00:12:13","date_gmt":"2022-06-30T00:12:13","guid":{"rendered":"https:\/\/gooddealersmeds.com\/sl\/?post_type=product&#038;p=1875"},"modified":"2022-10-04T00:41:08","modified_gmt":"2022-10-04T00:41:08","slug":"skrlatna-kraljica","status":"publish","type":"product","link":"https:\/\/gooddealersmeds.com\/sl\/product\/skrlatna-kraljica\/","title":{"rendered":"Kupite Purple Queen na spletu"},"content":{"rendered":"<p><strong>Kupite Purple Queen na spletu<\/strong><\/p>\n<p>Purple Queen na spletu je zdravilo, ki se uporablja pri zdravljenju \u0161tevilnih stanj. Odobrila ga je FDA in \u0161tevilne druge dr\u017eave po svetu. Je mo\u010dan antidepresiv, ki deluje tako, da blokira prenos serotonina, norepinefrina, dopamina in drugih nevrotransmiterjev v mo\u017eganih. Ko se to zgodi, se boste po\u010dutili sre\u010dnej\u0161e, bolj spro\u0161\u010dene in bolj\u0161ega razpolo\u017eenja.<\/p>\n<p>Purple Queen Online je zdravilo, ki se uporablja za zdravljenje depresije. Deluje tako, da spodbuja proizvodnjo dolo\u010denih kemikalij v mo\u017eganih.<\/p>\n<p>Purple Queen Online ni za vsakogar \u2013 uporabljajte ga le, \u010de ste neuspe\u0161no poskusili druga zdravila.<\/p>\n<p>The dobra novica je, da je Purple Queen Online odobrila FDA in se na splo\u0161no \u0161teje za varnega za uporabo. Vendar pa lahko pri nekaterih ljudeh povzro\u010di ne\u017eelene u\u010dinke, zato je pomembno, da se pred jemanjem tega zdravila posvetujete s svojim zdravnikom, \u010de imate kakr\u0161na koli vpra\u0161anja ali pomisleke glede njegove uporabe.<\/p>\n<p>Purple Queen Online deluje najbolje, \u010de ga jemljete redni urnik, zato ga ne priporo\u010damo kot nadomestek za terapijo ali svetovanje. \u010ce se odlo\u010dite poskusiti, ne da bi se prej posvetovali s svojim zdravnikom, mu povejte, katere korake nameravate narediti, preden za\u010dnete zdravljenje z Purple Queen Online.<\/p>\n<p>Purple Queen je na voljo v obliki tablet, ki so v stekleni\u010dki, ki vsebuje 120 tablete (po 30 mg). To zdravilo je treba jemati peroralno 30 minut pred obroki z veliko vode.<\/p>\n<p><strong>\u00a0<\/strong><\/p>\n<p><strong>Zakaj kupiti Purple Queen na spletu?<\/strong><\/p>\n<p>Najbolj\u0161i na\u010din, da dobite Purple Queen Online, je, da jo kupite od zaupanja vrednega trgovca, ki \u017ee leta prodaja mamila. Lahko jim zaupate, saj vedo, kako poskrbeti, da boste brez te\u017eav in stranskih u\u010dinkov dobili najbolj\u0161e zdravilo za va\u0161e potrebe. Imajo obse\u017eno znanje o razli\u010dnih vrstah zdravil in njihovem delovanju na va\u0161e telo, zato lahko hitro in enostavno najdejo pravo za vas.<\/p>\n<p>Purple Queen lahko kupite prek spleta pri Good Dealers Meds. <\/p>\n","protected":false},"excerpt":{"rendered":"<p>Purple Queen je \u010dista indica licen\u010dnina. Z zdru\u017eevanjem najbolj izmuzljivih in visoko cenjenih vijoli\u010dnih fenotipov gorskih sort Kush so mojstri \u017elahtniteljev pri Royal Queen Seeds razvili edinstven hibrid Kush. Od Purple Queen lahko pri\u010dakujete \u017eivahne vijoli\u010dne barve, ostre arome borovega goriva in globoko prodoren, fizi\u010dno okamenel u\u010dinek.<\/p>\n","protected":false},"featured_media":1876,"comment_status":"open","ping_status":"closed","template":"","meta":{"inline_featured_image":false},"product_brand":[],"product_cat":[348],"product_tag":[452,453,454,455,474,475,476,477,478,479,480,481,461,489,490,456,460,462,464,465,463,467,468,469,470,483,484,411,486,485,457,458,451,459,472,466,473,471,487,488,482],"class_list":{"0":"post-1875","1":"product","2":"type-product","3":"status-publish","4":"has-post-thumbnail","6":"product_cat-marihuana","7":"product_tag-can-i-buy-cannabis","8":"product_tag-cannabis-buds-for-sale","9":"product_tag-cannabis-capsules-for-sale","10":"product_tag-cannabis-cigarettes-for-sale","11":"product_tag-cannabis-plants-for-sale-uk","12":"product_tag-cannabis-pollen-for-sale","13":"product_tag-cannabis-resin-for-sale","14":"product_tag-cannabis-sale-uk","15":"product_tag-cannabis-seeds-for-sale-in-england","16":"product_tag-cannabis-terpenes-for-sale","17":"product_tag-cannabis-vaporizer-for-sale","18":"product_tag-cheap-cannabis-seeds-for-sale","19":"product_tag-konoplja-uitna-za-prodajo","20":"product_tag-kje-lahko-dobim-konopljo","21":"product_tag-kje-naroiti-konopljo","22":"product_tag-kloni-konoplje-za-prodajo","23":"product_tag-konoplja-e-tekoina-za-prodajo","24":"product_tag-konoplja-za-prodajo","25":"product_tag-konoplja-za-prodajo-online-uk","26":"product_tag-konoplja-za-prodajo-uk","27":"product_tag-konoplja-za-prodajo-na-spletu","28":"product_tag-konopljine-luke-za-prodajo","29":"product_tag-konopljino-olje-naprodaj","30":"product_tag-konopljino-olje-za-prodajo-spletu","31":"product_tag-konopljino-olje-za-prodajo-uk","32":"product_tag-legal-cannabis-for-sale","33":"product_tag-legal-cannabis-for-sale-uk","34":"product_tag-marihuana-za-prodajo","35":"product_tag-marijuana-seeds-for-sale","36":"product_tag-marihuano-olje-za-prodajo","37":"product_tag-konopljini-potaknjenci-za-prodajo","38":"product_tag-potaknjenci-konoplje-za-prodajo-uk","39":"product_tag-100-konopljinega-olja-naprodaj","40":"product_tag-konoplja-e-cigarete-za-prodajo","41":"product_tag-konoplja-rastlina-za-prodajo","42":"product_tag-otori-za-gojenje-konoplje-prodajajo","43":"product_tag-rastline-konoplje-za-prodajo","44":"product_tag-konoplja-rastlina-hrana-za-prodajo","45":"product_tag-sintetina-konoplja-za-prodajo","46":"product_tag-thc-konopljino-olje-za-prodajo","47":"product_tag-zelina-konoplja-za-prodajo","49":"first","50":"instock","51":"shipping-taxable","52":"purchasable","53":"product-type-simple"},"yoast_head":"<!-- This site is optimized with the Yoast SEO Premium plugin v20.6 (Yoast SEO v27.3) - https:\/\/yoast.com\/product\/yoast-seo-premium-wordpress\/ -->\n<title>Kupi Purple Queen na spletu - Naro\u010di marihuano | Good Dealers Meds<\/title>\n<meta name=\"description\" content=\"\u017delite kupiti Purple Queen prek spleta po dostopnih cenah \uff06 dobite jo dostavljeno na va\u0161 prag. Po\u0161iljamo po vsem svetu, zadovoljstvo zagotovljeno.\" \/>\n<meta name=\"robots\" content=\"index, follow, max-snippet:-1, max-image-preview:large, max-video-preview:-1\" \/>\n<link rel=\"canonical\" href=\"https:\/\/gooddealersmeds.com\/sl\/product\/skrlatna-kraljica\/\" \/>\n<meta property=\"og:locale\" content=\"en_US\" \/>\n<meta property=\"og:type\" content=\"article\" \/>\n<meta property=\"og:title\" content=\"Kupite Purple Queen na spletu\" \/>\n<meta property=\"og:description\" content=\"\u017delite kupiti Purple Queen prek spleta po dostopnih cenah \uff06 dobite jo dostavljeno na va\u0161 prag. Po\u0161iljamo po vsem svetu, zadovoljstvo zagotovljeno.\" \/>\n<meta property=\"og:url\" content=\"https:\/\/gooddealersmeds.com\/sl\/product\/skrlatna-kraljica\/\" \/>\n<meta property=\"og:site_name\" content=\"Good Dealers Meds\" \/>\n<meta property=\"article:modified_time\" content=\"2022-10-04T00:41:08+00:00\" \/>\n<meta property=\"og:image\" content=\"https:\/\/gooddealersmeds.com\/sl\/wp-content\/uploads\/sites\/10\/2022\/06\/PURPLE-QUEEN.jpg\" \/>\n\t<meta property=\"og:image:width\" content=\"600\" \/>\n\t<meta property=\"og:image:height\" content=\"600\" \/>\n\t<meta property=\"og:image:type\" content=\"image\/jpeg\" \/>\n<meta name=\"twitter:card\" content=\"summary_large_image\" \/>\n<meta name=\"twitter:label1\" content=\"Est. reading time\" \/>\n\t<meta name=\"twitter:data1\" content=\"2 minutes\" \/>\n<script type=\"application\/ld+json\" class=\"yoast-schema-graph\">{\"@context\":\"https:\\\/\\\/schema.org\",\"@graph\":[{\"@type\":\"WebPage\",\"@id\":\"https:\\\/\\\/gooddealersmeds.com\\\/sl\\\/product\\\/skrlatna-kraljica\\\/\",\"url\":\"https:\\\/\\\/gooddealersmeds.com\\\/sl\\\/product\\\/skrlatna-kraljica\\\/\",\"name\":\"Kupi Purple Queen na spletu - Naro\u010di marihuano | Good Dealers Meds\",\"isPartOf\":{\"@id\":\"https:\\\/\\\/gooddealersmeds.com\\\/sl\\\/#website\"},\"primaryImageOfPage\":{\"@id\":\"https:\\\/\\\/gooddealersmeds.com\\\/sl\\\/product\\\/skrlatna-kraljica\\\/#primaryimage\"},\"image\":{\"@id\":\"https:\\\/\\\/gooddealersmeds.com\\\/sl\\\/product\\\/skrlatna-kraljica\\\/#primaryimage\"},\"thumbnailUrl\":\"https:\\\/\\\/gooddealersmeds.com\\\/sl\\\/wp-content\\\/uploads\\\/sites\\\/10\\\/2022\\\/06\\\/PURPLE-QUEEN.jpg\",\"datePublished\":\"2022-06-30T00:12:13+00:00\",\"dateModified\":\"2022-10-04T00:41:08+00:00\",\"description\":\"\u017delite kupiti Purple Queen prek spleta po dostopnih cenah \uff06 dobite jo dostavljeno na va\u0161 prag. Po\u0161iljamo po vsem svetu, zadovoljstvo zagotovljeno.\",\"breadcrumb\":{\"@id\":\"https:\\\/\\\/gooddealersmeds.com\\\/sl\\\/product\\\/skrlatna-kraljica\\\/#breadcrumb\"},\"inLanguage\":\"en-US\",\"potentialAction\":[{\"@type\":\"ReadAction\",\"target\":[\"https:\\\/\\\/gooddealersmeds.com\\\/sl\\\/product\\\/skrlatna-kraljica\\\/\"]}]},{\"@type\":\"ImageObject\",\"inLanguage\":\"en-US\",\"@id\":\"https:\\\/\\\/gooddealersmeds.com\\\/sl\\\/product\\\/skrlatna-kraljica\\\/#primaryimage\",\"url\":\"https:\\\/\\\/gooddealersmeds.com\\\/sl\\\/wp-content\\\/uploads\\\/sites\\\/10\\\/2022\\\/06\\\/PURPLE-QUEEN.jpg\",\"contentUrl\":\"https:\\\/\\\/gooddealersmeds.com\\\/sl\\\/wp-content\\\/uploads\\\/sites\\\/10\\\/2022\\\/06\\\/PURPLE-QUEEN.jpg\",\"width\":600,\"height\":600,\"caption\":\"Buy Purple Queen Online\"},{\"@type\":\"BreadcrumbList\",\"@id\":\"https:\\\/\\\/gooddealersmeds.com\\\/sl\\\/product\\\/skrlatna-kraljica\\\/#breadcrumb\",\"itemListElement\":[{\"@type\":\"ListItem\",\"position\":1,\"name\":\"Home\",\"item\":\"https:\\\/\\\/gooddealersmeds.com\\\/sl\\\/\"},{\"@type\":\"ListItem\",\"position\":2,\"name\":\"Izdelki\",\"item\":\"https:\\\/\\\/gooddealersmeds.com\\\/sl\\\/izdelki\\\/\"},{\"@type\":\"ListItem\",\"position\":3,\"name\":\"Kupite Purple Queen na spletu\"}]},{\"@type\":\"WebSite\",\"@id\":\"https:\\\/\\\/gooddealersmeds.com\\\/sl\\\/#website\",\"url\":\"https:\\\/\\\/gooddealersmeds.com\\\/sl\\\/\",\"name\":\"Good Dealers Meds\",\"description\":\"All our best\",\"publisher\":{\"@id\":\"https:\\\/\\\/gooddealersmeds.com\\\/sl\\\/#organization\"},\"potentialAction\":[{\"@type\":\"SearchAction\",\"target\":{\"@type\":\"EntryPoint\",\"urlTemplate\":\"https:\\\/\\\/gooddealersmeds.com\\\/sl\\\/?s={search_term_string}\"},\"query-input\":{\"@type\":\"PropertyValueSpecification\",\"valueRequired\":true,\"valueName\":\"search_term_string\"}}],\"inLanguage\":\"en-US\"},{\"@type\":\"Organization\",\"@id\":\"https:\\\/\\\/gooddealersmeds.com\\\/sl\\\/#organization\",\"name\":\"Good Dealers Meds\",\"url\":\"https:\\\/\\\/gooddealersmeds.com\\\/sl\\\/\",\"logo\":{\"@type\":\"ImageObject\",\"inLanguage\":\"en-US\",\"@id\":\"https:\\\/\\\/gooddealersmeds.com\\\/sl\\\/#\\\/schema\\\/logo\\\/image\\\/\",\"url\":\"https:\\\/\\\/gooddealersmeds.com\\\/sl\\\/wp-content\\\/uploads\\\/sites\\\/10\\\/2022\\\/03\\\/gooddealersmeds__logo__20220317T222800Z.00.png\",\"contentUrl\":\"https:\\\/\\\/gooddealersmeds.com\\\/sl\\\/wp-content\\\/uploads\\\/sites\\\/10\\\/2022\\\/03\\\/gooddealersmeds__logo__20220317T222800Z.00.png\",\"width\":500,\"height\":325,\"caption\":\"Good Dealers Meds\"},\"image\":{\"@id\":\"https:\\\/\\\/gooddealersmeds.com\\\/sl\\\/#\\\/schema\\\/logo\\\/image\\\/\"}}]}<\/script>\n<!-- \/ Yoast SEO Premium plugin. -->","yoast_head_json":{"title":"Kupi Purple Queen na spletu - Naro\u010di marihuano | Good Dealers Meds","description":"\u017delite kupiti Purple Queen prek spleta po dostopnih cenah \uff06 dobite jo dostavljeno na va\u0161 prag. Po\u0161iljamo po vsem svetu, zadovoljstvo zagotovljeno.","robots":{"index":"index","follow":"follow","max-snippet":"max-snippet:-1","max-image-preview":"max-image-preview:large","max-video-preview":"max-video-preview:-1"},"canonical":"https:\/\/gooddealersmeds.com\/sl\/product\/skrlatna-kraljica\/","og_locale":"en_US","og_type":"article","og_title":"Kupite Purple Queen na spletu","og_description":"\u017delite kupiti Purple Queen prek spleta po dostopnih cenah \uff06 dobite jo dostavljeno na va\u0161 prag. Po\u0161iljamo po vsem svetu, zadovoljstvo zagotovljeno.","og_url":"https:\/\/gooddealersmeds.com\/sl\/product\/skrlatna-kraljica\/","og_site_name":"Good Dealers Meds","article_modified_time":"2022-10-04T00:41:08+00:00","og_image":[{"width":600,"height":600,"url":"https:\/\/gooddealersmeds.com\/sl\/wp-content\/uploads\/sites\/10\/2022\/06\/PURPLE-QUEEN.jpg","type":"image\/jpeg"}],"twitter_card":"summary_large_image","twitter_misc":{"Est. reading time":"2 minutes"},"schema":{"@context":"https:\/\/schema.org","@graph":[{"@type":"WebPage","@id":"https:\/\/gooddealersmeds.com\/sl\/product\/skrlatna-kraljica\/","url":"https:\/\/gooddealersmeds.com\/sl\/product\/skrlatna-kraljica\/","name":"Kupi Purple Queen na spletu - Naro\u010di marihuano | Good Dealers Meds","isPartOf":{"@id":"https:\/\/gooddealersmeds.com\/sl\/#website"},"primaryImageOfPage":{"@id":"https:\/\/gooddealersmeds.com\/sl\/product\/skrlatna-kraljica\/#primaryimage"},"image":{"@id":"https:\/\/gooddealersmeds.com\/sl\/product\/skrlatna-kraljica\/#primaryimage"},"thumbnailUrl":"https:\/\/gooddealersmeds.com\/sl\/wp-content\/uploads\/sites\/10\/2022\/06\/PURPLE-QUEEN.jpg","datePublished":"2022-06-30T00:12:13+00:00","dateModified":"2022-10-04T00:41:08+00:00","description":"\u017delite kupiti Purple Queen prek spleta po dostopnih cenah \uff06 dobite jo dostavljeno na va\u0161 prag. Po\u0161iljamo po vsem svetu, zadovoljstvo zagotovljeno.","breadcrumb":{"@id":"https:\/\/gooddealersmeds.com\/sl\/product\/skrlatna-kraljica\/#breadcrumb"},"inLanguage":"en-US","potentialAction":[{"@type":"ReadAction","target":["https:\/\/gooddealersmeds.com\/sl\/product\/skrlatna-kraljica\/"]}]},{"@type":"ImageObject","inLanguage":"en-US","@id":"https:\/\/gooddealersmeds.com\/sl\/product\/skrlatna-kraljica\/#primaryimage","url":"https:\/\/gooddealersmeds.com\/sl\/wp-content\/uploads\/sites\/10\/2022\/06\/PURPLE-QUEEN.jpg","contentUrl":"https:\/\/gooddealersmeds.com\/sl\/wp-content\/uploads\/sites\/10\/2022\/06\/PURPLE-QUEEN.jpg","width":600,"height":600,"caption":"Buy Purple Queen Online"},{"@type":"BreadcrumbList","@id":"https:\/\/gooddealersmeds.com\/sl\/product\/skrlatna-kraljica\/#breadcrumb","itemListElement":[{"@type":"ListItem","position":1,"name":"Home","item":"https:\/\/gooddealersmeds.com\/sl\/"},{"@type":"ListItem","position":2,"name":"Izdelki","item":"https:\/\/gooddealersmeds.com\/sl\/izdelki\/"},{"@type":"ListItem","position":3,"name":"Kupite Purple Queen na spletu"}]},{"@type":"WebSite","@id":"https:\/\/gooddealersmeds.com\/sl\/#website","url":"https:\/\/gooddealersmeds.com\/sl\/","name":"Good Dealers Meds","description":"All our best","publisher":{"@id":"https:\/\/gooddealersmeds.com\/sl\/#organization"},"potentialAction":[{"@type":"SearchAction","target":{"@type":"EntryPoint","urlTemplate":"https:\/\/gooddealersmeds.com\/sl\/?s={search_term_string}"},"query-input":{"@type":"PropertyValueSpecification","valueRequired":true,"valueName":"search_term_string"}}],"inLanguage":"en-US"},{"@type":"Organization","@id":"https:\/\/gooddealersmeds.com\/sl\/#organization","name":"Good Dealers Meds","url":"https:\/\/gooddealersmeds.com\/sl\/","logo":{"@type":"ImageObject","inLanguage":"en-US","@id":"https:\/\/gooddealersmeds.com\/sl\/#\/schema\/logo\/image\/","url":"https:\/\/gooddealersmeds.com\/sl\/wp-content\/uploads\/sites\/10\/2022\/03\/gooddealersmeds__logo__20220317T222800Z.00.png","contentUrl":"https:\/\/gooddealersmeds.com\/sl\/wp-content\/uploads\/sites\/10\/2022\/03\/gooddealersmeds__logo__20220317T222800Z.00.png","width":500,"height":325,"caption":"Good Dealers Meds"},"image":{"@id":"https:\/\/gooddealersmeds.com\/sl\/#\/schema\/logo\/image\/"}}]}},"_links":{"self":[{"href":"https:\/\/gooddealersmeds.com\/sl\/wp-json\/wp\/v2\/product\/1875","targetHints":{"allow":["GET"]}}],"collection":[{"href":"https:\/\/gooddealersmeds.com\/sl\/wp-json\/wp\/v2\/product"}],"about":[{"href":"https:\/\/gooddealersmeds.com\/sl\/wp-json\/wp\/v2\/types\/product"}],"replies":[{"embeddable":true,"href":"https:\/\/gooddealersmeds.com\/sl\/wp-json\/wp\/v2\/comments?post=1875"}],"wp:featuredmedia":[{"embeddable":true,"href":"https:\/\/gooddealersmeds.com\/sl\/wp-json\/wp\/v2\/media\/1876"}],"wp:attachment":[{"href":"https:\/\/gooddealersmeds.com\/sl\/wp-json\/wp\/v2\/media?parent=1875"}],"wp:term":[{"taxonomy":"product_brand","embeddable":true,"href":"https:\/\/gooddealersmeds.com\/sl\/wp-json\/wp\/v2\/product_brand?post=1875"},{"taxonomy":"product_cat","embeddable":true,"href":"https:\/\/gooddealersmeds.com\/sl\/wp-json\/wp\/v2\/product_cat?post=1875"},{"taxonomy":"product_tag","embeddable":true,"href":"https:\/\/gooddealersmeds.com\/sl\/wp-json\/wp\/v2\/product_tag?post=1875"}],"curies":[{"name":"wp","href":"https:\/\/api.w.org\/{rel}","templated":true}]}}