{"id":1873,"date":"2022-06-30T00:09:17","date_gmt":"2022-06-30T00:09:17","guid":{"rendered":"https:\/\/gooddealersmeds.com\/sl\/?post_type=product&#038;p=1873"},"modified":"2022-10-04T00:41:15","modified_gmt":"2022-10-04T00:41:15","slug":"buy-hulkberry-online","status":"publish","type":"product","link":"https:\/\/gooddealersmeds.com\/sl\/product\/buy-hulkberry-online\/","title":{"rendered":"Kupite Hulkberry na spletu"},"content":{"rendered":"<p>Kupite Hulkberry na spletu v na\u0161i trgovini. Ta dama je potomec dveh zelo cenjenih sort. OG Kush in Strawberry Diesel sta se zdru\u017eila v gorah Kolorada, da bi ustvarila to mo\u010dno vla\u017eno sorto. Kon\u010dni rezultat je zdrava doza sirupastih, sadnih okusov. Ugotovljeno je bilo, da vzorci HulkBerry vsebujejo 28 % THC. \u010ceprav so jih prodajali samo v Koloradu, so bili feminizirani in se zdaj prodajajo po vsem svetu.<\/p>\n<p>Listi sorte so zapleteni, temno vijoli\u010dni in kostanjevi. Je v \u010dudovitem kontrastu z \u017eivahno bujnostjo ore\u0161\u010dkov. Nugs niso le bujni; tam je tudi mre\u017ea temno rde\u010dih dla\u010dic, ki so skoraj rjave in oran\u017ene, ki te\u010de \u010dez popek.<\/p>\n<p>HulkBerry je najnovej\u0161a sorta, ki se je pojavila na lovu za sevi z visoko mo\u010djo. Nenadoma in nepri\u010dakovano izzove mo\u010dan mo\u017eganski napad. Spravi te v psihoaktivno stanje. Nekaterim uporabnikom se bo morda zdela zastra\u0161ujo\u010da.<\/p>\n<p>\u010ceprav ta sorta zagotavlja mo\u010dno po\u017eivitev, ima tudi \u0161tevilne zdravilne lastnosti. Njegova mo\u010d se bori proti stresu, depresiji in strahu. Uporabniki lahko jemljejo majhne odmerke, dokler niso sposobni obvladovati depresije. Drugi poro\u010dajo, da sev pove\u010da njihov apetit. Njeni zalogaji so idealni za ljudi, ki trpijo zaradi slabosti.<\/p>\n<p>Feminizirana semena HulkBerry so ena najbolj priljubljenih vrst medicinske marihuane na dana\u0161njem trgu. Ta semena so znana po svojih mo\u010dnih zdravilnih lastnostih, ki vklju\u010dujejo laj\u0161anje bole\u010din, anksioznosti, depresije in izgube apetita. Znana so tudi po visoki vsebnosti THC, zaradi \u010desar so priljubljena izbira med bolniki z medicinsko marihuano.<\/p>\n<p>Poleg zdravilnih lastnosti so semena znana tudi po izrazitem okusu in aromi. Okus in aroma sta pogosto opisana kot zemeljska in citrusna. Semena so priljubljena med bolniki marihuane v medicinske namene in med rekreativnimi uporabniki marihuane.<\/p>\n<p>Zagotavljamo kakovostne jagode hulkberry, kupite hulkberry na spletu pri na\u0161em <a href=\"https:\/\/gooddealersmeds.com\/sl\/products\/\"> trgovina<\/a>. Na\u0161a spletna trgovina daje pacientom tudi sredstva, ki jih potrebujejo za obvladovanje ADHD in ob\u010dutek ve\u010dje kontrole nad svojim \u017eivljenjem.<\/p>\n","protected":false},"excerpt":{"rendered":"<p>HulkBerry je alter-ego Neverjetnega Hulka. Ta superjunak sinsemilla je tukaj, da re\u0161i zalogo glave. Nekje v Skalnem gorovju Kolorada sta tr\u010dili mo\u010dni skupini OG Kush in Strawberry Diesel. Zdaj val THC-ja \u0161iri Evropo.<\/p>\n","protected":false},"featured_media":1874,"comment_status":"open","ping_status":"closed","template":"","meta":{"inline_featured_image":false},"product_brand":[],"product_cat":[348],"product_tag":[434,438,439,376,440,446,445,449,450,448,437,435,374,436,442,411,415,444,443,420,441,447],"class_list":{"0":"post-1873","1":"product","2":"type-product","3":"status-publish","4":"has-post-thumbnail","6":"product_cat-marihuana","7":"product_tag-amsterdamski-plevel","8":"product_tag-buying-weed-online","9":"product_tag-cannbis-for-you","10":"product_tag-ganja-naprodaj","11":"product_tag-how-to-order-weed-online","12":"product_tag-kakovostni-plevel-na-spletu","13":"product_tag-kakovostna-konoplja-na-spletu","14":"product_tag-kje-dobiti-marihuano-v-londonu","15":"product_tag-kje-dobiti-travo-v-uk","16":"product_tag-kje-kupiti-marihuano","17":"product_tag-buy-weed-near-me","18":"product_tag-buy-ganja-online","19":"product_tag-kupi-poceni-plevel-na-spletu","20":"product_tag-buy-weed-by-mail","21":"product_tag-marihuana-na-spletu","22":"product_tag-marihuana-za-prodajo","23":"product_tag-marijuana-supplier","24":"product_tag-naroilo-plevela-na-spletu","25":"product_tag-red-ganja-tukaj","26":"product_tag-plevel-za-prodajo","27":"product_tag-spletna-trgovina-kush","28":"product_tag-thc","30":"first","31":"instock","32":"shipping-taxable","33":"purchasable","34":"product-type-simple"},"yoast_head":"<!-- This site is optimized with the Yoast SEO Premium plugin v20.6 (Yoast SEO v27.3) - https:\/\/yoast.com\/product\/yoast-seo-premium-wordpress\/ -->\n<title>Kupi Hulkberry na spletu | Nakup kakovostnih sort plevela na spletu | Kush tukaj<\/title>\n<meta name=\"description\" content=\"Kupite Hulkberry na spletu, dobavljamo plevel dobre kakovosti po dostopnih cenah, kupite tukaj in pridobite seve razreda A+. Po\u0161iljamo po vsej Evropi.\" \/>\n<meta name=\"robots\" content=\"index, follow, max-snippet:-1, max-image-preview:large, max-video-preview:-1\" \/>\n<link rel=\"canonical\" href=\"https:\/\/gooddealersmeds.com\/sl\/product\/buy-hulkberry-online\/\" \/>\n<meta property=\"og:locale\" content=\"en_US\" \/>\n<meta property=\"og:type\" content=\"article\" \/>\n<meta property=\"og:title\" content=\"Kupite Hulkberry na spletu\" \/>\n<meta property=\"og:description\" content=\"Kupite Hulkberry na spletu, dobavljamo plevel dobre kakovosti po dostopnih cenah, kupite tukaj in pridobite seve razreda A+. Po\u0161iljamo po vsej Evropi.\" \/>\n<meta property=\"og:url\" content=\"https:\/\/gooddealersmeds.com\/sl\/product\/buy-hulkberry-online\/\" \/>\n<meta property=\"og:site_name\" content=\"Good Dealers Meds\" \/>\n<meta property=\"article:modified_time\" content=\"2022-10-04T00:41:15+00:00\" \/>\n<meta property=\"og:image\" content=\"https:\/\/gooddealersmeds.com\/sl\/wp-content\/uploads\/sites\/10\/2022\/06\/HULKBERRY.jpg\" \/>\n\t<meta property=\"og:image:width\" content=\"600\" \/>\n\t<meta property=\"og:image:height\" content=\"600\" \/>\n\t<meta property=\"og:image:type\" content=\"image\/jpeg\" \/>\n<meta name=\"twitter:card\" content=\"summary_large_image\" \/>\n<meta name=\"twitter:label1\" content=\"Est. reading time\" \/>\n\t<meta name=\"twitter:data1\" content=\"2 minutes\" \/>\n<script type=\"application\/ld+json\" class=\"yoast-schema-graph\">{\"@context\":\"https:\\\/\\\/schema.org\",\"@graph\":[{\"@type\":\"WebPage\",\"@id\":\"https:\\\/\\\/gooddealersmeds.com\\\/sl\\\/product\\\/buy-hulkberry-online\\\/\",\"url\":\"https:\\\/\\\/gooddealersmeds.com\\\/sl\\\/product\\\/buy-hulkberry-online\\\/\",\"name\":\"Kupi Hulkberry na spletu | Nakup kakovostnih sort plevela na spletu | Kush tukaj\",\"isPartOf\":{\"@id\":\"https:\\\/\\\/gooddealersmeds.com\\\/sl\\\/#website\"},\"primaryImageOfPage\":{\"@id\":\"https:\\\/\\\/gooddealersmeds.com\\\/sl\\\/product\\\/buy-hulkberry-online\\\/#primaryimage\"},\"image\":{\"@id\":\"https:\\\/\\\/gooddealersmeds.com\\\/sl\\\/product\\\/buy-hulkberry-online\\\/#primaryimage\"},\"thumbnailUrl\":\"https:\\\/\\\/gooddealersmeds.com\\\/sl\\\/wp-content\\\/uploads\\\/sites\\\/10\\\/2022\\\/06\\\/HULKBERRY.jpg\",\"datePublished\":\"2022-06-30T00:09:17+00:00\",\"dateModified\":\"2022-10-04T00:41:15+00:00\",\"description\":\"Kupite Hulkberry na spletu, dobavljamo plevel dobre kakovosti po dostopnih cenah, kupite tukaj in pridobite seve razreda A+. Po\u0161iljamo po vsej Evropi.\",\"breadcrumb\":{\"@id\":\"https:\\\/\\\/gooddealersmeds.com\\\/sl\\\/product\\\/buy-hulkberry-online\\\/#breadcrumb\"},\"inLanguage\":\"en-US\",\"potentialAction\":[{\"@type\":\"ReadAction\",\"target\":[\"https:\\\/\\\/gooddealersmeds.com\\\/sl\\\/product\\\/buy-hulkberry-online\\\/\"]}]},{\"@type\":\"ImageObject\",\"inLanguage\":\"en-US\",\"@id\":\"https:\\\/\\\/gooddealersmeds.com\\\/sl\\\/product\\\/buy-hulkberry-online\\\/#primaryimage\",\"url\":\"https:\\\/\\\/gooddealersmeds.com\\\/sl\\\/wp-content\\\/uploads\\\/sites\\\/10\\\/2022\\\/06\\\/HULKBERRY.jpg\",\"contentUrl\":\"https:\\\/\\\/gooddealersmeds.com\\\/sl\\\/wp-content\\\/uploads\\\/sites\\\/10\\\/2022\\\/06\\\/HULKBERRY.jpg\",\"width\":600,\"height\":600,\"caption\":\"Buy Hulkberry Online\"},{\"@type\":\"BreadcrumbList\",\"@id\":\"https:\\\/\\\/gooddealersmeds.com\\\/sl\\\/product\\\/buy-hulkberry-online\\\/#breadcrumb\",\"itemListElement\":[{\"@type\":\"ListItem\",\"position\":1,\"name\":\"Home\",\"item\":\"https:\\\/\\\/gooddealersmeds.com\\\/sl\\\/\"},{\"@type\":\"ListItem\",\"position\":2,\"name\":\"Izdelki\",\"item\":\"https:\\\/\\\/gooddealersmeds.com\\\/sl\\\/izdelki\\\/\"},{\"@type\":\"ListItem\",\"position\":3,\"name\":\"Kupite Hulkberry na spletu\"}]},{\"@type\":\"WebSite\",\"@id\":\"https:\\\/\\\/gooddealersmeds.com\\\/sl\\\/#website\",\"url\":\"https:\\\/\\\/gooddealersmeds.com\\\/sl\\\/\",\"name\":\"Good Dealers Meds\",\"description\":\"All our best\",\"publisher\":{\"@id\":\"https:\\\/\\\/gooddealersmeds.com\\\/sl\\\/#organization\"},\"potentialAction\":[{\"@type\":\"SearchAction\",\"target\":{\"@type\":\"EntryPoint\",\"urlTemplate\":\"https:\\\/\\\/gooddealersmeds.com\\\/sl\\\/?s={search_term_string}\"},\"query-input\":{\"@type\":\"PropertyValueSpecification\",\"valueRequired\":true,\"valueName\":\"search_term_string\"}}],\"inLanguage\":\"en-US\"},{\"@type\":\"Organization\",\"@id\":\"https:\\\/\\\/gooddealersmeds.com\\\/sl\\\/#organization\",\"name\":\"Good Dealers Meds\",\"url\":\"https:\\\/\\\/gooddealersmeds.com\\\/sl\\\/\",\"logo\":{\"@type\":\"ImageObject\",\"inLanguage\":\"en-US\",\"@id\":\"https:\\\/\\\/gooddealersmeds.com\\\/sl\\\/#\\\/schema\\\/logo\\\/image\\\/\",\"url\":\"https:\\\/\\\/gooddealersmeds.com\\\/sl\\\/wp-content\\\/uploads\\\/sites\\\/10\\\/2022\\\/03\\\/gooddealersmeds__logo__20220317T222800Z.00.png\",\"contentUrl\":\"https:\\\/\\\/gooddealersmeds.com\\\/sl\\\/wp-content\\\/uploads\\\/sites\\\/10\\\/2022\\\/03\\\/gooddealersmeds__logo__20220317T222800Z.00.png\",\"width\":500,\"height\":325,\"caption\":\"Good Dealers Meds\"},\"image\":{\"@id\":\"https:\\\/\\\/gooddealersmeds.com\\\/sl\\\/#\\\/schema\\\/logo\\\/image\\\/\"}}]}<\/script>\n<!-- \/ Yoast SEO Premium plugin. -->","yoast_head_json":{"title":"Kupi Hulkberry na spletu | Nakup kakovostnih sort plevela na spletu | Kush tukaj","description":"Kupite Hulkberry na spletu, dobavljamo plevel dobre kakovosti po dostopnih cenah, kupite tukaj in pridobite seve razreda A+. Po\u0161iljamo po vsej Evropi.","robots":{"index":"index","follow":"follow","max-snippet":"max-snippet:-1","max-image-preview":"max-image-preview:large","max-video-preview":"max-video-preview:-1"},"canonical":"https:\/\/gooddealersmeds.com\/sl\/product\/buy-hulkberry-online\/","og_locale":"en_US","og_type":"article","og_title":"Kupite Hulkberry na spletu","og_description":"Kupite Hulkberry na spletu, dobavljamo plevel dobre kakovosti po dostopnih cenah, kupite tukaj in pridobite seve razreda A+. Po\u0161iljamo po vsej Evropi.","og_url":"https:\/\/gooddealersmeds.com\/sl\/product\/buy-hulkberry-online\/","og_site_name":"Good Dealers Meds","article_modified_time":"2022-10-04T00:41:15+00:00","og_image":[{"width":600,"height":600,"url":"https:\/\/gooddealersmeds.com\/sl\/wp-content\/uploads\/sites\/10\/2022\/06\/HULKBERRY.jpg","type":"image\/jpeg"}],"twitter_card":"summary_large_image","twitter_misc":{"Est. reading time":"2 minutes"},"schema":{"@context":"https:\/\/schema.org","@graph":[{"@type":"WebPage","@id":"https:\/\/gooddealersmeds.com\/sl\/product\/buy-hulkberry-online\/","url":"https:\/\/gooddealersmeds.com\/sl\/product\/buy-hulkberry-online\/","name":"Kupi Hulkberry na spletu | Nakup kakovostnih sort plevela na spletu | Kush tukaj","isPartOf":{"@id":"https:\/\/gooddealersmeds.com\/sl\/#website"},"primaryImageOfPage":{"@id":"https:\/\/gooddealersmeds.com\/sl\/product\/buy-hulkberry-online\/#primaryimage"},"image":{"@id":"https:\/\/gooddealersmeds.com\/sl\/product\/buy-hulkberry-online\/#primaryimage"},"thumbnailUrl":"https:\/\/gooddealersmeds.com\/sl\/wp-content\/uploads\/sites\/10\/2022\/06\/HULKBERRY.jpg","datePublished":"2022-06-30T00:09:17+00:00","dateModified":"2022-10-04T00:41:15+00:00","description":"Kupite Hulkberry na spletu, dobavljamo plevel dobre kakovosti po dostopnih cenah, kupite tukaj in pridobite seve razreda A+. Po\u0161iljamo po vsej Evropi.","breadcrumb":{"@id":"https:\/\/gooddealersmeds.com\/sl\/product\/buy-hulkberry-online\/#breadcrumb"},"inLanguage":"en-US","potentialAction":[{"@type":"ReadAction","target":["https:\/\/gooddealersmeds.com\/sl\/product\/buy-hulkberry-online\/"]}]},{"@type":"ImageObject","inLanguage":"en-US","@id":"https:\/\/gooddealersmeds.com\/sl\/product\/buy-hulkberry-online\/#primaryimage","url":"https:\/\/gooddealersmeds.com\/sl\/wp-content\/uploads\/sites\/10\/2022\/06\/HULKBERRY.jpg","contentUrl":"https:\/\/gooddealersmeds.com\/sl\/wp-content\/uploads\/sites\/10\/2022\/06\/HULKBERRY.jpg","width":600,"height":600,"caption":"Buy Hulkberry Online"},{"@type":"BreadcrumbList","@id":"https:\/\/gooddealersmeds.com\/sl\/product\/buy-hulkberry-online\/#breadcrumb","itemListElement":[{"@type":"ListItem","position":1,"name":"Home","item":"https:\/\/gooddealersmeds.com\/sl\/"},{"@type":"ListItem","position":2,"name":"Izdelki","item":"https:\/\/gooddealersmeds.com\/sl\/izdelki\/"},{"@type":"ListItem","position":3,"name":"Kupite Hulkberry na spletu"}]},{"@type":"WebSite","@id":"https:\/\/gooddealersmeds.com\/sl\/#website","url":"https:\/\/gooddealersmeds.com\/sl\/","name":"Good Dealers Meds","description":"All our best","publisher":{"@id":"https:\/\/gooddealersmeds.com\/sl\/#organization"},"potentialAction":[{"@type":"SearchAction","target":{"@type":"EntryPoint","urlTemplate":"https:\/\/gooddealersmeds.com\/sl\/?s={search_term_string}"},"query-input":{"@type":"PropertyValueSpecification","valueRequired":true,"valueName":"search_term_string"}}],"inLanguage":"en-US"},{"@type":"Organization","@id":"https:\/\/gooddealersmeds.com\/sl\/#organization","name":"Good Dealers Meds","url":"https:\/\/gooddealersmeds.com\/sl\/","logo":{"@type":"ImageObject","inLanguage":"en-US","@id":"https:\/\/gooddealersmeds.com\/sl\/#\/schema\/logo\/image\/","url":"https:\/\/gooddealersmeds.com\/sl\/wp-content\/uploads\/sites\/10\/2022\/03\/gooddealersmeds__logo__20220317T222800Z.00.png","contentUrl":"https:\/\/gooddealersmeds.com\/sl\/wp-content\/uploads\/sites\/10\/2022\/03\/gooddealersmeds__logo__20220317T222800Z.00.png","width":500,"height":325,"caption":"Good Dealers Meds"},"image":{"@id":"https:\/\/gooddealersmeds.com\/sl\/#\/schema\/logo\/image\/"}}]}},"_links":{"self":[{"href":"https:\/\/gooddealersmeds.com\/sl\/wp-json\/wp\/v2\/product\/1873","targetHints":{"allow":["GET"]}}],"collection":[{"href":"https:\/\/gooddealersmeds.com\/sl\/wp-json\/wp\/v2\/product"}],"about":[{"href":"https:\/\/gooddealersmeds.com\/sl\/wp-json\/wp\/v2\/types\/product"}],"replies":[{"embeddable":true,"href":"https:\/\/gooddealersmeds.com\/sl\/wp-json\/wp\/v2\/comments?post=1873"}],"wp:featuredmedia":[{"embeddable":true,"href":"https:\/\/gooddealersmeds.com\/sl\/wp-json\/wp\/v2\/media\/1874"}],"wp:attachment":[{"href":"https:\/\/gooddealersmeds.com\/sl\/wp-json\/wp\/v2\/media?parent=1873"}],"wp:term":[{"taxonomy":"product_brand","embeddable":true,"href":"https:\/\/gooddealersmeds.com\/sl\/wp-json\/wp\/v2\/product_brand?post=1873"},{"taxonomy":"product_cat","embeddable":true,"href":"https:\/\/gooddealersmeds.com\/sl\/wp-json\/wp\/v2\/product_cat?post=1873"},{"taxonomy":"product_tag","embeddable":true,"href":"https:\/\/gooddealersmeds.com\/sl\/wp-json\/wp\/v2\/product_tag?post=1873"}],"curies":[{"name":"wp","href":"https:\/\/api.w.org\/{rel}","templated":true}]}}