{"id":1871,"date":"2022-06-30T00:04:45","date_gmt":"2022-06-30T00:04:45","guid":{"rendered":"https:\/\/gooddealersmeds.com\/sl\/?post_type=product&#038;p=1871"},"modified":"2022-10-04T00:41:21","modified_gmt":"2022-10-04T00:41:21","slug":"mast-banana","status":"publish","type":"product","link":"https:\/\/gooddealersmeds.com\/sl\/product\/mast-banana\/","title":{"rendered":"Naro\u010dite Fat Banano na spletu"},"content":{"rendered":"<h1><strong>Kupite Fat Banana Weed Strain v spletu<\/strong><\/h1>\n<p>Fat Banana Weed Strain je sorta, ki je znana po svojih zna\u010dilnostih, ki prevladujejo v indici. Fat Banana For Sale je znana po tem, da je izjemno spro\u0161\u010dujo\u010da in po\u017eivljajo\u010da, zaradi \u010desar je popolna za tiste, ki se \u017eelijo sprostiti po dolgem delovnem dnevu ali \u0161oli. Sor ima tudi sladek vonj, zaradi \u010desar ga je enostavno prepoznati, ko i\u0161\u010dete pravo marihuano v ambulanti.<\/p>\n<p>Fat Banana Weed Strain, znan tudi kot Banana OG, je mo\u010dna hibridna vrsta konoplje, ki je znan po svoji sadni, sladki aromi in okusu. Opisan je kot okus po banani in \u017eve\u010dilnem gumiju, zato je popoln za zdravljenje tesnobe in depresije. Opisan je kot okus po bananah in \u017eve\u010dilnem gumiju, zato je popoln za zdravljenje anksioznosti in depresije.<\/p>\n<p>Fat Banana Weed Strain je prejel ve\u010d nagrad za svojo medicinsko u\u010dinkovitost in sposobnost, da uporabnikom pomaga pri sprostitvi. Lahko se uporablja tudi za zmanj\u0161anje stresa in ve\u010djo osredoto\u010denost za izbolj\u0161anje produktivnosti v slu\u017ebi ali \u0161oli.<\/p>\n<p>&nbsp;<\/p>\n<p><strong>Zakaj naro\u010diti Fat Banana Weed Strain prek spleta?<\/strong> <\/p>\n<p>&nbsp;<\/p>\n<p><a href=\"https:\/\/www.leafly.com\/strains\/fat-banana\">Fat Banana Weed Strain<\/a> je eden izmed najbolj\u0161e sorte za nakup na spletu, ker jih je enostavno najti in ni treba skrbeti, da bi vas preprodajalec, ki prodaja ponarejeno travo, ogoljufal. Pravzaprav, \u010de kupite pri uglednem prodajalcu, vam bo izdelek celo poslal neposredno na dom. \u010ceprav sami radi kupujemo v ambulantah, v\u010dasih potrebujete nekaj hitrega in priro\u010dnega, ko vam zmanjkuje \u010dasa ali preprosto nimate \u010dasa, da bi se vozili naokoli in iskali nekaj posebnega. \u010ce to zveni kot vi, potem je Fat Banana Weed Strain morda ravno to, kar potrebujete!<\/p>\n<p>&nbsp;<\/p>\n<p><strong>Najbolj\u0161a mesta za nakup Fat Banana Weed Strain na spletu<\/strong><\/p>\n<p>Ker je ta vrsta tako priljubljena, lahko <a href=\"https:\/\/gooddealersmeds.com\/sl\/product\/fat-banana\/\">kupite Fat Banana Weed Strain na veliko na\u010dinov ne da bi vas prevarali trgovci, ki vam posku\u0161ajo prodati slab\u0161e izdelke<\/a>. Good Dealers Meds je najbolj\u0161e mesto za spletni nakup Fat Banana Weed Strain.<\/p>\n","protected":false},"excerpt":{"rendered":"<p>Debela banana je produkt super selektivnega procesa razvoja sevov, katerega namen je bil hibridizirati najve\u010dje, najdebelej\u0161e primerke banane OG. Zdaj vam lahko RQS ponudi najbolj\u0161e iz skupine. Debela banana ima odli\u010den okus in vsebuje resno koli\u010dino kanabinoidov.<\/p>\n","protected":false},"featured_media":1872,"comment_status":"open","ping_status":"closed","template":"","meta":{"inline_featured_image":false},"product_brand":[],"product_cat":[348],"product_tag":[399,400,429,406,407,402,404,405,432,431,433,403,398,408,409,411,412,414,415,416,418,417,420,425,424,397,427,430,426,423,396,421,422,428,410,413,401,419],"class_list":{"0":"post-1871","1":"product","2":"type-product","3":"status-publish","4":"has-post-thumbnail","6":"product_cat-marihuana","7":"product_tag-can-i-buy-weed","8":"product_tag-cheap-weed-for-sale","9":"product_tag-dobavitelj-plevela","10":"product_tag-how-to-get-weed-online","11":"product_tag-is-weed-legal","12":"product_tag-kako-lahko-naroim-marihuano","13":"product_tag-kako-pridobiti-marihuano","14":"product_tag-kako-pridobiti-travo","15":"product_tag-kje-kupiti-poceni-travo","16":"product_tag-kje-lahko-dobim-travo","17":"product_tag-kje-naroiti-travo","18":"product_tag-koliko-je-marihuana","19":"product_tag-buy-weed-online","20":"product_tag-ku-za-prodajo","21":"product_tag-legalna-trava-za-prodajo","22":"product_tag-marihuana-za-prodajo","23":"product_tag-marihuana-za-prodajo-uk","24":"product_tag-marijuana-store","25":"product_tag-marijuana-supplier","26":"product_tag-medical-benefits-of-marijuana","27":"product_tag-nakup-marihuane-na-spletu","28":"product_tag-naroanje-trave-na-spletu","29":"product_tag-plevel-za-prodajo","30":"product_tag-plevelne-rastline-za-prodajo-uk","31":"product_tag-plevelne-rastline-za-prodajo","32":"product_tag-prednosti-kajenja-marihuane","33":"product_tag-weed-sales-uk","34":"product_tag-izparilnik-plevela-prodam","35":"product_tag-plevelna-smola-za-prodajo","36":"product_tag-otori-za-gojenje-plevela-naprodaj","37":"product_tag-100-trave-za-prodajo","38":"product_tag-trava-za-prodajo-v-angliji","39":"product_tag-plevel-za-prodajo-uk","40":"product_tag-trgovina-s-plevelom","41":"product_tag-legalno-travo-za-prodajo","42":"product_tag-marihuana-zdravstvene-koristi","43":"product_tag-zdravstvene-koristi-marihuane","44":"product_tag-elim-kupiti-marihuano","46":"first","47":"instock","48":"shipping-taxable","49":"purchasable","50":"product-type-simple"},"yoast_head":"<!-- This site is optimized with the Yoast SEO Premium plugin v20.6 (Yoast SEO v27.3) - https:\/\/yoast.com\/product\/yoast-seo-premium-wordpress\/ -->\n<title>Debela banana za prodajo \u2013 naro\u010dite konopljo na spletu | Good Dealers Meds<\/title>\n<meta name=\"description\" content=\"Fat Banana for sale je hibridna vrsta marihuane, narejena s kri\u017eanjem OG Kush in Chiquita Banana. Kupite ga v na\u0161i spletni trgovini Cannabis.\" \/>\n<meta name=\"robots\" content=\"index, follow, max-snippet:-1, max-image-preview:large, max-video-preview:-1\" \/>\n<link rel=\"canonical\" href=\"https:\/\/gooddealersmeds.com\/sl\/product\/mast-banana\/\" \/>\n<meta property=\"og:locale\" content=\"en_US\" \/>\n<meta property=\"og:type\" content=\"article\" \/>\n<meta property=\"og:title\" content=\"Naro\u010dite Fat Banano na spletu\" \/>\n<meta property=\"og:description\" content=\"Fat Banana for sale je hibridna vrsta marihuane, narejena s kri\u017eanjem OG Kush in Chiquita Banana. Kupite ga v na\u0161i spletni trgovini Cannabis.\" \/>\n<meta property=\"og:url\" content=\"https:\/\/gooddealersmeds.com\/sl\/product\/mast-banana\/\" \/>\n<meta property=\"og:site_name\" content=\"Good Dealers Meds\" \/>\n<meta property=\"article:modified_time\" content=\"2022-10-04T00:41:21+00:00\" \/>\n<meta property=\"og:image\" content=\"https:\/\/gooddealersmeds.com\/sl\/wp-content\/uploads\/sites\/10\/2022\/06\/FAT-BANANA.jpg\" \/>\n\t<meta property=\"og:image:width\" content=\"600\" \/>\n\t<meta property=\"og:image:height\" content=\"600\" \/>\n\t<meta property=\"og:image:type\" content=\"image\/jpeg\" \/>\n<meta name=\"twitter:card\" content=\"summary_large_image\" \/>\n<meta name=\"twitter:label1\" content=\"Est. reading time\" \/>\n\t<meta name=\"twitter:data1\" content=\"2 minutes\" \/>\n<script type=\"application\/ld+json\" class=\"yoast-schema-graph\">{\"@context\":\"https:\\\/\\\/schema.org\",\"@graph\":[{\"@type\":\"WebPage\",\"@id\":\"https:\\\/\\\/gooddealersmeds.com\\\/sl\\\/product\\\/mast-banana\\\/\",\"url\":\"https:\\\/\\\/gooddealersmeds.com\\\/sl\\\/product\\\/mast-banana\\\/\",\"name\":\"Debela banana za prodajo \u2013 naro\u010dite konopljo na spletu | Good Dealers Meds\",\"isPartOf\":{\"@id\":\"https:\\\/\\\/gooddealersmeds.com\\\/sl\\\/#website\"},\"primaryImageOfPage\":{\"@id\":\"https:\\\/\\\/gooddealersmeds.com\\\/sl\\\/product\\\/mast-banana\\\/#primaryimage\"},\"image\":{\"@id\":\"https:\\\/\\\/gooddealersmeds.com\\\/sl\\\/product\\\/mast-banana\\\/#primaryimage\"},\"thumbnailUrl\":\"https:\\\/\\\/gooddealersmeds.com\\\/sl\\\/wp-content\\\/uploads\\\/sites\\\/10\\\/2022\\\/06\\\/FAT-BANANA.jpg\",\"datePublished\":\"2022-06-30T00:04:45+00:00\",\"dateModified\":\"2022-10-04T00:41:21+00:00\",\"description\":\"Fat Banana for sale je hibridna vrsta marihuane, narejena s kri\u017eanjem OG Kush in Chiquita Banana. Kupite ga v na\u0161i spletni trgovini Cannabis.\",\"breadcrumb\":{\"@id\":\"https:\\\/\\\/gooddealersmeds.com\\\/sl\\\/product\\\/mast-banana\\\/#breadcrumb\"},\"inLanguage\":\"en-US\",\"potentialAction\":[{\"@type\":\"ReadAction\",\"target\":[\"https:\\\/\\\/gooddealersmeds.com\\\/sl\\\/product\\\/mast-banana\\\/\"]}]},{\"@type\":\"ImageObject\",\"inLanguage\":\"en-US\",\"@id\":\"https:\\\/\\\/gooddealersmeds.com\\\/sl\\\/product\\\/mast-banana\\\/#primaryimage\",\"url\":\"https:\\\/\\\/gooddealersmeds.com\\\/sl\\\/wp-content\\\/uploads\\\/sites\\\/10\\\/2022\\\/06\\\/FAT-BANANA.jpg\",\"contentUrl\":\"https:\\\/\\\/gooddealersmeds.com\\\/sl\\\/wp-content\\\/uploads\\\/sites\\\/10\\\/2022\\\/06\\\/FAT-BANANA.jpg\",\"width\":600,\"height\":600,\"caption\":\"Buy Fat Banana Online\"},{\"@type\":\"BreadcrumbList\",\"@id\":\"https:\\\/\\\/gooddealersmeds.com\\\/sl\\\/product\\\/mast-banana\\\/#breadcrumb\",\"itemListElement\":[{\"@type\":\"ListItem\",\"position\":1,\"name\":\"Home\",\"item\":\"https:\\\/\\\/gooddealersmeds.com\\\/sl\\\/\"},{\"@type\":\"ListItem\",\"position\":2,\"name\":\"Izdelki\",\"item\":\"https:\\\/\\\/gooddealersmeds.com\\\/sl\\\/izdelki\\\/\"},{\"@type\":\"ListItem\",\"position\":3,\"name\":\"Naro\u010dite Fat Banano na spletu\"}]},{\"@type\":\"WebSite\",\"@id\":\"https:\\\/\\\/gooddealersmeds.com\\\/sl\\\/#website\",\"url\":\"https:\\\/\\\/gooddealersmeds.com\\\/sl\\\/\",\"name\":\"Good Dealers Meds\",\"description\":\"All our best\",\"publisher\":{\"@id\":\"https:\\\/\\\/gooddealersmeds.com\\\/sl\\\/#organization\"},\"potentialAction\":[{\"@type\":\"SearchAction\",\"target\":{\"@type\":\"EntryPoint\",\"urlTemplate\":\"https:\\\/\\\/gooddealersmeds.com\\\/sl\\\/?s={search_term_string}\"},\"query-input\":{\"@type\":\"PropertyValueSpecification\",\"valueRequired\":true,\"valueName\":\"search_term_string\"}}],\"inLanguage\":\"en-US\"},{\"@type\":\"Organization\",\"@id\":\"https:\\\/\\\/gooddealersmeds.com\\\/sl\\\/#organization\",\"name\":\"Good Dealers Meds\",\"url\":\"https:\\\/\\\/gooddealersmeds.com\\\/sl\\\/\",\"logo\":{\"@type\":\"ImageObject\",\"inLanguage\":\"en-US\",\"@id\":\"https:\\\/\\\/gooddealersmeds.com\\\/sl\\\/#\\\/schema\\\/logo\\\/image\\\/\",\"url\":\"https:\\\/\\\/gooddealersmeds.com\\\/sl\\\/wp-content\\\/uploads\\\/sites\\\/10\\\/2022\\\/03\\\/gooddealersmeds__logo__20220317T222800Z.00.png\",\"contentUrl\":\"https:\\\/\\\/gooddealersmeds.com\\\/sl\\\/wp-content\\\/uploads\\\/sites\\\/10\\\/2022\\\/03\\\/gooddealersmeds__logo__20220317T222800Z.00.png\",\"width\":500,\"height\":325,\"caption\":\"Good Dealers Meds\"},\"image\":{\"@id\":\"https:\\\/\\\/gooddealersmeds.com\\\/sl\\\/#\\\/schema\\\/logo\\\/image\\\/\"}}]}<\/script>\n<!-- \/ Yoast SEO Premium plugin. -->","yoast_head_json":{"title":"Debela banana za prodajo \u2013 naro\u010dite konopljo na spletu | Good Dealers Meds","description":"Fat Banana for sale je hibridna vrsta marihuane, narejena s kri\u017eanjem OG Kush in Chiquita Banana. Kupite ga v na\u0161i spletni trgovini Cannabis.","robots":{"index":"index","follow":"follow","max-snippet":"max-snippet:-1","max-image-preview":"max-image-preview:large","max-video-preview":"max-video-preview:-1"},"canonical":"https:\/\/gooddealersmeds.com\/sl\/product\/mast-banana\/","og_locale":"en_US","og_type":"article","og_title":"Naro\u010dite Fat Banano na spletu","og_description":"Fat Banana for sale je hibridna vrsta marihuane, narejena s kri\u017eanjem OG Kush in Chiquita Banana. Kupite ga v na\u0161i spletni trgovini Cannabis.","og_url":"https:\/\/gooddealersmeds.com\/sl\/product\/mast-banana\/","og_site_name":"Good Dealers Meds","article_modified_time":"2022-10-04T00:41:21+00:00","og_image":[{"width":600,"height":600,"url":"https:\/\/gooddealersmeds.com\/sl\/wp-content\/uploads\/sites\/10\/2022\/06\/FAT-BANANA.jpg","type":"image\/jpeg"}],"twitter_card":"summary_large_image","twitter_misc":{"Est. reading time":"2 minutes"},"schema":{"@context":"https:\/\/schema.org","@graph":[{"@type":"WebPage","@id":"https:\/\/gooddealersmeds.com\/sl\/product\/mast-banana\/","url":"https:\/\/gooddealersmeds.com\/sl\/product\/mast-banana\/","name":"Debela banana za prodajo \u2013 naro\u010dite konopljo na spletu | Good Dealers Meds","isPartOf":{"@id":"https:\/\/gooddealersmeds.com\/sl\/#website"},"primaryImageOfPage":{"@id":"https:\/\/gooddealersmeds.com\/sl\/product\/mast-banana\/#primaryimage"},"image":{"@id":"https:\/\/gooddealersmeds.com\/sl\/product\/mast-banana\/#primaryimage"},"thumbnailUrl":"https:\/\/gooddealersmeds.com\/sl\/wp-content\/uploads\/sites\/10\/2022\/06\/FAT-BANANA.jpg","datePublished":"2022-06-30T00:04:45+00:00","dateModified":"2022-10-04T00:41:21+00:00","description":"Fat Banana for sale je hibridna vrsta marihuane, narejena s kri\u017eanjem OG Kush in Chiquita Banana. Kupite ga v na\u0161i spletni trgovini Cannabis.","breadcrumb":{"@id":"https:\/\/gooddealersmeds.com\/sl\/product\/mast-banana\/#breadcrumb"},"inLanguage":"en-US","potentialAction":[{"@type":"ReadAction","target":["https:\/\/gooddealersmeds.com\/sl\/product\/mast-banana\/"]}]},{"@type":"ImageObject","inLanguage":"en-US","@id":"https:\/\/gooddealersmeds.com\/sl\/product\/mast-banana\/#primaryimage","url":"https:\/\/gooddealersmeds.com\/sl\/wp-content\/uploads\/sites\/10\/2022\/06\/FAT-BANANA.jpg","contentUrl":"https:\/\/gooddealersmeds.com\/sl\/wp-content\/uploads\/sites\/10\/2022\/06\/FAT-BANANA.jpg","width":600,"height":600,"caption":"Buy Fat Banana Online"},{"@type":"BreadcrumbList","@id":"https:\/\/gooddealersmeds.com\/sl\/product\/mast-banana\/#breadcrumb","itemListElement":[{"@type":"ListItem","position":1,"name":"Home","item":"https:\/\/gooddealersmeds.com\/sl\/"},{"@type":"ListItem","position":2,"name":"Izdelki","item":"https:\/\/gooddealersmeds.com\/sl\/izdelki\/"},{"@type":"ListItem","position":3,"name":"Naro\u010dite Fat Banano na spletu"}]},{"@type":"WebSite","@id":"https:\/\/gooddealersmeds.com\/sl\/#website","url":"https:\/\/gooddealersmeds.com\/sl\/","name":"Good Dealers Meds","description":"All our best","publisher":{"@id":"https:\/\/gooddealersmeds.com\/sl\/#organization"},"potentialAction":[{"@type":"SearchAction","target":{"@type":"EntryPoint","urlTemplate":"https:\/\/gooddealersmeds.com\/sl\/?s={search_term_string}"},"query-input":{"@type":"PropertyValueSpecification","valueRequired":true,"valueName":"search_term_string"}}],"inLanguage":"en-US"},{"@type":"Organization","@id":"https:\/\/gooddealersmeds.com\/sl\/#organization","name":"Good Dealers Meds","url":"https:\/\/gooddealersmeds.com\/sl\/","logo":{"@type":"ImageObject","inLanguage":"en-US","@id":"https:\/\/gooddealersmeds.com\/sl\/#\/schema\/logo\/image\/","url":"https:\/\/gooddealersmeds.com\/sl\/wp-content\/uploads\/sites\/10\/2022\/03\/gooddealersmeds__logo__20220317T222800Z.00.png","contentUrl":"https:\/\/gooddealersmeds.com\/sl\/wp-content\/uploads\/sites\/10\/2022\/03\/gooddealersmeds__logo__20220317T222800Z.00.png","width":500,"height":325,"caption":"Good Dealers Meds"},"image":{"@id":"https:\/\/gooddealersmeds.com\/sl\/#\/schema\/logo\/image\/"}}]}},"_links":{"self":[{"href":"https:\/\/gooddealersmeds.com\/sl\/wp-json\/wp\/v2\/product\/1871","targetHints":{"allow":["GET"]}}],"collection":[{"href":"https:\/\/gooddealersmeds.com\/sl\/wp-json\/wp\/v2\/product"}],"about":[{"href":"https:\/\/gooddealersmeds.com\/sl\/wp-json\/wp\/v2\/types\/product"}],"replies":[{"embeddable":true,"href":"https:\/\/gooddealersmeds.com\/sl\/wp-json\/wp\/v2\/comments?post=1871"}],"wp:featuredmedia":[{"embeddable":true,"href":"https:\/\/gooddealersmeds.com\/sl\/wp-json\/wp\/v2\/media\/1872"}],"wp:attachment":[{"href":"https:\/\/gooddealersmeds.com\/sl\/wp-json\/wp\/v2\/media?parent=1871"}],"wp:term":[{"taxonomy":"product_brand","embeddable":true,"href":"https:\/\/gooddealersmeds.com\/sl\/wp-json\/wp\/v2\/product_brand?post=1871"},{"taxonomy":"product_cat","embeddable":true,"href":"https:\/\/gooddealersmeds.com\/sl\/wp-json\/wp\/v2\/product_cat?post=1871"},{"taxonomy":"product_tag","embeddable":true,"href":"https:\/\/gooddealersmeds.com\/sl\/wp-json\/wp\/v2\/product_tag?post=1871"}],"curies":[{"name":"wp","href":"https:\/\/api.w.org\/{rel}","templated":true}]}}