{"id":1869,"date":"2022-06-30T00:00:32","date_gmt":"2022-06-30T00:00:32","guid":{"rendered":"https:\/\/gooddealersmeds.com\/sl\/?post_type=product&#038;p=1869"},"modified":"2022-10-04T00:41:29","modified_gmt":"2022-10-04T00:41:29","slug":"piskoti-gelato","status":"publish","type":"product","link":"https:\/\/gooddealersmeds.com\/sl\/product\/piskoti-gelato\/","title":{"rendered":"Kupite pi\u0161kotke Gelato na spletu"},"content":{"rendered":"<h1><strong>Cookies Gelato For Sale\u00a0\u00a0<\/strong><\/h1>\n<p>Cookies Gelato Online je spletno mesto <a href=\"https:\/\/gooddealersmeds.com\/sl\/product\/cookies-gelato\/\"> kjer lahko na spletu kupite sladoled za pi\u0161kote<\/a>. Cookies Gelato For Sale, Podjetje je bilo ustanovljeno leta 2016 in ima sede\u017e v New Yorku. Cookies Gelato Online prodaja razli\u010dne vrste sladoleda, vendar je njihov najbolj priljubljen izdelek pi\u0161kotki sladoled. Prodajajo tudi druge vrste sladoleda, vendar je njihova najbolj priljubljena vrsta sladoleda cookie gelato. Podjetje obstaja pribli\u017eno eno leto in \u0161e vedno zelo hitro raste! Pi\u0161kotki Gelato Online so iz dneva v dan bolj priljubljeni, saj je pri njih enostavno kupiti sladoled na spletu; samo izpolnite spletni obrazec z vsemi svojimi podatki in takoj bodo poslali va\u0161e naro\u010dilo!<\/p>\n<p><strong>\u00a0<\/strong><\/p>\n<h2><strong>Zakaj Kupite pi\u0161kotke Gelato Online?<\/strong><\/h2>\n<p>&nbsp;<\/p>\n<p>Obstaja polno razlogov, zakaj bi morali kupiti pi\u0161kote Gelato prek spleta pri Cookies Gelato Online:<\/p>\n<p> 1) Izberete lahko, kateri okus \u017eelite.<\/p>\n<p>2) Ni vam treba iti nikamor ali zapustiti hi\u0161e.<\/p>\n<p>3) Dobite lahko to\u010dno tisto, kar \u017eelite, brez kakr\u0161no koli razburjenje.<\/p>\n<p>&nbsp;<\/p>\n<p><strong>Kje je najbolj\u0161e mesto za nakup pi\u0161kotkov Gelato na spletu?<\/strong><\/p>\n<p>&nbsp;<\/p>\n<p>Veliko jih je! Ampak, \u010de \u017eelite prekiniti z lovom in pristati samo na enem mestu, ki vam ponuja najbolj\u0161o ponudbo doslej, je Good Dealers Meds pravo mesto. Oglejte si na\u0161o celotno ponudbo rekreativnih in zdravilnih zdravil, da poi\u0161\u010dete ponudbe, za katere vam ne bo \u017eal denarja.<\/p>\n","protected":false},"excerpt":{"rendered":"<p>Cookies Gelato je otrok dveh legendarnih vrst konoplje. Podedovala je noro mo\u010d, sladek okus in impresivno produktivnost.<\/p>\n","protected":false},"featured_media":1870,"comment_status":"open","ping_status":"closed","template":"","meta":{"inline_featured_image":false},"product_brand":[],"product_cat":[348],"product_tag":[369,387,395,394,371,372,373,375,376,377,378,379,381,393,374,388,382,383,384,386,380,390,391,385,392,389,370],"class_list":{"0":"post-1869","1":"product","2":"type-product","3":"status-publish","4":"has-post-thumbnail","6":"product_cat-marihuana","7":"product_tag-afganistanski-ku","8":"product_tag-ananas-ku","9":"product_tag-bela-vdova-x-severni-sij","10":"product_tag-beli-nosorog","11":"product_tag-best-weed-joints","12":"product_tag-big-bud","13":"product_tag-blueberry-yum-yum","14":"product_tag-buy-wholesale-marijuana","15":"product_tag-ganja-naprodaj","16":"product_tag-girl-scout-cookies","17":"product_tag-grand-daddy-purple","18":"product_tag-green-crack","19":"product_tag-kandy-kush","20":"product_tag-kislo-ku","21":"product_tag-kupi-poceni-plevel-na-spletu","22":"product_tag-razbitina-letala","23":"product_tag-limonina-kapljica","24":"product_tag-mango-ku","25":"product_tag-marijuana-plants","26":"product_tag-og-kush","27":"product_tag-konoplja-prodaja","28":"product_tag-vijolino-ku","29":"product_tag-sensi-star-x-ak47","30":"product_tag-severni-sij-5","31":"product_tag-sour-diesel","32":"product_tag-vijolina-meglica","33":"product_tag-ogica","35":"first","36":"instock","37":"shipping-taxable","38":"purchasable","39":"product-type-simple"},"yoast_head":"<!-- This site is optimized with the Yoast SEO Premium plugin v20.6 (Yoast SEO v27.3) - https:\/\/yoast.com\/product\/yoast-seo-premium-wordpress\/ -->\n<title>Pi\u0161koti Gelato za prodajo - najbolj\u0161e mesto za nakup trave | Good Dealers Meds<\/title>\n<meta name=\"description\" content=\"Kupite Gelato Cookies Weed na spletu pri. Gelato je mamljiva hibridna vrsta konoplje proizvajalcev Cookie Fam in Sherbinski. Pi\u0161koti Gelato Prodam\" \/>\n<meta name=\"robots\" content=\"index, follow, max-snippet:-1, max-image-preview:large, max-video-preview:-1\" \/>\n<link rel=\"canonical\" href=\"https:\/\/gooddealersmeds.com\/sl\/product\/piskoti-gelato\/\" \/>\n<meta property=\"og:locale\" content=\"en_US\" \/>\n<meta property=\"og:type\" content=\"article\" \/>\n<meta property=\"og:title\" content=\"Kupite pi\u0161kotke Gelato na spletu\" \/>\n<meta property=\"og:description\" content=\"Kupite Gelato Cookies Weed na spletu pri. Gelato je mamljiva hibridna vrsta konoplje proizvajalcev Cookie Fam in Sherbinski. Pi\u0161koti Gelato Prodam\" \/>\n<meta property=\"og:url\" content=\"https:\/\/gooddealersmeds.com\/sl\/product\/piskoti-gelato\/\" \/>\n<meta property=\"og:site_name\" content=\"Good Dealers Meds\" \/>\n<meta property=\"article:modified_time\" content=\"2022-10-04T00:41:29+00:00\" \/>\n<meta property=\"og:image\" content=\"https:\/\/gooddealersmeds.com\/sl\/wp-content\/uploads\/sites\/10\/2022\/06\/COOKIES-GELATO.jpg\" \/>\n\t<meta property=\"og:image:width\" content=\"600\" \/>\n\t<meta property=\"og:image:height\" content=\"600\" \/>\n\t<meta property=\"og:image:type\" content=\"image\/jpeg\" \/>\n<meta name=\"twitter:card\" content=\"summary_large_image\" \/>\n<meta name=\"twitter:label1\" content=\"Est. reading time\" \/>\n\t<meta name=\"twitter:data1\" content=\"1 minute\" \/>\n<script type=\"application\/ld+json\" class=\"yoast-schema-graph\">{\"@context\":\"https:\\\/\\\/schema.org\",\"@graph\":[{\"@type\":\"WebPage\",\"@id\":\"https:\\\/\\\/gooddealersmeds.com\\\/sl\\\/product\\\/piskoti-gelato\\\/\",\"url\":\"https:\\\/\\\/gooddealersmeds.com\\\/sl\\\/product\\\/piskoti-gelato\\\/\",\"name\":\"Pi\u0161koti Gelato za prodajo - najbolj\u0161e mesto za nakup trave | Good Dealers Meds\",\"isPartOf\":{\"@id\":\"https:\\\/\\\/gooddealersmeds.com\\\/sl\\\/#website\"},\"primaryImageOfPage\":{\"@id\":\"https:\\\/\\\/gooddealersmeds.com\\\/sl\\\/product\\\/piskoti-gelato\\\/#primaryimage\"},\"image\":{\"@id\":\"https:\\\/\\\/gooddealersmeds.com\\\/sl\\\/product\\\/piskoti-gelato\\\/#primaryimage\"},\"thumbnailUrl\":\"https:\\\/\\\/gooddealersmeds.com\\\/sl\\\/wp-content\\\/uploads\\\/sites\\\/10\\\/2022\\\/06\\\/COOKIES-GELATO.jpg\",\"datePublished\":\"2022-06-30T00:00:32+00:00\",\"dateModified\":\"2022-10-04T00:41:29+00:00\",\"description\":\"Kupite Gelato Cookies Weed na spletu pri. Gelato je mamljiva hibridna vrsta konoplje proizvajalcev Cookie Fam in Sherbinski. Pi\u0161koti Gelato Prodam\",\"breadcrumb\":{\"@id\":\"https:\\\/\\\/gooddealersmeds.com\\\/sl\\\/product\\\/piskoti-gelato\\\/#breadcrumb\"},\"inLanguage\":\"en-US\",\"potentialAction\":[{\"@type\":\"ReadAction\",\"target\":[\"https:\\\/\\\/gooddealersmeds.com\\\/sl\\\/product\\\/piskoti-gelato\\\/\"]}]},{\"@type\":\"ImageObject\",\"inLanguage\":\"en-US\",\"@id\":\"https:\\\/\\\/gooddealersmeds.com\\\/sl\\\/product\\\/piskoti-gelato\\\/#primaryimage\",\"url\":\"https:\\\/\\\/gooddealersmeds.com\\\/sl\\\/wp-content\\\/uploads\\\/sites\\\/10\\\/2022\\\/06\\\/COOKIES-GELATO.jpg\",\"contentUrl\":\"https:\\\/\\\/gooddealersmeds.com\\\/sl\\\/wp-content\\\/uploads\\\/sites\\\/10\\\/2022\\\/06\\\/COOKIES-GELATO.jpg\",\"width\":600,\"height\":600,\"caption\":\"Cookies Gelato\"},{\"@type\":\"BreadcrumbList\",\"@id\":\"https:\\\/\\\/gooddealersmeds.com\\\/sl\\\/product\\\/piskoti-gelato\\\/#breadcrumb\",\"itemListElement\":[{\"@type\":\"ListItem\",\"position\":1,\"name\":\"Home\",\"item\":\"https:\\\/\\\/gooddealersmeds.com\\\/sl\\\/\"},{\"@type\":\"ListItem\",\"position\":2,\"name\":\"Izdelki\",\"item\":\"https:\\\/\\\/gooddealersmeds.com\\\/sl\\\/izdelki\\\/\"},{\"@type\":\"ListItem\",\"position\":3,\"name\":\"Kupite pi\u0161kotke Gelato na spletu\"}]},{\"@type\":\"WebSite\",\"@id\":\"https:\\\/\\\/gooddealersmeds.com\\\/sl\\\/#website\",\"url\":\"https:\\\/\\\/gooddealersmeds.com\\\/sl\\\/\",\"name\":\"Good Dealers Meds\",\"description\":\"All our best\",\"publisher\":{\"@id\":\"https:\\\/\\\/gooddealersmeds.com\\\/sl\\\/#organization\"},\"potentialAction\":[{\"@type\":\"SearchAction\",\"target\":{\"@type\":\"EntryPoint\",\"urlTemplate\":\"https:\\\/\\\/gooddealersmeds.com\\\/sl\\\/?s={search_term_string}\"},\"query-input\":{\"@type\":\"PropertyValueSpecification\",\"valueRequired\":true,\"valueName\":\"search_term_string\"}}],\"inLanguage\":\"en-US\"},{\"@type\":\"Organization\",\"@id\":\"https:\\\/\\\/gooddealersmeds.com\\\/sl\\\/#organization\",\"name\":\"Good Dealers Meds\",\"url\":\"https:\\\/\\\/gooddealersmeds.com\\\/sl\\\/\",\"logo\":{\"@type\":\"ImageObject\",\"inLanguage\":\"en-US\",\"@id\":\"https:\\\/\\\/gooddealersmeds.com\\\/sl\\\/#\\\/schema\\\/logo\\\/image\\\/\",\"url\":\"https:\\\/\\\/gooddealersmeds.com\\\/sl\\\/wp-content\\\/uploads\\\/sites\\\/10\\\/2022\\\/03\\\/gooddealersmeds__logo__20220317T222800Z.00.png\",\"contentUrl\":\"https:\\\/\\\/gooddealersmeds.com\\\/sl\\\/wp-content\\\/uploads\\\/sites\\\/10\\\/2022\\\/03\\\/gooddealersmeds__logo__20220317T222800Z.00.png\",\"width\":500,\"height\":325,\"caption\":\"Good Dealers Meds\"},\"image\":{\"@id\":\"https:\\\/\\\/gooddealersmeds.com\\\/sl\\\/#\\\/schema\\\/logo\\\/image\\\/\"}}]}<\/script>\n<!-- \/ Yoast SEO Premium plugin. -->","yoast_head_json":{"title":"Pi\u0161koti Gelato za prodajo - najbolj\u0161e mesto za nakup trave | Good Dealers Meds","description":"Kupite Gelato Cookies Weed na spletu pri. Gelato je mamljiva hibridna vrsta konoplje proizvajalcev Cookie Fam in Sherbinski. Pi\u0161koti Gelato Prodam","robots":{"index":"index","follow":"follow","max-snippet":"max-snippet:-1","max-image-preview":"max-image-preview:large","max-video-preview":"max-video-preview:-1"},"canonical":"https:\/\/gooddealersmeds.com\/sl\/product\/piskoti-gelato\/","og_locale":"en_US","og_type":"article","og_title":"Kupite pi\u0161kotke Gelato na spletu","og_description":"Kupite Gelato Cookies Weed na spletu pri. Gelato je mamljiva hibridna vrsta konoplje proizvajalcev Cookie Fam in Sherbinski. Pi\u0161koti Gelato Prodam","og_url":"https:\/\/gooddealersmeds.com\/sl\/product\/piskoti-gelato\/","og_site_name":"Good Dealers Meds","article_modified_time":"2022-10-04T00:41:29+00:00","og_image":[{"width":600,"height":600,"url":"https:\/\/gooddealersmeds.com\/sl\/wp-content\/uploads\/sites\/10\/2022\/06\/COOKIES-GELATO.jpg","type":"image\/jpeg"}],"twitter_card":"summary_large_image","twitter_misc":{"Est. reading time":"1 minute"},"schema":{"@context":"https:\/\/schema.org","@graph":[{"@type":"WebPage","@id":"https:\/\/gooddealersmeds.com\/sl\/product\/piskoti-gelato\/","url":"https:\/\/gooddealersmeds.com\/sl\/product\/piskoti-gelato\/","name":"Pi\u0161koti Gelato za prodajo - najbolj\u0161e mesto za nakup trave | Good Dealers Meds","isPartOf":{"@id":"https:\/\/gooddealersmeds.com\/sl\/#website"},"primaryImageOfPage":{"@id":"https:\/\/gooddealersmeds.com\/sl\/product\/piskoti-gelato\/#primaryimage"},"image":{"@id":"https:\/\/gooddealersmeds.com\/sl\/product\/piskoti-gelato\/#primaryimage"},"thumbnailUrl":"https:\/\/gooddealersmeds.com\/sl\/wp-content\/uploads\/sites\/10\/2022\/06\/COOKIES-GELATO.jpg","datePublished":"2022-06-30T00:00:32+00:00","dateModified":"2022-10-04T00:41:29+00:00","description":"Kupite Gelato Cookies Weed na spletu pri. Gelato je mamljiva hibridna vrsta konoplje proizvajalcev Cookie Fam in Sherbinski. Pi\u0161koti Gelato Prodam","breadcrumb":{"@id":"https:\/\/gooddealersmeds.com\/sl\/product\/piskoti-gelato\/#breadcrumb"},"inLanguage":"en-US","potentialAction":[{"@type":"ReadAction","target":["https:\/\/gooddealersmeds.com\/sl\/product\/piskoti-gelato\/"]}]},{"@type":"ImageObject","inLanguage":"en-US","@id":"https:\/\/gooddealersmeds.com\/sl\/product\/piskoti-gelato\/#primaryimage","url":"https:\/\/gooddealersmeds.com\/sl\/wp-content\/uploads\/sites\/10\/2022\/06\/COOKIES-GELATO.jpg","contentUrl":"https:\/\/gooddealersmeds.com\/sl\/wp-content\/uploads\/sites\/10\/2022\/06\/COOKIES-GELATO.jpg","width":600,"height":600,"caption":"Cookies Gelato"},{"@type":"BreadcrumbList","@id":"https:\/\/gooddealersmeds.com\/sl\/product\/piskoti-gelato\/#breadcrumb","itemListElement":[{"@type":"ListItem","position":1,"name":"Home","item":"https:\/\/gooddealersmeds.com\/sl\/"},{"@type":"ListItem","position":2,"name":"Izdelki","item":"https:\/\/gooddealersmeds.com\/sl\/izdelki\/"},{"@type":"ListItem","position":3,"name":"Kupite pi\u0161kotke Gelato na spletu"}]},{"@type":"WebSite","@id":"https:\/\/gooddealersmeds.com\/sl\/#website","url":"https:\/\/gooddealersmeds.com\/sl\/","name":"Good Dealers Meds","description":"All our best","publisher":{"@id":"https:\/\/gooddealersmeds.com\/sl\/#organization"},"potentialAction":[{"@type":"SearchAction","target":{"@type":"EntryPoint","urlTemplate":"https:\/\/gooddealersmeds.com\/sl\/?s={search_term_string}"},"query-input":{"@type":"PropertyValueSpecification","valueRequired":true,"valueName":"search_term_string"}}],"inLanguage":"en-US"},{"@type":"Organization","@id":"https:\/\/gooddealersmeds.com\/sl\/#organization","name":"Good Dealers Meds","url":"https:\/\/gooddealersmeds.com\/sl\/","logo":{"@type":"ImageObject","inLanguage":"en-US","@id":"https:\/\/gooddealersmeds.com\/sl\/#\/schema\/logo\/image\/","url":"https:\/\/gooddealersmeds.com\/sl\/wp-content\/uploads\/sites\/10\/2022\/03\/gooddealersmeds__logo__20220317T222800Z.00.png","contentUrl":"https:\/\/gooddealersmeds.com\/sl\/wp-content\/uploads\/sites\/10\/2022\/03\/gooddealersmeds__logo__20220317T222800Z.00.png","width":500,"height":325,"caption":"Good Dealers Meds"},"image":{"@id":"https:\/\/gooddealersmeds.com\/sl\/#\/schema\/logo\/image\/"}}]}},"_links":{"self":[{"href":"https:\/\/gooddealersmeds.com\/sl\/wp-json\/wp\/v2\/product\/1869","targetHints":{"allow":["GET"]}}],"collection":[{"href":"https:\/\/gooddealersmeds.com\/sl\/wp-json\/wp\/v2\/product"}],"about":[{"href":"https:\/\/gooddealersmeds.com\/sl\/wp-json\/wp\/v2\/types\/product"}],"replies":[{"embeddable":true,"href":"https:\/\/gooddealersmeds.com\/sl\/wp-json\/wp\/v2\/comments?post=1869"}],"wp:featuredmedia":[{"embeddable":true,"href":"https:\/\/gooddealersmeds.com\/sl\/wp-json\/wp\/v2\/media\/1870"}],"wp:attachment":[{"href":"https:\/\/gooddealersmeds.com\/sl\/wp-json\/wp\/v2\/media?parent=1869"}],"wp:term":[{"taxonomy":"product_brand","embeddable":true,"href":"https:\/\/gooddealersmeds.com\/sl\/wp-json\/wp\/v2\/product_brand?post=1869"},{"taxonomy":"product_cat","embeddable":true,"href":"https:\/\/gooddealersmeds.com\/sl\/wp-json\/wp\/v2\/product_cat?post=1869"},{"taxonomy":"product_tag","embeddable":true,"href":"https:\/\/gooddealersmeds.com\/sl\/wp-json\/wp\/v2\/product_tag?post=1869"}],"curies":[{"name":"wp","href":"https:\/\/api.w.org\/{rel}","templated":true}]}}