{"id":1867,"date":"2022-06-29T23:56:03","date_gmt":"2022-06-29T23:56:03","guid":{"rendered":"https:\/\/gooddealersmeds.com\/sl\/?post_type=product&#038;p=1867"},"modified":"2022-10-04T00:41:36","modified_gmt":"2022-10-04T00:41:36","slug":"amnezija-meglica","status":"publish","type":"product","link":"https:\/\/gooddealersmeds.com\/sl\/product\/amnezija-meglica\/","title":{"rendered":"Kupite Amnesia Haze na spletu"},"content":{"rendered":"<h1><strong>Kupite Amnesia Haze na spletu <\/strong><\/h1>\n<p><strong>\u00a0<\/strong><\/p>\n<p><a href=\"https:\/\/gooddealersmeds.com\/sl\/ product\/amnesia-haze\/\">Amnesia Haze Online<\/a> so najbolj kakovostne in naju\u010dinkovitej\u0161e sorte konoplje, ki jih lahko najdete. Je prevladujo\u010da sorta Sativa z vla\u017eno aromo in okusom. Visok je zelo mo\u010dan in bo trajal pribli\u017eno 2 uri. Ima razmerje 60\/40 Sativa\/Indica z vsebnostjo THC 16 % in vsebnostjo CBD 1 %.<\/p>\n<p>Amnesia Haze je mo\u010dna sorta Indica, ki pokriva celotno telo in raste v grmi\u010dasti, gosti obliki. . Popki so prekriti z zelenimi pesti\u010di in oran\u017enimi dlakami. Brsti imajo mo\u010dno aromo skunky s pridihom sladkega sadja. Rastlina je srednje velika, z dolgimi temno zelenimi listi. Cvetovi imajo vijoli\u010dne pesti\u010de in oran\u017ene dlake.<\/p>\n<p>Amnesia Haze je mehak vzpon z u\u010dinki, ki trajajo do dve uri. Idealen je za spro\u0161\u010danje, branje ali gledanje filmov.<\/p>\n<p>Napetost se dviguje po\u010dasi in se s\u010dasoma pove\u010duje, ko vsebnost THC-ja med izku\u0161njo nara\u0161\u010da. Cerebralni u\u010dinki vklju\u010dujejo mo\u010dno evforijo, ki jo lahko spremljajo omotica, sprostitev in zmanj\u0161ana stopnja anksioznosti. U\u010dinki na telo vklju\u010dujejo odrevenelost okon\u010din, suha usta in mo\u010dno poslab\u0161anje vida, kar lahko povzro\u010di slabo varnost pri vo\u017enji med uporabo tega izdelka.<\/p>\n<p><strong>\u00a0<\/strong><\/p>\n<p><strong>Zakaj kupiti Amnesia Haze na spletu <\/strong><\/p>\n<p><strong>\u00a0<\/strong><\/p>\n<p>Ko ste pripravljeni kupiti konopljo, obstaja veliko razlogov, zakaj bi morali kupiti Amnesia Haze na spletu .<\/p>\n<p>Prvi\u010d, imeli boste dostop do razli\u010dnih sevov, ko so \u0161e na zalogi.<\/p>\n<p>Drugi\u010d, prihranite lahko \u010das, ker ni \u010dakalnih dob ali omejitev, ko gre za nakupovanje izdelkov prek spleta.<\/p>\n<p>Tretji\u010d, \u010de \u017eelite kupiti dodatne dodatke, kot so bong ali uparjalniki, potem je to \u0161e ena prednost in nenazadnje, za mnoge ljudi, ki takrat ne \u017eivijo dovolj blizu, je to niti ni tako velik problem, ker<\/p>\n<p><strong>\u00a0<\/strong><\/p>\n<p><strong>najbolj\u0161e mesto za nakup Amnesia Haze na spletu<\/strong><\/p>\n<p> Ste se kdaj vpra\u0161ali, kje je najbolje kupiti Amnesia Haze Online? Niste sami. Amnesia Haze lahko naro\u010dite prek spleta pri Good Dealers Meds po najbolj\u0161ih cenah. Samo oddajte naro\u010dilo pri nas, se udobno namestite in sprostite. Naro\u010dilo boste prejeli v obljubljenem roku.<\/p>\n","protected":false},"excerpt":{"rendered":"<p>Potem ko je genetika haze pri\u0161la na Nizozemsko in je bilo narejenih ve\u010d hibridov, je ameri\u0161ki izseljenec pozneje zdru\u017eil enega od teh hibridov s samcem, pridobljenim iz semen stare \u0161ole haze, in ustvaril Amnesia Haze.<\/p>\n","protected":false},"featured_media":1868,"comment_status":"open","ping_status":"closed","template":"","meta":{"inline_featured_image":false},"product_brand":[],"product_cat":[348],"product_tag":[349,351,352,353,354,359,355,357,356,358,361,368,364,365,362,363,366,367,350,360],"class_list":{"0":"post-1867","1":"product","2":"type-product","3":"status-publish","4":"has-post-thumbnail","6":"product_cat-marihuana","7":"product_tag-best-weed-stock-to-buy","8":"product_tag-can-you-buy-weed","9":"product_tag-can-you-buy-weed-in-austria","10":"product_tag-can-you-buy-weed-in-switzerland","11":"product_tag-can-you-buy-weed-online","12":"product_tag-how-to-buy-weed-online","13":"product_tag-kako-kupiti-travo","14":"product_tag-kako-kupiti-travo-s-pismikem","15":"product_tag-kako-kupiti-travo-v-nemiji","16":"product_tag-kako-kupiti-travo-v-sloveniji","17":"product_tag-kje-kupiti-travo","18":"product_tag-kje-kupiti-travo-blizu-me","19":"product_tag-kje-kupiti-travo-na-poljskem","20":"product_tag-kje-kupiti-travo-na-slovakem","21":"product_tag-kje-kupiti-travo-v-avstriji","22":"product_tag-kje-kupiti-travo-v-nemiji","23":"product_tag-kje-kupiti-travo-v-vici","24":"product_tag-kje-kupiti-travel-v-uk","25":"product_tag-buy-weed-edibles-online","26":"product_tag-weed-stocks-to-buy","28":"first","29":"instock","30":"shipping-taxable","31":"purchasable","32":"product-type-simple"},"yoast_head":"<!-- This site is optimized with the Yoast SEO Premium plugin v20.6 (Yoast SEO v27.3) - https:\/\/yoast.com\/product\/yoast-seo-premium-wordpress\/ -->\n<title>Kupite Amnesia Haze na spletu - semena konoplje | Good Dealers Meds<\/title>\n<meta name=\"description\" content=\"Kupite Amnesia Haze na spletu Strain pri Good Dealers Meds in si zagotovite najbolj\u0161e cene. Najbolj\u0161a \u0161vicarska konoplja pod eno streho. Kupite na spletu zdaj!\" \/>\n<meta name=\"robots\" content=\"index, follow, max-snippet:-1, max-image-preview:large, max-video-preview:-1\" \/>\n<link rel=\"canonical\" href=\"https:\/\/gooddealersmeds.com\/sl\/product\/amnezija-meglica\/\" \/>\n<meta property=\"og:locale\" content=\"en_US\" \/>\n<meta property=\"og:type\" content=\"article\" \/>\n<meta property=\"og:title\" content=\"Kupite Amnesia Haze na spletu\" \/>\n<meta property=\"og:description\" content=\"Kupite Amnesia Haze na spletu Strain pri Good Dealers Meds in si zagotovite najbolj\u0161e cene. Najbolj\u0161a \u0161vicarska konoplja pod eno streho. Kupite na spletu zdaj!\" \/>\n<meta property=\"og:url\" content=\"https:\/\/gooddealersmeds.com\/sl\/product\/amnezija-meglica\/\" \/>\n<meta property=\"og:site_name\" content=\"Good Dealers Meds\" \/>\n<meta property=\"article:modified_time\" content=\"2022-10-04T00:41:36+00:00\" \/>\n<meta property=\"og:image\" content=\"https:\/\/gooddealersmeds.com\/sl\/wp-content\/uploads\/sites\/10\/2022\/06\/AMNESIA-HAZE.jpg\" \/>\n\t<meta property=\"og:image:width\" content=\"600\" \/>\n\t<meta property=\"og:image:height\" content=\"600\" \/>\n\t<meta property=\"og:image:type\" content=\"image\/jpeg\" \/>\n<meta name=\"twitter:card\" content=\"summary_large_image\" \/>\n<meta name=\"twitter:label1\" content=\"Est. reading time\" \/>\n\t<meta name=\"twitter:data1\" content=\"2 minutes\" \/>\n<script type=\"application\/ld+json\" class=\"yoast-schema-graph\">{\"@context\":\"https:\\\/\\\/schema.org\",\"@graph\":[{\"@type\":\"WebPage\",\"@id\":\"https:\\\/\\\/gooddealersmeds.com\\\/sl\\\/product\\\/amnezija-meglica\\\/\",\"url\":\"https:\\\/\\\/gooddealersmeds.com\\\/sl\\\/product\\\/amnezija-meglica\\\/\",\"name\":\"Kupite Amnesia Haze na spletu - semena konoplje | Good Dealers Meds\",\"isPartOf\":{\"@id\":\"https:\\\/\\\/gooddealersmeds.com\\\/sl\\\/#website\"},\"primaryImageOfPage\":{\"@id\":\"https:\\\/\\\/gooddealersmeds.com\\\/sl\\\/product\\\/amnezija-meglica\\\/#primaryimage\"},\"image\":{\"@id\":\"https:\\\/\\\/gooddealersmeds.com\\\/sl\\\/product\\\/amnezija-meglica\\\/#primaryimage\"},\"thumbnailUrl\":\"https:\\\/\\\/gooddealersmeds.com\\\/sl\\\/wp-content\\\/uploads\\\/sites\\\/10\\\/2022\\\/06\\\/AMNESIA-HAZE.jpg\",\"datePublished\":\"2022-06-29T23:56:03+00:00\",\"dateModified\":\"2022-10-04T00:41:36+00:00\",\"description\":\"Kupite Amnesia Haze na spletu Strain pri Good Dealers Meds in si zagotovite najbolj\u0161e cene. Najbolj\u0161a \u0161vicarska konoplja pod eno streho. Kupite na spletu zdaj!\",\"breadcrumb\":{\"@id\":\"https:\\\/\\\/gooddealersmeds.com\\\/sl\\\/product\\\/amnezija-meglica\\\/#breadcrumb\"},\"inLanguage\":\"en-US\",\"potentialAction\":[{\"@type\":\"ReadAction\",\"target\":[\"https:\\\/\\\/gooddealersmeds.com\\\/sl\\\/product\\\/amnezija-meglica\\\/\"]}]},{\"@type\":\"ImageObject\",\"inLanguage\":\"en-US\",\"@id\":\"https:\\\/\\\/gooddealersmeds.com\\\/sl\\\/product\\\/amnezija-meglica\\\/#primaryimage\",\"url\":\"https:\\\/\\\/gooddealersmeds.com\\\/sl\\\/wp-content\\\/uploads\\\/sites\\\/10\\\/2022\\\/06\\\/AMNESIA-HAZE.jpg\",\"contentUrl\":\"https:\\\/\\\/gooddealersmeds.com\\\/sl\\\/wp-content\\\/uploads\\\/sites\\\/10\\\/2022\\\/06\\\/AMNESIA-HAZE.jpg\",\"width\":600,\"height\":600,\"caption\":\"Buy Amnesia Haze\"},{\"@type\":\"BreadcrumbList\",\"@id\":\"https:\\\/\\\/gooddealersmeds.com\\\/sl\\\/product\\\/amnezija-meglica\\\/#breadcrumb\",\"itemListElement\":[{\"@type\":\"ListItem\",\"position\":1,\"name\":\"Home\",\"item\":\"https:\\\/\\\/gooddealersmeds.com\\\/sl\\\/\"},{\"@type\":\"ListItem\",\"position\":2,\"name\":\"Izdelki\",\"item\":\"https:\\\/\\\/gooddealersmeds.com\\\/sl\\\/izdelki\\\/\"},{\"@type\":\"ListItem\",\"position\":3,\"name\":\"Kupite Amnesia Haze na spletu\"}]},{\"@type\":\"WebSite\",\"@id\":\"https:\\\/\\\/gooddealersmeds.com\\\/sl\\\/#website\",\"url\":\"https:\\\/\\\/gooddealersmeds.com\\\/sl\\\/\",\"name\":\"Good Dealers Meds\",\"description\":\"All our best\",\"publisher\":{\"@id\":\"https:\\\/\\\/gooddealersmeds.com\\\/sl\\\/#organization\"},\"potentialAction\":[{\"@type\":\"SearchAction\",\"target\":{\"@type\":\"EntryPoint\",\"urlTemplate\":\"https:\\\/\\\/gooddealersmeds.com\\\/sl\\\/?s={search_term_string}\"},\"query-input\":{\"@type\":\"PropertyValueSpecification\",\"valueRequired\":true,\"valueName\":\"search_term_string\"}}],\"inLanguage\":\"en-US\"},{\"@type\":\"Organization\",\"@id\":\"https:\\\/\\\/gooddealersmeds.com\\\/sl\\\/#organization\",\"name\":\"Good Dealers Meds\",\"url\":\"https:\\\/\\\/gooddealersmeds.com\\\/sl\\\/\",\"logo\":{\"@type\":\"ImageObject\",\"inLanguage\":\"en-US\",\"@id\":\"https:\\\/\\\/gooddealersmeds.com\\\/sl\\\/#\\\/schema\\\/logo\\\/image\\\/\",\"url\":\"https:\\\/\\\/gooddealersmeds.com\\\/sl\\\/wp-content\\\/uploads\\\/sites\\\/10\\\/2022\\\/03\\\/gooddealersmeds__logo__20220317T222800Z.00.png\",\"contentUrl\":\"https:\\\/\\\/gooddealersmeds.com\\\/sl\\\/wp-content\\\/uploads\\\/sites\\\/10\\\/2022\\\/03\\\/gooddealersmeds__logo__20220317T222800Z.00.png\",\"width\":500,\"height\":325,\"caption\":\"Good Dealers Meds\"},\"image\":{\"@id\":\"https:\\\/\\\/gooddealersmeds.com\\\/sl\\\/#\\\/schema\\\/logo\\\/image\\\/\"}}]}<\/script>\n<!-- \/ Yoast SEO Premium plugin. -->","yoast_head_json":{"title":"Kupite Amnesia Haze na spletu - semena konoplje | Good Dealers Meds","description":"Kupite Amnesia Haze na spletu Strain pri Good Dealers Meds in si zagotovite najbolj\u0161e cene. Najbolj\u0161a \u0161vicarska konoplja pod eno streho. Kupite na spletu zdaj!","robots":{"index":"index","follow":"follow","max-snippet":"max-snippet:-1","max-image-preview":"max-image-preview:large","max-video-preview":"max-video-preview:-1"},"canonical":"https:\/\/gooddealersmeds.com\/sl\/product\/amnezija-meglica\/","og_locale":"en_US","og_type":"article","og_title":"Kupite Amnesia Haze na spletu","og_description":"Kupite Amnesia Haze na spletu Strain pri Good Dealers Meds in si zagotovite najbolj\u0161e cene. Najbolj\u0161a \u0161vicarska konoplja pod eno streho. Kupite na spletu zdaj!","og_url":"https:\/\/gooddealersmeds.com\/sl\/product\/amnezija-meglica\/","og_site_name":"Good Dealers Meds","article_modified_time":"2022-10-04T00:41:36+00:00","og_image":[{"width":600,"height":600,"url":"https:\/\/gooddealersmeds.com\/sl\/wp-content\/uploads\/sites\/10\/2022\/06\/AMNESIA-HAZE.jpg","type":"image\/jpeg"}],"twitter_card":"summary_large_image","twitter_misc":{"Est. reading time":"2 minutes"},"schema":{"@context":"https:\/\/schema.org","@graph":[{"@type":"WebPage","@id":"https:\/\/gooddealersmeds.com\/sl\/product\/amnezija-meglica\/","url":"https:\/\/gooddealersmeds.com\/sl\/product\/amnezija-meglica\/","name":"Kupite Amnesia Haze na spletu - semena konoplje | Good Dealers Meds","isPartOf":{"@id":"https:\/\/gooddealersmeds.com\/sl\/#website"},"primaryImageOfPage":{"@id":"https:\/\/gooddealersmeds.com\/sl\/product\/amnezija-meglica\/#primaryimage"},"image":{"@id":"https:\/\/gooddealersmeds.com\/sl\/product\/amnezija-meglica\/#primaryimage"},"thumbnailUrl":"https:\/\/gooddealersmeds.com\/sl\/wp-content\/uploads\/sites\/10\/2022\/06\/AMNESIA-HAZE.jpg","datePublished":"2022-06-29T23:56:03+00:00","dateModified":"2022-10-04T00:41:36+00:00","description":"Kupite Amnesia Haze na spletu Strain pri Good Dealers Meds in si zagotovite najbolj\u0161e cene. Najbolj\u0161a \u0161vicarska konoplja pod eno streho. Kupite na spletu zdaj!","breadcrumb":{"@id":"https:\/\/gooddealersmeds.com\/sl\/product\/amnezija-meglica\/#breadcrumb"},"inLanguage":"en-US","potentialAction":[{"@type":"ReadAction","target":["https:\/\/gooddealersmeds.com\/sl\/product\/amnezija-meglica\/"]}]},{"@type":"ImageObject","inLanguage":"en-US","@id":"https:\/\/gooddealersmeds.com\/sl\/product\/amnezija-meglica\/#primaryimage","url":"https:\/\/gooddealersmeds.com\/sl\/wp-content\/uploads\/sites\/10\/2022\/06\/AMNESIA-HAZE.jpg","contentUrl":"https:\/\/gooddealersmeds.com\/sl\/wp-content\/uploads\/sites\/10\/2022\/06\/AMNESIA-HAZE.jpg","width":600,"height":600,"caption":"Buy Amnesia Haze"},{"@type":"BreadcrumbList","@id":"https:\/\/gooddealersmeds.com\/sl\/product\/amnezija-meglica\/#breadcrumb","itemListElement":[{"@type":"ListItem","position":1,"name":"Home","item":"https:\/\/gooddealersmeds.com\/sl\/"},{"@type":"ListItem","position":2,"name":"Izdelki","item":"https:\/\/gooddealersmeds.com\/sl\/izdelki\/"},{"@type":"ListItem","position":3,"name":"Kupite Amnesia Haze na spletu"}]},{"@type":"WebSite","@id":"https:\/\/gooddealersmeds.com\/sl\/#website","url":"https:\/\/gooddealersmeds.com\/sl\/","name":"Good Dealers Meds","description":"All our best","publisher":{"@id":"https:\/\/gooddealersmeds.com\/sl\/#organization"},"potentialAction":[{"@type":"SearchAction","target":{"@type":"EntryPoint","urlTemplate":"https:\/\/gooddealersmeds.com\/sl\/?s={search_term_string}"},"query-input":{"@type":"PropertyValueSpecification","valueRequired":true,"valueName":"search_term_string"}}],"inLanguage":"en-US"},{"@type":"Organization","@id":"https:\/\/gooddealersmeds.com\/sl\/#organization","name":"Good Dealers Meds","url":"https:\/\/gooddealersmeds.com\/sl\/","logo":{"@type":"ImageObject","inLanguage":"en-US","@id":"https:\/\/gooddealersmeds.com\/sl\/#\/schema\/logo\/image\/","url":"https:\/\/gooddealersmeds.com\/sl\/wp-content\/uploads\/sites\/10\/2022\/03\/gooddealersmeds__logo__20220317T222800Z.00.png","contentUrl":"https:\/\/gooddealersmeds.com\/sl\/wp-content\/uploads\/sites\/10\/2022\/03\/gooddealersmeds__logo__20220317T222800Z.00.png","width":500,"height":325,"caption":"Good Dealers Meds"},"image":{"@id":"https:\/\/gooddealersmeds.com\/sl\/#\/schema\/logo\/image\/"}}]}},"_links":{"self":[{"href":"https:\/\/gooddealersmeds.com\/sl\/wp-json\/wp\/v2\/product\/1867","targetHints":{"allow":["GET"]}}],"collection":[{"href":"https:\/\/gooddealersmeds.com\/sl\/wp-json\/wp\/v2\/product"}],"about":[{"href":"https:\/\/gooddealersmeds.com\/sl\/wp-json\/wp\/v2\/types\/product"}],"replies":[{"embeddable":true,"href":"https:\/\/gooddealersmeds.com\/sl\/wp-json\/wp\/v2\/comments?post=1867"}],"wp:featuredmedia":[{"embeddable":true,"href":"https:\/\/gooddealersmeds.com\/sl\/wp-json\/wp\/v2\/media\/1868"}],"wp:attachment":[{"href":"https:\/\/gooddealersmeds.com\/sl\/wp-json\/wp\/v2\/media?parent=1867"}],"wp:term":[{"taxonomy":"product_brand","embeddable":true,"href":"https:\/\/gooddealersmeds.com\/sl\/wp-json\/wp\/v2\/product_brand?post=1867"},{"taxonomy":"product_cat","embeddable":true,"href":"https:\/\/gooddealersmeds.com\/sl\/wp-json\/wp\/v2\/product_cat?post=1867"},{"taxonomy":"product_tag","embeddable":true,"href":"https:\/\/gooddealersmeds.com\/sl\/wp-json\/wp\/v2\/product_tag?post=1867"}],"curies":[{"name":"wp","href":"https:\/\/api.w.org\/{rel}","templated":true}]}}