{"id":1833,"date":"2022-06-22T20:57:16","date_gmt":"2022-06-22T20:57:16","guid":{"rendered":"https:\/\/gooddealersmeds.com\/sl\/?post_type=product&#038;p=1833"},"modified":"2022-10-04T00:41:42","modified_gmt":"2022-10-04T00:41:42","slug":"rivotril","status":"publish","type":"product","link":"https:\/\/gooddealersmeds.com\/sl\/product\/rivotril\/","title":{"rendered":"Kupite Rivotril na spletu"},"content":{"rendered":"<h1><strong>Kupite Rivotril prek spleta<\/strong><\/h1>\n<p><a href=\"https:\/\/gooddealersmeds.com\/sl\/product\/rivotril\/\">Rivotril<\/a> je zdravilo, ki se uporablja pri zdravljenju visokega krvnega tlaka. Na voljo je kot tableta, kapsula in tableta s podalj\u0161anim spro\u0161\u010danjem. Zdravilo spada v skupino zaviralcev kalcijevih kanal\u010dkov. Za razliko od drugih zdravil za visok krvni tlak, ki spro\u0161\u010dajo arterije in zmanj\u0161ujejo sr\u010dni utrip, to zdravilo blokira kalcijeve kanale v srcu, kar povzro\u010di zvi\u0161anje sr\u010dnega utripa in krvnega tlaka.<\/p>\n<p>&nbsp;<\/p>\n<p>Rivotril je zdravilo, ki se lahko uporablja za zdravljenje depresije, anksioznosti in napadov panike. Deluje tako, da blokira nekatere kemikalije v mo\u017eganih, ki lahko povzro\u010dajo simptome. Na voljo je kot spletna trgovina z drogami.<\/p>\n<p>Zdravilo je leta 1987 odobril ameri\u0161ki urad za hrano in zdravila, na voljo pa je bilo na recept za zdravljenje depresije in <a href=\"https:\/\/www.apotheken -umschau.de\/medikamente\/beipackzettel\/rivotril-2-mg-tabletten-1874385.html\">anksiozne motnje<\/a>. Od takrat ga predpisujejo tudi za druga stanja, kot so bipolarna motnja in napadi panike.<\/p>\n<p><strong>\u00a0<\/strong><\/p>\n<p><strong>Zakaj kupiti Rivotril na spletu?<\/strong><\/p>\n<p><strong>\u00a0<\/strong><\/p>\n<p>Prednosti uporabe tega zdravila vklju\u010dujejo:<\/p>\n<p>1)\u00a0 U\u010dinkovito je pri nadzoru krvnega tlaka in zni\u017eevanju tveganje za mo\u017egansko kap<\/p>\n<p>2)\u00a0 Pomaga pri prepre\u010devanju ledvi\u010dnih kamnov z uravnavanjem uriniranja<\/p>\n<p>3)\u00a0 S svojimi dolgotrajnimi u\u010dinki vam lahko pomaga pri bolj\u0161em spanju in zmanj\u0161anju utrujenosti po delu ure<\/p>\n<p>4)\u00a0 Pomaga prepre\u010devati po\u0161kodbe ledvic zaradi \u010dezmernega zastajanja teko\u010dine, ki ga povzro\u010di visok krvni tlak<\/p>\n<p><strong>\u00a0<\/strong><\/p>\n<p><strong> Najbolj\u0161e mesto za nakup zdravila Rivotril na spletu<\/strong><\/p>\n<p>\u0160tevilne lekarne ponujajo zdravilo Rivotril na spletu, vendar je Great Dealers Meds najbolj\u0161e mesto za iskanje tega zdravila. Ponujamo resne stro\u0161ke in veliko \u0161tevilo zdravil, vklju\u010dno z Rivotrilom. Rivotril lahko rezervirate tudi prek spleta prek Great Dealers Meds, tako da obi\u0161\u010dete na\u0161o spletno trgovino.<\/p>\n","protected":false},"excerpt":{"rendered":"<p>Kupite Rivotril 2mg na spletu, je\u00a0benzodiazepin, kar pomeni, da deluje pomirjujo\u010de na mo\u017egane. Zmanj\u0161uje epilepti\u010dne napade, tesnobo in se uporablja za zdravljenje epilepti\u010dnih motenj. Rivotril upo\u010dasnjuje delovanje \u017eiv\u010devja v mo\u017eganih, spro\u0161\u010da napete mi\u0161ice in lahko pomaga pri te\u017eavah s spanjem (nespe\u010dnost). Zdravilo Rivotril 2 mg se obi\u010dajno predpisuje za kratek \u010das, \u010de se uporablja za zdravljenje te\u017eav s spanjem. \u010ce ste klonazepam jemali dlje \u010dasa ali v velikih odmerkih, se pred prenehanjem posvetujte s svojim zdravnikom.<\/p>\n","protected":false},"featured_media":1840,"comment_status":"open","ping_status":"closed","template":"","meta":{"inline_featured_image":false},"product_brand":[],"product_cat":[347],"product_tag":[338,339,340,341],"class_list":{"0":"post-1833","1":"product","2":"type-product","3":"status-publish","4":"has-post-thumbnail","6":"product_cat-opioid-protiboleinsko","7":"product_tag-barbiturati","8":"product_tag-nembutal","9":"product_tag-raziskave-kemikalije","10":"product_tag-samomorilski-kompleti","12":"first","13":"instock","14":"shipping-taxable","15":"purchasable","16":"product-type-variable","17":"has-default-attributes"},"yoast_head":"<!-- This site is optimized with the Yoast SEO Premium plugin v20.6 (Yoast SEO v27.3) - https:\/\/yoast.com\/product\/yoast-seo-premium-wordpress\/ -->\n<title>Kupite Rivotril na spletu (2 mg) Clonazepam | Good Dealers Meds<\/title>\n<meta name=\"description\" content=\"Kupite Rivotril 2 mg na spletu pri Good Dealers Meds. Uporablja se za zdravljenje epilepti\u010dnih napadov, anksioznosti in se uporablja za zdravljenje epilepti\u010dnih motenj.\" \/>\n<meta name=\"robots\" content=\"index, follow, max-snippet:-1, max-image-preview:large, max-video-preview:-1\" \/>\n<link rel=\"canonical\" href=\"https:\/\/gooddealersmeds.com\/sl\/product\/rivotril\/\" \/>\n<meta property=\"og:locale\" content=\"en_US\" \/>\n<meta property=\"og:type\" content=\"article\" \/>\n<meta property=\"og:title\" content=\"Kupite Rivotril na spletu\" \/>\n<meta property=\"og:description\" content=\"Kupite Rivotril 2 mg na spletu pri Good Dealers Meds. Uporablja se za zdravljenje epilepti\u010dnih napadov, anksioznosti in se uporablja za zdravljenje epilepti\u010dnih motenj.\" \/>\n<meta property=\"og:url\" content=\"https:\/\/gooddealersmeds.com\/sl\/product\/rivotril\/\" \/>\n<meta property=\"og:site_name\" content=\"Good Dealers Meds\" \/>\n<meta property=\"article:modified_time\" content=\"2022-10-04T00:41:42+00:00\" \/>\n<meta property=\"og:image\" content=\"https:\/\/gooddealersmeds.com\/sl\/wp-content\/uploads\/sites\/10\/2022\/06\/Rivotril-2mg.webp\" \/>\n\t<meta property=\"og:image:width\" content=\"600\" \/>\n\t<meta property=\"og:image:height\" content=\"600\" \/>\n\t<meta property=\"og:image:type\" content=\"image\/webp\" \/>\n<meta name=\"twitter:card\" content=\"summary_large_image\" \/>\n<meta name=\"twitter:label1\" content=\"Est. reading time\" \/>\n\t<meta name=\"twitter:data1\" content=\"1 minute\" \/>\n<script type=\"application\/ld+json\" class=\"yoast-schema-graph\">{\"@context\":\"https:\\\/\\\/schema.org\",\"@graph\":[{\"@type\":\"WebPage\",\"@id\":\"https:\\\/\\\/gooddealersmeds.com\\\/sl\\\/product\\\/rivotril\\\/\",\"url\":\"https:\\\/\\\/gooddealersmeds.com\\\/sl\\\/product\\\/rivotril\\\/\",\"name\":\"Kupite Rivotril na spletu (2 mg) Clonazepam | Good Dealers Meds\",\"isPartOf\":{\"@id\":\"https:\\\/\\\/gooddealersmeds.com\\\/sl\\\/#website\"},\"primaryImageOfPage\":{\"@id\":\"https:\\\/\\\/gooddealersmeds.com\\\/sl\\\/product\\\/rivotril\\\/#primaryimage\"},\"image\":{\"@id\":\"https:\\\/\\\/gooddealersmeds.com\\\/sl\\\/product\\\/rivotril\\\/#primaryimage\"},\"thumbnailUrl\":\"https:\\\/\\\/gooddealersmeds.com\\\/sl\\\/wp-content\\\/uploads\\\/sites\\\/10\\\/2022\\\/06\\\/Rivotril-2mg.webp\",\"datePublished\":\"2022-06-22T20:57:16+00:00\",\"dateModified\":\"2022-10-04T00:41:42+00:00\",\"description\":\"Kupite Rivotril 2 mg na spletu pri Good Dealers Meds. Uporablja se za zdravljenje epilepti\u010dnih napadov, anksioznosti in se uporablja za zdravljenje epilepti\u010dnih motenj.\",\"breadcrumb\":{\"@id\":\"https:\\\/\\\/gooddealersmeds.com\\\/sl\\\/product\\\/rivotril\\\/#breadcrumb\"},\"inLanguage\":\"en-US\",\"potentialAction\":[{\"@type\":\"ReadAction\",\"target\":[\"https:\\\/\\\/gooddealersmeds.com\\\/sl\\\/product\\\/rivotril\\\/\"]}]},{\"@type\":\"ImageObject\",\"inLanguage\":\"en-US\",\"@id\":\"https:\\\/\\\/gooddealersmeds.com\\\/sl\\\/product\\\/rivotril\\\/#primaryimage\",\"url\":\"https:\\\/\\\/gooddealersmeds.com\\\/sl\\\/wp-content\\\/uploads\\\/sites\\\/10\\\/2022\\\/06\\\/Rivotril-2mg.webp\",\"contentUrl\":\"https:\\\/\\\/gooddealersmeds.com\\\/sl\\\/wp-content\\\/uploads\\\/sites\\\/10\\\/2022\\\/06\\\/Rivotril-2mg.webp\",\"width\":600,\"height\":600,\"caption\":\"Buy Rivotril Online\"},{\"@type\":\"BreadcrumbList\",\"@id\":\"https:\\\/\\\/gooddealersmeds.com\\\/sl\\\/product\\\/rivotril\\\/#breadcrumb\",\"itemListElement\":[{\"@type\":\"ListItem\",\"position\":1,\"name\":\"Home\",\"item\":\"https:\\\/\\\/gooddealersmeds.com\\\/sl\\\/\"},{\"@type\":\"ListItem\",\"position\":2,\"name\":\"Izdelki\",\"item\":\"https:\\\/\\\/gooddealersmeds.com\\\/sl\\\/izdelki\\\/\"},{\"@type\":\"ListItem\",\"position\":3,\"name\":\"Kupite Rivotril na spletu\"}]},{\"@type\":\"WebSite\",\"@id\":\"https:\\\/\\\/gooddealersmeds.com\\\/sl\\\/#website\",\"url\":\"https:\\\/\\\/gooddealersmeds.com\\\/sl\\\/\",\"name\":\"Good Dealers Meds\",\"description\":\"All our best\",\"publisher\":{\"@id\":\"https:\\\/\\\/gooddealersmeds.com\\\/sl\\\/#organization\"},\"potentialAction\":[{\"@type\":\"SearchAction\",\"target\":{\"@type\":\"EntryPoint\",\"urlTemplate\":\"https:\\\/\\\/gooddealersmeds.com\\\/sl\\\/?s={search_term_string}\"},\"query-input\":{\"@type\":\"PropertyValueSpecification\",\"valueRequired\":true,\"valueName\":\"search_term_string\"}}],\"inLanguage\":\"en-US\"},{\"@type\":\"Organization\",\"@id\":\"https:\\\/\\\/gooddealersmeds.com\\\/sl\\\/#organization\",\"name\":\"Good Dealers Meds\",\"url\":\"https:\\\/\\\/gooddealersmeds.com\\\/sl\\\/\",\"logo\":{\"@type\":\"ImageObject\",\"inLanguage\":\"en-US\",\"@id\":\"https:\\\/\\\/gooddealersmeds.com\\\/sl\\\/#\\\/schema\\\/logo\\\/image\\\/\",\"url\":\"https:\\\/\\\/gooddealersmeds.com\\\/sl\\\/wp-content\\\/uploads\\\/sites\\\/10\\\/2022\\\/03\\\/gooddealersmeds__logo__20220317T222800Z.00.png\",\"contentUrl\":\"https:\\\/\\\/gooddealersmeds.com\\\/sl\\\/wp-content\\\/uploads\\\/sites\\\/10\\\/2022\\\/03\\\/gooddealersmeds__logo__20220317T222800Z.00.png\",\"width\":500,\"height\":325,\"caption\":\"Good Dealers Meds\"},\"image\":{\"@id\":\"https:\\\/\\\/gooddealersmeds.com\\\/sl\\\/#\\\/schema\\\/logo\\\/image\\\/\"}}]}<\/script>\n<!-- \/ Yoast SEO Premium plugin. -->","yoast_head_json":{"title":"Kupite Rivotril na spletu (2 mg) Clonazepam | Good Dealers Meds","description":"Kupite Rivotril 2 mg na spletu pri Good Dealers Meds. Uporablja se za zdravljenje epilepti\u010dnih napadov, anksioznosti in se uporablja za zdravljenje epilepti\u010dnih motenj.","robots":{"index":"index","follow":"follow","max-snippet":"max-snippet:-1","max-image-preview":"max-image-preview:large","max-video-preview":"max-video-preview:-1"},"canonical":"https:\/\/gooddealersmeds.com\/sl\/product\/rivotril\/","og_locale":"en_US","og_type":"article","og_title":"Kupite Rivotril na spletu","og_description":"Kupite Rivotril 2 mg na spletu pri Good Dealers Meds. Uporablja se za zdravljenje epilepti\u010dnih napadov, anksioznosti in se uporablja za zdravljenje epilepti\u010dnih motenj.","og_url":"https:\/\/gooddealersmeds.com\/sl\/product\/rivotril\/","og_site_name":"Good Dealers Meds","article_modified_time":"2022-10-04T00:41:42+00:00","og_image":[{"width":600,"height":600,"url":"https:\/\/gooddealersmeds.com\/sl\/wp-content\/uploads\/sites\/10\/2022\/06\/Rivotril-2mg.webp","type":"image\/webp"}],"twitter_card":"summary_large_image","twitter_misc":{"Est. reading time":"1 minute"},"schema":{"@context":"https:\/\/schema.org","@graph":[{"@type":"WebPage","@id":"https:\/\/gooddealersmeds.com\/sl\/product\/rivotril\/","url":"https:\/\/gooddealersmeds.com\/sl\/product\/rivotril\/","name":"Kupite Rivotril na spletu (2 mg) Clonazepam | Good Dealers Meds","isPartOf":{"@id":"https:\/\/gooddealersmeds.com\/sl\/#website"},"primaryImageOfPage":{"@id":"https:\/\/gooddealersmeds.com\/sl\/product\/rivotril\/#primaryimage"},"image":{"@id":"https:\/\/gooddealersmeds.com\/sl\/product\/rivotril\/#primaryimage"},"thumbnailUrl":"https:\/\/gooddealersmeds.com\/sl\/wp-content\/uploads\/sites\/10\/2022\/06\/Rivotril-2mg.webp","datePublished":"2022-06-22T20:57:16+00:00","dateModified":"2022-10-04T00:41:42+00:00","description":"Kupite Rivotril 2 mg na spletu pri Good Dealers Meds. Uporablja se za zdravljenje epilepti\u010dnih napadov, anksioznosti in se uporablja za zdravljenje epilepti\u010dnih motenj.","breadcrumb":{"@id":"https:\/\/gooddealersmeds.com\/sl\/product\/rivotril\/#breadcrumb"},"inLanguage":"en-US","potentialAction":[{"@type":"ReadAction","target":["https:\/\/gooddealersmeds.com\/sl\/product\/rivotril\/"]}]},{"@type":"ImageObject","inLanguage":"en-US","@id":"https:\/\/gooddealersmeds.com\/sl\/product\/rivotril\/#primaryimage","url":"https:\/\/gooddealersmeds.com\/sl\/wp-content\/uploads\/sites\/10\/2022\/06\/Rivotril-2mg.webp","contentUrl":"https:\/\/gooddealersmeds.com\/sl\/wp-content\/uploads\/sites\/10\/2022\/06\/Rivotril-2mg.webp","width":600,"height":600,"caption":"Buy Rivotril Online"},{"@type":"BreadcrumbList","@id":"https:\/\/gooddealersmeds.com\/sl\/product\/rivotril\/#breadcrumb","itemListElement":[{"@type":"ListItem","position":1,"name":"Home","item":"https:\/\/gooddealersmeds.com\/sl\/"},{"@type":"ListItem","position":2,"name":"Izdelki","item":"https:\/\/gooddealersmeds.com\/sl\/izdelki\/"},{"@type":"ListItem","position":3,"name":"Kupite Rivotril na spletu"}]},{"@type":"WebSite","@id":"https:\/\/gooddealersmeds.com\/sl\/#website","url":"https:\/\/gooddealersmeds.com\/sl\/","name":"Good Dealers Meds","description":"All our best","publisher":{"@id":"https:\/\/gooddealersmeds.com\/sl\/#organization"},"potentialAction":[{"@type":"SearchAction","target":{"@type":"EntryPoint","urlTemplate":"https:\/\/gooddealersmeds.com\/sl\/?s={search_term_string}"},"query-input":{"@type":"PropertyValueSpecification","valueRequired":true,"valueName":"search_term_string"}}],"inLanguage":"en-US"},{"@type":"Organization","@id":"https:\/\/gooddealersmeds.com\/sl\/#organization","name":"Good Dealers Meds","url":"https:\/\/gooddealersmeds.com\/sl\/","logo":{"@type":"ImageObject","inLanguage":"en-US","@id":"https:\/\/gooddealersmeds.com\/sl\/#\/schema\/logo\/image\/","url":"https:\/\/gooddealersmeds.com\/sl\/wp-content\/uploads\/sites\/10\/2022\/03\/gooddealersmeds__logo__20220317T222800Z.00.png","contentUrl":"https:\/\/gooddealersmeds.com\/sl\/wp-content\/uploads\/sites\/10\/2022\/03\/gooddealersmeds__logo__20220317T222800Z.00.png","width":500,"height":325,"caption":"Good Dealers Meds"},"image":{"@id":"https:\/\/gooddealersmeds.com\/sl\/#\/schema\/logo\/image\/"}}]}},"_links":{"self":[{"href":"https:\/\/gooddealersmeds.com\/sl\/wp-json\/wp\/v2\/product\/1833","targetHints":{"allow":["GET"]}}],"collection":[{"href":"https:\/\/gooddealersmeds.com\/sl\/wp-json\/wp\/v2\/product"}],"about":[{"href":"https:\/\/gooddealersmeds.com\/sl\/wp-json\/wp\/v2\/types\/product"}],"replies":[{"embeddable":true,"href":"https:\/\/gooddealersmeds.com\/sl\/wp-json\/wp\/v2\/comments?post=1833"}],"wp:featuredmedia":[{"embeddable":true,"href":"https:\/\/gooddealersmeds.com\/sl\/wp-json\/wp\/v2\/media\/1840"}],"wp:attachment":[{"href":"https:\/\/gooddealersmeds.com\/sl\/wp-json\/wp\/v2\/media?parent=1833"}],"wp:term":[{"taxonomy":"product_brand","embeddable":true,"href":"https:\/\/gooddealersmeds.com\/sl\/wp-json\/wp\/v2\/product_brand?post=1833"},{"taxonomy":"product_cat","embeddable":true,"href":"https:\/\/gooddealersmeds.com\/sl\/wp-json\/wp\/v2\/product_cat?post=1833"},{"taxonomy":"product_tag","embeddable":true,"href":"https:\/\/gooddealersmeds.com\/sl\/wp-json\/wp\/v2\/product_tag?post=1833"}],"curies":[{"name":"wp","href":"https:\/\/api.w.org\/{rel}","templated":true}]}}