{"id":1823,"date":"2022-06-22T20:56:09","date_gmt":"2022-06-22T20:56:09","guid":{"rendered":"https:\/\/gooddealersmeds.com\/sl\/?post_type=product&#038;p=1823"},"modified":"2022-10-04T00:41:49","modified_gmt":"2022-10-04T00:41:49","slug":"nembutalne-tablete","status":"publish","type":"product","link":"https:\/\/gooddealersmeds.com\/sl\/product\/nembutalne-tablete\/","title":{"rendered":"Kupite Nembutal tablete na spletu"},"content":{"rendered":"<p><strong>Kupite tablete nembutal prek spleta<\/strong><\/p>\n<p><strong>\u00a0<\/strong><\/p>\n<p>Tablete nembutal so vrsta barbiturata, ki se uporablja za zdravljenje nespe\u010dnosti in tesnobe . Zdravilo se lahko uporablja tudi za druga stanja, kot dolo\u010di va\u0161 zdravnik.<\/p>\n<p>&nbsp;<\/p>\n<p>Tablete nembutal so na voljo v razli\u010dnih jakostih (ali stopnjah), odvisno od zdravila, ki ga jemljete. , zaradi \u010desar so u\u010dinkovitej\u0161e od ve\u010dine drugih vrst uspaval. Ta zdravila delujejo tako, da upo\u010dasnijo aktivnost v mo\u017eganih, zaradi \u010desar se po\u010dutite zaspani ali hitro zaspite. Nekateri ljudje ugotovijo, da ne morejo zaspati, dokler ne vzamejo teh tablet, medtem ko drugi ugotovijo, da lahko hitro zaspijo in spijo vso no\u010d \u017ee z eno samo tableto.<\/p>\n<p><strong>\u00a0<\/strong> <\/p>\n<p>&nbsp;<\/p>\n<p><strong>Zakaj kupiti nembutal tablete na spletu<\/strong><\/p>\n<p>&nbsp;<\/p>\n<p>Nembutal lahko namesto tega kupite na spletu v lokalni lekarni iz razli\u010dnih razlogov. Prvi\u010d, stalo bo manj, kot \u010de bi \u0161li tja osebno; drugi\u010d, priro\u010dno je naro\u010diti prek spleta, ko ga potrebujete; tretji\u010d, prihrani \u010das, saj vam ni treba \u010dakati pri lekarni\u0161kem okencu; \u010detrti\u010d, prihranite lahko tako, da zdravila kupite prek spleta, namesto da vsak mesec pla\u010dujete maloprodajne cene v lekarnah.<\/p>\n<p>&nbsp;<\/p>\n<p><strong>Najbolj\u0161e mesto za naro\u010danje <\/strong><strong>Nembutal Pills na spletu<\/strong><\/p>\n<p>&nbsp;<\/p>\n<p>\u0160tevilne lekarne ponujajo Nembutal Pills na spletu, vendar je Good Dealers Meds najbolj\u0161e mesto za iskanje tega zdravila. Ponujamo konkuren\u010dne cene in \u0161iroko paleto zdravil, vklju\u010dno z\u00a0 <a href=\"https:\/\/gooddealersmeds.com\/sl\/product\/nembutal-pills\/\">Nembutal Pills<\/a>. Tukaj lahko rezervirate tudi redka zdravila, tako da kliknete spodnji gumb \u00bbRezerviraj zdaj\u00ab.<\/p>\n","protected":false},"excerpt":{"rendered":"<p>Buy Nembutal pills online je zdravilo, ki je razvr\u0161\u010deno v skupino zdravil, imenovanih\u00a0barbiturati. V \u0161tiridesetih in petdesetih letih 20. stoletja so ga pogosto in \u0161iroko uporabljali kot uspavalno tableto ali kot zdravilo proti anksioznosti (sedativ). \u010ceprav se tablete Nembutal uporabljajo za zdravljenje nespe\u010dnosti, so v prevelikem odmerjanju zelo smrtonosne.<\/p>\n","protected":false},"featured_media":1831,"comment_status":"open","ping_status":"closed","template":"","meta":{"inline_featured_image":false},"product_brand":[],"product_cat":[343],"product_tag":[],"class_list":{"0":"post-1823","1":"product","2":"type-product","3":"status-publish","4":"has-post-thumbnail","6":"product_cat-drugi","8":"first","9":"instock","10":"shipping-taxable","11":"purchasable","12":"product-type-variable","13":"has-default-attributes"},"yoast_head":"<!-- This site is optimized with the Yoast SEO Premium plugin v20.6 (Yoast SEO v27.3) - https:\/\/yoast.com\/product\/yoast-seo-premium-wordpress\/ -->\n<title>Naro\u010dite nembutal tablete na spletu - odmerek nembutala | Good Dealers Meds<\/title>\n<meta name=\"description\" content=\"Naro\u010dite nembutal tablete prek spleta, dobavljamo visokokakovosten nembutal (pentobarbital) po najbolj\u0161ih cenah. Kupite zdaj in dobite dostavljeno na va\u0161 prag.\" \/>\n<meta name=\"robots\" content=\"index, follow, max-snippet:-1, max-image-preview:large, max-video-preview:-1\" \/>\n<link rel=\"canonical\" href=\"https:\/\/gooddealersmeds.com\/sl\/product\/nembutalne-tablete\/\" \/>\n<meta property=\"og:locale\" content=\"en_US\" \/>\n<meta property=\"og:type\" content=\"article\" \/>\n<meta property=\"og:title\" content=\"Kupite Nembutal tablete na spletu\" \/>\n<meta property=\"og:description\" content=\"Naro\u010dite nembutal tablete prek spleta, dobavljamo visokokakovosten nembutal (pentobarbital) po najbolj\u0161ih cenah. Kupite zdaj in dobite dostavljeno na va\u0161 prag.\" \/>\n<meta property=\"og:url\" content=\"https:\/\/gooddealersmeds.com\/sl\/product\/nembutalne-tablete\/\" \/>\n<meta property=\"og:site_name\" content=\"Good Dealers Meds\" \/>\n<meta property=\"article:modified_time\" content=\"2022-10-04T00:41:49+00:00\" \/>\n<meta property=\"og:image\" content=\"https:\/\/gooddealersmeds.com\/sl\/wp-content\/uploads\/sites\/10\/2022\/06\/Nembutal-Pills.webp\" \/>\n\t<meta property=\"og:image:width\" content=\"1200\" \/>\n\t<meta property=\"og:image:height\" content=\"630\" \/>\n\t<meta property=\"og:image:type\" content=\"image\/webp\" \/>\n<meta name=\"twitter:card\" content=\"summary_large_image\" \/>\n<meta name=\"twitter:label1\" content=\"Est. reading time\" \/>\n\t<meta name=\"twitter:data1\" content=\"1 minute\" \/>\n<script type=\"application\/ld+json\" class=\"yoast-schema-graph\">{\"@context\":\"https:\\\/\\\/schema.org\",\"@graph\":[{\"@type\":\"WebPage\",\"@id\":\"https:\\\/\\\/gooddealersmeds.com\\\/sl\\\/product\\\/nembutalne-tablete\\\/\",\"url\":\"https:\\\/\\\/gooddealersmeds.com\\\/sl\\\/product\\\/nembutalne-tablete\\\/\",\"name\":\"Naro\u010dite nembutal tablete na spletu - odmerek nembutala | Good Dealers Meds\",\"isPartOf\":{\"@id\":\"https:\\\/\\\/gooddealersmeds.com\\\/sl\\\/#website\"},\"primaryImageOfPage\":{\"@id\":\"https:\\\/\\\/gooddealersmeds.com\\\/sl\\\/product\\\/nembutalne-tablete\\\/#primaryimage\"},\"image\":{\"@id\":\"https:\\\/\\\/gooddealersmeds.com\\\/sl\\\/product\\\/nembutalne-tablete\\\/#primaryimage\"},\"thumbnailUrl\":\"https:\\\/\\\/gooddealersmeds.com\\\/sl\\\/wp-content\\\/uploads\\\/sites\\\/10\\\/2022\\\/06\\\/Nembutal-Pills.webp\",\"datePublished\":\"2022-06-22T20:56:09+00:00\",\"dateModified\":\"2022-10-04T00:41:49+00:00\",\"description\":\"Naro\u010dite nembutal tablete prek spleta, dobavljamo visokokakovosten nembutal (pentobarbital) po najbolj\u0161ih cenah. Kupite zdaj in dobite dostavljeno na va\u0161 prag.\",\"breadcrumb\":{\"@id\":\"https:\\\/\\\/gooddealersmeds.com\\\/sl\\\/product\\\/nembutalne-tablete\\\/#breadcrumb\"},\"inLanguage\":\"en-US\",\"potentialAction\":[{\"@type\":\"ReadAction\",\"target\":[\"https:\\\/\\\/gooddealersmeds.com\\\/sl\\\/product\\\/nembutalne-tablete\\\/\"]}]},{\"@type\":\"ImageObject\",\"inLanguage\":\"en-US\",\"@id\":\"https:\\\/\\\/gooddealersmeds.com\\\/sl\\\/product\\\/nembutalne-tablete\\\/#primaryimage\",\"url\":\"https:\\\/\\\/gooddealersmeds.com\\\/sl\\\/wp-content\\\/uploads\\\/sites\\\/10\\\/2022\\\/06\\\/Nembutal-Pills.webp\",\"contentUrl\":\"https:\\\/\\\/gooddealersmeds.com\\\/sl\\\/wp-content\\\/uploads\\\/sites\\\/10\\\/2022\\\/06\\\/Nembutal-Pills.webp\",\"width\":1200,\"height\":630,\"caption\":\"Nembutal Pills Online\"},{\"@type\":\"BreadcrumbList\",\"@id\":\"https:\\\/\\\/gooddealersmeds.com\\\/sl\\\/product\\\/nembutalne-tablete\\\/#breadcrumb\",\"itemListElement\":[{\"@type\":\"ListItem\",\"position\":1,\"name\":\"Home\",\"item\":\"https:\\\/\\\/gooddealersmeds.com\\\/sl\\\/\"},{\"@type\":\"ListItem\",\"position\":2,\"name\":\"Izdelki\",\"item\":\"https:\\\/\\\/gooddealersmeds.com\\\/sl\\\/izdelki\\\/\"},{\"@type\":\"ListItem\",\"position\":3,\"name\":\"Kupite Nembutal tablete na spletu\"}]},{\"@type\":\"WebSite\",\"@id\":\"https:\\\/\\\/gooddealersmeds.com\\\/sl\\\/#website\",\"url\":\"https:\\\/\\\/gooddealersmeds.com\\\/sl\\\/\",\"name\":\"Good Dealers Meds\",\"description\":\"All our best\",\"publisher\":{\"@id\":\"https:\\\/\\\/gooddealersmeds.com\\\/sl\\\/#organization\"},\"potentialAction\":[{\"@type\":\"SearchAction\",\"target\":{\"@type\":\"EntryPoint\",\"urlTemplate\":\"https:\\\/\\\/gooddealersmeds.com\\\/sl\\\/?s={search_term_string}\"},\"query-input\":{\"@type\":\"PropertyValueSpecification\",\"valueRequired\":true,\"valueName\":\"search_term_string\"}}],\"inLanguage\":\"en-US\"},{\"@type\":\"Organization\",\"@id\":\"https:\\\/\\\/gooddealersmeds.com\\\/sl\\\/#organization\",\"name\":\"Good Dealers Meds\",\"url\":\"https:\\\/\\\/gooddealersmeds.com\\\/sl\\\/\",\"logo\":{\"@type\":\"ImageObject\",\"inLanguage\":\"en-US\",\"@id\":\"https:\\\/\\\/gooddealersmeds.com\\\/sl\\\/#\\\/schema\\\/logo\\\/image\\\/\",\"url\":\"https:\\\/\\\/gooddealersmeds.com\\\/sl\\\/wp-content\\\/uploads\\\/sites\\\/10\\\/2022\\\/03\\\/gooddealersmeds__logo__20220317T222800Z.00.png\",\"contentUrl\":\"https:\\\/\\\/gooddealersmeds.com\\\/sl\\\/wp-content\\\/uploads\\\/sites\\\/10\\\/2022\\\/03\\\/gooddealersmeds__logo__20220317T222800Z.00.png\",\"width\":500,\"height\":325,\"caption\":\"Good Dealers Meds\"},\"image\":{\"@id\":\"https:\\\/\\\/gooddealersmeds.com\\\/sl\\\/#\\\/schema\\\/logo\\\/image\\\/\"}}]}<\/script>\n<!-- \/ Yoast SEO Premium plugin. -->","yoast_head_json":{"title":"Naro\u010dite nembutal tablete na spletu - odmerek nembutala | Good Dealers Meds","description":"Naro\u010dite nembutal tablete prek spleta, dobavljamo visokokakovosten nembutal (pentobarbital) po najbolj\u0161ih cenah. Kupite zdaj in dobite dostavljeno na va\u0161 prag.","robots":{"index":"index","follow":"follow","max-snippet":"max-snippet:-1","max-image-preview":"max-image-preview:large","max-video-preview":"max-video-preview:-1"},"canonical":"https:\/\/gooddealersmeds.com\/sl\/product\/nembutalne-tablete\/","og_locale":"en_US","og_type":"article","og_title":"Kupite Nembutal tablete na spletu","og_description":"Naro\u010dite nembutal tablete prek spleta, dobavljamo visokokakovosten nembutal (pentobarbital) po najbolj\u0161ih cenah. Kupite zdaj in dobite dostavljeno na va\u0161 prag.","og_url":"https:\/\/gooddealersmeds.com\/sl\/product\/nembutalne-tablete\/","og_site_name":"Good Dealers Meds","article_modified_time":"2022-10-04T00:41:49+00:00","og_image":[{"width":1200,"height":630,"url":"https:\/\/gooddealersmeds.com\/sl\/wp-content\/uploads\/sites\/10\/2022\/06\/Nembutal-Pills.webp","type":"image\/webp"}],"twitter_card":"summary_large_image","twitter_misc":{"Est. reading time":"1 minute"},"schema":{"@context":"https:\/\/schema.org","@graph":[{"@type":"WebPage","@id":"https:\/\/gooddealersmeds.com\/sl\/product\/nembutalne-tablete\/","url":"https:\/\/gooddealersmeds.com\/sl\/product\/nembutalne-tablete\/","name":"Naro\u010dite nembutal tablete na spletu - odmerek nembutala | Good Dealers Meds","isPartOf":{"@id":"https:\/\/gooddealersmeds.com\/sl\/#website"},"primaryImageOfPage":{"@id":"https:\/\/gooddealersmeds.com\/sl\/product\/nembutalne-tablete\/#primaryimage"},"image":{"@id":"https:\/\/gooddealersmeds.com\/sl\/product\/nembutalne-tablete\/#primaryimage"},"thumbnailUrl":"https:\/\/gooddealersmeds.com\/sl\/wp-content\/uploads\/sites\/10\/2022\/06\/Nembutal-Pills.webp","datePublished":"2022-06-22T20:56:09+00:00","dateModified":"2022-10-04T00:41:49+00:00","description":"Naro\u010dite nembutal tablete prek spleta, dobavljamo visokokakovosten nembutal (pentobarbital) po najbolj\u0161ih cenah. Kupite zdaj in dobite dostavljeno na va\u0161 prag.","breadcrumb":{"@id":"https:\/\/gooddealersmeds.com\/sl\/product\/nembutalne-tablete\/#breadcrumb"},"inLanguage":"en-US","potentialAction":[{"@type":"ReadAction","target":["https:\/\/gooddealersmeds.com\/sl\/product\/nembutalne-tablete\/"]}]},{"@type":"ImageObject","inLanguage":"en-US","@id":"https:\/\/gooddealersmeds.com\/sl\/product\/nembutalne-tablete\/#primaryimage","url":"https:\/\/gooddealersmeds.com\/sl\/wp-content\/uploads\/sites\/10\/2022\/06\/Nembutal-Pills.webp","contentUrl":"https:\/\/gooddealersmeds.com\/sl\/wp-content\/uploads\/sites\/10\/2022\/06\/Nembutal-Pills.webp","width":1200,"height":630,"caption":"Nembutal Pills Online"},{"@type":"BreadcrumbList","@id":"https:\/\/gooddealersmeds.com\/sl\/product\/nembutalne-tablete\/#breadcrumb","itemListElement":[{"@type":"ListItem","position":1,"name":"Home","item":"https:\/\/gooddealersmeds.com\/sl\/"},{"@type":"ListItem","position":2,"name":"Izdelki","item":"https:\/\/gooddealersmeds.com\/sl\/izdelki\/"},{"@type":"ListItem","position":3,"name":"Kupite Nembutal tablete na spletu"}]},{"@type":"WebSite","@id":"https:\/\/gooddealersmeds.com\/sl\/#website","url":"https:\/\/gooddealersmeds.com\/sl\/","name":"Good Dealers Meds","description":"All our best","publisher":{"@id":"https:\/\/gooddealersmeds.com\/sl\/#organization"},"potentialAction":[{"@type":"SearchAction","target":{"@type":"EntryPoint","urlTemplate":"https:\/\/gooddealersmeds.com\/sl\/?s={search_term_string}"},"query-input":{"@type":"PropertyValueSpecification","valueRequired":true,"valueName":"search_term_string"}}],"inLanguage":"en-US"},{"@type":"Organization","@id":"https:\/\/gooddealersmeds.com\/sl\/#organization","name":"Good Dealers Meds","url":"https:\/\/gooddealersmeds.com\/sl\/","logo":{"@type":"ImageObject","inLanguage":"en-US","@id":"https:\/\/gooddealersmeds.com\/sl\/#\/schema\/logo\/image\/","url":"https:\/\/gooddealersmeds.com\/sl\/wp-content\/uploads\/sites\/10\/2022\/03\/gooddealersmeds__logo__20220317T222800Z.00.png","contentUrl":"https:\/\/gooddealersmeds.com\/sl\/wp-content\/uploads\/sites\/10\/2022\/03\/gooddealersmeds__logo__20220317T222800Z.00.png","width":500,"height":325,"caption":"Good Dealers Meds"},"image":{"@id":"https:\/\/gooddealersmeds.com\/sl\/#\/schema\/logo\/image\/"}}]}},"_links":{"self":[{"href":"https:\/\/gooddealersmeds.com\/sl\/wp-json\/wp\/v2\/product\/1823","targetHints":{"allow":["GET"]}}],"collection":[{"href":"https:\/\/gooddealersmeds.com\/sl\/wp-json\/wp\/v2\/product"}],"about":[{"href":"https:\/\/gooddealersmeds.com\/sl\/wp-json\/wp\/v2\/types\/product"}],"replies":[{"embeddable":true,"href":"https:\/\/gooddealersmeds.com\/sl\/wp-json\/wp\/v2\/comments?post=1823"}],"wp:featuredmedia":[{"embeddable":true,"href":"https:\/\/gooddealersmeds.com\/sl\/wp-json\/wp\/v2\/media\/1831"}],"wp:attachment":[{"href":"https:\/\/gooddealersmeds.com\/sl\/wp-json\/wp\/v2\/media?parent=1823"}],"wp:term":[{"taxonomy":"product_brand","embeddable":true,"href":"https:\/\/gooddealersmeds.com\/sl\/wp-json\/wp\/v2\/product_brand?post=1823"},{"taxonomy":"product_cat","embeddable":true,"href":"https:\/\/gooddealersmeds.com\/sl\/wp-json\/wp\/v2\/product_cat?post=1823"},{"taxonomy":"product_tag","embeddable":true,"href":"https:\/\/gooddealersmeds.com\/sl\/wp-json\/wp\/v2\/product_tag?post=1823"}],"curies":[{"name":"wp","href":"https:\/\/api.w.org\/{rel}","templated":true}]}}