{"id":1818,"date":"2022-06-22T20:49:15","date_gmt":"2022-06-22T20:49:15","guid":{"rendered":"https:\/\/gooddealersmeds.com\/sl\/?post_type=product&#038;p=1818"},"modified":"2022-10-04T00:41:57","modified_gmt":"2022-10-04T00:41:57","slug":"nembutal-peroralna-tekocina","status":"publish","type":"product","link":"https:\/\/gooddealersmeds.com\/sl\/product\/nembutal-peroralna-tekocina\/","title":{"rendered":"Kupite Nembutal peroralno teko\u010dino"},"content":{"rendered":"<p>Kupite Nembutal Liquid\u00a0na spletu, Nembutal teko\u010di je bil eden od glavnih dejavnikov, zakaj ljudje uporabljajo Nembutal Pentobarbital za oralno uporabo.<\/p>\n<p>Nembutal Liquid Phenobarbital (trgovsko ime: Nembutal) je barbituratno zdravilo. Obi\u010dajno se uporablja kot pomirjevalo ali zdravilo proti anksioznosti. V nasprotju s sodobnimi uspavali je Nembutal izjemno smrtonosen pri prevelikem odmerjanju.<\/p>\n<p>Pentobarbital (Nembutal) je barbiturat. Barbiturati so \u0161ibke kisline, ki se hitro absorbirajo in porazdelijo po telesu, z visokimi koncentracijami v mo\u017eganih, jetrih in ledvicah. Topnost barbituratov v lipidih je najpomembnej\u0161i dejavnik pri njihovi porazdelitvi v telesu. Bolj ko je barbiturat topen v ma\u0161\u010dobah, hitreje prodre v vsa telesna tkiva. Zmanj\u0161uje aktivnost mo\u017eganov in \u017eiv\u010dnega sistema. Uporablja se kot kratkotrajno pomirjevalo za zdravljenje nespe\u010dnosti ali za uspavanje pred operacijo. Pentobarbital se uporablja tudi kot nujno zdravljenje napadov.<\/p>\n<p>Po prejemu pentobarbitala v bolni\u0161ni\u010dnem okolju bodo natan\u010dno spremljali va\u0161e dihanje, krvni tlak, ravni kisika, delovanje ledvic in druge vitalne znake. \u010ce je pentobarbital spremenil barvo ali vsebuje delce, ga ne uporabljajte. Za novo zdravilo se obrnite na farmacevta.<\/p>\n<p>\u010ce to zdravilo uporabljate dolgoro\u010dno, boste morda potrebovali pogoste zdravni\u0161ke preiskave. Ne prenehajte jemati tega zdravila nenadoma po dolgotrajni uporabi, saj lahko pride do neprijetnih odtegnitvenih simptomov. Vpra\u0161ajte svojega zdravnika, kako varno prenehati uporabljati pentobarbital.<\/p>\n<ul>\n<li>Hraniti pri sobni temperaturi, za\u0161\u010diteno pred vlago in vro\u010dino.<\/li>\n<li>Ne zamrzujte<\/li>\n<\/ul>\n<p>Barbiturate je treba uporabljati previdno pri bolnikih z akutno ali kroni\u010dno bole\u010dino, saj lahko pride do paradoksnega vznemirjenja ali prikrivanja pomembnih simptomov. Po drugi strani pa se barbiturati \u017ee dolgo uporabljajo kot pomirjevala v pooperativnem kirur\u0161kem obdobju in kot dodatek k kemoterapiji raka.<\/p>\n<p>Lahko <a href=\"https:\/\/gooddealersmeds.com\/sl \/product\/nembutal-oral-liquid\/\">kupite peroralno teko\u010dino Nembutal<\/a> v na\u0161i spletni trgovini z varno dostavo.<\/p>\n","protected":false},"excerpt":{"rendered":"<p>Kupite pentobarbital prek spleta. Pod blagovno znamko Nembutal je natrijev pentobarbital na voljo kot peroralna raztopina za peroralno jemanje. Dajejo ga lahko usposobljeni strokovnjaki v bolni\u0161nicah in klinikah ali doma. Ima stranski u\u010dinek, kot je ob\u010dutek zaspanosti, vendar ne bi smel povzro\u010diti izgube zavesti ali izgube spomina. Ta izdelek se sme uporabljati samo pod neposrednim nadzorom zdravnika.<\/p>\n","protected":false},"featured_media":1822,"comment_status":"open","ping_status":"closed","template":"","meta":{"inline_featured_image":false},"product_brand":[],"product_cat":[343],"product_tag":[],"class_list":{"0":"post-1818","1":"product","2":"type-product","3":"status-publish","4":"has-post-thumbnail","6":"product_cat-drugi","8":"first","9":"instock","10":"shipping-taxable","11":"purchasable","12":"product-type-variable","13":"has-default-attributes"},"yoast_head":"<!-- This site is optimized with the Yoast SEO Premium plugin v20.6 (Yoast SEO v27.3) - https:\/\/yoast.com\/product\/yoast-seo-premium-wordpress\/ -->\n<title>Kupite Nembutal peroralno teko\u010dino na spletu (pentobarbital) | Good Dealers Meds<\/title>\n<meta name=\"description\" content=\"Kupite nembutal peroralno teko\u010dino (natrijev pentobarbital), barbiturat, ki deluje kot depresiv ali pomirjevalo, ki se uporablja kratkoro\u010dno za zdravljenje nespe\u010dnosti.\" \/>\n<meta name=\"robots\" content=\"index, follow, max-snippet:-1, max-image-preview:large, max-video-preview:-1\" \/>\n<link rel=\"canonical\" href=\"https:\/\/gooddealersmeds.com\/sl\/product\/nembutal-peroralna-tekocina\/\" \/>\n<meta property=\"og:locale\" content=\"en_US\" \/>\n<meta property=\"og:type\" content=\"article\" \/>\n<meta property=\"og:title\" content=\"Kupite Nembutal peroralno teko\u010dino\" \/>\n<meta property=\"og:description\" content=\"Kupite nembutal peroralno teko\u010dino (natrijev pentobarbital), barbiturat, ki deluje kot depresiv ali pomirjevalo, ki se uporablja kratkoro\u010dno za zdravljenje nespe\u010dnosti.\" \/>\n<meta property=\"og:url\" content=\"https:\/\/gooddealersmeds.com\/sl\/product\/nembutal-peroralna-tekocina\/\" \/>\n<meta property=\"og:site_name\" content=\"Good Dealers Meds\" \/>\n<meta property=\"article:modified_time\" content=\"2022-10-04T00:41:57+00:00\" \/>\n<meta property=\"og:image\" content=\"https:\/\/gooddealersmeds.com\/sl\/wp-content\/uploads\/sites\/10\/2022\/06\/Buy-Nembutal-oral-Liquid.webp\" \/>\n\t<meta property=\"og:image:width\" content=\"600\" \/>\n\t<meta property=\"og:image:height\" content=\"600\" \/>\n\t<meta property=\"og:image:type\" content=\"image\/webp\" \/>\n<meta name=\"twitter:card\" content=\"summary_large_image\" \/>\n<meta name=\"twitter:label1\" content=\"Est. reading time\" \/>\n\t<meta name=\"twitter:data1\" content=\"1 minute\" \/>\n<script type=\"application\/ld+json\" class=\"yoast-schema-graph\">{\"@context\":\"https:\\\/\\\/schema.org\",\"@graph\":[{\"@type\":\"WebPage\",\"@id\":\"https:\\\/\\\/gooddealersmeds.com\\\/sl\\\/product\\\/nembutal-peroralna-tekocina\\\/\",\"url\":\"https:\\\/\\\/gooddealersmeds.com\\\/sl\\\/product\\\/nembutal-peroralna-tekocina\\\/\",\"name\":\"Kupite Nembutal peroralno teko\u010dino na spletu (pentobarbital) | Good Dealers Meds\",\"isPartOf\":{\"@id\":\"https:\\\/\\\/gooddealersmeds.com\\\/sl\\\/#website\"},\"primaryImageOfPage\":{\"@id\":\"https:\\\/\\\/gooddealersmeds.com\\\/sl\\\/product\\\/nembutal-peroralna-tekocina\\\/#primaryimage\"},\"image\":{\"@id\":\"https:\\\/\\\/gooddealersmeds.com\\\/sl\\\/product\\\/nembutal-peroralna-tekocina\\\/#primaryimage\"},\"thumbnailUrl\":\"https:\\\/\\\/gooddealersmeds.com\\\/sl\\\/wp-content\\\/uploads\\\/sites\\\/10\\\/2022\\\/06\\\/Buy-Nembutal-oral-Liquid.webp\",\"datePublished\":\"2022-06-22T20:49:15+00:00\",\"dateModified\":\"2022-10-04T00:41:57+00:00\",\"description\":\"Kupite nembutal peroralno teko\u010dino (natrijev pentobarbital), barbiturat, ki deluje kot depresiv ali pomirjevalo, ki se uporablja kratkoro\u010dno za zdravljenje nespe\u010dnosti.\",\"breadcrumb\":{\"@id\":\"https:\\\/\\\/gooddealersmeds.com\\\/sl\\\/product\\\/nembutal-peroralna-tekocina\\\/#breadcrumb\"},\"inLanguage\":\"en-US\",\"potentialAction\":[{\"@type\":\"ReadAction\",\"target\":[\"https:\\\/\\\/gooddealersmeds.com\\\/sl\\\/product\\\/nembutal-peroralna-tekocina\\\/\"]}]},{\"@type\":\"ImageObject\",\"inLanguage\":\"en-US\",\"@id\":\"https:\\\/\\\/gooddealersmeds.com\\\/sl\\\/product\\\/nembutal-peroralna-tekocina\\\/#primaryimage\",\"url\":\"https:\\\/\\\/gooddealersmeds.com\\\/sl\\\/wp-content\\\/uploads\\\/sites\\\/10\\\/2022\\\/06\\\/Buy-Nembutal-oral-Liquid.webp\",\"contentUrl\":\"https:\\\/\\\/gooddealersmeds.com\\\/sl\\\/wp-content\\\/uploads\\\/sites\\\/10\\\/2022\\\/06\\\/Buy-Nembutal-oral-Liquid.webp\",\"width\":600,\"height\":600,\"caption\":\"Buy Nembutal Oral Liquid\"},{\"@type\":\"BreadcrumbList\",\"@id\":\"https:\\\/\\\/gooddealersmeds.com\\\/sl\\\/product\\\/nembutal-peroralna-tekocina\\\/#breadcrumb\",\"itemListElement\":[{\"@type\":\"ListItem\",\"position\":1,\"name\":\"Home\",\"item\":\"https:\\\/\\\/gooddealersmeds.com\\\/sl\\\/\"},{\"@type\":\"ListItem\",\"position\":2,\"name\":\"Izdelki\",\"item\":\"https:\\\/\\\/gooddealersmeds.com\\\/sl\\\/izdelki\\\/\"},{\"@type\":\"ListItem\",\"position\":3,\"name\":\"Kupite Nembutal peroralno teko\u010dino\"}]},{\"@type\":\"WebSite\",\"@id\":\"https:\\\/\\\/gooddealersmeds.com\\\/sl\\\/#website\",\"url\":\"https:\\\/\\\/gooddealersmeds.com\\\/sl\\\/\",\"name\":\"Good Dealers Meds\",\"description\":\"All our best\",\"publisher\":{\"@id\":\"https:\\\/\\\/gooddealersmeds.com\\\/sl\\\/#organization\"},\"potentialAction\":[{\"@type\":\"SearchAction\",\"target\":{\"@type\":\"EntryPoint\",\"urlTemplate\":\"https:\\\/\\\/gooddealersmeds.com\\\/sl\\\/?s={search_term_string}\"},\"query-input\":{\"@type\":\"PropertyValueSpecification\",\"valueRequired\":true,\"valueName\":\"search_term_string\"}}],\"inLanguage\":\"en-US\"},{\"@type\":\"Organization\",\"@id\":\"https:\\\/\\\/gooddealersmeds.com\\\/sl\\\/#organization\",\"name\":\"Good Dealers Meds\",\"url\":\"https:\\\/\\\/gooddealersmeds.com\\\/sl\\\/\",\"logo\":{\"@type\":\"ImageObject\",\"inLanguage\":\"en-US\",\"@id\":\"https:\\\/\\\/gooddealersmeds.com\\\/sl\\\/#\\\/schema\\\/logo\\\/image\\\/\",\"url\":\"https:\\\/\\\/gooddealersmeds.com\\\/sl\\\/wp-content\\\/uploads\\\/sites\\\/10\\\/2022\\\/03\\\/gooddealersmeds__logo__20220317T222800Z.00.png\",\"contentUrl\":\"https:\\\/\\\/gooddealersmeds.com\\\/sl\\\/wp-content\\\/uploads\\\/sites\\\/10\\\/2022\\\/03\\\/gooddealersmeds__logo__20220317T222800Z.00.png\",\"width\":500,\"height\":325,\"caption\":\"Good Dealers Meds\"},\"image\":{\"@id\":\"https:\\\/\\\/gooddealersmeds.com\\\/sl\\\/#\\\/schema\\\/logo\\\/image\\\/\"}}]}<\/script>\n<!-- \/ Yoast SEO Premium plugin. -->","yoast_head_json":{"title":"Kupite Nembutal peroralno teko\u010dino na spletu (pentobarbital) | Good Dealers Meds","description":"Kupite nembutal peroralno teko\u010dino (natrijev pentobarbital), barbiturat, ki deluje kot depresiv ali pomirjevalo, ki se uporablja kratkoro\u010dno za zdravljenje nespe\u010dnosti.","robots":{"index":"index","follow":"follow","max-snippet":"max-snippet:-1","max-image-preview":"max-image-preview:large","max-video-preview":"max-video-preview:-1"},"canonical":"https:\/\/gooddealersmeds.com\/sl\/product\/nembutal-peroralna-tekocina\/","og_locale":"en_US","og_type":"article","og_title":"Kupite Nembutal peroralno teko\u010dino","og_description":"Kupite nembutal peroralno teko\u010dino (natrijev pentobarbital), barbiturat, ki deluje kot depresiv ali pomirjevalo, ki se uporablja kratkoro\u010dno za zdravljenje nespe\u010dnosti.","og_url":"https:\/\/gooddealersmeds.com\/sl\/product\/nembutal-peroralna-tekocina\/","og_site_name":"Good Dealers Meds","article_modified_time":"2022-10-04T00:41:57+00:00","og_image":[{"width":600,"height":600,"url":"https:\/\/gooddealersmeds.com\/sl\/wp-content\/uploads\/sites\/10\/2022\/06\/Buy-Nembutal-oral-Liquid.webp","type":"image\/webp"}],"twitter_card":"summary_large_image","twitter_misc":{"Est. reading time":"1 minute"},"schema":{"@context":"https:\/\/schema.org","@graph":[{"@type":"WebPage","@id":"https:\/\/gooddealersmeds.com\/sl\/product\/nembutal-peroralna-tekocina\/","url":"https:\/\/gooddealersmeds.com\/sl\/product\/nembutal-peroralna-tekocina\/","name":"Kupite Nembutal peroralno teko\u010dino na spletu (pentobarbital) | Good Dealers Meds","isPartOf":{"@id":"https:\/\/gooddealersmeds.com\/sl\/#website"},"primaryImageOfPage":{"@id":"https:\/\/gooddealersmeds.com\/sl\/product\/nembutal-peroralna-tekocina\/#primaryimage"},"image":{"@id":"https:\/\/gooddealersmeds.com\/sl\/product\/nembutal-peroralna-tekocina\/#primaryimage"},"thumbnailUrl":"https:\/\/gooddealersmeds.com\/sl\/wp-content\/uploads\/sites\/10\/2022\/06\/Buy-Nembutal-oral-Liquid.webp","datePublished":"2022-06-22T20:49:15+00:00","dateModified":"2022-10-04T00:41:57+00:00","description":"Kupite nembutal peroralno teko\u010dino (natrijev pentobarbital), barbiturat, ki deluje kot depresiv ali pomirjevalo, ki se uporablja kratkoro\u010dno za zdravljenje nespe\u010dnosti.","breadcrumb":{"@id":"https:\/\/gooddealersmeds.com\/sl\/product\/nembutal-peroralna-tekocina\/#breadcrumb"},"inLanguage":"en-US","potentialAction":[{"@type":"ReadAction","target":["https:\/\/gooddealersmeds.com\/sl\/product\/nembutal-peroralna-tekocina\/"]}]},{"@type":"ImageObject","inLanguage":"en-US","@id":"https:\/\/gooddealersmeds.com\/sl\/product\/nembutal-peroralna-tekocina\/#primaryimage","url":"https:\/\/gooddealersmeds.com\/sl\/wp-content\/uploads\/sites\/10\/2022\/06\/Buy-Nembutal-oral-Liquid.webp","contentUrl":"https:\/\/gooddealersmeds.com\/sl\/wp-content\/uploads\/sites\/10\/2022\/06\/Buy-Nembutal-oral-Liquid.webp","width":600,"height":600,"caption":"Buy Nembutal Oral Liquid"},{"@type":"BreadcrumbList","@id":"https:\/\/gooddealersmeds.com\/sl\/product\/nembutal-peroralna-tekocina\/#breadcrumb","itemListElement":[{"@type":"ListItem","position":1,"name":"Home","item":"https:\/\/gooddealersmeds.com\/sl\/"},{"@type":"ListItem","position":2,"name":"Izdelki","item":"https:\/\/gooddealersmeds.com\/sl\/izdelki\/"},{"@type":"ListItem","position":3,"name":"Kupite Nembutal peroralno teko\u010dino"}]},{"@type":"WebSite","@id":"https:\/\/gooddealersmeds.com\/sl\/#website","url":"https:\/\/gooddealersmeds.com\/sl\/","name":"Good Dealers Meds","description":"All our best","publisher":{"@id":"https:\/\/gooddealersmeds.com\/sl\/#organization"},"potentialAction":[{"@type":"SearchAction","target":{"@type":"EntryPoint","urlTemplate":"https:\/\/gooddealersmeds.com\/sl\/?s={search_term_string}"},"query-input":{"@type":"PropertyValueSpecification","valueRequired":true,"valueName":"search_term_string"}}],"inLanguage":"en-US"},{"@type":"Organization","@id":"https:\/\/gooddealersmeds.com\/sl\/#organization","name":"Good Dealers Meds","url":"https:\/\/gooddealersmeds.com\/sl\/","logo":{"@type":"ImageObject","inLanguage":"en-US","@id":"https:\/\/gooddealersmeds.com\/sl\/#\/schema\/logo\/image\/","url":"https:\/\/gooddealersmeds.com\/sl\/wp-content\/uploads\/sites\/10\/2022\/03\/gooddealersmeds__logo__20220317T222800Z.00.png","contentUrl":"https:\/\/gooddealersmeds.com\/sl\/wp-content\/uploads\/sites\/10\/2022\/03\/gooddealersmeds__logo__20220317T222800Z.00.png","width":500,"height":325,"caption":"Good Dealers Meds"},"image":{"@id":"https:\/\/gooddealersmeds.com\/sl\/#\/schema\/logo\/image\/"}}]}},"_links":{"self":[{"href":"https:\/\/gooddealersmeds.com\/sl\/wp-json\/wp\/v2\/product\/1818","targetHints":{"allow":["GET"]}}],"collection":[{"href":"https:\/\/gooddealersmeds.com\/sl\/wp-json\/wp\/v2\/product"}],"about":[{"href":"https:\/\/gooddealersmeds.com\/sl\/wp-json\/wp\/v2\/types\/product"}],"replies":[{"embeddable":true,"href":"https:\/\/gooddealersmeds.com\/sl\/wp-json\/wp\/v2\/comments?post=1818"}],"wp:featuredmedia":[{"embeddable":true,"href":"https:\/\/gooddealersmeds.com\/sl\/wp-json\/wp\/v2\/media\/1822"}],"wp:attachment":[{"href":"https:\/\/gooddealersmeds.com\/sl\/wp-json\/wp\/v2\/media?parent=1818"}],"wp:term":[{"taxonomy":"product_brand","embeddable":true,"href":"https:\/\/gooddealersmeds.com\/sl\/wp-json\/wp\/v2\/product_brand?post=1818"},{"taxonomy":"product_cat","embeddable":true,"href":"https:\/\/gooddealersmeds.com\/sl\/wp-json\/wp\/v2\/product_cat?post=1818"},{"taxonomy":"product_tag","embeddable":true,"href":"https:\/\/gooddealersmeds.com\/sl\/wp-json\/wp\/v2\/product_tag?post=1818"}],"curies":[{"name":"wp","href":"https:\/\/api.w.org\/{rel}","templated":true}]}}