{"id":1799,"date":"2022-06-22T20:40:51","date_gmt":"2022-06-22T20:40:51","guid":{"rendered":"https:\/\/gooddealersmeds.com\/sl\/?post_type=product&#038;p=1799"},"modified":"2022-10-04T00:42:03","modified_gmt":"2022-10-04T00:42:03","slug":"buy-vyvanse-online","status":"publish","type":"product","link":"https:\/\/gooddealersmeds.com\/sl\/product\/buy-vyvanse-online\/","title":{"rendered":"Kupite Vyvanse na spletu"},"content":{"rendered":"<p>Kupite Vyvanse Online v na\u0161i trgovini. Lisdeksamfetamin je generi\u010dno ime za zdravilo Vyvanse. Lisdeksamfetamin se uporablja za zdravljenje motnje pozornosti in hiperaktivnosti (ADHD) kot del celovitega na\u010drta zdravljenja, ki vklju\u010duje psiholo\u0161ke, socialne in druge posege. Lahko pomaga izbolj\u0161ati razpon pozornosti, ostati osredoto\u010den in zmanj\u0161ati nemirnost. Motnjo prenajedanja lahko zdravimo tudi z lisdeksamfetaminom (BED). Lahko pomaga zmanj\u0161ati \u0161tevilo dni prenajedanja.<\/p>\n<p>To je stimulativno zdravilo. Domneva se, da deluje tako, da ponovno vzpostavi ravnovesje nekaterih naravnih kemikalij v mo\u017eganih (nevrotransmiterjev). Zaradi tveganja resnih stranskih u\u010dinkov to zdravilo ni priporo\u010dljivo za huj\u0161anje.<\/p>\n<p><a href=\"https:\/\/gooddealersmeds.com\/sl\/product\/buy-vyvanse-online\/\"> Vyvanse<\/a> je na voljo kot tableta s hitrim ali po\u010dasnim spro\u0161\u010danjem, pa tudi kot \u017eve\u010dljiva tableta. Zdravilo za\u010dne delovati v 2 urah po zau\u017eitju in obi\u010dajno traja 10-12 ur. Obi\u010dajno se predpisuje tudi v odmerkih po 10, 20 ali 30 mg tablet ali \u017eve\u010dljivih tablet. S tem se izognete \u0161tevilnim te\u017eavam, povezanim z zdravilom Adderall, na primer sporo\u010dilo uporabnikom, ki ne morejo jemati tablet, naj odprejo kapsule.<\/p>\n<p>Vyvanse je treba jemati enkrat na dan zjutraj. Najbolje je, da ga vzamete najprej zjutraj, ker lahko moti spanec pozneje \u010dez dan. \u010ce vi ali va\u0161 otrok jemljete ali ste pred kratkim jemali zaviralec monoaminooksidaze, ne jemljite zdravila Vyvanse. Ne\u017eeleni u\u010dinki zdravila Vyvanse obi\u010dajno vklju\u010dujejo zmanj\u0161an apetit, te\u017eave s spanjem, izgubo te\u017ee in suha usta. Obvestite svojega zdravnika, \u010de imate visok krvni tlak.<\/p>\n<p>Ve\u010dina ljudi, ki i\u0161\u010dejo generi\u010dno zdravilo vyvanse, \u017eeli kupiti in ponovno napolniti svoj recept pri uglednem viru. Na\u0161e poslanstvo je zagotoviti lokacijo, kjer lahko bolniki dobijo svoja zdravila ne glede na njihovo zavarovalno kritje ali finan\u010dno stanje. Z na\u0161o pomo\u010djo lahko preprosto dobite generi\u010dni vyvanse v spletu in upravljate svoje recepte.<\/p>\n<p>Nudimo \u010disti vyvanse, kupite vyvanse v spletu pri na\u0161em <a href=\"https:\/\/gooddealersmeds.com\/sl\/products\/\">trgovina<\/a>. Na\u0161a spletna trgovina daje pacientom tudi sredstva, ki jih potrebujejo za obvladovanje ADHD in ob\u010dutek ve\u010dje kontrole nad svojim \u017eivljenjem.<\/p>\n","protected":false},"excerpt":{"rendered":"<p>Vyvanse se lahko predpi\u0161e za zdravljenje motnje pozornosti in hiperaktivnosti (ADHD) pri odraslih in otrocih, starih \u0161est let in ve\u010d, ter za zmerno do hudo motnjo prenajedanja pri odraslih. Varnost in u\u010dinkovitost lisdeksamfetamin dimezilata pri otrocih z ADHD, starimi od tri do pet let, nista bili dokazani.<\/p>\n","protected":false},"featured_media":1801,"comment_status":"open","ping_status":"closed","template":"","meta":{"inline_featured_image":false},"product_brand":[],"product_cat":[346],"product_tag":[],"class_list":{"0":"post-1799","1":"product","2":"type-product","3":"status-publish","4":"has-post-thumbnail","6":"product_cat-poivila","7":"pa_pills-100-pills","8":"pa_pills-1000-pills","9":"pa_pills-30-pills","10":"pa_pills-300-pills","11":"pa_pills-50-pills","12":"pa_pills-500-pills","14":"first","15":"instock","16":"shipping-taxable","17":"purchasable","18":"product-type-variable","19":"has-default-attributes"},"yoast_head":"<!-- This site is optimized with the Yoast SEO Premium plugin v20.6 (Yoast SEO v27.3) - https:\/\/yoast.com\/product\/yoast-seo-premium-wordpress\/ -->\n<title>Kupite Vyvanse na spletu \u2013 Vyvanse najbolj\u0161e kakovosti | Good Dealers Meds<\/title>\n<meta name=\"description\" content=\"Kupite Vyvanse Online po ugodni ceni pri Good Dealers Meds za zdravljenje ADHD pri otrocih, starih od 6 do 12 let, mladostnikih in odraslih.\" \/>\n<meta name=\"robots\" content=\"index, follow, max-snippet:-1, max-image-preview:large, max-video-preview:-1\" \/>\n<link rel=\"canonical\" href=\"https:\/\/gooddealersmeds.com\/sl\/product\/buy-vyvanse-online\/\" \/>\n<meta property=\"og:locale\" content=\"en_US\" \/>\n<meta property=\"og:type\" content=\"article\" \/>\n<meta property=\"og:title\" content=\"Kupite Vyvanse na spletu\" \/>\n<meta property=\"og:description\" content=\"Kupite Vyvanse Online po ugodni ceni pri Good Dealers Meds za zdravljenje ADHD pri otrocih, starih od 6 do 12 let, mladostnikih in odraslih.\" \/>\n<meta property=\"og:url\" content=\"https:\/\/gooddealersmeds.com\/sl\/product\/buy-vyvanse-online\/\" \/>\n<meta property=\"og:site_name\" content=\"Good Dealers Meds\" \/>\n<meta property=\"article:modified_time\" content=\"2022-10-04T00:42:03+00:00\" \/>\n<meta property=\"og:image\" content=\"https:\/\/gooddealersmeds.com\/sl\/wp-content\/uploads\/sites\/10\/2022\/04\/Sept15Vyvanse-1.png\" \/>\n\t<meta property=\"og:image:width\" content=\"469\" \/>\n\t<meta property=\"og:image:height\" content=\"314\" \/>\n\t<meta property=\"og:image:type\" content=\"image\/png\" \/>\n<meta name=\"twitter:card\" content=\"summary_large_image\" \/>\n<meta name=\"twitter:label1\" content=\"Est. reading time\" \/>\n\t<meta name=\"twitter:data1\" content=\"2 minutes\" \/>\n<script type=\"application\/ld+json\" class=\"yoast-schema-graph\">{\"@context\":\"https:\\\/\\\/schema.org\",\"@graph\":[{\"@type\":\"WebPage\",\"@id\":\"https:\\\/\\\/gooddealersmeds.com\\\/sl\\\/product\\\/buy-vyvanse-online\\\/\",\"url\":\"https:\\\/\\\/gooddealersmeds.com\\\/sl\\\/product\\\/buy-vyvanse-online\\\/\",\"name\":\"Kupite Vyvanse na spletu \u2013 Vyvanse najbolj\u0161e kakovosti | Good Dealers Meds\",\"isPartOf\":{\"@id\":\"https:\\\/\\\/gooddealersmeds.com\\\/sl\\\/#website\"},\"primaryImageOfPage\":{\"@id\":\"https:\\\/\\\/gooddealersmeds.com\\\/sl\\\/product\\\/buy-vyvanse-online\\\/#primaryimage\"},\"image\":{\"@id\":\"https:\\\/\\\/gooddealersmeds.com\\\/sl\\\/product\\\/buy-vyvanse-online\\\/#primaryimage\"},\"thumbnailUrl\":\"https:\\\/\\\/gooddealersmeds.com\\\/sl\\\/wp-content\\\/uploads\\\/sites\\\/10\\\/2022\\\/04\\\/Sept15Vyvanse-1.png\",\"datePublished\":\"2022-06-22T20:40:51+00:00\",\"dateModified\":\"2022-10-04T00:42:03+00:00\",\"description\":\"Kupite Vyvanse Online po ugodni ceni pri Good Dealers Meds za zdravljenje ADHD pri otrocih, starih od 6 do 12 let, mladostnikih in odraslih.\",\"breadcrumb\":{\"@id\":\"https:\\\/\\\/gooddealersmeds.com\\\/sl\\\/product\\\/buy-vyvanse-online\\\/#breadcrumb\"},\"inLanguage\":\"en-US\",\"potentialAction\":[{\"@type\":\"ReadAction\",\"target\":[\"https:\\\/\\\/gooddealersmeds.com\\\/sl\\\/product\\\/buy-vyvanse-online\\\/\"]}]},{\"@type\":\"ImageObject\",\"inLanguage\":\"en-US\",\"@id\":\"https:\\\/\\\/gooddealersmeds.com\\\/sl\\\/product\\\/buy-vyvanse-online\\\/#primaryimage\",\"url\":\"https:\\\/\\\/gooddealersmeds.com\\\/sl\\\/wp-content\\\/uploads\\\/sites\\\/10\\\/2022\\\/04\\\/Sept15Vyvanse-1.png\",\"contentUrl\":\"https:\\\/\\\/gooddealersmeds.com\\\/sl\\\/wp-content\\\/uploads\\\/sites\\\/10\\\/2022\\\/04\\\/Sept15Vyvanse-1.png\",\"width\":469,\"height\":314,\"caption\":\"Buy Vyvanse Online\"},{\"@type\":\"BreadcrumbList\",\"@id\":\"https:\\\/\\\/gooddealersmeds.com\\\/sl\\\/product\\\/buy-vyvanse-online\\\/#breadcrumb\",\"itemListElement\":[{\"@type\":\"ListItem\",\"position\":1,\"name\":\"Home\",\"item\":\"https:\\\/\\\/gooddealersmeds.com\\\/sl\\\/\"},{\"@type\":\"ListItem\",\"position\":2,\"name\":\"Izdelki\",\"item\":\"https:\\\/\\\/gooddealersmeds.com\\\/sl\\\/izdelki\\\/\"},{\"@type\":\"ListItem\",\"position\":3,\"name\":\"Kupite Vyvanse na spletu\"}]},{\"@type\":\"WebSite\",\"@id\":\"https:\\\/\\\/gooddealersmeds.com\\\/sl\\\/#website\",\"url\":\"https:\\\/\\\/gooddealersmeds.com\\\/sl\\\/\",\"name\":\"Good Dealers Meds\",\"description\":\"All our best\",\"publisher\":{\"@id\":\"https:\\\/\\\/gooddealersmeds.com\\\/sl\\\/#organization\"},\"potentialAction\":[{\"@type\":\"SearchAction\",\"target\":{\"@type\":\"EntryPoint\",\"urlTemplate\":\"https:\\\/\\\/gooddealersmeds.com\\\/sl\\\/?s={search_term_string}\"},\"query-input\":{\"@type\":\"PropertyValueSpecification\",\"valueRequired\":true,\"valueName\":\"search_term_string\"}}],\"inLanguage\":\"en-US\"},{\"@type\":\"Organization\",\"@id\":\"https:\\\/\\\/gooddealersmeds.com\\\/sl\\\/#organization\",\"name\":\"Good Dealers Meds\",\"url\":\"https:\\\/\\\/gooddealersmeds.com\\\/sl\\\/\",\"logo\":{\"@type\":\"ImageObject\",\"inLanguage\":\"en-US\",\"@id\":\"https:\\\/\\\/gooddealersmeds.com\\\/sl\\\/#\\\/schema\\\/logo\\\/image\\\/\",\"url\":\"https:\\\/\\\/gooddealersmeds.com\\\/sl\\\/wp-content\\\/uploads\\\/sites\\\/10\\\/2022\\\/03\\\/gooddealersmeds__logo__20220317T222800Z.00.png\",\"contentUrl\":\"https:\\\/\\\/gooddealersmeds.com\\\/sl\\\/wp-content\\\/uploads\\\/sites\\\/10\\\/2022\\\/03\\\/gooddealersmeds__logo__20220317T222800Z.00.png\",\"width\":500,\"height\":325,\"caption\":\"Good Dealers Meds\"},\"image\":{\"@id\":\"https:\\\/\\\/gooddealersmeds.com\\\/sl\\\/#\\\/schema\\\/logo\\\/image\\\/\"}}]}<\/script>\n<!-- \/ Yoast SEO Premium plugin. -->","yoast_head_json":{"title":"Kupite Vyvanse na spletu \u2013 Vyvanse najbolj\u0161e kakovosti | Good Dealers Meds","description":"Kupite Vyvanse Online po ugodni ceni pri Good Dealers Meds za zdravljenje ADHD pri otrocih, starih od 6 do 12 let, mladostnikih in odraslih.","robots":{"index":"index","follow":"follow","max-snippet":"max-snippet:-1","max-image-preview":"max-image-preview:large","max-video-preview":"max-video-preview:-1"},"canonical":"https:\/\/gooddealersmeds.com\/sl\/product\/buy-vyvanse-online\/","og_locale":"en_US","og_type":"article","og_title":"Kupite Vyvanse na spletu","og_description":"Kupite Vyvanse Online po ugodni ceni pri Good Dealers Meds za zdravljenje ADHD pri otrocih, starih od 6 do 12 let, mladostnikih in odraslih.","og_url":"https:\/\/gooddealersmeds.com\/sl\/product\/buy-vyvanse-online\/","og_site_name":"Good Dealers Meds","article_modified_time":"2022-10-04T00:42:03+00:00","og_image":[{"width":469,"height":314,"url":"https:\/\/gooddealersmeds.com\/sl\/wp-content\/uploads\/sites\/10\/2022\/04\/Sept15Vyvanse-1.png","type":"image\/png"}],"twitter_card":"summary_large_image","twitter_misc":{"Est. reading time":"2 minutes"},"schema":{"@context":"https:\/\/schema.org","@graph":[{"@type":"WebPage","@id":"https:\/\/gooddealersmeds.com\/sl\/product\/buy-vyvanse-online\/","url":"https:\/\/gooddealersmeds.com\/sl\/product\/buy-vyvanse-online\/","name":"Kupite Vyvanse na spletu \u2013 Vyvanse najbolj\u0161e kakovosti | Good Dealers Meds","isPartOf":{"@id":"https:\/\/gooddealersmeds.com\/sl\/#website"},"primaryImageOfPage":{"@id":"https:\/\/gooddealersmeds.com\/sl\/product\/buy-vyvanse-online\/#primaryimage"},"image":{"@id":"https:\/\/gooddealersmeds.com\/sl\/product\/buy-vyvanse-online\/#primaryimage"},"thumbnailUrl":"https:\/\/gooddealersmeds.com\/sl\/wp-content\/uploads\/sites\/10\/2022\/04\/Sept15Vyvanse-1.png","datePublished":"2022-06-22T20:40:51+00:00","dateModified":"2022-10-04T00:42:03+00:00","description":"Kupite Vyvanse Online po ugodni ceni pri Good Dealers Meds za zdravljenje ADHD pri otrocih, starih od 6 do 12 let, mladostnikih in odraslih.","breadcrumb":{"@id":"https:\/\/gooddealersmeds.com\/sl\/product\/buy-vyvanse-online\/#breadcrumb"},"inLanguage":"en-US","potentialAction":[{"@type":"ReadAction","target":["https:\/\/gooddealersmeds.com\/sl\/product\/buy-vyvanse-online\/"]}]},{"@type":"ImageObject","inLanguage":"en-US","@id":"https:\/\/gooddealersmeds.com\/sl\/product\/buy-vyvanse-online\/#primaryimage","url":"https:\/\/gooddealersmeds.com\/sl\/wp-content\/uploads\/sites\/10\/2022\/04\/Sept15Vyvanse-1.png","contentUrl":"https:\/\/gooddealersmeds.com\/sl\/wp-content\/uploads\/sites\/10\/2022\/04\/Sept15Vyvanse-1.png","width":469,"height":314,"caption":"Buy Vyvanse Online"},{"@type":"BreadcrumbList","@id":"https:\/\/gooddealersmeds.com\/sl\/product\/buy-vyvanse-online\/#breadcrumb","itemListElement":[{"@type":"ListItem","position":1,"name":"Home","item":"https:\/\/gooddealersmeds.com\/sl\/"},{"@type":"ListItem","position":2,"name":"Izdelki","item":"https:\/\/gooddealersmeds.com\/sl\/izdelki\/"},{"@type":"ListItem","position":3,"name":"Kupite Vyvanse na spletu"}]},{"@type":"WebSite","@id":"https:\/\/gooddealersmeds.com\/sl\/#website","url":"https:\/\/gooddealersmeds.com\/sl\/","name":"Good Dealers Meds","description":"All our best","publisher":{"@id":"https:\/\/gooddealersmeds.com\/sl\/#organization"},"potentialAction":[{"@type":"SearchAction","target":{"@type":"EntryPoint","urlTemplate":"https:\/\/gooddealersmeds.com\/sl\/?s={search_term_string}"},"query-input":{"@type":"PropertyValueSpecification","valueRequired":true,"valueName":"search_term_string"}}],"inLanguage":"en-US"},{"@type":"Organization","@id":"https:\/\/gooddealersmeds.com\/sl\/#organization","name":"Good Dealers Meds","url":"https:\/\/gooddealersmeds.com\/sl\/","logo":{"@type":"ImageObject","inLanguage":"en-US","@id":"https:\/\/gooddealersmeds.com\/sl\/#\/schema\/logo\/image\/","url":"https:\/\/gooddealersmeds.com\/sl\/wp-content\/uploads\/sites\/10\/2022\/03\/gooddealersmeds__logo__20220317T222800Z.00.png","contentUrl":"https:\/\/gooddealersmeds.com\/sl\/wp-content\/uploads\/sites\/10\/2022\/03\/gooddealersmeds__logo__20220317T222800Z.00.png","width":500,"height":325,"caption":"Good Dealers Meds"},"image":{"@id":"https:\/\/gooddealersmeds.com\/sl\/#\/schema\/logo\/image\/"}}]}},"_links":{"self":[{"href":"https:\/\/gooddealersmeds.com\/sl\/wp-json\/wp\/v2\/product\/1799","targetHints":{"allow":["GET"]}}],"collection":[{"href":"https:\/\/gooddealersmeds.com\/sl\/wp-json\/wp\/v2\/product"}],"about":[{"href":"https:\/\/gooddealersmeds.com\/sl\/wp-json\/wp\/v2\/types\/product"}],"replies":[{"embeddable":true,"href":"https:\/\/gooddealersmeds.com\/sl\/wp-json\/wp\/v2\/comments?post=1799"}],"wp:featuredmedia":[{"embeddable":true,"href":"https:\/\/gooddealersmeds.com\/sl\/wp-json\/wp\/v2\/media\/1801"}],"wp:attachment":[{"href":"https:\/\/gooddealersmeds.com\/sl\/wp-json\/wp\/v2\/media?parent=1799"}],"wp:term":[{"taxonomy":"product_brand","embeddable":true,"href":"https:\/\/gooddealersmeds.com\/sl\/wp-json\/wp\/v2\/product_brand?post=1799"},{"taxonomy":"product_cat","embeddable":true,"href":"https:\/\/gooddealersmeds.com\/sl\/wp-json\/wp\/v2\/product_cat?post=1799"},{"taxonomy":"product_tag","embeddable":true,"href":"https:\/\/gooddealersmeds.com\/sl\/wp-json\/wp\/v2\/product_tag?post=1799"}],"curies":[{"name":"wp","href":"https:\/\/api.w.org\/{rel}","templated":true}]}}