{"id":1791,"date":"2022-04-21T03:36:59","date_gmt":"2022-04-21T03:36:59","guid":{"rendered":"https:\/\/gooddealersmeds.com\/sl\/?post_type=product&#038;p=1791"},"modified":"2022-10-04T00:42:10","modified_gmt":"2022-10-04T00:42:10","slug":"buy-anesket-online","status":"publish","type":"product","link":"https:\/\/gooddealersmeds.com\/sl\/product\/buy-anesket-online\/","title":{"rendered":"Kupite Anesket na spletu"},"content":{"rendered":"<p>Na\u0161a glavna dejavnost pri <a href=\"https:\/\/gooddealersmeds.com\/sl\/\">Good Dealer Meds<\/a> je prodaja anestezij. Zato nudimo ali dobavimo anestet na recept ali brez njega. Kupci z vsega sveta lahko kupijo Anesket Online na recept ali brez njega. Vendar ima to zdravilo enak u\u010dinek kot ketamin. Uporablja se za pomiritev bolnikov med ve\u010djimi kirur\u0161kimi posegi. Zaradi tega spada v isto medicinsko skupino ( Anestetik ).<\/p>\n<p>Zdravilo je v brezbarvni viali, za injiciranje in je izjemno mo\u010dno zaradi svojih halucinogenih in pomirjevalnih lastnosti. Ve\u010dina dr\u017eav po svetu uporablja anestet za prodajo kot mi\u0161i\u010dni relaksant. Poleg uporabe kot pomirjevalo ali anestetik je lahko zdravilo precej koristno pri zdravljenju bole\u010dine, depresije in seznam se lahko nadaljuje.<\/p>\n<p>Anasket je zdravilo, ki ga odobri ve\u010dina dr\u017eav in se uporablja po vsem svetu. Na\u0161e zaloge prihajajo neposredno od proizvajalca. To je laboratorijska kontrola, ki jo izvajamo pod blagovno znamko Anesket.<\/p>\n<p><strong>Medical Prescription<\/strong><\/p>\n<p>Pure Anesket je zdravilo na recept. Je precej mo\u010dan in ve\u010dina ljudi ga uporablja pod nadzorom zdravnika. Ne pove\u010dujte odmerka brez predhodnega obiska zdravnika. Otroci niso ugotovili njegove uporabe, zato se \u0161e enkrat posvetujte s strokovnjakom. To zdravilo hranite stran od mladih. V primeru prevelikega odmerka strupa takoj poi\u0161\u010dite zdravni\u0161ko pomo\u010d.<\/p>\n<p><strong>Ne\u017eeleni u\u010dinek<\/strong><\/p>\n<p>Najpogostej\u0161i ne\u017eeleni u\u010dinki so izpu\u0161\u010daj, slabost ali bruhanje. Obvestite svojega zdravnika, \u010de ste nose\u010di ali imate hudo sr\u010dno bolezen ali ste nedavno imeli mo\u017egansko kap ali ste utrpeli resno po\u0161kodbo glave ali mo\u017eganov. Varen je za uporabo pri doje\u010dih materah.<\/p>\n<p><strong>Dostava<\/strong><\/p>\n<p>Good Dealers Meds je zelo znan\u00a0 in\u00a0 zanesljiv dobavitelj Pure Anesket 1000 mg \/ 10 ml za prodajo . Na\u0161a dostava je varna, varna, hitra, garancija in 100% diskretna dostava. Paket ne razkriva osebnih podatkov kupca.<\/p>\n<p>Kupite lahko <a href=\"https:\/\/gooddealersmeds.com\/sl\/product\/buy-anesket-online\/\">Anesket<\/a> na spletu iz na\u0161e trgovine z varno dostavo po vsej Evropi.<\/p>\n","protected":false},"excerpt":{"rendered":"<p>Kupite Anesket v spletu, ki se uporablja za uspavanje pred operacijo ter za prepre\u010devanje bole\u010din in neugodja. Kupite Anesket prek spleta pri nas poceni.<\/p>\n","protected":false},"featured_media":1798,"comment_status":"open","ping_status":"closed","template":"","meta":{"inline_featured_image":false},"product_brand":[],"product_cat":[343],"product_tag":[],"class_list":{"0":"post-1791","1":"product","2":"type-product","3":"status-publish","4":"has-post-thumbnail","6":"product_cat-drugi","7":"pa_pills-100-pills","8":"pa_pills-1000-pills","9":"pa_pills-30-pills","10":"pa_pills-300-pills","11":"pa_pills-50-pills","12":"pa_pills-500-pills","14":"first","15":"instock","16":"shipping-taxable","17":"purchasable","18":"product-type-variable","19":"has-default-attributes"},"yoast_head":"<!-- This site is optimized with the Yoast SEO Premium plugin v20.6 (Yoast SEO v27.3) - https:\/\/yoast.com\/product\/yoast-seo-premium-wordpress\/ -->\n<title>Kupite Anesket na spletu | Naro\u010dite Anesket na spletu Good Dealers Meds<\/title>\n<meta name=\"description\" content=\"Kupite Anesket v spletu, ki ga ponuja Good Dealers Zdravila, ki se uporabljajo za uspavanje med ve\u010djimi kirur\u0161kimi posegi ter za prepre\u010devanje bole\u010din in neugodja.\" \/>\n<meta name=\"robots\" content=\"index, follow, max-snippet:-1, max-image-preview:large, max-video-preview:-1\" \/>\n<link rel=\"canonical\" href=\"https:\/\/gooddealersmeds.com\/sl\/product\/buy-anesket-online\/\" \/>\n<meta property=\"og:locale\" content=\"en_US\" \/>\n<meta property=\"og:type\" content=\"article\" \/>\n<meta property=\"og:title\" content=\"Kupite Anesket na spletu\" \/>\n<meta property=\"og:description\" content=\"Kupite Anesket v spletu, ki ga ponuja Good Dealers Zdravila, ki se uporabljajo za uspavanje med ve\u010djimi kirur\u0161kimi posegi ter za prepre\u010devanje bole\u010din in neugodja.\" \/>\n<meta property=\"og:url\" content=\"https:\/\/gooddealersmeds.com\/sl\/product\/buy-anesket-online\/\" \/>\n<meta property=\"og:site_name\" content=\"Good Dealers Meds\" \/>\n<meta property=\"article:modified_time\" content=\"2022-10-04T00:42:10+00:00\" \/>\n<meta property=\"og:image\" content=\"https:\/\/gooddealersmeds.com\/sl\/wp-content\/uploads\/sites\/10\/2022\/04\/anesket-1000mg-10ml-for-sale.png\" \/>\n\t<meta property=\"og:image:width\" content=\"500\" \/>\n\t<meta property=\"og:image:height\" content=\"500\" \/>\n\t<meta property=\"og:image:type\" content=\"image\/png\" \/>\n<meta name=\"twitter:card\" content=\"summary_large_image\" \/>\n<meta name=\"twitter:label1\" content=\"Est. reading time\" \/>\n\t<meta name=\"twitter:data1\" content=\"2 minutes\" \/>\n<script type=\"application\/ld+json\" class=\"yoast-schema-graph\">{\"@context\":\"https:\\\/\\\/schema.org\",\"@graph\":[{\"@type\":\"WebPage\",\"@id\":\"https:\\\/\\\/gooddealersmeds.com\\\/sl\\\/product\\\/buy-anesket-online\\\/\",\"url\":\"https:\\\/\\\/gooddealersmeds.com\\\/sl\\\/product\\\/buy-anesket-online\\\/\",\"name\":\"Kupite Anesket na spletu | Naro\u010dite Anesket na spletu Good Dealers Meds\",\"isPartOf\":{\"@id\":\"https:\\\/\\\/gooddealersmeds.com\\\/sl\\\/#website\"},\"primaryImageOfPage\":{\"@id\":\"https:\\\/\\\/gooddealersmeds.com\\\/sl\\\/product\\\/buy-anesket-online\\\/#primaryimage\"},\"image\":{\"@id\":\"https:\\\/\\\/gooddealersmeds.com\\\/sl\\\/product\\\/buy-anesket-online\\\/#primaryimage\"},\"thumbnailUrl\":\"https:\\\/\\\/gooddealersmeds.com\\\/sl\\\/wp-content\\\/uploads\\\/sites\\\/10\\\/2022\\\/04\\\/anesket-1000mg-10ml-for-sale.png\",\"datePublished\":\"2022-04-21T03:36:59+00:00\",\"dateModified\":\"2022-10-04T00:42:10+00:00\",\"description\":\"Kupite Anesket v spletu, ki ga ponuja Good Dealers Zdravila, ki se uporabljajo za uspavanje med ve\u010djimi kirur\u0161kimi posegi ter za prepre\u010devanje bole\u010din in neugodja.\",\"breadcrumb\":{\"@id\":\"https:\\\/\\\/gooddealersmeds.com\\\/sl\\\/product\\\/buy-anesket-online\\\/#breadcrumb\"},\"inLanguage\":\"en-US\",\"potentialAction\":[{\"@type\":\"ReadAction\",\"target\":[\"https:\\\/\\\/gooddealersmeds.com\\\/sl\\\/product\\\/buy-anesket-online\\\/\"]}]},{\"@type\":\"ImageObject\",\"inLanguage\":\"en-US\",\"@id\":\"https:\\\/\\\/gooddealersmeds.com\\\/sl\\\/product\\\/buy-anesket-online\\\/#primaryimage\",\"url\":\"https:\\\/\\\/gooddealersmeds.com\\\/sl\\\/wp-content\\\/uploads\\\/sites\\\/10\\\/2022\\\/04\\\/anesket-1000mg-10ml-for-sale.png\",\"contentUrl\":\"https:\\\/\\\/gooddealersmeds.com\\\/sl\\\/wp-content\\\/uploads\\\/sites\\\/10\\\/2022\\\/04\\\/anesket-1000mg-10ml-for-sale.png\",\"width\":500,\"height\":500,\"caption\":\"Buy Anesket online\"},{\"@type\":\"BreadcrumbList\",\"@id\":\"https:\\\/\\\/gooddealersmeds.com\\\/sl\\\/product\\\/buy-anesket-online\\\/#breadcrumb\",\"itemListElement\":[{\"@type\":\"ListItem\",\"position\":1,\"name\":\"Home\",\"item\":\"https:\\\/\\\/gooddealersmeds.com\\\/sl\\\/\"},{\"@type\":\"ListItem\",\"position\":2,\"name\":\"Izdelki\",\"item\":\"https:\\\/\\\/gooddealersmeds.com\\\/sl\\\/izdelki\\\/\"},{\"@type\":\"ListItem\",\"position\":3,\"name\":\"Kupite Anesket na spletu\"}]},{\"@type\":\"WebSite\",\"@id\":\"https:\\\/\\\/gooddealersmeds.com\\\/sl\\\/#website\",\"url\":\"https:\\\/\\\/gooddealersmeds.com\\\/sl\\\/\",\"name\":\"Good Dealers Meds\",\"description\":\"All our best\",\"publisher\":{\"@id\":\"https:\\\/\\\/gooddealersmeds.com\\\/sl\\\/#organization\"},\"potentialAction\":[{\"@type\":\"SearchAction\",\"target\":{\"@type\":\"EntryPoint\",\"urlTemplate\":\"https:\\\/\\\/gooddealersmeds.com\\\/sl\\\/?s={search_term_string}\"},\"query-input\":{\"@type\":\"PropertyValueSpecification\",\"valueRequired\":true,\"valueName\":\"search_term_string\"}}],\"inLanguage\":\"en-US\"},{\"@type\":\"Organization\",\"@id\":\"https:\\\/\\\/gooddealersmeds.com\\\/sl\\\/#organization\",\"name\":\"Good Dealers Meds\",\"url\":\"https:\\\/\\\/gooddealersmeds.com\\\/sl\\\/\",\"logo\":{\"@type\":\"ImageObject\",\"inLanguage\":\"en-US\",\"@id\":\"https:\\\/\\\/gooddealersmeds.com\\\/sl\\\/#\\\/schema\\\/logo\\\/image\\\/\",\"url\":\"https:\\\/\\\/gooddealersmeds.com\\\/sl\\\/wp-content\\\/uploads\\\/sites\\\/10\\\/2022\\\/03\\\/gooddealersmeds__logo__20220317T222800Z.00.png\",\"contentUrl\":\"https:\\\/\\\/gooddealersmeds.com\\\/sl\\\/wp-content\\\/uploads\\\/sites\\\/10\\\/2022\\\/03\\\/gooddealersmeds__logo__20220317T222800Z.00.png\",\"width\":500,\"height\":325,\"caption\":\"Good Dealers Meds\"},\"image\":{\"@id\":\"https:\\\/\\\/gooddealersmeds.com\\\/sl\\\/#\\\/schema\\\/logo\\\/image\\\/\"}}]}<\/script>\n<!-- \/ Yoast SEO Premium plugin. -->","yoast_head_json":{"title":"Kupite Anesket na spletu | Naro\u010dite Anesket na spletu Good Dealers Meds","description":"Kupite Anesket v spletu, ki ga ponuja Good Dealers Zdravila, ki se uporabljajo za uspavanje med ve\u010djimi kirur\u0161kimi posegi ter za prepre\u010devanje bole\u010din in neugodja.","robots":{"index":"index","follow":"follow","max-snippet":"max-snippet:-1","max-image-preview":"max-image-preview:large","max-video-preview":"max-video-preview:-1"},"canonical":"https:\/\/gooddealersmeds.com\/sl\/product\/buy-anesket-online\/","og_locale":"en_US","og_type":"article","og_title":"Kupite Anesket na spletu","og_description":"Kupite Anesket v spletu, ki ga ponuja Good Dealers Zdravila, ki se uporabljajo za uspavanje med ve\u010djimi kirur\u0161kimi posegi ter za prepre\u010devanje bole\u010din in neugodja.","og_url":"https:\/\/gooddealersmeds.com\/sl\/product\/buy-anesket-online\/","og_site_name":"Good Dealers Meds","article_modified_time":"2022-10-04T00:42:10+00:00","og_image":[{"width":500,"height":500,"url":"https:\/\/gooddealersmeds.com\/sl\/wp-content\/uploads\/sites\/10\/2022\/04\/anesket-1000mg-10ml-for-sale.png","type":"image\/png"}],"twitter_card":"summary_large_image","twitter_misc":{"Est. reading time":"2 minutes"},"schema":{"@context":"https:\/\/schema.org","@graph":[{"@type":"WebPage","@id":"https:\/\/gooddealersmeds.com\/sl\/product\/buy-anesket-online\/","url":"https:\/\/gooddealersmeds.com\/sl\/product\/buy-anesket-online\/","name":"Kupite Anesket na spletu | Naro\u010dite Anesket na spletu Good Dealers Meds","isPartOf":{"@id":"https:\/\/gooddealersmeds.com\/sl\/#website"},"primaryImageOfPage":{"@id":"https:\/\/gooddealersmeds.com\/sl\/product\/buy-anesket-online\/#primaryimage"},"image":{"@id":"https:\/\/gooddealersmeds.com\/sl\/product\/buy-anesket-online\/#primaryimage"},"thumbnailUrl":"https:\/\/gooddealersmeds.com\/sl\/wp-content\/uploads\/sites\/10\/2022\/04\/anesket-1000mg-10ml-for-sale.png","datePublished":"2022-04-21T03:36:59+00:00","dateModified":"2022-10-04T00:42:10+00:00","description":"Kupite Anesket v spletu, ki ga ponuja Good Dealers Zdravila, ki se uporabljajo za uspavanje med ve\u010djimi kirur\u0161kimi posegi ter za prepre\u010devanje bole\u010din in neugodja.","breadcrumb":{"@id":"https:\/\/gooddealersmeds.com\/sl\/product\/buy-anesket-online\/#breadcrumb"},"inLanguage":"en-US","potentialAction":[{"@type":"ReadAction","target":["https:\/\/gooddealersmeds.com\/sl\/product\/buy-anesket-online\/"]}]},{"@type":"ImageObject","inLanguage":"en-US","@id":"https:\/\/gooddealersmeds.com\/sl\/product\/buy-anesket-online\/#primaryimage","url":"https:\/\/gooddealersmeds.com\/sl\/wp-content\/uploads\/sites\/10\/2022\/04\/anesket-1000mg-10ml-for-sale.png","contentUrl":"https:\/\/gooddealersmeds.com\/sl\/wp-content\/uploads\/sites\/10\/2022\/04\/anesket-1000mg-10ml-for-sale.png","width":500,"height":500,"caption":"Buy Anesket online"},{"@type":"BreadcrumbList","@id":"https:\/\/gooddealersmeds.com\/sl\/product\/buy-anesket-online\/#breadcrumb","itemListElement":[{"@type":"ListItem","position":1,"name":"Home","item":"https:\/\/gooddealersmeds.com\/sl\/"},{"@type":"ListItem","position":2,"name":"Izdelki","item":"https:\/\/gooddealersmeds.com\/sl\/izdelki\/"},{"@type":"ListItem","position":3,"name":"Kupite Anesket na spletu"}]},{"@type":"WebSite","@id":"https:\/\/gooddealersmeds.com\/sl\/#website","url":"https:\/\/gooddealersmeds.com\/sl\/","name":"Good Dealers Meds","description":"All our best","publisher":{"@id":"https:\/\/gooddealersmeds.com\/sl\/#organization"},"potentialAction":[{"@type":"SearchAction","target":{"@type":"EntryPoint","urlTemplate":"https:\/\/gooddealersmeds.com\/sl\/?s={search_term_string}"},"query-input":{"@type":"PropertyValueSpecification","valueRequired":true,"valueName":"search_term_string"}}],"inLanguage":"en-US"},{"@type":"Organization","@id":"https:\/\/gooddealersmeds.com\/sl\/#organization","name":"Good Dealers Meds","url":"https:\/\/gooddealersmeds.com\/sl\/","logo":{"@type":"ImageObject","inLanguage":"en-US","@id":"https:\/\/gooddealersmeds.com\/sl\/#\/schema\/logo\/image\/","url":"https:\/\/gooddealersmeds.com\/sl\/wp-content\/uploads\/sites\/10\/2022\/03\/gooddealersmeds__logo__20220317T222800Z.00.png","contentUrl":"https:\/\/gooddealersmeds.com\/sl\/wp-content\/uploads\/sites\/10\/2022\/03\/gooddealersmeds__logo__20220317T222800Z.00.png","width":500,"height":325,"caption":"Good Dealers Meds"},"image":{"@id":"https:\/\/gooddealersmeds.com\/sl\/#\/schema\/logo\/image\/"}}]}},"_links":{"self":[{"href":"https:\/\/gooddealersmeds.com\/sl\/wp-json\/wp\/v2\/product\/1791","targetHints":{"allow":["GET"]}}],"collection":[{"href":"https:\/\/gooddealersmeds.com\/sl\/wp-json\/wp\/v2\/product"}],"about":[{"href":"https:\/\/gooddealersmeds.com\/sl\/wp-json\/wp\/v2\/types\/product"}],"replies":[{"embeddable":true,"href":"https:\/\/gooddealersmeds.com\/sl\/wp-json\/wp\/v2\/comments?post=1791"}],"wp:featuredmedia":[{"embeddable":true,"href":"https:\/\/gooddealersmeds.com\/sl\/wp-json\/wp\/v2\/media\/1798"}],"wp:attachment":[{"href":"https:\/\/gooddealersmeds.com\/sl\/wp-json\/wp\/v2\/media?parent=1791"}],"wp:term":[{"taxonomy":"product_brand","embeddable":true,"href":"https:\/\/gooddealersmeds.com\/sl\/wp-json\/wp\/v2\/product_brand?post=1791"},{"taxonomy":"product_cat","embeddable":true,"href":"https:\/\/gooddealersmeds.com\/sl\/wp-json\/wp\/v2\/product_cat?post=1791"},{"taxonomy":"product_tag","embeddable":true,"href":"https:\/\/gooddealersmeds.com\/sl\/wp-json\/wp\/v2\/product_tag?post=1791"}],"curies":[{"name":"wp","href":"https:\/\/api.w.org\/{rel}","templated":true}]}}