{"id":1749,"date":"2022-03-19T02:56:20","date_gmt":"2022-03-19T02:56:20","guid":{"rendered":"https:\/\/gooddealersmeds.com\/sl\/?post_type=product&#038;p=1749"},"modified":"2022-10-04T00:42:16","modified_gmt":"2022-10-04T00:42:16","slug":"buy-fentanyl-prsilo-za-nos","status":"publish","type":"product","link":"https:\/\/gooddealersmeds.com\/sl\/product\/buy-fentanyl-prsilo-za-nos\/","title":{"rendered":"Kupite fentanil pr\u0161ilo za nos"},"content":{"rendered":"<p>Kupite fentanil pr\u0161ilo za nos, ki se uporablja za zdravljenje prebijajo\u010de bole\u010dine (bole\u010dine, ki se pojavi kljub 24-urnemu zdravljenju z zdravili proti bole\u010dinam) pri bolnikih z rakom, starih 18 let ali ve\u010d, ki jemljejo redne odmerke drugega narkoti\u010dnega (opiatnega) zdravila proti bole\u010dinam in so tolerantni (navajeni na u\u010dinke zdravila). Fentanil spada v skupino zdravil, znanih kot narkoti\u010dni (opiatni) analgetiki. Deluje tako, da spremeni odziv mo\u017eganov in \u017eiv\u010dnega sistema na bole\u010dino.<\/p>\n<p>To zdravilo je namenjeno uporabi v nosu. Preverite, ali pravilno uporabljate pr\u0161ilo za nos. \u010ce imate kakr\u0161na koli vpra\u0161anja, se posvetujte s svojim zdravnikom ali zdravstvenim delavcem. Ne jemljite ga pogosteje, kot je predpisano.<\/p>\n<p>Zdravnik vam bo za\u010del z majhnim odmerkom fentanila v pr\u0161ilu za nos in ga postopoma pove\u010deval, dokler ne najdete odmerka, ki vam bo olaj\u0161al prebijajo\u010do bole\u010dino. \u010ce imate \u0161e vedno bole\u010dino 30 minut po uporabi pr\u0161ila za nos s fentanilom, vam bo zdravnik morda naro\u010dil, da uporabite drugo zdravilo proti bole\u010dinam za laj\u0161anje te bole\u010dine, in lahko pove\u010da va\u0161 odmerek pr\u0161ila za nos s fentanilom za zdravljenje va\u0161e naslednje epizode bole\u010dine. <em>Ne pove\u010dujte svojega odmerka fentanil pr\u0161ila za nos, razen \u010de vam tako naro\u010di zdravnik<\/em>.<\/p>\n<p>Ne\u017eeleni u\u010dinki, o katerih morate \u010dim prej poro\u010dati svojemu zdravniku ali zdravstvenemu delavcu: <\/p>\n<ul>\n<li>Alergijske reakcije, kot so ko\u017eni izpu\u0161\u010daj, srbenje ali koprivnica, otekanje obraza, ustnic ali jezika<\/li>\n<li>Te\u017eave z dihanjem<\/li>\n<li>Zmedenost<\/li>\n<li>Znaki in simptomi nizkega krvnega tlaka, kot je omotica; ob\u010dutek omedlevice ali omotice, padci; nenavadno \u0161ibek ali utrujen<\/li>\n<li>Te\u017eave z uriniranjem ali sprememba koli\u010dine urina<\/li>\n<\/ul>\n<p>Fentanil pr\u0161ilo za nos shranjujte v za otroke varnem vsebniku, tesno zaprtem in izven dosega otrok. Za otroke varno embala\u017eo in vre\u010dko shranjujte v kartonski \u0161katli, v kateri je prilo\u017eena, ko je ne uporabljate.<\/p>\n<p>Stranke iz vse Evrope lahko preprosto kupijo fentanil pr\u0161ilo za nos v na\u0161i spletni trgovini.<\/p>\n","protected":false},"excerpt":{"rendered":"<p>FENTANIL (FEN ta nil) je zdravilo za laj\u0161anje bole\u010din. Uporablja se za zdravljenje prebijajo\u010de bole\u010dine pri raku, ki je va\u0161e dolgodelujo\u010de zdravilo proti bole\u010dinam ne obvlada. Tega zdravila ne uporabljajte za bole\u010dino, ki bo izginila v nekaj dneh, kot je bole\u010dina zaradi operacije, obiska zdravnika ali zobozdravnika. Zdravilo uporabljajo samo ljudje, ki so jemali opioide ali narkotike proti bole\u010dinam vsaj en teden.<\/p>\n<p>&nbsp;<\/p>\n<p>To zdravilo se lahko uporablja za druge namene; \u010de imate vpra\u0161anja, vpra\u0161ajte svojega zdravstvenega delavca ali farmacevta.<\/p>\n","protected":false},"featured_media":1755,"comment_status":"open","ping_status":"closed","template":"","meta":{"inline_featured_image":false},"product_brand":[],"product_cat":[347],"product_tag":[],"class_list":{"0":"post-1749","1":"product","2":"type-product","3":"status-publish","4":"has-post-thumbnail","6":"product_cat-opioid-protiboleinsko","8":"first","9":"instock","10":"shipping-taxable","11":"purchasable","12":"product-type-variable","13":"has-default-attributes"},"yoast_head":"<!-- This site is optimized with the Yoast SEO Premium plugin v20.6 (Yoast SEO v27.3) - https:\/\/yoast.com\/product\/yoast-seo-premium-wordpress\/ -->\n<title>Kupite fentanil pr\u0161ilo za nos | Good Dealers Meds<\/title>\n<meta name=\"description\" content=\"Kupite fentanil pr\u0161ilo za nos, dobavljamo visokokakovosten fentanil pr\u0161ilo za nos po ugodni in dostopni ceni. Kontaktirajte nas za ve\u010d informacij.\" \/>\n<meta name=\"robots\" content=\"index, follow, max-snippet:-1, max-image-preview:large, max-video-preview:-1\" \/>\n<link rel=\"canonical\" href=\"https:\/\/gooddealersmeds.com\/sl\/product\/buy-fentanyl-prsilo-za-nos\/\" \/>\n<meta property=\"og:locale\" content=\"en_US\" \/>\n<meta property=\"og:type\" content=\"article\" \/>\n<meta property=\"og:title\" content=\"Kupite fentanil pr\u0161ilo za nos\" \/>\n<meta property=\"og:description\" content=\"Kupite fentanil pr\u0161ilo za nos, dobavljamo visokokakovosten fentanil pr\u0161ilo za nos po ugodni in dostopni ceni. Kontaktirajte nas za ve\u010d informacij.\" \/>\n<meta property=\"og:url\" content=\"https:\/\/gooddealersmeds.com\/sl\/product\/buy-fentanyl-prsilo-za-nos\/\" \/>\n<meta property=\"og:site_name\" content=\"Good Dealers Meds\" \/>\n<meta property=\"article:modified_time\" content=\"2022-10-04T00:42:16+00:00\" \/>\n<meta property=\"og:image\" content=\"https:\/\/gooddealersmeds.com\/sl\/wp-content\/uploads\/sites\/10\/2022\/03\/Fentanyl-Nasal-Spray-20201024234300-600x600-1.jpg\" \/>\n\t<meta property=\"og:image:width\" content=\"600\" \/>\n\t<meta property=\"og:image:height\" content=\"600\" \/>\n\t<meta property=\"og:image:type\" content=\"image\/jpeg\" \/>\n<meta name=\"twitter:card\" content=\"summary_large_image\" \/>\n<meta name=\"twitter:label1\" content=\"Est. reading time\" \/>\n\t<meta name=\"twitter:data1\" content=\"2 minutes\" \/>\n<script type=\"application\/ld+json\" class=\"yoast-schema-graph\">{\"@context\":\"https:\\\/\\\/schema.org\",\"@graph\":[{\"@type\":\"WebPage\",\"@id\":\"https:\\\/\\\/gooddealersmeds.com\\\/sl\\\/product\\\/buy-fentanyl-prsilo-za-nos\\\/\",\"url\":\"https:\\\/\\\/gooddealersmeds.com\\\/sl\\\/product\\\/buy-fentanyl-prsilo-za-nos\\\/\",\"name\":\"Kupite fentanil pr\u0161ilo za nos | Good Dealers Meds\",\"isPartOf\":{\"@id\":\"https:\\\/\\\/gooddealersmeds.com\\\/sl\\\/#website\"},\"primaryImageOfPage\":{\"@id\":\"https:\\\/\\\/gooddealersmeds.com\\\/sl\\\/product\\\/buy-fentanyl-prsilo-za-nos\\\/#primaryimage\"},\"image\":{\"@id\":\"https:\\\/\\\/gooddealersmeds.com\\\/sl\\\/product\\\/buy-fentanyl-prsilo-za-nos\\\/#primaryimage\"},\"thumbnailUrl\":\"https:\\\/\\\/gooddealersmeds.com\\\/sl\\\/wp-content\\\/uploads\\\/sites\\\/10\\\/2022\\\/03\\\/Fentanyl-Nasal-Spray-20201024234300-600x600-1.jpg\",\"datePublished\":\"2022-03-19T02:56:20+00:00\",\"dateModified\":\"2022-10-04T00:42:16+00:00\",\"description\":\"Kupite fentanil pr\u0161ilo za nos, dobavljamo visokokakovosten fentanil pr\u0161ilo za nos po ugodni in dostopni ceni. Kontaktirajte nas za ve\u010d informacij.\",\"breadcrumb\":{\"@id\":\"https:\\\/\\\/gooddealersmeds.com\\\/sl\\\/product\\\/buy-fentanyl-prsilo-za-nos\\\/#breadcrumb\"},\"inLanguage\":\"en-US\",\"potentialAction\":[{\"@type\":\"ReadAction\",\"target\":[\"https:\\\/\\\/gooddealersmeds.com\\\/sl\\\/product\\\/buy-fentanyl-prsilo-za-nos\\\/\"]}]},{\"@type\":\"ImageObject\",\"inLanguage\":\"en-US\",\"@id\":\"https:\\\/\\\/gooddealersmeds.com\\\/sl\\\/product\\\/buy-fentanyl-prsilo-za-nos\\\/#primaryimage\",\"url\":\"https:\\\/\\\/gooddealersmeds.com\\\/sl\\\/wp-content\\\/uploads\\\/sites\\\/10\\\/2022\\\/03\\\/Fentanyl-Nasal-Spray-20201024234300-600x600-1.jpg\",\"contentUrl\":\"https:\\\/\\\/gooddealersmeds.com\\\/sl\\\/wp-content\\\/uploads\\\/sites\\\/10\\\/2022\\\/03\\\/Fentanyl-Nasal-Spray-20201024234300-600x600-1.jpg\",\"width\":600,\"height\":600},{\"@type\":\"BreadcrumbList\",\"@id\":\"https:\\\/\\\/gooddealersmeds.com\\\/sl\\\/product\\\/buy-fentanyl-prsilo-za-nos\\\/#breadcrumb\",\"itemListElement\":[{\"@type\":\"ListItem\",\"position\":1,\"name\":\"Home\",\"item\":\"https:\\\/\\\/gooddealersmeds.com\\\/sl\\\/\"},{\"@type\":\"ListItem\",\"position\":2,\"name\":\"Izdelki\",\"item\":\"https:\\\/\\\/gooddealersmeds.com\\\/sl\\\/izdelki\\\/\"},{\"@type\":\"ListItem\",\"position\":3,\"name\":\"Kupite fentanil pr\u0161ilo za nos\"}]},{\"@type\":\"WebSite\",\"@id\":\"https:\\\/\\\/gooddealersmeds.com\\\/sl\\\/#website\",\"url\":\"https:\\\/\\\/gooddealersmeds.com\\\/sl\\\/\",\"name\":\"Good Dealers Meds\",\"description\":\"All our best\",\"publisher\":{\"@id\":\"https:\\\/\\\/gooddealersmeds.com\\\/sl\\\/#organization\"},\"potentialAction\":[{\"@type\":\"SearchAction\",\"target\":{\"@type\":\"EntryPoint\",\"urlTemplate\":\"https:\\\/\\\/gooddealersmeds.com\\\/sl\\\/?s={search_term_string}\"},\"query-input\":{\"@type\":\"PropertyValueSpecification\",\"valueRequired\":true,\"valueName\":\"search_term_string\"}}],\"inLanguage\":\"en-US\"},{\"@type\":\"Organization\",\"@id\":\"https:\\\/\\\/gooddealersmeds.com\\\/sl\\\/#organization\",\"name\":\"Good Dealers Meds\",\"url\":\"https:\\\/\\\/gooddealersmeds.com\\\/sl\\\/\",\"logo\":{\"@type\":\"ImageObject\",\"inLanguage\":\"en-US\",\"@id\":\"https:\\\/\\\/gooddealersmeds.com\\\/sl\\\/#\\\/schema\\\/logo\\\/image\\\/\",\"url\":\"https:\\\/\\\/gooddealersmeds.com\\\/sl\\\/wp-content\\\/uploads\\\/sites\\\/10\\\/2022\\\/03\\\/gooddealersmeds__logo__20220317T222800Z.00.png\",\"contentUrl\":\"https:\\\/\\\/gooddealersmeds.com\\\/sl\\\/wp-content\\\/uploads\\\/sites\\\/10\\\/2022\\\/03\\\/gooddealersmeds__logo__20220317T222800Z.00.png\",\"width\":500,\"height\":325,\"caption\":\"Good Dealers Meds\"},\"image\":{\"@id\":\"https:\\\/\\\/gooddealersmeds.com\\\/sl\\\/#\\\/schema\\\/logo\\\/image\\\/\"}}]}<\/script>\n<!-- \/ Yoast SEO Premium plugin. -->","yoast_head_json":{"title":"Kupite fentanil pr\u0161ilo za nos | Good Dealers Meds","description":"Kupite fentanil pr\u0161ilo za nos, dobavljamo visokokakovosten fentanil pr\u0161ilo za nos po ugodni in dostopni ceni. Kontaktirajte nas za ve\u010d informacij.","robots":{"index":"index","follow":"follow","max-snippet":"max-snippet:-1","max-image-preview":"max-image-preview:large","max-video-preview":"max-video-preview:-1"},"canonical":"https:\/\/gooddealersmeds.com\/sl\/product\/buy-fentanyl-prsilo-za-nos\/","og_locale":"en_US","og_type":"article","og_title":"Kupite fentanil pr\u0161ilo za nos","og_description":"Kupite fentanil pr\u0161ilo za nos, dobavljamo visokokakovosten fentanil pr\u0161ilo za nos po ugodni in dostopni ceni. Kontaktirajte nas za ve\u010d informacij.","og_url":"https:\/\/gooddealersmeds.com\/sl\/product\/buy-fentanyl-prsilo-za-nos\/","og_site_name":"Good Dealers Meds","article_modified_time":"2022-10-04T00:42:16+00:00","og_image":[{"width":600,"height":600,"url":"https:\/\/gooddealersmeds.com\/sl\/wp-content\/uploads\/sites\/10\/2022\/03\/Fentanyl-Nasal-Spray-20201024234300-600x600-1.jpg","type":"image\/jpeg"}],"twitter_card":"summary_large_image","twitter_misc":{"Est. reading time":"2 minutes"},"schema":{"@context":"https:\/\/schema.org","@graph":[{"@type":"WebPage","@id":"https:\/\/gooddealersmeds.com\/sl\/product\/buy-fentanyl-prsilo-za-nos\/","url":"https:\/\/gooddealersmeds.com\/sl\/product\/buy-fentanyl-prsilo-za-nos\/","name":"Kupite fentanil pr\u0161ilo za nos | Good Dealers Meds","isPartOf":{"@id":"https:\/\/gooddealersmeds.com\/sl\/#website"},"primaryImageOfPage":{"@id":"https:\/\/gooddealersmeds.com\/sl\/product\/buy-fentanyl-prsilo-za-nos\/#primaryimage"},"image":{"@id":"https:\/\/gooddealersmeds.com\/sl\/product\/buy-fentanyl-prsilo-za-nos\/#primaryimage"},"thumbnailUrl":"https:\/\/gooddealersmeds.com\/sl\/wp-content\/uploads\/sites\/10\/2022\/03\/Fentanyl-Nasal-Spray-20201024234300-600x600-1.jpg","datePublished":"2022-03-19T02:56:20+00:00","dateModified":"2022-10-04T00:42:16+00:00","description":"Kupite fentanil pr\u0161ilo za nos, dobavljamo visokokakovosten fentanil pr\u0161ilo za nos po ugodni in dostopni ceni. Kontaktirajte nas za ve\u010d informacij.","breadcrumb":{"@id":"https:\/\/gooddealersmeds.com\/sl\/product\/buy-fentanyl-prsilo-za-nos\/#breadcrumb"},"inLanguage":"en-US","potentialAction":[{"@type":"ReadAction","target":["https:\/\/gooddealersmeds.com\/sl\/product\/buy-fentanyl-prsilo-za-nos\/"]}]},{"@type":"ImageObject","inLanguage":"en-US","@id":"https:\/\/gooddealersmeds.com\/sl\/product\/buy-fentanyl-prsilo-za-nos\/#primaryimage","url":"https:\/\/gooddealersmeds.com\/sl\/wp-content\/uploads\/sites\/10\/2022\/03\/Fentanyl-Nasal-Spray-20201024234300-600x600-1.jpg","contentUrl":"https:\/\/gooddealersmeds.com\/sl\/wp-content\/uploads\/sites\/10\/2022\/03\/Fentanyl-Nasal-Spray-20201024234300-600x600-1.jpg","width":600,"height":600},{"@type":"BreadcrumbList","@id":"https:\/\/gooddealersmeds.com\/sl\/product\/buy-fentanyl-prsilo-za-nos\/#breadcrumb","itemListElement":[{"@type":"ListItem","position":1,"name":"Home","item":"https:\/\/gooddealersmeds.com\/sl\/"},{"@type":"ListItem","position":2,"name":"Izdelki","item":"https:\/\/gooddealersmeds.com\/sl\/izdelki\/"},{"@type":"ListItem","position":3,"name":"Kupite fentanil pr\u0161ilo za nos"}]},{"@type":"WebSite","@id":"https:\/\/gooddealersmeds.com\/sl\/#website","url":"https:\/\/gooddealersmeds.com\/sl\/","name":"Good Dealers Meds","description":"All our best","publisher":{"@id":"https:\/\/gooddealersmeds.com\/sl\/#organization"},"potentialAction":[{"@type":"SearchAction","target":{"@type":"EntryPoint","urlTemplate":"https:\/\/gooddealersmeds.com\/sl\/?s={search_term_string}"},"query-input":{"@type":"PropertyValueSpecification","valueRequired":true,"valueName":"search_term_string"}}],"inLanguage":"en-US"},{"@type":"Organization","@id":"https:\/\/gooddealersmeds.com\/sl\/#organization","name":"Good Dealers Meds","url":"https:\/\/gooddealersmeds.com\/sl\/","logo":{"@type":"ImageObject","inLanguage":"en-US","@id":"https:\/\/gooddealersmeds.com\/sl\/#\/schema\/logo\/image\/","url":"https:\/\/gooddealersmeds.com\/sl\/wp-content\/uploads\/sites\/10\/2022\/03\/gooddealersmeds__logo__20220317T222800Z.00.png","contentUrl":"https:\/\/gooddealersmeds.com\/sl\/wp-content\/uploads\/sites\/10\/2022\/03\/gooddealersmeds__logo__20220317T222800Z.00.png","width":500,"height":325,"caption":"Good Dealers Meds"},"image":{"@id":"https:\/\/gooddealersmeds.com\/sl\/#\/schema\/logo\/image\/"}}]}},"_links":{"self":[{"href":"https:\/\/gooddealersmeds.com\/sl\/wp-json\/wp\/v2\/product\/1749","targetHints":{"allow":["GET"]}}],"collection":[{"href":"https:\/\/gooddealersmeds.com\/sl\/wp-json\/wp\/v2\/product"}],"about":[{"href":"https:\/\/gooddealersmeds.com\/sl\/wp-json\/wp\/v2\/types\/product"}],"replies":[{"embeddable":true,"href":"https:\/\/gooddealersmeds.com\/sl\/wp-json\/wp\/v2\/comments?post=1749"}],"wp:featuredmedia":[{"embeddable":true,"href":"https:\/\/gooddealersmeds.com\/sl\/wp-json\/wp\/v2\/media\/1755"}],"wp:attachment":[{"href":"https:\/\/gooddealersmeds.com\/sl\/wp-json\/wp\/v2\/media?parent=1749"}],"wp:term":[{"taxonomy":"product_brand","embeddable":true,"href":"https:\/\/gooddealersmeds.com\/sl\/wp-json\/wp\/v2\/product_brand?post=1749"},{"taxonomy":"product_cat","embeddable":true,"href":"https:\/\/gooddealersmeds.com\/sl\/wp-json\/wp\/v2\/product_cat?post=1749"},{"taxonomy":"product_tag","embeddable":true,"href":"https:\/\/gooddealersmeds.com\/sl\/wp-json\/wp\/v2\/product_tag?post=1749"}],"curies":[{"name":"wp","href":"https:\/\/api.w.org\/{rel}","templated":true}]}}