{"id":1744,"date":"2022-03-19T02:44:47","date_gmt":"2022-03-19T02:44:47","guid":{"rendered":"https:\/\/gooddealersmeds.com\/sl\/?post_type=product&#038;p=1744"},"modified":"2022-10-04T00:42:22","modified_gmt":"2022-10-04T00:42:22","slug":"kupi-lsd-tablete-na-spletu","status":"publish","type":"product","link":"https:\/\/gooddealersmeds.com\/sl\/product\/kupi-lsd-tablete-na-spletu\/","title":{"rendered":"Kupite tablete LSD prek spleta"},"content":{"rendered":"<h1>Kupite tablete LSD s 50 mcg prek spleta.<\/h1>\n<p>Kupite tablete LSD prek spleta, naro\u010dite tablete LSD v na\u0161ih tabletah LSD <a href=\"https:\/\/gooddealersmeds.com\/sl\/products\/\"><span style=\"color: #333333\">nakupujte<\/span>.<\/a>\u00a0\u010ce \u017eelite kupiti LSD tablete dobre kakovosti, ne i\u0161\u010dite ve\u010d, ste na pravem mestu. Na\u0161e tablete LSD so trenutno najbolj\u0161e na trgu.<\/p>\n<p>Dietilamid lizergi\u010dne kisline (LSD), znan tudi kot kislina, je psihedeli\u010dno zdravilo, znano po svoji <span style=\"color: #333333\"><a style=\"color: #333333\" href=\"https:\/\/adf.org.au\/drug-facts\/psychedelics\/\">psihedeli\u010dni u\u010dinki<\/a><\/span>. LSD je najmo\u010dnej\u0161i in najbolj razvpit med halucinogeni in tisti, ki je v \u0161estdesetih letih prej\u0161njega stoletja prinesel ta razred drog v javnost. LSD je bil prvotno sintetiziran iz ergot alkaloidov, ekstrahiranih iz ergot glive Claviceps purpurea. To lahko vklju\u010duje spremenjeno zavedanje okolice, zaznave in ob\u010dutke ter ob\u010dutke in podobe, ki se zdijo resni\u010dne, \u010deprav niso. Uporablja se predvsem kot rekreativna droga in iz duhovnih razlogov.<\/p>\n<p>LSD je droga, ki spreminja um. Z interakcijo s serotoninskimi receptorji v mo\u017eganih se domneva, da LSD povzro\u010da zna\u010dilne halucinogene u\u010dinke. Serotonin je nevrotransmiter, ki pomaga uravnavati va\u0161e razpolo\u017eenje in vedenje, uravnava va\u0161e \u010dute in umirja va\u0161e\u00a0misli.<\/p>\n<p>Generi\u010dno ime: dietilamid lizergi\u010dne kisline<br \/> Splo\u0161na ali uli\u010dna imena: LSD se prodaja pod ve\u010d kot 80 imena ulic, vklju\u010dno z acid, blotter, cid, doses, dots in trips, pa tudi imena, ki odra\u017eajo vzorce na listih blotter papirja (na primer \u00bbvijoli\u010dni zmaj\u00ab)<\/p>\n<p>&nbsp;<\/p>\n<p>&nbsp;<\/p>\n<pre><strong>Kupite 50 mcg tablete LSD prek spleta - kupite tablete LSD, kupite 50 mcg tablete LSD, kupite 50 mcg LSD prek spleta, Kje kupiti 50 mcg tablete LSD, 50 mcg tablete LSD za prodajo, LSD tablete za prodajo, kupite tablete na spletu, kje kupiti 50 mcg LSD tablete na spletu, 50 mcg LSD tablete za prodajo v ZDA, ZDA, Kanada, Velika Britanija, nakup, na spletu, dobavitelji, varna dostava, \u0160e vedno lahko dobite 50 mcg LSD tablete, Je 50 mcg LSD tablete zakonite v ZDA, kupite tablete 50 mcg LSD prek spleta v ZDA, kako naro\u010diti tablete 50 mcg LSD , Ali so tablete 50 mcg LSD zakonite v Kanadi<\/strong><\/pre>\n","protected":false},"excerpt":{"rendered":"<p>Kupite tablete LSD s 50 mcg prek spleta pri Good Dealers Meds. Tablete LSD naprodaj v ZDA in Kanadi po zelo ugodni ceni in prejmete dostavo na va\u0161a vrata v roku.<\/p>\n","protected":false},"featured_media":1748,"comment_status":"open","ping_status":"closed","template":"","meta":{"inline_featured_image":false},"product_brand":[],"product_cat":[345],"product_tag":[306,104,308,311,105,109,310,302,305,301,299,309,300,101,107,108,304,303,307,106,110],"class_list":{"0":"post-1744","1":"product","2":"type-product","3":"status-publish","4":"has-post-thumbnail","6":"product_cat-psihedeline-droge","7":"product_tag-50mcg-lsd-tablete-za-prodajo-v-zda","8":"product_tag-ali","9":"product_tag-je-50mcg-lsd-tablete-legal-in-usa","10":"product_tag-je-50mcg-lsd-tablete-legal-in-canada","11":"product_tag-canada","12":"product_tag-dobavitelji","13":"product_tag-how-to-order-50mcg-lsd-tablets","14":"product_tag-kje-kupiti-50mcg-lsd-tablete","15":"product_tag-kje-kupiti-50mcg-lsd-tablete-na-spletu","16":"product_tag-buy-50mcg-lsd-online","17":"product_tag-kupi-50mcg-lsd-tablete-na-spletu-kupi-lsd-tablete","18":"product_tag-buy-50mcg-lsd-tablete-online-usa","19":"product_tag-kupi-50mcg-lsd-tablete","20":"product_tag-buy-tablets-online","21":"product_tag-kupiti","22":"product_tag-online","23":"product_tag-lsd-tablete-prodam","24":"product_tag-50mcg-lsd-tablete-prodam","25":"product_tag-e-vedno-lahko-dobite-50mcg-lsd-tablete","26":"product_tag-uk","27":"product_tag-varna-dostava","29":"first","30":"instock","31":"shipping-taxable","32":"purchasable","33":"product-type-variable","34":"has-default-attributes"},"yoast_head":"<!-- This site is optimized with the Yoast SEO Premium plugin v20.6 (Yoast SEO v27.3) - https:\/\/yoast.com\/product\/yoast-seo-premium-wordpress\/ -->\n<title>Kupite LSD tablete na spletu \u2013 tablete najbolj\u0161e kakovosti | Good Dealers Meds<\/title>\n<meta name=\"description\" content=\"Kupite 50 mcg tablete LSD v spletni trgovini Casadelamedicina. Tablete LSD naprodaj v ZDA in Kanadi po ugodnih cenah, dostava na vrata!\" \/>\n<meta name=\"robots\" content=\"index, follow, max-snippet:-1, max-image-preview:large, max-video-preview:-1\" \/>\n<link rel=\"canonical\" href=\"https:\/\/gooddealersmeds.com\/sl\/product\/kupi-lsd-tablete-na-spletu\/\" \/>\n<meta property=\"og:locale\" content=\"en_US\" \/>\n<meta property=\"og:type\" content=\"article\" \/>\n<meta property=\"og:title\" content=\"Kupite tablete LSD prek spleta\" \/>\n<meta property=\"og:description\" content=\"Kupite 50 mcg tablete LSD v spletni trgovini Casadelamedicina. Tablete LSD naprodaj v ZDA in Kanadi po ugodnih cenah, dostava na vrata!\" \/>\n<meta property=\"og:url\" content=\"https:\/\/gooddealersmeds.com\/sl\/product\/kupi-lsd-tablete-na-spletu\/\" \/>\n<meta property=\"og:site_name\" content=\"Good Dealers Meds\" \/>\n<meta property=\"article:modified_time\" content=\"2022-10-04T00:42:22+00:00\" \/>\n<meta property=\"og:image\" content=\"https:\/\/gooddealersmeds.com\/sl\/wp-content\/uploads\/sites\/10\/2022\/03\/buy-50mcg-lsd-tablets-online.jpg\" \/>\n\t<meta property=\"og:image:width\" content=\"600\" \/>\n\t<meta property=\"og:image:height\" content=\"600\" \/>\n\t<meta property=\"og:image:type\" content=\"image\/jpeg\" \/>\n<meta name=\"twitter:card\" content=\"summary_large_image\" \/>\n<meta name=\"twitter:label1\" content=\"Est. reading time\" \/>\n\t<meta name=\"twitter:data1\" content=\"2 minutes\" \/>\n<script type=\"application\/ld+json\" class=\"yoast-schema-graph\">{\"@context\":\"https:\\\/\\\/schema.org\",\"@graph\":[{\"@type\":\"WebPage\",\"@id\":\"https:\\\/\\\/gooddealersmeds.com\\\/sl\\\/product\\\/kupi-lsd-tablete-na-spletu\\\/\",\"url\":\"https:\\\/\\\/gooddealersmeds.com\\\/sl\\\/product\\\/kupi-lsd-tablete-na-spletu\\\/\",\"name\":\"Kupite LSD tablete na spletu \u2013 tablete najbolj\u0161e kakovosti | Good Dealers Meds\",\"isPartOf\":{\"@id\":\"https:\\\/\\\/gooddealersmeds.com\\\/sl\\\/#website\"},\"primaryImageOfPage\":{\"@id\":\"https:\\\/\\\/gooddealersmeds.com\\\/sl\\\/product\\\/kupi-lsd-tablete-na-spletu\\\/#primaryimage\"},\"image\":{\"@id\":\"https:\\\/\\\/gooddealersmeds.com\\\/sl\\\/product\\\/kupi-lsd-tablete-na-spletu\\\/#primaryimage\"},\"thumbnailUrl\":\"https:\\\/\\\/gooddealersmeds.com\\\/sl\\\/wp-content\\\/uploads\\\/sites\\\/10\\\/2022\\\/03\\\/buy-50mcg-lsd-tablets-online.jpg\",\"datePublished\":\"2022-03-19T02:44:47+00:00\",\"dateModified\":\"2022-10-04T00:42:22+00:00\",\"description\":\"Kupite 50 mcg tablete LSD v spletni trgovini Casadelamedicina. Tablete LSD naprodaj v ZDA in Kanadi po ugodnih cenah, dostava na vrata!\",\"breadcrumb\":{\"@id\":\"https:\\\/\\\/gooddealersmeds.com\\\/sl\\\/product\\\/kupi-lsd-tablete-na-spletu\\\/#breadcrumb\"},\"inLanguage\":\"en-US\",\"potentialAction\":[{\"@type\":\"ReadAction\",\"target\":[\"https:\\\/\\\/gooddealersmeds.com\\\/sl\\\/product\\\/kupi-lsd-tablete-na-spletu\\\/\"]}]},{\"@type\":\"ImageObject\",\"inLanguage\":\"en-US\",\"@id\":\"https:\\\/\\\/gooddealersmeds.com\\\/sl\\\/product\\\/kupi-lsd-tablete-na-spletu\\\/#primaryimage\",\"url\":\"https:\\\/\\\/gooddealersmeds.com\\\/sl\\\/wp-content\\\/uploads\\\/sites\\\/10\\\/2022\\\/03\\\/buy-50mcg-lsd-tablets-online.jpg\",\"contentUrl\":\"https:\\\/\\\/gooddealersmeds.com\\\/sl\\\/wp-content\\\/uploads\\\/sites\\\/10\\\/2022\\\/03\\\/buy-50mcg-lsd-tablets-online.jpg\",\"width\":600,\"height\":600,\"caption\":\"Buy LSD Tablets Online\"},{\"@type\":\"BreadcrumbList\",\"@id\":\"https:\\\/\\\/gooddealersmeds.com\\\/sl\\\/product\\\/kupi-lsd-tablete-na-spletu\\\/#breadcrumb\",\"itemListElement\":[{\"@type\":\"ListItem\",\"position\":1,\"name\":\"Home\",\"item\":\"https:\\\/\\\/gooddealersmeds.com\\\/sl\\\/\"},{\"@type\":\"ListItem\",\"position\":2,\"name\":\"Izdelki\",\"item\":\"https:\\\/\\\/gooddealersmeds.com\\\/sl\\\/izdelki\\\/\"},{\"@type\":\"ListItem\",\"position\":3,\"name\":\"Kupite tablete LSD prek spleta\"}]},{\"@type\":\"WebSite\",\"@id\":\"https:\\\/\\\/gooddealersmeds.com\\\/sl\\\/#website\",\"url\":\"https:\\\/\\\/gooddealersmeds.com\\\/sl\\\/\",\"name\":\"Good Dealers Meds\",\"description\":\"All our best\",\"publisher\":{\"@id\":\"https:\\\/\\\/gooddealersmeds.com\\\/sl\\\/#organization\"},\"potentialAction\":[{\"@type\":\"SearchAction\",\"target\":{\"@type\":\"EntryPoint\",\"urlTemplate\":\"https:\\\/\\\/gooddealersmeds.com\\\/sl\\\/?s={search_term_string}\"},\"query-input\":{\"@type\":\"PropertyValueSpecification\",\"valueRequired\":true,\"valueName\":\"search_term_string\"}}],\"inLanguage\":\"en-US\"},{\"@type\":\"Organization\",\"@id\":\"https:\\\/\\\/gooddealersmeds.com\\\/sl\\\/#organization\",\"name\":\"Good Dealers Meds\",\"url\":\"https:\\\/\\\/gooddealersmeds.com\\\/sl\\\/\",\"logo\":{\"@type\":\"ImageObject\",\"inLanguage\":\"en-US\",\"@id\":\"https:\\\/\\\/gooddealersmeds.com\\\/sl\\\/#\\\/schema\\\/logo\\\/image\\\/\",\"url\":\"https:\\\/\\\/gooddealersmeds.com\\\/sl\\\/wp-content\\\/uploads\\\/sites\\\/10\\\/2022\\\/03\\\/gooddealersmeds__logo__20220317T222800Z.00.png\",\"contentUrl\":\"https:\\\/\\\/gooddealersmeds.com\\\/sl\\\/wp-content\\\/uploads\\\/sites\\\/10\\\/2022\\\/03\\\/gooddealersmeds__logo__20220317T222800Z.00.png\",\"width\":500,\"height\":325,\"caption\":\"Good Dealers Meds\"},\"image\":{\"@id\":\"https:\\\/\\\/gooddealersmeds.com\\\/sl\\\/#\\\/schema\\\/logo\\\/image\\\/\"}}]}<\/script>\n<!-- \/ Yoast SEO Premium plugin. -->","yoast_head_json":{"title":"Kupite LSD tablete na spletu \u2013 tablete najbolj\u0161e kakovosti | Good Dealers Meds","description":"Kupite 50 mcg tablete LSD v spletni trgovini Casadelamedicina. Tablete LSD naprodaj v ZDA in Kanadi po ugodnih cenah, dostava na vrata!","robots":{"index":"index","follow":"follow","max-snippet":"max-snippet:-1","max-image-preview":"max-image-preview:large","max-video-preview":"max-video-preview:-1"},"canonical":"https:\/\/gooddealersmeds.com\/sl\/product\/kupi-lsd-tablete-na-spletu\/","og_locale":"en_US","og_type":"article","og_title":"Kupite tablete LSD prek spleta","og_description":"Kupite 50 mcg tablete LSD v spletni trgovini Casadelamedicina. Tablete LSD naprodaj v ZDA in Kanadi po ugodnih cenah, dostava na vrata!","og_url":"https:\/\/gooddealersmeds.com\/sl\/product\/kupi-lsd-tablete-na-spletu\/","og_site_name":"Good Dealers Meds","article_modified_time":"2022-10-04T00:42:22+00:00","og_image":[{"width":600,"height":600,"url":"https:\/\/gooddealersmeds.com\/sl\/wp-content\/uploads\/sites\/10\/2022\/03\/buy-50mcg-lsd-tablets-online.jpg","type":"image\/jpeg"}],"twitter_card":"summary_large_image","twitter_misc":{"Est. reading time":"2 minutes"},"schema":{"@context":"https:\/\/schema.org","@graph":[{"@type":"WebPage","@id":"https:\/\/gooddealersmeds.com\/sl\/product\/kupi-lsd-tablete-na-spletu\/","url":"https:\/\/gooddealersmeds.com\/sl\/product\/kupi-lsd-tablete-na-spletu\/","name":"Kupite LSD tablete na spletu \u2013 tablete najbolj\u0161e kakovosti | Good Dealers Meds","isPartOf":{"@id":"https:\/\/gooddealersmeds.com\/sl\/#website"},"primaryImageOfPage":{"@id":"https:\/\/gooddealersmeds.com\/sl\/product\/kupi-lsd-tablete-na-spletu\/#primaryimage"},"image":{"@id":"https:\/\/gooddealersmeds.com\/sl\/product\/kupi-lsd-tablete-na-spletu\/#primaryimage"},"thumbnailUrl":"https:\/\/gooddealersmeds.com\/sl\/wp-content\/uploads\/sites\/10\/2022\/03\/buy-50mcg-lsd-tablets-online.jpg","datePublished":"2022-03-19T02:44:47+00:00","dateModified":"2022-10-04T00:42:22+00:00","description":"Kupite 50 mcg tablete LSD v spletni trgovini Casadelamedicina. Tablete LSD naprodaj v ZDA in Kanadi po ugodnih cenah, dostava na vrata!","breadcrumb":{"@id":"https:\/\/gooddealersmeds.com\/sl\/product\/kupi-lsd-tablete-na-spletu\/#breadcrumb"},"inLanguage":"en-US","potentialAction":[{"@type":"ReadAction","target":["https:\/\/gooddealersmeds.com\/sl\/product\/kupi-lsd-tablete-na-spletu\/"]}]},{"@type":"ImageObject","inLanguage":"en-US","@id":"https:\/\/gooddealersmeds.com\/sl\/product\/kupi-lsd-tablete-na-spletu\/#primaryimage","url":"https:\/\/gooddealersmeds.com\/sl\/wp-content\/uploads\/sites\/10\/2022\/03\/buy-50mcg-lsd-tablets-online.jpg","contentUrl":"https:\/\/gooddealersmeds.com\/sl\/wp-content\/uploads\/sites\/10\/2022\/03\/buy-50mcg-lsd-tablets-online.jpg","width":600,"height":600,"caption":"Buy LSD Tablets Online"},{"@type":"BreadcrumbList","@id":"https:\/\/gooddealersmeds.com\/sl\/product\/kupi-lsd-tablete-na-spletu\/#breadcrumb","itemListElement":[{"@type":"ListItem","position":1,"name":"Home","item":"https:\/\/gooddealersmeds.com\/sl\/"},{"@type":"ListItem","position":2,"name":"Izdelki","item":"https:\/\/gooddealersmeds.com\/sl\/izdelki\/"},{"@type":"ListItem","position":3,"name":"Kupite tablete LSD prek spleta"}]},{"@type":"WebSite","@id":"https:\/\/gooddealersmeds.com\/sl\/#website","url":"https:\/\/gooddealersmeds.com\/sl\/","name":"Good Dealers Meds","description":"All our best","publisher":{"@id":"https:\/\/gooddealersmeds.com\/sl\/#organization"},"potentialAction":[{"@type":"SearchAction","target":{"@type":"EntryPoint","urlTemplate":"https:\/\/gooddealersmeds.com\/sl\/?s={search_term_string}"},"query-input":{"@type":"PropertyValueSpecification","valueRequired":true,"valueName":"search_term_string"}}],"inLanguage":"en-US"},{"@type":"Organization","@id":"https:\/\/gooddealersmeds.com\/sl\/#organization","name":"Good Dealers Meds","url":"https:\/\/gooddealersmeds.com\/sl\/","logo":{"@type":"ImageObject","inLanguage":"en-US","@id":"https:\/\/gooddealersmeds.com\/sl\/#\/schema\/logo\/image\/","url":"https:\/\/gooddealersmeds.com\/sl\/wp-content\/uploads\/sites\/10\/2022\/03\/gooddealersmeds__logo__20220317T222800Z.00.png","contentUrl":"https:\/\/gooddealersmeds.com\/sl\/wp-content\/uploads\/sites\/10\/2022\/03\/gooddealersmeds__logo__20220317T222800Z.00.png","width":500,"height":325,"caption":"Good Dealers Meds"},"image":{"@id":"https:\/\/gooddealersmeds.com\/sl\/#\/schema\/logo\/image\/"}}]}},"_links":{"self":[{"href":"https:\/\/gooddealersmeds.com\/sl\/wp-json\/wp\/v2\/product\/1744","targetHints":{"allow":["GET"]}}],"collection":[{"href":"https:\/\/gooddealersmeds.com\/sl\/wp-json\/wp\/v2\/product"}],"about":[{"href":"https:\/\/gooddealersmeds.com\/sl\/wp-json\/wp\/v2\/types\/product"}],"replies":[{"embeddable":true,"href":"https:\/\/gooddealersmeds.com\/sl\/wp-json\/wp\/v2\/comments?post=1744"}],"wp:featuredmedia":[{"embeddable":true,"href":"https:\/\/gooddealersmeds.com\/sl\/wp-json\/wp\/v2\/media\/1748"}],"wp:attachment":[{"href":"https:\/\/gooddealersmeds.com\/sl\/wp-json\/wp\/v2\/media?parent=1744"}],"wp:term":[{"taxonomy":"product_brand","embeddable":true,"href":"https:\/\/gooddealersmeds.com\/sl\/wp-json\/wp\/v2\/product_brand?post=1744"},{"taxonomy":"product_cat","embeddable":true,"href":"https:\/\/gooddealersmeds.com\/sl\/wp-json\/wp\/v2\/product_cat?post=1744"},{"taxonomy":"product_tag","embeddable":true,"href":"https:\/\/gooddealersmeds.com\/sl\/wp-json\/wp\/v2\/product_tag?post=1744"}],"curies":[{"name":"wp","href":"https:\/\/api.w.org\/{rel}","templated":true}]}}