{"id":1728,"date":"2022-03-19T02:16:28","date_gmt":"2022-03-19T02:16:28","guid":{"rendered":"https:\/\/gooddealersmeds.com\/sl\/?post_type=product&#038;p=1728"},"modified":"2022-10-04T00:42:29","modified_gmt":"2022-10-04T00:42:29","slug":"fentanil-oblizi","status":"publish","type":"product","link":"https:\/\/gooddealersmeds.com\/sl\/product\/fentanil-oblizi\/","title":{"rendered":"Kupite obli\u017ee s fentanilom na spletu"},"content":{"rendered":"<p>Kupite obli\u017ee s fentanilom v spletu (znan tudi kot fentanil) je mo\u010dno sinteti\u010dno opioidno sredstvo za laj\u0161anje bole\u010din s kratkim trajanjem delovanja. Je mo\u010dan agonist opioidnih receptorjev. Ocenjuje se, da je fentanil 50- do 100-krat mo\u010dnej\u0161i od morfija.<\/p>\n<p>Fentanil spada v skupino zdravil, imenovanih opioidi. <a href=\"https:\/\/gooddealersmeds.com\/sl\/product\/fentanyl-patches\/\">Fentanyl<\/a> se uporablja za zdravljenje trdovratne kroni\u010dne (dolgotrajne) hude bole\u010dine pri tistih, ki potrebujejo stalno laj\u0161anje bole\u010din in so trenutno jemljete druga opioidna (narkoti\u010dna) zdravila.<\/p>\n<p>Opioidno zdravilo proti bole\u010dinam v obli\u017eu s fentanilom vstopa v va\u0161e telo postopoma. Morda bo trajalo do dva dni, da bo va\u0161 za\u010detni obli\u017e s fentanilom imel o\u010diten u\u010dinek, vendar bodo naslednji obli\u017ei ohranili ta u\u010dinek. To pomeni, da lahko laj\u0161anje bole\u010din nadaljujete, dokler ne pozabite zamenjati obli\u017ea vsake tri dni. Zamenjajte obli\u017e vsak dan ob istem \u010dasu.<\/p>\n<p>Opioidi (kot so obli\u017ei s fentanilom) redko zagotovijo popolno laj\u0161anje bole\u010din. Va\u0161 zdravnik, medicinska sestra ali lokalni farmacevt bodo dolo\u010dili najbolj\u0161i pristop za obvladovanje va\u0161e bole\u010dine in spremenili odmerek, da boste ve\u010dino \u010dasa laj\u0161ali bole\u010dino. Prizadevali si bodo tudi, da bodo negativni u\u010dinki \u010dim manj\u0161i.<\/p>\n<p>\u010ce ti ne\u017eeleni u\u010dinki trajajo ve\u010d kot nekaj dni, vam bo zdravnik morda predpisal dodatna zdravila, kot so zdravila proti slabosti. Zaprtje je pogost ne\u017eeleni u\u010dinek, ki ne izgine po nekaj dneh. Da bi odpravili zaprtje, boste morda morali poskusiti z odvajalom ali pove\u010dati koli\u010dino vlaknin in vode v va\u0161i prehrani.<\/p>\n<p>Slabost, bruhanje, zaprtje, omoti\u010dnost, omotica, zaspanost ali glavobol so mo\u017eni stranski u\u010dinki. Na mestu nanosa se lahko pojavi tudi blago nelagodje, srbenje ali rde\u010dina. Nekateri od teh ne\u017eelenih u\u010dinkov lahko izginejo po obdobju uporabe tega zdravila. Takoj obvestite svojega zdravnika ali farmacevta, \u010de se kateri od teh ne\u017eelenih u\u010dinkov nadaljuje ali poslab\u0161a.<\/p>\n<p>Obli\u017ee s fentanilom lahko kupite v na\u0161i spletni trgovini brez recepta.<\/p>\n","protected":false},"excerpt":{"rendered":"<p>Fentanil, imenovan tudi fentanil, je opioid, ki se uporablja kot zdravilo proti bole\u010dinam in skupaj z drugimi zdravili za anestezijo. Fentanil se uporablja tudi kot rekreacijska droga, pogosto v me\u0161anici s heroinom ali kokainom. Za\u010dne se hitro in njegovi u\u010dinki obi\u010dajno trajajo manj kot dve uri. Kupite fentanil na spletu, kupite obli\u017ee fentanila na spletu<\/p>\n<p>&nbsp;<\/p>\n<p><strong>5 obli\u017eev na \u0161katlo<\/strong><\/p>\n","protected":false},"featured_media":1734,"comment_status":"open","ping_status":"closed","template":"","meta":{"inline_featured_image":false},"product_brand":[],"product_cat":[347],"product_tag":[97,297,298],"class_list":{"0":"post-1728","1":"product","2":"type-product","3":"status-publish","4":"has-post-thumbnail","6":"product_cat-opioid-protiboleinsko","7":"product_tag-buy-fentanyl-online","8":"product_tag-buy-fentanyl-patches","9":"product_tag-buy-fentanyl-patches-online","11":"first","12":"instock","13":"featured","14":"shipping-taxable","15":"purchasable","16":"product-type-variable","17":"has-default-attributes"},"yoast_head":"<!-- This site is optimized with the Yoast SEO Premium plugin v20.6 (Yoast SEO v27.3) - https:\/\/yoast.com\/product\/yoast-seo-premium-wordpress\/ -->\n<title>Kupite obli\u017ee s fentanilom na spletu - prodaja fentanila | Good Dealers Meds<\/title>\n<meta name=\"description\" content=\"Kupite Fentanil obli\u017ee na spletu brez recepta. Fentanil je opioid, ki se uporablja kot zdravilo proti bole\u010dinam pri anesteziji ali dolgotrajni kroni\u010dni bole\u010dini.\" \/>\n<meta name=\"robots\" content=\"index, follow, max-snippet:-1, max-image-preview:large, max-video-preview:-1\" \/>\n<link rel=\"canonical\" href=\"https:\/\/gooddealersmeds.com\/sl\/product\/fentanil-oblizi\/\" \/>\n<meta property=\"og:locale\" content=\"en_US\" \/>\n<meta property=\"og:type\" content=\"article\" \/>\n<meta property=\"og:title\" content=\"Kupite obli\u017ee s fentanilom na spletu\" \/>\n<meta property=\"og:description\" content=\"Kupite Fentanil obli\u017ee na spletu brez recepta. Fentanil je opioid, ki se uporablja kot zdravilo proti bole\u010dinam pri anesteziji ali dolgotrajni kroni\u010dni bole\u010dini.\" \/>\n<meta property=\"og:url\" content=\"https:\/\/gooddealersmeds.com\/sl\/product\/fentanil-oblizi\/\" \/>\n<meta property=\"og:site_name\" content=\"Good Dealers Meds\" \/>\n<meta property=\"article:modified_time\" content=\"2022-10-04T00:42:29+00:00\" \/>\n<meta property=\"og:image\" content=\"https:\/\/gooddealersmeds.com\/sl\/wp-content\/uploads\/sites\/10\/2022\/03\/Fentanyl-Patch-75mcg-e1573043473107-500x500-1.jpg\" \/>\n\t<meta property=\"og:image:width\" content=\"500\" \/>\n\t<meta property=\"og:image:height\" content=\"500\" \/>\n\t<meta property=\"og:image:type\" content=\"image\/jpeg\" \/>\n<meta name=\"twitter:card\" content=\"summary_large_image\" \/>\n<meta name=\"twitter:label1\" content=\"Est. reading time\" \/>\n\t<meta name=\"twitter:data1\" content=\"2 minutes\" \/>\n<script type=\"application\/ld+json\" class=\"yoast-schema-graph\">{\"@context\":\"https:\\\/\\\/schema.org\",\"@graph\":[{\"@type\":\"WebPage\",\"@id\":\"https:\\\/\\\/gooddealersmeds.com\\\/sl\\\/product\\\/fentanil-oblizi\\\/\",\"url\":\"https:\\\/\\\/gooddealersmeds.com\\\/sl\\\/product\\\/fentanil-oblizi\\\/\",\"name\":\"Kupite obli\u017ee s fentanilom na spletu - prodaja fentanila | Good Dealers Meds\",\"isPartOf\":{\"@id\":\"https:\\\/\\\/gooddealersmeds.com\\\/sl\\\/#website\"},\"primaryImageOfPage\":{\"@id\":\"https:\\\/\\\/gooddealersmeds.com\\\/sl\\\/product\\\/fentanil-oblizi\\\/#primaryimage\"},\"image\":{\"@id\":\"https:\\\/\\\/gooddealersmeds.com\\\/sl\\\/product\\\/fentanil-oblizi\\\/#primaryimage\"},\"thumbnailUrl\":\"https:\\\/\\\/gooddealersmeds.com\\\/sl\\\/wp-content\\\/uploads\\\/sites\\\/10\\\/2022\\\/03\\\/Fentanyl-Patch-75mcg-e1573043473107-500x500-1.jpg\",\"datePublished\":\"2022-03-19T02:16:28+00:00\",\"dateModified\":\"2022-10-04T00:42:29+00:00\",\"description\":\"Kupite Fentanil obli\u017ee na spletu brez recepta. Fentanil je opioid, ki se uporablja kot zdravilo proti bole\u010dinam pri anesteziji ali dolgotrajni kroni\u010dni bole\u010dini.\",\"breadcrumb\":{\"@id\":\"https:\\\/\\\/gooddealersmeds.com\\\/sl\\\/product\\\/fentanil-oblizi\\\/#breadcrumb\"},\"inLanguage\":\"en-US\",\"potentialAction\":[{\"@type\":\"ReadAction\",\"target\":[\"https:\\\/\\\/gooddealersmeds.com\\\/sl\\\/product\\\/fentanil-oblizi\\\/\"]}]},{\"@type\":\"ImageObject\",\"inLanguage\":\"en-US\",\"@id\":\"https:\\\/\\\/gooddealersmeds.com\\\/sl\\\/product\\\/fentanil-oblizi\\\/#primaryimage\",\"url\":\"https:\\\/\\\/gooddealersmeds.com\\\/sl\\\/wp-content\\\/uploads\\\/sites\\\/10\\\/2022\\\/03\\\/Fentanyl-Patch-75mcg-e1573043473107-500x500-1.jpg\",\"contentUrl\":\"https:\\\/\\\/gooddealersmeds.com\\\/sl\\\/wp-content\\\/uploads\\\/sites\\\/10\\\/2022\\\/03\\\/Fentanyl-Patch-75mcg-e1573043473107-500x500-1.jpg\",\"width\":500,\"height\":500,\"caption\":\"Buy Fentanyl Online\"},{\"@type\":\"BreadcrumbList\",\"@id\":\"https:\\\/\\\/gooddealersmeds.com\\\/sl\\\/product\\\/fentanil-oblizi\\\/#breadcrumb\",\"itemListElement\":[{\"@type\":\"ListItem\",\"position\":1,\"name\":\"Home\",\"item\":\"https:\\\/\\\/gooddealersmeds.com\\\/sl\\\/\"},{\"@type\":\"ListItem\",\"position\":2,\"name\":\"Izdelki\",\"item\":\"https:\\\/\\\/gooddealersmeds.com\\\/sl\\\/izdelki\\\/\"},{\"@type\":\"ListItem\",\"position\":3,\"name\":\"Kupite obli\u017ee s fentanilom na spletu\"}]},{\"@type\":\"WebSite\",\"@id\":\"https:\\\/\\\/gooddealersmeds.com\\\/sl\\\/#website\",\"url\":\"https:\\\/\\\/gooddealersmeds.com\\\/sl\\\/\",\"name\":\"Good Dealers Meds\",\"description\":\"All our best\",\"publisher\":{\"@id\":\"https:\\\/\\\/gooddealersmeds.com\\\/sl\\\/#organization\"},\"potentialAction\":[{\"@type\":\"SearchAction\",\"target\":{\"@type\":\"EntryPoint\",\"urlTemplate\":\"https:\\\/\\\/gooddealersmeds.com\\\/sl\\\/?s={search_term_string}\"},\"query-input\":{\"@type\":\"PropertyValueSpecification\",\"valueRequired\":true,\"valueName\":\"search_term_string\"}}],\"inLanguage\":\"en-US\"},{\"@type\":\"Organization\",\"@id\":\"https:\\\/\\\/gooddealersmeds.com\\\/sl\\\/#organization\",\"name\":\"Good Dealers Meds\",\"url\":\"https:\\\/\\\/gooddealersmeds.com\\\/sl\\\/\",\"logo\":{\"@type\":\"ImageObject\",\"inLanguage\":\"en-US\",\"@id\":\"https:\\\/\\\/gooddealersmeds.com\\\/sl\\\/#\\\/schema\\\/logo\\\/image\\\/\",\"url\":\"https:\\\/\\\/gooddealersmeds.com\\\/sl\\\/wp-content\\\/uploads\\\/sites\\\/10\\\/2022\\\/03\\\/gooddealersmeds__logo__20220317T222800Z.00.png\",\"contentUrl\":\"https:\\\/\\\/gooddealersmeds.com\\\/sl\\\/wp-content\\\/uploads\\\/sites\\\/10\\\/2022\\\/03\\\/gooddealersmeds__logo__20220317T222800Z.00.png\",\"width\":500,\"height\":325,\"caption\":\"Good Dealers Meds\"},\"image\":{\"@id\":\"https:\\\/\\\/gooddealersmeds.com\\\/sl\\\/#\\\/schema\\\/logo\\\/image\\\/\"}}]}<\/script>\n<!-- \/ Yoast SEO Premium plugin. -->","yoast_head_json":{"title":"Kupite obli\u017ee s fentanilom na spletu - prodaja fentanila | Good Dealers Meds","description":"Kupite Fentanil obli\u017ee na spletu brez recepta. Fentanil je opioid, ki se uporablja kot zdravilo proti bole\u010dinam pri anesteziji ali dolgotrajni kroni\u010dni bole\u010dini.","robots":{"index":"index","follow":"follow","max-snippet":"max-snippet:-1","max-image-preview":"max-image-preview:large","max-video-preview":"max-video-preview:-1"},"canonical":"https:\/\/gooddealersmeds.com\/sl\/product\/fentanil-oblizi\/","og_locale":"en_US","og_type":"article","og_title":"Kupite obli\u017ee s fentanilom na spletu","og_description":"Kupite Fentanil obli\u017ee na spletu brez recepta. Fentanil je opioid, ki se uporablja kot zdravilo proti bole\u010dinam pri anesteziji ali dolgotrajni kroni\u010dni bole\u010dini.","og_url":"https:\/\/gooddealersmeds.com\/sl\/product\/fentanil-oblizi\/","og_site_name":"Good Dealers Meds","article_modified_time":"2022-10-04T00:42:29+00:00","og_image":[{"width":500,"height":500,"url":"https:\/\/gooddealersmeds.com\/sl\/wp-content\/uploads\/sites\/10\/2022\/03\/Fentanyl-Patch-75mcg-e1573043473107-500x500-1.jpg","type":"image\/jpeg"}],"twitter_card":"summary_large_image","twitter_misc":{"Est. reading time":"2 minutes"},"schema":{"@context":"https:\/\/schema.org","@graph":[{"@type":"WebPage","@id":"https:\/\/gooddealersmeds.com\/sl\/product\/fentanil-oblizi\/","url":"https:\/\/gooddealersmeds.com\/sl\/product\/fentanil-oblizi\/","name":"Kupite obli\u017ee s fentanilom na spletu - prodaja fentanila | Good Dealers Meds","isPartOf":{"@id":"https:\/\/gooddealersmeds.com\/sl\/#website"},"primaryImageOfPage":{"@id":"https:\/\/gooddealersmeds.com\/sl\/product\/fentanil-oblizi\/#primaryimage"},"image":{"@id":"https:\/\/gooddealersmeds.com\/sl\/product\/fentanil-oblizi\/#primaryimage"},"thumbnailUrl":"https:\/\/gooddealersmeds.com\/sl\/wp-content\/uploads\/sites\/10\/2022\/03\/Fentanyl-Patch-75mcg-e1573043473107-500x500-1.jpg","datePublished":"2022-03-19T02:16:28+00:00","dateModified":"2022-10-04T00:42:29+00:00","description":"Kupite Fentanil obli\u017ee na spletu brez recepta. Fentanil je opioid, ki se uporablja kot zdravilo proti bole\u010dinam pri anesteziji ali dolgotrajni kroni\u010dni bole\u010dini.","breadcrumb":{"@id":"https:\/\/gooddealersmeds.com\/sl\/product\/fentanil-oblizi\/#breadcrumb"},"inLanguage":"en-US","potentialAction":[{"@type":"ReadAction","target":["https:\/\/gooddealersmeds.com\/sl\/product\/fentanil-oblizi\/"]}]},{"@type":"ImageObject","inLanguage":"en-US","@id":"https:\/\/gooddealersmeds.com\/sl\/product\/fentanil-oblizi\/#primaryimage","url":"https:\/\/gooddealersmeds.com\/sl\/wp-content\/uploads\/sites\/10\/2022\/03\/Fentanyl-Patch-75mcg-e1573043473107-500x500-1.jpg","contentUrl":"https:\/\/gooddealersmeds.com\/sl\/wp-content\/uploads\/sites\/10\/2022\/03\/Fentanyl-Patch-75mcg-e1573043473107-500x500-1.jpg","width":500,"height":500,"caption":"Buy Fentanyl Online"},{"@type":"BreadcrumbList","@id":"https:\/\/gooddealersmeds.com\/sl\/product\/fentanil-oblizi\/#breadcrumb","itemListElement":[{"@type":"ListItem","position":1,"name":"Home","item":"https:\/\/gooddealersmeds.com\/sl\/"},{"@type":"ListItem","position":2,"name":"Izdelki","item":"https:\/\/gooddealersmeds.com\/sl\/izdelki\/"},{"@type":"ListItem","position":3,"name":"Kupite obli\u017ee s fentanilom na spletu"}]},{"@type":"WebSite","@id":"https:\/\/gooddealersmeds.com\/sl\/#website","url":"https:\/\/gooddealersmeds.com\/sl\/","name":"Good Dealers Meds","description":"All our best","publisher":{"@id":"https:\/\/gooddealersmeds.com\/sl\/#organization"},"potentialAction":[{"@type":"SearchAction","target":{"@type":"EntryPoint","urlTemplate":"https:\/\/gooddealersmeds.com\/sl\/?s={search_term_string}"},"query-input":{"@type":"PropertyValueSpecification","valueRequired":true,"valueName":"search_term_string"}}],"inLanguage":"en-US"},{"@type":"Organization","@id":"https:\/\/gooddealersmeds.com\/sl\/#organization","name":"Good Dealers Meds","url":"https:\/\/gooddealersmeds.com\/sl\/","logo":{"@type":"ImageObject","inLanguage":"en-US","@id":"https:\/\/gooddealersmeds.com\/sl\/#\/schema\/logo\/image\/","url":"https:\/\/gooddealersmeds.com\/sl\/wp-content\/uploads\/sites\/10\/2022\/03\/gooddealersmeds__logo__20220317T222800Z.00.png","contentUrl":"https:\/\/gooddealersmeds.com\/sl\/wp-content\/uploads\/sites\/10\/2022\/03\/gooddealersmeds__logo__20220317T222800Z.00.png","width":500,"height":325,"caption":"Good Dealers Meds"},"image":{"@id":"https:\/\/gooddealersmeds.com\/sl\/#\/schema\/logo\/image\/"}}]}},"_links":{"self":[{"href":"https:\/\/gooddealersmeds.com\/sl\/wp-json\/wp\/v2\/product\/1728","targetHints":{"allow":["GET"]}}],"collection":[{"href":"https:\/\/gooddealersmeds.com\/sl\/wp-json\/wp\/v2\/product"}],"about":[{"href":"https:\/\/gooddealersmeds.com\/sl\/wp-json\/wp\/v2\/types\/product"}],"replies":[{"embeddable":true,"href":"https:\/\/gooddealersmeds.com\/sl\/wp-json\/wp\/v2\/comments?post=1728"}],"wp:featuredmedia":[{"embeddable":true,"href":"https:\/\/gooddealersmeds.com\/sl\/wp-json\/wp\/v2\/media\/1734"}],"wp:attachment":[{"href":"https:\/\/gooddealersmeds.com\/sl\/wp-json\/wp\/v2\/media?parent=1728"}],"wp:term":[{"taxonomy":"product_brand","embeddable":true,"href":"https:\/\/gooddealersmeds.com\/sl\/wp-json\/wp\/v2\/product_brand?post=1728"},{"taxonomy":"product_cat","embeddable":true,"href":"https:\/\/gooddealersmeds.com\/sl\/wp-json\/wp\/v2\/product_cat?post=1728"},{"taxonomy":"product_tag","embeddable":true,"href":"https:\/\/gooddealersmeds.com\/sl\/wp-json\/wp\/v2\/product_tag?post=1728"}],"curies":[{"name":"wp","href":"https:\/\/api.w.org\/{rel}","templated":true}]}}