{"id":1718,"date":"2022-03-19T01:50:33","date_gmt":"2022-03-19T01:50:33","guid":{"rendered":"https:\/\/gooddealersmeds.com\/sl\/?post_type=product&#038;p=1718"},"modified":"2022-10-04T00:42:35","modified_gmt":"2022-10-04T00:42:35","slug":"buy-morphine-sulfate-online","status":"publish","type":"product","link":"https:\/\/gooddealersmeds.com\/sl\/product\/buy-morphine-sulfate-online\/","title":{"rendered":"Kupite morfijev sulfat na spletu"},"content":{"rendered":"<p>Kupite morfijev sulfat na spletu. Morfin je mo\u010dno sredstvo proti bole\u010dinam. Uporablja se za zdravljenje hudih bole\u010din. To zdravilo se uporablja za zdravljenje hude kroni\u010dne bole\u010dine (na primer zaradi raka). Morfij spada v skupino opioidnih analgetikov. Z delovanjem na mo\u017egane spremeni, kako va\u0161e telo zaznava bole\u010dino in se nanjo odziva. Ve\u010dje jakosti tega zdravila (90 in 120 miligramov na kapsulo) je treba uporabljati samo, \u010de ste redno jemali zmerne do visoke odmerke opioidnega zdravila proti bole\u010dinam.<\/p>\n<p>&#8220;Nikoli ne \u017eve\u010dite, drobite, ali raztopite to zdravilo ali vsebino kapsul. Poleg tega med jemanjem tega zdravila ne u\u017eivajte alkohola ali drugih izdelkov, ki vsebujejo alkohol. Jemanje morfinijevega sulfata skupaj z alkoholom ali zdrobljenimi, pre\u017eve\u010denimi ali raztopljenimi vrstami morfina s podalj\u0161anim spro\u0161\u010danjem lahko povzro\u010di smrtonosen prevelik odmerek.&#8221;<\/p>\n<p>Preden za\u010dnete uporabljati morfij in vsaki\u010d, ko dobite ponovno polnilo, preberite Navodila za uporabo zdravil, ki jih je izdal va\u0161 farmacevt. \u010ce imate kakr\u0161na koli vpra\u0161anja, se posvetujte z zdravnikom ali farmacevtom.<\/p>\n<p>Morfij deluje tako, da signalom bole\u010dine prepre\u010di, da bi prek \u017eivcev dosegli mo\u017egane. Najpogostej\u0161i ne\u017eeleni u\u010dinki morfija so zaprtje, slabost in utrujenost. Odvisnost od morfija je mo\u017ena, vendar je neobi\u010dajna, \u010de ga jemljete za obvladovanje bole\u010din in va\u0161 zdravnik redno ocenjuje va\u0161a zdravila.<\/p>\n<p>Morfin lahko jemljejo otroci in odrasli vseh starosti. Vendar je verjetnost ne\u017eelenih u\u010dinkov ve\u010dja pri dojen\u010dkih, majhnih otrocih in starej\u0161ih. Povejte svojemu zdravniku, preden za\u010dnete jemati zdravilo, \u010de:<\/p>\n<ul>\n<li>ste kdaj imeli alergijsko reakcijo na morfin ali katero koli drugo zdravilo;<\/li>\n<li>imate te\u017eave z dihanjem ali te\u017eave s plju\u010di.<\/li>\n<li>Ste odvisni od alkohola<\/li>\n<li>Imate stanje, ki povzro\u010da kr\u010de ali epilepti\u010dne napade<\/li>\n<li>Imate po\u0161kodbo glave<\/li>\n<li>Imate nizko raven \u0161\u010ditnice<\/li>\n<li>imajo te\u017eave z nadledvi\u010dno \u017elezo<\/li>\n<li>imajo te\u017eave z ledvicami ali jetri<\/li>\n<li>imajo pove\u010dano prostato<\/li>\n<li>imajo nizek krvni tlak<\/li>\n<\/ul>\n<p>Tukaj lahko naro\u010dite morfijev sulfat, enega najbolj\u0161ih med njimi, da se osvobodite.<\/p>\n<p>Poudarjamo odli\u010dnost izdelkov in zagotavljamo razumno ceno na\u0161ih zdravil. Ko nakupujete v trgovini z zdravili in kemikalijami, je va\u0161a zasebnost vedno zavarovana. Morfijev sulfat lahko preprosto kupite prek spleta v na\u0161i spletni trgovini.<\/p>\n","protected":false},"excerpt":{"rendered":"<p>Morfin se uporablja za laj\u0161anje hudih bole\u010din. Spada v razred zdravil, znanih kot opioidni analgetiki. Deluje v mo\u017eganih, da spremeni, kako se va\u0161e telo po\u010duti in odziva na bole\u010dino.<\/p>\n","protected":false},"featured_media":1727,"comment_status":"open","ping_status":"closed","template":"","meta":{"inline_featured_image":false},"product_brand":[],"product_cat":[347],"product_tag":[],"class_list":{"0":"post-1718","1":"product","2":"type-product","3":"status-publish","4":"has-post-thumbnail","6":"product_cat-opioid-protiboleinsko","7":"pa_milliliters-100-ml","8":"pa_milliliters-250-ml","9":"pa_milliliters-50-ml","10":"pa_milliliters-500-ml","12":"first","13":"instock","14":"featured","15":"shipping-taxable","16":"purchasable","17":"product-type-variable","18":"has-default-attributes"},"yoast_head":"<!-- This site is optimized with the Yoast SEO Premium plugin v20.6 (Yoast SEO v27.3) - https:\/\/yoast.com\/product\/yoast-seo-premium-wordpress\/ -->\n<title>Kupite morfijev sulfat na spletu | Good Dealers Meds<\/title>\n<meta name=\"description\" content=\"Kupite morfijev sulfat v spletni viali 50 mg\/ml 20 ml pri Bell Medical Services po najbolj\u0161i ceni. Uporablja se za laj\u0161anje zmernih do hudih bole\u010din.\" \/>\n<meta name=\"robots\" content=\"index, follow, max-snippet:-1, max-image-preview:large, max-video-preview:-1\" \/>\n<link rel=\"canonical\" href=\"https:\/\/gooddealersmeds.com\/sl\/product\/buy-morphine-sulfate-online\/\" \/>\n<meta property=\"og:locale\" content=\"en_US\" \/>\n<meta property=\"og:type\" content=\"article\" \/>\n<meta property=\"og:title\" content=\"Kupite morfijev sulfat na spletu\" \/>\n<meta property=\"og:description\" content=\"Kupite morfijev sulfat v spletni viali 50 mg\/ml 20 ml pri Bell Medical Services po najbolj\u0161i ceni. Uporablja se za laj\u0161anje zmernih do hudih bole\u010din.\" \/>\n<meta property=\"og:url\" content=\"https:\/\/gooddealersmeds.com\/sl\/product\/buy-morphine-sulfate-online\/\" \/>\n<meta property=\"og:site_name\" content=\"Good Dealers Meds\" \/>\n<meta property=\"article:modified_time\" content=\"2022-10-04T00:42:35+00:00\" \/>\n<meta property=\"og:image\" content=\"https:\/\/gooddealersmeds.com\/sl\/wp-content\/uploads\/sites\/10\/2022\/03\/Morphine.jpeg\" \/>\n\t<meta property=\"og:image:width\" content=\"800\" \/>\n\t<meta property=\"og:image:height\" content=\"800\" \/>\n\t<meta property=\"og:image:type\" content=\"image\/jpeg\" \/>\n<meta name=\"twitter:card\" content=\"summary_large_image\" \/>\n<meta name=\"twitter:label1\" content=\"Est. reading time\" \/>\n\t<meta name=\"twitter:data1\" content=\"2 minutes\" \/>\n<script type=\"application\/ld+json\" class=\"yoast-schema-graph\">{\"@context\":\"https:\\\/\\\/schema.org\",\"@graph\":[{\"@type\":\"WebPage\",\"@id\":\"https:\\\/\\\/gooddealersmeds.com\\\/sl\\\/product\\\/buy-morphine-sulfate-online\\\/\",\"url\":\"https:\\\/\\\/gooddealersmeds.com\\\/sl\\\/product\\\/buy-morphine-sulfate-online\\\/\",\"name\":\"Kupite morfijev sulfat na spletu | Good Dealers Meds\",\"isPartOf\":{\"@id\":\"https:\\\/\\\/gooddealersmeds.com\\\/sl\\\/#website\"},\"primaryImageOfPage\":{\"@id\":\"https:\\\/\\\/gooddealersmeds.com\\\/sl\\\/product\\\/buy-morphine-sulfate-online\\\/#primaryimage\"},\"image\":{\"@id\":\"https:\\\/\\\/gooddealersmeds.com\\\/sl\\\/product\\\/buy-morphine-sulfate-online\\\/#primaryimage\"},\"thumbnailUrl\":\"https:\\\/\\\/gooddealersmeds.com\\\/sl\\\/wp-content\\\/uploads\\\/sites\\\/10\\\/2022\\\/03\\\/Morphine.jpeg\",\"datePublished\":\"2022-03-19T01:50:33+00:00\",\"dateModified\":\"2022-10-04T00:42:35+00:00\",\"description\":\"Kupite morfijev sulfat v spletni viali 50 mg\\\/ml 20 ml pri Bell Medical Services po najbolj\u0161i ceni. Uporablja se za laj\u0161anje zmernih do hudih bole\u010din.\",\"breadcrumb\":{\"@id\":\"https:\\\/\\\/gooddealersmeds.com\\\/sl\\\/product\\\/buy-morphine-sulfate-online\\\/#breadcrumb\"},\"inLanguage\":\"en-US\",\"potentialAction\":[{\"@type\":\"ReadAction\",\"target\":[\"https:\\\/\\\/gooddealersmeds.com\\\/sl\\\/product\\\/buy-morphine-sulfate-online\\\/\"]}]},{\"@type\":\"ImageObject\",\"inLanguage\":\"en-US\",\"@id\":\"https:\\\/\\\/gooddealersmeds.com\\\/sl\\\/product\\\/buy-morphine-sulfate-online\\\/#primaryimage\",\"url\":\"https:\\\/\\\/gooddealersmeds.com\\\/sl\\\/wp-content\\\/uploads\\\/sites\\\/10\\\/2022\\\/03\\\/Morphine.jpeg\",\"contentUrl\":\"https:\\\/\\\/gooddealersmeds.com\\\/sl\\\/wp-content\\\/uploads\\\/sites\\\/10\\\/2022\\\/03\\\/Morphine.jpeg\",\"width\":800,\"height\":800,\"caption\":\"Buy Morphine Sulfate Online\"},{\"@type\":\"BreadcrumbList\",\"@id\":\"https:\\\/\\\/gooddealersmeds.com\\\/sl\\\/product\\\/buy-morphine-sulfate-online\\\/#breadcrumb\",\"itemListElement\":[{\"@type\":\"ListItem\",\"position\":1,\"name\":\"Home\",\"item\":\"https:\\\/\\\/gooddealersmeds.com\\\/sl\\\/\"},{\"@type\":\"ListItem\",\"position\":2,\"name\":\"Izdelki\",\"item\":\"https:\\\/\\\/gooddealersmeds.com\\\/sl\\\/izdelki\\\/\"},{\"@type\":\"ListItem\",\"position\":3,\"name\":\"Kupite morfijev sulfat na spletu\"}]},{\"@type\":\"WebSite\",\"@id\":\"https:\\\/\\\/gooddealersmeds.com\\\/sl\\\/#website\",\"url\":\"https:\\\/\\\/gooddealersmeds.com\\\/sl\\\/\",\"name\":\"Good Dealers Meds\",\"description\":\"All our best\",\"publisher\":{\"@id\":\"https:\\\/\\\/gooddealersmeds.com\\\/sl\\\/#organization\"},\"potentialAction\":[{\"@type\":\"SearchAction\",\"target\":{\"@type\":\"EntryPoint\",\"urlTemplate\":\"https:\\\/\\\/gooddealersmeds.com\\\/sl\\\/?s={search_term_string}\"},\"query-input\":{\"@type\":\"PropertyValueSpecification\",\"valueRequired\":true,\"valueName\":\"search_term_string\"}}],\"inLanguage\":\"en-US\"},{\"@type\":\"Organization\",\"@id\":\"https:\\\/\\\/gooddealersmeds.com\\\/sl\\\/#organization\",\"name\":\"Good Dealers Meds\",\"url\":\"https:\\\/\\\/gooddealersmeds.com\\\/sl\\\/\",\"logo\":{\"@type\":\"ImageObject\",\"inLanguage\":\"en-US\",\"@id\":\"https:\\\/\\\/gooddealersmeds.com\\\/sl\\\/#\\\/schema\\\/logo\\\/image\\\/\",\"url\":\"https:\\\/\\\/gooddealersmeds.com\\\/sl\\\/wp-content\\\/uploads\\\/sites\\\/10\\\/2022\\\/03\\\/gooddealersmeds__logo__20220317T222800Z.00.png\",\"contentUrl\":\"https:\\\/\\\/gooddealersmeds.com\\\/sl\\\/wp-content\\\/uploads\\\/sites\\\/10\\\/2022\\\/03\\\/gooddealersmeds__logo__20220317T222800Z.00.png\",\"width\":500,\"height\":325,\"caption\":\"Good Dealers Meds\"},\"image\":{\"@id\":\"https:\\\/\\\/gooddealersmeds.com\\\/sl\\\/#\\\/schema\\\/logo\\\/image\\\/\"}}]}<\/script>\n<!-- \/ Yoast SEO Premium plugin. -->","yoast_head_json":{"title":"Kupite morfijev sulfat na spletu | Good Dealers Meds","description":"Kupite morfijev sulfat v spletni viali 50 mg\/ml 20 ml pri Bell Medical Services po najbolj\u0161i ceni. Uporablja se za laj\u0161anje zmernih do hudih bole\u010din.","robots":{"index":"index","follow":"follow","max-snippet":"max-snippet:-1","max-image-preview":"max-image-preview:large","max-video-preview":"max-video-preview:-1"},"canonical":"https:\/\/gooddealersmeds.com\/sl\/product\/buy-morphine-sulfate-online\/","og_locale":"en_US","og_type":"article","og_title":"Kupite morfijev sulfat na spletu","og_description":"Kupite morfijev sulfat v spletni viali 50 mg\/ml 20 ml pri Bell Medical Services po najbolj\u0161i ceni. Uporablja se za laj\u0161anje zmernih do hudih bole\u010din.","og_url":"https:\/\/gooddealersmeds.com\/sl\/product\/buy-morphine-sulfate-online\/","og_site_name":"Good Dealers Meds","article_modified_time":"2022-10-04T00:42:35+00:00","og_image":[{"width":800,"height":800,"url":"https:\/\/gooddealersmeds.com\/sl\/wp-content\/uploads\/sites\/10\/2022\/03\/Morphine.jpeg","type":"image\/jpeg"}],"twitter_card":"summary_large_image","twitter_misc":{"Est. reading time":"2 minutes"},"schema":{"@context":"https:\/\/schema.org","@graph":[{"@type":"WebPage","@id":"https:\/\/gooddealersmeds.com\/sl\/product\/buy-morphine-sulfate-online\/","url":"https:\/\/gooddealersmeds.com\/sl\/product\/buy-morphine-sulfate-online\/","name":"Kupite morfijev sulfat na spletu | Good Dealers Meds","isPartOf":{"@id":"https:\/\/gooddealersmeds.com\/sl\/#website"},"primaryImageOfPage":{"@id":"https:\/\/gooddealersmeds.com\/sl\/product\/buy-morphine-sulfate-online\/#primaryimage"},"image":{"@id":"https:\/\/gooddealersmeds.com\/sl\/product\/buy-morphine-sulfate-online\/#primaryimage"},"thumbnailUrl":"https:\/\/gooddealersmeds.com\/sl\/wp-content\/uploads\/sites\/10\/2022\/03\/Morphine.jpeg","datePublished":"2022-03-19T01:50:33+00:00","dateModified":"2022-10-04T00:42:35+00:00","description":"Kupite morfijev sulfat v spletni viali 50 mg\/ml 20 ml pri Bell Medical Services po najbolj\u0161i ceni. Uporablja se za laj\u0161anje zmernih do hudih bole\u010din.","breadcrumb":{"@id":"https:\/\/gooddealersmeds.com\/sl\/product\/buy-morphine-sulfate-online\/#breadcrumb"},"inLanguage":"en-US","potentialAction":[{"@type":"ReadAction","target":["https:\/\/gooddealersmeds.com\/sl\/product\/buy-morphine-sulfate-online\/"]}]},{"@type":"ImageObject","inLanguage":"en-US","@id":"https:\/\/gooddealersmeds.com\/sl\/product\/buy-morphine-sulfate-online\/#primaryimage","url":"https:\/\/gooddealersmeds.com\/sl\/wp-content\/uploads\/sites\/10\/2022\/03\/Morphine.jpeg","contentUrl":"https:\/\/gooddealersmeds.com\/sl\/wp-content\/uploads\/sites\/10\/2022\/03\/Morphine.jpeg","width":800,"height":800,"caption":"Buy Morphine Sulfate Online"},{"@type":"BreadcrumbList","@id":"https:\/\/gooddealersmeds.com\/sl\/product\/buy-morphine-sulfate-online\/#breadcrumb","itemListElement":[{"@type":"ListItem","position":1,"name":"Home","item":"https:\/\/gooddealersmeds.com\/sl\/"},{"@type":"ListItem","position":2,"name":"Izdelki","item":"https:\/\/gooddealersmeds.com\/sl\/izdelki\/"},{"@type":"ListItem","position":3,"name":"Kupite morfijev sulfat na spletu"}]},{"@type":"WebSite","@id":"https:\/\/gooddealersmeds.com\/sl\/#website","url":"https:\/\/gooddealersmeds.com\/sl\/","name":"Good Dealers Meds","description":"All our best","publisher":{"@id":"https:\/\/gooddealersmeds.com\/sl\/#organization"},"potentialAction":[{"@type":"SearchAction","target":{"@type":"EntryPoint","urlTemplate":"https:\/\/gooddealersmeds.com\/sl\/?s={search_term_string}"},"query-input":{"@type":"PropertyValueSpecification","valueRequired":true,"valueName":"search_term_string"}}],"inLanguage":"en-US"},{"@type":"Organization","@id":"https:\/\/gooddealersmeds.com\/sl\/#organization","name":"Good Dealers Meds","url":"https:\/\/gooddealersmeds.com\/sl\/","logo":{"@type":"ImageObject","inLanguage":"en-US","@id":"https:\/\/gooddealersmeds.com\/sl\/#\/schema\/logo\/image\/","url":"https:\/\/gooddealersmeds.com\/sl\/wp-content\/uploads\/sites\/10\/2022\/03\/gooddealersmeds__logo__20220317T222800Z.00.png","contentUrl":"https:\/\/gooddealersmeds.com\/sl\/wp-content\/uploads\/sites\/10\/2022\/03\/gooddealersmeds__logo__20220317T222800Z.00.png","width":500,"height":325,"caption":"Good Dealers Meds"},"image":{"@id":"https:\/\/gooddealersmeds.com\/sl\/#\/schema\/logo\/image\/"}}]}},"_links":{"self":[{"href":"https:\/\/gooddealersmeds.com\/sl\/wp-json\/wp\/v2\/product\/1718","targetHints":{"allow":["GET"]}}],"collection":[{"href":"https:\/\/gooddealersmeds.com\/sl\/wp-json\/wp\/v2\/product"}],"about":[{"href":"https:\/\/gooddealersmeds.com\/sl\/wp-json\/wp\/v2\/types\/product"}],"replies":[{"embeddable":true,"href":"https:\/\/gooddealersmeds.com\/sl\/wp-json\/wp\/v2\/comments?post=1718"}],"wp:featuredmedia":[{"embeddable":true,"href":"https:\/\/gooddealersmeds.com\/sl\/wp-json\/wp\/v2\/media\/1727"}],"wp:attachment":[{"href":"https:\/\/gooddealersmeds.com\/sl\/wp-json\/wp\/v2\/media?parent=1718"}],"wp:term":[{"taxonomy":"product_brand","embeddable":true,"href":"https:\/\/gooddealersmeds.com\/sl\/wp-json\/wp\/v2\/product_brand?post=1718"},{"taxonomy":"product_cat","embeddable":true,"href":"https:\/\/gooddealersmeds.com\/sl\/wp-json\/wp\/v2\/product_cat?post=1718"},{"taxonomy":"product_tag","embeddable":true,"href":"https:\/\/gooddealersmeds.com\/sl\/wp-json\/wp\/v2\/product_tag?post=1718"}],"curies":[{"name":"wp","href":"https:\/\/api.w.org\/{rel}","templated":true}]}}