{"id":1715,"date":"2022-03-19T01:50:06","date_gmt":"2022-03-19T01:50:06","guid":{"rendered":"https:\/\/gooddealersmeds.com\/sl\/?post_type=product&#038;p=1715"},"modified":"2022-10-04T00:42:41","modified_gmt":"2022-10-04T00:42:41","slug":"buy-fentanyl-injections-online","status":"publish","type":"product","link":"https:\/\/gooddealersmeds.com\/sl\/product\/buy-fentanyl-injections-online\/","title":{"rendered":"Kupite injekcije fentanila na spletu"},"content":{"rendered":"<h1><strong>Injekcija fentanila<\/strong><\/h1>\n<p>Injekcije fentanila se uporabljajo za zdravljenje hude bole\u010dine med operacijo in po njej. Lahko se jemlje tudi skupaj z drugimi zdravili tik pred operacijo ali med njo, da se pove\u010da u\u010dinkovitost anestetika (sredstva za omrtvi\u010denje). Kupite injekcijo fentanila v spletu<\/p>\n<p>&nbsp;<\/p>\n<p>Fentanil spada v razred zdravil, znanih kot narkoti\u010dni analgetiki (zdravila proti bole\u010dinam). Fentanil je mo\u010dan opioidni analgetik. Zmanj\u0161uje bole\u010dino tako, da deluje na mo\u017egane ali centralni \u017eiv\u010dni sistem (CNS). Osrednji \u017eiv\u010dni sistem je odgovoren tudi za \u0161tevilne njegove \u0161kodljive u\u010dinke, vklju\u010dno z zaspanostjo in vrtoglavico. injekcija fentanila za prodajo \u2013 Ko se odlo\u010date, ali jo uporabiti, je treba ovrednotiti koristi injekcije fentanila glede na nevarnosti. O tem se boste odlo\u010dili vi in \u200b\u200bva\u0161 zdravnik.<\/p>\n<p>Fentanil se lahko uporablja za zdravljenje hudih bole\u010din. Uporablja se, kadar so druga zdravila za laj\u0161anje bole\u010din neu\u010dinkovita ali nevzdr\u017ena. Deluje tako, da ovira mo\u017egansko sprejemanje bole\u010dine. Je \u010dlan skupine opioidov.<\/p>\n<p>&nbsp;<\/p>\n<p>To zdravilo se lahko uporablja tudi za druge stvari. Nikoli ne vzemite ve\u010d zdravila, kot je priporo\u010deno. \u010ce imate te\u017eave z dihanjem ali se po\u010dutite neobi\u010dajno \u0161ibki ali zaspani, takoj pokli\u010dite nujno pomo\u010d. Injekcija fentanila je lahko za vas slaba, \u010de ste kdaj imeli alergijske reakcije na fentanil ali druga zdravila ali \u010de imate te\u017eave z dihanjem, kot je astma, ali katero koli \u017ee obstoje\u010do bolezen plju\u010d. Fentanilu se morate izogibati, \u010de posku\u0161ate zanositi ali \u010de ste nose\u010di ali dojite. Povezano je z ve\u010d te\u017eavami va\u0161ega otroka v zgodnjih fazah nose\u010dnosti. \u010ce uporabljate fentanil proti koncu nose\u010dnosti, obstaja mo\u017enost, da bo va\u0161 nerojeni otrok razvil zasvojenost s fentanilom ali imel odtegnitvene simptome. Vendar pa je klju\u010dnega pomena obvladati bole\u010dino, povezano z nose\u010dnostjo. Fentanil je morda najbolj\u0161a re\u0161itev za nekatere nose\u010dnice, ki imajo resne te\u017eave. Najbolj\u0161a oseba, ki vas bo vodila do najbolj\u0161e izbire za vas in va\u0161ega nerojenega otroka, je va\u0161 zdravnik.<\/p>\n<p>&nbsp;<\/p>\n<p>Tudi \u010de menite, da priporo\u010deni odmerek ne zadostuje za zdravljenje va\u0161ega bole\u010dine, <a href=\"https:\/\/gooddealersmeds.com\/sl\/product\/buy-fentanyl-injections-online\/\">naro\u010dite injekcijo fentanila prek spleta<\/a>, pomembno je, da natan\u010dno sledite navodilom. \u010ce menite, da potrebujete druga\u010den odmerek, se najprej posvetujte z zdravnikom. Prekomerni odmerki fentanila so lahko nevarni. Koli\u010dina, ki lahko povzro\u010di preveliko odmerjanje, se razlikuje od osebe do osebe. Tako kot drugi opioidi lahko tudi injekcije fentanila povzro\u010dijo odvisnost, \u010de niso previdni.<\/p>\n","protected":false},"excerpt":{"rendered":"<p>Fentanyl Citrate Injection, USP je sterilna, apirogena vodna raztopina brez konzervansov za intravensko ali<br \/> intramuskularno injiciranje<\/p>\n","protected":false},"featured_media":1725,"comment_status":"open","ping_status":"closed","template":"","meta":{"inline_featured_image":false},"product_brand":[],"product_cat":[347],"product_tag":[104,296,293,285,284,294,97,105,109,295,288,287,291,286,290,289,107,108,292,106,110],"class_list":{"0":"post-1715","1":"product","2":"type-product","3":"status-publish","4":"has-post-thumbnail","6":"product_cat-opioid-protiboleinsko","7":"product_tag-ali","8":"product_tag-is-fentanyl-injections-legal-in-canada","9":"product_tag-je-fentanil-injekcije-zakonito-v-zda","10":"product_tag-buy-fentanyl-injections","11":"product_tag-buy-fentanyl-injections-online-buy-injections","12":"product_tag-buy-fentanyl-injections-online-usa","13":"product_tag-buy-fentanyl-online","14":"product_tag-canada","15":"product_tag-dobavitelji","16":"product_tag-how-to-order-fentanyl-injections","17":"product_tag-injections-for-sale","18":"product_tag-fentanil-injekcije-za-prodajo","19":"product_tag-injekcije-fentanila-za-prodajo-v-zda","20":"product_tag-injekcije-fentanila-kje-kupiti","21":"product_tag-kje-kupiti-injekcije-fentanila-na-spletu","22":"product_tag-kupi-injekcije-na-spletu","23":"product_tag-kupiti","24":"product_tag-online","25":"product_tag-injekcije-fentanila-e-lahko-dobi","26":"product_tag-uk","27":"product_tag-varna-dostava","28":"pa_milliliters-100-ml","29":"pa_milliliters-250-ml","30":"pa_milliliters-50-ml","31":"pa_milliliters-500-ml","33":"first","34":"instock","35":"featured","36":"shipping-taxable","37":"purchasable","38":"product-type-variable","39":"has-default-attributes"},"yoast_head":"<!-- This site is optimized with the Yoast SEO Premium plugin v20.6 (Yoast SEO v27.3) - https:\/\/yoast.com\/product\/yoast-seo-premium-wordpress\/ -->\n<title>Kupite injekcijo fentanila na spletu - naro\u010dite injekcijo fentanila | Good Dealers Meds<\/title>\n<meta name=\"description\" content=\"Kupite injekcijo fentanila na spletu, USP je sterilna, apirogena vodna raztopina brez konzervansov za intravensko ali intramuskularno injiciranje\" \/>\n<meta name=\"robots\" content=\"index, follow, max-snippet:-1, max-image-preview:large, max-video-preview:-1\" \/>\n<link rel=\"canonical\" href=\"https:\/\/gooddealersmeds.com\/sl\/product\/buy-fentanyl-injections-online\/\" \/>\n<meta property=\"og:locale\" content=\"en_US\" \/>\n<meta property=\"og:type\" content=\"article\" \/>\n<meta property=\"og:title\" content=\"Kupite injekcije fentanila na spletu\" \/>\n<meta property=\"og:description\" content=\"Kupite injekcijo fentanila na spletu, USP je sterilna, apirogena vodna raztopina brez konzervansov za intravensko ali intramuskularno injiciranje\" \/>\n<meta property=\"og:url\" content=\"https:\/\/gooddealersmeds.com\/sl\/product\/buy-fentanyl-injections-online\/\" \/>\n<meta property=\"og:site_name\" content=\"Good Dealers Meds\" \/>\n<meta property=\"article:modified_time\" content=\"2022-10-04T00:42:41+00:00\" \/>\n<meta property=\"og:image\" content=\"https:\/\/gooddealersmeds.com\/sl\/wp-content\/uploads\/sites\/10\/2022\/03\/buy-fentanyl-injections-online.jpg\" \/>\n\t<meta property=\"og:image:width\" content=\"600\" \/>\n\t<meta property=\"og:image:height\" content=\"600\" \/>\n\t<meta property=\"og:image:type\" content=\"image\/jpeg\" \/>\n<meta name=\"twitter:card\" content=\"summary_large_image\" \/>\n<meta name=\"twitter:label1\" content=\"Est. reading time\" \/>\n\t<meta name=\"twitter:data1\" content=\"2 minutes\" \/>\n<script type=\"application\/ld+json\" class=\"yoast-schema-graph\">{\"@context\":\"https:\\\/\\\/schema.org\",\"@graph\":[{\"@type\":\"WebPage\",\"@id\":\"https:\\\/\\\/gooddealersmeds.com\\\/sl\\\/product\\\/buy-fentanyl-injections-online\\\/\",\"url\":\"https:\\\/\\\/gooddealersmeds.com\\\/sl\\\/product\\\/buy-fentanyl-injections-online\\\/\",\"name\":\"Kupite injekcijo fentanila na spletu - naro\u010dite injekcijo fentanila | Good Dealers Meds\",\"isPartOf\":{\"@id\":\"https:\\\/\\\/gooddealersmeds.com\\\/sl\\\/#website\"},\"primaryImageOfPage\":{\"@id\":\"https:\\\/\\\/gooddealersmeds.com\\\/sl\\\/product\\\/buy-fentanyl-injections-online\\\/#primaryimage\"},\"image\":{\"@id\":\"https:\\\/\\\/gooddealersmeds.com\\\/sl\\\/product\\\/buy-fentanyl-injections-online\\\/#primaryimage\"},\"thumbnailUrl\":\"https:\\\/\\\/gooddealersmeds.com\\\/sl\\\/wp-content\\\/uploads\\\/sites\\\/10\\\/2022\\\/03\\\/buy-fentanyl-injections-online.jpg\",\"datePublished\":\"2022-03-19T01:50:06+00:00\",\"dateModified\":\"2022-10-04T00:42:41+00:00\",\"description\":\"Kupite injekcijo fentanila na spletu, USP je sterilna, apirogena vodna raztopina brez konzervansov za intravensko ali intramuskularno injiciranje\",\"breadcrumb\":{\"@id\":\"https:\\\/\\\/gooddealersmeds.com\\\/sl\\\/product\\\/buy-fentanyl-injections-online\\\/#breadcrumb\"},\"inLanguage\":\"en-US\",\"potentialAction\":[{\"@type\":\"ReadAction\",\"target\":[\"https:\\\/\\\/gooddealersmeds.com\\\/sl\\\/product\\\/buy-fentanyl-injections-online\\\/\"]}]},{\"@type\":\"ImageObject\",\"inLanguage\":\"en-US\",\"@id\":\"https:\\\/\\\/gooddealersmeds.com\\\/sl\\\/product\\\/buy-fentanyl-injections-online\\\/#primaryimage\",\"url\":\"https:\\\/\\\/gooddealersmeds.com\\\/sl\\\/wp-content\\\/uploads\\\/sites\\\/10\\\/2022\\\/03\\\/buy-fentanyl-injections-online.jpg\",\"contentUrl\":\"https:\\\/\\\/gooddealersmeds.com\\\/sl\\\/wp-content\\\/uploads\\\/sites\\\/10\\\/2022\\\/03\\\/buy-fentanyl-injections-online.jpg\",\"width\":600,\"height\":600,\"caption\":\"Buy fentanyl Injections Online\"},{\"@type\":\"BreadcrumbList\",\"@id\":\"https:\\\/\\\/gooddealersmeds.com\\\/sl\\\/product\\\/buy-fentanyl-injections-online\\\/#breadcrumb\",\"itemListElement\":[{\"@type\":\"ListItem\",\"position\":1,\"name\":\"Home\",\"item\":\"https:\\\/\\\/gooddealersmeds.com\\\/sl\\\/\"},{\"@type\":\"ListItem\",\"position\":2,\"name\":\"Izdelki\",\"item\":\"https:\\\/\\\/gooddealersmeds.com\\\/sl\\\/izdelki\\\/\"},{\"@type\":\"ListItem\",\"position\":3,\"name\":\"Kupite injekcije fentanila na spletu\"}]},{\"@type\":\"WebSite\",\"@id\":\"https:\\\/\\\/gooddealersmeds.com\\\/sl\\\/#website\",\"url\":\"https:\\\/\\\/gooddealersmeds.com\\\/sl\\\/\",\"name\":\"Good Dealers Meds\",\"description\":\"All our best\",\"publisher\":{\"@id\":\"https:\\\/\\\/gooddealersmeds.com\\\/sl\\\/#organization\"},\"potentialAction\":[{\"@type\":\"SearchAction\",\"target\":{\"@type\":\"EntryPoint\",\"urlTemplate\":\"https:\\\/\\\/gooddealersmeds.com\\\/sl\\\/?s={search_term_string}\"},\"query-input\":{\"@type\":\"PropertyValueSpecification\",\"valueRequired\":true,\"valueName\":\"search_term_string\"}}],\"inLanguage\":\"en-US\"},{\"@type\":\"Organization\",\"@id\":\"https:\\\/\\\/gooddealersmeds.com\\\/sl\\\/#organization\",\"name\":\"Good Dealers Meds\",\"url\":\"https:\\\/\\\/gooddealersmeds.com\\\/sl\\\/\",\"logo\":{\"@type\":\"ImageObject\",\"inLanguage\":\"en-US\",\"@id\":\"https:\\\/\\\/gooddealersmeds.com\\\/sl\\\/#\\\/schema\\\/logo\\\/image\\\/\",\"url\":\"https:\\\/\\\/gooddealersmeds.com\\\/sl\\\/wp-content\\\/uploads\\\/sites\\\/10\\\/2022\\\/03\\\/gooddealersmeds__logo__20220317T222800Z.00.png\",\"contentUrl\":\"https:\\\/\\\/gooddealersmeds.com\\\/sl\\\/wp-content\\\/uploads\\\/sites\\\/10\\\/2022\\\/03\\\/gooddealersmeds__logo__20220317T222800Z.00.png\",\"width\":500,\"height\":325,\"caption\":\"Good Dealers Meds\"},\"image\":{\"@id\":\"https:\\\/\\\/gooddealersmeds.com\\\/sl\\\/#\\\/schema\\\/logo\\\/image\\\/\"}}]}<\/script>\n<!-- \/ Yoast SEO Premium plugin. -->","yoast_head_json":{"title":"Kupite injekcijo fentanila na spletu - naro\u010dite injekcijo fentanila | Good Dealers Meds","description":"Kupite injekcijo fentanila na spletu, USP je sterilna, apirogena vodna raztopina brez konzervansov za intravensko ali intramuskularno injiciranje","robots":{"index":"index","follow":"follow","max-snippet":"max-snippet:-1","max-image-preview":"max-image-preview:large","max-video-preview":"max-video-preview:-1"},"canonical":"https:\/\/gooddealersmeds.com\/sl\/product\/buy-fentanyl-injections-online\/","og_locale":"en_US","og_type":"article","og_title":"Kupite injekcije fentanila na spletu","og_description":"Kupite injekcijo fentanila na spletu, USP je sterilna, apirogena vodna raztopina brez konzervansov za intravensko ali intramuskularno injiciranje","og_url":"https:\/\/gooddealersmeds.com\/sl\/product\/buy-fentanyl-injections-online\/","og_site_name":"Good Dealers Meds","article_modified_time":"2022-10-04T00:42:41+00:00","og_image":[{"width":600,"height":600,"url":"https:\/\/gooddealersmeds.com\/sl\/wp-content\/uploads\/sites\/10\/2022\/03\/buy-fentanyl-injections-online.jpg","type":"image\/jpeg"}],"twitter_card":"summary_large_image","twitter_misc":{"Est. reading time":"2 minutes"},"schema":{"@context":"https:\/\/schema.org","@graph":[{"@type":"WebPage","@id":"https:\/\/gooddealersmeds.com\/sl\/product\/buy-fentanyl-injections-online\/","url":"https:\/\/gooddealersmeds.com\/sl\/product\/buy-fentanyl-injections-online\/","name":"Kupite injekcijo fentanila na spletu - naro\u010dite injekcijo fentanila | Good Dealers Meds","isPartOf":{"@id":"https:\/\/gooddealersmeds.com\/sl\/#website"},"primaryImageOfPage":{"@id":"https:\/\/gooddealersmeds.com\/sl\/product\/buy-fentanyl-injections-online\/#primaryimage"},"image":{"@id":"https:\/\/gooddealersmeds.com\/sl\/product\/buy-fentanyl-injections-online\/#primaryimage"},"thumbnailUrl":"https:\/\/gooddealersmeds.com\/sl\/wp-content\/uploads\/sites\/10\/2022\/03\/buy-fentanyl-injections-online.jpg","datePublished":"2022-03-19T01:50:06+00:00","dateModified":"2022-10-04T00:42:41+00:00","description":"Kupite injekcijo fentanila na spletu, USP je sterilna, apirogena vodna raztopina brez konzervansov za intravensko ali intramuskularno injiciranje","breadcrumb":{"@id":"https:\/\/gooddealersmeds.com\/sl\/product\/buy-fentanyl-injections-online\/#breadcrumb"},"inLanguage":"en-US","potentialAction":[{"@type":"ReadAction","target":["https:\/\/gooddealersmeds.com\/sl\/product\/buy-fentanyl-injections-online\/"]}]},{"@type":"ImageObject","inLanguage":"en-US","@id":"https:\/\/gooddealersmeds.com\/sl\/product\/buy-fentanyl-injections-online\/#primaryimage","url":"https:\/\/gooddealersmeds.com\/sl\/wp-content\/uploads\/sites\/10\/2022\/03\/buy-fentanyl-injections-online.jpg","contentUrl":"https:\/\/gooddealersmeds.com\/sl\/wp-content\/uploads\/sites\/10\/2022\/03\/buy-fentanyl-injections-online.jpg","width":600,"height":600,"caption":"Buy fentanyl Injections Online"},{"@type":"BreadcrumbList","@id":"https:\/\/gooddealersmeds.com\/sl\/product\/buy-fentanyl-injections-online\/#breadcrumb","itemListElement":[{"@type":"ListItem","position":1,"name":"Home","item":"https:\/\/gooddealersmeds.com\/sl\/"},{"@type":"ListItem","position":2,"name":"Izdelki","item":"https:\/\/gooddealersmeds.com\/sl\/izdelki\/"},{"@type":"ListItem","position":3,"name":"Kupite injekcije fentanila na spletu"}]},{"@type":"WebSite","@id":"https:\/\/gooddealersmeds.com\/sl\/#website","url":"https:\/\/gooddealersmeds.com\/sl\/","name":"Good Dealers Meds","description":"All our best","publisher":{"@id":"https:\/\/gooddealersmeds.com\/sl\/#organization"},"potentialAction":[{"@type":"SearchAction","target":{"@type":"EntryPoint","urlTemplate":"https:\/\/gooddealersmeds.com\/sl\/?s={search_term_string}"},"query-input":{"@type":"PropertyValueSpecification","valueRequired":true,"valueName":"search_term_string"}}],"inLanguage":"en-US"},{"@type":"Organization","@id":"https:\/\/gooddealersmeds.com\/sl\/#organization","name":"Good Dealers Meds","url":"https:\/\/gooddealersmeds.com\/sl\/","logo":{"@type":"ImageObject","inLanguage":"en-US","@id":"https:\/\/gooddealersmeds.com\/sl\/#\/schema\/logo\/image\/","url":"https:\/\/gooddealersmeds.com\/sl\/wp-content\/uploads\/sites\/10\/2022\/03\/gooddealersmeds__logo__20220317T222800Z.00.png","contentUrl":"https:\/\/gooddealersmeds.com\/sl\/wp-content\/uploads\/sites\/10\/2022\/03\/gooddealersmeds__logo__20220317T222800Z.00.png","width":500,"height":325,"caption":"Good Dealers Meds"},"image":{"@id":"https:\/\/gooddealersmeds.com\/sl\/#\/schema\/logo\/image\/"}}]}},"_links":{"self":[{"href":"https:\/\/gooddealersmeds.com\/sl\/wp-json\/wp\/v2\/product\/1715","targetHints":{"allow":["GET"]}}],"collection":[{"href":"https:\/\/gooddealersmeds.com\/sl\/wp-json\/wp\/v2\/product"}],"about":[{"href":"https:\/\/gooddealersmeds.com\/sl\/wp-json\/wp\/v2\/types\/product"}],"replies":[{"embeddable":true,"href":"https:\/\/gooddealersmeds.com\/sl\/wp-json\/wp\/v2\/comments?post=1715"}],"wp:featuredmedia":[{"embeddable":true,"href":"https:\/\/gooddealersmeds.com\/sl\/wp-json\/wp\/v2\/media\/1725"}],"wp:attachment":[{"href":"https:\/\/gooddealersmeds.com\/sl\/wp-json\/wp\/v2\/media?parent=1715"}],"wp:term":[{"taxonomy":"product_brand","embeddable":true,"href":"https:\/\/gooddealersmeds.com\/sl\/wp-json\/wp\/v2\/product_brand?post=1715"},{"taxonomy":"product_cat","embeddable":true,"href":"https:\/\/gooddealersmeds.com\/sl\/wp-json\/wp\/v2\/product_cat?post=1715"},{"taxonomy":"product_tag","embeddable":true,"href":"https:\/\/gooddealersmeds.com\/sl\/wp-json\/wp\/v2\/product_tag?post=1715"}],"curies":[{"name":"wp","href":"https:\/\/api.w.org\/{rel}","templated":true}]}}