{"id":1701,"date":"2022-03-19T01:31:58","date_gmt":"2022-03-19T01:31:58","guid":{"rendered":"https:\/\/gooddealersmeds.com\/sl\/?post_type=product&#038;p=1701"},"modified":"2022-10-04T00:42:51","modified_gmt":"2022-10-04T00:42:51","slug":"buy-ketamine-liquid-online","status":"publish","type":"product","link":"https:\/\/gooddealersmeds.com\/sl\/product\/buy-ketamine-liquid-online\/","title":{"rendered":"Kupite teko\u010di ketamin prek spleta"},"content":{"rendered":"<p>Kupite teko\u010di ketamin na spletu brez te\u017eav in brez skritih stro\u0161kov pri industrijskih kemikalijah na spletu. Ketamin je edinstveno zdravilo in ljudje so bili prestra\u0161eni, po\u0161kodovani, oropani ali otipavani, ker se niso zavedali &#8216;disociativnih&#8217; lastnosti ketamina.<\/p>\n<p>Ketamin lahko povzro\u010di ob\u010dutke neresni\u010dnosti, pa tudi vizualne in senzori\u010dne izkrivljanja, izkrivljen ob\u010dutek lastnega telesa, za\u010dasno nenavadne misli in prepri\u010danja ter vzhi\u010denje ali hrup.<\/p>\n<p>\u010ceprav ketamin traja le 15-40 minut, lo\u010di zavest od telesa, zaradi \u010desar ne more z gotovostjo ob\u010dutite ali nadzorujete svoje telo. Hoja, tek ali celo premikanje je morda nemogo\u010de, kar je lahko \u0161kodljivo, \u010de se nenadoma znajdete v nevarnih okoli\u0161\u010dinah.<\/p>\n<p>Disociativna zdravila lahko povzro\u010dijo motnje vida, barve, zvoka, sebe in okolja. Ketamin je na voljo kot bistra teko\u010dina ali umazano bel pra\u0161ek za intravensko injekcijo ali pr\u0161ilo za nos.<\/p>\n<p>Zakaj se ketamin uporablja v medicini? Ketamin lahko laj\u0161a bole\u010dine in povzro\u010di kratkotrajno izgubo spomina (na primer amnezijo zaradi medicinskega posega).<\/p>\n<ul>\n<li><a href=\"https:\/\/gooddealersmeds.com\/sl\/product\/buy -ketamine-liquid-online\/\">Ketamin<\/a> z blokiranjem na mestu N-metil-D-aspartata (NMDA) hitro deluje pri zmanj\u0161evanju simptomov depresije in akutnih samomorilnih misli.<\/li>\n<li>V kirurgiji se uporablja kot indukcijsko in vzdr\u017eevalno sredstvo za sedacijo in za zagotavljanje splo\u0161ne anestezije.<\/li>\n<li>Uporabljajo ga tudi za nadzor bole\u010dine pri zdravljenju opeklin, po\u0161kodbah na boji\u0161\u010du in pri otrocih, ki ne morejo uporabljati drugih anestetikov zaradi ne\u017eelenih u\u010dinkov ali alergij.<\/li>\n<\/ul>\n<p>Ker lahko pride do ve\u010djih ne\u017eelenih u\u010dinkov, kot so nepravilni sr\u010dni ritmi, je treba uporabiti amiodaron ali droksidopo. To ni iz\u010drpen seznam vseh mo\u017enih interakcij. Povpra\u0161ajte pri zdravniku, ali lahko ketamin vpliva na katero koli drugo zdravilo, ki ga jemljete. Preden za\u010dnete ali prenehate, se posvetujte s svojim zdravstvenim delavcem.<\/p>\n<p>Kupite teko\u010di ketamin v spletu na <a href=\"https:\/\/gooddealersmeds.com\/sl\">gooddealersmeds.com\/sl<\/a>. Najbolj\u0161e ponudbe! Na voljo ketamin v prahu visoke \u010distosti in teko\u010dina za injiciranje. Recept ni potreben. Diskretno pakiranje. Brezpla\u010dna dostava po vsem svetu.<\/p>\n","protected":false},"excerpt":{"rendered":"<p>TEKO\u010cI KETAMIN ZA PRODAJO je anestetik, ketamin je pravzaprav posebna vrsta anestetika, znanega kot disociativni anestetik.<\/p>\n","protected":false},"featured_media":1866,"comment_status":"open","ping_status":"closed","template":"","meta":{"inline_featured_image":false},"product_brand":[],"product_cat":[347],"product_tag":[264,265,266,267,268,269,270,272,273,274,275,276,277,279,280,281,282,283,271,278],"class_list":{"0":"post-1701","1":"product","2":"type-product","3":"status-publish","4":"has-post-thumbnail","6":"product_cat-opioid-protiboleinsko","7":"product_tag-gymnopilus-aeruginosus","8":"product_tag-gymnopilus-luteofolius","9":"product_tag-gymnopilus-luteoviridis","10":"product_tag-gymnopilus-luteus","11":"product_tag-gymnopilus-purpuratus","12":"product_tag-gymnopilus-viridans","13":"product_tag-inocybe-aeruginascens","14":"product_tag-mycena-cyanorrhiza","15":"product_tag-panaeolus-pas","16":"product_tag-panaeolus-cyanescens","17":"product_tag-pholiotina-cyanopus","18":"product_tag-pholiotina-smithii","19":"product_tag-pluteus-nigroviridis","20":"product_tag-pluteus-villosus","21":"product_tag-psilocybe-allenii","22":"product_tag-psilocybe-azurescens","23":"product_tag-psilocybe-mexicana","24":"product_tag-psilocybe-subaeruginosa","25":"product_tag-smejalna-telovadnica","26":"product_tag-polica-vrba","27":"pa_milliliters-100-ml","28":"pa_milliliters-250-ml","29":"pa_milliliters-50-ml","30":"pa_milliliters-500-ml","32":"first","33":"instock","34":"featured","35":"shipping-taxable","36":"purchasable","37":"product-type-variable","38":"has-default-attributes"},"yoast_head":"<!-- This site is optimized with the Yoast SEO Premium plugin v20.6 (Yoast SEO v27.3) - https:\/\/yoast.com\/product\/yoast-seo-premium-wordpress\/ -->\n<title>Kupite teko\u010di ketamin na spletu \u2013 ketamin za prodajo | Good Dealers Meds<\/title>\n<meta name=\"description\" content=\"Kupite teko\u010di ketamin na spletu; pravzaprav posebna vrsta anestetika, znana kot disociativni anestetik, ki povzro\u010di delno izgubo ob\u010dutka.\" \/>\n<meta name=\"robots\" content=\"index, follow, max-snippet:-1, max-image-preview:large, max-video-preview:-1\" \/>\n<link rel=\"canonical\" href=\"https:\/\/gooddealersmeds.com\/sl\/product\/buy-ketamine-liquid-online\/\" \/>\n<meta property=\"og:locale\" content=\"en_US\" \/>\n<meta property=\"og:type\" content=\"article\" \/>\n<meta property=\"og:title\" content=\"Kupite teko\u010di ketamin prek spleta\" \/>\n<meta property=\"og:description\" content=\"Kupite teko\u010di ketamin na spletu; pravzaprav posebna vrsta anestetika, znana kot disociativni anestetik, ki povzro\u010di delno izgubo ob\u010dutka.\" \/>\n<meta property=\"og:url\" content=\"https:\/\/gooddealersmeds.com\/sl\/product\/buy-ketamine-liquid-online\/\" \/>\n<meta property=\"og:site_name\" content=\"Good Dealers Meds\" \/>\n<meta property=\"article:modified_time\" content=\"2022-10-04T00:42:51+00:00\" \/>\n<meta property=\"og:image\" content=\"https:\/\/gooddealersmeds.com\/sl\/wp-content\/uploads\/sites\/10\/2022\/03\/page_1_thumb_large.jpg\" \/>\n\t<meta property=\"og:image:width\" content=\"480\" \/>\n\t<meta property=\"og:image:height\" content=\"360\" \/>\n\t<meta property=\"og:image:type\" content=\"image\/jpeg\" \/>\n<meta name=\"twitter:card\" content=\"summary_large_image\" \/>\n<meta name=\"twitter:label1\" content=\"Est. reading time\" \/>\n\t<meta name=\"twitter:data1\" content=\"2 minutes\" \/>\n<script type=\"application\/ld+json\" class=\"yoast-schema-graph\">{\"@context\":\"https:\\\/\\\/schema.org\",\"@graph\":[{\"@type\":\"WebPage\",\"@id\":\"https:\\\/\\\/gooddealersmeds.com\\\/sl\\\/product\\\/buy-ketamine-liquid-online\\\/\",\"url\":\"https:\\\/\\\/gooddealersmeds.com\\\/sl\\\/product\\\/buy-ketamine-liquid-online\\\/\",\"name\":\"Kupite teko\u010di ketamin na spletu \u2013 ketamin za prodajo | Good Dealers Meds\",\"isPartOf\":{\"@id\":\"https:\\\/\\\/gooddealersmeds.com\\\/sl\\\/#website\"},\"primaryImageOfPage\":{\"@id\":\"https:\\\/\\\/gooddealersmeds.com\\\/sl\\\/product\\\/buy-ketamine-liquid-online\\\/#primaryimage\"},\"image\":{\"@id\":\"https:\\\/\\\/gooddealersmeds.com\\\/sl\\\/product\\\/buy-ketamine-liquid-online\\\/#primaryimage\"},\"thumbnailUrl\":\"https:\\\/\\\/gooddealersmeds.com\\\/sl\\\/wp-content\\\/uploads\\\/sites\\\/10\\\/2022\\\/03\\\/page_1_thumb_large.jpg\",\"datePublished\":\"2022-03-19T01:31:58+00:00\",\"dateModified\":\"2022-10-04T00:42:51+00:00\",\"description\":\"Kupite teko\u010di ketamin na spletu; pravzaprav posebna vrsta anestetika, znana kot disociativni anestetik, ki povzro\u010di delno izgubo ob\u010dutka.\",\"breadcrumb\":{\"@id\":\"https:\\\/\\\/gooddealersmeds.com\\\/sl\\\/product\\\/buy-ketamine-liquid-online\\\/#breadcrumb\"},\"inLanguage\":\"en-US\",\"potentialAction\":[{\"@type\":\"ReadAction\",\"target\":[\"https:\\\/\\\/gooddealersmeds.com\\\/sl\\\/product\\\/buy-ketamine-liquid-online\\\/\"]}]},{\"@type\":\"ImageObject\",\"inLanguage\":\"en-US\",\"@id\":\"https:\\\/\\\/gooddealersmeds.com\\\/sl\\\/product\\\/buy-ketamine-liquid-online\\\/#primaryimage\",\"url\":\"https:\\\/\\\/gooddealersmeds.com\\\/sl\\\/wp-content\\\/uploads\\\/sites\\\/10\\\/2022\\\/03\\\/page_1_thumb_large.jpg\",\"contentUrl\":\"https:\\\/\\\/gooddealersmeds.com\\\/sl\\\/wp-content\\\/uploads\\\/sites\\\/10\\\/2022\\\/03\\\/page_1_thumb_large.jpg\",\"width\":480,\"height\":360,\"caption\":\"Buy Ketamine Liquid Online\"},{\"@type\":\"BreadcrumbList\",\"@id\":\"https:\\\/\\\/gooddealersmeds.com\\\/sl\\\/product\\\/buy-ketamine-liquid-online\\\/#breadcrumb\",\"itemListElement\":[{\"@type\":\"ListItem\",\"position\":1,\"name\":\"Home\",\"item\":\"https:\\\/\\\/gooddealersmeds.com\\\/sl\\\/\"},{\"@type\":\"ListItem\",\"position\":2,\"name\":\"Izdelki\",\"item\":\"https:\\\/\\\/gooddealersmeds.com\\\/sl\\\/izdelki\\\/\"},{\"@type\":\"ListItem\",\"position\":3,\"name\":\"Kupite teko\u010di ketamin prek spleta\"}]},{\"@type\":\"WebSite\",\"@id\":\"https:\\\/\\\/gooddealersmeds.com\\\/sl\\\/#website\",\"url\":\"https:\\\/\\\/gooddealersmeds.com\\\/sl\\\/\",\"name\":\"Good Dealers Meds\",\"description\":\"All our best\",\"publisher\":{\"@id\":\"https:\\\/\\\/gooddealersmeds.com\\\/sl\\\/#organization\"},\"potentialAction\":[{\"@type\":\"SearchAction\",\"target\":{\"@type\":\"EntryPoint\",\"urlTemplate\":\"https:\\\/\\\/gooddealersmeds.com\\\/sl\\\/?s={search_term_string}\"},\"query-input\":{\"@type\":\"PropertyValueSpecification\",\"valueRequired\":true,\"valueName\":\"search_term_string\"}}],\"inLanguage\":\"en-US\"},{\"@type\":\"Organization\",\"@id\":\"https:\\\/\\\/gooddealersmeds.com\\\/sl\\\/#organization\",\"name\":\"Good Dealers Meds\",\"url\":\"https:\\\/\\\/gooddealersmeds.com\\\/sl\\\/\",\"logo\":{\"@type\":\"ImageObject\",\"inLanguage\":\"en-US\",\"@id\":\"https:\\\/\\\/gooddealersmeds.com\\\/sl\\\/#\\\/schema\\\/logo\\\/image\\\/\",\"url\":\"https:\\\/\\\/gooddealersmeds.com\\\/sl\\\/wp-content\\\/uploads\\\/sites\\\/10\\\/2022\\\/03\\\/gooddealersmeds__logo__20220317T222800Z.00.png\",\"contentUrl\":\"https:\\\/\\\/gooddealersmeds.com\\\/sl\\\/wp-content\\\/uploads\\\/sites\\\/10\\\/2022\\\/03\\\/gooddealersmeds__logo__20220317T222800Z.00.png\",\"width\":500,\"height\":325,\"caption\":\"Good Dealers Meds\"},\"image\":{\"@id\":\"https:\\\/\\\/gooddealersmeds.com\\\/sl\\\/#\\\/schema\\\/logo\\\/image\\\/\"}}]}<\/script>\n<!-- \/ Yoast SEO Premium plugin. -->","yoast_head_json":{"title":"Kupite teko\u010di ketamin na spletu \u2013 ketamin za prodajo | Good Dealers Meds","description":"Kupite teko\u010di ketamin na spletu; pravzaprav posebna vrsta anestetika, znana kot disociativni anestetik, ki povzro\u010di delno izgubo ob\u010dutka.","robots":{"index":"index","follow":"follow","max-snippet":"max-snippet:-1","max-image-preview":"max-image-preview:large","max-video-preview":"max-video-preview:-1"},"canonical":"https:\/\/gooddealersmeds.com\/sl\/product\/buy-ketamine-liquid-online\/","og_locale":"en_US","og_type":"article","og_title":"Kupite teko\u010di ketamin prek spleta","og_description":"Kupite teko\u010di ketamin na spletu; pravzaprav posebna vrsta anestetika, znana kot disociativni anestetik, ki povzro\u010di delno izgubo ob\u010dutka.","og_url":"https:\/\/gooddealersmeds.com\/sl\/product\/buy-ketamine-liquid-online\/","og_site_name":"Good Dealers Meds","article_modified_time":"2022-10-04T00:42:51+00:00","og_image":[{"width":480,"height":360,"url":"https:\/\/gooddealersmeds.com\/sl\/wp-content\/uploads\/sites\/10\/2022\/03\/page_1_thumb_large.jpg","type":"image\/jpeg"}],"twitter_card":"summary_large_image","twitter_misc":{"Est. reading time":"2 minutes"},"schema":{"@context":"https:\/\/schema.org","@graph":[{"@type":"WebPage","@id":"https:\/\/gooddealersmeds.com\/sl\/product\/buy-ketamine-liquid-online\/","url":"https:\/\/gooddealersmeds.com\/sl\/product\/buy-ketamine-liquid-online\/","name":"Kupite teko\u010di ketamin na spletu \u2013 ketamin za prodajo | Good Dealers Meds","isPartOf":{"@id":"https:\/\/gooddealersmeds.com\/sl\/#website"},"primaryImageOfPage":{"@id":"https:\/\/gooddealersmeds.com\/sl\/product\/buy-ketamine-liquid-online\/#primaryimage"},"image":{"@id":"https:\/\/gooddealersmeds.com\/sl\/product\/buy-ketamine-liquid-online\/#primaryimage"},"thumbnailUrl":"https:\/\/gooddealersmeds.com\/sl\/wp-content\/uploads\/sites\/10\/2022\/03\/page_1_thumb_large.jpg","datePublished":"2022-03-19T01:31:58+00:00","dateModified":"2022-10-04T00:42:51+00:00","description":"Kupite teko\u010di ketamin na spletu; pravzaprav posebna vrsta anestetika, znana kot disociativni anestetik, ki povzro\u010di delno izgubo ob\u010dutka.","breadcrumb":{"@id":"https:\/\/gooddealersmeds.com\/sl\/product\/buy-ketamine-liquid-online\/#breadcrumb"},"inLanguage":"en-US","potentialAction":[{"@type":"ReadAction","target":["https:\/\/gooddealersmeds.com\/sl\/product\/buy-ketamine-liquid-online\/"]}]},{"@type":"ImageObject","inLanguage":"en-US","@id":"https:\/\/gooddealersmeds.com\/sl\/product\/buy-ketamine-liquid-online\/#primaryimage","url":"https:\/\/gooddealersmeds.com\/sl\/wp-content\/uploads\/sites\/10\/2022\/03\/page_1_thumb_large.jpg","contentUrl":"https:\/\/gooddealersmeds.com\/sl\/wp-content\/uploads\/sites\/10\/2022\/03\/page_1_thumb_large.jpg","width":480,"height":360,"caption":"Buy Ketamine Liquid Online"},{"@type":"BreadcrumbList","@id":"https:\/\/gooddealersmeds.com\/sl\/product\/buy-ketamine-liquid-online\/#breadcrumb","itemListElement":[{"@type":"ListItem","position":1,"name":"Home","item":"https:\/\/gooddealersmeds.com\/sl\/"},{"@type":"ListItem","position":2,"name":"Izdelki","item":"https:\/\/gooddealersmeds.com\/sl\/izdelki\/"},{"@type":"ListItem","position":3,"name":"Kupite teko\u010di ketamin prek spleta"}]},{"@type":"WebSite","@id":"https:\/\/gooddealersmeds.com\/sl\/#website","url":"https:\/\/gooddealersmeds.com\/sl\/","name":"Good Dealers Meds","description":"All our best","publisher":{"@id":"https:\/\/gooddealersmeds.com\/sl\/#organization"},"potentialAction":[{"@type":"SearchAction","target":{"@type":"EntryPoint","urlTemplate":"https:\/\/gooddealersmeds.com\/sl\/?s={search_term_string}"},"query-input":{"@type":"PropertyValueSpecification","valueRequired":true,"valueName":"search_term_string"}}],"inLanguage":"en-US"},{"@type":"Organization","@id":"https:\/\/gooddealersmeds.com\/sl\/#organization","name":"Good Dealers Meds","url":"https:\/\/gooddealersmeds.com\/sl\/","logo":{"@type":"ImageObject","inLanguage":"en-US","@id":"https:\/\/gooddealersmeds.com\/sl\/#\/schema\/logo\/image\/","url":"https:\/\/gooddealersmeds.com\/sl\/wp-content\/uploads\/sites\/10\/2022\/03\/gooddealersmeds__logo__20220317T222800Z.00.png","contentUrl":"https:\/\/gooddealersmeds.com\/sl\/wp-content\/uploads\/sites\/10\/2022\/03\/gooddealersmeds__logo__20220317T222800Z.00.png","width":500,"height":325,"caption":"Good Dealers Meds"},"image":{"@id":"https:\/\/gooddealersmeds.com\/sl\/#\/schema\/logo\/image\/"}}]}},"_links":{"self":[{"href":"https:\/\/gooddealersmeds.com\/sl\/wp-json\/wp\/v2\/product\/1701","targetHints":{"allow":["GET"]}}],"collection":[{"href":"https:\/\/gooddealersmeds.com\/sl\/wp-json\/wp\/v2\/product"}],"about":[{"href":"https:\/\/gooddealersmeds.com\/sl\/wp-json\/wp\/v2\/types\/product"}],"replies":[{"embeddable":true,"href":"https:\/\/gooddealersmeds.com\/sl\/wp-json\/wp\/v2\/comments?post=1701"}],"wp:featuredmedia":[{"embeddable":true,"href":"https:\/\/gooddealersmeds.com\/sl\/wp-json\/wp\/v2\/media\/1866"}],"wp:attachment":[{"href":"https:\/\/gooddealersmeds.com\/sl\/wp-json\/wp\/v2\/media?parent=1701"}],"wp:term":[{"taxonomy":"product_brand","embeddable":true,"href":"https:\/\/gooddealersmeds.com\/sl\/wp-json\/wp\/v2\/product_brand?post=1701"},{"taxonomy":"product_cat","embeddable":true,"href":"https:\/\/gooddealersmeds.com\/sl\/wp-json\/wp\/v2\/product_cat?post=1701"},{"taxonomy":"product_tag","embeddable":true,"href":"https:\/\/gooddealersmeds.com\/sl\/wp-json\/wp\/v2\/product_tag?post=1701"}],"curies":[{"name":"wp","href":"https:\/\/api.w.org\/{rel}","templated":true}]}}