{"id":1689,"date":"2022-03-19T01:19:42","date_gmt":"2022-03-19T01:19:42","guid":{"rendered":"https:\/\/gooddealersmeds.com\/sl\/?post_type=product&#038;p=1689"},"modified":"2022-10-04T00:42:58","modified_gmt":"2022-10-04T00:42:58","slug":"buy-cocaine-online","status":"publish","type":"product","link":"https:\/\/gooddealersmeds.com\/sl\/product\/buy-cocaine-online\/","title":{"rendered":"Kupite kokain na spletu"},"content":{"rendered":"<p>Stranke iz vse Evrope lahko na na\u0161em spletnem mestu kupijo kokain na recept z ali brez njega. Kokain je bel prah. Je stimulans centralnega \u017eiv\u010dnega sistema, ki povzro\u010di spro\u0161\u010danje visokih ravni dopamina. Mo\u017egani nas &#8216;nagradijo&#8217; za vedenje, ki nam izbolj\u0161uje \u017eivljenje, s spro\u0161\u010danjem poplave prijetnih nevrokemikalij.<\/p>\n<p>Kokain je bel prah grenkega, omamljejo\u010dega okusa. Na voljo je v treh glavnih oblikah: kokain hidroklorid, prosta baza in crack. Lahko ga v\u0161mrkavate v nos ali zme\u0161ate z vodo in vbrizgate z iglo. Lahko ga tudi vbrizgamo, vtremo v dlesni ali dodamo hrani in pija\u010di. Kokain je mogo\u010de narediti tudi v majhne bele kamen\u010dke, imenovane crack. Crack se kadi v majhni stekleni pipi.<\/p>\n<p>Pospe\u0161i celotno telo. Morda se boste po\u010dutili polni energije, sre\u010dni in navdu\u0161eni. Toda potem se lahko va\u0161e razpolo\u017eenje spremeni. Lahko postanete jezni, nervozni in se bojite, da vas bo nekdo dobil. Kokain pove\u010da sr\u010dni utrip, dihanje in krvni tlak. Vzpon je hiter, vodi v evforijo in ob\u010dutek mo\u010di in intelektualne mo\u010di. Kokain lahko posnema pove\u010dano budnost, zavira ob\u010dutek utrujenosti in fizi\u010dnega \u0161oka. Morda po\u010dnete stvari, ki nimajo smisla. Ko &#8220;visok&#8221; u\u010dinek mine, se lahko &#8220;zru\u0161ite&#8221; in se ve\u010d dni po\u010dutite utrujeni in \u017ealostni. Dobite tudi mo\u010dno \u017eeljo po ponovnem zau\u017eitju droge, da bi se po\u010dutili bolje.<\/p>\n<p>To je mo\u010dno zasvojljivo stimulativno zdravilo, narejeno iz listov rastline koke, ki izvira iz Ju\u017ene Amerike. \u010ceprav ga ponudniki zdravstvenih storitev lahko uporabljajo za veljavne medicinske namene, kot je lokalna anestezija pri nekaterih operacijah, je kokain prepovedana droga. Zlahka je izgubiti nadzor nad uporabo in postati zasvojen. Potem, tudi \u010de dobite zdravljenje, je te\u017eko ostati brez zdravila. Ljudje, ki so prenehali u\u017eivati \u200b\u200bkokain, lahko \u0161e vedno \u010dutijo mo\u010dno \u017eeljo po drogi, v\u010dasih celo leta kasneje.<\/p>\n<p>Kokain lahko kupite na spletu pri na\u0161em <a href=\"https:\/\/gooddealersmeds.com\/sl\/products\/\">trgovina<\/a> z varno dostavo po vsej Evropi.<\/p>\n<p>&nbsp;<\/p>\n","protected":false},"excerpt":{"rendered":"<p>Kupite kokain prek spleta v na\u0161i trgovini zdaj, to je po\u017eivilo, pridobljeno iz listov Erythroxylon coca Lam, vrste rastline koka, ki se goji v andski regiji Ju\u017ene Amerike. Lahko se zau\u017eije v obliki kokaina v prahu, ki se obi\u010dajno vdihava ali vbrizga. Lahko se u\u017eiva tudi v obliki crack kokaina, ki se obi\u010dajno kadi, in v obliki paste, ki se prav tako kadi.<\/p>\n","protected":false},"featured_media":1700,"comment_status":"open","ping_status":"closed","template":"","meta":{"inline_featured_image":false},"product_brand":[],"product_cat":[343],"product_tag":[244,245,246,247,252,253,254,255,256,259,589,260,592,590,241,257,248,249,250,251,258,242,243,261,591,262,263],"class_list":{"0":"post-1689","1":"product","2":"type-product","3":"status-publish","4":"has-post-thumbnail","6":"product_cat-drugi","7":"product_tag-buy-dmt-online","8":"product_tag-buy-lysergic-acid-diethylamide","9":"product_tag-buy-malabar-magic-mushrooms","10":"product_tag-buy-mazatapec-magic-mushroom","11":"product_tag-buy-psilocybe-mexicana-online","12":"product_tag-buy-psilocybe-stuntzil-online","13":"product_tag-buy-psilocybe-tempensis-online","14":"product_tag-buy-psilocybe-weilii-online","15":"product_tag-buy-sea-salt-dark-chocolate","16":"product_tag-cherry-lime-gummy-bears","17":"product_tag-cocaine-for-sale","18":"product_tag-cookies-and-cream-chocolate","19":"product_tag-kako-diskretno-kupiti-kokain","20":"product_tag-kje-kupiti-kokain","21":"product_tag-kupi-albino-p-e-gobe","22":"product_tag-buy-transkei-magic-gob","23":"product_tag-buy-metamfetamin-na-vranici","24":"product_tag-buy-panaeolus-cyanescens-online","25":"product_tag-buy-psilocybe-azurenscens-online","26":"product_tag-buy-psilocybe-mckennaii-online","27":"product_tag-buy-variety-pack-online","28":"product_tag-buy-berry-sour-zvezdice","29":"product_tag-buy-cocaine-online","30":"product_tag-mastermind-dark-chocolate-bars","31":"product_tag-isti-kokain-naroi-spletno","32":"product_tag-penis-zavist-arobna-goba","33":"product_tag-top-lsd-prodam","34":"pa_grams-1-kg-1000-g","35":"pa_grams-10-g","36":"pa_grams-100-g","37":"pa_grams-20-g","38":"pa_grams-200-g","39":"pa_grams-35-g","40":"pa_grams-50-g","41":"pa_grams-500-g","43":"first","44":"instock","45":"featured","46":"shipping-taxable","47":"purchasable","48":"product-type-variable","49":"has-default-attributes"},"yoast_head":"<!-- This site is optimized with the Yoast SEO Premium plugin v20.6 (Yoast SEO v27.3) - https:\/\/yoast.com\/product\/yoast-seo-premium-wordpress\/ -->\n<title>Kupite kokain na spletu \u2013 Kokain naprodaj | Good Dealers Meds<\/title>\n<meta name=\"description\" content=\"Kupite kokain prek spleta v na\u0161i trgovini zdaj, je po\u017eivilo, pridobljeno iz listov Erythroxylon coca Lam, vrste rastline koka.\" \/>\n<meta name=\"robots\" content=\"index, follow, max-snippet:-1, max-image-preview:large, max-video-preview:-1\" \/>\n<link rel=\"canonical\" href=\"https:\/\/gooddealersmeds.com\/sl\/product\/buy-cocaine-online\/\" \/>\n<meta property=\"og:locale\" content=\"en_US\" \/>\n<meta property=\"og:type\" content=\"article\" \/>\n<meta property=\"og:title\" content=\"Kupite kokain na spletu\" \/>\n<meta property=\"og:description\" content=\"Kupite kokain prek spleta v na\u0161i trgovini zdaj, je po\u017eivilo, pridobljeno iz listov Erythroxylon coca Lam, vrste rastline koka.\" \/>\n<meta property=\"og:url\" content=\"https:\/\/gooddealersmeds.com\/sl\/product\/buy-cocaine-online\/\" \/>\n<meta property=\"og:site_name\" content=\"Good Dealers Meds\" \/>\n<meta property=\"article:modified_time\" content=\"2022-10-04T00:42:58+00:00\" \/>\n<meta property=\"og:image\" content=\"https:\/\/gooddealersmeds.com\/sl\/wp-content\/uploads\/sites\/10\/2022\/03\/8097e257-2271-4a0c-9aeb-1705fa7333e8.jpg\" \/>\n\t<meta property=\"og:image:width\" content=\"687\" \/>\n\t<meta property=\"og:image:height\" content=\"687\" \/>\n\t<meta property=\"og:image:type\" content=\"image\/jpeg\" \/>\n<meta name=\"twitter:card\" content=\"summary_large_image\" \/>\n<meta name=\"twitter:label1\" content=\"Est. reading time\" \/>\n\t<meta name=\"twitter:data1\" content=\"2 minutes\" \/>\n<script type=\"application\/ld+json\" class=\"yoast-schema-graph\">{\"@context\":\"https:\\\/\\\/schema.org\",\"@graph\":[{\"@type\":\"WebPage\",\"@id\":\"https:\\\/\\\/gooddealersmeds.com\\\/sl\\\/product\\\/buy-cocaine-online\\\/\",\"url\":\"https:\\\/\\\/gooddealersmeds.com\\\/sl\\\/product\\\/buy-cocaine-online\\\/\",\"name\":\"Kupite kokain na spletu \u2013 Kokain naprodaj | Good Dealers Meds\",\"isPartOf\":{\"@id\":\"https:\\\/\\\/gooddealersmeds.com\\\/sl\\\/#website\"},\"primaryImageOfPage\":{\"@id\":\"https:\\\/\\\/gooddealersmeds.com\\\/sl\\\/product\\\/buy-cocaine-online\\\/#primaryimage\"},\"image\":{\"@id\":\"https:\\\/\\\/gooddealersmeds.com\\\/sl\\\/product\\\/buy-cocaine-online\\\/#primaryimage\"},\"thumbnailUrl\":\"https:\\\/\\\/gooddealersmeds.com\\\/sl\\\/wp-content\\\/uploads\\\/sites\\\/10\\\/2022\\\/03\\\/8097e257-2271-4a0c-9aeb-1705fa7333e8.jpg\",\"datePublished\":\"2022-03-19T01:19:42+00:00\",\"dateModified\":\"2022-10-04T00:42:58+00:00\",\"description\":\"Kupite kokain prek spleta v na\u0161i trgovini zdaj, je po\u017eivilo, pridobljeno iz listov Erythroxylon coca Lam, vrste rastline koka.\",\"breadcrumb\":{\"@id\":\"https:\\\/\\\/gooddealersmeds.com\\\/sl\\\/product\\\/buy-cocaine-online\\\/#breadcrumb\"},\"inLanguage\":\"en-US\",\"potentialAction\":[{\"@type\":\"ReadAction\",\"target\":[\"https:\\\/\\\/gooddealersmeds.com\\\/sl\\\/product\\\/buy-cocaine-online\\\/\"]}]},{\"@type\":\"ImageObject\",\"inLanguage\":\"en-US\",\"@id\":\"https:\\\/\\\/gooddealersmeds.com\\\/sl\\\/product\\\/buy-cocaine-online\\\/#primaryimage\",\"url\":\"https:\\\/\\\/gooddealersmeds.com\\\/sl\\\/wp-content\\\/uploads\\\/sites\\\/10\\\/2022\\\/03\\\/8097e257-2271-4a0c-9aeb-1705fa7333e8.jpg\",\"contentUrl\":\"https:\\\/\\\/gooddealersmeds.com\\\/sl\\\/wp-content\\\/uploads\\\/sites\\\/10\\\/2022\\\/03\\\/8097e257-2271-4a0c-9aeb-1705fa7333e8.jpg\",\"width\":687,\"height\":687,\"caption\":\"Buy Cocaine Online\"},{\"@type\":\"BreadcrumbList\",\"@id\":\"https:\\\/\\\/gooddealersmeds.com\\\/sl\\\/product\\\/buy-cocaine-online\\\/#breadcrumb\",\"itemListElement\":[{\"@type\":\"ListItem\",\"position\":1,\"name\":\"Home\",\"item\":\"https:\\\/\\\/gooddealersmeds.com\\\/sl\\\/\"},{\"@type\":\"ListItem\",\"position\":2,\"name\":\"Izdelki\",\"item\":\"https:\\\/\\\/gooddealersmeds.com\\\/sl\\\/izdelki\\\/\"},{\"@type\":\"ListItem\",\"position\":3,\"name\":\"Kupite kokain na spletu\"}]},{\"@type\":\"WebSite\",\"@id\":\"https:\\\/\\\/gooddealersmeds.com\\\/sl\\\/#website\",\"url\":\"https:\\\/\\\/gooddealersmeds.com\\\/sl\\\/\",\"name\":\"Good Dealers Meds\",\"description\":\"All our best\",\"publisher\":{\"@id\":\"https:\\\/\\\/gooddealersmeds.com\\\/sl\\\/#organization\"},\"potentialAction\":[{\"@type\":\"SearchAction\",\"target\":{\"@type\":\"EntryPoint\",\"urlTemplate\":\"https:\\\/\\\/gooddealersmeds.com\\\/sl\\\/?s={search_term_string}\"},\"query-input\":{\"@type\":\"PropertyValueSpecification\",\"valueRequired\":true,\"valueName\":\"search_term_string\"}}],\"inLanguage\":\"en-US\"},{\"@type\":\"Organization\",\"@id\":\"https:\\\/\\\/gooddealersmeds.com\\\/sl\\\/#organization\",\"name\":\"Good Dealers Meds\",\"url\":\"https:\\\/\\\/gooddealersmeds.com\\\/sl\\\/\",\"logo\":{\"@type\":\"ImageObject\",\"inLanguage\":\"en-US\",\"@id\":\"https:\\\/\\\/gooddealersmeds.com\\\/sl\\\/#\\\/schema\\\/logo\\\/image\\\/\",\"url\":\"https:\\\/\\\/gooddealersmeds.com\\\/sl\\\/wp-content\\\/uploads\\\/sites\\\/10\\\/2022\\\/03\\\/gooddealersmeds__logo__20220317T222800Z.00.png\",\"contentUrl\":\"https:\\\/\\\/gooddealersmeds.com\\\/sl\\\/wp-content\\\/uploads\\\/sites\\\/10\\\/2022\\\/03\\\/gooddealersmeds__logo__20220317T222800Z.00.png\",\"width\":500,\"height\":325,\"caption\":\"Good Dealers Meds\"},\"image\":{\"@id\":\"https:\\\/\\\/gooddealersmeds.com\\\/sl\\\/#\\\/schema\\\/logo\\\/image\\\/\"}}]}<\/script>\n<!-- \/ Yoast SEO Premium plugin. -->","yoast_head_json":{"title":"Kupite kokain na spletu \u2013 Kokain naprodaj | Good Dealers Meds","description":"Kupite kokain prek spleta v na\u0161i trgovini zdaj, je po\u017eivilo, pridobljeno iz listov Erythroxylon coca Lam, vrste rastline koka.","robots":{"index":"index","follow":"follow","max-snippet":"max-snippet:-1","max-image-preview":"max-image-preview:large","max-video-preview":"max-video-preview:-1"},"canonical":"https:\/\/gooddealersmeds.com\/sl\/product\/buy-cocaine-online\/","og_locale":"en_US","og_type":"article","og_title":"Kupite kokain na spletu","og_description":"Kupite kokain prek spleta v na\u0161i trgovini zdaj, je po\u017eivilo, pridobljeno iz listov Erythroxylon coca Lam, vrste rastline koka.","og_url":"https:\/\/gooddealersmeds.com\/sl\/product\/buy-cocaine-online\/","og_site_name":"Good Dealers Meds","article_modified_time":"2022-10-04T00:42:58+00:00","og_image":[{"width":687,"height":687,"url":"https:\/\/gooddealersmeds.com\/sl\/wp-content\/uploads\/sites\/10\/2022\/03\/8097e257-2271-4a0c-9aeb-1705fa7333e8.jpg","type":"image\/jpeg"}],"twitter_card":"summary_large_image","twitter_misc":{"Est. reading time":"2 minutes"},"schema":{"@context":"https:\/\/schema.org","@graph":[{"@type":"WebPage","@id":"https:\/\/gooddealersmeds.com\/sl\/product\/buy-cocaine-online\/","url":"https:\/\/gooddealersmeds.com\/sl\/product\/buy-cocaine-online\/","name":"Kupite kokain na spletu \u2013 Kokain naprodaj | Good Dealers Meds","isPartOf":{"@id":"https:\/\/gooddealersmeds.com\/sl\/#website"},"primaryImageOfPage":{"@id":"https:\/\/gooddealersmeds.com\/sl\/product\/buy-cocaine-online\/#primaryimage"},"image":{"@id":"https:\/\/gooddealersmeds.com\/sl\/product\/buy-cocaine-online\/#primaryimage"},"thumbnailUrl":"https:\/\/gooddealersmeds.com\/sl\/wp-content\/uploads\/sites\/10\/2022\/03\/8097e257-2271-4a0c-9aeb-1705fa7333e8.jpg","datePublished":"2022-03-19T01:19:42+00:00","dateModified":"2022-10-04T00:42:58+00:00","description":"Kupite kokain prek spleta v na\u0161i trgovini zdaj, je po\u017eivilo, pridobljeno iz listov Erythroxylon coca Lam, vrste rastline koka.","breadcrumb":{"@id":"https:\/\/gooddealersmeds.com\/sl\/product\/buy-cocaine-online\/#breadcrumb"},"inLanguage":"en-US","potentialAction":[{"@type":"ReadAction","target":["https:\/\/gooddealersmeds.com\/sl\/product\/buy-cocaine-online\/"]}]},{"@type":"ImageObject","inLanguage":"en-US","@id":"https:\/\/gooddealersmeds.com\/sl\/product\/buy-cocaine-online\/#primaryimage","url":"https:\/\/gooddealersmeds.com\/sl\/wp-content\/uploads\/sites\/10\/2022\/03\/8097e257-2271-4a0c-9aeb-1705fa7333e8.jpg","contentUrl":"https:\/\/gooddealersmeds.com\/sl\/wp-content\/uploads\/sites\/10\/2022\/03\/8097e257-2271-4a0c-9aeb-1705fa7333e8.jpg","width":687,"height":687,"caption":"Buy Cocaine Online"},{"@type":"BreadcrumbList","@id":"https:\/\/gooddealersmeds.com\/sl\/product\/buy-cocaine-online\/#breadcrumb","itemListElement":[{"@type":"ListItem","position":1,"name":"Home","item":"https:\/\/gooddealersmeds.com\/sl\/"},{"@type":"ListItem","position":2,"name":"Izdelki","item":"https:\/\/gooddealersmeds.com\/sl\/izdelki\/"},{"@type":"ListItem","position":3,"name":"Kupite kokain na spletu"}]},{"@type":"WebSite","@id":"https:\/\/gooddealersmeds.com\/sl\/#website","url":"https:\/\/gooddealersmeds.com\/sl\/","name":"Good Dealers Meds","description":"All our best","publisher":{"@id":"https:\/\/gooddealersmeds.com\/sl\/#organization"},"potentialAction":[{"@type":"SearchAction","target":{"@type":"EntryPoint","urlTemplate":"https:\/\/gooddealersmeds.com\/sl\/?s={search_term_string}"},"query-input":{"@type":"PropertyValueSpecification","valueRequired":true,"valueName":"search_term_string"}}],"inLanguage":"en-US"},{"@type":"Organization","@id":"https:\/\/gooddealersmeds.com\/sl\/#organization","name":"Good Dealers Meds","url":"https:\/\/gooddealersmeds.com\/sl\/","logo":{"@type":"ImageObject","inLanguage":"en-US","@id":"https:\/\/gooddealersmeds.com\/sl\/#\/schema\/logo\/image\/","url":"https:\/\/gooddealersmeds.com\/sl\/wp-content\/uploads\/sites\/10\/2022\/03\/gooddealersmeds__logo__20220317T222800Z.00.png","contentUrl":"https:\/\/gooddealersmeds.com\/sl\/wp-content\/uploads\/sites\/10\/2022\/03\/gooddealersmeds__logo__20220317T222800Z.00.png","width":500,"height":325,"caption":"Good Dealers Meds"},"image":{"@id":"https:\/\/gooddealersmeds.com\/sl\/#\/schema\/logo\/image\/"}}]}},"_links":{"self":[{"href":"https:\/\/gooddealersmeds.com\/sl\/wp-json\/wp\/v2\/product\/1689","targetHints":{"allow":["GET"]}}],"collection":[{"href":"https:\/\/gooddealersmeds.com\/sl\/wp-json\/wp\/v2\/product"}],"about":[{"href":"https:\/\/gooddealersmeds.com\/sl\/wp-json\/wp\/v2\/types\/product"}],"replies":[{"embeddable":true,"href":"https:\/\/gooddealersmeds.com\/sl\/wp-json\/wp\/v2\/comments?post=1689"}],"wp:featuredmedia":[{"embeddable":true,"href":"https:\/\/gooddealersmeds.com\/sl\/wp-json\/wp\/v2\/media\/1700"}],"wp:attachment":[{"href":"https:\/\/gooddealersmeds.com\/sl\/wp-json\/wp\/v2\/media?parent=1689"}],"wp:term":[{"taxonomy":"product_brand","embeddable":true,"href":"https:\/\/gooddealersmeds.com\/sl\/wp-json\/wp\/v2\/product_brand?post=1689"},{"taxonomy":"product_cat","embeddable":true,"href":"https:\/\/gooddealersmeds.com\/sl\/wp-json\/wp\/v2\/product_cat?post=1689"},{"taxonomy":"product_tag","embeddable":true,"href":"https:\/\/gooddealersmeds.com\/sl\/wp-json\/wp\/v2\/product_tag?post=1689"}],"curies":[{"name":"wp","href":"https:\/\/api.w.org\/{rel}","templated":true}]}}