{"id":1667,"date":"2022-03-19T01:05:58","date_gmt":"2022-03-19T01:05:58","guid":{"rendered":"https:\/\/gooddealersmeds.com\/sl\/?post_type=product&#038;p=1667"},"modified":"2022-10-04T00:43:11","modified_gmt":"2022-10-04T00:43:11","slug":"buy-white-heroin-100-pure-online","status":"publish","type":"product","link":"https:\/\/gooddealersmeds.com\/sl\/product\/buy-white-heroin-100-pure-online\/","title":{"rendered":"Kupite 100% \u010disti beli heroin na spletu"},"content":{"rendered":"<h1>Kupite White Heroin 100 % Pure na spletu<\/h1>\n<p>Kupite White Heroine 100 % Chees na spletu pri na\u0161em <a href=\"https:\/\/gooddealersmeds.com\/sl\/products\/\"><span>spletna trgovina<\/span><\/a>. Heroin je bel ali rjav prah ali \u010drna lepljiva goja. Je\u00a0<span style=\"color: #333333\"><a id=\"anch_43\" style=\"color: #333333\" href=\"https:\/\/medlineplus.gov\/opioidmisuseandaddiction.html\">opioidno zdravilo<\/a> <\/span>\u00a0izdelan iz morfija, naravne snovi v semenu azijske rastline mak. Lahko se zme\u0161a z vodo in vbrizga z iglo. Heroin lahko tudi kadite ali njuhate v nos. Vsi ti na\u010dini u\u017eivanja heroina ga zelo hitro po\u0161ljejo v mo\u017egane. Zaradi tega je zelo zasvojljiv. Buy White Heroin Online.<\/p>\n<p>Du\u0161evne posledice lahko vklju\u010dujejo mo\u010dan ob\u010dutek evforije, spolno vznemirjenje, izgubo povezave z realnostjo ali bes. Fizi\u010dni simptomi lahko vklju\u010dujejo hitro bitje srca, potenje in velike jate. Kupite kokain prek spleta.<\/p>\n<p>Vse izdelke po\u0161iljamo neposredno iz na\u0161ega skladi\u0161\u010da prek diskretne slu\u017ebe po\u0161iljanja. Iz varnostnih razlogov boste na\u0161 najbolj\u0161i kokain prejeli v embala\u017ei za zdravila\/hrano ali kozarcih. Odvisno od te\u017ee in razpolo\u017eljivosti embala\u017enih materialov.<\/p>\n<p>Ker je beli heroin v prahu zlahka topen v vodi, ve\u010dina u\u017eivalcev heroina u\u017eiva drogo. Nekateri ga povohajo. Obi\u010dajno se ga ne kadi, ker gori pri veliko vi\u0161ji temperaturi kot druge oblike heroina.<\/p>\n<p>Beli heroin v prahu v\u010dasih di\u0161i po kisu in je grenkega okusa. Fini bel prah je zlahka zamenjati s kokainom.<\/p>\n<p>&nbsp;<\/p>\n<pre><strong>Kupite beli heroin 100 % \u010dist na spletu - kupite beli heroin, kupite beli heroin 100 % \u010dist, kupite Beli heroin 100% na spletu, Kje kupiti beli heroin 100% \u010disti, beli heroin 100% \u010disti za prodajo, beli heroin 100% \u010disti za prodajo, kupite beli heroin na spletu, kje kupiti beli heroin 100% \u010disti na spletu, beli heroin 100% \u010disti za prodajo v ZDA, ZDA, Kanada, Zdru\u017eeno kraljestvo, nakup, na spletu, dobavitelji, varna dostava, \u0160e vedno lahko dobite beli heroin 100 % \u010dist, Ali je beli heroin 100 % \u010dist legalen v ZDA, kupite beli heroin 100 % \u010dist na spletu v ZDA, kako naro\u010diti beli heroin 100 % pure , Ali je beli heroin 100 % pure zakonit v Kanadi<\/strong><\/pre>\n","protected":false},"excerpt":{"rendered":"<p>V teh dneh je nakup 100-odstotnega belega heroina na spletu postal zelo te\u017eak. Tukaj pa lahko na Buy Heroin Online najdete \u0161tevilne vrste heroina, ki so na voljo za prodajo z brezpla\u010dno dostavo za veleprodajna naro\u010dila.<\/p>\n","protected":false},"featured_media":1677,"comment_status":"open","ping_status":"closed","template":"","meta":{"inline_featured_image":false},"product_brand":[],"product_cat":[343],"product_tag":[104,232,226,225,235,230,105,109,236,237,234,228,231,227,107,108,229,233,106,110],"class_list":{"0":"post-1667","1":"product","2":"type-product","3":"status-publish","4":"has-post-thumbnail","6":"product_cat-drugi","7":"product_tag-ali","8":"product_tag-beli-heroin-100-ist-za-prodajo-v-zda","9":"product_tag-buy-white-heroin-100-pure","10":"product_tag-buy-white-heroin-100-pure-online-buy-white-heroin","11":"product_tag-buy-white-heroin-100-pure-online-usa","12":"product_tag-buy-white-heroin-online","13":"product_tag-canada","14":"product_tag-dobavitelji","15":"product_tag-how-to-order-white-heroin-100-pure","16":"product_tag-is-white-heroin-100-pure-legal-in-canada","17":"product_tag-is-white-heroin-100-pure-legal-in-usa","18":"product_tag-kje-kupiti-beli-heroin-100-ist","19":"product_tag-kje-kupiti-beli-heroin-100-pure-na-spletu","20":"product_tag-buy-white-heroin-100-online","21":"product_tag-kupiti","22":"product_tag-online","23":"product_tag-beli-heroin-100-ist-za-prodajo","24":"product_tag-e-vedno-lahko-dobite-beli-heroin-100-ist","25":"product_tag-uk","26":"product_tag-varna-dostava","27":"pa_grams-1-kg-1000-g","28":"pa_grams-10-g","29":"pa_grams-100-g","30":"pa_grams-20-g","31":"pa_grams-200-g","32":"pa_grams-35-g","33":"pa_grams-50-g","34":"pa_grams-500-g","36":"first","37":"instock","38":"featured","39":"shipping-taxable","40":"purchasable","41":"product-type-variable","42":"has-default-attributes"},"yoast_head":"<!-- This site is optimized with the Yoast SEO Premium plugin v20.6 (Yoast SEO v27.3) - https:\/\/yoast.com\/product\/yoast-seo-premium-wordpress\/ -->\n<title>Kupite beli heroin na spletu (100 % \u010dist) | Heroin za prodajo Good Dealers Meds<\/title>\n<meta name=\"description\" content=\"Dandanes je nakup 100-odstotnega belega heroina na spletu postal zelo te\u017eak. Toda tukaj na Buy Heroin Online lahko najdete veliko vrst heroina.\" \/>\n<meta name=\"robots\" content=\"index, follow, max-snippet:-1, max-image-preview:large, max-video-preview:-1\" \/>\n<link rel=\"canonical\" href=\"https:\/\/gooddealersmeds.com\/sl\/product\/buy-white-heroin-100-pure-online\/\" \/>\n<meta property=\"og:locale\" content=\"en_US\" \/>\n<meta property=\"og:type\" content=\"article\" \/>\n<meta property=\"og:title\" content=\"Kupite 100% \u010disti beli heroin na spletu\" \/>\n<meta property=\"og:description\" content=\"Dandanes je nakup 100-odstotnega belega heroina na spletu postal zelo te\u017eak. Toda tukaj na Buy Heroin Online lahko najdete veliko vrst heroina.\" \/>\n<meta property=\"og:url\" content=\"https:\/\/gooddealersmeds.com\/sl\/product\/buy-white-heroin-100-pure-online\/\" \/>\n<meta property=\"og:site_name\" content=\"Good Dealers Meds\" \/>\n<meta property=\"article:modified_time\" content=\"2022-10-04T00:43:11+00:00\" \/>\n<meta property=\"og:image\" content=\"https:\/\/gooddealersmeds.com\/sl\/wp-content\/uploads\/sites\/10\/2022\/03\/Buy-White-Heroin-100-pure-online.jpg\" \/>\n\t<meta property=\"og:image:width\" content=\"600\" \/>\n\t<meta property=\"og:image:height\" content=\"600\" \/>\n\t<meta property=\"og:image:type\" content=\"image\/jpeg\" \/>\n<meta name=\"twitter:card\" content=\"summary_large_image\" \/>\n<meta name=\"twitter:label1\" content=\"Est. reading time\" \/>\n\t<meta name=\"twitter:data1\" content=\"2 minutes\" \/>\n<script type=\"application\/ld+json\" class=\"yoast-schema-graph\">{\"@context\":\"https:\\\/\\\/schema.org\",\"@graph\":[{\"@type\":\"WebPage\",\"@id\":\"https:\\\/\\\/gooddealersmeds.com\\\/sl\\\/product\\\/buy-white-heroin-100-pure-online\\\/\",\"url\":\"https:\\\/\\\/gooddealersmeds.com\\\/sl\\\/product\\\/buy-white-heroin-100-pure-online\\\/\",\"name\":\"Kupite beli heroin na spletu (100 % \u010dist) | Heroin za prodajo Good Dealers Meds\",\"isPartOf\":{\"@id\":\"https:\\\/\\\/gooddealersmeds.com\\\/sl\\\/#website\"},\"primaryImageOfPage\":{\"@id\":\"https:\\\/\\\/gooddealersmeds.com\\\/sl\\\/product\\\/buy-white-heroin-100-pure-online\\\/#primaryimage\"},\"image\":{\"@id\":\"https:\\\/\\\/gooddealersmeds.com\\\/sl\\\/product\\\/buy-white-heroin-100-pure-online\\\/#primaryimage\"},\"thumbnailUrl\":\"https:\\\/\\\/gooddealersmeds.com\\\/sl\\\/wp-content\\\/uploads\\\/sites\\\/10\\\/2022\\\/03\\\/Buy-White-Heroin-100-pure-online.jpg\",\"datePublished\":\"2022-03-19T01:05:58+00:00\",\"dateModified\":\"2022-10-04T00:43:11+00:00\",\"description\":\"Dandanes je nakup 100-odstotnega belega heroina na spletu postal zelo te\u017eak. Toda tukaj na Buy Heroin Online lahko najdete veliko vrst heroina.\",\"breadcrumb\":{\"@id\":\"https:\\\/\\\/gooddealersmeds.com\\\/sl\\\/product\\\/buy-white-heroin-100-pure-online\\\/#breadcrumb\"},\"inLanguage\":\"en-US\",\"potentialAction\":[{\"@type\":\"ReadAction\",\"target\":[\"https:\\\/\\\/gooddealersmeds.com\\\/sl\\\/product\\\/buy-white-heroin-100-pure-online\\\/\"]}]},{\"@type\":\"ImageObject\",\"inLanguage\":\"en-US\",\"@id\":\"https:\\\/\\\/gooddealersmeds.com\\\/sl\\\/product\\\/buy-white-heroin-100-pure-online\\\/#primaryimage\",\"url\":\"https:\\\/\\\/gooddealersmeds.com\\\/sl\\\/wp-content\\\/uploads\\\/sites\\\/10\\\/2022\\\/03\\\/Buy-White-Heroin-100-pure-online.jpg\",\"contentUrl\":\"https:\\\/\\\/gooddealersmeds.com\\\/sl\\\/wp-content\\\/uploads\\\/sites\\\/10\\\/2022\\\/03\\\/Buy-White-Heroin-100-pure-online.jpg\",\"width\":600,\"height\":600,\"caption\":\"Buy White Heroin Online\"},{\"@type\":\"BreadcrumbList\",\"@id\":\"https:\\\/\\\/gooddealersmeds.com\\\/sl\\\/product\\\/buy-white-heroin-100-pure-online\\\/#breadcrumb\",\"itemListElement\":[{\"@type\":\"ListItem\",\"position\":1,\"name\":\"Home\",\"item\":\"https:\\\/\\\/gooddealersmeds.com\\\/sl\\\/\"},{\"@type\":\"ListItem\",\"position\":2,\"name\":\"Izdelki\",\"item\":\"https:\\\/\\\/gooddealersmeds.com\\\/sl\\\/izdelki\\\/\"},{\"@type\":\"ListItem\",\"position\":3,\"name\":\"Kupite 100% \u010disti beli heroin na spletu\"}]},{\"@type\":\"WebSite\",\"@id\":\"https:\\\/\\\/gooddealersmeds.com\\\/sl\\\/#website\",\"url\":\"https:\\\/\\\/gooddealersmeds.com\\\/sl\\\/\",\"name\":\"Good Dealers Meds\",\"description\":\"All our best\",\"publisher\":{\"@id\":\"https:\\\/\\\/gooddealersmeds.com\\\/sl\\\/#organization\"},\"potentialAction\":[{\"@type\":\"SearchAction\",\"target\":{\"@type\":\"EntryPoint\",\"urlTemplate\":\"https:\\\/\\\/gooddealersmeds.com\\\/sl\\\/?s={search_term_string}\"},\"query-input\":{\"@type\":\"PropertyValueSpecification\",\"valueRequired\":true,\"valueName\":\"search_term_string\"}}],\"inLanguage\":\"en-US\"},{\"@type\":\"Organization\",\"@id\":\"https:\\\/\\\/gooddealersmeds.com\\\/sl\\\/#organization\",\"name\":\"Good Dealers Meds\",\"url\":\"https:\\\/\\\/gooddealersmeds.com\\\/sl\\\/\",\"logo\":{\"@type\":\"ImageObject\",\"inLanguage\":\"en-US\",\"@id\":\"https:\\\/\\\/gooddealersmeds.com\\\/sl\\\/#\\\/schema\\\/logo\\\/image\\\/\",\"url\":\"https:\\\/\\\/gooddealersmeds.com\\\/sl\\\/wp-content\\\/uploads\\\/sites\\\/10\\\/2022\\\/03\\\/gooddealersmeds__logo__20220317T222800Z.00.png\",\"contentUrl\":\"https:\\\/\\\/gooddealersmeds.com\\\/sl\\\/wp-content\\\/uploads\\\/sites\\\/10\\\/2022\\\/03\\\/gooddealersmeds__logo__20220317T222800Z.00.png\",\"width\":500,\"height\":325,\"caption\":\"Good Dealers Meds\"},\"image\":{\"@id\":\"https:\\\/\\\/gooddealersmeds.com\\\/sl\\\/#\\\/schema\\\/logo\\\/image\\\/\"}}]}<\/script>\n<!-- \/ Yoast SEO Premium plugin. -->","yoast_head_json":{"title":"Kupite beli heroin na spletu (100 % \u010dist) | Heroin za prodajo Good Dealers Meds","description":"Dandanes je nakup 100-odstotnega belega heroina na spletu postal zelo te\u017eak. Toda tukaj na Buy Heroin Online lahko najdete veliko vrst heroina.","robots":{"index":"index","follow":"follow","max-snippet":"max-snippet:-1","max-image-preview":"max-image-preview:large","max-video-preview":"max-video-preview:-1"},"canonical":"https:\/\/gooddealersmeds.com\/sl\/product\/buy-white-heroin-100-pure-online\/","og_locale":"en_US","og_type":"article","og_title":"Kupite 100% \u010disti beli heroin na spletu","og_description":"Dandanes je nakup 100-odstotnega belega heroina na spletu postal zelo te\u017eak. Toda tukaj na Buy Heroin Online lahko najdete veliko vrst heroina.","og_url":"https:\/\/gooddealersmeds.com\/sl\/product\/buy-white-heroin-100-pure-online\/","og_site_name":"Good Dealers Meds","article_modified_time":"2022-10-04T00:43:11+00:00","og_image":[{"width":600,"height":600,"url":"https:\/\/gooddealersmeds.com\/sl\/wp-content\/uploads\/sites\/10\/2022\/03\/Buy-White-Heroin-100-pure-online.jpg","type":"image\/jpeg"}],"twitter_card":"summary_large_image","twitter_misc":{"Est. reading time":"2 minutes"},"schema":{"@context":"https:\/\/schema.org","@graph":[{"@type":"WebPage","@id":"https:\/\/gooddealersmeds.com\/sl\/product\/buy-white-heroin-100-pure-online\/","url":"https:\/\/gooddealersmeds.com\/sl\/product\/buy-white-heroin-100-pure-online\/","name":"Kupite beli heroin na spletu (100 % \u010dist) | Heroin za prodajo Good Dealers Meds","isPartOf":{"@id":"https:\/\/gooddealersmeds.com\/sl\/#website"},"primaryImageOfPage":{"@id":"https:\/\/gooddealersmeds.com\/sl\/product\/buy-white-heroin-100-pure-online\/#primaryimage"},"image":{"@id":"https:\/\/gooddealersmeds.com\/sl\/product\/buy-white-heroin-100-pure-online\/#primaryimage"},"thumbnailUrl":"https:\/\/gooddealersmeds.com\/sl\/wp-content\/uploads\/sites\/10\/2022\/03\/Buy-White-Heroin-100-pure-online.jpg","datePublished":"2022-03-19T01:05:58+00:00","dateModified":"2022-10-04T00:43:11+00:00","description":"Dandanes je nakup 100-odstotnega belega heroina na spletu postal zelo te\u017eak. Toda tukaj na Buy Heroin Online lahko najdete veliko vrst heroina.","breadcrumb":{"@id":"https:\/\/gooddealersmeds.com\/sl\/product\/buy-white-heroin-100-pure-online\/#breadcrumb"},"inLanguage":"en-US","potentialAction":[{"@type":"ReadAction","target":["https:\/\/gooddealersmeds.com\/sl\/product\/buy-white-heroin-100-pure-online\/"]}]},{"@type":"ImageObject","inLanguage":"en-US","@id":"https:\/\/gooddealersmeds.com\/sl\/product\/buy-white-heroin-100-pure-online\/#primaryimage","url":"https:\/\/gooddealersmeds.com\/sl\/wp-content\/uploads\/sites\/10\/2022\/03\/Buy-White-Heroin-100-pure-online.jpg","contentUrl":"https:\/\/gooddealersmeds.com\/sl\/wp-content\/uploads\/sites\/10\/2022\/03\/Buy-White-Heroin-100-pure-online.jpg","width":600,"height":600,"caption":"Buy White Heroin Online"},{"@type":"BreadcrumbList","@id":"https:\/\/gooddealersmeds.com\/sl\/product\/buy-white-heroin-100-pure-online\/#breadcrumb","itemListElement":[{"@type":"ListItem","position":1,"name":"Home","item":"https:\/\/gooddealersmeds.com\/sl\/"},{"@type":"ListItem","position":2,"name":"Izdelki","item":"https:\/\/gooddealersmeds.com\/sl\/izdelki\/"},{"@type":"ListItem","position":3,"name":"Kupite 100% \u010disti beli heroin na spletu"}]},{"@type":"WebSite","@id":"https:\/\/gooddealersmeds.com\/sl\/#website","url":"https:\/\/gooddealersmeds.com\/sl\/","name":"Good Dealers Meds","description":"All our best","publisher":{"@id":"https:\/\/gooddealersmeds.com\/sl\/#organization"},"potentialAction":[{"@type":"SearchAction","target":{"@type":"EntryPoint","urlTemplate":"https:\/\/gooddealersmeds.com\/sl\/?s={search_term_string}"},"query-input":{"@type":"PropertyValueSpecification","valueRequired":true,"valueName":"search_term_string"}}],"inLanguage":"en-US"},{"@type":"Organization","@id":"https:\/\/gooddealersmeds.com\/sl\/#organization","name":"Good Dealers Meds","url":"https:\/\/gooddealersmeds.com\/sl\/","logo":{"@type":"ImageObject","inLanguage":"en-US","@id":"https:\/\/gooddealersmeds.com\/sl\/#\/schema\/logo\/image\/","url":"https:\/\/gooddealersmeds.com\/sl\/wp-content\/uploads\/sites\/10\/2022\/03\/gooddealersmeds__logo__20220317T222800Z.00.png","contentUrl":"https:\/\/gooddealersmeds.com\/sl\/wp-content\/uploads\/sites\/10\/2022\/03\/gooddealersmeds__logo__20220317T222800Z.00.png","width":500,"height":325,"caption":"Good Dealers Meds"},"image":{"@id":"https:\/\/gooddealersmeds.com\/sl\/#\/schema\/logo\/image\/"}}]}},"_links":{"self":[{"href":"https:\/\/gooddealersmeds.com\/sl\/wp-json\/wp\/v2\/product\/1667","targetHints":{"allow":["GET"]}}],"collection":[{"href":"https:\/\/gooddealersmeds.com\/sl\/wp-json\/wp\/v2\/product"}],"about":[{"href":"https:\/\/gooddealersmeds.com\/sl\/wp-json\/wp\/v2\/types\/product"}],"replies":[{"embeddable":true,"href":"https:\/\/gooddealersmeds.com\/sl\/wp-json\/wp\/v2\/comments?post=1667"}],"wp:featuredmedia":[{"embeddable":true,"href":"https:\/\/gooddealersmeds.com\/sl\/wp-json\/wp\/v2\/media\/1677"}],"wp:attachment":[{"href":"https:\/\/gooddealersmeds.com\/sl\/wp-json\/wp\/v2\/media?parent=1667"}],"wp:term":[{"taxonomy":"product_brand","embeddable":true,"href":"https:\/\/gooddealersmeds.com\/sl\/wp-json\/wp\/v2\/product_brand?post=1667"},{"taxonomy":"product_cat","embeddable":true,"href":"https:\/\/gooddealersmeds.com\/sl\/wp-json\/wp\/v2\/product_cat?post=1667"},{"taxonomy":"product_tag","embeddable":true,"href":"https:\/\/gooddealersmeds.com\/sl\/wp-json\/wp\/v2\/product_tag?post=1667"}],"curies":[{"name":"wp","href":"https:\/\/api.w.org\/{rel}","templated":true}]}}