{"id":1657,"date":"2022-03-19T00:58:27","date_gmt":"2022-03-19T00:58:27","guid":{"rendered":"https:\/\/gooddealersmeds.com\/sl\/?post_type=product&#038;p=1657"},"modified":"2022-10-04T00:43:18","modified_gmt":"2022-10-04T00:43:18","slug":"narocite-kokain-v-prahu-na-spletu-98-8-cist","status":"publish","type":"product","link":"https:\/\/gooddealersmeds.com\/sl\/product\/narocite-kokain-v-prahu-na-spletu-98-8-cist\/","title":{"rendered":"Na spletu naro\u010dite kokain v prahu 98,8-odstotne \u010distosti"},"content":{"rendered":"<h1>Kupujte kokain v prahu prek spleta<\/h1>\n<p>Kupujte \u010disti kokain v prahu v spletu najbolj\u0161e kakovosti pri na\u0161em <a href=\"https:\/\/gooddealersmeds.com\/sl\/products\/\"><span style=\"color: #333333\">spletna trgovina<\/span><\/a>. Kokain v prahu je najpogostej\u0161a oblika kokaina. Zaradi tega je znan tudi kot uli\u010dna droga. Ta pra\u0161ek je narejen iz rastlin koke, ki jih ve\u010dinoma in pogosto najdemo v ju\u017enih dr\u017eavah.<\/p>\n<p>Je mo\u010dan stimulans, ki se uporablja pri zdravljenju \u0161tevilnih bolezni, saj deluje neposredno na osrednje mo\u017egane. Ta stimulans okrepi dolo\u010dene kemikalije v mo\u017eganih, da izvedejo nekaj \u017eelenih dejanj na \u010dlove\u0161kem organskem sistemu. Zaradi \u0161tevilnih lastnosti je po vsem svetu najve\u010dkrat uporabljena oblika kokaina.<\/p>\n<p>Kokain v prahu v primerjavi z drugo obliko kokaina<\/p>\n<p>Na\u010din uporabe kokaina v prahu<\/p>\n<p> Kokain v prahu ni koristen samo za \u010dlove\u0161ko telo. Je pa tudi manj \u0161kodljiv za zdravje ljudi, kar je klju\u010dna lastnost njegovega uspeha. Pogosto se uporablja z me\u0161anjem z drugimi predzdravili, kot je fentanil, smukec itd. Vendar je lahko \u0161kodljivo za zdravje ljudi, \u010de se uporablja z nepreverjenim me\u0161anjem s fentanilom.<\/p>\n<p>Zato ga je treba pri uporabi preveriti tako mo\u010dno predzdravilo. Obstaja veliko na\u010dinov, na katere ljudje uporabljajo to pra\u0161kasto njuhanje, kajenje v obliki cigaret ali z injiciranjem neposredno v veno. Na\u010din uporabe je odvisen od fizi\u010dnega in du\u0161evnega stanja \u010dloveka.<\/p>\n<p>Nekateri ljudje so ta pra\u0161ek uporabljali tudi tako, da so ga me\u0161ali z brezalkoholno pija\u010do, vendar je jemanje zelo nevarno.<\/p>\n<p>Medicinska uporaba kokaina v prahu<\/p>\n<p>Kokain v prahu pove\u010da tudi odzivnost \u010dlove\u0161kih mo\u017eganov s pove\u010danjem koli\u010dine kemikalije v njih. Zdravniki predpisujejo to zdravilo, ko imajo opravka z ljudmi, ki trpijo zaradi lenobe v gibanju in delovanju. Prodam kokain hidroklorid<\/p>\n<p>Prav tako ga uporabljajo zdravniki pri \u0161tevilnih kirur\u0161kih posegih za zmanj\u0161anje ob\u010dutka bole\u010dine. Njegova kratkotrajna uporaba je zelo koristna za ljudi, saj daje \u010dlove\u0161kemu umu ob\u010dutek sre\u010de in energije. Zaradi teh lastnosti je priljubljen med najrazli\u010dnej\u0161imi ljudmi na tem svetu.<\/p>\n<p>Kokain v prahu je na voljo in zlahka dostopen vsem na spletnem trgu. Tudi na\u0161a spletna trgovina ponuja ta edinstven puder po zelo ugodnih cenah. Zagotavljamo tudi najhitrej\u0161o dostavo izdelka na va\u0161 prag.<\/p>\n<p>&nbsp;<\/p>\n<p>&nbsp;<\/p>\n<pre><strong>Naro\u010dite kokain v prahu na spletu 98,8 % \u010distega - kupite kokain v prahu, kupite kokain v prahu na spletu 98,8 % \u010dist, kupite kokain v prahu na spletu, Kje kupiti kokain v prahu na spletu 98,8 % \u010dist, kokain v prahu na spletu 98,8 % \u010dist za prodajo, kokain v prahu na spletu 98,8 % \u010dist za prodajo, kupite kokain v prahu na spletu , kje kupiti kokain v prahu na spletu, kokain v prahu na spletu 98,8 % \u010distosti za prodajo v ZDA, ZDA, Kanada, Velika Britanija, nakup, na spletu, dobavitelji, varna dostava, \u0160e vedno lahko dobite kokain v prahu na spletu 98,8 % \u010distega, Je kokain v prahu na spletu 98,8 % \u010disto legalno v ZDA, kupite kokain v prahu na spletu 98,8 % \u010dist na spletu v ZDA, kako naro\u010diti kokain v prahu na spletu 98,8 % \u010dist, Ali je kokain v prahu na spletu 98,8 % \u010dist zakonit v Kanadi<\/strong><\/pre>\n","protected":false},"excerpt":{"rendered":"<p>Kupujte kokain v prahu prek spleta. Kupite kokain, kokain, crak kokain. \u010cisti bel prah, nerezan in rezan, je na voljo na zalogi. Pakiranje in po\u0161iljanje sta zelo diskretna in zaobideta vse po meri ali kazenski pregon. nakup kokaina na spletu, kokain za prodajo, zakonit kokain, nakup kokaina na spletu s kreditno kartico, kokain v prahu za prodajo.<\/p>\n","protected":false},"featured_media":1666,"comment_status":"open","ping_status":"closed","template":"","meta":{"inline_featured_image":false},"product_brand":[],"product_cat":[343],"product_tag":[105,109,222,223,220,217,215,218,216,214,213,221,107,219,212,108,110],"class_list":{"0":"post-1657","1":"product","2":"type-product","3":"status-publish","4":"has-post-thumbnail","6":"product_cat-drugi","7":"product_tag-canada","8":"product_tag-dobavitelji","9":"product_tag-how-to-order-powdered-cocaine-online-98-8-pure","10":"product_tag-is-powdered-cocaine-online-98-8-pure-legal-in-canada","11":"product_tag-is-powdered-cocaine-online-98-8-pure-legal-in-usa","12":"product_tag-kje-kupiti-kokain-v-prahu-na-spletu","13":"product_tag-kje-kupiti-kokain-v-prahu-na-spletu-98-8-ist","14":"product_tag-kokain-v-prahu-na-spletu-98-8-ist-za-prodajo-v-zda","15":"product_tag-kokain-v-prahu-na-spletu-98-8-ist-za-prodajo","16":"product_tag-buy-powdered-cocaine-online","17":"product_tag-buy-powdered-cocaine-online-98-8-pure","18":"product_tag-buy-powdered-cocaine-online-98-8-pure-online-usa","19":"product_tag-kupiti","20":"product_tag-lahko-e-vedno-dobi-kokain-v-prahu-na-spletu-98-8-ist","21":"product_tag-naroite-kokain-v-prahu-na-spletu-98-8-isti-kupi-kokain-v-prahu","22":"product_tag-online","23":"product_tag-varna-dostava","24":"pa_grams-1-kg-1000-g","25":"pa_grams-10-g","26":"pa_grams-100-g","27":"pa_grams-20-g","28":"pa_grams-200-g","29":"pa_grams-35-g","30":"pa_grams-50-g","31":"pa_grams-500-g","33":"first","34":"instock","35":"featured","36":"shipping-taxable","37":"purchasable","38":"product-type-variable","39":"has-default-attributes"},"yoast_head":"<!-- This site is optimized with the Yoast SEO Premium plugin v20.6 (Yoast SEO v27.3) - https:\/\/yoast.com\/product\/yoast-seo-premium-wordpress\/ -->\n<title>Kupite kokain v prahu na spletu (98,8 % \u010distega) | Good Dealers Meds<\/title>\n<meta name=\"description\" content=\"Kupite \u010disti kokain v prahu na spletu najbolj\u0161e kakovosti. Smo najbolj zanesljiv in najbolj diskreten ponudnik poceni crack kokaina na spletu.\" \/>\n<meta name=\"robots\" content=\"index, follow, max-snippet:-1, max-image-preview:large, max-video-preview:-1\" \/>\n<link rel=\"canonical\" href=\"https:\/\/gooddealersmeds.com\/sl\/product\/narocite-kokain-v-prahu-na-spletu-98-8-cist\/\" \/>\n<meta property=\"og:locale\" content=\"en_US\" \/>\n<meta property=\"og:type\" content=\"article\" \/>\n<meta property=\"og:title\" content=\"Na spletu naro\u010dite kokain v prahu 98,8-odstotne \u010distosti\" \/>\n<meta property=\"og:description\" content=\"Kupite \u010disti kokain v prahu na spletu najbolj\u0161e kakovosti. Smo najbolj zanesljiv in najbolj diskreten ponudnik poceni crack kokaina na spletu.\" \/>\n<meta property=\"og:url\" content=\"https:\/\/gooddealersmeds.com\/sl\/product\/narocite-kokain-v-prahu-na-spletu-98-8-cist\/\" \/>\n<meta property=\"og:site_name\" content=\"Good Dealers Meds\" \/>\n<meta property=\"article:modified_time\" content=\"2022-10-04T00:43:18+00:00\" \/>\n<meta property=\"og:image\" content=\"https:\/\/gooddealersmeds.com\/sl\/wp-content\/uploads\/sites\/10\/2022\/03\/coc.jpg\" \/>\n\t<meta property=\"og:image:width\" content=\"600\" \/>\n\t<meta property=\"og:image:height\" content=\"600\" \/>\n\t<meta property=\"og:image:type\" content=\"image\/jpeg\" \/>\n<meta name=\"twitter:card\" content=\"summary_large_image\" \/>\n<meta name=\"twitter:label1\" content=\"Est. reading time\" \/>\n\t<meta name=\"twitter:data1\" content=\"3 minutes\" \/>\n<script type=\"application\/ld+json\" class=\"yoast-schema-graph\">{\"@context\":\"https:\\\/\\\/schema.org\",\"@graph\":[{\"@type\":\"WebPage\",\"@id\":\"https:\\\/\\\/gooddealersmeds.com\\\/sl\\\/product\\\/narocite-kokain-v-prahu-na-spletu-98-8-cist\\\/\",\"url\":\"https:\\\/\\\/gooddealersmeds.com\\\/sl\\\/product\\\/narocite-kokain-v-prahu-na-spletu-98-8-cist\\\/\",\"name\":\"Kupite kokain v prahu na spletu (98,8 % \u010distega) | Good Dealers Meds\",\"isPartOf\":{\"@id\":\"https:\\\/\\\/gooddealersmeds.com\\\/sl\\\/#website\"},\"primaryImageOfPage\":{\"@id\":\"https:\\\/\\\/gooddealersmeds.com\\\/sl\\\/product\\\/narocite-kokain-v-prahu-na-spletu-98-8-cist\\\/#primaryimage\"},\"image\":{\"@id\":\"https:\\\/\\\/gooddealersmeds.com\\\/sl\\\/product\\\/narocite-kokain-v-prahu-na-spletu-98-8-cist\\\/#primaryimage\"},\"thumbnailUrl\":\"https:\\\/\\\/gooddealersmeds.com\\\/sl\\\/wp-content\\\/uploads\\\/sites\\\/10\\\/2022\\\/03\\\/coc.jpg\",\"datePublished\":\"2022-03-19T00:58:27+00:00\",\"dateModified\":\"2022-10-04T00:43:18+00:00\",\"description\":\"Kupite \u010disti kokain v prahu na spletu najbolj\u0161e kakovosti. Smo najbolj zanesljiv in najbolj diskreten ponudnik poceni crack kokaina na spletu.\",\"breadcrumb\":{\"@id\":\"https:\\\/\\\/gooddealersmeds.com\\\/sl\\\/product\\\/narocite-kokain-v-prahu-na-spletu-98-8-cist\\\/#breadcrumb\"},\"inLanguage\":\"en-US\",\"potentialAction\":[{\"@type\":\"ReadAction\",\"target\":[\"https:\\\/\\\/gooddealersmeds.com\\\/sl\\\/product\\\/narocite-kokain-v-prahu-na-spletu-98-8-cist\\\/\"]}]},{\"@type\":\"ImageObject\",\"inLanguage\":\"en-US\",\"@id\":\"https:\\\/\\\/gooddealersmeds.com\\\/sl\\\/product\\\/narocite-kokain-v-prahu-na-spletu-98-8-cist\\\/#primaryimage\",\"url\":\"https:\\\/\\\/gooddealersmeds.com\\\/sl\\\/wp-content\\\/uploads\\\/sites\\\/10\\\/2022\\\/03\\\/coc.jpg\",\"contentUrl\":\"https:\\\/\\\/gooddealersmeds.com\\\/sl\\\/wp-content\\\/uploads\\\/sites\\\/10\\\/2022\\\/03\\\/coc.jpg\",\"width\":600,\"height\":600,\"caption\":\"Buy Cocaine Powder Online\"},{\"@type\":\"BreadcrumbList\",\"@id\":\"https:\\\/\\\/gooddealersmeds.com\\\/sl\\\/product\\\/narocite-kokain-v-prahu-na-spletu-98-8-cist\\\/#breadcrumb\",\"itemListElement\":[{\"@type\":\"ListItem\",\"position\":1,\"name\":\"Home\",\"item\":\"https:\\\/\\\/gooddealersmeds.com\\\/sl\\\/\"},{\"@type\":\"ListItem\",\"position\":2,\"name\":\"Izdelki\",\"item\":\"https:\\\/\\\/gooddealersmeds.com\\\/sl\\\/izdelki\\\/\"},{\"@type\":\"ListItem\",\"position\":3,\"name\":\"Na spletu naro\u010dite kokain v prahu 98,8-odstotne \u010distosti\"}]},{\"@type\":\"WebSite\",\"@id\":\"https:\\\/\\\/gooddealersmeds.com\\\/sl\\\/#website\",\"url\":\"https:\\\/\\\/gooddealersmeds.com\\\/sl\\\/\",\"name\":\"Good Dealers Meds\",\"description\":\"All our best\",\"publisher\":{\"@id\":\"https:\\\/\\\/gooddealersmeds.com\\\/sl\\\/#organization\"},\"potentialAction\":[{\"@type\":\"SearchAction\",\"target\":{\"@type\":\"EntryPoint\",\"urlTemplate\":\"https:\\\/\\\/gooddealersmeds.com\\\/sl\\\/?s={search_term_string}\"},\"query-input\":{\"@type\":\"PropertyValueSpecification\",\"valueRequired\":true,\"valueName\":\"search_term_string\"}}],\"inLanguage\":\"en-US\"},{\"@type\":\"Organization\",\"@id\":\"https:\\\/\\\/gooddealersmeds.com\\\/sl\\\/#organization\",\"name\":\"Good Dealers Meds\",\"url\":\"https:\\\/\\\/gooddealersmeds.com\\\/sl\\\/\",\"logo\":{\"@type\":\"ImageObject\",\"inLanguage\":\"en-US\",\"@id\":\"https:\\\/\\\/gooddealersmeds.com\\\/sl\\\/#\\\/schema\\\/logo\\\/image\\\/\",\"url\":\"https:\\\/\\\/gooddealersmeds.com\\\/sl\\\/wp-content\\\/uploads\\\/sites\\\/10\\\/2022\\\/03\\\/gooddealersmeds__logo__20220317T222800Z.00.png\",\"contentUrl\":\"https:\\\/\\\/gooddealersmeds.com\\\/sl\\\/wp-content\\\/uploads\\\/sites\\\/10\\\/2022\\\/03\\\/gooddealersmeds__logo__20220317T222800Z.00.png\",\"width\":500,\"height\":325,\"caption\":\"Good Dealers Meds\"},\"image\":{\"@id\":\"https:\\\/\\\/gooddealersmeds.com\\\/sl\\\/#\\\/schema\\\/logo\\\/image\\\/\"}}]}<\/script>\n<!-- \/ Yoast SEO Premium plugin. -->","yoast_head_json":{"title":"Kupite kokain v prahu na spletu (98,8 % \u010distega) | Good Dealers Meds","description":"Kupite \u010disti kokain v prahu na spletu najbolj\u0161e kakovosti. Smo najbolj zanesljiv in najbolj diskreten ponudnik poceni crack kokaina na spletu.","robots":{"index":"index","follow":"follow","max-snippet":"max-snippet:-1","max-image-preview":"max-image-preview:large","max-video-preview":"max-video-preview:-1"},"canonical":"https:\/\/gooddealersmeds.com\/sl\/product\/narocite-kokain-v-prahu-na-spletu-98-8-cist\/","og_locale":"en_US","og_type":"article","og_title":"Na spletu naro\u010dite kokain v prahu 98,8-odstotne \u010distosti","og_description":"Kupite \u010disti kokain v prahu na spletu najbolj\u0161e kakovosti. Smo najbolj zanesljiv in najbolj diskreten ponudnik poceni crack kokaina na spletu.","og_url":"https:\/\/gooddealersmeds.com\/sl\/product\/narocite-kokain-v-prahu-na-spletu-98-8-cist\/","og_site_name":"Good Dealers Meds","article_modified_time":"2022-10-04T00:43:18+00:00","og_image":[{"width":600,"height":600,"url":"https:\/\/gooddealersmeds.com\/sl\/wp-content\/uploads\/sites\/10\/2022\/03\/coc.jpg","type":"image\/jpeg"}],"twitter_card":"summary_large_image","twitter_misc":{"Est. reading time":"3 minutes"},"schema":{"@context":"https:\/\/schema.org","@graph":[{"@type":"WebPage","@id":"https:\/\/gooddealersmeds.com\/sl\/product\/narocite-kokain-v-prahu-na-spletu-98-8-cist\/","url":"https:\/\/gooddealersmeds.com\/sl\/product\/narocite-kokain-v-prahu-na-spletu-98-8-cist\/","name":"Kupite kokain v prahu na spletu (98,8 % \u010distega) | Good Dealers Meds","isPartOf":{"@id":"https:\/\/gooddealersmeds.com\/sl\/#website"},"primaryImageOfPage":{"@id":"https:\/\/gooddealersmeds.com\/sl\/product\/narocite-kokain-v-prahu-na-spletu-98-8-cist\/#primaryimage"},"image":{"@id":"https:\/\/gooddealersmeds.com\/sl\/product\/narocite-kokain-v-prahu-na-spletu-98-8-cist\/#primaryimage"},"thumbnailUrl":"https:\/\/gooddealersmeds.com\/sl\/wp-content\/uploads\/sites\/10\/2022\/03\/coc.jpg","datePublished":"2022-03-19T00:58:27+00:00","dateModified":"2022-10-04T00:43:18+00:00","description":"Kupite \u010disti kokain v prahu na spletu najbolj\u0161e kakovosti. Smo najbolj zanesljiv in najbolj diskreten ponudnik poceni crack kokaina na spletu.","breadcrumb":{"@id":"https:\/\/gooddealersmeds.com\/sl\/product\/narocite-kokain-v-prahu-na-spletu-98-8-cist\/#breadcrumb"},"inLanguage":"en-US","potentialAction":[{"@type":"ReadAction","target":["https:\/\/gooddealersmeds.com\/sl\/product\/narocite-kokain-v-prahu-na-spletu-98-8-cist\/"]}]},{"@type":"ImageObject","inLanguage":"en-US","@id":"https:\/\/gooddealersmeds.com\/sl\/product\/narocite-kokain-v-prahu-na-spletu-98-8-cist\/#primaryimage","url":"https:\/\/gooddealersmeds.com\/sl\/wp-content\/uploads\/sites\/10\/2022\/03\/coc.jpg","contentUrl":"https:\/\/gooddealersmeds.com\/sl\/wp-content\/uploads\/sites\/10\/2022\/03\/coc.jpg","width":600,"height":600,"caption":"Buy Cocaine Powder Online"},{"@type":"BreadcrumbList","@id":"https:\/\/gooddealersmeds.com\/sl\/product\/narocite-kokain-v-prahu-na-spletu-98-8-cist\/#breadcrumb","itemListElement":[{"@type":"ListItem","position":1,"name":"Home","item":"https:\/\/gooddealersmeds.com\/sl\/"},{"@type":"ListItem","position":2,"name":"Izdelki","item":"https:\/\/gooddealersmeds.com\/sl\/izdelki\/"},{"@type":"ListItem","position":3,"name":"Na spletu naro\u010dite kokain v prahu 98,8-odstotne \u010distosti"}]},{"@type":"WebSite","@id":"https:\/\/gooddealersmeds.com\/sl\/#website","url":"https:\/\/gooddealersmeds.com\/sl\/","name":"Good Dealers Meds","description":"All our best","publisher":{"@id":"https:\/\/gooddealersmeds.com\/sl\/#organization"},"potentialAction":[{"@type":"SearchAction","target":{"@type":"EntryPoint","urlTemplate":"https:\/\/gooddealersmeds.com\/sl\/?s={search_term_string}"},"query-input":{"@type":"PropertyValueSpecification","valueRequired":true,"valueName":"search_term_string"}}],"inLanguage":"en-US"},{"@type":"Organization","@id":"https:\/\/gooddealersmeds.com\/sl\/#organization","name":"Good Dealers Meds","url":"https:\/\/gooddealersmeds.com\/sl\/","logo":{"@type":"ImageObject","inLanguage":"en-US","@id":"https:\/\/gooddealersmeds.com\/sl\/#\/schema\/logo\/image\/","url":"https:\/\/gooddealersmeds.com\/sl\/wp-content\/uploads\/sites\/10\/2022\/03\/gooddealersmeds__logo__20220317T222800Z.00.png","contentUrl":"https:\/\/gooddealersmeds.com\/sl\/wp-content\/uploads\/sites\/10\/2022\/03\/gooddealersmeds__logo__20220317T222800Z.00.png","width":500,"height":325,"caption":"Good Dealers Meds"},"image":{"@id":"https:\/\/gooddealersmeds.com\/sl\/#\/schema\/logo\/image\/"}}]}},"_links":{"self":[{"href":"https:\/\/gooddealersmeds.com\/sl\/wp-json\/wp\/v2\/product\/1657","targetHints":{"allow":["GET"]}}],"collection":[{"href":"https:\/\/gooddealersmeds.com\/sl\/wp-json\/wp\/v2\/product"}],"about":[{"href":"https:\/\/gooddealersmeds.com\/sl\/wp-json\/wp\/v2\/types\/product"}],"replies":[{"embeddable":true,"href":"https:\/\/gooddealersmeds.com\/sl\/wp-json\/wp\/v2\/comments?post=1657"}],"wp:featuredmedia":[{"embeddable":true,"href":"https:\/\/gooddealersmeds.com\/sl\/wp-json\/wp\/v2\/media\/1666"}],"wp:attachment":[{"href":"https:\/\/gooddealersmeds.com\/sl\/wp-json\/wp\/v2\/media?parent=1657"}],"wp:term":[{"taxonomy":"product_brand","embeddable":true,"href":"https:\/\/gooddealersmeds.com\/sl\/wp-json\/wp\/v2\/product_brand?post=1657"},{"taxonomy":"product_cat","embeddable":true,"href":"https:\/\/gooddealersmeds.com\/sl\/wp-json\/wp\/v2\/product_cat?post=1657"},{"taxonomy":"product_tag","embeddable":true,"href":"https:\/\/gooddealersmeds.com\/sl\/wp-json\/wp\/v2\/product_tag?post=1657"}],"curies":[{"name":"wp","href":"https:\/\/api.w.org\/{rel}","templated":true}]}}