{"id":1639,"date":"2022-03-19T00:39:57","date_gmt":"2022-03-19T00:39:57","guid":{"rendered":"https:\/\/gooddealersmeds.com\/sl\/?post_type=product&#038;p=1639"},"modified":"2022-10-04T00:43:25","modified_gmt":"2022-10-04T00:43:25","slug":"buy-fentanyl-powder-online","status":"publish","type":"product","link":"https:\/\/gooddealersmeds.com\/sl\/product\/buy-fentanyl-powder-online\/","title":{"rendered":"Kupite fentanil v prahu na spletu"},"content":{"rendered":"<h1><b>Kupite fentanil v prahu na spletu<br \/> <\/b><\/h1>\n<p><strong><em>Kupite fentanil v prahu na spletu<\/em><\/strong>; Fentanil je \u010dlan dru\u017eine predzdravil, znanih kot opioid. Ta pra\u0161ek se uporablja pri zdravljenju \u0161tevilnih bolezni. Najdemo ga v obliki tablet in prahu. Fentanil v prahu je sredstvo za laj\u0161anje bole\u010din, ki se uporablja za laj\u0161anje bole\u010din.<\/p>\n<p>Fentanil se uporablja tudi za zmanj\u0161anje ali odstranitev katere koli vrste bole\u010dine, tj. tudi kroni\u010dne bole\u010dine. Prvi\u010d so ga sintetizirali v \u0161estdesetih letih prej\u0161njega stoletja in je pri\u0161el na trg kot zdravilo. Potem so ga uporabljali za manj\u0161e namene. Toda v zadnjih letih se ne uporablja samo kot zdravilo, ampak v nekaterih primerih tudi kot droga.<\/p>\n<p>Fentanil v prahu pogosto primerjajo z najbolj znanim predzdravilom, ki je znano kot morfij. Je predzdravilo z zelo visokim potencialom, ki se uporablja in proizvaja \u0161e na medicinskem podro\u010dju.<\/p>\n<p>Fentanil v prahu je skoraj 50-100-krat mo\u010dnej\u0161e predzdravilo kot morfij. To je glavni razlog za njegov uspeh in uporabo v tako velikem obsegu.<\/p>\n<p>Fentanil v prahu deluje neposredno na mo\u017egane in popolnoma spremeni ob\u010dutek ob\u010dutka bole\u010dine. Trajno ali delno odstrani bole\u010dino iz telesa, odvisno od stanja bole\u010dine. Zaradi njegove visoke jakosti se obi\u010dajno uporablja za zdravljenje katere koli vrste bole\u010dine, od za\u010detne do kroni\u010dne.<\/p>\n<p>To je nekaj lastnosti, zaradi katerih mnogi zdravniki uporabljajo to predzdravilo pri zdravljenju. \u0160tevilna zdravila, ki se uporabljajo pri kirur\u0161kih posegih, vsebujejo dolo\u010den dele\u017e tega predzdravila za zmanj\u0161anje bole\u010dine po operaciji.<\/p>\n<p>Fentanil v prahu ni priljubljen le med zdravniki, ampak tudi med ljudmi, ki prihajajo v plesne bare in klubi. Ljudje uporabljajo to predzdravilo, da se sprostijo, ko so utrujeni od svojega dela in \u017eelijo u\u017eivati \u200b\u200bv \u017eivljenju.<\/p>\n<p>Sestavine, uporabljene za izdelavo tega predzdravila, imajo tudi nekatere lastnosti, ki so uporabne za dober spanec. Zaradi tega razloga je postal zelo priljubljen med ljudmi, ki se soo\u010dajo s te\u017eavami, kot je depresija.<\/p>\n<p>Fentanil v prahu je zlahka dostopen na spletnem trgu. Na\u0161a <span style=\"color: #333333\"><a style=\"color: #333333\" href=\"https:\/\/gooddealersmeds.com\/sl\/\">spletna trgovina<\/a><\/span> ponuja tudi s tem predzdravilom v obliki tablet in pra\u0161ka. Na\u0161a trgovina zagotavlja tudi dostavo izdelka v zelo kratkem \u010dasu na va\u0161 prag.<\/p>\n<p>&nbsp;<\/p>\n<p>&nbsp;<\/p>\n<pre><strong>Kupite fentanil v prahu Na spletu - kupite pra\u0161ek, kupite fentanil v prahu, kupite fentanil na spletu, kje kupiti fentanil v prahu, fentanil v prahu za prodajo, pra\u0161ek v prodaji, kupite pra\u0161ek v spletu, kje kupiti fentanil v prahu v spletu, fentanil v prahu za prodajo v ZDA, ZDA, Kanadi, uk, nakup, na spletu, dobavitelji, varna dostava, \u0161e vedno lahko dobite fentanil v prahu, ali je fentanil v prahu zakonit v ZDA, kupite fentanil v prahu na spletu v ZDA, kako naro\u010diti fentanil v prahu, ali je fentanil v prahu zakonit v Kanadi<\/strong><\/pre>\n","protected":false},"excerpt":{"rendered":"<p>Fentanil zdravi hudo, dolgotrajno bole\u010dino, ki je ni mogo\u010de nadzorovati z drugimi zdravili. To zdravilo je narkoti\u010dno sredstvo za laj\u0161anje bole\u010din.<br \/> Kupite vrhunski fentanil danes na spletu po zelo nizkih cenah pri Nudimo diskretno po\u0161iljanje in jamstvo za vra\u010dilo denarja.<\/p>\n<p>cena izdelka je: za gram<\/p>\n","protected":false},"featured_media":1648,"comment_status":"open","ping_status":"closed","template":"","meta":{"inline_featured_image":false},"product_brand":[],"product_cat":[347],"product_tag":[104,210,207,97,199,198,208,105,109,205,209,200,204,203,107,108,201,202,206,106,110],"class_list":{"0":"post-1639","1":"product","2":"type-product","3":"status-publish","4":"has-post-thumbnail","6":"product_cat-opioid-protiboleinsko","7":"product_tag-ali","8":"product_tag-is-fentanyl-powder-legal-in-canada","9":"product_tag-je-fentanil-prah-zakonit-v-zda","10":"product_tag-buy-fentanyl-online","11":"product_tag-buy-fentanyl-powder","12":"product_tag-buy-fentanyl-powder-online-buy-powder","13":"product_tag-buy-fentanyl-powder-online-usa","14":"product_tag-canada","15":"product_tag-dobavitelji","16":"product_tag-fentanil-praek-za-prodajo-v-zda","17":"product_tag-how-to-order-fentanyl-powder","18":"product_tag-kje-kupiti-fentanil-praek","19":"product_tag-kje-kupiti-fentanil-praek-na-spletu","20":"product_tag-buy-powder-online","21":"product_tag-kupiti","22":"product_tag-online","23":"product_tag-fentanil-v-prahu-za-prodajo","24":"product_tag-praek-za-prodajo","25":"product_tag-fentanil-praek-e-lahko-dobite","26":"product_tag-uk","27":"product_tag-varna-dostava","28":"pa_grams-1-kg-1000-g","29":"pa_grams-10-g","30":"pa_grams-100-g","31":"pa_grams-20-g","32":"pa_grams-200-g","33":"pa_grams-35-g","34":"pa_grams-50-g","35":"pa_grams-500-g","37":"first","38":"instock","39":"featured","40":"shipping-taxable","41":"purchasable","42":"product-type-variable","43":"has-default-attributes"},"yoast_head":"<!-- This site is optimized with the Yoast SEO Premium plugin v20.6 (Yoast SEO v27.3) - https:\/\/yoast.com\/product\/yoast-seo-premium-wordpress\/ -->\n<title>Kupite fentanil v prahu na spletu | Good Dealers Meds<\/title>\n<meta name=\"description\" content=\"Fentanil v prahu se pogosto uporablja kot ekstremna droga. Kupite fentanil v prahu na spletu brez recepta po najbolj\u0161ih cenah pri Good Dealers Meds.\" \/>\n<meta name=\"robots\" content=\"index, follow, max-snippet:-1, max-image-preview:large, max-video-preview:-1\" \/>\n<link rel=\"canonical\" href=\"https:\/\/gooddealersmeds.com\/sl\/product\/buy-fentanyl-powder-online\/\" \/>\n<meta property=\"og:locale\" content=\"en_US\" \/>\n<meta property=\"og:type\" content=\"article\" \/>\n<meta property=\"og:title\" content=\"Kupite fentanil v prahu na spletu\" \/>\n<meta property=\"og:description\" content=\"Fentanil v prahu se pogosto uporablja kot ekstremna droga. Kupite fentanil v prahu na spletu brez recepta po najbolj\u0161ih cenah pri Good Dealers Meds.\" \/>\n<meta property=\"og:url\" content=\"https:\/\/gooddealersmeds.com\/sl\/product\/buy-fentanyl-powder-online\/\" \/>\n<meta property=\"og:site_name\" content=\"Good Dealers Meds\" \/>\n<meta property=\"article:modified_time\" content=\"2022-10-04T00:43:25+00:00\" \/>\n<meta property=\"og:image\" content=\"https:\/\/gooddealersmeds.com\/sl\/wp-content\/uploads\/sites\/10\/2022\/03\/buy-metizolam-powder-online.jpg\" \/>\n\t<meta property=\"og:image:width\" content=\"600\" \/>\n\t<meta property=\"og:image:height\" content=\"600\" \/>\n\t<meta property=\"og:image:type\" content=\"image\/jpeg\" \/>\n<meta name=\"twitter:card\" content=\"summary_large_image\" \/>\n<meta name=\"twitter:label1\" content=\"Est. reading time\" \/>\n\t<meta name=\"twitter:data1\" content=\"2 minutes\" \/>\n<script type=\"application\/ld+json\" class=\"yoast-schema-graph\">{\"@context\":\"https:\\\/\\\/schema.org\",\"@graph\":[{\"@type\":\"WebPage\",\"@id\":\"https:\\\/\\\/gooddealersmeds.com\\\/sl\\\/product\\\/buy-fentanyl-powder-online\\\/\",\"url\":\"https:\\\/\\\/gooddealersmeds.com\\\/sl\\\/product\\\/buy-fentanyl-powder-online\\\/\",\"name\":\"Kupite fentanil v prahu na spletu | Good Dealers Meds\",\"isPartOf\":{\"@id\":\"https:\\\/\\\/gooddealersmeds.com\\\/sl\\\/#website\"},\"primaryImageOfPage\":{\"@id\":\"https:\\\/\\\/gooddealersmeds.com\\\/sl\\\/product\\\/buy-fentanyl-powder-online\\\/#primaryimage\"},\"image\":{\"@id\":\"https:\\\/\\\/gooddealersmeds.com\\\/sl\\\/product\\\/buy-fentanyl-powder-online\\\/#primaryimage\"},\"thumbnailUrl\":\"https:\\\/\\\/gooddealersmeds.com\\\/sl\\\/wp-content\\\/uploads\\\/sites\\\/10\\\/2022\\\/03\\\/buy-metizolam-powder-online.jpg\",\"datePublished\":\"2022-03-19T00:39:57+00:00\",\"dateModified\":\"2022-10-04T00:43:25+00:00\",\"description\":\"Fentanil v prahu se pogosto uporablja kot ekstremna droga. Kupite fentanil v prahu na spletu brez recepta po najbolj\u0161ih cenah pri Good Dealers Meds.\",\"breadcrumb\":{\"@id\":\"https:\\\/\\\/gooddealersmeds.com\\\/sl\\\/product\\\/buy-fentanyl-powder-online\\\/#breadcrumb\"},\"inLanguage\":\"en-US\",\"potentialAction\":[{\"@type\":\"ReadAction\",\"target\":[\"https:\\\/\\\/gooddealersmeds.com\\\/sl\\\/product\\\/buy-fentanyl-powder-online\\\/\"]}]},{\"@type\":\"ImageObject\",\"inLanguage\":\"en-US\",\"@id\":\"https:\\\/\\\/gooddealersmeds.com\\\/sl\\\/product\\\/buy-fentanyl-powder-online\\\/#primaryimage\",\"url\":\"https:\\\/\\\/gooddealersmeds.com\\\/sl\\\/wp-content\\\/uploads\\\/sites\\\/10\\\/2022\\\/03\\\/buy-metizolam-powder-online.jpg\",\"contentUrl\":\"https:\\\/\\\/gooddealersmeds.com\\\/sl\\\/wp-content\\\/uploads\\\/sites\\\/10\\\/2022\\\/03\\\/buy-metizolam-powder-online.jpg\",\"width\":600,\"height\":600,\"caption\":\"Buy Fentanyl Powder Online\"},{\"@type\":\"BreadcrumbList\",\"@id\":\"https:\\\/\\\/gooddealersmeds.com\\\/sl\\\/product\\\/buy-fentanyl-powder-online\\\/#breadcrumb\",\"itemListElement\":[{\"@type\":\"ListItem\",\"position\":1,\"name\":\"Home\",\"item\":\"https:\\\/\\\/gooddealersmeds.com\\\/sl\\\/\"},{\"@type\":\"ListItem\",\"position\":2,\"name\":\"Izdelki\",\"item\":\"https:\\\/\\\/gooddealersmeds.com\\\/sl\\\/izdelki\\\/\"},{\"@type\":\"ListItem\",\"position\":3,\"name\":\"Kupite fentanil v prahu na spletu\"}]},{\"@type\":\"WebSite\",\"@id\":\"https:\\\/\\\/gooddealersmeds.com\\\/sl\\\/#website\",\"url\":\"https:\\\/\\\/gooddealersmeds.com\\\/sl\\\/\",\"name\":\"Good Dealers Meds\",\"description\":\"All our best\",\"publisher\":{\"@id\":\"https:\\\/\\\/gooddealersmeds.com\\\/sl\\\/#organization\"},\"potentialAction\":[{\"@type\":\"SearchAction\",\"target\":{\"@type\":\"EntryPoint\",\"urlTemplate\":\"https:\\\/\\\/gooddealersmeds.com\\\/sl\\\/?s={search_term_string}\"},\"query-input\":{\"@type\":\"PropertyValueSpecification\",\"valueRequired\":true,\"valueName\":\"search_term_string\"}}],\"inLanguage\":\"en-US\"},{\"@type\":\"Organization\",\"@id\":\"https:\\\/\\\/gooddealersmeds.com\\\/sl\\\/#organization\",\"name\":\"Good Dealers Meds\",\"url\":\"https:\\\/\\\/gooddealersmeds.com\\\/sl\\\/\",\"logo\":{\"@type\":\"ImageObject\",\"inLanguage\":\"en-US\",\"@id\":\"https:\\\/\\\/gooddealersmeds.com\\\/sl\\\/#\\\/schema\\\/logo\\\/image\\\/\",\"url\":\"https:\\\/\\\/gooddealersmeds.com\\\/sl\\\/wp-content\\\/uploads\\\/sites\\\/10\\\/2022\\\/03\\\/gooddealersmeds__logo__20220317T222800Z.00.png\",\"contentUrl\":\"https:\\\/\\\/gooddealersmeds.com\\\/sl\\\/wp-content\\\/uploads\\\/sites\\\/10\\\/2022\\\/03\\\/gooddealersmeds__logo__20220317T222800Z.00.png\",\"width\":500,\"height\":325,\"caption\":\"Good Dealers Meds\"},\"image\":{\"@id\":\"https:\\\/\\\/gooddealersmeds.com\\\/sl\\\/#\\\/schema\\\/logo\\\/image\\\/\"}}]}<\/script>\n<!-- \/ Yoast SEO Premium plugin. -->","yoast_head_json":{"title":"Kupite fentanil v prahu na spletu | Good Dealers Meds","description":"Fentanil v prahu se pogosto uporablja kot ekstremna droga. Kupite fentanil v prahu na spletu brez recepta po najbolj\u0161ih cenah pri Good Dealers Meds.","robots":{"index":"index","follow":"follow","max-snippet":"max-snippet:-1","max-image-preview":"max-image-preview:large","max-video-preview":"max-video-preview:-1"},"canonical":"https:\/\/gooddealersmeds.com\/sl\/product\/buy-fentanyl-powder-online\/","og_locale":"en_US","og_type":"article","og_title":"Kupite fentanil v prahu na spletu","og_description":"Fentanil v prahu se pogosto uporablja kot ekstremna droga. Kupite fentanil v prahu na spletu brez recepta po najbolj\u0161ih cenah pri Good Dealers Meds.","og_url":"https:\/\/gooddealersmeds.com\/sl\/product\/buy-fentanyl-powder-online\/","og_site_name":"Good Dealers Meds","article_modified_time":"2022-10-04T00:43:25+00:00","og_image":[{"width":600,"height":600,"url":"https:\/\/gooddealersmeds.com\/sl\/wp-content\/uploads\/sites\/10\/2022\/03\/buy-metizolam-powder-online.jpg","type":"image\/jpeg"}],"twitter_card":"summary_large_image","twitter_misc":{"Est. reading time":"2 minutes"},"schema":{"@context":"https:\/\/schema.org","@graph":[{"@type":"WebPage","@id":"https:\/\/gooddealersmeds.com\/sl\/product\/buy-fentanyl-powder-online\/","url":"https:\/\/gooddealersmeds.com\/sl\/product\/buy-fentanyl-powder-online\/","name":"Kupite fentanil v prahu na spletu | Good Dealers Meds","isPartOf":{"@id":"https:\/\/gooddealersmeds.com\/sl\/#website"},"primaryImageOfPage":{"@id":"https:\/\/gooddealersmeds.com\/sl\/product\/buy-fentanyl-powder-online\/#primaryimage"},"image":{"@id":"https:\/\/gooddealersmeds.com\/sl\/product\/buy-fentanyl-powder-online\/#primaryimage"},"thumbnailUrl":"https:\/\/gooddealersmeds.com\/sl\/wp-content\/uploads\/sites\/10\/2022\/03\/buy-metizolam-powder-online.jpg","datePublished":"2022-03-19T00:39:57+00:00","dateModified":"2022-10-04T00:43:25+00:00","description":"Fentanil v prahu se pogosto uporablja kot ekstremna droga. Kupite fentanil v prahu na spletu brez recepta po najbolj\u0161ih cenah pri Good Dealers Meds.","breadcrumb":{"@id":"https:\/\/gooddealersmeds.com\/sl\/product\/buy-fentanyl-powder-online\/#breadcrumb"},"inLanguage":"en-US","potentialAction":[{"@type":"ReadAction","target":["https:\/\/gooddealersmeds.com\/sl\/product\/buy-fentanyl-powder-online\/"]}]},{"@type":"ImageObject","inLanguage":"en-US","@id":"https:\/\/gooddealersmeds.com\/sl\/product\/buy-fentanyl-powder-online\/#primaryimage","url":"https:\/\/gooddealersmeds.com\/sl\/wp-content\/uploads\/sites\/10\/2022\/03\/buy-metizolam-powder-online.jpg","contentUrl":"https:\/\/gooddealersmeds.com\/sl\/wp-content\/uploads\/sites\/10\/2022\/03\/buy-metizolam-powder-online.jpg","width":600,"height":600,"caption":"Buy Fentanyl Powder Online"},{"@type":"BreadcrumbList","@id":"https:\/\/gooddealersmeds.com\/sl\/product\/buy-fentanyl-powder-online\/#breadcrumb","itemListElement":[{"@type":"ListItem","position":1,"name":"Home","item":"https:\/\/gooddealersmeds.com\/sl\/"},{"@type":"ListItem","position":2,"name":"Izdelki","item":"https:\/\/gooddealersmeds.com\/sl\/izdelki\/"},{"@type":"ListItem","position":3,"name":"Kupite fentanil v prahu na spletu"}]},{"@type":"WebSite","@id":"https:\/\/gooddealersmeds.com\/sl\/#website","url":"https:\/\/gooddealersmeds.com\/sl\/","name":"Good Dealers Meds","description":"All our best","publisher":{"@id":"https:\/\/gooddealersmeds.com\/sl\/#organization"},"potentialAction":[{"@type":"SearchAction","target":{"@type":"EntryPoint","urlTemplate":"https:\/\/gooddealersmeds.com\/sl\/?s={search_term_string}"},"query-input":{"@type":"PropertyValueSpecification","valueRequired":true,"valueName":"search_term_string"}}],"inLanguage":"en-US"},{"@type":"Organization","@id":"https:\/\/gooddealersmeds.com\/sl\/#organization","name":"Good Dealers Meds","url":"https:\/\/gooddealersmeds.com\/sl\/","logo":{"@type":"ImageObject","inLanguage":"en-US","@id":"https:\/\/gooddealersmeds.com\/sl\/#\/schema\/logo\/image\/","url":"https:\/\/gooddealersmeds.com\/sl\/wp-content\/uploads\/sites\/10\/2022\/03\/gooddealersmeds__logo__20220317T222800Z.00.png","contentUrl":"https:\/\/gooddealersmeds.com\/sl\/wp-content\/uploads\/sites\/10\/2022\/03\/gooddealersmeds__logo__20220317T222800Z.00.png","width":500,"height":325,"caption":"Good Dealers Meds"},"image":{"@id":"https:\/\/gooddealersmeds.com\/sl\/#\/schema\/logo\/image\/"}}]}},"_links":{"self":[{"href":"https:\/\/gooddealersmeds.com\/sl\/wp-json\/wp\/v2\/product\/1639","targetHints":{"allow":["GET"]}}],"collection":[{"href":"https:\/\/gooddealersmeds.com\/sl\/wp-json\/wp\/v2\/product"}],"about":[{"href":"https:\/\/gooddealersmeds.com\/sl\/wp-json\/wp\/v2\/types\/product"}],"replies":[{"embeddable":true,"href":"https:\/\/gooddealersmeds.com\/sl\/wp-json\/wp\/v2\/comments?post=1639"}],"wp:featuredmedia":[{"embeddable":true,"href":"https:\/\/gooddealersmeds.com\/sl\/wp-json\/wp\/v2\/media\/1648"}],"wp:attachment":[{"href":"https:\/\/gooddealersmeds.com\/sl\/wp-json\/wp\/v2\/media?parent=1639"}],"wp:term":[{"taxonomy":"product_brand","embeddable":true,"href":"https:\/\/gooddealersmeds.com\/sl\/wp-json\/wp\/v2\/product_brand?post=1639"},{"taxonomy":"product_cat","embeddable":true,"href":"https:\/\/gooddealersmeds.com\/sl\/wp-json\/wp\/v2\/product_cat?post=1639"},{"taxonomy":"product_tag","embeddable":true,"href":"https:\/\/gooddealersmeds.com\/sl\/wp-json\/wp\/v2\/product_tag?post=1639"}],"curies":[{"name":"wp","href":"https:\/\/api.w.org\/{rel}","templated":true}]}}